{"id":10080,"date":"2022-09-28T17:00:05","date_gmt":"2022-09-28T17:00:05","guid":{"rendered":"https:\/\/uttijuana.edu.mx\/?page_id=10080"},"modified":"2022-09-28T17:15:10","modified_gmt":"2022-09-28T17:15:10","slug":"comunicado-visita-fisher-2","status":"publish","type":"page","link":"https:\/\/uttijuana.edu.mx\/index.php\/comunicado-visita-fisher-2\/","title":{"rendered":"Comunicado Visita Fisher"},"content":{"rendered":"\t\t<div data-elementor-type=\"wp-page\" data-elementor-id=\"10080\" class=\"elementor elementor-10080\" data-elementor-post-type=\"page\">\n\t\t\t\t\t\t<section class=\"elementor-section elementor-top-section elementor-element elementor-element-db22404 elementor-section-boxed elementor-section-height-default elementor-section-height-default wpr-particle-no wpr-jarallax-no wpr-parallax-no wpr-sticky-section-no\" data-id=\"db22404\" data-element_type=\"section\">\n\t\t\t\t\t\t<div class=\"elementor-container elementor-column-gap-default\">\n\t\t\t\t\t<div class=\"elementor-column elementor-col-100 elementor-top-column elementor-element elementor-element-ea691fe\" data-id=\"ea691fe\" data-element_type=\"column\">\n\t\t\t<div class=\"elementor-widget-wrap elementor-element-populated\">\n\t\t\t\t\t\t<div class=\"elementor-element elementor-element-de1d722 elementor-widget elementor-widget-heading\" data-id=\"de1d722\" data-element_type=\"widget\" data-widget_type=\"heading.default\">\n\t\t\t\t<div class=\"elementor-widget-container\">\n\t\t\t\t\t<h2 class=\"elementor-heading-title elementor-size-default\">GESTIONA RECTOR DE LA UTT M\u00c1S ESPACIOS EN LAS\nEMPRESAS PARA ALUMNOS Y EGRESADOS<\/h2>\t\t\t\t<\/div>\n\t\t\t\t<\/div>\n\t\t\t\t<div class=\"elementor-element elementor-element-0511f86 elementor-widget elementor-widget-image\" data-id=\"0511f86\" data-element_type=\"widget\" data-widget_type=\"image.default\">\n\t\t\t\t<div class=\"elementor-widget-container\">\n\t\t\t\t\t\t\t\t\t\t\t\t\t\t\t<img decoding=\"async\" data-src=\"https:\/\/uttijuana.edu.mx\/wp-content\/uploads\/2022\/09\/Comunicado-Visita-Fisher.jpeg\" title=\"\" alt=\"\" src=\"data:image\/gif;base64,R0lGODlhAQABAAAAACH5BAEKAAEALAAAAAABAAEAAAICTAEAOw==\" class=\"lazyload\" \/>\t\t\t\t\t\t\t\t\t\t\t\t\t\t\t<\/div>\n\t\t\t\t<\/div>\n\t\t\t\t\t<\/div>\n\t\t<\/div>\n\t\t\t\t\t<\/div>\n\t\t<\/section>\n\t\t\t\t<section class=\"elementor-section elementor-top-section elementor-element elementor-element-a226591 elementor-section-boxed elementor-section-height-default elementor-section-height-default wpr-particle-no wpr-jarallax-no wpr-parallax-no wpr-sticky-section-no\" data-id=\"a226591\" data-element_type=\"section\">\n\t\t\t\t\t\t<div class=\"elementor-container elementor-column-gap-default\">\n\t\t\t\t\t<div class=\"elementor-column elementor-col-100 elementor-top-column elementor-element elementor-element-3964dee\" data-id=\"3964dee\" data-element_type=\"column\">\n\t\t\t<div class=\"elementor-widget-wrap elementor-element-populated\">\n\t\t\t\t\t\t<div class=\"elementor-element elementor-element-05956cb elementor-widget elementor-widget-heading\" data-id=\"05956cb\" data-element_type=\"widget\" data-widget_type=\"heading.default\">\n\t\t\t\t<div class=\"elementor-widget-container\">\n\t\t\t\t\t<h5 class=\"elementor-heading-title elementor-size-medium\"><blockquote>\nCon el crecimiento de la matr\u00edcula buscan nuevos convenios de\ncolaboraci\u00f3n para pr\u00e1cticas y estad\u00edas<p> <\/p>\nCon la visita a la empresa Fisher &amp; Paykel Healthcare, el\nrector de la Universidad Tecnol\u00f3gica de Tijuana (UTT), Mtro. Salvador\nMorales Riub\u00ed, destac\u00f3 que est\u00e1n creando nuevas alianzas con el\nsector productivo, para que m\u00e1s estudiantes y egresados de la\ninstituci\u00f3n tengan oportunidades de crecimiento profesional.<p> <\/p>\n\nA nombre de la empresa, que se dedica a la manufactura de productos\nm\u00e9dicos, la directora de Recursos Humanos, Obdulia Rodr\u00edguez, junto\ncon el gerente de Recursos Humanos de la Planta MX2, Pedro Uzeta,\ndieron la bienvenida al rector y a la comitiva que lo acompa\u00f1\u00f3.<p> <\/p>\n\nUzeta es egresado de la Universidad Tecnol\u00f3gica de Tijuana, de la\ncarrera de T\u00e9cnico Superior Universitario (TSU) en Comercializaci\u00f3n,\nquien concluy\u00f3 su formaci\u00f3n profesional en 2005 y es considerado un\ncaso de \u00e9xito.<p> <\/p>\n\nEl rector agradeci\u00f3 la cortes\u00eda y manifest\u00f3 que para la instituci\u00f3n es\nmotivo de orgullo encontrarse con egresados en puestos de decisi\u00f3n\nen las industrias, ya que son los mejores voceros y ejemplo de lo que\nse logra en las aulas y laboratorios.<p> <\/p>\n\nMorales Riub\u00ed tambi\u00e9n resalt\u00f3 que los mismos egresados son quienes\nbuscan a alumnos de su Alma Mater para realizar pr\u00e1cticas y estad\u00edas,\npues conocen bien los planes de estudios y la formaci\u00f3n que reciben,\n70 por ciento pr\u00e1ctica y 30 por ciento te\u00f3rica.<p> <\/p>\n\nLos representantes de Fisher &amp; Paykel, entre los que estuvieron la\ncoordinadora de Desarrollo Organizacional, Miriam Hern\u00e1ndez y la\ngerente de Recursos Humanos de la planta MX1, Gabriela Medina,\n\ncomentaron que actualmente cuentan con 17 egresados de la\nUniversidad Tecnol\u00f3gica de Tijuana (UTT) laborando de manera\nformal, de las carreras de Procesos Industriales, Mecatr\u00f3nica y\nElectromec\u00e1nica Industrial.<p> <\/p>\n\nComo resultado de esta visita, ambas partes acordaron delinear un\nconvenio de colaboraci\u00f3n que abrir\u00e1 las puertas a m\u00e1s alumnos para\nla realizaci\u00f3n de estad\u00edas durante todo un cuatrimestre, como lo marca\nel modelo educativo.<p> <\/p>\n\nTambi\u00e9n coincidieron en la importancia de que la empresa comparta\ncon la universidad tecnol\u00f3gica sus necesidades de reclutamiento de\ntalento, a fin de que capten a m\u00e1s egresados capacitados en las \u00e1reas\nde pl\u00e1sticos y procesos industriales.<p> <\/p>\n\nEl rector, Salvador Morales Riub\u00ed, realiz\u00f3 un recorrido para conocer la\nsegunda planta de Fisher &amp; Paykel, empresa de capital neozeland\u00e9s\nque se dedica al dise\u00f1o, fabricaci\u00f3n y comercializaci\u00f3n de productos\npara cuidados respiratorios, cuidados intensivos y tratamiento de la\napnea obstructiva del sue\u00f1o.\n\n<\/h5>\t\t\t\t<\/div>\n\t\t\t\t<\/div>\n\t\t\t\t<div class=\"elementor-element elementor-element-9c3a876 elementor-widget elementor-widget-gallery\" data-id=\"9c3a876\" data-element_type=\"widget\" data-settings=\"{&quot;columns&quot;:2,&quot;lazyload&quot;:&quot;yes&quot;,&quot;gallery_layout&quot;:&quot;grid&quot;,&quot;columns_tablet&quot;:2,&quot;columns_mobile&quot;:1,&quot;gap&quot;:{&quot;unit&quot;:&quot;px&quot;,&quot;size&quot;:10,&quot;sizes&quot;:[]},&quot;gap_tablet&quot;:{&quot;unit&quot;:&quot;px&quot;,&quot;size&quot;:10,&quot;sizes&quot;:[]},&quot;gap_mobile&quot;:{&quot;unit&quot;:&quot;px&quot;,&quot;size&quot;:10,&quot;sizes&quot;:[]},&quot;link_to&quot;:&quot;file&quot;,&quot;aspect_ratio&quot;:&quot;3:2&quot;,&quot;overlay_background&quot;:&quot;yes&quot;,&quot;content_hover_animation&quot;:&quot;fade-in&quot;}\" data-widget_type=\"gallery.default\">\n\t\t\t\t<div class=\"elementor-widget-container\">\n\t\t\t\t\t\t\t<div class=\"elementor-gallery__container\">\n\t\t\t\t\t<\/div>\n\t\t\t\t\t<\/div>\n\t\t\t\t<\/div>\n\t\t\t\t\t<\/div>\n\t\t<\/div>\n\t\t\t\t\t<\/div>\n\t\t<\/section>\n\t\t\t\t<section class=\"elementor-section elementor-top-section elementor-element elementor-element-d326052 elementor-section-boxed elementor-section-height-default elementor-section-height-default wpr-particle-no wpr-jarallax-no wpr-parallax-no wpr-sticky-section-no\" data-id=\"d326052\" data-element_type=\"section\">\n\t\t\t\t\t\t<div class=\"elementor-container elementor-column-gap-default\">\n\t\t\t\t\t<div class=\"elementor-column elementor-col-100 elementor-top-column elementor-element elementor-element-5aed76e\" data-id=\"5aed76e\" data-element_type=\"column\">\n\t\t\t<div class=\"elementor-widget-wrap elementor-element-populated\">\n\t\t\t\t\t\t<div class=\"elementor-element elementor-element-16f38bf elementor-widget elementor-widget-spacer\" data-id=\"16f38bf\" data-element_type=\"widget\" data-widget_type=\"spacer.default\">\n\t\t\t\t<div class=\"elementor-widget-container\">\n\t\t\t\t\t\t\t<div class=\"elementor-spacer\">\n\t\t\t<div class=\"elementor-spacer-inner\"><\/div>\n\t\t<\/div>\n\t\t\t\t\t\t<\/div>\n\t\t\t\t<\/div>\n\t\t\t\t\t<\/div>\n\t\t<\/div>\n\t\t\t\t\t<\/div>\n\t\t<\/section>\n\t\t\t\t<\/div>\n\t\t","protected":false},"excerpt":{"rendered":"<p>GESTIONA RECTOR DE LA UTT M\u00c1S ESPACIOS EN LAS EMPRESAS PARA ALUMNOS Y EGRESADOS Con el crecimiento de la matr\u00edcula buscan nuevos convenios de colaboraci\u00f3n para pr\u00e1cticas y estad\u00edas Con la visita a la empresa Fisher &amp; Paykel Healthcare, el rector de la Universidad Tecnol\u00f3gica de Tijuana (UTT), Mtro. Salvador Morales Riub\u00ed, destac\u00f3 que est\u00e1n creando nuevas alianzas con el sector productivo, para que m\u00e1s estudiantes y egresados de la instituci\u00f3n tengan oportunidades de crecimiento profesional. A nombre de la empresa, que se dedica a la manufactura de productos m\u00e9dicos, la directora de Recursos Humanos, Obdulia Rodr\u00edguez, junto con el gerente de Recursos Humanos de la Planta MX2, Pedro Uzeta, dieron la bienvenida al rector y a la comitiva que lo acompa\u00f1\u00f3. Uzeta es egresado de la Universidad Tecnol\u00f3gica de Tijuana, de la carrera de T\u00e9cnico Superior Universitario (TSU) en Comercializaci\u00f3n, quien concluy\u00f3 su formaci\u00f3n profesional en 2005 y es considerado un caso de \u00e9xito. El rector agradeci\u00f3 la cortes\u00eda y manifest\u00f3 que para la instituci\u00f3n es motivo de orgullo encontrarse con egresados en puestos de decisi\u00f3n en las industrias, ya que son los mejores voceros y ejemplo de lo que se logra en las aulas y laboratorios. Morales Riub\u00ed tambi\u00e9n resalt\u00f3 que los mismos egresados son quienes buscan a alumnos de su Alma Mater para realizar pr\u00e1cticas y estad\u00edas, pues conocen bien los planes de estudios y la formaci\u00f3n que reciben, 70 por ciento pr\u00e1ctica y 30 por ciento te\u00f3rica. Los representantes de Fisher &amp; Paykel, entre los que estuvieron la coordinadora de Desarrollo Organizacional, Miriam Hern\u00e1ndez y la gerente de Recursos Humanos de la planta MX1, Gabriela Medina, comentaron que actualmente cuentan con 17 egresados de la Universidad Tecnol\u00f3gica de Tijuana (UTT) laborando de manera formal, de las carreras de Procesos Industriales, Mecatr\u00f3nica y Electromec\u00e1nica Industrial. Como resultado de esta visita, ambas partes acordaron delinear un convenio de colaboraci\u00f3n que abrir\u00e1 las puertas a m\u00e1s alumnos para la realizaci\u00f3n de estad\u00edas durante todo un cuatrimestre, como lo marca el modelo educativo. Tambi\u00e9n coincidieron en la importancia de que la empresa comparta con la universidad tecnol\u00f3gica sus necesidades de reclutamiento de talento, a fin de que capten a m\u00e1s egresados capacitados en las \u00e1reas de pl\u00e1sticos y procesos industriales. El rector, Salvador Morales Riub\u00ed, realiz\u00f3 un recorrido para conocer la segunda planta de Fisher &amp; Paykel, empresa de capital neozeland\u00e9s que se dedica al dise\u00f1o, fabricaci\u00f3n y comercializaci\u00f3n de productos para cuidados respiratorios, cuidados intensivos y tratamiento de la apnea obstructiva del sue\u00f1o.<\/p>\n","protected":false},"author":2,"featured_media":0,"parent":0,"menu_order":0,"comment_status":"closed","ping_status":"closed","template":"","meta":{"_monsterinsights_skip_tracking":false,"_monsterinsights_sitenote_active":false,"_monsterinsights_sitenote_note":"","_monsterinsights_sitenote_category":0,"_uf_show_specific_survey":0,"_uf_disable_surveys":false,"site-sidebar-layout":"no-sidebar","site-content-layout":"page-builder","ast-site-content-layout":"default","site-content-style":"default","site-sidebar-style":"default","ast-global-header-display":"","ast-banner-title-visibility":"","ast-main-header-display":"","ast-hfb-above-header-display":"","ast-hfb-below-header-display":"","ast-hfb-mobile-header-display":"","site-post-title":"disabled","ast-breadcrumbs-content":"","ast-featured-img":"disabled","footer-sml-layout":"","ast-disable-related-posts":"","theme-transparent-header-meta":"","adv-header-id-meta":"","stick-header-meta":"","header-above-stick-meta":"","header-main-stick-meta":"","header-below-stick-meta":"","astra-migrate-meta-layouts":"default","ast-page-background-enabled":"default","ast-page-background-meta":{"desktop":{"background-color":"","background-image":"","background-repeat":"repeat","background-position":"center center","background-size":"auto","background-attachment":"scroll","background-type":"","background-media":"","overlay-type":"","overlay-color":"","overlay-opacity":"","overlay-gradient":""},"tablet":{"background-color":"","background-image":"","background-repeat":"repeat","background-position":"center center","background-size":"auto","background-attachment":"scroll","background-type":"","background-media":"","overlay-type":"","overlay-color":"","overlay-opacity":"","overlay-gradient":""},"mobile":{"background-color":"","background-image":"","background-repeat":"repeat","background-position":"center center","background-size":"auto","background-attachment":"scroll","background-type":"","background-media":"","overlay-type":"","overlay-color":"","overlay-opacity":"","overlay-gradient":""}},"ast-content-background-meta":{"desktop":{"background-color":"var(--ast-global-color-5)","background-image":"","background-repeat":"repeat","background-position":"center center","background-size":"auto","background-attachment":"scroll","background-type":"","background-media":"","overlay-type":"","overlay-color":"","overlay-opacity":"","overlay-gradient":""},"tablet":{"background-color":"var(--ast-global-color-5)","background-image":"","background-repeat":"repeat","background-position":"center center","background-size":"auto","background-attachment":"scroll","background-type":"","background-media":"","overlay-type":"","overlay-color":"","overlay-opacity":"","overlay-gradient":""},"mobile":{"background-color":"var(--ast-global-color-5)","background-image":"","background-repeat":"repeat","background-position":"center center","background-size":"auto","background-attachment":"scroll","background-type":"","background-media":"","overlay-type":"","overlay-color":"","overlay-opacity":"","overlay-gradient":""}},"footnotes":""},"class_list":["post-10080","page","type-page","status-publish","hentry"],"_links":{"self":[{"href":"https:\/\/uttijuana.edu.mx\/index.php\/wp-json\/wp\/v2\/pages\/10080","targetHints":{"allow":["GET"]}}],"collection":[{"href":"https:\/\/uttijuana.edu.mx\/index.php\/wp-json\/wp\/v2\/pages"}],"about":[{"href":"https:\/\/uttijuana.edu.mx\/index.php\/wp-json\/wp\/v2\/types\/page"}],"author":[{"embeddable":true,"href":"https:\/\/uttijuana.edu.mx\/index.php\/wp-json\/wp\/v2\/users\/2"}],"replies":[{"embeddable":true,"href":"https:\/\/uttijuana.edu.mx\/index.php\/wp-json\/wp\/v2\/comments?post=10080"}],"version-history":[{"count":7,"href":"https:\/\/uttijuana.edu.mx\/index.php\/wp-json\/wp\/v2\/pages\/10080\/revisions"}],"predecessor-version":[{"id":10106,"href":"https:\/\/uttijuana.edu.mx\/index.php\/wp-json\/wp\/v2\/pages\/10080\/revisions\/10106"}],"wp:attachment":[{"href":"https:\/\/uttijuana.edu.mx\/index.php\/wp-json\/wp\/v2\/media?parent=10080"}],"curies":[{"name":"wp","href":"https:\/\/api.w.org\/{rel}","templated":true}]}}