{"id":10132,"date":"2022-10-03T18:00:50","date_gmt":"2022-10-03T18:00:50","guid":{"rendered":"https:\/\/uttijuana.edu.mx\/?page_id=10132"},"modified":"2022-10-03T18:10:08","modified_gmt":"2022-10-03T18:10:08","slug":"gana-alumna-de-la-utt","status":"publish","type":"page","link":"https:\/\/uttijuana.edu.mx\/index.php\/gana-alumna-de-la-utt\/","title":{"rendered":"GANA ALUMNA DE LA UTT"},"content":{"rendered":"\t\t<div data-elementor-type=\"wp-page\" data-elementor-id=\"10132\" class=\"elementor elementor-10132\" data-elementor-post-type=\"page\">\n\t\t\t\t\t\t<section class=\"elementor-section elementor-top-section elementor-element elementor-element-684306f elementor-section-boxed elementor-section-height-default elementor-section-height-default wpr-particle-no wpr-jarallax-no wpr-parallax-no wpr-sticky-section-no\" data-id=\"684306f\" data-element_type=\"section\">\n\t\t\t\t\t\t<div class=\"elementor-container elementor-column-gap-default\">\n\t\t\t\t\t<div class=\"elementor-column elementor-col-100 elementor-top-column elementor-element elementor-element-a37d095\" data-id=\"a37d095\" data-element_type=\"column\">\n\t\t\t<div class=\"elementor-widget-wrap elementor-element-populated\">\n\t\t\t\t\t\t<div class=\"elementor-element elementor-element-f9acfb6 elementor-widget elementor-widget-heading\" data-id=\"f9acfb6\" data-element_type=\"widget\" data-widget_type=\"heading.default\">\n\t\t\t\t<div class=\"elementor-widget-container\">\n\t\t\t\t\t<h2 class=\"elementor-heading-title elementor-size-default\">GANA ALUMNA DE LA UTT PREMIO MUNICIPAL DE LA JUVENTUD EN LOGRO ACAD\u00c9MICO<\/h2>\t\t\t\t<\/div>\n\t\t\t\t<\/div>\n\t\t\t\t<div class=\"elementor-element elementor-element-c6639c8 elementor-widget elementor-widget-image\" data-id=\"c6639c8\" data-element_type=\"widget\" data-widget_type=\"image.default\">\n\t\t\t\t<div class=\"elementor-widget-container\">\n\t\t\t\t\t\t\t\t\t\t\t\t\t\t\t<img decoding=\"async\" data-src=\"https:\/\/uttijuana.edu.mx\/wp-content\/uploads\/2022\/10\/1-scaled.jpg\" title=\"\" alt=\"\" src=\"data:image\/gif;base64,R0lGODlhAQABAAAAACH5BAEKAAEALAAAAAABAAEAAAICTAEAOw==\" class=\"lazyload\" \/>\t\t\t\t\t\t\t\t\t\t\t\t\t\t\t<\/div>\n\t\t\t\t<\/div>\n\t\t\t\t<div class=\"elementor-element elementor-element-398abde elementor-widget elementor-widget-heading\" data-id=\"398abde\" data-element_type=\"widget\" data-widget_type=\"heading.default\">\n\t\t\t\t<div class=\"elementor-widget-container\">\n\t\t\t\t\t<h5 class=\"elementor-heading-title elementor-size-medium\"> <BLOCKQUOTE>La joven investigadora es alumna de d\u00e9cimo cuatrimestre;\nmantiene un promedio de 10 de calificaci\u00f3n <p> <\/p>\n\nENSENADA.- Mariana L\u00f3pez Beyliss, alumna de la Universidad\nTecnol\u00f3gica de Tijuana (UTT), quien cursa la Ingenier\u00eda en Procesos\nBioalimentarios en la Unidad Acad\u00e9mica Ensenada, obtuvo el Premio\nMunicipal a la Juventud 2022 en la categor\u00eda de logro acad\u00e9mico, que\notorga el Ayuntamiento de Ensenada.<p> <\/p>\n\nLa alumna, quien cuenta ya con un t\u00edtulo de T\u00e9cnico Superior\nUniversitario de Qu\u00edmica \u00e1rea Biotecnolog\u00eda tambi\u00e9n por la UTT, ha\nincursionado como investigadora y tiene un amplio futuro en el \u00e1mbito\nde la ciencia.<p> <\/p>\n\nMariana coment\u00f3 que se enter\u00f3 de la convocatoria del Premio\nMunicipal de la Juventud y decidi\u00f3 enviar sus documentos en la categor\u00eda de logro acad\u00e9mico, tan solo por el hecho de participar y de vivir la experiencia.<p> <\/p>\n\nCuando recibi\u00f3 la llamada para notificarle que hab\u00eda resultado\nganadora, tras valorar su destacada trayectoria acad\u00e9mica y los pasos\nque ha dado en el \u00e1mbito cient\u00edfico y laboral, sinti\u00f3 mucha emoci\u00f3n y\ndeseos de compartirlo con su familia y con sus docentes.<p> <\/p>\n\n\u201cEste gran logro es el resultado de la suma de grandes esfuerzos, de\nla perseverancia y de la pasi\u00f3n puesta en mi formaci\u00f3n profesional y\nacad\u00e9mica, como joven investigadora y futura Ingeniera en el \u00e1rea de\nalimentos\u201d, expres\u00f3.<p> <\/p>\n\nAdem\u00e1s de representar un orgullo para la instituci\u00f3n por los resultados\nobtenidos fuera de las aulas, la alumna se ha destacado durante su\nformaci\u00f3n profesional, pues registra un promedio de 10 de calificaci\u00f3n\nhasta el d\u00e9cimo cuatrimestre.<p> <\/p> \n\nEl rector, Mtro. Salvador Morales Riub\u00ed, felicit\u00f3 a la alumna de la\nUnidad Acad\u00e9mica Ensenada por este gran y significativo logro, reflejo\nde su esfuerzo y dedicaci\u00f3n, lo que sin duda representa una\nmotivaci\u00f3n para el resto de sus compa\u00f1eros.<p> <\/p>\n\nDestac\u00f3 que para la Universidad Tecnol\u00f3gica de Tijuana (UTT) es de\nsuma importancia entregar a la sociedad profesionistas sumamente\npreparados, pero tambi\u00e9n con un alto sentido social y humano,\nocupados en resolver distintas problem\u00e1ticas de su comunidad, como\nes el caso de Mariana, quien desea ejercer su carrera en el rubro de\ndesarrollo de nuevos productos alimentarios.<p> <\/p>\n\nL\u00f3pez Beyliss ha sido ganadora del\u00a0primer lugar en el octavo\nEncuentro Estatal de J\u00f3venes Investigadores en BC 2021, en la\ncategor\u00eda \u201cBiotecnolog\u00eda y Agropecuarias\u201d, as\u00ed como del Concurso de\nCreatividad en la categor\u00eda emprendedor abierto, en su edici\u00f3n\nn\u00famero 11. Cuenta con diversas certificaciones y ha participado como\nponente en congresos.<p> <\/p>\n\nSus art\u00edculos cient\u00edficos ya han ocupado p\u00e1ginas en diversas\npublicaciones, como Nacameh, la revista arbitrada de Ciencia y\nTecnolog\u00eda de la Carne, que edita la Universidad Metropolitana de\nM\u00e9xico. El art\u00edculo vers\u00f3 sobre el desarrollo de un producto c\u00e1rnico\nhorneado tipo galleta, hecho con el subproducto h\u00edgado de pollo, que\naporta prote\u00edna y hierro.<p> <\/p>\n\nAdem\u00e1s de cursar sus estudios, L\u00f3pez Beyliss se desempe\u00f1a como\nsupervisora de inocuidad, auxiliar de gentrificaci\u00f3n y coordinadora\nsuplente de responsabilidad social en una empresa de alimentos.\nRecientemente fue admitida en el Centro de Investigaci\u00f3n de\nAlimentaci\u00f3n y Desarrollo.<\/h5>\t\t\t\t<\/div>\n\t\t\t\t<\/div>\n\t\t\t\t<div class=\"elementor-element elementor-element-45b15bb elementor-widget elementor-widget-gallery\" data-id=\"45b15bb\" data-element_type=\"widget\" data-settings=\"{&quot;columns&quot;:2,&quot;lazyload&quot;:&quot;yes&quot;,&quot;gallery_layout&quot;:&quot;grid&quot;,&quot;columns_tablet&quot;:2,&quot;columns_mobile&quot;:1,&quot;gap&quot;:{&quot;unit&quot;:&quot;px&quot;,&quot;size&quot;:10,&quot;sizes&quot;:[]},&quot;gap_tablet&quot;:{&quot;unit&quot;:&quot;px&quot;,&quot;size&quot;:10,&quot;sizes&quot;:[]},&quot;gap_mobile&quot;:{&quot;unit&quot;:&quot;px&quot;,&quot;size&quot;:10,&quot;sizes&quot;:[]},&quot;link_to&quot;:&quot;file&quot;,&quot;aspect_ratio&quot;:&quot;3:2&quot;,&quot;overlay_background&quot;:&quot;yes&quot;,&quot;content_hover_animation&quot;:&quot;fade-in&quot;}\" data-widget_type=\"gallery.default\">\n\t\t\t\t<div class=\"elementor-widget-container\">\n\t\t\t\t\t\t\t<div class=\"elementor-gallery__container\">\n\t\t\t\t\t<\/div>\n\t\t\t\t\t<\/div>\n\t\t\t\t<\/div>\n\t\t\t\t<div class=\"elementor-element elementor-element-fb15553 elementor-widget elementor-widget-spacer\" data-id=\"fb15553\" data-element_type=\"widget\" data-widget_type=\"spacer.default\">\n\t\t\t\t<div class=\"elementor-widget-container\">\n\t\t\t\t\t\t\t<div class=\"elementor-spacer\">\n\t\t\t<div class=\"elementor-spacer-inner\"><\/div>\n\t\t<\/div>\n\t\t\t\t\t\t<\/div>\n\t\t\t\t<\/div>\n\t\t\t\t\t<\/div>\n\t\t<\/div>\n\t\t\t\t\t<\/div>\n\t\t<\/section>\n\t\t\t\t<\/div>\n\t\t","protected":false},"excerpt":{"rendered":"<p>GANA ALUMNA DE LA UTT PREMIO MUNICIPAL DE LA JUVENTUD EN LOGRO ACAD\u00c9MICO La joven investigadora es alumna de d\u00e9cimo cuatrimestre; mantiene un promedio de 10 de calificaci\u00f3n ENSENADA.- Mariana L\u00f3pez Beyliss, alumna de la Universidad Tecnol\u00f3gica de Tijuana (UTT), quien cursa la Ingenier\u00eda en Procesos Bioalimentarios en la Unidad Acad\u00e9mica Ensenada, obtuvo el Premio Municipal a la Juventud 2022 en la categor\u00eda de logro acad\u00e9mico, que otorga el Ayuntamiento de Ensenada. La alumna, quien cuenta ya con un t\u00edtulo de T\u00e9cnico Superior Universitario de Qu\u00edmica \u00e1rea Biotecnolog\u00eda tambi\u00e9n por la UTT, ha incursionado como investigadora y tiene un amplio futuro en el \u00e1mbito de la ciencia. Mariana coment\u00f3 que se enter\u00f3 de la convocatoria del Premio Municipal de la Juventud y decidi\u00f3 enviar sus documentos en la categor\u00eda de logro acad\u00e9mico, tan solo por el hecho de participar y de vivir la experiencia. Cuando recibi\u00f3 la llamada para notificarle que hab\u00eda resultado ganadora, tras valorar su destacada trayectoria acad\u00e9mica y los pasos que ha dado en el \u00e1mbito cient\u00edfico y laboral, sinti\u00f3 mucha emoci\u00f3n y deseos de compartirlo con su familia y con sus docentes. \u201cEste gran logro es el resultado de la suma de grandes esfuerzos, de la perseverancia y de la pasi\u00f3n puesta en mi formaci\u00f3n profesional y acad\u00e9mica, como joven investigadora y futura Ingeniera en el \u00e1rea de alimentos\u201d, expres\u00f3. Adem\u00e1s de representar un orgullo para la instituci\u00f3n por los resultados obtenidos fuera de las aulas, la alumna se ha destacado durante su formaci\u00f3n profesional, pues registra un promedio de 10 de calificaci\u00f3n hasta el d\u00e9cimo cuatrimestre. El rector, Mtro. Salvador Morales Riub\u00ed, felicit\u00f3 a la alumna de la Unidad Acad\u00e9mica Ensenada por este gran y significativo logro, reflejo de su esfuerzo y dedicaci\u00f3n, lo que sin duda representa una motivaci\u00f3n para el resto de sus compa\u00f1eros. Destac\u00f3 que para la Universidad Tecnol\u00f3gica de Tijuana (UTT) es de suma importancia entregar a la sociedad profesionistas sumamente preparados, pero tambi\u00e9n con un alto sentido social y humano, ocupados en resolver distintas problem\u00e1ticas de su comunidad, como es el caso de Mariana, quien desea ejercer su carrera en el rubro de desarrollo de nuevos productos alimentarios. L\u00f3pez Beyliss ha sido ganadora del\u00a0primer lugar en el octavo Encuentro Estatal de J\u00f3venes Investigadores en BC 2021, en la categor\u00eda \u201cBiotecnolog\u00eda y Agropecuarias\u201d, as\u00ed como del Concurso de Creatividad en la categor\u00eda emprendedor abierto, en su edici\u00f3n n\u00famero 11. Cuenta con diversas certificaciones y ha participado como ponente en congresos. Sus art\u00edculos cient\u00edficos ya han ocupado p\u00e1ginas en diversas publicaciones, como Nacameh, la revista arbitrada de Ciencia y Tecnolog\u00eda de la Carne, que edita la Universidad Metropolitana de M\u00e9xico. El art\u00edculo vers\u00f3 sobre el desarrollo de un producto c\u00e1rnico horneado tipo galleta, hecho con el subproducto h\u00edgado de pollo, que aporta prote\u00edna y hierro. Adem\u00e1s de cursar sus estudios, L\u00f3pez Beyliss se desempe\u00f1a como supervisora de inocuidad, auxiliar de gentrificaci\u00f3n y coordinadora suplente de responsabilidad social en una empresa de alimentos. Recientemente fue admitida en el Centro de Investigaci\u00f3n de Alimentaci\u00f3n y Desarrollo.<\/p>\n","protected":false},"author":2,"featured_media":0,"parent":0,"menu_order":0,"comment_status":"closed","ping_status":"closed","template":"","meta":{"_monsterinsights_skip_tracking":false,"_monsterinsights_sitenote_active":false,"_monsterinsights_sitenote_note":"","_monsterinsights_sitenote_category":0,"_uf_show_specific_survey":0,"_uf_disable_surveys":false,"site-sidebar-layout":"no-sidebar","site-content-layout":"page-builder","ast-site-content-layout":"default","site-content-style":"default","site-sidebar-style":"default","ast-global-header-display":"","ast-banner-title-visibility":"","ast-main-header-display":"","ast-hfb-above-header-display":"","ast-hfb-below-header-display":"","ast-hfb-mobile-header-display":"","site-post-title":"disabled","ast-breadcrumbs-content":"","ast-featured-img":"disabled","footer-sml-layout":"","ast-disable-related-posts":"","theme-transparent-header-meta":"","adv-header-id-meta":"","stick-header-meta":"","header-above-stick-meta":"","header-main-stick-meta":"","header-below-stick-meta":"","astra-migrate-meta-layouts":"default","ast-page-background-enabled":"default","ast-page-background-meta":{"desktop":{"background-color":"","background-image":"","background-repeat":"repeat","background-position":"center center","background-size":"auto","background-attachment":"scroll","background-type":"","background-media":"","overlay-type":"","overlay-color":"","overlay-opacity":"","overlay-gradient":""},"tablet":{"background-color":"","background-image":"","background-repeat":"repeat","background-position":"center center","background-size":"auto","background-attachment":"scroll","background-type":"","background-media":"","overlay-type":"","overlay-color":"","overlay-opacity":"","overlay-gradient":""},"mobile":{"background-color":"","background-image":"","background-repeat":"repeat","background-position":"center center","background-size":"auto","background-attachment":"scroll","background-type":"","background-media":"","overlay-type":"","overlay-color":"","overlay-opacity":"","overlay-gradient":""}},"ast-content-background-meta":{"desktop":{"background-color":"var(--ast-global-color-5)","background-image":"","background-repeat":"repeat","background-position":"center center","background-size":"auto","background-attachment":"scroll","background-type":"","background-media":"","overlay-type":"","overlay-color":"","overlay-opacity":"","overlay-gradient":""},"tablet":{"background-color":"var(--ast-global-color-5)","background-image":"","background-repeat":"repeat","background-position":"center center","background-size":"auto","background-attachment":"scroll","background-type":"","background-media":"","overlay-type":"","overlay-color":"","overlay-opacity":"","overlay-gradient":""},"mobile":{"background-color":"var(--ast-global-color-5)","background-image":"","background-repeat":"repeat","background-position":"center center","background-size":"auto","background-attachment":"scroll","background-type":"","background-media":"","overlay-type":"","overlay-color":"","overlay-opacity":"","overlay-gradient":""}},"footnotes":""},"class_list":["post-10132","page","type-page","status-publish","hentry"],"_links":{"self":[{"href":"https:\/\/uttijuana.edu.mx\/index.php\/wp-json\/wp\/v2\/pages\/10132","targetHints":{"allow":["GET"]}}],"collection":[{"href":"https:\/\/uttijuana.edu.mx\/index.php\/wp-json\/wp\/v2\/pages"}],"about":[{"href":"https:\/\/uttijuana.edu.mx\/index.php\/wp-json\/wp\/v2\/types\/page"}],"author":[{"embeddable":true,"href":"https:\/\/uttijuana.edu.mx\/index.php\/wp-json\/wp\/v2\/users\/2"}],"replies":[{"embeddable":true,"href":"https:\/\/uttijuana.edu.mx\/index.php\/wp-json\/wp\/v2\/comments?post=10132"}],"version-history":[{"count":7,"href":"https:\/\/uttijuana.edu.mx\/index.php\/wp-json\/wp\/v2\/pages\/10132\/revisions"}],"predecessor-version":[{"id":10140,"href":"https:\/\/uttijuana.edu.mx\/index.php\/wp-json\/wp\/v2\/pages\/10132\/revisions\/10140"}],"wp:attachment":[{"href":"https:\/\/uttijuana.edu.mx\/index.php\/wp-json\/wp\/v2\/media?parent=10132"}],"curies":[{"name":"wp","href":"https:\/\/api.w.org\/{rel}","templated":true}]}}