{"id":10175,"date":"2022-10-18T22:10:31","date_gmt":"2022-10-18T22:10:31","guid":{"rendered":"https:\/\/uttijuana.edu.mx\/?page_id=10175"},"modified":"2022-10-18T22:32:10","modified_gmt":"2022-10-18T22:32:10","slug":"invita-utt-a-la-feria-del-empleo-virtual-2022","status":"publish","type":"page","link":"https:\/\/uttijuana.edu.mx\/index.php\/invita-utt-a-la-feria-del-empleo-virtual-2022\/","title":{"rendered":"Invita UTT a la Feria del Empleo Virtual 2022"},"content":{"rendered":"\t\t<div data-elementor-type=\"wp-page\" data-elementor-id=\"10175\" class=\"elementor elementor-10175\" data-elementor-post-type=\"page\">\n\t\t\t\t\t\t<section class=\"elementor-section elementor-top-section elementor-element elementor-element-1007787 elementor-section-boxed elementor-section-height-default elementor-section-height-default wpr-particle-no wpr-jarallax-no wpr-parallax-no wpr-sticky-section-no\" data-id=\"1007787\" data-element_type=\"section\">\n\t\t\t\t\t\t<div class=\"elementor-container elementor-column-gap-default\">\n\t\t\t\t\t<div class=\"elementor-column elementor-col-100 elementor-top-column elementor-element elementor-element-238af34\" data-id=\"238af34\" data-element_type=\"column\">\n\t\t\t<div class=\"elementor-widget-wrap elementor-element-populated\">\n\t\t\t\t\t\t<div class=\"elementor-element elementor-element-f2a95b8 elementor-widget elementor-widget-heading\" data-id=\"f2a95b8\" data-element_type=\"widget\" data-widget_type=\"heading.default\">\n\t\t\t\t<div class=\"elementor-widget-container\">\n\t\t\t\t\t<h2 class=\"elementor-heading-title elementor-size-default\"><p>INVITA UTT A LA FERIA\nDEL EMPLEO VIRTUAL 2022<span style=\"color: var(--ast-global-color-2);font-family: var( --e-global-typography-primary-font-family ), Sans-serif;font-size: 2rem;font-style: inherit;font-weight: var( --e-global-typography-primary-font-weight );background-color: var(--ast-global-color-4)\"><\/span><\/p><\/h2>\t\t\t\t<\/div>\n\t\t\t\t<\/div>\n\t\t\t\t<div class=\"elementor-element elementor-element-13abd58 elementor-widget elementor-widget-image\" data-id=\"13abd58\" data-element_type=\"widget\" data-widget_type=\"image.default\">\n\t\t\t\t<div class=\"elementor-widget-container\">\n\t\t\t\t\t\t\t\t\t\t\t\t\t\t\t<img decoding=\"async\" data-src=\"https:\/\/uttijuana.edu.mx\/wp-content\/uploads\/2022\/10\/utt.jpeg\" title=\"\" alt=\"\" src=\"data:image\/gif;base64,R0lGODlhAQABAAAAACH5BAEKAAEALAAAAAABAAEAAAICTAEAOw==\" class=\"lazyload\" \/>\t\t\t\t\t\t\t\t\t\t\t\t\t\t\t<\/div>\n\t\t\t\t<\/div>\n\t\t\t\t<div class=\"elementor-element elementor-element-e93bf81 elementor-widget elementor-widget-heading\" data-id=\"e93bf81\" data-element_type=\"widget\" data-widget_type=\"heading.default\">\n\t\t\t\t<div class=\"elementor-widget-container\">\n\t\t\t\t\t<h5 class=\"elementor-heading-title elementor-size-medium\"> <BLOCKQUOTE>Se ofertar\u00e1n m\u00e1s de 500 vacantes en el sector industrial y de servicios <p> <\/p>\n\nLos d\u00edas 25, 26 y 27 de octubre, la Universidad Tecnol\u00f3gica de Tijuana (UTT) llevar\u00e1 a cabo la vig\u00e9sima edici\u00f3n de la Feria del Empleo, que en esta ocasi\u00f3n ser\u00e1 de manera virtual, en donde se ofertar\u00e1n m\u00e1s de 500 vacantes.<p> <\/p>\n\n \nEl objetivo es facilitar los mecanismos de inserci\u00f3n laboral para estudiantes, egresados y comunidad en general, as\u00ed como apoyar a las empresas e industrias en sus requerimientos de talento calificado y especializado.<p> <\/p>\n\n \nEl rector, Salvador Morales Riub\u00ed, inform\u00f3 que la meta es alcanzar la participaci\u00f3n de alrededor de mil 200 personas, que podr\u00e1n interactuar y postularse para las vacantes que sean de su inter\u00e9s, de acuerdo a su \u00e1rea de formaci\u00f3n t\u00e9cnica o profesional.<p> <\/p>\n\n \n\u201cEn la Feria del Empleo Virtual 2022 reuniremos a m\u00e1s de 50 empresas u organizaciones, que van a ofrecer vacantes para nuestros estudiantes y egresados de las carreras de T\u00e9cnico Superior Universitario (TSU), Ingenier\u00eda y Licenciatura, pero tambi\u00e9n estamos convocando a la comunidad en general\u201d, explic\u00f3.<p> <\/p>\n\n \nDestac\u00f3 que gran parte de las empresas participantes, que pertenecen a los sectores de la transformaci\u00f3n y de servicios, mantienen convenios de colaboraci\u00f3n con la Universidad Tecnol\u00f3gica de Tijuana (UTT) para recibir a las y los estudiantes en la fase de estad\u00edas, por lo que conocen la calidad y el perfil con el que egresan.<p> <\/p>\n\n \nLa secretaria de Vinculaci\u00f3n, Leticia Salcedo Quiroz, coment\u00f3 que este esfuerzo se realiza desde 2010, por lo que en sus 19 ediciones la Feria del Empleo de la UTT ha logrado convocar a m\u00e1s de tres mil personas y ha reunido a cerca de 500 empresas.<p> <\/p>\n\n \nEn la pr\u00f3xima Feria del Empleo Virtual se ofertar\u00e1n vacantes para quienes cuenten con grado de ingenier\u00eda o licenciatura, al igual que para auxiliares en las \u00e1reas administrativas, t\u00e9cnicos en el sector industrial y practicantes.<p> <\/p>\n\n \nSalcedo Quiroz explic\u00f3 que para participar en la feria se debe ingresar al portal www.feriasdeempleo.com\/utt2022 y registrarse, a fin de que los buscadores de talento puedan conocer su perfil profesional y ofrecerles una entrevista.<p> <\/p>\n\n \nDel 25 al 27 de octubre las y los interesados podr\u00e1n interactuar con las empresas y conocer las vacantes disponibles, mientras que las \u00e1reas de recursos humanos tendr\u00e1n acceso a los perfiles de los usuarios para identificar a los m\u00e1s aptos para el puesto que buscan ocupar.<p> <\/p>\n\n \nEl rector, Salvador Morales Riub\u00ed, resalt\u00f3 que la Feria del Empleo Virtual 2022 es un evento gratuito, que forma parte del programa de inserci\u00f3n laboral de la universidad y que refrenda el compromiso social de la instituci\u00f3n, por lo que pondr\u00e1n a disposici\u00f3n equipos de c\u00f3mputo en el \u00e1rea de biblioteca para quienes lo requieran.<p> <\/p>\n\n<\/h5>\t\t\t\t<\/div>\n\t\t\t\t<\/div>\n\t\t\t\t<div class=\"elementor-element elementor-element-e8c4e6a elementor-widget elementor-widget-image\" data-id=\"e8c4e6a\" data-element_type=\"widget\" data-widget_type=\"image.default\">\n\t\t\t\t<div class=\"elementor-widget-container\">\n\t\t\t\t\t\t\t\t\t\t\t\t\t\t\t<img fetchpriority=\"high\" decoding=\"async\" width=\"768\" height=\"512\" src=\"https:\/\/uttijuana.edu.mx\/wp-content\/uploads\/2022\/10\/Paneles-768x512.jpeg\" class=\"attachment-medium_large size-medium_large wp-image-10183\" alt=\"\" srcset=\"https:\/\/uttijuana.edu.mx\/wp-content\/uploads\/2022\/10\/Paneles-768x512.jpeg 768w, https:\/\/uttijuana.edu.mx\/wp-content\/uploads\/2022\/10\/Paneles-300x200.jpeg 300w, https:\/\/uttijuana.edu.mx\/wp-content\/uploads\/2022\/10\/Paneles-1024x683.jpeg 1024w, https:\/\/uttijuana.edu.mx\/wp-content\/uploads\/2022\/10\/Paneles.jpeg 1280w\" sizes=\"(max-width: 768px) 100vw, 768px\" \/>\t\t\t\t\t\t\t\t\t\t\t\t\t\t\t<\/div>\n\t\t\t\t<\/div>\n\t\t\t\t<div class=\"elementor-element elementor-element-4c3f5de elementor-widget elementor-widget-spacer\" data-id=\"4c3f5de\" data-element_type=\"widget\" data-widget_type=\"spacer.default\">\n\t\t\t\t<div class=\"elementor-widget-container\">\n\t\t\t\t\t\t\t<div class=\"elementor-spacer\">\n\t\t\t<div class=\"elementor-spacer-inner\"><\/div>\n\t\t<\/div>\n\t\t\t\t\t\t<\/div>\n\t\t\t\t<\/div>\n\t\t\t\t\t<\/div>\n\t\t<\/div>\n\t\t\t\t\t<\/div>\n\t\t<\/section>\n\t\t\t\t<\/div>\n\t\t","protected":false},"excerpt":{"rendered":"<p>INVITA UTT A LA FERIA DEL EMPLEO VIRTUAL 2022 Se ofertar\u00e1n m\u00e1s de 500 vacantes en el sector industrial y de servicios Los d\u00edas 25, 26 y 27 de octubre, la Universidad Tecnol\u00f3gica de Tijuana (UTT) llevar\u00e1 a cabo la vig\u00e9sima edici\u00f3n de la Feria del Empleo, que en esta ocasi\u00f3n ser\u00e1 de manera virtual, en donde se ofertar\u00e1n m\u00e1s de 500 vacantes. El objetivo es facilitar los mecanismos de inserci\u00f3n laboral para estudiantes, egresados y comunidad en general, as\u00ed como apoyar a las empresas e industrias en sus requerimientos de talento calificado y especializado. El rector, Salvador Morales Riub\u00ed, inform\u00f3 que la meta es alcanzar la participaci\u00f3n de alrededor de mil 200 personas, que podr\u00e1n interactuar y postularse para las vacantes que sean de su inter\u00e9s, de acuerdo a su \u00e1rea de formaci\u00f3n t\u00e9cnica o profesional. \u201cEn la Feria del Empleo Virtual 2022 reuniremos a m\u00e1s de 50 empresas u organizaciones, que van a ofrecer vacantes para nuestros estudiantes y egresados de las carreras de T\u00e9cnico Superior Universitario (TSU), Ingenier\u00eda y Licenciatura, pero tambi\u00e9n estamos convocando a la comunidad en general\u201d, explic\u00f3. Destac\u00f3 que gran parte de las empresas participantes, que pertenecen a los sectores de la transformaci\u00f3n y de servicios, mantienen convenios de colaboraci\u00f3n con la Universidad Tecnol\u00f3gica de Tijuana (UTT) para recibir a las y los estudiantes en la fase de estad\u00edas, por lo que conocen la calidad y el perfil con el que egresan. La secretaria de Vinculaci\u00f3n, Leticia Salcedo Quiroz, coment\u00f3 que este esfuerzo se realiza desde 2010, por lo que en sus 19 ediciones la Feria del Empleo de la UTT ha logrado convocar a m\u00e1s de tres mil personas y ha reunido a cerca de 500 empresas. En la pr\u00f3xima Feria del Empleo Virtual se ofertar\u00e1n vacantes para quienes cuenten con grado de ingenier\u00eda o licenciatura, al igual que para auxiliares en las \u00e1reas administrativas, t\u00e9cnicos en el sector industrial y practicantes. Salcedo Quiroz explic\u00f3 que para participar en la feria se debe ingresar al portal www.feriasdeempleo.com\/utt2022 y registrarse, a fin de que los buscadores de talento puedan conocer su perfil profesional y ofrecerles una entrevista. Del 25 al 27 de octubre las y los interesados podr\u00e1n interactuar con las empresas y conocer las vacantes disponibles, mientras que las \u00e1reas de recursos humanos tendr\u00e1n acceso a los perfiles de los usuarios para identificar a los m\u00e1s aptos para el puesto que buscan ocupar. El rector, Salvador Morales Riub\u00ed, resalt\u00f3 que la Feria del Empleo Virtual 2022 es un evento gratuito, que forma parte del programa de inserci\u00f3n laboral de la universidad y que refrenda el compromiso social de la instituci\u00f3n, por lo que pondr\u00e1n a disposici\u00f3n equipos de c\u00f3mputo en el \u00e1rea de biblioteca para quienes lo requieran.<\/p>\n","protected":false},"author":2,"featured_media":0,"parent":0,"menu_order":0,"comment_status":"closed","ping_status":"closed","template":"","meta":{"_monsterinsights_skip_tracking":false,"_monsterinsights_sitenote_active":false,"_monsterinsights_sitenote_note":"","_monsterinsights_sitenote_category":0,"_uf_show_specific_survey":0,"_uf_disable_surveys":false,"site-sidebar-layout":"no-sidebar","site-content-layout":"page-builder","ast-site-content-layout":"default","site-content-style":"default","site-sidebar-style":"default","ast-global-header-display":"","ast-banner-title-visibility":"","ast-main-header-display":"","ast-hfb-above-header-display":"","ast-hfb-below-header-display":"","ast-hfb-mobile-header-display":"","site-post-title":"disabled","ast-breadcrumbs-content":"","ast-featured-img":"disabled","footer-sml-layout":"","ast-disable-related-posts":"","theme-transparent-header-meta":"","adv-header-id-meta":"","stick-header-meta":"","header-above-stick-meta":"","header-main-stick-meta":"","header-below-stick-meta":"","astra-migrate-meta-layouts":"default","ast-page-background-enabled":"default","ast-page-background-meta":{"desktop":{"background-color":"","background-image":"","background-repeat":"repeat","background-position":"center center","background-size":"auto","background-attachment":"scroll","background-type":"","background-media":"","overlay-type":"","overlay-color":"","overlay-opacity":"","overlay-gradient":""},"tablet":{"background-color":"","background-image":"","background-repeat":"repeat","background-position":"center center","background-size":"auto","background-attachment":"scroll","background-type":"","background-media":"","overlay-type":"","overlay-color":"","overlay-opacity":"","overlay-gradient":""},"mobile":{"background-color":"","background-image":"","background-repeat":"repeat","background-position":"center center","background-size":"auto","background-attachment":"scroll","background-type":"","background-media":"","overlay-type":"","overlay-color":"","overlay-opacity":"","overlay-gradient":""}},"ast-content-background-meta":{"desktop":{"background-color":"var(--ast-global-color-5)","background-image":"","background-repeat":"repeat","background-position":"center center","background-size":"auto","background-attachment":"scroll","background-type":"","background-media":"","overlay-type":"","overlay-color":"","overlay-opacity":"","overlay-gradient":""},"tablet":{"background-color":"var(--ast-global-color-5)","background-image":"","background-repeat":"repeat","background-position":"center center","background-size":"auto","background-attachment":"scroll","background-type":"","background-media":"","overlay-type":"","overlay-color":"","overlay-opacity":"","overlay-gradient":""},"mobile":{"background-color":"var(--ast-global-color-5)","background-image":"","background-repeat":"repeat","background-position":"center center","background-size":"auto","background-attachment":"scroll","background-type":"","background-media":"","overlay-type":"","overlay-color":"","overlay-opacity":"","overlay-gradient":""}},"footnotes":""},"class_list":["post-10175","page","type-page","status-publish","hentry"],"_links":{"self":[{"href":"https:\/\/uttijuana.edu.mx\/index.php\/wp-json\/wp\/v2\/pages\/10175","targetHints":{"allow":["GET"]}}],"collection":[{"href":"https:\/\/uttijuana.edu.mx\/index.php\/wp-json\/wp\/v2\/pages"}],"about":[{"href":"https:\/\/uttijuana.edu.mx\/index.php\/wp-json\/wp\/v2\/types\/page"}],"author":[{"embeddable":true,"href":"https:\/\/uttijuana.edu.mx\/index.php\/wp-json\/wp\/v2\/users\/2"}],"replies":[{"embeddable":true,"href":"https:\/\/uttijuana.edu.mx\/index.php\/wp-json\/wp\/v2\/comments?post=10175"}],"version-history":[{"count":7,"href":"https:\/\/uttijuana.edu.mx\/index.php\/wp-json\/wp\/v2\/pages\/10175\/revisions"}],"predecessor-version":[{"id":10190,"href":"https:\/\/uttijuana.edu.mx\/index.php\/wp-json\/wp\/v2\/pages\/10175\/revisions\/10190"}],"wp:attachment":[{"href":"https:\/\/uttijuana.edu.mx\/index.php\/wp-json\/wp\/v2\/media?parent=10175"}],"curies":[{"name":"wp","href":"https:\/\/api.w.org\/{rel}","templated":true}]}}