{"id":10202,"date":"2022-10-26T21:56:15","date_gmt":"2022-10-26T21:56:15","guid":{"rendered":"https:\/\/uttijuana.edu.mx\/?page_id=10202"},"modified":"2022-10-26T22:04:17","modified_gmt":"2022-10-26T22:04:17","slug":"inicia-feria-del-empleo-virtual-de-la-utt-con-mas-de-500-vacantes","status":"publish","type":"page","link":"https:\/\/uttijuana.edu.mx\/index.php\/inicia-feria-del-empleo-virtual-de-la-utt-con-mas-de-500-vacantes\/","title":{"rendered":"INICIA FERIA DEL EMPLEO VIRTUAL DE LA UTT CON M\u00c1S DE 500 VACANTES"},"content":{"rendered":"\t\t<div data-elementor-type=\"wp-page\" data-elementor-id=\"10202\" class=\"elementor elementor-10202\" data-elementor-post-type=\"page\">\n\t\t\t\t\t\t<section class=\"elementor-section elementor-top-section elementor-element elementor-element-6f5123e elementor-section-boxed elementor-section-height-default elementor-section-height-default wpr-particle-no wpr-jarallax-no wpr-parallax-no wpr-sticky-section-no\" data-id=\"6f5123e\" data-element_type=\"section\">\n\t\t\t\t\t\t<div class=\"elementor-container elementor-column-gap-default\">\n\t\t\t\t\t<div class=\"elementor-column elementor-col-100 elementor-top-column elementor-element elementor-element-2a8c17d\" data-id=\"2a8c17d\" data-element_type=\"column\">\n\t\t\t<div class=\"elementor-widget-wrap elementor-element-populated\">\n\t\t\t\t\t\t<div class=\"elementor-element elementor-element-b2aedcf elementor-widget elementor-widget-heading\" data-id=\"b2aedcf\" data-element_type=\"widget\" data-widget_type=\"heading.default\">\n\t\t\t\t<div class=\"elementor-widget-container\">\n\t\t\t\t\t<h2 class=\"elementor-heading-title elementor-size-default\"> INICIA FERIA DEL EMPLEO VIRTUAL DE LA UTT CON M\u00c1S DE 500 VACANTES<\/h2>\t\t\t\t<\/div>\n\t\t\t\t<\/div>\n\t\t\t\t<div class=\"elementor-element elementor-element-66facac elementor-widget elementor-widget-image\" data-id=\"66facac\" data-element_type=\"widget\" data-widget_type=\"image.default\">\n\t\t\t\t<div class=\"elementor-widget-container\">\n\t\t\t\t\t\t\t\t\t\t\t\t\t\t\t<img decoding=\"async\" data-src=\"https:\/\/uttijuana.edu.mx\/wp-content\/uploads\/2022\/10\/20ma.jpeg\" title=\"\" alt=\"\" src=\"data:image\/gif;base64,R0lGODlhAQABAAAAACH5BAEKAAEALAAAAAABAAEAAAICTAEAOw==\" class=\"lazyload\" \/>\t\t\t\t\t\t\t\t\t\t\t\t\t\t\t<\/div>\n\t\t\t\t<\/div>\n\t\t\t\t<div class=\"elementor-element elementor-element-af7dcfc elementor-widget elementor-widget-heading\" data-id=\"af7dcfc\" data-element_type=\"widget\" data-widget_type=\"heading.default\">\n\t\t\t\t<div class=\"elementor-widget-container\">\n\t\t\t\t\t<h5 class=\"elementor-heading-title elementor-size-medium\"> <BLOCKQUOTE>La plataforma estar\u00e1 habilitada hasta el jueves 27 de octubre <p> <\/p>\n \nTIJUANA.- Con una cifra r\u00e9cord de m\u00e1s de 100 empresas participantes, dio inicio la Vig\u00e9sima Feria del Empleo Virtual 2022 de la Universidad Tecnol\u00f3gica de Tijuana (UTT), que logr\u00f3 reunir en un mismo sitio una oferta superior a las 500 vacantes.<p> <\/p>\n \nEl rector, Mtro. Salvador Morales Riub\u00ed, inform\u00f3 la ma\u00f1ana de este martes que la plataforma www.feriasdeempleo.com\/utt2022 ya estaba lista para recibir a los buscadores de empleo, que pudieron navegar por el sitio y conocer los perfiles requeridos para cada vacante, as\u00ed como interactuar con los reclutadores.<p> <\/p>\n \n\u201cCon la Feria del Empleo Virtual lo que buscamos es facilitar los mecanismos de inserci\u00f3n laboral, no solo para nuestros estudiantes y egresados, sino para la comunidad en general, que est\u00e1n en la b\u00fasqueda de mejores oportunidades o de un empleo acorde a su perfil\u201d, explic\u00f3.<p> <\/p>\n \nAunque a la plataforma se puede ingresar v\u00eda tel\u00e9fono celular, tablet o computadora desde cualquier parte, el rector indic\u00f3 que la universidad tecnol\u00f3gica habilit\u00f3 el laboratorio de c\u00f3mputo de la biblioteca para los buscadores de empleo que no tengan f\u00e1cil acceso a internet.<p> <\/p>\n \nMorales Riub\u00ed destac\u00f3 que la Secretar\u00eda de Vinculaci\u00f3n logr\u00f3 el registro de m\u00e1s de 100 empresas nacionales y extranjeras, que gozan de gran prestigio y que ofrecen atractivas prestaciones y beneficios para sus colaboradores.<p> <\/p>\n \nAlumnos de la carrera de Operaciones Comerciales Internacionales estuvieron presentes en la inauguraci\u00f3n simb\u00f3lica de la Feria del Empleo Virtual, quienes llevaron a cabo exitosamente su registro y pudieron navegar por el sitio.<p> <\/p>\n \nLa secretaria de Vinculaci\u00f3n de la UTT, Leticia Salcedo Quiroz, coment\u00f3 que hay vacantes para todos los perfiles, desde estudiantes, practicantes, hasta t\u00e9cnicos, as\u00ed como para quienes cuentan con un t\u00edtulo de ingenier\u00eda o licenciatura.<p> <\/p>\n \nEn su gran mayor\u00eda los empleos corresponden al sector industrial y de servicios, adem\u00e1s de que tambi\u00e9n se registraron organizaciones empresariales que cuentan con bolsa de trabajo.<p> <\/p>\n \nLa plataforma de la Feria del Empleo Virtual 2022 de la UTT se mantendr\u00e1 habilitada hasta el jueves 27 de octubre para todo aquel que desee registrarse sin ning\u00fan costo, con lo que la universidad da cumplimiento a uno de sus objetivos, que es vincular a sus alumnos y egresados con el sector empresarial.<\/h5>\t\t\t\t<\/div>\n\t\t\t\t<\/div>\n\t\t\t\t<div class=\"elementor-element elementor-element-b10795a elementor-widget elementor-widget-gallery\" data-id=\"b10795a\" data-element_type=\"widget\" data-settings=\"{&quot;columns&quot;:2,&quot;lazyload&quot;:&quot;yes&quot;,&quot;gallery_layout&quot;:&quot;grid&quot;,&quot;columns_tablet&quot;:2,&quot;columns_mobile&quot;:1,&quot;gap&quot;:{&quot;unit&quot;:&quot;px&quot;,&quot;size&quot;:10,&quot;sizes&quot;:[]},&quot;gap_tablet&quot;:{&quot;unit&quot;:&quot;px&quot;,&quot;size&quot;:10,&quot;sizes&quot;:[]},&quot;gap_mobile&quot;:{&quot;unit&quot;:&quot;px&quot;,&quot;size&quot;:10,&quot;sizes&quot;:[]},&quot;link_to&quot;:&quot;file&quot;,&quot;aspect_ratio&quot;:&quot;3:2&quot;,&quot;overlay_background&quot;:&quot;yes&quot;,&quot;content_hover_animation&quot;:&quot;fade-in&quot;}\" data-widget_type=\"gallery.default\">\n\t\t\t\t<div class=\"elementor-widget-container\">\n\t\t\t\t\t\t\t<div class=\"elementor-gallery__container\">\n\t\t\t\t\t<\/div>\n\t\t\t\t\t<\/div>\n\t\t\t\t<\/div>\n\t\t\t\t<div class=\"elementor-element elementor-element-1ccdd83 elementor-widget elementor-widget-spacer\" data-id=\"1ccdd83\" data-element_type=\"widget\" data-widget_type=\"spacer.default\">\n\t\t\t\t<div class=\"elementor-widget-container\">\n\t\t\t\t\t\t\t<div class=\"elementor-spacer\">\n\t\t\t<div class=\"elementor-spacer-inner\"><\/div>\n\t\t<\/div>\n\t\t\t\t\t\t<\/div>\n\t\t\t\t<\/div>\n\t\t\t\t\t<\/div>\n\t\t<\/div>\n\t\t\t\t\t<\/div>\n\t\t<\/section>\n\t\t\t\t<\/div>\n\t\t","protected":false},"excerpt":{"rendered":"<p>INICIA FERIA DEL EMPLEO VIRTUAL DE LA UTT CON M\u00c1S DE 500 VACANTES La plataforma estar\u00e1 habilitada hasta el jueves 27 de octubre TIJUANA.- Con una cifra r\u00e9cord de m\u00e1s de 100 empresas participantes, dio inicio la Vig\u00e9sima Feria del Empleo Virtual 2022 de la Universidad Tecnol\u00f3gica de Tijuana (UTT), que logr\u00f3 reunir en un mismo sitio una oferta superior a las 500 vacantes. El rector, Mtro. Salvador Morales Riub\u00ed, inform\u00f3 la ma\u00f1ana de este martes que la plataforma www.feriasdeempleo.com\/utt2022 ya estaba lista para recibir a los buscadores de empleo, que pudieron navegar por el sitio y conocer los perfiles requeridos para cada vacante, as\u00ed como interactuar con los reclutadores. \u201cCon la Feria del Empleo Virtual lo que buscamos es facilitar los mecanismos de inserci\u00f3n laboral, no solo para nuestros estudiantes y egresados, sino para la comunidad en general, que est\u00e1n en la b\u00fasqueda de mejores oportunidades o de un empleo acorde a su perfil\u201d, explic\u00f3. Aunque a la plataforma se puede ingresar v\u00eda tel\u00e9fono celular, tablet o computadora desde cualquier parte, el rector indic\u00f3 que la universidad tecnol\u00f3gica habilit\u00f3 el laboratorio de c\u00f3mputo de la biblioteca para los buscadores de empleo que no tengan f\u00e1cil acceso a internet. Morales Riub\u00ed destac\u00f3 que la Secretar\u00eda de Vinculaci\u00f3n logr\u00f3 el registro de m\u00e1s de 100 empresas nacionales y extranjeras, que gozan de gran prestigio y que ofrecen atractivas prestaciones y beneficios para sus colaboradores. Alumnos de la carrera de Operaciones Comerciales Internacionales estuvieron presentes en la inauguraci\u00f3n simb\u00f3lica de la Feria del Empleo Virtual, quienes llevaron a cabo exitosamente su registro y pudieron navegar por el sitio. La secretaria de Vinculaci\u00f3n de la UTT, Leticia Salcedo Quiroz, coment\u00f3 que hay vacantes para todos los perfiles, desde estudiantes, practicantes, hasta t\u00e9cnicos, as\u00ed como para quienes cuentan con un t\u00edtulo de ingenier\u00eda o licenciatura. En su gran mayor\u00eda los empleos corresponden al sector industrial y de servicios, adem\u00e1s de que tambi\u00e9n se registraron organizaciones empresariales que cuentan con bolsa de trabajo. La plataforma de la Feria del Empleo Virtual 2022 de la UTT se mantendr\u00e1 habilitada hasta el jueves 27 de octubre para todo aquel que desee registrarse sin ning\u00fan costo, con lo que la universidad da cumplimiento a uno de sus objetivos, que es vincular a sus alumnos y egresados con el sector empresarial.<\/p>\n","protected":false},"author":2,"featured_media":0,"parent":0,"menu_order":0,"comment_status":"closed","ping_status":"closed","template":"","meta":{"_monsterinsights_skip_tracking":false,"_monsterinsights_sitenote_active":false,"_monsterinsights_sitenote_note":"","_monsterinsights_sitenote_category":0,"_uf_show_specific_survey":0,"_uf_disable_surveys":false,"site-sidebar-layout":"no-sidebar","site-content-layout":"page-builder","ast-site-content-layout":"default","site-content-style":"default","site-sidebar-style":"default","ast-global-header-display":"","ast-banner-title-visibility":"","ast-main-header-display":"","ast-hfb-above-header-display":"","ast-hfb-below-header-display":"","ast-hfb-mobile-header-display":"","site-post-title":"disabled","ast-breadcrumbs-content":"","ast-featured-img":"disabled","footer-sml-layout":"","ast-disable-related-posts":"","theme-transparent-header-meta":"","adv-header-id-meta":"","stick-header-meta":"","header-above-stick-meta":"","header-main-stick-meta":"","header-below-stick-meta":"","astra-migrate-meta-layouts":"default","ast-page-background-enabled":"default","ast-page-background-meta":{"desktop":{"background-color":"","background-image":"","background-repeat":"repeat","background-position":"center center","background-size":"auto","background-attachment":"scroll","background-type":"","background-media":"","overlay-type":"","overlay-color":"","overlay-opacity":"","overlay-gradient":""},"tablet":{"background-color":"","background-image":"","background-repeat":"repeat","background-position":"center center","background-size":"auto","background-attachment":"scroll","background-type":"","background-media":"","overlay-type":"","overlay-color":"","overlay-opacity":"","overlay-gradient":""},"mobile":{"background-color":"","background-image":"","background-repeat":"repeat","background-position":"center center","background-size":"auto","background-attachment":"scroll","background-type":"","background-media":"","overlay-type":"","overlay-color":"","overlay-opacity":"","overlay-gradient":""}},"ast-content-background-meta":{"desktop":{"background-color":"var(--ast-global-color-5)","background-image":"","background-repeat":"repeat","background-position":"center center","background-size":"auto","background-attachment":"scroll","background-type":"","background-media":"","overlay-type":"","overlay-color":"","overlay-opacity":"","overlay-gradient":""},"tablet":{"background-color":"var(--ast-global-color-5)","background-image":"","background-repeat":"repeat","background-position":"center center","background-size":"auto","background-attachment":"scroll","background-type":"","background-media":"","overlay-type":"","overlay-color":"","overlay-opacity":"","overlay-gradient":""},"mobile":{"background-color":"var(--ast-global-color-5)","background-image":"","background-repeat":"repeat","background-position":"center center","background-size":"auto","background-attachment":"scroll","background-type":"","background-media":"","overlay-type":"","overlay-color":"","overlay-opacity":"","overlay-gradient":""}},"footnotes":""},"class_list":["post-10202","page","type-page","status-publish","hentry"],"_links":{"self":[{"href":"https:\/\/uttijuana.edu.mx\/index.php\/wp-json\/wp\/v2\/pages\/10202","targetHints":{"allow":["GET"]}}],"collection":[{"href":"https:\/\/uttijuana.edu.mx\/index.php\/wp-json\/wp\/v2\/pages"}],"about":[{"href":"https:\/\/uttijuana.edu.mx\/index.php\/wp-json\/wp\/v2\/types\/page"}],"author":[{"embeddable":true,"href":"https:\/\/uttijuana.edu.mx\/index.php\/wp-json\/wp\/v2\/users\/2"}],"replies":[{"embeddable":true,"href":"https:\/\/uttijuana.edu.mx\/index.php\/wp-json\/wp\/v2\/comments?post=10202"}],"version-history":[{"count":7,"href":"https:\/\/uttijuana.edu.mx\/index.php\/wp-json\/wp\/v2\/pages\/10202\/revisions"}],"predecessor-version":[{"id":10213,"href":"https:\/\/uttijuana.edu.mx\/index.php\/wp-json\/wp\/v2\/pages\/10202\/revisions\/10213"}],"wp:attachment":[{"href":"https:\/\/uttijuana.edu.mx\/index.php\/wp-json\/wp\/v2\/media?parent=10202"}],"curies":[{"name":"wp","href":"https:\/\/api.w.org\/{rel}","templated":true}]}}