{"id":10261,"date":"2022-11-17T00:30:35","date_gmt":"2022-11-17T00:30:35","guid":{"rendered":"https:\/\/uttijuana.edu.mx\/?page_id=10261"},"modified":"2022-11-17T00:37:58","modified_gmt":"2022-11-17T00:37:58","slug":"invierte-utt-en-equipo-de-computo-para-fortalecer-preparacion-academica-del-alumnado","status":"publish","type":"page","link":"https:\/\/uttijuana.edu.mx\/index.php\/invierte-utt-en-equipo-de-computo-para-fortalecer-preparacion-academica-del-alumnado\/","title":{"rendered":"INVIERTE UTT EN EQUIPO DE C\u00d3MPUTO PARA FORTALECER PREPARACI\u00d3N ACAD\u00c9MICA DEL ALUMNADO"},"content":{"rendered":"\t\t<div data-elementor-type=\"wp-page\" data-elementor-id=\"10261\" class=\"elementor elementor-10261\" data-elementor-post-type=\"page\">\n\t\t\t\t\t\t<section class=\"elementor-section elementor-top-section elementor-element elementor-element-472c8fc elementor-section-boxed elementor-section-height-default elementor-section-height-default wpr-particle-no wpr-jarallax-no wpr-parallax-no wpr-sticky-section-no\" data-id=\"472c8fc\" data-element_type=\"section\">\n\t\t\t\t\t\t<div class=\"elementor-container elementor-column-gap-default\">\n\t\t\t\t\t<div class=\"elementor-column elementor-col-100 elementor-top-column elementor-element elementor-element-43335f8\" data-id=\"43335f8\" data-element_type=\"column\">\n\t\t\t<div class=\"elementor-widget-wrap elementor-element-populated\">\n\t\t\t\t\t\t<div class=\"elementor-element elementor-element-85cf530 elementor-widget elementor-widget-heading\" data-id=\"85cf530\" data-element_type=\"widget\" data-widget_type=\"heading.default\">\n\t\t\t\t<div class=\"elementor-widget-container\">\n\t\t\t\t\t<h2 class=\"elementor-heading-title elementor-size-default\">INVIERTE UTT EN EQUIPO DE C\u00d3MPUTO PARA FORTALECER PREPARACI\u00d3N ACAD\u00c9MICA DEL ALUMNADO<\/h2>\t\t\t\t<\/div>\n\t\t\t\t<\/div>\n\t\t\t\t<div class=\"elementor-element elementor-element-a20b64c elementor-widget elementor-widget-image\" data-id=\"a20b64c\" data-element_type=\"widget\" data-widget_type=\"image.default\">\n\t\t\t\t<div class=\"elementor-widget-container\">\n\t\t\t\t\t\t\t\t\t\t\t\t\t\t\t<img decoding=\"async\" data-src=\"https:\/\/uttijuana.edu.mx\/wp-content\/uploads\/2022\/11\/Academico-01.jpeg\" title=\"\" alt=\"\" src=\"data:image\/gif;base64,R0lGODlhAQABAAAAACH5BAEKAAEALAAAAAABAAEAAAICTAEAOw==\" class=\"lazyload\" \/>\t\t\t\t\t\t\t\t\t\t\t\t\t\t\t<\/div>\n\t\t\t\t<\/div>\n\t\t\t\t<div class=\"elementor-element elementor-element-50c982e elementor-widget elementor-widget-heading\" data-id=\"50c982e\" data-element_type=\"widget\" data-widget_type=\"heading.default\">\n\t\t\t\t<div class=\"elementor-widget-container\">\n\t\t\t\t\t<h5 class=\"elementor-heading-title elementor-size-medium\"> <BLOCKQUOTE>*El monto de la inversi\u00f3n es de m\u00e1s de 700 mil pesos; se equip\u00f3 el Laboratorio 2 <p> <\/p>\n\nTIJUANA.- Con una inversi\u00f3n que supera los 700 mil pesos, la Universidad Tecnol\u00f3gica de Tijuana (UTT) renov\u00f3 el equipo de c\u00f3mputo del Laboratorio 2, asignado a las carreras de Procesos Industriales y Mantenimiento \u00e1rea Industrial, en beneficio de una matr\u00edcula de mil 98 estudiantes.<p> <\/p>\n \nEl rector, Salvador Morales Riub\u00ed, encabez\u00f3 el acto simb\u00f3lico de entrega, en donde expres\u00f3 que con esta acci\u00f3n se da un paso importante en materia de equipamiento, a fin de que el alumnado cuente con las herramientas necesarias y actualizadas para su formaci\u00f3n profesional.<p> <\/p>\n \n\u201cEste laboratorio cuenta con 28 nuevos equipos de c\u00f3mputo, que son para su aprovechamiento acad\u00e9mico, adem\u00e1s es una muestra del uso transparente de los recursos, es muy importante que ustedes sepan en qu\u00e9 se usa el presupuesto de nuestra universidad\u201d, expres\u00f3.<p> <\/p>\n \nLuego de su mensaje, el rector invit\u00f3 a los estudiantes de la carrera de Procesos Industriales a ingresar al laboratorio y ocupar un lugar para tomar su primera clase ya con el nuevo equipo. Son computadoras con monitor de 24 pulgadas, procesador Intel i5 de d\u00e9cima generaci\u00f3n y 16 GB de ram, que adem\u00e1s cuentan con programas de dise\u00f1o asistido.<p> <\/p>\n \nMorales Riub\u00ed destac\u00f3 que la Universidad Tecnol\u00f3gica de Tijuana enfrenta necesidades y retos con la hist\u00f3rica ampliaci\u00f3n de la matr\u00edcula en la reciente convocatoria, lo que se ha estado atendiendo con el reemplazo de equipamiento en los laboratorios y en otros espacios de la universidad, como el Audiovisual Cuervos.<p> <\/p>\n \nPor su parte, el secretario Acad\u00e9mico de la UTT, Mart\u00edn Llamas Haro, exhort\u00f3 a los estudiantes a dar el uso adecuado a las computadoras, para que se extienda su tiempo de vida \u00fatil. Adem\u00e1s, son muy necesarias para dar cumplimiento al modelo educativo, 70 por ciento pr\u00e1ctico y 30 por ciento te\u00f3rico.<p> <\/p>\n \nEl director de las carreras de Procesos Industriales y Mantenimiento \u00e1rea Industrial, Juan Manuel Herrera Peregrina, agradeci\u00f3 las gestiones de la rector\u00eda para la adquisici\u00f3n del equipamiento, que fortalecer\u00e1 el aprendizaje y las habilidades de los estudiantes en el rubro de manufactura digital.<p> <\/p>\n \nDesde el nivel T\u00e9cnico Superior Universitario hasta la Ingenier\u00eda, los estudiantes de la UTT aprenden a utilizar el software para modelar piezas y ensamblajes en 3D, dise\u00f1ar m\u00e1quinas inteligentes y equipo industrial, as\u00ed como para validar o verificar dise\u00f1os electr\u00f3nicos, entre muchas otras aplicaciones.<p> <\/p><\/h5>\t\t\t\t<\/div>\n\t\t\t\t<\/div>\n\t\t\t\t<div class=\"elementor-element elementor-element-df99165 elementor-widget elementor-widget-gallery\" data-id=\"df99165\" data-element_type=\"widget\" data-settings=\"{&quot;columns&quot;:2,&quot;lazyload&quot;:&quot;yes&quot;,&quot;gallery_layout&quot;:&quot;grid&quot;,&quot;columns_tablet&quot;:2,&quot;columns_mobile&quot;:1,&quot;gap&quot;:{&quot;unit&quot;:&quot;px&quot;,&quot;size&quot;:10,&quot;sizes&quot;:[]},&quot;gap_tablet&quot;:{&quot;unit&quot;:&quot;px&quot;,&quot;size&quot;:10,&quot;sizes&quot;:[]},&quot;gap_mobile&quot;:{&quot;unit&quot;:&quot;px&quot;,&quot;size&quot;:10,&quot;sizes&quot;:[]},&quot;link_to&quot;:&quot;file&quot;,&quot;aspect_ratio&quot;:&quot;3:2&quot;,&quot;overlay_background&quot;:&quot;yes&quot;,&quot;content_hover_animation&quot;:&quot;fade-in&quot;}\" data-widget_type=\"gallery.default\">\n\t\t\t\t<div class=\"elementor-widget-container\">\n\t\t\t\t\t\t\t<div class=\"elementor-gallery__container\">\n\t\t\t\t\t<\/div>\n\t\t\t\t\t<\/div>\n\t\t\t\t<\/div>\n\t\t\t\t<div class=\"elementor-element elementor-element-e86614c elementor-widget elementor-widget-spacer\" data-id=\"e86614c\" data-element_type=\"widget\" data-widget_type=\"spacer.default\">\n\t\t\t\t<div class=\"elementor-widget-container\">\n\t\t\t\t\t\t\t<div class=\"elementor-spacer\">\n\t\t\t<div class=\"elementor-spacer-inner\"><\/div>\n\t\t<\/div>\n\t\t\t\t\t\t<\/div>\n\t\t\t\t<\/div>\n\t\t\t\t\t<\/div>\n\t\t<\/div>\n\t\t\t\t\t<\/div>\n\t\t<\/section>\n\t\t\t\t<\/div>\n\t\t","protected":false},"excerpt":{"rendered":"<p>INVIERTE UTT EN EQUIPO DE C\u00d3MPUTO PARA FORTALECER PREPARACI\u00d3N ACAD\u00c9MICA DEL ALUMNADO *El monto de la inversi\u00f3n es de m\u00e1s de 700 mil pesos; se equip\u00f3 el Laboratorio 2 TIJUANA.- Con una inversi\u00f3n que supera los 700 mil pesos, la Universidad Tecnol\u00f3gica de Tijuana (UTT) renov\u00f3 el equipo de c\u00f3mputo del Laboratorio 2, asignado a las carreras de Procesos Industriales y Mantenimiento \u00e1rea Industrial, en beneficio de una matr\u00edcula de mil 98 estudiantes. El rector, Salvador Morales Riub\u00ed, encabez\u00f3 el acto simb\u00f3lico de entrega, en donde expres\u00f3 que con esta acci\u00f3n se da un paso importante en materia de equipamiento, a fin de que el alumnado cuente con las herramientas necesarias y actualizadas para su formaci\u00f3n profesional. \u201cEste laboratorio cuenta con 28 nuevos equipos de c\u00f3mputo, que son para su aprovechamiento acad\u00e9mico, adem\u00e1s es una muestra del uso transparente de los recursos, es muy importante que ustedes sepan en qu\u00e9 se usa el presupuesto de nuestra universidad\u201d, expres\u00f3. Luego de su mensaje, el rector invit\u00f3 a los estudiantes de la carrera de Procesos Industriales a ingresar al laboratorio y ocupar un lugar para tomar su primera clase ya con el nuevo equipo. Son computadoras con monitor de 24 pulgadas, procesador Intel i5 de d\u00e9cima generaci\u00f3n y 16 GB de ram, que adem\u00e1s cuentan con programas de dise\u00f1o asistido. Morales Riub\u00ed destac\u00f3 que la Universidad Tecnol\u00f3gica de Tijuana enfrenta necesidades y retos con la hist\u00f3rica ampliaci\u00f3n de la matr\u00edcula en la reciente convocatoria, lo que se ha estado atendiendo con el reemplazo de equipamiento en los laboratorios y en otros espacios de la universidad, como el Audiovisual Cuervos. Por su parte, el secretario Acad\u00e9mico de la UTT, Mart\u00edn Llamas Haro, exhort\u00f3 a los estudiantes a dar el uso adecuado a las computadoras, para que se extienda su tiempo de vida \u00fatil. Adem\u00e1s, son muy necesarias para dar cumplimiento al modelo educativo, 70 por ciento pr\u00e1ctico y 30 por ciento te\u00f3rico. El director de las carreras de Procesos Industriales y Mantenimiento \u00e1rea Industrial, Juan Manuel Herrera Peregrina, agradeci\u00f3 las gestiones de la rector\u00eda para la adquisici\u00f3n del equipamiento, que fortalecer\u00e1 el aprendizaje y las habilidades de los estudiantes en el rubro de manufactura digital. Desde el nivel T\u00e9cnico Superior Universitario hasta la Ingenier\u00eda, los estudiantes de la UTT aprenden a utilizar el software para modelar piezas y ensamblajes en 3D, dise\u00f1ar m\u00e1quinas inteligentes y equipo industrial, as\u00ed como para validar o verificar dise\u00f1os electr\u00f3nicos, entre muchas otras aplicaciones.<\/p>\n","protected":false},"author":2,"featured_media":0,"parent":0,"menu_order":0,"comment_status":"closed","ping_status":"closed","template":"","meta":{"_monsterinsights_skip_tracking":false,"_monsterinsights_sitenote_active":false,"_monsterinsights_sitenote_note":"","_monsterinsights_sitenote_category":0,"_uf_show_specific_survey":0,"_uf_disable_surveys":false,"site-sidebar-layout":"no-sidebar","site-content-layout":"page-builder","ast-site-content-layout":"default","site-content-style":"default","site-sidebar-style":"default","ast-global-header-display":"","ast-banner-title-visibility":"","ast-main-header-display":"","ast-hfb-above-header-display":"","ast-hfb-below-header-display":"","ast-hfb-mobile-header-display":"","site-post-title":"disabled","ast-breadcrumbs-content":"","ast-featured-img":"disabled","footer-sml-layout":"","ast-disable-related-posts":"","theme-transparent-header-meta":"","adv-header-id-meta":"","stick-header-meta":"","header-above-stick-meta":"","header-main-stick-meta":"","header-below-stick-meta":"","astra-migrate-meta-layouts":"default","ast-page-background-enabled":"default","ast-page-background-meta":{"desktop":{"background-color":"","background-image":"","background-repeat":"repeat","background-position":"center center","background-size":"auto","background-attachment":"scroll","background-type":"","background-media":"","overlay-type":"","overlay-color":"","overlay-opacity":"","overlay-gradient":""},"tablet":{"background-color":"","background-image":"","background-repeat":"repeat","background-position":"center center","background-size":"auto","background-attachment":"scroll","background-type":"","background-media":"","overlay-type":"","overlay-color":"","overlay-opacity":"","overlay-gradient":""},"mobile":{"background-color":"","background-image":"","background-repeat":"repeat","background-position":"center center","background-size":"auto","background-attachment":"scroll","background-type":"","background-media":"","overlay-type":"","overlay-color":"","overlay-opacity":"","overlay-gradient":""}},"ast-content-background-meta":{"desktop":{"background-color":"var(--ast-global-color-5)","background-image":"","background-repeat":"repeat","background-position":"center center","background-size":"auto","background-attachment":"scroll","background-type":"","background-media":"","overlay-type":"","overlay-color":"","overlay-opacity":"","overlay-gradient":""},"tablet":{"background-color":"var(--ast-global-color-5)","background-image":"","background-repeat":"repeat","background-position":"center center","background-size":"auto","background-attachment":"scroll","background-type":"","background-media":"","overlay-type":"","overlay-color":"","overlay-opacity":"","overlay-gradient":""},"mobile":{"background-color":"var(--ast-global-color-5)","background-image":"","background-repeat":"repeat","background-position":"center center","background-size":"auto","background-attachment":"scroll","background-type":"","background-media":"","overlay-type":"","overlay-color":"","overlay-opacity":"","overlay-gradient":""}},"footnotes":""},"class_list":["post-10261","page","type-page","status-publish","hentry"],"_links":{"self":[{"href":"https:\/\/uttijuana.edu.mx\/index.php\/wp-json\/wp\/v2\/pages\/10261","targetHints":{"allow":["GET"]}}],"collection":[{"href":"https:\/\/uttijuana.edu.mx\/index.php\/wp-json\/wp\/v2\/pages"}],"about":[{"href":"https:\/\/uttijuana.edu.mx\/index.php\/wp-json\/wp\/v2\/types\/page"}],"author":[{"embeddable":true,"href":"https:\/\/uttijuana.edu.mx\/index.php\/wp-json\/wp\/v2\/users\/2"}],"replies":[{"embeddable":true,"href":"https:\/\/uttijuana.edu.mx\/index.php\/wp-json\/wp\/v2\/comments?post=10261"}],"version-history":[{"count":7,"href":"https:\/\/uttijuana.edu.mx\/index.php\/wp-json\/wp\/v2\/pages\/10261\/revisions"}],"predecessor-version":[{"id":10269,"href":"https:\/\/uttijuana.edu.mx\/index.php\/wp-json\/wp\/v2\/pages\/10261\/revisions\/10269"}],"wp:attachment":[{"href":"https:\/\/uttijuana.edu.mx\/index.php\/wp-json\/wp\/v2\/media?parent=10261"}],"curies":[{"name":"wp","href":"https:\/\/api.w.org\/{rel}","templated":true}]}}