{"id":10274,"date":"2022-11-17T00:46:50","date_gmt":"2022-11-17T00:46:50","guid":{"rendered":"https:\/\/uttijuana.edu.mx\/?page_id=10274"},"modified":"2022-11-17T00:53:50","modified_gmt":"2022-11-17T00:53:50","slug":"recorren-directores-de-preparatorias-la-utt-unidad-academica-ensenada","status":"publish","type":"page","link":"https:\/\/uttijuana.edu.mx\/index.php\/recorren-directores-de-preparatorias-la-utt-unidad-academica-ensenada\/","title":{"rendered":"RECORREN DIRECTORES DE PREPARATORIAS LA UTT UNIDAD ACAD\u00c9MICA ENSENADA"},"content":{"rendered":"\t\t<div data-elementor-type=\"wp-page\" data-elementor-id=\"10274\" class=\"elementor elementor-10274\" data-elementor-post-type=\"page\">\n\t\t\t\t\t\t<section class=\"elementor-section elementor-top-section elementor-element elementor-element-5f21ec4 elementor-section-boxed elementor-section-height-default elementor-section-height-default wpr-particle-no wpr-jarallax-no wpr-parallax-no wpr-sticky-section-no\" data-id=\"5f21ec4\" data-element_type=\"section\">\n\t\t\t\t\t\t<div class=\"elementor-container elementor-column-gap-default\">\n\t\t\t\t\t<div class=\"elementor-column elementor-col-100 elementor-top-column elementor-element elementor-element-751d565\" data-id=\"751d565\" data-element_type=\"column\">\n\t\t\t<div class=\"elementor-widget-wrap elementor-element-populated\">\n\t\t\t\t\t\t<div class=\"elementor-element elementor-element-45a1b6d elementor-widget elementor-widget-heading\" data-id=\"45a1b6d\" data-element_type=\"widget\" data-widget_type=\"heading.default\">\n\t\t\t\t<div class=\"elementor-widget-container\">\n\t\t\t\t\t<h2 class=\"elementor-heading-title elementor-size-default\">RECORREN DIRECTORES DE PREPARATORIAS LA UTT UNIDAD ACAD\u00c9MICA ENSENADA<\/h2>\t\t\t\t<\/div>\n\t\t\t\t<\/div>\n\t\t\t\t<div class=\"elementor-element elementor-element-66e3aca elementor-widget elementor-widget-image\" data-id=\"66e3aca\" data-element_type=\"widget\" data-widget_type=\"image.default\">\n\t\t\t\t<div class=\"elementor-widget-container\">\n\t\t\t\t\t\t\t\t\t\t\t\t\t\t\t<img decoding=\"async\" data-src=\"https:\/\/uttijuana.edu.mx\/wp-content\/uploads\/2022\/11\/Ensenada-01.jpeg\" title=\"\" alt=\"\" src=\"data:image\/gif;base64,R0lGODlhAQABAAAAACH5BAEKAAEALAAAAAABAAEAAAICTAEAOw==\" class=\"lazyload\" \/>\t\t\t\t\t\t\t\t\t\t\t\t\t\t\t<\/div>\n\t\t\t\t<\/div>\n\t\t\t\t<div class=\"elementor-element elementor-element-b968813 elementor-widget elementor-widget-heading\" data-id=\"b968813\" data-element_type=\"widget\" data-widget_type=\"heading.default\">\n\t\t\t\t<div class=\"elementor-widget-container\">\n\t\t\t\t\t<h5 class=\"elementor-heading-title elementor-size-medium\"> <BLOCKQUOTE>El rector se reuni\u00f3 con los directores para presentarles la oferta educativa y compartirles los objetivos de su gesti\u00f3n <p> <\/p>\n\nENSENADA.- El rector de la Universidad Tecnol\u00f3gica de Tijuana (UTT), Salvador Morales Riub\u00ed, convoc\u00f3 a los directores de preparatorias del municipio de Ensenada para darles a conocer la oferta educativa de la Unidad Acad\u00e9mica Ensenada e invitarlos a realizar un recorrido por los laboratorios especializados. <p> <\/p>\n \nExplic\u00f3 que la Universidad Tecnol\u00f3gica ofrece a las y los alumnos que est\u00e1n pr\u00f3ximos a egresar de preparatoria cuatro carreras pertinentes con la vocaci\u00f3n del municipio de Ensenada, con un amplio mercado laboral y que adem\u00e1s contribuyen al desarrollo cient\u00edfico, econ\u00f3mico y social de la regi\u00f3n. <p> <\/p>\n\nEn la Unidad Acad\u00e9mica Ensenada se ofertan las ingenier\u00edas en Procesos Bioalimentarios y en Biotecnolog\u00eda, adem\u00e1s de las licenciaturas en Innovaci\u00f3n de Negocios y Mercadotecnia y en Gastronom\u00eda, esta \u00faltima de reciente incorporaci\u00f3n. Para cumplir con el modelo educativo, 70 por ciento pr\u00e1ctico, 30 por ciento te\u00f3rico, se cuenta con laboratorios especializados altamente equipados para cada carrera. <p> <\/p>\n \n\u201cEl objetivo del Gobierno del Estado, y por supuesto de nuestra Gobernadora Marina del Pilar Avila Olmeda, es ir incorporando m\u00e1s j\u00f3venes a las aulas, con la mejor formaci\u00f3n profesional, y ese es un trabajo que estamos haciendo en la Universidad Tecnol\u00f3gica\u201d, expres\u00f3. <p> <\/p>\n \nLa visi\u00f3n de la UTT indic\u00f3, es detectar talentos desde el nivel medio superior para encaminarlos hacia las carreras del presente y del futuro, por ello la importancia de mantener un fuerte v\u00ednculo con las preparatorias de todos los subsistemas. <p> <\/p>\n \nEl rector aprovech\u00f3 para agradecer a los directores la apertura que han mostrado para que la Universidad Tecnol\u00f3gica visite las preparatorias y difunda entre las y los alumnos pr\u00f3ximos a egresar las carreras que oferta la Unidad Acad\u00e9mica Ensenada, ubicada en la delegaci\u00f3n Maneadero. <p> <\/p>\n \nDurante este encuentro, las estudiantes de ingenier\u00eda en Procesos Bioalimentarios, Mariana L\u00f3pez Beyliss, y de ingenier\u00eda en Biotecnolog\u00eda, Gemma Ambriz L\u00f3pez, compartieron su experiencia como alumnas y lo satisfechas que est\u00e1n con su formaci\u00f3n profesional, lo que les ha abierto las puertas en el \u00e1mbito de la investigaci\u00f3n y laboral desde antes de egresar. <p> <\/p>\n \nAmbas fueron designadas Embajadoras de la Universidad Tecnol\u00f3gica de Tijuana, por su destacado desempe\u00f1o acad\u00e9mico. <p> <\/p>\n \n\u201cNos enorgullece que sean ellas quienes les hablen de la universidad, porque son un testimonio, un ejemplo viviente, de c\u00f3mo se les forma profesionalmente en la Unidad Acad\u00e9mica Ensenada\u201d, manifest\u00f3 el rector. <p> <\/p>\n \nA este encuentro asistieron directores y representantes de las preparatorias Cobach Ensenada, CBTA 198, Cobach Maneadero, Cecyte plantel Ensenada, CBTis 41, CETis 74 y CETMar 11, quienes pudieron degustar platillos preparados por alumnos de cuarto cuatrimestre de la Licenciatura en Gastronom\u00eda y constatar la preparaci\u00f3n que reciben desde que ingresan. <\/h5>\t\t\t\t<\/div>\n\t\t\t\t<\/div>\n\t\t\t\t<div class=\"elementor-element elementor-element-dbc9500 elementor-widget elementor-widget-gallery\" data-id=\"dbc9500\" data-element_type=\"widget\" data-settings=\"{&quot;columns&quot;:2,&quot;lazyload&quot;:&quot;yes&quot;,&quot;gallery_layout&quot;:&quot;grid&quot;,&quot;columns_tablet&quot;:2,&quot;columns_mobile&quot;:1,&quot;gap&quot;:{&quot;unit&quot;:&quot;px&quot;,&quot;size&quot;:10,&quot;sizes&quot;:[]},&quot;gap_tablet&quot;:{&quot;unit&quot;:&quot;px&quot;,&quot;size&quot;:10,&quot;sizes&quot;:[]},&quot;gap_mobile&quot;:{&quot;unit&quot;:&quot;px&quot;,&quot;size&quot;:10,&quot;sizes&quot;:[]},&quot;link_to&quot;:&quot;file&quot;,&quot;aspect_ratio&quot;:&quot;3:2&quot;,&quot;overlay_background&quot;:&quot;yes&quot;,&quot;content_hover_animation&quot;:&quot;fade-in&quot;}\" data-widget_type=\"gallery.default\">\n\t\t\t\t<div class=\"elementor-widget-container\">\n\t\t\t\t\t\t\t<div class=\"elementor-gallery__container\">\n\t\t\t\t\t<\/div>\n\t\t\t\t\t<\/div>\n\t\t\t\t<\/div>\n\t\t\t\t<div class=\"elementor-element elementor-element-5755046 elementor-widget elementor-widget-spacer\" data-id=\"5755046\" data-element_type=\"widget\" data-widget_type=\"spacer.default\">\n\t\t\t\t<div class=\"elementor-widget-container\">\n\t\t\t\t\t\t\t<div class=\"elementor-spacer\">\n\t\t\t<div class=\"elementor-spacer-inner\"><\/div>\n\t\t<\/div>\n\t\t\t\t\t\t<\/div>\n\t\t\t\t<\/div>\n\t\t\t\t\t<\/div>\n\t\t<\/div>\n\t\t\t\t\t<\/div>\n\t\t<\/section>\n\t\t\t\t<\/div>\n\t\t","protected":false},"excerpt":{"rendered":"<p>RECORREN DIRECTORES DE PREPARATORIAS LA UTT UNIDAD ACAD\u00c9MICA ENSENADA El rector se reuni\u00f3 con los directores para presentarles la oferta educativa y compartirles los objetivos de su gesti\u00f3n ENSENADA.- El rector de la Universidad Tecnol\u00f3gica de Tijuana (UTT), Salvador Morales Riub\u00ed, convoc\u00f3 a los directores de preparatorias del municipio de Ensenada para darles a conocer la oferta educativa de la Unidad Acad\u00e9mica Ensenada e invitarlos a realizar un recorrido por los laboratorios especializados. Explic\u00f3 que la Universidad Tecnol\u00f3gica ofrece a las y los alumnos que est\u00e1n pr\u00f3ximos a egresar de preparatoria cuatro carreras pertinentes con la vocaci\u00f3n del municipio de Ensenada, con un amplio mercado laboral y que adem\u00e1s contribuyen al desarrollo cient\u00edfico, econ\u00f3mico y social de la regi\u00f3n. En la Unidad Acad\u00e9mica Ensenada se ofertan las ingenier\u00edas en Procesos Bioalimentarios y en Biotecnolog\u00eda, adem\u00e1s de las licenciaturas en Innovaci\u00f3n de Negocios y Mercadotecnia y en Gastronom\u00eda, esta \u00faltima de reciente incorporaci\u00f3n. Para cumplir con el modelo educativo, 70 por ciento pr\u00e1ctico, 30 por ciento te\u00f3rico, se cuenta con laboratorios especializados altamente equipados para cada carrera. \u201cEl objetivo del Gobierno del Estado, y por supuesto de nuestra Gobernadora Marina del Pilar Avila Olmeda, es ir incorporando m\u00e1s j\u00f3venes a las aulas, con la mejor formaci\u00f3n profesional, y ese es un trabajo que estamos haciendo en la Universidad Tecnol\u00f3gica\u201d, expres\u00f3. La visi\u00f3n de la UTT indic\u00f3, es detectar talentos desde el nivel medio superior para encaminarlos hacia las carreras del presente y del futuro, por ello la importancia de mantener un fuerte v\u00ednculo con las preparatorias de todos los subsistemas. El rector aprovech\u00f3 para agradecer a los directores la apertura que han mostrado para que la Universidad Tecnol\u00f3gica visite las preparatorias y difunda entre las y los alumnos pr\u00f3ximos a egresar las carreras que oferta la Unidad Acad\u00e9mica Ensenada, ubicada en la delegaci\u00f3n Maneadero. Durante este encuentro, las estudiantes de ingenier\u00eda en Procesos Bioalimentarios, Mariana L\u00f3pez Beyliss, y de ingenier\u00eda en Biotecnolog\u00eda, Gemma Ambriz L\u00f3pez, compartieron su experiencia como alumnas y lo satisfechas que est\u00e1n con su formaci\u00f3n profesional, lo que les ha abierto las puertas en el \u00e1mbito de la investigaci\u00f3n y laboral desde antes de egresar. Ambas fueron designadas Embajadoras de la Universidad Tecnol\u00f3gica de Tijuana, por su destacado desempe\u00f1o acad\u00e9mico. \u201cNos enorgullece que sean ellas quienes les hablen de la universidad, porque son un testimonio, un ejemplo viviente, de c\u00f3mo se les forma profesionalmente en la Unidad Acad\u00e9mica Ensenada\u201d, manifest\u00f3 el rector. A este encuentro asistieron directores y representantes de las preparatorias Cobach Ensenada, CBTA 198, Cobach Maneadero, Cecyte plantel Ensenada, CBTis 41, CETis 74 y CETMar 11, quienes pudieron degustar platillos preparados por alumnos de cuarto cuatrimestre de la Licenciatura en Gastronom\u00eda y constatar la preparaci\u00f3n que reciben desde que ingresan.<\/p>\n","protected":false},"author":2,"featured_media":0,"parent":0,"menu_order":0,"comment_status":"closed","ping_status":"closed","template":"","meta":{"_monsterinsights_skip_tracking":false,"_monsterinsights_sitenote_active":false,"_monsterinsights_sitenote_note":"","_monsterinsights_sitenote_category":0,"_uf_show_specific_survey":0,"_uf_disable_surveys":false,"site-sidebar-layout":"no-sidebar","site-content-layout":"page-builder","ast-site-content-layout":"default","site-content-style":"default","site-sidebar-style":"default","ast-global-header-display":"","ast-banner-title-visibility":"","ast-main-header-display":"","ast-hfb-above-header-display":"","ast-hfb-below-header-display":"","ast-hfb-mobile-header-display":"","site-post-title":"disabled","ast-breadcrumbs-content":"","ast-featured-img":"disabled","footer-sml-layout":"","ast-disable-related-posts":"","theme-transparent-header-meta":"","adv-header-id-meta":"","stick-header-meta":"","header-above-stick-meta":"","header-main-stick-meta":"","header-below-stick-meta":"","astra-migrate-meta-layouts":"default","ast-page-background-enabled":"default","ast-page-background-meta":{"desktop":{"background-color":"","background-image":"","background-repeat":"repeat","background-position":"center center","background-size":"auto","background-attachment":"scroll","background-type":"","background-media":"","overlay-type":"","overlay-color":"","overlay-opacity":"","overlay-gradient":""},"tablet":{"background-color":"","background-image":"","background-repeat":"repeat","background-position":"center center","background-size":"auto","background-attachment":"scroll","background-type":"","background-media":"","overlay-type":"","overlay-color":"","overlay-opacity":"","overlay-gradient":""},"mobile":{"background-color":"","background-image":"","background-repeat":"repeat","background-position":"center center","background-size":"auto","background-attachment":"scroll","background-type":"","background-media":"","overlay-type":"","overlay-color":"","overlay-opacity":"","overlay-gradient":""}},"ast-content-background-meta":{"desktop":{"background-color":"var(--ast-global-color-5)","background-image":"","background-repeat":"repeat","background-position":"center center","background-size":"auto","background-attachment":"scroll","background-type":"","background-media":"","overlay-type":"","overlay-color":"","overlay-opacity":"","overlay-gradient":""},"tablet":{"background-color":"var(--ast-global-color-5)","background-image":"","background-repeat":"repeat","background-position":"center center","background-size":"auto","background-attachment":"scroll","background-type":"","background-media":"","overlay-type":"","overlay-color":"","overlay-opacity":"","overlay-gradient":""},"mobile":{"background-color":"var(--ast-global-color-5)","background-image":"","background-repeat":"repeat","background-position":"center center","background-size":"auto","background-attachment":"scroll","background-type":"","background-media":"","overlay-type":"","overlay-color":"","overlay-opacity":"","overlay-gradient":""}},"footnotes":""},"class_list":["post-10274","page","type-page","status-publish","hentry"],"_links":{"self":[{"href":"https:\/\/uttijuana.edu.mx\/index.php\/wp-json\/wp\/v2\/pages\/10274","targetHints":{"allow":["GET"]}}],"collection":[{"href":"https:\/\/uttijuana.edu.mx\/index.php\/wp-json\/wp\/v2\/pages"}],"about":[{"href":"https:\/\/uttijuana.edu.mx\/index.php\/wp-json\/wp\/v2\/types\/page"}],"author":[{"embeddable":true,"href":"https:\/\/uttijuana.edu.mx\/index.php\/wp-json\/wp\/v2\/users\/2"}],"replies":[{"embeddable":true,"href":"https:\/\/uttijuana.edu.mx\/index.php\/wp-json\/wp\/v2\/comments?post=10274"}],"version-history":[{"count":7,"href":"https:\/\/uttijuana.edu.mx\/index.php\/wp-json\/wp\/v2\/pages\/10274\/revisions"}],"predecessor-version":[{"id":10285,"href":"https:\/\/uttijuana.edu.mx\/index.php\/wp-json\/wp\/v2\/pages\/10274\/revisions\/10285"}],"wp:attachment":[{"href":"https:\/\/uttijuana.edu.mx\/index.php\/wp-json\/wp\/v2\/media?parent=10274"}],"curies":[{"name":"wp","href":"https:\/\/api.w.org\/{rel}","templated":true}]}}