{"id":10286,"date":"2022-11-17T01:02:31","date_gmt":"2022-11-17T01:02:31","guid":{"rendered":"https:\/\/uttijuana.edu.mx\/?page_id=10286"},"modified":"2022-11-17T01:11:15","modified_gmt":"2022-11-17T01:11:15","slug":"contribuye-utt-a-la-capacitacion-y-evaluacion-de-los-servidores-publicos","status":"publish","type":"page","link":"https:\/\/uttijuana.edu.mx\/index.php\/contribuye-utt-a-la-capacitacion-y-evaluacion-de-los-servidores-publicos\/","title":{"rendered":"CONTRIBUYE UTT A LA CAPACITACI\u00d3N Y EVALUACI\u00d3N DE LOS SERVIDORES P\u00daBLICOS"},"content":{"rendered":"\t\t<div data-elementor-type=\"wp-page\" data-elementor-id=\"10286\" class=\"elementor elementor-10286\" data-elementor-post-type=\"page\">\n\t\t\t\t\t\t<section class=\"elementor-section elementor-top-section elementor-element elementor-element-d0f4028 elementor-section-boxed elementor-section-height-default elementor-section-height-default wpr-particle-no wpr-jarallax-no wpr-parallax-no wpr-sticky-section-no\" data-id=\"d0f4028\" data-element_type=\"section\">\n\t\t\t\t\t\t<div class=\"elementor-container elementor-column-gap-default\">\n\t\t\t\t\t<div class=\"elementor-column elementor-col-100 elementor-top-column elementor-element elementor-element-8025418\" data-id=\"8025418\" data-element_type=\"column\">\n\t\t\t<div class=\"elementor-widget-wrap elementor-element-populated\">\n\t\t\t\t\t\t<div class=\"elementor-element elementor-element-15c2a88 elementor-widget elementor-widget-heading\" data-id=\"15c2a88\" data-element_type=\"widget\" data-widget_type=\"heading.default\">\n\t\t\t\t<div class=\"elementor-widget-container\">\n\t\t\t\t\t<h2 class=\"elementor-heading-title elementor-size-default\">CONTRIBUYE UTT A LA CAPACITACI\u00d3N Y EVALUACI\u00d3N DE LOS SERVIDORES P\u00daBLICOS<\/h2>\t\t\t\t<\/div>\n\t\t\t\t<\/div>\n\t\t\t\t<div class=\"elementor-element elementor-element-e9e5e2f elementor-widget elementor-widget-image\" data-id=\"e9e5e2f\" data-element_type=\"widget\" data-widget_type=\"image.default\">\n\t\t\t\t<div class=\"elementor-widget-container\">\n\t\t\t\t\t\t\t\t\t\t\t\t\t\t\t<img decoding=\"async\" data-src=\"https:\/\/uttijuana.edu.mx\/wp-content\/uploads\/2022\/11\/Servideres-P-02.jpeg\" title=\"\" alt=\"\" src=\"data:image\/gif;base64,R0lGODlhAQABAAAAACH5BAEKAAEALAAAAAABAAEAAAICTAEAOw==\" class=\"lazyload\" \/>\t\t\t\t\t\t\t\t\t\t\t\t\t\t\t<\/div>\n\t\t\t\t<\/div>\n\t\t\t\t<div class=\"elementor-element elementor-element-e1341c3 elementor-widget elementor-widget-heading\" data-id=\"e1341c3\" data-element_type=\"widget\" data-widget_type=\"heading.default\">\n\t\t\t\t<div class=\"elementor-widget-container\">\n\t\t\t\t\t<h5 class=\"elementor-heading-title elementor-size-medium\"> <BLOCKQUOTE>La UTT refrend\u00f3 la acreditaci\u00f3n del CENPRODE como Centro Evaluador <p> <\/p>\n\nTIJUANA.- La Universidad Tecnol\u00f3gica de Tijuana (UTT) entreg\u00f3 al Centro de Profesionalizaci\u00f3n y Desarrollo de Capital Humano del Gobierno del Estado (CENPRODE), a trav\u00e9s de la Oficial\u00eda Mayor, la placa que refrenda su acreditaci\u00f3n como Centro de Evaluador con vigencia hasta al 30 de julio de 2023. <p> <\/p>\n \nEl rector, Mtro. Salvador Morales Riub\u00ed, explic\u00f3 que desde 2011 la universidad tecnol\u00f3gica es una Entidad de Certificaci\u00f3n y Evaluaci\u00f3n, avalada por el Consejo Nacional de Normalizaci\u00f3n y Certificaci\u00f3n de Competencias Laborales (CONOCER), lo que le permite acreditar a otras instituciones como centros evaluadores. <p> <\/p>\n \nEn 2016, el CENPRODE recibi\u00f3 la acreditaci\u00f3n como Centro Evaluador, con la finalidad de capacitar, evaluar y certificar las competencias laborales de los servidores p\u00fablicos del Gobierno del Estado, quienes han visto con agrado este esquema de capacitaci\u00f3n. <p> <\/p>\n \n\u201cA la fecha, se han certificado m\u00e1s de 15 mil 500 servidores p\u00fablicos en distintos est\u00e1ndares de competencias laborales, lo que ha significado un valioso avance en la profesionalizaci\u00f3n de la administraci\u00f3n p\u00fablica\u201d, indic\u00f3. <p> <\/p>\n \nAlgunos de los est\u00e1ndares de competencias laborales que se han impartido son: Asistencia Primaria de un Evento Adverso, Atenci\u00f3n al Ciudadano en el Sector P\u00fablico, Impartici\u00f3n de Cursos de Formaci\u00f3n de Capital Humano de Manera Presencial y Gesti\u00f3n de la Capacitaci\u00f3n en la Administraci\u00f3n P\u00fablica, entre otros. <p> <\/p>\n \nMorales Riub\u00ed resalt\u00f3 la voluntad y compromiso de los servidores p\u00fablicos para adquirir nuevos conocimientos y para certificar lo aprendido a lo largo de su trayectoria en diferentes \u00e1reas del gobierno, lo que a su vez se traduce en un mejor servicio para los usuarios. <p> <\/p>\n \n\u201cDesde la Universidad Tecnol\u00f3gica de Tijuana seguiremos promoviendo la profesionalizaci\u00f3n de los servidores p\u00fablicos a trav\u00e9s de nuestros aliados\u201d, afirm\u00f3, tras resaltar la reciente ratificaci\u00f3n del convenio de colaboraci\u00f3n con Oficial\u00eda Mayor del Gobierno de Baja California, que encabeza Roc\u00edo L\u00f3pez Gorosave. <p> <\/p>\n \nEl rector asegur\u00f3 que la UTT, a trav\u00e9s de la Secretar\u00eda de Vinculaci\u00f3n, se mantendr\u00e1 atenta a las necesidades de capacitaci\u00f3n y certificaci\u00f3n en el servicio p\u00fablico, para responder a los nuevos tiempos y de ser necesario, dise\u00f1ar nuevos est\u00e1ndares de competencia laboral.<\/h5>\t\t\t\t<\/div>\n\t\t\t\t<\/div>\n\t\t\t\t<div class=\"elementor-element elementor-element-61b434d elementor-widget elementor-widget-gallery\" data-id=\"61b434d\" data-element_type=\"widget\" data-settings=\"{&quot;columns&quot;:2,&quot;lazyload&quot;:&quot;yes&quot;,&quot;gallery_layout&quot;:&quot;grid&quot;,&quot;columns_tablet&quot;:2,&quot;columns_mobile&quot;:1,&quot;gap&quot;:{&quot;unit&quot;:&quot;px&quot;,&quot;size&quot;:10,&quot;sizes&quot;:[]},&quot;gap_tablet&quot;:{&quot;unit&quot;:&quot;px&quot;,&quot;size&quot;:10,&quot;sizes&quot;:[]},&quot;gap_mobile&quot;:{&quot;unit&quot;:&quot;px&quot;,&quot;size&quot;:10,&quot;sizes&quot;:[]},&quot;link_to&quot;:&quot;file&quot;,&quot;aspect_ratio&quot;:&quot;3:2&quot;,&quot;overlay_background&quot;:&quot;yes&quot;,&quot;content_hover_animation&quot;:&quot;fade-in&quot;}\" data-widget_type=\"gallery.default\">\n\t\t\t\t<div class=\"elementor-widget-container\">\n\t\t\t\t\t\t\t<div class=\"elementor-gallery__container\">\n\t\t\t\t\t<\/div>\n\t\t\t\t\t<\/div>\n\t\t\t\t<\/div>\n\t\t\t\t<div class=\"elementor-element elementor-element-93ba242 elementor-widget elementor-widget-spacer\" data-id=\"93ba242\" data-element_type=\"widget\" data-widget_type=\"spacer.default\">\n\t\t\t\t<div class=\"elementor-widget-container\">\n\t\t\t\t\t\t\t<div class=\"elementor-spacer\">\n\t\t\t<div class=\"elementor-spacer-inner\"><\/div>\n\t\t<\/div>\n\t\t\t\t\t\t<\/div>\n\t\t\t\t<\/div>\n\t\t\t\t\t<\/div>\n\t\t<\/div>\n\t\t\t\t\t<\/div>\n\t\t<\/section>\n\t\t\t\t<\/div>\n\t\t","protected":false},"excerpt":{"rendered":"<p>CONTRIBUYE UTT A LA CAPACITACI\u00d3N Y EVALUACI\u00d3N DE LOS SERVIDORES P\u00daBLICOS La UTT refrend\u00f3 la acreditaci\u00f3n del CENPRODE como Centro Evaluador TIJUANA.- La Universidad Tecnol\u00f3gica de Tijuana (UTT) entreg\u00f3 al Centro de Profesionalizaci\u00f3n y Desarrollo de Capital Humano del Gobierno del Estado (CENPRODE), a trav\u00e9s de la Oficial\u00eda Mayor, la placa que refrenda su acreditaci\u00f3n como Centro de Evaluador con vigencia hasta al 30 de julio de 2023. El rector, Mtro. Salvador Morales Riub\u00ed, explic\u00f3 que desde 2011 la universidad tecnol\u00f3gica es una Entidad de Certificaci\u00f3n y Evaluaci\u00f3n, avalada por el Consejo Nacional de Normalizaci\u00f3n y Certificaci\u00f3n de Competencias Laborales (CONOCER), lo que le permite acreditar a otras instituciones como centros evaluadores. En 2016, el CENPRODE recibi\u00f3 la acreditaci\u00f3n como Centro Evaluador, con la finalidad de capacitar, evaluar y certificar las competencias laborales de los servidores p\u00fablicos del Gobierno del Estado, quienes han visto con agrado este esquema de capacitaci\u00f3n. \u201cA la fecha, se han certificado m\u00e1s de 15 mil 500 servidores p\u00fablicos en distintos est\u00e1ndares de competencias laborales, lo que ha significado un valioso avance en la profesionalizaci\u00f3n de la administraci\u00f3n p\u00fablica\u201d, indic\u00f3. Algunos de los est\u00e1ndares de competencias laborales que se han impartido son: Asistencia Primaria de un Evento Adverso, Atenci\u00f3n al Ciudadano en el Sector P\u00fablico, Impartici\u00f3n de Cursos de Formaci\u00f3n de Capital Humano de Manera Presencial y Gesti\u00f3n de la Capacitaci\u00f3n en la Administraci\u00f3n P\u00fablica, entre otros. Morales Riub\u00ed resalt\u00f3 la voluntad y compromiso de los servidores p\u00fablicos para adquirir nuevos conocimientos y para certificar lo aprendido a lo largo de su trayectoria en diferentes \u00e1reas del gobierno, lo que a su vez se traduce en un mejor servicio para los usuarios. \u201cDesde la Universidad Tecnol\u00f3gica de Tijuana seguiremos promoviendo la profesionalizaci\u00f3n de los servidores p\u00fablicos a trav\u00e9s de nuestros aliados\u201d, afirm\u00f3, tras resaltar la reciente ratificaci\u00f3n del convenio de colaboraci\u00f3n con Oficial\u00eda Mayor del Gobierno de Baja California, que encabeza Roc\u00edo L\u00f3pez Gorosave. El rector asegur\u00f3 que la UTT, a trav\u00e9s de la Secretar\u00eda de Vinculaci\u00f3n, se mantendr\u00e1 atenta a las necesidades de capacitaci\u00f3n y certificaci\u00f3n en el servicio p\u00fablico, para responder a los nuevos tiempos y de ser necesario, dise\u00f1ar nuevos est\u00e1ndares de competencia laboral.<\/p>\n","protected":false},"author":2,"featured_media":0,"parent":0,"menu_order":0,"comment_status":"closed","ping_status":"closed","template":"","meta":{"_monsterinsights_skip_tracking":false,"_monsterinsights_sitenote_active":false,"_monsterinsights_sitenote_note":"","_monsterinsights_sitenote_category":0,"_uf_show_specific_survey":0,"_uf_disable_surveys":false,"site-sidebar-layout":"no-sidebar","site-content-layout":"page-builder","ast-site-content-layout":"default","site-content-style":"default","site-sidebar-style":"default","ast-global-header-display":"","ast-banner-title-visibility":"","ast-main-header-display":"","ast-hfb-above-header-display":"","ast-hfb-below-header-display":"","ast-hfb-mobile-header-display":"","site-post-title":"disabled","ast-breadcrumbs-content":"","ast-featured-img":"disabled","footer-sml-layout":"","ast-disable-related-posts":"","theme-transparent-header-meta":"","adv-header-id-meta":"","stick-header-meta":"","header-above-stick-meta":"","header-main-stick-meta":"","header-below-stick-meta":"","astra-migrate-meta-layouts":"default","ast-page-background-enabled":"default","ast-page-background-meta":{"desktop":{"background-color":"","background-image":"","background-repeat":"repeat","background-position":"center center","background-size":"auto","background-attachment":"scroll","background-type":"","background-media":"","overlay-type":"","overlay-color":"","overlay-opacity":"","overlay-gradient":""},"tablet":{"background-color":"","background-image":"","background-repeat":"repeat","background-position":"center center","background-size":"auto","background-attachment":"scroll","background-type":"","background-media":"","overlay-type":"","overlay-color":"","overlay-opacity":"","overlay-gradient":""},"mobile":{"background-color":"","background-image":"","background-repeat":"repeat","background-position":"center center","background-size":"auto","background-attachment":"scroll","background-type":"","background-media":"","overlay-type":"","overlay-color":"","overlay-opacity":"","overlay-gradient":""}},"ast-content-background-meta":{"desktop":{"background-color":"var(--ast-global-color-5)","background-image":"","background-repeat":"repeat","background-position":"center center","background-size":"auto","background-attachment":"scroll","background-type":"","background-media":"","overlay-type":"","overlay-color":"","overlay-opacity":"","overlay-gradient":""},"tablet":{"background-color":"var(--ast-global-color-5)","background-image":"","background-repeat":"repeat","background-position":"center center","background-size":"auto","background-attachment":"scroll","background-type":"","background-media":"","overlay-type":"","overlay-color":"","overlay-opacity":"","overlay-gradient":""},"mobile":{"background-color":"var(--ast-global-color-5)","background-image":"","background-repeat":"repeat","background-position":"center center","background-size":"auto","background-attachment":"scroll","background-type":"","background-media":"","overlay-type":"","overlay-color":"","overlay-opacity":"","overlay-gradient":""}},"footnotes":""},"class_list":["post-10286","page","type-page","status-publish","hentry"],"_links":{"self":[{"href":"https:\/\/uttijuana.edu.mx\/index.php\/wp-json\/wp\/v2\/pages\/10286","targetHints":{"allow":["GET"]}}],"collection":[{"href":"https:\/\/uttijuana.edu.mx\/index.php\/wp-json\/wp\/v2\/pages"}],"about":[{"href":"https:\/\/uttijuana.edu.mx\/index.php\/wp-json\/wp\/v2\/types\/page"}],"author":[{"embeddable":true,"href":"https:\/\/uttijuana.edu.mx\/index.php\/wp-json\/wp\/v2\/users\/2"}],"replies":[{"embeddable":true,"href":"https:\/\/uttijuana.edu.mx\/index.php\/wp-json\/wp\/v2\/comments?post=10286"}],"version-history":[{"count":4,"href":"https:\/\/uttijuana.edu.mx\/index.php\/wp-json\/wp\/v2\/pages\/10286\/revisions"}],"predecessor-version":[{"id":10294,"href":"https:\/\/uttijuana.edu.mx\/index.php\/wp-json\/wp\/v2\/pages\/10286\/revisions\/10294"}],"wp:attachment":[{"href":"https:\/\/uttijuana.edu.mx\/index.php\/wp-json\/wp\/v2\/media?parent=10286"}],"curies":[{"name":"wp","href":"https:\/\/api.w.org\/{rel}","templated":true}]}}