{"id":11363,"date":"2023-03-08T01:40:11","date_gmt":"2023-03-08T01:40:11","guid":{"rendered":"https:\/\/uttijuana.edu.mx\/?page_id=11363"},"modified":"2023-03-08T01:43:38","modified_gmt":"2023-03-08T01:43:38","slug":"ratifica-utt-pronunciamiento-contra-elhostigamiento-sexual-y-el-acoso-sexual","status":"publish","type":"page","link":"https:\/\/uttijuana.edu.mx\/index.php\/ratifica-utt-pronunciamiento-contra-elhostigamiento-sexual-y-el-acoso-sexual\/","title":{"rendered":"RATIFICA UTT PRONUNCIAMIENTO CONTRA EL<br>HOSTIGAMIENTO SEXUAL Y EL ACOSO SEXUAL"},"content":{"rendered":"\t\t<div data-elementor-type=\"wp-page\" data-elementor-id=\"11363\" class=\"elementor elementor-11363\" data-elementor-post-type=\"page\">\n\t\t\t\t\t\t<section class=\"elementor-section elementor-top-section elementor-element elementor-element-3894c10b elementor-section-boxed elementor-section-height-default elementor-section-height-default wpr-particle-no wpr-jarallax-no wpr-parallax-no wpr-sticky-section-no\" data-id=\"3894c10b\" data-element_type=\"section\">\n\t\t\t\t\t\t<div class=\"elementor-container elementor-column-gap-default\">\n\t\t\t\t\t<div class=\"elementor-column elementor-col-100 elementor-top-column elementor-element elementor-element-32873d70\" data-id=\"32873d70\" data-element_type=\"column\">\n\t\t\t<div class=\"elementor-widget-wrap elementor-element-populated\">\n\t\t\t\t\t\t<div class=\"elementor-element elementor-element-1d198b39 elementor-widget elementor-widget-heading\" data-id=\"1d198b39\" data-element_type=\"widget\" data-widget_type=\"heading.default\">\n\t\t\t\t<div class=\"elementor-widget-container\">\n\t\t\t\t\t<h2 class=\"elementor-heading-title elementor-size-default\">RATIFICA UTT PRONUNCIAMIENTO CONTRA EL\nHOSTIGAMIENTO SEXUAL Y EL ACOSO SEXUAL<\/h2>\t\t\t\t<\/div>\n\t\t\t\t<\/div>\n\t\t\t\t<div class=\"elementor-element elementor-element-11f5022 elementor-widget elementor-widget-image\" data-id=\"11f5022\" data-element_type=\"widget\" data-widget_type=\"image.default\">\n\t\t\t\t<div class=\"elementor-widget-container\">\n\t\t\t\t\t\t\t\t\t\t\t\t\t\t\t<img decoding=\"async\" data-src=\"https:\/\/uttijuana.edu.mx\/wp-content\/uploads\/2023\/03\/1-scaled.jpg\" title=\"\" alt=\"\" src=\"data:image\/gif;base64,R0lGODlhAQABAAAAACH5BAEKAAEALAAAAAABAAEAAAICTAEAOw==\" class=\"lazyload\" \/>\t\t\t\t\t\t\t\t\t\t\t\t\t\t\t<\/div>\n\t\t\t\t<\/div>\n\t\t\t\t<div class=\"elementor-element elementor-element-54d38dc elementor-widget elementor-widget-heading\" data-id=\"54d38dc\" data-element_type=\"widget\" data-widget_type=\"heading.default\">\n\t\t\t\t<div class=\"elementor-widget-container\">\n\t\t\t\t\t<h5 class=\"elementor-heading-title elementor-size-default\">Martes, 21 de febrero de 2023<\/h5>\t\t\t\t<\/div>\n\t\t\t\t<\/div>\n\t\t\t\t<div class=\"elementor-element elementor-element-61b554f1 elementor-widget elementor-widget-heading\" data-id=\"61b554f1\" data-element_type=\"widget\" data-widget_type=\"heading.default\">\n\t\t\t\t<div class=\"elementor-widget-container\">\n\t\t\t\t\t<h5 class=\"elementor-heading-title elementor-size-medium\"><blockquote>*El rector reconoci\u00f3 que el documento ha tenido un gran impacto\nen la forma en que convive la comunidad educativa<p> <\/p>\n\nTIJUANA.- La Universidad Tecnol\u00f3gica de Tijuana (UTT) y el Instituto\nde la Mujer de Baja California (Inmujer), llevaron a cabo la firma de\nratificaci\u00f3n del Pronunciamiento de Cero Tolerancia a las Conductas\nde Hostigamiento Sexual y Acoso Sexual, documento que se\nfundamenta en las leyes y tratados creados expresamente para la\nprotecci\u00f3n de las mujeres.<p> <\/p>\n\nEl rector, Mtro. Salvador Morales Riub\u00ed, expres\u00f3 que la gobernadora,\nMarina del Pilar Avila Olmeda, ha hecho un llamado a todas las\ndependencias y especialmente a las instituciones educativas, para que\nse act\u00faen con perspectiva de g\u00e9nero y sean muy puntuales en atender\nlas demandas de las mujeres.<p> <\/p>\n\nAfirm\u00f3 que, desde su creaci\u00f3n, el pronunciamiento ha marcado la\nforma de convivir y de conducirse en la universidad, ya que se ha\ndivulgado entre estudiantes, docentes y personal administrativo, a fin\nde hacer cumplir cada uno de los compromisos.<p> <\/p>\n\n\u201cTodos los que formamos parte de esta comunidad universitaria,\nhemos recibido el mensaje: en estas instalaciones no se tolerar\u00e1n\nconductas o situaciones que atenten contra la dignidad de las\npersonas, sin importar g\u00e9nero, preferencia sexual, origen, creencia o\ncondici\u00f3n social\u201d, pronunci\u00f3.<p> <\/p>\n\nMorales Riub\u00ed asegur\u00f3 que las personas que deseen pertenecer a esta\ninstituci\u00f3n deben saber que no es opcional sujetarse a estos\nlineamientos, pues lo que se busca es contribuir a tener una sociedad\ndonde las mujeres estudien y se desenvuelvan en espacios libres de\nviolencia de g\u00e9nero, en cualquiera de sus manifestaciones.<p> <\/p>\n\nLa directora del Instituto Estatal de la Mujer, Karla Pedr\u00edn Rembao,\ncelebr\u00f3 la firma del pronunciamiento y que la Universidad Tecnol\u00f3gica\nde Tijuana tenga un fuerte compromiso con estos temas, ya que una\nde las principales demandas de las v\u00edctimas es que se reconozca la\nexistencia del problema y que se le ponga un alto en todos los \u00e1mbitos\nde la sociedad.<p> <\/p>\n\nExpres\u00f3 que a nivel nacional se ha reconocido que las mujeres que\nenfrentan mayor riesgo de sufrir acoso y hostigamiento sexual son las\nmujeres j\u00f3venes, por eso se han enfocado en reforzar este mensaje\nen la educaci\u00f3n media superior y superior.<p> <\/p>\n\nDurante la firma del pronunciamiento, la estudiante de Tecnolog\u00edas de\nla Informaci\u00f3n, Rachel Pierce L\u00f3pez, manifest\u00f3 que contar con un\npronunciamiento da seguridad y tranquilidad a las mujeres, ya que\nsaben que podr\u00e1n ser escuchadas. <p> <\/p>\nEn tanto que, la docente Mar\u00eda\nRebeca Rivera, indic\u00f3 que por ninguna causa se deben normalizar, ya\nsea dentro o fuera de las aulas, conductas que atenten contra la\ndignidad y tranquilidad de las mujeres.<\/h5>\t\t\t\t<\/div>\n\t\t\t\t<\/div>\n\t\t\t\t<div class=\"elementor-element elementor-element-e78260f elementor-widget elementor-widget-spacer\" data-id=\"e78260f\" data-element_type=\"widget\" data-widget_type=\"spacer.default\">\n\t\t\t\t<div class=\"elementor-widget-container\">\n\t\t\t\t\t\t\t<div class=\"elementor-spacer\">\n\t\t\t<div class=\"elementor-spacer-inner\"><\/div>\n\t\t<\/div>\n\t\t\t\t\t\t<\/div>\n\t\t\t\t<\/div>\n\t\t\t\t\t<\/div>\n\t\t<\/div>\n\t\t\t\t\t<\/div>\n\t\t<\/section>\n\t\t\t\t<section class=\"elementor-section elementor-top-section elementor-element elementor-element-9eb7fac elementor-section-boxed elementor-section-height-default elementor-section-height-default wpr-particle-no wpr-jarallax-no wpr-parallax-no wpr-sticky-section-no\" data-id=\"9eb7fac\" data-element_type=\"section\">\n\t\t\t\t\t\t<div class=\"elementor-container elementor-column-gap-default\">\n\t\t\t\t\t<div class=\"elementor-column elementor-col-100 elementor-top-column elementor-element elementor-element-7f6390c\" data-id=\"7f6390c\" data-element_type=\"column\">\n\t\t\t<div class=\"elementor-widget-wrap elementor-element-populated\">\n\t\t\t\t\t\t<div class=\"elementor-element elementor-element-7c42cd3 elementor-widget elementor-widget-image-gallery\" data-id=\"7c42cd3\" data-element_type=\"widget\" data-widget_type=\"image-gallery.default\">\n\t\t\t\t<div class=\"elementor-widget-container\">\n\t\t\t\t\t\t\t<div class=\"elementor-image-gallery\">\n\t\t\t\t\t<\/div>\n\t\t\t\t\t\t<\/div>\n\t\t\t\t<\/div>\n\t\t\t\t\t<\/div>\n\t\t<\/div>\n\t\t\t\t\t<\/div>\n\t\t<\/section>\n\t\t\t\t<\/div>\n\t\t","protected":false},"excerpt":{"rendered":"<p>RATIFICA UTT PRONUNCIAMIENTO CONTRA EL HOSTIGAMIENTO SEXUAL Y EL ACOSO SEXUAL Martes, 21 de febrero de 2023 *El rector reconoci\u00f3 que el documento ha tenido un gran impacto en la forma en que convive la comunidad educativa TIJUANA.- La Universidad Tecnol\u00f3gica de Tijuana (UTT) y el Instituto de la Mujer de Baja California (Inmujer), llevaron a cabo la firma de ratificaci\u00f3n del Pronunciamiento de Cero Tolerancia a las Conductas de Hostigamiento Sexual y Acoso Sexual, documento que se fundamenta en las leyes y tratados creados expresamente para la protecci\u00f3n de las mujeres. El rector, Mtro. Salvador Morales Riub\u00ed, expres\u00f3 que la gobernadora, Marina del Pilar Avila Olmeda, ha hecho un llamado a todas las dependencias y especialmente a las instituciones educativas, para que se act\u00faen con perspectiva de g\u00e9nero y sean muy puntuales en atender las demandas de las mujeres. Afirm\u00f3 que, desde su creaci\u00f3n, el pronunciamiento ha marcado la forma de convivir y de conducirse en la universidad, ya que se ha divulgado entre estudiantes, docentes y personal administrativo, a fin de hacer cumplir cada uno de los compromisos. \u201cTodos los que formamos parte de esta comunidad universitaria, hemos recibido el mensaje: en estas instalaciones no se tolerar\u00e1n conductas o situaciones que atenten contra la dignidad de las personas, sin importar g\u00e9nero, preferencia sexual, origen, creencia o condici\u00f3n social\u201d, pronunci\u00f3. Morales Riub\u00ed asegur\u00f3 que las personas que deseen pertenecer a esta instituci\u00f3n deben saber que no es opcional sujetarse a estos lineamientos, pues lo que se busca es contribuir a tener una sociedad donde las mujeres estudien y se desenvuelvan en espacios libres de violencia de g\u00e9nero, en cualquiera de sus manifestaciones. La directora del Instituto Estatal de la Mujer, Karla Pedr\u00edn Rembao, celebr\u00f3 la firma del pronunciamiento y que la Universidad Tecnol\u00f3gica de Tijuana tenga un fuerte compromiso con estos temas, ya que una de las principales demandas de las v\u00edctimas es que se reconozca la existencia del problema y que se le ponga un alto en todos los \u00e1mbitos de la sociedad. Expres\u00f3 que a nivel nacional se ha reconocido que las mujeres que enfrentan mayor riesgo de sufrir acoso y hostigamiento sexual son las mujeres j\u00f3venes, por eso se han enfocado en reforzar este mensaje en la educaci\u00f3n media superior y superior. Durante la firma del pronunciamiento, la estudiante de Tecnolog\u00edas de la Informaci\u00f3n, Rachel Pierce L\u00f3pez, manifest\u00f3 que contar con un pronunciamiento da seguridad y tranquilidad a las mujeres, ya que saben que podr\u00e1n ser escuchadas. En tanto que, la docente Mar\u00eda Rebeca Rivera, indic\u00f3 que por ninguna causa se deben normalizar, ya sea dentro o fuera de las aulas, conductas que atenten contra la dignidad y tranquilidad de las mujeres.<\/p>\n","protected":false},"author":2,"featured_media":0,"parent":0,"menu_order":0,"comment_status":"closed","ping_status":"closed","template":"","meta":{"_monsterinsights_skip_tracking":false,"_monsterinsights_sitenote_active":false,"_monsterinsights_sitenote_note":"","_monsterinsights_sitenote_category":0,"_uf_show_specific_survey":0,"_uf_disable_surveys":false,"site-sidebar-layout":"no-sidebar","site-content-layout":"page-builder","ast-site-content-layout":"default","site-content-style":"default","site-sidebar-style":"default","ast-global-header-display":"","ast-banner-title-visibility":"","ast-main-header-display":"","ast-hfb-above-header-display":"","ast-hfb-below-header-display":"","ast-hfb-mobile-header-display":"","site-post-title":"disabled","ast-breadcrumbs-content":"","ast-featured-img":"disabled","footer-sml-layout":"","ast-disable-related-posts":"","theme-transparent-header-meta":"","adv-header-id-meta":"","stick-header-meta":"","header-above-stick-meta":"","header-main-stick-meta":"","header-below-stick-meta":"","astra-migrate-meta-layouts":"default","ast-page-background-enabled":"default","ast-page-background-meta":{"desktop":{"background-color":"","background-image":"","background-repeat":"repeat","background-position":"center center","background-size":"auto","background-attachment":"scroll","background-type":"","background-media":"","overlay-type":"","overlay-color":"","overlay-opacity":"","overlay-gradient":""},"tablet":{"background-color":"","background-image":"","background-repeat":"repeat","background-position":"center center","background-size":"auto","background-attachment":"scroll","background-type":"","background-media":"","overlay-type":"","overlay-color":"","overlay-opacity":"","overlay-gradient":""},"mobile":{"background-color":"","background-image":"","background-repeat":"repeat","background-position":"center center","background-size":"auto","background-attachment":"scroll","background-type":"","background-media":"","overlay-type":"","overlay-color":"","overlay-opacity":"","overlay-gradient":""}},"ast-content-background-meta":{"desktop":{"background-color":"var(--ast-global-color-5)","background-image":"","background-repeat":"repeat","background-position":"center center","background-size":"auto","background-attachment":"scroll","background-type":"","background-media":"","overlay-type":"","overlay-color":"","overlay-opacity":"","overlay-gradient":""},"tablet":{"background-color":"var(--ast-global-color-5)","background-image":"","background-repeat":"repeat","background-position":"center center","background-size":"auto","background-attachment":"scroll","background-type":"","background-media":"","overlay-type":"","overlay-color":"","overlay-opacity":"","overlay-gradient":""},"mobile":{"background-color":"var(--ast-global-color-5)","background-image":"","background-repeat":"repeat","background-position":"center center","background-size":"auto","background-attachment":"scroll","background-type":"","background-media":"","overlay-type":"","overlay-color":"","overlay-opacity":"","overlay-gradient":""}},"footnotes":""},"class_list":["post-11363","page","type-page","status-publish","hentry"],"_links":{"self":[{"href":"https:\/\/uttijuana.edu.mx\/index.php\/wp-json\/wp\/v2\/pages\/11363","targetHints":{"allow":["GET"]}}],"collection":[{"href":"https:\/\/uttijuana.edu.mx\/index.php\/wp-json\/wp\/v2\/pages"}],"about":[{"href":"https:\/\/uttijuana.edu.mx\/index.php\/wp-json\/wp\/v2\/types\/page"}],"author":[{"embeddable":true,"href":"https:\/\/uttijuana.edu.mx\/index.php\/wp-json\/wp\/v2\/users\/2"}],"replies":[{"embeddable":true,"href":"https:\/\/uttijuana.edu.mx\/index.php\/wp-json\/wp\/v2\/comments?post=11363"}],"version-history":[{"count":4,"href":"https:\/\/uttijuana.edu.mx\/index.php\/wp-json\/wp\/v2\/pages\/11363\/revisions"}],"predecessor-version":[{"id":11368,"href":"https:\/\/uttijuana.edu.mx\/index.php\/wp-json\/wp\/v2\/pages\/11363\/revisions\/11368"}],"wp:attachment":[{"href":"https:\/\/uttijuana.edu.mx\/index.php\/wp-json\/wp\/v2\/media?parent=11363"}],"curies":[{"name":"wp","href":"https:\/\/api.w.org\/{rel}","templated":true}]}}