{"id":11510,"date":"2023-03-22T23:06:52","date_gmt":"2023-03-22T23:06:52","guid":{"rendered":"https:\/\/uttijuana.edu.mx\/?page_id=11510"},"modified":"2023-03-22T23:15:16","modified_gmt":"2023-03-22T23:15:16","slug":"inaugura-utt-torneo-nacional-de-robotica-y-aeronautica-2023","status":"publish","type":"page","link":"https:\/\/uttijuana.edu.mx\/index.php\/inaugura-utt-torneo-nacional-de-robotica-y-aeronautica-2023\/","title":{"rendered":"INAUGURA UTT TORNEO NACIONAL DE ROB\u00d3TICA Y AERON\u00c1UTICA 2023"},"content":{"rendered":"\t\t<div data-elementor-type=\"wp-page\" data-elementor-id=\"11510\" class=\"elementor elementor-11510\" data-elementor-post-type=\"page\">\n\t\t\t\t\t\t<section class=\"elementor-section elementor-top-section elementor-element elementor-element-2f9daec1 elementor-section-boxed elementor-section-height-default elementor-section-height-default wpr-particle-no wpr-jarallax-no wpr-parallax-no wpr-sticky-section-no\" data-id=\"2f9daec1\" data-element_type=\"section\">\n\t\t\t\t\t\t<div class=\"elementor-container elementor-column-gap-default\">\n\t\t\t\t\t<div class=\"elementor-column elementor-col-100 elementor-top-column elementor-element elementor-element-1a276446\" data-id=\"1a276446\" data-element_type=\"column\">\n\t\t\t<div class=\"elementor-widget-wrap elementor-element-populated\">\n\t\t\t\t\t\t<div class=\"elementor-element elementor-element-2552b895 elementor-widget elementor-widget-heading\" data-id=\"2552b895\" data-element_type=\"widget\" data-widget_type=\"heading.default\">\n\t\t\t\t<div class=\"elementor-widget-container\">\n\t\t\t\t\t<h2 class=\"elementor-heading-title elementor-size-default\">INAUGURA UTT TORNEO NACIONAL DE ROB\u00d3TICA Y AERON\u00c1UTICA 2023<\/h2>\t\t\t\t<\/div>\n\t\t\t\t<\/div>\n\t\t\t\t<div class=\"elementor-element elementor-element-25dc758 elementor-widget elementor-widget-image\" data-id=\"25dc758\" data-element_type=\"widget\" data-widget_type=\"image.default\">\n\t\t\t\t<div class=\"elementor-widget-container\">\n\t\t\t\t\t\t\t\t\t\t\t\t\t\t\t<img decoding=\"async\" data-src=\"https:\/\/uttijuana.edu.mx\/wp-content\/uploads\/2023\/03\/9ba0e2a2-6be8-499e-9609-6e02ea5c8f36.jpg\" title=\"\" alt=\"\" src=\"data:image\/gif;base64,R0lGODlhAQABAAAAACH5BAEKAAEALAAAAAABAAEAAAICTAEAOw==\" class=\"lazyload\" \/>\t\t\t\t\t\t\t\t\t\t\t\t\t\t\t<\/div>\n\t\t\t\t<\/div>\n\t\t\t\t<div class=\"elementor-element elementor-element-5bea8b92 elementor-widget elementor-widget-heading\" data-id=\"5bea8b92\" data-element_type=\"widget\" data-widget_type=\"heading.default\">\n\t\t\t\t<div class=\"elementor-widget-container\">\n\t\t\t\t\t<h5 class=\"elementor-heading-title elementor-size-medium\"> <BLOCKQUOTE>\u2022 El rector destac\u00f3 que la UTT es pionera de este tipo de competencias acad\u00e9micas, donde sobresale el talento y la creatividad <p> <\/p>\n \nTIJUANA.- Con un registro de 50 prototipos desarrollados por 120 estudiantes de distintas instituciones acad\u00e9micas, dio inicio la d\u00e9cimo primera edici\u00f3n del Torneo Nacional de Rob\u00f3tica y Aeron\u00e1utica 2023 de la Universidad Tecnol\u00f3gica de Tijuana (UTT), cuyas actividades se extender\u00e1n hasta este s\u00e1bado.<p> <\/p>\n \nDurante la ceremonia inaugural, el rector Mtro. Salvador Morales Riub\u00ed, expres\u00f3 que es motivo de orgullo ser pioneros de este tipo de competencias, en las que las y los estudiantes de UTT siempre destacan, al ocupar los primeros lugares con sus prototipos creados desde cero en los laboratorios de la instituci\u00f3n.<p> <\/p>\n \n\u201cPara la Universidad Tecnol\u00f3gica de Tijuana es un honor organizar y ser sede de una de las competencias de rob\u00f3tica m\u00e1s emblem\u00e1ticas de la regi\u00f3n Noroeste\u201d, expres\u00f3, tras recordar que durante 11 a\u00f1os han congregado al talento local y de otras entidades del pa\u00eds, para poner a prueba sus conocimientos en las \u00e1reas de dise\u00f1o, ensamble y programaci\u00f3n de prototipos.<p> <\/p>\n \nDestac\u00f3 que a este torneo acuden representantes de empresas e industrias con la finalidad de captar talento durante las competencias, por lo que les hizo un atento llamado a apreciar la iniciativa y la creatividad de las y los j\u00f3venes, pues es tan solo una muestra de lo que son capaces de lograr.<p> <\/p>\n \n\u201cTenemos aqu\u00ed reunidas mentes brillantes, que est\u00e1n en espera de una oportunidad para demostrar lo que pueden aportar. Estoy seguro de que, quien les abra las puertas, no se va a arrepentir\u201d.<p> <\/p>\n \nA nombre de una de las empresas patrocinadoras del torneo, SMK Electr\u00f3nica, el contralor general Pedro Cortez, destac\u00f3 que est\u00e1n muy complacidos con los resultados obtenidos en todas las ediciones en las que han participado y no deja de sorprenderles el talento de los participantes, \u201ccada a\u00f1o ha sido mejor\u201d.<p> <\/p>\n \nEn esta edici\u00f3n, los participantes competir\u00e1n en las categor\u00edas de Finderbot, Rescatista, Thunderbot, Aeromodelismo avi\u00f3n con motor y Aeromodelismo planeador a escala; hay premios econ\u00f3micos y medallas para los tres primeros lugares de cada categor\u00eda.<p> <\/p>\n \nPosterior al acto inaugural, el General Jorge Arredondo Abitia, comandante de la Base A\u00e9rea Militar n\u00famero 12, ofreci\u00f3 la conferencia titulada \u201cDifusi\u00f3n de Cultura de Seguridad Nacional\u201d, mientras que Marco Antonio Negrete Villanueva, miembro del consejo directivo de la Federaci\u00f3n Mexicana de Rob\u00f3tica, imparti\u00f3 el taller \u201cIntroducci\u00f3n a los Robots de Servicio Dom\u00e9stico\u201d.<p> <\/p><\/h5>\t\t\t\t<\/div>\n\t\t\t\t<\/div>\n\t\t\t\t<div class=\"elementor-element elementor-element-075e36d elementor-widget elementor-widget-image\" data-id=\"075e36d\" data-element_type=\"widget\" data-widget_type=\"image.default\">\n\t\t\t\t<div class=\"elementor-widget-container\">\n\t\t\t\t\t\t\t\t\t\t\t\t\t\t\t<img decoding=\"async\" data-src=\"https:\/\/uttijuana.edu.mx\/wp-content\/uploads\/2023\/03\/image_6483441-1.jpg\" title=\"\" alt=\"\" src=\"data:image\/gif;base64,R0lGODlhAQABAAAAACH5BAEKAAEALAAAAAABAAEAAAICTAEAOw==\" class=\"lazyload\" \/>\t\t\t\t\t\t\t\t\t\t\t\t\t\t\t<\/div>\n\t\t\t\t<\/div>\n\t\t\t\t<div class=\"elementor-element elementor-element-43df7cd1 elementor-widget elementor-widget-spacer\" data-id=\"43df7cd1\" data-element_type=\"widget\" data-widget_type=\"spacer.default\">\n\t\t\t\t<div class=\"elementor-widget-container\">\n\t\t\t\t\t\t\t<div class=\"elementor-spacer\">\n\t\t\t<div class=\"elementor-spacer-inner\"><\/div>\n\t\t<\/div>\n\t\t\t\t\t\t<\/div>\n\t\t\t\t<\/div>\n\t\t\t\t\t<\/div>\n\t\t<\/div>\n\t\t\t\t\t<\/div>\n\t\t<\/section>\n\t\t\t\t<\/div>\n\t\t","protected":false},"excerpt":{"rendered":"<p>INAUGURA UTT TORNEO NACIONAL DE ROB\u00d3TICA Y AERON\u00c1UTICA 2023 \u2022 El rector destac\u00f3 que la UTT es pionera de este tipo de competencias acad\u00e9micas, donde sobresale el talento y la creatividad TIJUANA.- Con un registro de 50 prototipos desarrollados por 120 estudiantes de distintas instituciones acad\u00e9micas, dio inicio la d\u00e9cimo primera edici\u00f3n del Torneo Nacional de Rob\u00f3tica y Aeron\u00e1utica 2023 de la Universidad Tecnol\u00f3gica de Tijuana (UTT), cuyas actividades se extender\u00e1n hasta este s\u00e1bado. Durante la ceremonia inaugural, el rector Mtro. Salvador Morales Riub\u00ed, expres\u00f3 que es motivo de orgullo ser pioneros de este tipo de competencias, en las que las y los estudiantes de UTT siempre destacan, al ocupar los primeros lugares con sus prototipos creados desde cero en los laboratorios de la instituci\u00f3n. \u201cPara la Universidad Tecnol\u00f3gica de Tijuana es un honor organizar y ser sede de una de las competencias de rob\u00f3tica m\u00e1s emblem\u00e1ticas de la regi\u00f3n Noroeste\u201d, expres\u00f3, tras recordar que durante 11 a\u00f1os han congregado al talento local y de otras entidades del pa\u00eds, para poner a prueba sus conocimientos en las \u00e1reas de dise\u00f1o, ensamble y programaci\u00f3n de prototipos. Destac\u00f3 que a este torneo acuden representantes de empresas e industrias con la finalidad de captar talento durante las competencias, por lo que les hizo un atento llamado a apreciar la iniciativa y la creatividad de las y los j\u00f3venes, pues es tan solo una muestra de lo que son capaces de lograr. \u201cTenemos aqu\u00ed reunidas mentes brillantes, que est\u00e1n en espera de una oportunidad para demostrar lo que pueden aportar. Estoy seguro de que, quien les abra las puertas, no se va a arrepentir\u201d. A nombre de una de las empresas patrocinadoras del torneo, SMK Electr\u00f3nica, el contralor general Pedro Cortez, destac\u00f3 que est\u00e1n muy complacidos con los resultados obtenidos en todas las ediciones en las que han participado y no deja de sorprenderles el talento de los participantes, \u201ccada a\u00f1o ha sido mejor\u201d. En esta edici\u00f3n, los participantes competir\u00e1n en las categor\u00edas de Finderbot, Rescatista, Thunderbot, Aeromodelismo avi\u00f3n con motor y Aeromodelismo planeador a escala; hay premios econ\u00f3micos y medallas para los tres primeros lugares de cada categor\u00eda. Posterior al acto inaugural, el General Jorge Arredondo Abitia, comandante de la Base A\u00e9rea Militar n\u00famero 12, ofreci\u00f3 la conferencia titulada \u201cDifusi\u00f3n de Cultura de Seguridad Nacional\u201d, mientras que Marco Antonio Negrete Villanueva, miembro del consejo directivo de la Federaci\u00f3n Mexicana de Rob\u00f3tica, imparti\u00f3 el taller \u201cIntroducci\u00f3n a los Robots de Servicio Dom\u00e9stico\u201d.<\/p>\n","protected":false},"author":2,"featured_media":0,"parent":0,"menu_order":0,"comment_status":"closed","ping_status":"closed","template":"","meta":{"_monsterinsights_skip_tracking":false,"_monsterinsights_sitenote_active":false,"_monsterinsights_sitenote_note":"","_monsterinsights_sitenote_category":0,"_uf_show_specific_survey":0,"_uf_disable_surveys":false,"site-sidebar-layout":"no-sidebar","site-content-layout":"page-builder","ast-site-content-layout":"default","site-content-style":"default","site-sidebar-style":"default","ast-global-header-display":"","ast-banner-title-visibility":"","ast-main-header-display":"","ast-hfb-above-header-display":"","ast-hfb-below-header-display":"","ast-hfb-mobile-header-display":"","site-post-title":"disabled","ast-breadcrumbs-content":"","ast-featured-img":"disabled","footer-sml-layout":"","ast-disable-related-posts":"","theme-transparent-header-meta":"","adv-header-id-meta":"","stick-header-meta":"","header-above-stick-meta":"","header-main-stick-meta":"","header-below-stick-meta":"","astra-migrate-meta-layouts":"default","ast-page-background-enabled":"default","ast-page-background-meta":{"desktop":{"background-color":"","background-image":"","background-repeat":"repeat","background-position":"center center","background-size":"auto","background-attachment":"scroll","background-type":"","background-media":"","overlay-type":"","overlay-color":"","overlay-opacity":"","overlay-gradient":""},"tablet":{"background-color":"","background-image":"","background-repeat":"repeat","background-position":"center center","background-size":"auto","background-attachment":"scroll","background-type":"","background-media":"","overlay-type":"","overlay-color":"","overlay-opacity":"","overlay-gradient":""},"mobile":{"background-color":"","background-image":"","background-repeat":"repeat","background-position":"center center","background-size":"auto","background-attachment":"scroll","background-type":"","background-media":"","overlay-type":"","overlay-color":"","overlay-opacity":"","overlay-gradient":""}},"ast-content-background-meta":{"desktop":{"background-color":"var(--ast-global-color-5)","background-image":"","background-repeat":"repeat","background-position":"center center","background-size":"auto","background-attachment":"scroll","background-type":"","background-media":"","overlay-type":"","overlay-color":"","overlay-opacity":"","overlay-gradient":""},"tablet":{"background-color":"var(--ast-global-color-5)","background-image":"","background-repeat":"repeat","background-position":"center center","background-size":"auto","background-attachment":"scroll","background-type":"","background-media":"","overlay-type":"","overlay-color":"","overlay-opacity":"","overlay-gradient":""},"mobile":{"background-color":"var(--ast-global-color-5)","background-image":"","background-repeat":"repeat","background-position":"center center","background-size":"auto","background-attachment":"scroll","background-type":"","background-media":"","overlay-type":"","overlay-color":"","overlay-opacity":"","overlay-gradient":""}},"footnotes":""},"class_list":["post-11510","page","type-page","status-publish","hentry"],"_links":{"self":[{"href":"https:\/\/uttijuana.edu.mx\/index.php\/wp-json\/wp\/v2\/pages\/11510","targetHints":{"allow":["GET"]}}],"collection":[{"href":"https:\/\/uttijuana.edu.mx\/index.php\/wp-json\/wp\/v2\/pages"}],"about":[{"href":"https:\/\/uttijuana.edu.mx\/index.php\/wp-json\/wp\/v2\/types\/page"}],"author":[{"embeddable":true,"href":"https:\/\/uttijuana.edu.mx\/index.php\/wp-json\/wp\/v2\/users\/2"}],"replies":[{"embeddable":true,"href":"https:\/\/uttijuana.edu.mx\/index.php\/wp-json\/wp\/v2\/comments?post=11510"}],"version-history":[{"count":10,"href":"https:\/\/uttijuana.edu.mx\/index.php\/wp-json\/wp\/v2\/pages\/11510\/revisions"}],"predecessor-version":[{"id":11527,"href":"https:\/\/uttijuana.edu.mx\/index.php\/wp-json\/wp\/v2\/pages\/11510\/revisions\/11527"}],"wp:attachment":[{"href":"https:\/\/uttijuana.edu.mx\/index.php\/wp-json\/wp\/v2\/media?parent=11510"}],"curies":[{"name":"wp","href":"https:\/\/api.w.org\/{rel}","templated":true}]}}