{"id":11577,"date":"2023-03-23T22:52:10","date_gmt":"2023-03-23T22:52:10","guid":{"rendered":"https:\/\/uttijuana.edu.mx\/?page_id=11577"},"modified":"2023-03-23T23:04:03","modified_gmt":"2023-03-23T23:04:03","slug":"incentiva-utt-estudio-de-ingenierias-entre-alumnas-de-preparatoria","status":"publish","type":"page","link":"https:\/\/uttijuana.edu.mx\/index.php\/incentiva-utt-estudio-de-ingenierias-entre-alumnas-de-preparatoria\/","title":{"rendered":"INCENTIVA UTT ESTUDIO DE INGENIER\u00cdAS ENTRE ALUMNAS DE PREPARATORIA"},"content":{"rendered":"\t\t<div data-elementor-type=\"wp-page\" data-elementor-id=\"11577\" class=\"elementor elementor-11577\" data-elementor-post-type=\"page\">\n\t\t\t\t\t\t<section class=\"elementor-section elementor-top-section elementor-element elementor-element-5929a29b elementor-section-boxed elementor-section-height-default elementor-section-height-default wpr-particle-no wpr-jarallax-no wpr-parallax-no wpr-sticky-section-no\" data-id=\"5929a29b\" data-element_type=\"section\">\n\t\t\t\t\t\t<div class=\"elementor-container elementor-column-gap-default\">\n\t\t\t\t\t<div class=\"elementor-column elementor-col-100 elementor-top-column elementor-element elementor-element-4788af4d\" data-id=\"4788af4d\" data-element_type=\"column\">\n\t\t\t<div class=\"elementor-widget-wrap elementor-element-populated\">\n\t\t\t\t\t\t<div class=\"elementor-element elementor-element-1d3fe739 elementor-widget elementor-widget-heading\" data-id=\"1d3fe739\" data-element_type=\"widget\" data-widget_type=\"heading.default\">\n\t\t\t\t<div class=\"elementor-widget-container\">\n\t\t\t\t\t<h2 class=\"elementor-heading-title elementor-size-default\">INCENTIVA UTT ESTUDIO DE INGENIER\u00cdAS ENTRE ALUMNAS DE PREPARATORIA<\/h2>\t\t\t\t<\/div>\n\t\t\t\t<\/div>\n\t\t\t\t<div class=\"elementor-element elementor-element-4c27f43d elementor-widget elementor-widget-image\" data-id=\"4c27f43d\" data-element_type=\"widget\" data-widget_type=\"image.default\">\n\t\t\t\t<div class=\"elementor-widget-container\">\n\t\t\t\t\t\t\t\t\t\t\t\t\t\t\t<img decoding=\"async\" data-src=\"https:\/\/uttijuana.edu.mx\/wp-content\/uploads\/2023\/03\/WhatsApp-Image-2023-03-23-at-3.22.44-PM.jpeg\" title=\"\" alt=\"\" src=\"data:image\/gif;base64,R0lGODlhAQABAAAAACH5BAEKAAEALAAAAAABAAEAAAICTAEAOw==\" class=\"lazyload\" \/>\t\t\t\t\t\t\t\t\t\t\t\t\t\t\t<\/div>\n\t\t\t\t<\/div>\n\t\t\t\t<div class=\"elementor-element elementor-element-2301491 elementor-widget elementor-widget-heading\" data-id=\"2301491\" data-element_type=\"widget\" data-widget_type=\"heading.default\">\n\t\t\t\t<div class=\"elementor-widget-container\">\n\t\t\t\t\t<h5 class=\"elementor-heading-title elementor-size-medium\">Jueves, 23 de marzo de 2023 \n<BLOCKQUOTE>*En el panel \"Mujeres en las ingenier\u00edas\", estudiantes de UTT motivaron a trav\u00e9s de su experiencia a alumnas de Cecyte para que elijan estudiar una ingenier\u00eda <p> <\/p>\n\n\nLas fichas est\u00e1n disponibles en el portal www.uttijuana.edu.mx, en la secci\u00f3n Aspirantes. La convocatoria 2023 cierra el 19 de mayo.<p> <\/p>\n\n \nTIJUANA.- Con la finalidad de incentivar a estudiantes de preparatoria a que elijan una Ingenier\u00eda, la Universidad Tecnol\u00f3gica de Tijuana (UTT) llev\u00f3 a cabo un panel con la participaci\u00f3n de estudiantes de cuatro ingenier\u00edas, quienes compartieron su experiencia desde la elecci\u00f3n de carrera hasta la actualidad.<p> <\/p>\n \nFrente a 150 alumnas de Cecyte plantel El Florido, las estudiantes reconocieron que en sus familias hubo cierta resistencia cuando confirmaron que hab\u00edan decidido estudiar una ingenier\u00eda, ya que son carreras que tradicionalmente eran elegidas en su mayor\u00eda por hombres.<p> <\/p>\n \nLa alumna Dafne Guerra Salcedo, de Ingenier\u00eda en Tecnolog\u00eda Ambiental, comparti\u00f3 que desde la preparatoria se involucr\u00f3 en temas ambientales y por ello eligi\u00f3 estudiar esa carrera, que le permite aportar mucho m\u00e1s al medio ambiente, ya que actualmente participa en proyectos de beneficio para la comunidad y la salud p\u00fablica.<p> <\/p>\n \nX\u00f3chitl Capi Mart\u00ednez, alumna de Ingenier\u00eda en Procesos y Operaciones Industriales, asegur\u00f3 que puede ser un desaf\u00edo estudiar en un sal\u00f3n de clases donde la mayor\u00eda son hombres, sin embargo, reconoci\u00f3 que las mujeres han demostrado tener las mismas capacidades y habilidades para el manejo y operaci\u00f3n de las m\u00e1quinas.<p> <\/p>\n \nPara la estudiante de Ingenier\u00eda en Mecatr\u00f3nica, Samantha Mart\u00ednez Mayoral, haber elegido esa carrera ha sido una experiencia gratificante y asegur\u00f3 que en la Universidad Tecnol\u00f3gica de Tijuana ha encontrado condiciones de equidad, ya que las y los docentes toman en cuenta por igual a hombres y mujeres al momento de realizar las pr\u00e1cticas y proyectos.<p> <\/p>\n \nDenisse Villa S\u00e1nchez, quien estudia la Ingenier\u00eda en Energ\u00edas Renovables, coment\u00f3 que su carrera implica retos como subir a techos, saber utilizar equipos de seguridad y herramientas, lo que no se le ha dificultado, ni la ha frenado en ning\u00fan momento.<p> <\/p>\n \nLas estudiantes de Ingenier\u00eda coincidieron en que el miedo es lo que muchas veces frena a las mujeres a tomar este tipo de decisiones, sin embargo, alentaron a las alumnas de Cecyte El Florido a elegir una Ingenier\u00eda si es lo que quieren estudiar, ya que adem\u00e1s les ofrece una posibilidad de mayor remuneraci\u00f3n al egreso.<p> <\/p>\n \nEn la presente convocatoria, la Universidad Tecnol\u00f3gica de Tijuana oferta 10 programas de Ingenier\u00eda en Tijuana, Tecnolog\u00eda Ambiental, Energ\u00edas Renovables, Manufactura Aeron\u00e1utica, Mecatr\u00f3nica, Entornos Virtuales y Negocios Digitales, Desarrollo y Gesti\u00f3n de Software, Redes Inteligentes y Ciberseguridad, Procesos y Operaciones Industriales, Electromec\u00e1nica Industrial y Log\u00edstica Comercial Global.<p> <\/p>\n \nMientras que en la Unidad Acad\u00e9mica Ensenada se ofertan los programas de Ingenier\u00eda en Procesos Bioalimentarios e Ingenier\u00eda en Biotecnolog\u00eda.<p> <\/p>\n \nLas fichas est\u00e1n disponibles en el portal www.uttijuana.edu.mx, en la secci\u00f3n Aspirantes. La convocatoria 2023 cierra el 19 de mayo.<p> <\/p><\/h5>\t\t\t\t<\/div>\n\t\t\t\t<\/div>\n\t\t\t\t<div class=\"elementor-element elementor-element-246f3657 elementor-widget elementor-widget-gallery\" data-id=\"246f3657\" data-element_type=\"widget\" data-settings=\"{&quot;columns&quot;:2,&quot;lazyload&quot;:&quot;yes&quot;,&quot;gallery_layout&quot;:&quot;grid&quot;,&quot;columns_tablet&quot;:2,&quot;columns_mobile&quot;:1,&quot;gap&quot;:{&quot;unit&quot;:&quot;px&quot;,&quot;size&quot;:10,&quot;sizes&quot;:[]},&quot;gap_tablet&quot;:{&quot;unit&quot;:&quot;px&quot;,&quot;size&quot;:10,&quot;sizes&quot;:[]},&quot;gap_mobile&quot;:{&quot;unit&quot;:&quot;px&quot;,&quot;size&quot;:10,&quot;sizes&quot;:[]},&quot;link_to&quot;:&quot;file&quot;,&quot;aspect_ratio&quot;:&quot;3:2&quot;,&quot;overlay_background&quot;:&quot;yes&quot;,&quot;content_hover_animation&quot;:&quot;fade-in&quot;}\" data-widget_type=\"gallery.default\">\n\t\t\t\t<div class=\"elementor-widget-container\">\n\t\t\t\t\t\t\t<div class=\"elementor-gallery__container\">\n\t\t\t\t\t<\/div>\n\t\t\t\t\t<\/div>\n\t\t\t\t<\/div>\n\t\t\t\t<div class=\"elementor-element elementor-element-2373bf69 elementor-widget elementor-widget-spacer\" data-id=\"2373bf69\" data-element_type=\"widget\" data-widget_type=\"spacer.default\">\n\t\t\t\t<div class=\"elementor-widget-container\">\n\t\t\t\t\t\t\t<div class=\"elementor-spacer\">\n\t\t\t<div class=\"elementor-spacer-inner\"><\/div>\n\t\t<\/div>\n\t\t\t\t\t\t<\/div>\n\t\t\t\t<\/div>\n\t\t\t\t\t<\/div>\n\t\t<\/div>\n\t\t\t\t\t<\/div>\n\t\t<\/section>\n\t\t\t\t<\/div>\n\t\t","protected":false},"excerpt":{"rendered":"<p>INCENTIVA UTT ESTUDIO DE INGENIER\u00cdAS ENTRE ALUMNAS DE PREPARATORIA Jueves, 23 de marzo de 2023 *En el panel \u00abMujeres en las ingenier\u00edas\u00bb, estudiantes de UTT motivaron a trav\u00e9s de su experiencia a alumnas de Cecyte para que elijan estudiar una ingenier\u00eda Las fichas est\u00e1n disponibles en el portal www.uttijuana.edu.mx, en la secci\u00f3n Aspirantes. La convocatoria 2023 cierra el 19 de mayo. TIJUANA.- Con la finalidad de incentivar a estudiantes de preparatoria a que elijan una Ingenier\u00eda, la Universidad Tecnol\u00f3gica de Tijuana (UTT) llev\u00f3 a cabo un panel con la participaci\u00f3n de estudiantes de cuatro ingenier\u00edas, quienes compartieron su experiencia desde la elecci\u00f3n de carrera hasta la actualidad. Frente a 150 alumnas de Cecyte plantel El Florido, las estudiantes reconocieron que en sus familias hubo cierta resistencia cuando confirmaron que hab\u00edan decidido estudiar una ingenier\u00eda, ya que son carreras que tradicionalmente eran elegidas en su mayor\u00eda por hombres. La alumna Dafne Guerra Salcedo, de Ingenier\u00eda en Tecnolog\u00eda Ambiental, comparti\u00f3 que desde la preparatoria se involucr\u00f3 en temas ambientales y por ello eligi\u00f3 estudiar esa carrera, que le permite aportar mucho m\u00e1s al medio ambiente, ya que actualmente participa en proyectos de beneficio para la comunidad y la salud p\u00fablica. X\u00f3chitl Capi Mart\u00ednez, alumna de Ingenier\u00eda en Procesos y Operaciones Industriales, asegur\u00f3 que puede ser un desaf\u00edo estudiar en un sal\u00f3n de clases donde la mayor\u00eda son hombres, sin embargo, reconoci\u00f3 que las mujeres han demostrado tener las mismas capacidades y habilidades para el manejo y operaci\u00f3n de las m\u00e1quinas. Para la estudiante de Ingenier\u00eda en Mecatr\u00f3nica, Samantha Mart\u00ednez Mayoral, haber elegido esa carrera ha sido una experiencia gratificante y asegur\u00f3 que en la Universidad Tecnol\u00f3gica de Tijuana ha encontrado condiciones de equidad, ya que las y los docentes toman en cuenta por igual a hombres y mujeres al momento de realizar las pr\u00e1cticas y proyectos. Denisse Villa S\u00e1nchez, quien estudia la Ingenier\u00eda en Energ\u00edas Renovables, coment\u00f3 que su carrera implica retos como subir a techos, saber utilizar equipos de seguridad y herramientas, lo que no se le ha dificultado, ni la ha frenado en ning\u00fan momento. Las estudiantes de Ingenier\u00eda coincidieron en que el miedo es lo que muchas veces frena a las mujeres a tomar este tipo de decisiones, sin embargo, alentaron a las alumnas de Cecyte El Florido a elegir una Ingenier\u00eda si es lo que quieren estudiar, ya que adem\u00e1s les ofrece una posibilidad de mayor remuneraci\u00f3n al egreso. En la presente convocatoria, la Universidad Tecnol\u00f3gica de Tijuana oferta 10 programas de Ingenier\u00eda en Tijuana, Tecnolog\u00eda Ambiental, Energ\u00edas Renovables, Manufactura Aeron\u00e1utica, Mecatr\u00f3nica, Entornos Virtuales y Negocios Digitales, Desarrollo y Gesti\u00f3n de Software, Redes Inteligentes y Ciberseguridad, Procesos y Operaciones Industriales, Electromec\u00e1nica Industrial y Log\u00edstica Comercial Global. Mientras que en la Unidad Acad\u00e9mica Ensenada se ofertan los programas de Ingenier\u00eda en Procesos Bioalimentarios e Ingenier\u00eda en Biotecnolog\u00eda. Las fichas est\u00e1n disponibles en el portal www.uttijuana.edu.mx, en la secci\u00f3n Aspirantes. La convocatoria 2023 cierra el 19 de mayo.<\/p>\n","protected":false},"author":2,"featured_media":0,"parent":0,"menu_order":0,"comment_status":"closed","ping_status":"closed","template":"","meta":{"_monsterinsights_skip_tracking":false,"_monsterinsights_sitenote_active":false,"_monsterinsights_sitenote_note":"","_monsterinsights_sitenote_category":0,"_uf_show_specific_survey":0,"_uf_disable_surveys":false,"site-sidebar-layout":"no-sidebar","site-content-layout":"page-builder","ast-site-content-layout":"default","site-content-style":"default","site-sidebar-style":"default","ast-global-header-display":"","ast-banner-title-visibility":"","ast-main-header-display":"","ast-hfb-above-header-display":"","ast-hfb-below-header-display":"","ast-hfb-mobile-header-display":"","site-post-title":"disabled","ast-breadcrumbs-content":"","ast-featured-img":"disabled","footer-sml-layout":"","ast-disable-related-posts":"","theme-transparent-header-meta":"","adv-header-id-meta":"","stick-header-meta":"","header-above-stick-meta":"","header-main-stick-meta":"","header-below-stick-meta":"","astra-migrate-meta-layouts":"default","ast-page-background-enabled":"default","ast-page-background-meta":{"desktop":{"background-color":"","background-image":"","background-repeat":"repeat","background-position":"center center","background-size":"auto","background-attachment":"scroll","background-type":"","background-media":"","overlay-type":"","overlay-color":"","overlay-opacity":"","overlay-gradient":""},"tablet":{"background-color":"","background-image":"","background-repeat":"repeat","background-position":"center center","background-size":"auto","background-attachment":"scroll","background-type":"","background-media":"","overlay-type":"","overlay-color":"","overlay-opacity":"","overlay-gradient":""},"mobile":{"background-color":"","background-image":"","background-repeat":"repeat","background-position":"center center","background-size":"auto","background-attachment":"scroll","background-type":"","background-media":"","overlay-type":"","overlay-color":"","overlay-opacity":"","overlay-gradient":""}},"ast-content-background-meta":{"desktop":{"background-color":"var(--ast-global-color-5)","background-image":"","background-repeat":"repeat","background-position":"center center","background-size":"auto","background-attachment":"scroll","background-type":"","background-media":"","overlay-type":"","overlay-color":"","overlay-opacity":"","overlay-gradient":""},"tablet":{"background-color":"var(--ast-global-color-5)","background-image":"","background-repeat":"repeat","background-position":"center center","background-size":"auto","background-attachment":"scroll","background-type":"","background-media":"","overlay-type":"","overlay-color":"","overlay-opacity":"","overlay-gradient":""},"mobile":{"background-color":"var(--ast-global-color-5)","background-image":"","background-repeat":"repeat","background-position":"center center","background-size":"auto","background-attachment":"scroll","background-type":"","background-media":"","overlay-type":"","overlay-color":"","overlay-opacity":"","overlay-gradient":""}},"footnotes":""},"class_list":["post-11577","page","type-page","status-publish","hentry"],"_links":{"self":[{"href":"https:\/\/uttijuana.edu.mx\/index.php\/wp-json\/wp\/v2\/pages\/11577","targetHints":{"allow":["GET"]}}],"collection":[{"href":"https:\/\/uttijuana.edu.mx\/index.php\/wp-json\/wp\/v2\/pages"}],"about":[{"href":"https:\/\/uttijuana.edu.mx\/index.php\/wp-json\/wp\/v2\/types\/page"}],"author":[{"embeddable":true,"href":"https:\/\/uttijuana.edu.mx\/index.php\/wp-json\/wp\/v2\/users\/2"}],"replies":[{"embeddable":true,"href":"https:\/\/uttijuana.edu.mx\/index.php\/wp-json\/wp\/v2\/comments?post=11577"}],"version-history":[{"count":7,"href":"https:\/\/uttijuana.edu.mx\/index.php\/wp-json\/wp\/v2\/pages\/11577\/revisions"}],"predecessor-version":[{"id":11589,"href":"https:\/\/uttijuana.edu.mx\/index.php\/wp-json\/wp\/v2\/pages\/11577\/revisions\/11589"}],"wp:attachment":[{"href":"https:\/\/uttijuana.edu.mx\/index.php\/wp-json\/wp\/v2\/media?parent=11577"}],"curies":[{"name":"wp","href":"https:\/\/api.w.org\/{rel}","templated":true}]}}