{"id":11916,"date":"2023-04-17T16:21:59","date_gmt":"2023-04-17T16:21:59","guid":{"rendered":"https:\/\/uttijuana.edu.mx\/?page_id=11916"},"modified":"2023-04-17T16:29:02","modified_gmt":"2023-04-17T16:29:02","slug":"logra-utt-38-alianzas-con-empresas-e-instituciones-academicas-en-lo-que-va-del-2023","status":"publish","type":"page","link":"https:\/\/uttijuana.edu.mx\/index.php\/logra-utt-38-alianzas-con-empresas-e-instituciones-academicas-en-lo-que-va-del-2023\/","title":{"rendered":"LOGRA UTT 38 ALIANZAS CON EMPRESAS E INSTITUCIONES ACAD\u00c9MICAS EN LO QUE VA DEL 2023"},"content":{"rendered":"\t\t<div data-elementor-type=\"wp-page\" data-elementor-id=\"11916\" class=\"elementor elementor-11916\" data-elementor-post-type=\"page\">\n\t\t\t\t\t\t<section class=\"elementor-section elementor-top-section elementor-element elementor-element-10733924 elementor-section-boxed elementor-section-height-default elementor-section-height-default wpr-particle-no wpr-jarallax-no wpr-parallax-no wpr-sticky-section-no\" data-id=\"10733924\" data-element_type=\"section\">\n\t\t\t\t\t\t<div class=\"elementor-container elementor-column-gap-default\">\n\t\t\t\t\t<div class=\"elementor-column elementor-col-100 elementor-top-column elementor-element elementor-element-3124acb4\" data-id=\"3124acb4\" data-element_type=\"column\">\n\t\t\t<div class=\"elementor-widget-wrap elementor-element-populated\">\n\t\t\t\t\t\t<div class=\"elementor-element elementor-element-91a9608 elementor-widget elementor-widget-heading\" data-id=\"91a9608\" data-element_type=\"widget\" data-widget_type=\"heading.default\">\n\t\t\t\t<div class=\"elementor-widget-container\">\n\t\t\t\t\t<h2 class=\"elementor-heading-title elementor-size-default\">LOGRA UTT 38 ALIANZAS CON EMPRESAS E INSTITUCIONES ACAD\u00c9MICAS EN LO QUE VA DEL 2023<\/h2>\t\t\t\t<\/div>\n\t\t\t\t<\/div>\n\t\t\t\t<div class=\"elementor-element elementor-element-1d96b281 elementor-widget elementor-widget-image\" data-id=\"1d96b281\" data-element_type=\"widget\" data-widget_type=\"image.default\">\n\t\t\t\t<div class=\"elementor-widget-container\">\n\t\t\t\t\t\t\t\t\t\t\t\t\t\t\t<img decoding=\"async\" data-src=\"https:\/\/uttijuana.edu.mx\/wp-content\/uploads\/2023\/04\/WhatsApp-Image-2023-04-13-at-4.07.14-PM.jpeg\" title=\"\" alt=\"\" src=\"data:image\/gif;base64,R0lGODlhAQABAAAAACH5BAEKAAEALAAAAAABAAEAAAICTAEAOw==\" class=\"lazyload\" \/>\t\t\t\t\t\t\t\t\t\t\t\t\t\t\t<\/div>\n\t\t\t\t<\/div>\n\t\t\t\t<div class=\"elementor-element elementor-element-1c29af2 elementor-widget elementor-widget-heading\" data-id=\"1c29af2\" data-element_type=\"widget\" data-widget_type=\"heading.default\">\n\t\t\t\t<div class=\"elementor-widget-container\">\n\t\t\t\t\t<h5 class=\"elementor-heading-title elementor-size-medium\">Jueves, 13 de abril de 2023\n <BLOCKQUOTE>*El rector asegur\u00f3 que los convenios han tenido un beneficio directo para la instituci\u00f3n y para las y los estudiantes <p> <\/p>\n\nTIJUANA.- Durante el primer trimestre del a\u00f1o, la Universidad Tecnol\u00f3gica de Tijuana (UTT) ha llevado a cabo la firma y ratificaci\u00f3n de 38 convenios de colaboraci\u00f3n con organismos empresariales, industrias e instituciones acad\u00e9micas, con lo que ya suma m\u00e1s de 300 alianzas protocolizadas.<p> <\/p>\n \nEl rector, Salvador Morales Riub\u00ed, destac\u00f3 que estos convenios de colaboraci\u00f3n se mantienen activos y generan un beneficio permanente a nivel institucional, pero tambi\u00e9n en forma directa a las y los estudiantes.<p> <\/p>\n \n\u201cPara la universidad tecnol\u00f3gica es muy importante firmar estos convenios, pero sobre todo que nuestras y nuestros estudiantes aprovechen los beneficios, como la posibilidad de hacer estad\u00edas profesionales y recibir una oferta laboral en empresas reconocidas\u201d, expres\u00f3.<p> <\/p>\n \nRecord\u00f3 que el modelo educativo de la Universidad Tecnol\u00f3gica de Tijuana (UTT) contempla que las y los estudiantes realicen dos cuatrimestres de estad\u00edas profesionales, ya sea en la industria, en alguna empresa o en la propia universidad, mediante la presentaci\u00f3n de un proyecto que contribuya a mejorar los resultados.<p> <\/p>\n \nA partir de mayo, m\u00e1s de 800 estudiantes de la UTT se incorporar\u00e1n a alguna empresa o instituci\u00f3n, quienes al final del cuatrimestre ser\u00e1n calificados por los docentes y por los representantes de la compa\u00f1\u00eda, como parte de su evaluaci\u00f3n final.<p> <\/p>\n \nEn el municipio de Ensenada son m\u00e1s de 100 estudiantes los que est\u00e1n listos para iniciar la fase de estad\u00edas a partir del pr\u00f3ximo mes.<p> <\/p>\n \nTanto las y los estudiantes que est\u00e1n por terminar el grado de T\u00e9cnico Superior Universitario (TSU), como los que est\u00e1n por obtener el grado de Licenciatura o Ingenier\u00eda, cuentan con una certificaci\u00f3n en competencias laborales, avaladas por el Consejo Nacional de Normalizaci\u00f3n y Certificaci\u00f3n de Competencias Laborales (CONOCER).<p> <\/p>\n \nCabe destacar que la Universidad Tecnol\u00f3gica de Tijuana, como entidad certificadora, es quien imparte dichas certificaciones a las y los estudiantes de todas las carreras durante su formaci\u00f3n profesional, lo que refuerza sus capacidades al egreso.<p> <\/p>\n \nAlgunas de las instituciones con las que se han firmado convenios de colaboraci\u00f3n o se han refrendado acuerdos en lo que va del a\u00f1o son Fundaci\u00f3n \u00d3pera de Tijuana, C\u00e1mara Nacional de la Industria Electr\u00f3nica, de Telecomunicaciones y Tecnolog\u00edas de la Informaci\u00f3n (Canieti), despacho Deloitte, Universidad Polit\u00e9cnica de Baja California (UPBC) y Universidad Pedag\u00f3gica Nacional (UPN).<p> <\/p>\n \nLa UTT tambi\u00e9n ha reforzado lazos con organizaciones como ARHITAC, DEITAC, Asociaci\u00f3n de Agentes Aduanales Tijuana-Tecate, as\u00ed como con instituciones como IPN-CITEDI, Oficial\u00eda Mayor del Gobierno del Estado y Centro de Justicia para las Mujeres, entre muchos otros organismos y dependencias.<\/h5>\t\t\t\t<\/div>\n\t\t\t\t<\/div>\n\t\t\t\t<div class=\"elementor-element elementor-element-37fd1bf elementor-widget elementor-widget-gallery\" data-id=\"37fd1bf\" data-element_type=\"widget\" data-settings=\"{&quot;columns&quot;:2,&quot;lazyload&quot;:&quot;yes&quot;,&quot;gallery_layout&quot;:&quot;grid&quot;,&quot;columns_tablet&quot;:2,&quot;columns_mobile&quot;:1,&quot;gap&quot;:{&quot;unit&quot;:&quot;px&quot;,&quot;size&quot;:10,&quot;sizes&quot;:[]},&quot;gap_tablet&quot;:{&quot;unit&quot;:&quot;px&quot;,&quot;size&quot;:10,&quot;sizes&quot;:[]},&quot;gap_mobile&quot;:{&quot;unit&quot;:&quot;px&quot;,&quot;size&quot;:10,&quot;sizes&quot;:[]},&quot;link_to&quot;:&quot;file&quot;,&quot;aspect_ratio&quot;:&quot;3:2&quot;,&quot;overlay_background&quot;:&quot;yes&quot;,&quot;content_hover_animation&quot;:&quot;fade-in&quot;}\" data-widget_type=\"gallery.default\">\n\t\t\t\t<div class=\"elementor-widget-container\">\n\t\t\t\t\t\t\t<div class=\"elementor-gallery__container\">\n\t\t\t\t\t<\/div>\n\t\t\t\t\t<\/div>\n\t\t\t\t<\/div>\n\t\t\t\t<div class=\"elementor-element elementor-element-76cd3eed elementor-widget elementor-widget-spacer\" data-id=\"76cd3eed\" data-element_type=\"widget\" data-widget_type=\"spacer.default\">\n\t\t\t\t<div class=\"elementor-widget-container\">\n\t\t\t\t\t\t\t<div class=\"elementor-spacer\">\n\t\t\t<div class=\"elementor-spacer-inner\"><\/div>\n\t\t<\/div>\n\t\t\t\t\t\t<\/div>\n\t\t\t\t<\/div>\n\t\t\t\t\t<\/div>\n\t\t<\/div>\n\t\t\t\t\t<\/div>\n\t\t<\/section>\n\t\t\t\t<\/div>\n\t\t","protected":false},"excerpt":{"rendered":"<p>LOGRA UTT 38 ALIANZAS CON EMPRESAS E INSTITUCIONES ACAD\u00c9MICAS EN LO QUE VA DEL 2023 Jueves, 13 de abril de 2023 *El rector asegur\u00f3 que los convenios han tenido un beneficio directo para la instituci\u00f3n y para las y los estudiantes TIJUANA.- Durante el primer trimestre del a\u00f1o, la Universidad Tecnol\u00f3gica de Tijuana (UTT) ha llevado a cabo la firma y ratificaci\u00f3n de 38 convenios de colaboraci\u00f3n con organismos empresariales, industrias e instituciones acad\u00e9micas, con lo que ya suma m\u00e1s de 300 alianzas protocolizadas. El rector, Salvador Morales Riub\u00ed, destac\u00f3 que estos convenios de colaboraci\u00f3n se mantienen activos y generan un beneficio permanente a nivel institucional, pero tambi\u00e9n en forma directa a las y los estudiantes. \u201cPara la universidad tecnol\u00f3gica es muy importante firmar estos convenios, pero sobre todo que nuestras y nuestros estudiantes aprovechen los beneficios, como la posibilidad de hacer estad\u00edas profesionales y recibir una oferta laboral en empresas reconocidas\u201d, expres\u00f3. Record\u00f3 que el modelo educativo de la Universidad Tecnol\u00f3gica de Tijuana (UTT) contempla que las y los estudiantes realicen dos cuatrimestres de estad\u00edas profesionales, ya sea en la industria, en alguna empresa o en la propia universidad, mediante la presentaci\u00f3n de un proyecto que contribuya a mejorar los resultados. A partir de mayo, m\u00e1s de 800 estudiantes de la UTT se incorporar\u00e1n a alguna empresa o instituci\u00f3n, quienes al final del cuatrimestre ser\u00e1n calificados por los docentes y por los representantes de la compa\u00f1\u00eda, como parte de su evaluaci\u00f3n final. En el municipio de Ensenada son m\u00e1s de 100 estudiantes los que est\u00e1n listos para iniciar la fase de estad\u00edas a partir del pr\u00f3ximo mes. Tanto las y los estudiantes que est\u00e1n por terminar el grado de T\u00e9cnico Superior Universitario (TSU), como los que est\u00e1n por obtener el grado de Licenciatura o Ingenier\u00eda, cuentan con una certificaci\u00f3n en competencias laborales, avaladas por el Consejo Nacional de Normalizaci\u00f3n y Certificaci\u00f3n de Competencias Laborales (CONOCER). Cabe destacar que la Universidad Tecnol\u00f3gica de Tijuana, como entidad certificadora, es quien imparte dichas certificaciones a las y los estudiantes de todas las carreras durante su formaci\u00f3n profesional, lo que refuerza sus capacidades al egreso. Algunas de las instituciones con las que se han firmado convenios de colaboraci\u00f3n o se han refrendado acuerdos en lo que va del a\u00f1o son Fundaci\u00f3n \u00d3pera de Tijuana, C\u00e1mara Nacional de la Industria Electr\u00f3nica, de Telecomunicaciones y Tecnolog\u00edas de la Informaci\u00f3n (Canieti), despacho Deloitte, Universidad Polit\u00e9cnica de Baja California (UPBC) y Universidad Pedag\u00f3gica Nacional (UPN). La UTT tambi\u00e9n ha reforzado lazos con organizaciones como ARHITAC, DEITAC, Asociaci\u00f3n de Agentes Aduanales Tijuana-Tecate, as\u00ed como con instituciones como IPN-CITEDI, Oficial\u00eda Mayor del Gobierno del Estado y Centro de Justicia para las Mujeres, entre muchos otros organismos y dependencias.<\/p>\n","protected":false},"author":2,"featured_media":0,"parent":0,"menu_order":0,"comment_status":"closed","ping_status":"closed","template":"","meta":{"_monsterinsights_skip_tracking":false,"_monsterinsights_sitenote_active":false,"_monsterinsights_sitenote_note":"","_monsterinsights_sitenote_category":0,"_uf_show_specific_survey":0,"_uf_disable_surveys":false,"site-sidebar-layout":"no-sidebar","site-content-layout":"page-builder","ast-site-content-layout":"default","site-content-style":"default","site-sidebar-style":"default","ast-global-header-display":"","ast-banner-title-visibility":"","ast-main-header-display":"","ast-hfb-above-header-display":"","ast-hfb-below-header-display":"","ast-hfb-mobile-header-display":"","site-post-title":"disabled","ast-breadcrumbs-content":"","ast-featured-img":"disabled","footer-sml-layout":"","ast-disable-related-posts":"","theme-transparent-header-meta":"","adv-header-id-meta":"","stick-header-meta":"","header-above-stick-meta":"","header-main-stick-meta":"","header-below-stick-meta":"","astra-migrate-meta-layouts":"default","ast-page-background-enabled":"default","ast-page-background-meta":{"desktop":{"background-color":"","background-image":"","background-repeat":"repeat","background-position":"center center","background-size":"auto","background-attachment":"scroll","background-type":"","background-media":"","overlay-type":"","overlay-color":"","overlay-opacity":"","overlay-gradient":""},"tablet":{"background-color":"","background-image":"","background-repeat":"repeat","background-position":"center center","background-size":"auto","background-attachment":"scroll","background-type":"","background-media":"","overlay-type":"","overlay-color":"","overlay-opacity":"","overlay-gradient":""},"mobile":{"background-color":"","background-image":"","background-repeat":"repeat","background-position":"center center","background-size":"auto","background-attachment":"scroll","background-type":"","background-media":"","overlay-type":"","overlay-color":"","overlay-opacity":"","overlay-gradient":""}},"ast-content-background-meta":{"desktop":{"background-color":"var(--ast-global-color-5)","background-image":"","background-repeat":"repeat","background-position":"center center","background-size":"auto","background-attachment":"scroll","background-type":"","background-media":"","overlay-type":"","overlay-color":"","overlay-opacity":"","overlay-gradient":""},"tablet":{"background-color":"var(--ast-global-color-5)","background-image":"","background-repeat":"repeat","background-position":"center center","background-size":"auto","background-attachment":"scroll","background-type":"","background-media":"","overlay-type":"","overlay-color":"","overlay-opacity":"","overlay-gradient":""},"mobile":{"background-color":"var(--ast-global-color-5)","background-image":"","background-repeat":"repeat","background-position":"center center","background-size":"auto","background-attachment":"scroll","background-type":"","background-media":"","overlay-type":"","overlay-color":"","overlay-opacity":"","overlay-gradient":""}},"footnotes":""},"class_list":["post-11916","page","type-page","status-publish","hentry"],"_links":{"self":[{"href":"https:\/\/uttijuana.edu.mx\/index.php\/wp-json\/wp\/v2\/pages\/11916","targetHints":{"allow":["GET"]}}],"collection":[{"href":"https:\/\/uttijuana.edu.mx\/index.php\/wp-json\/wp\/v2\/pages"}],"about":[{"href":"https:\/\/uttijuana.edu.mx\/index.php\/wp-json\/wp\/v2\/types\/page"}],"author":[{"embeddable":true,"href":"https:\/\/uttijuana.edu.mx\/index.php\/wp-json\/wp\/v2\/users\/2"}],"replies":[{"embeddable":true,"href":"https:\/\/uttijuana.edu.mx\/index.php\/wp-json\/wp\/v2\/comments?post=11916"}],"version-history":[{"count":7,"href":"https:\/\/uttijuana.edu.mx\/index.php\/wp-json\/wp\/v2\/pages\/11916\/revisions"}],"predecessor-version":[{"id":11924,"href":"https:\/\/uttijuana.edu.mx\/index.php\/wp-json\/wp\/v2\/pages\/11916\/revisions\/11924"}],"wp:attachment":[{"href":"https:\/\/uttijuana.edu.mx\/index.php\/wp-json\/wp\/v2\/media?parent=11916"}],"curies":[{"name":"wp","href":"https:\/\/api.w.org\/{rel}","templated":true}]}}