{"id":12089,"date":"2023-05-18T21:21:04","date_gmt":"2023-05-18T21:21:04","guid":{"rendered":"https:\/\/uttijuana.edu.mx\/?page_id=12089"},"modified":"2023-05-18T21:23:05","modified_gmt":"2023-05-18T21:23:05","slug":"reconoce-universidad-tecnologica-de-tijuana-a-docentes-mejor-evaluados","status":"publish","type":"page","link":"https:\/\/uttijuana.edu.mx\/index.php\/reconoce-universidad-tecnologica-de-tijuana-a-docentes-mejor-evaluados\/","title":{"rendered":"RECONOCE UNIVERSIDAD TECNOL\u00d3GICA DE TIJUANA A DOCENTES MEJOR EVALUADOS"},"content":{"rendered":"\t\t<div data-elementor-type=\"wp-page\" data-elementor-id=\"12089\" class=\"elementor elementor-12089\" data-elementor-post-type=\"page\">\n\t\t\t\t\t\t<section class=\"elementor-section elementor-top-section elementor-element elementor-element-6d14f824 elementor-section-boxed elementor-section-height-default elementor-section-height-default wpr-particle-no wpr-jarallax-no wpr-parallax-no wpr-sticky-section-no\" data-id=\"6d14f824\" data-element_type=\"section\">\n\t\t\t\t\t\t<div class=\"elementor-container elementor-column-gap-default\">\n\t\t\t\t\t<div class=\"elementor-column elementor-col-100 elementor-top-column elementor-element elementor-element-2bc038de\" data-id=\"2bc038de\" data-element_type=\"column\">\n\t\t\t<div class=\"elementor-widget-wrap elementor-element-populated\">\n\t\t\t\t\t\t<div class=\"elementor-element elementor-element-34847016 elementor-widget elementor-widget-heading\" data-id=\"34847016\" data-element_type=\"widget\" data-widget_type=\"heading.default\">\n\t\t\t\t<div class=\"elementor-widget-container\">\n\t\t\t\t\t<h2 class=\"elementor-heading-title elementor-size-default\">RECONOCE UNIVERSIDAD TECNOL\u00d3GICA DE TIJUANA A DOCENTES MEJOR EVALUADOS<\/h2>\t\t\t\t<\/div>\n\t\t\t\t<\/div>\n\t\t\t\t<div class=\"elementor-element elementor-element-508da3f8 elementor-widget elementor-widget-image\" data-id=\"508da3f8\" data-element_type=\"widget\" data-widget_type=\"image.default\">\n\t\t\t\t<div class=\"elementor-widget-container\">\n\t\t\t\t\t\t\t\t\t\t\t\t\t\t\t<img decoding=\"async\" data-src=\"https:\/\/uttijuana.edu.mx\/wp-content\/uploads\/2023\/05\/Foto-general.jpeg\" title=\"\" alt=\"\" src=\"data:image\/gif;base64,R0lGODlhAQABAAAAACH5BAEKAAEALAAAAAABAAEAAAICTAEAOw==\" class=\"lazyload\" \/>\t\t\t\t\t\t\t\t\t\t\t\t\t\t\t<\/div>\n\t\t\t\t<\/div>\n\t\t\t\t<div class=\"elementor-element elementor-element-60bf020f elementor-widget elementor-widget-heading\" data-id=\"60bf020f\" data-element_type=\"widget\" data-widget_type=\"heading.default\">\n\t\t\t\t<div class=\"elementor-widget-container\">\n\t\t\t\t\t<h5 class=\"elementor-heading-title elementor-size-medium\">Jueves, 18 de mayo de 2023\n <BLOCKQUOTE>*El rector agradeci\u00f3 al personal docente por su contribuci\u00f3n en los casi 25 a\u00f1os de historia de la Universidad Tecnol\u00f3gica de Tijuana <p> <\/p>\n\nTIJUANA.- Un total de 12 maestras y maestros de la Universidad Tecnol\u00f3gica de Tijuana (UTT), recibieron un reconocimiento por haber alcanzado los m\u00e1s altos puntajes en la Evaluaci\u00f3n Docente, que comprende del periodo de mayo de 2022 a abril de 2023. <p> <\/p>\n\n                 \nEl rector, Mtro. Salvador Morales Riub\u00ed, explic\u00f3 que fueron las y los estudiantes, as\u00ed como los directores de carrera, quienes se expresaron a trav\u00e9s de dicha evaluaci\u00f3n, en donde se calific\u00f3 en dos rubros: la impartici\u00f3n de clases y las tutor\u00edas. <p> <\/p>\n\n\n\u201cPara la Universidad Tecnol\u00f3gica sus maestras y maestros representan el activo m\u00e1s importante, porque son la fuente de conocimientos y de experiencia que se requiere para formar con excelencia a los futuros profesionistas, sin embargo, ustedes se han destacado por su compromiso, disciplina y deseos de ayudar, m\u00e1s all\u00e1 de lo que la propia profesi\u00f3n demanda\u201d, expres\u00f3. <p> <\/p>\n\n\nAdem\u00e1s, asegur\u00f3 que su esfuerzo ha contribuido a acrecentar el prestigio de la instituci\u00f3n en sus casi 25 a\u00f1os de historia, pues as\u00ed lo ha constatado cada vez que visita una empresa y los propios egresados manifiestan su respeto, admiraci\u00f3n y agradecimiento a los profesores que los prepararon para llegar a donde hoy est\u00e1n. <p> <\/p>\n\n\nA las y los docentes mejor evaluados en la impartici\u00f3n de clases, el rector las y los felicit\u00f3 por su nivel de excelencia y las y los exhort\u00f3 a compartir sus conocimientos y experiencias con sus compa\u00f1eros. <p> <\/p>\n\n\nMientras que, a los tutores mejor evaluados les agradeci\u00f3 por la noble labor que realizan para asegurarse de que nadie se quede atr\u00e1s, ya que con su consejo han logrado orientar a las y los j\u00f3venes que estaban perdiendo el rumbo y han contribuido a que se queden en las aulas. <p> <\/p>\n\n\n\u201cLa Universidad Tecnol\u00f3gica se honra en contar con docentes tan comprometidos como ustedes, que, aun teniendo la oportunidad de explorar otras \u00e1reas de su campo laboral, han decidido quedarse en los salones de clases por convicci\u00f3n y aportar todos sus conocimientos\u201d, expres\u00f3. <p> <\/p>\n\n\nDurante la ceremonia fueron entregados reconocimientos tanto a docentes del campus Tijuana, como de la Unidad Acad\u00e9mica Ensenada. <p> <\/p>\n<\/h5>\t\t\t\t<\/div>\n\t\t\t\t<\/div>\n\t\t\t\t<div class=\"elementor-element elementor-element-6fe1eac2 elementor-widget elementor-widget-gallery\" data-id=\"6fe1eac2\" data-element_type=\"widget\" data-settings=\"{&quot;columns&quot;:3,&quot;lazyload&quot;:&quot;yes&quot;,&quot;gallery_layout&quot;:&quot;grid&quot;,&quot;columns_tablet&quot;:2,&quot;columns_mobile&quot;:1,&quot;gap&quot;:{&quot;unit&quot;:&quot;px&quot;,&quot;size&quot;:10,&quot;sizes&quot;:[]},&quot;gap_tablet&quot;:{&quot;unit&quot;:&quot;px&quot;,&quot;size&quot;:10,&quot;sizes&quot;:[]},&quot;gap_mobile&quot;:{&quot;unit&quot;:&quot;px&quot;,&quot;size&quot;:10,&quot;sizes&quot;:[]},&quot;link_to&quot;:&quot;file&quot;,&quot;aspect_ratio&quot;:&quot;3:2&quot;,&quot;overlay_background&quot;:&quot;yes&quot;,&quot;content_hover_animation&quot;:&quot;fade-in&quot;}\" data-widget_type=\"gallery.default\">\n\t\t\t\t<div class=\"elementor-widget-container\">\n\t\t\t\t\t\t\t<div class=\"elementor-gallery__container\">\n\t\t\t\t\t<\/div>\n\t\t\t\t\t<\/div>\n\t\t\t\t<\/div>\n\t\t\t\t<div class=\"elementor-element elementor-element-3be68c1f elementor-widget elementor-widget-spacer\" data-id=\"3be68c1f\" data-element_type=\"widget\" data-widget_type=\"spacer.default\">\n\t\t\t\t<div class=\"elementor-widget-container\">\n\t\t\t\t\t\t\t<div class=\"elementor-spacer\">\n\t\t\t<div class=\"elementor-spacer-inner\"><\/div>\n\t\t<\/div>\n\t\t\t\t\t\t<\/div>\n\t\t\t\t<\/div>\n\t\t\t\t\t<\/div>\n\t\t<\/div>\n\t\t\t\t\t<\/div>\n\t\t<\/section>\n\t\t\t\t<\/div>\n\t\t","protected":false},"excerpt":{"rendered":"<p>RECONOCE UNIVERSIDAD TECNOL\u00d3GICA DE TIJUANA A DOCENTES MEJOR EVALUADOS Jueves, 18 de mayo de 2023 *El rector agradeci\u00f3 al personal docente por su contribuci\u00f3n en los casi 25 a\u00f1os de historia de la Universidad Tecnol\u00f3gica de Tijuana TIJUANA.- Un total de 12 maestras y maestros de la Universidad Tecnol\u00f3gica de Tijuana (UTT), recibieron un reconocimiento por haber alcanzado los m\u00e1s altos puntajes en la Evaluaci\u00f3n Docente, que comprende del periodo de mayo de 2022 a abril de 2023. El rector, Mtro. Salvador Morales Riub\u00ed, explic\u00f3 que fueron las y los estudiantes, as\u00ed como los directores de carrera, quienes se expresaron a trav\u00e9s de dicha evaluaci\u00f3n, en donde se calific\u00f3 en dos rubros: la impartici\u00f3n de clases y las tutor\u00edas. \u201cPara la Universidad Tecnol\u00f3gica sus maestras y maestros representan el activo m\u00e1s importante, porque son la fuente de conocimientos y de experiencia que se requiere para formar con excelencia a los futuros profesionistas, sin embargo, ustedes se han destacado por su compromiso, disciplina y deseos de ayudar, m\u00e1s all\u00e1 de lo que la propia profesi\u00f3n demanda\u201d, expres\u00f3. Adem\u00e1s, asegur\u00f3 que su esfuerzo ha contribuido a acrecentar el prestigio de la instituci\u00f3n en sus casi 25 a\u00f1os de historia, pues as\u00ed lo ha constatado cada vez que visita una empresa y los propios egresados manifiestan su respeto, admiraci\u00f3n y agradecimiento a los profesores que los prepararon para llegar a donde hoy est\u00e1n. A las y los docentes mejor evaluados en la impartici\u00f3n de clases, el rector las y los felicit\u00f3 por su nivel de excelencia y las y los exhort\u00f3 a compartir sus conocimientos y experiencias con sus compa\u00f1eros. Mientras que, a los tutores mejor evaluados les agradeci\u00f3 por la noble labor que realizan para asegurarse de que nadie se quede atr\u00e1s, ya que con su consejo han logrado orientar a las y los j\u00f3venes que estaban perdiendo el rumbo y han contribuido a que se queden en las aulas. \u201cLa Universidad Tecnol\u00f3gica se honra en contar con docentes tan comprometidos como ustedes, que, aun teniendo la oportunidad de explorar otras \u00e1reas de su campo laboral, han decidido quedarse en los salones de clases por convicci\u00f3n y aportar todos sus conocimientos\u201d, expres\u00f3. Durante la ceremonia fueron entregados reconocimientos tanto a docentes del campus Tijuana, como de la Unidad Acad\u00e9mica Ensenada.<\/p>\n","protected":false},"author":2,"featured_media":0,"parent":0,"menu_order":0,"comment_status":"closed","ping_status":"closed","template":"","meta":{"_monsterinsights_skip_tracking":false,"_monsterinsights_sitenote_active":false,"_monsterinsights_sitenote_note":"","_monsterinsights_sitenote_category":0,"_uf_show_specific_survey":0,"_uf_disable_surveys":false,"site-sidebar-layout":"no-sidebar","site-content-layout":"page-builder","ast-site-content-layout":"default","site-content-style":"default","site-sidebar-style":"default","ast-global-header-display":"","ast-banner-title-visibility":"","ast-main-header-display":"","ast-hfb-above-header-display":"","ast-hfb-below-header-display":"","ast-hfb-mobile-header-display":"","site-post-title":"disabled","ast-breadcrumbs-content":"","ast-featured-img":"disabled","footer-sml-layout":"","ast-disable-related-posts":"","theme-transparent-header-meta":"","adv-header-id-meta":"","stick-header-meta":"","header-above-stick-meta":"","header-main-stick-meta":"","header-below-stick-meta":"","astra-migrate-meta-layouts":"default","ast-page-background-enabled":"default","ast-page-background-meta":{"desktop":{"background-color":"","background-image":"","background-repeat":"repeat","background-position":"center center","background-size":"auto","background-attachment":"scroll","background-type":"","background-media":"","overlay-type":"","overlay-color":"","overlay-opacity":"","overlay-gradient":""},"tablet":{"background-color":"","background-image":"","background-repeat":"repeat","background-position":"center center","background-size":"auto","background-attachment":"scroll","background-type":"","background-media":"","overlay-type":"","overlay-color":"","overlay-opacity":"","overlay-gradient":""},"mobile":{"background-color":"","background-image":"","background-repeat":"repeat","background-position":"center center","background-size":"auto","background-attachment":"scroll","background-type":"","background-media":"","overlay-type":"","overlay-color":"","overlay-opacity":"","overlay-gradient":""}},"ast-content-background-meta":{"desktop":{"background-color":"var(--ast-global-color-5)","background-image":"","background-repeat":"repeat","background-position":"center center","background-size":"auto","background-attachment":"scroll","background-type":"","background-media":"","overlay-type":"","overlay-color":"","overlay-opacity":"","overlay-gradient":""},"tablet":{"background-color":"var(--ast-global-color-5)","background-image":"","background-repeat":"repeat","background-position":"center center","background-size":"auto","background-attachment":"scroll","background-type":"","background-media":"","overlay-type":"","overlay-color":"","overlay-opacity":"","overlay-gradient":""},"mobile":{"background-color":"var(--ast-global-color-5)","background-image":"","background-repeat":"repeat","background-position":"center center","background-size":"auto","background-attachment":"scroll","background-type":"","background-media":"","overlay-type":"","overlay-color":"","overlay-opacity":"","overlay-gradient":""}},"footnotes":""},"class_list":["post-12089","page","type-page","status-publish","hentry"],"_links":{"self":[{"href":"https:\/\/uttijuana.edu.mx\/index.php\/wp-json\/wp\/v2\/pages\/12089","targetHints":{"allow":["GET"]}}],"collection":[{"href":"https:\/\/uttijuana.edu.mx\/index.php\/wp-json\/wp\/v2\/pages"}],"about":[{"href":"https:\/\/uttijuana.edu.mx\/index.php\/wp-json\/wp\/v2\/types\/page"}],"author":[{"embeddable":true,"href":"https:\/\/uttijuana.edu.mx\/index.php\/wp-json\/wp\/v2\/users\/2"}],"replies":[{"embeddable":true,"href":"https:\/\/uttijuana.edu.mx\/index.php\/wp-json\/wp\/v2\/comments?post=12089"}],"version-history":[{"count":4,"href":"https:\/\/uttijuana.edu.mx\/index.php\/wp-json\/wp\/v2\/pages\/12089\/revisions"}],"predecessor-version":[{"id":12093,"href":"https:\/\/uttijuana.edu.mx\/index.php\/wp-json\/wp\/v2\/pages\/12089\/revisions\/12093"}],"wp:attachment":[{"href":"https:\/\/uttijuana.edu.mx\/index.php\/wp-json\/wp\/v2\/media?parent=12089"}],"curies":[{"name":"wp","href":"https:\/\/api.w.org\/{rel}","templated":true}]}}