{"id":12196,"date":"2023-05-30T22:13:49","date_gmt":"2023-05-30T22:13:49","guid":{"rendered":"https:\/\/uttijuana.edu.mx\/?page_id=12196"},"modified":"2023-05-30T22:16:39","modified_gmt":"2023-05-30T22:16:39","slug":"acerca-utt-oferta-educativa-a-los-planteles-del-cbta","status":"publish","type":"page","link":"https:\/\/uttijuana.edu.mx\/index.php\/acerca-utt-oferta-educativa-a-los-planteles-del-cbta\/","title":{"rendered":"ACERCA UTT OFERTA EDUCATIVA A LOS PLANTELES DEL CBTA"},"content":{"rendered":"\t\t<div data-elementor-type=\"wp-page\" data-elementor-id=\"12196\" class=\"elementor elementor-12196\" data-elementor-post-type=\"page\">\n\t\t\t\t\t\t<section class=\"elementor-section elementor-top-section elementor-element elementor-element-249d7e59 elementor-section-boxed elementor-section-height-default elementor-section-height-default wpr-particle-no wpr-jarallax-no wpr-parallax-no wpr-sticky-section-no\" data-id=\"249d7e59\" data-element_type=\"section\">\n\t\t\t\t\t\t<div class=\"elementor-container elementor-column-gap-default\">\n\t\t\t\t\t<div class=\"elementor-column elementor-col-100 elementor-top-column elementor-element elementor-element-2c2554a8\" data-id=\"2c2554a8\" data-element_type=\"column\">\n\t\t\t<div class=\"elementor-widget-wrap elementor-element-populated\">\n\t\t\t\t\t\t<div class=\"elementor-element elementor-element-5a067762 elementor-widget elementor-widget-heading\" data-id=\"5a067762\" data-element_type=\"widget\" data-widget_type=\"heading.default\">\n\t\t\t\t<div class=\"elementor-widget-container\">\n\t\t\t\t\t<h2 class=\"elementor-heading-title elementor-size-default\">ACERCA UTT OFERTA EDUCATIVA A LOS PLANTELES DEL CBTA<\/h2>\t\t\t\t<\/div>\n\t\t\t\t<\/div>\n\t\t\t\t<div class=\"elementor-element elementor-element-5caa3628 elementor-widget elementor-widget-image\" data-id=\"5caa3628\" data-element_type=\"widget\" data-widget_type=\"image.default\">\n\t\t\t\t<div class=\"elementor-widget-container\">\n\t\t\t\t\t\t\t\t\t\t\t\t\t\t\t<img fetchpriority=\"high\" decoding=\"async\" width=\"768\" height=\"611\" src=\"https:\/\/uttijuana.edu.mx\/wp-content\/uploads\/2023\/05\/ACERCA-UTT-OFERTA-EDUCATIVA-A-LOS-PLANTELES-DEL-CBTA-768x611.jpeg\" class=\"attachment-medium_large size-medium_large wp-image-12194\" alt=\"\" srcset=\"https:\/\/uttijuana.edu.mx\/wp-content\/uploads\/2023\/05\/ACERCA-UTT-OFERTA-EDUCATIVA-A-LOS-PLANTELES-DEL-CBTA-768x611.jpeg 768w, https:\/\/uttijuana.edu.mx\/wp-content\/uploads\/2023\/05\/ACERCA-UTT-OFERTA-EDUCATIVA-A-LOS-PLANTELES-DEL-CBTA-300x239.jpeg 300w, https:\/\/uttijuana.edu.mx\/wp-content\/uploads\/2023\/05\/ACERCA-UTT-OFERTA-EDUCATIVA-A-LOS-PLANTELES-DEL-CBTA.jpeg 949w\" sizes=\"(max-width: 768px) 100vw, 768px\" \/>\t\t\t\t\t\t\t\t\t\t\t\t\t\t\t<\/div>\n\t\t\t\t<\/div>\n\t\t\t\t<div class=\"elementor-element elementor-element-1f392be2 elementor-widget elementor-widget-heading\" data-id=\"1f392be2\" data-element_type=\"widget\" data-widget_type=\"heading.default\">\n\t\t\t\t<div class=\"elementor-widget-container\">\n\t\t\t\t\t<h5 class=\"elementor-heading-title elementor-size-medium\">Martes, 30 de mayo de 2023\n <BLOCKQUOTE>* El objetivo es atraer a los estudiantes de los Centros de Bachillerato Tecnol\u00f3gico Agropecuario de Maneadero, Camal\u00fa y San Quint\u00edn para fortalecer su formaci\u00f3n\n <p> <\/p>\n\nENSENADA.- Con la finalidad de acercar la oferta educativa a estudiantes de Maneadero, Camal\u00fa y San Quint\u00edn, la Universidad Tecnol\u00f3gica de Tijuana (UTT) celebr\u00f3 la firma de un convenio de colaboraci\u00f3n con tres planteles del Centro de Bachillerato Tecnol\u00f3gico Agropecuario (CBTA) de la entidad. <p> <\/p>\n\nEl rector, Mtro. Salvador Morales Riub\u00ed, destac\u00f3 que la Unidad Acad\u00e9mica Ensenada de UTT cuenta con las carreras que demanda el sector productivo en materia alimentaria, tur\u00edstica, industrial y en el \u00e1rea de la salud, mismas que adem\u00e1s son necesarias para robustecer la econom\u00eda de la zona. <p> <\/p>\n\n\u201cEsta firma de convenio simboliza el hermanamiento entre dos instituciones, el Centro de Bachillerato Tecnol\u00f3gico Agropecuario (CBTA) y la Universidad Tecnol\u00f3gica de Tijuana, que nos va a permitir crear esta ruta, no s\u00f3lo geogr\u00e1fica, que conecte a Maneadero con Camal\u00fa y con San Quint\u00edn, sino una ruta de prosperidad para nuestras y nuestros estudiantes\u201d, expres\u00f3. <p> <\/p>\n\nMorales Riub\u00ed destac\u00f3 que en la Unidad Acad\u00e9mica Ensenada se oferta la Ingenier\u00eda en Procesos Bioalimentarios, la Ingenier\u00eda en Biotecnolog\u00eda, adem\u00e1s de las licenciaturas en Gastronom\u00eda y en Innovaci\u00f3n de Negocios y Mercadotecnia, que las y los estudiantes podr\u00e1n cursar en un periodo de tres a\u00f1os ocho meses. <p> <\/p>\n\n\u201cActualmente estamos en la b\u00fasqueda de los perfiles que puedan ocupar nuestras aulas y estamos convencidos de que est\u00e1n siendo formados por los Centros de Bachillerato Tecnol\u00f3gico Agropecuario\u201d, expres\u00f3, \u201caqu\u00ed en la UTT, completaremos la obra que sus maestros han iniciado\u201d. <p> <\/p>\n\nEn la firma de convenio participaron la subdirectora acad\u00e9mica de CBTA 198 de Maneadero, Mtra. B\u00e1rbara Berm\u00fadez; la directora de CBTA 307 de Camal\u00fa, Mtra. Yuridiana Diarte Valdez; y el director de CBTA 146 de San Quint\u00edn, Ing. \u00d3scar Garc\u00eda Ibarra. <p> <\/p>\n\nEl rector de UTT les agradeci\u00f3 por aceptar convertirse en promotores de la Unidad Acad\u00e9mica Ensenada y les record\u00f3 que las puertas de la instituci\u00f3n est\u00e1n abiertas para que sus estudiantes realicen visitas guiadas o pr\u00e1cticas en los laboratorios especializados, que durante su visita pudieron conocer. <p> <\/p>\n\nEstudiantes de tercer cuatrimestre de la Licenciatura en Gastronom\u00eda, prepararon un platillo en cinco tiempos que cont\u00f3 con la aprobaci\u00f3n de los invitados especiales. <p> <\/p>\n\nCabe recalcar que actualmente la Universidad Tecnol\u00f3gica de Tijuana mantiene abierta la convocatoria 2023 para la Unidad Acad\u00e9mica Ensenada, por lo que las y los aspirantes pueden obtener una ficha en www.uttijuana.edu.mx. <p> <\/p><\/h5>\t\t\t\t<\/div>\n\t\t\t\t<\/div>\n\t\t\t\t<div class=\"elementor-element elementor-element-0e75694 elementor-widget elementor-widget-image\" data-id=\"0e75694\" data-element_type=\"widget\" data-widget_type=\"image.default\">\n\t\t\t\t<div class=\"elementor-widget-container\">\n\t\t\t\t\t\t\t\t\t\t\t\t\t\t\t<img decoding=\"async\" width=\"768\" height=\"431\" data-src=\"https:\/\/uttijuana.edu.mx\/wp-content\/uploads\/2023\/05\/ACERCA-UTT-OFERTA-EDUCATIVA-A-LOS-PLANTELES-DEL-CBTA-1-768x431.jpeg\" class=\"attachment-medium_large size-medium_large wp-image-12195 lazyload\" alt=\"\" data-srcset=\"https:\/\/uttijuana.edu.mx\/wp-content\/uploads\/2023\/05\/ACERCA-UTT-OFERTA-EDUCATIVA-A-LOS-PLANTELES-DEL-CBTA-1-768x431.jpeg 768w, https:\/\/uttijuana.edu.mx\/wp-content\/uploads\/2023\/05\/ACERCA-UTT-OFERTA-EDUCATIVA-A-LOS-PLANTELES-DEL-CBTA-1-300x168.jpeg 300w, https:\/\/uttijuana.edu.mx\/wp-content\/uploads\/2023\/05\/ACERCA-UTT-OFERTA-EDUCATIVA-A-LOS-PLANTELES-DEL-CBTA-1-1024x574.jpeg 1024w, https:\/\/uttijuana.edu.mx\/wp-content\/uploads\/2023\/05\/ACERCA-UTT-OFERTA-EDUCATIVA-A-LOS-PLANTELES-DEL-CBTA-1.jpeg 1280w\" data-sizes=\"(max-width: 768px) 100vw, 768px\" src=\"data:image\/gif;base64,R0lGODlhAQABAAAAACH5BAEKAAEALAAAAAABAAEAAAICTAEAOw==\" style=\"--smush-placeholder-width: 768px; --smush-placeholder-aspect-ratio: 768\/431;\" \/>\t\t\t\t\t\t\t\t\t\t\t\t\t\t\t<\/div>\n\t\t\t\t<\/div>\n\t\t\t\t<div class=\"elementor-element elementor-element-dbee29f elementor-widget elementor-widget-spacer\" data-id=\"dbee29f\" data-element_type=\"widget\" data-widget_type=\"spacer.default\">\n\t\t\t\t<div class=\"elementor-widget-container\">\n\t\t\t\t\t\t\t<div class=\"elementor-spacer\">\n\t\t\t<div class=\"elementor-spacer-inner\"><\/div>\n\t\t<\/div>\n\t\t\t\t\t\t<\/div>\n\t\t\t\t<\/div>\n\t\t\t\t\t<\/div>\n\t\t<\/div>\n\t\t\t\t\t<\/div>\n\t\t<\/section>\n\t\t\t\t<\/div>\n\t\t","protected":false},"excerpt":{"rendered":"<p>ACERCA UTT OFERTA EDUCATIVA A LOS PLANTELES DEL CBTA Martes, 30 de mayo de 2023 * El objetivo es atraer a los estudiantes de los Centros de Bachillerato Tecnol\u00f3gico Agropecuario de Maneadero, Camal\u00fa y San Quint\u00edn para fortalecer su formaci\u00f3n ENSENADA.- Con la finalidad de acercar la oferta educativa a estudiantes de Maneadero, Camal\u00fa y San Quint\u00edn, la Universidad Tecnol\u00f3gica de Tijuana (UTT) celebr\u00f3 la firma de un convenio de colaboraci\u00f3n con tres planteles del Centro de Bachillerato Tecnol\u00f3gico Agropecuario (CBTA) de la entidad. El rector, Mtro. Salvador Morales Riub\u00ed, destac\u00f3 que la Unidad Acad\u00e9mica Ensenada de UTT cuenta con las carreras que demanda el sector productivo en materia alimentaria, tur\u00edstica, industrial y en el \u00e1rea de la salud, mismas que adem\u00e1s son necesarias para robustecer la econom\u00eda de la zona. \u201cEsta firma de convenio simboliza el hermanamiento entre dos instituciones, el Centro de Bachillerato Tecnol\u00f3gico Agropecuario (CBTA) y la Universidad Tecnol\u00f3gica de Tijuana, que nos va a permitir crear esta ruta, no s\u00f3lo geogr\u00e1fica, que conecte a Maneadero con Camal\u00fa y con San Quint\u00edn, sino una ruta de prosperidad para nuestras y nuestros estudiantes\u201d, expres\u00f3. Morales Riub\u00ed destac\u00f3 que en la Unidad Acad\u00e9mica Ensenada se oferta la Ingenier\u00eda en Procesos Bioalimentarios, la Ingenier\u00eda en Biotecnolog\u00eda, adem\u00e1s de las licenciaturas en Gastronom\u00eda y en Innovaci\u00f3n de Negocios y Mercadotecnia, que las y los estudiantes podr\u00e1n cursar en un periodo de tres a\u00f1os ocho meses. \u201cActualmente estamos en la b\u00fasqueda de los perfiles que puedan ocupar nuestras aulas y estamos convencidos de que est\u00e1n siendo formados por los Centros de Bachillerato Tecnol\u00f3gico Agropecuario\u201d, expres\u00f3, \u201caqu\u00ed en la UTT, completaremos la obra que sus maestros han iniciado\u201d. En la firma de convenio participaron la subdirectora acad\u00e9mica de CBTA 198 de Maneadero, Mtra. B\u00e1rbara Berm\u00fadez; la directora de CBTA 307 de Camal\u00fa, Mtra. Yuridiana Diarte Valdez; y el director de CBTA 146 de San Quint\u00edn, Ing. \u00d3scar Garc\u00eda Ibarra. El rector de UTT les agradeci\u00f3 por aceptar convertirse en promotores de la Unidad Acad\u00e9mica Ensenada y les record\u00f3 que las puertas de la instituci\u00f3n est\u00e1n abiertas para que sus estudiantes realicen visitas guiadas o pr\u00e1cticas en los laboratorios especializados, que durante su visita pudieron conocer. Estudiantes de tercer cuatrimestre de la Licenciatura en Gastronom\u00eda, prepararon un platillo en cinco tiempos que cont\u00f3 con la aprobaci\u00f3n de los invitados especiales. Cabe recalcar que actualmente la Universidad Tecnol\u00f3gica de Tijuana mantiene abierta la convocatoria 2023 para la Unidad Acad\u00e9mica Ensenada, por lo que las y los aspirantes pueden obtener una ficha en www.uttijuana.edu.mx.<\/p>\n","protected":false},"author":2,"featured_media":0,"parent":0,"menu_order":0,"comment_status":"closed","ping_status":"closed","template":"","meta":{"_monsterinsights_skip_tracking":false,"_monsterinsights_sitenote_active":false,"_monsterinsights_sitenote_note":"","_monsterinsights_sitenote_category":0,"_uf_show_specific_survey":0,"_uf_disable_surveys":false,"site-sidebar-layout":"no-sidebar","site-content-layout":"page-builder","ast-site-content-layout":"default","site-content-style":"default","site-sidebar-style":"default","ast-global-header-display":"","ast-banner-title-visibility":"","ast-main-header-display":"","ast-hfb-above-header-display":"","ast-hfb-below-header-display":"","ast-hfb-mobile-header-display":"","site-post-title":"disabled","ast-breadcrumbs-content":"","ast-featured-img":"disabled","footer-sml-layout":"","ast-disable-related-posts":"","theme-transparent-header-meta":"","adv-header-id-meta":"","stick-header-meta":"","header-above-stick-meta":"","header-main-stick-meta":"","header-below-stick-meta":"","astra-migrate-meta-layouts":"default","ast-page-background-enabled":"default","ast-page-background-meta":{"desktop":{"background-color":"","background-image":"","background-repeat":"repeat","background-position":"center center","background-size":"auto","background-attachment":"scroll","background-type":"","background-media":"","overlay-type":"","overlay-color":"","overlay-opacity":"","overlay-gradient":""},"tablet":{"background-color":"","background-image":"","background-repeat":"repeat","background-position":"center center","background-size":"auto","background-attachment":"scroll","background-type":"","background-media":"","overlay-type":"","overlay-color":"","overlay-opacity":"","overlay-gradient":""},"mobile":{"background-color":"","background-image":"","background-repeat":"repeat","background-position":"center center","background-size":"auto","background-attachment":"scroll","background-type":"","background-media":"","overlay-type":"","overlay-color":"","overlay-opacity":"","overlay-gradient":""}},"ast-content-background-meta":{"desktop":{"background-color":"var(--ast-global-color-5)","background-image":"","background-repeat":"repeat","background-position":"center center","background-size":"auto","background-attachment":"scroll","background-type":"","background-media":"","overlay-type":"","overlay-color":"","overlay-opacity":"","overlay-gradient":""},"tablet":{"background-color":"var(--ast-global-color-5)","background-image":"","background-repeat":"repeat","background-position":"center center","background-size":"auto","background-attachment":"scroll","background-type":"","background-media":"","overlay-type":"","overlay-color":"","overlay-opacity":"","overlay-gradient":""},"mobile":{"background-color":"var(--ast-global-color-5)","background-image":"","background-repeat":"repeat","background-position":"center center","background-size":"auto","background-attachment":"scroll","background-type":"","background-media":"","overlay-type":"","overlay-color":"","overlay-opacity":"","overlay-gradient":""}},"footnotes":""},"class_list":["post-12196","page","type-page","status-publish","hentry"],"_links":{"self":[{"href":"https:\/\/uttijuana.edu.mx\/index.php\/wp-json\/wp\/v2\/pages\/12196","targetHints":{"allow":["GET"]}}],"collection":[{"href":"https:\/\/uttijuana.edu.mx\/index.php\/wp-json\/wp\/v2\/pages"}],"about":[{"href":"https:\/\/uttijuana.edu.mx\/index.php\/wp-json\/wp\/v2\/types\/page"}],"author":[{"embeddable":true,"href":"https:\/\/uttijuana.edu.mx\/index.php\/wp-json\/wp\/v2\/users\/2"}],"replies":[{"embeddable":true,"href":"https:\/\/uttijuana.edu.mx\/index.php\/wp-json\/wp\/v2\/comments?post=12196"}],"version-history":[{"count":7,"href":"https:\/\/uttijuana.edu.mx\/index.php\/wp-json\/wp\/v2\/pages\/12196\/revisions"}],"predecessor-version":[{"id":12204,"href":"https:\/\/uttijuana.edu.mx\/index.php\/wp-json\/wp\/v2\/pages\/12196\/revisions\/12204"}],"wp:attachment":[{"href":"https:\/\/uttijuana.edu.mx\/index.php\/wp-json\/wp\/v2\/media?parent=12196"}],"curies":[{"name":"wp","href":"https:\/\/api.w.org\/{rel}","templated":true}]}}