{"id":12248,"date":"2023-06-13T23:01:12","date_gmt":"2023-06-13T23:01:12","guid":{"rendered":"https:\/\/uttijuana.edu.mx\/?page_id=12248"},"modified":"2023-06-13T23:13:51","modified_gmt":"2023-06-13T23:13:51","slug":"objetivo-cumplido-en-el-concurso-estatal-de-ciencias-de-utt","status":"publish","type":"page","link":"https:\/\/uttijuana.edu.mx\/index.php\/objetivo-cumplido-en-el-concurso-estatal-de-ciencias-de-utt\/","title":{"rendered":"Objetivo cumplido en el Concurso Estatal de Ciencias de UTT"},"content":{"rendered":"\t\t<div data-elementor-type=\"wp-page\" data-elementor-id=\"12248\" class=\"elementor elementor-12248\" data-elementor-post-type=\"page\">\n\t\t\t\t\t\t<section class=\"elementor-section elementor-top-section elementor-element elementor-element-66e13689 elementor-section-boxed elementor-section-height-default elementor-section-height-default wpr-particle-no wpr-jarallax-no wpr-parallax-no wpr-sticky-section-no\" data-id=\"66e13689\" data-element_type=\"section\">\n\t\t\t\t\t\t<div class=\"elementor-container elementor-column-gap-default\">\n\t\t\t\t\t<div class=\"elementor-column elementor-col-100 elementor-top-column elementor-element elementor-element-2e4ef4c5\" data-id=\"2e4ef4c5\" data-element_type=\"column\">\n\t\t\t<div class=\"elementor-widget-wrap elementor-element-populated\">\n\t\t\t\t\t\t<div class=\"elementor-element elementor-element-626a56af elementor-widget elementor-widget-heading\" data-id=\"626a56af\" data-element_type=\"widget\" data-widget_type=\"heading.default\">\n\t\t\t\t<div class=\"elementor-widget-container\">\n\t\t\t\t\t<h2 class=\"elementor-heading-title elementor-size-default\">Objetivo cumplido en el Concurso Estatal de Ciencias de UTT<\/h2>\t\t\t\t<\/div>\n\t\t\t\t<\/div>\n\t\t\t\t<div class=\"elementor-element elementor-element-9e9038d elementor-widget elementor-widget-image\" data-id=\"9e9038d\" data-element_type=\"widget\" data-widget_type=\"image.default\">\n\t\t\t\t<div class=\"elementor-widget-container\">\n\t\t\t\t\t\t\t\t\t\t\t\t\t\t\t<img decoding=\"async\" data-src=\"https:\/\/uttijuana.edu.mx\/wp-content\/uploads\/2023\/06\/el-Concurso-Estatal-de-Ciencias-de-UTT-2-scaled.jpg\" title=\"\" alt=\"\" src=\"data:image\/gif;base64,R0lGODlhAQABAAAAACH5BAEKAAEALAAAAAABAAEAAAICTAEAOw==\" class=\"lazyload\" \/>\t\t\t\t\t\t\t\t\t\t\t\t\t\t\t<\/div>\n\t\t\t\t<\/div>\n\t\t\t\t<div class=\"elementor-element elementor-element-2f6fc931 elementor-widget elementor-widget-heading\" data-id=\"2f6fc931\" data-element_type=\"widget\" data-widget_type=\"heading.default\">\n\t\t\t\t<div class=\"elementor-widget-container\">\n\t\t\t\t\t<h5 class=\"elementor-heading-title elementor-size-medium\">\n <BLOCKQUOTE>Estudiantes de 44 instituciones participaron en este magno\nevento de conocimientos<p> <\/p>\n\nEl Concurso Estatal de Ciencias de la Universidad Tecnol\u00f3gica de\nTijuana (UTT) reuni\u00f3 a 184 participantes de 44 instituciones de nivel\nmedio superior, que pusieron a prueba sus conocimientos en las \u00e1reas\nde Matem\u00e1ticas, Qu\u00edmica y F\u00edsica.<p> <\/p>\n\nSe trat\u00f3 de la d\u00e9cimo quinta edici\u00f3n, despu\u00e9s de una pausa de dos\na\u00f1os, lo que permiti\u00f3 a las y los estudiantes vivir la experiencia de ser\nevaluados por una universidad, cuyo enfoque son las carreras\ntecnol\u00f3gicas.<p> <\/p>\n\nEl Secretario Acad\u00e9mico de UTT, Dr. Mart\u00edn Llamas Haro, destac\u00f3 que\neste concurso a lo largo de su historia se ha destacado por el alto nivel\nmostrado por las y los participantes, pero tambi\u00e9n por ser una\nplataforma para la detecci\u00f3n de talentos.\nLa evaluaci\u00f3n se llev\u00f3 a cabo en las aulas de c\u00f3mputo de la\ninstituci\u00f3n, con el apoyo de personal docente y de los asesores que\nacompa\u00f1aron a cada participante.<p> <\/p>\n\nLos ganadores de los primeros lugares fueron Mirka Dianne\nMiramontes Hern\u00e1ndez de Cobach Primer Ayuntamiento Playas de\nRosarito, en la categor\u00eda de F\u00edsica; Diego Adri\u00e1n Vel\u00e1zquez Dur\u00e1n de\nCetis 58 en la categor\u00eda de Qu\u00edmica y Diego S\u00e1nchez Barreras de la\nPreparatoria CETYS Universidad campus Tijuana en la categor\u00eda de\nMatem\u00e1ticas.<p> <\/p>\n\nEn la ceremonia de premiaci\u00f3n, el titular de la oficina de enlace de la\nSecretar\u00eda de Educaci\u00f3n P\u00fablica (SEP), Guadalupe Acu\u00f1a \u00c1lvarez,\ndestac\u00f3 que la Universidad Tecnol\u00f3gica de Tijuana se caracteriza por\nsu prestigio en la formaci\u00f3n de profesionistas, adem\u00e1s de que es un\npromotor de la ciencia y la tecnolog\u00eda.<p> <\/p>\n\n\u201cLa Secretar\u00eda de Educaci\u00f3n P\u00fablica celebra este ejercicio, felicita a la\ninstituci\u00f3n y desde ahora comienza la preparaci\u00f3n para el siguiente\nconcurso\u201d, expres\u00f3.<p> <\/p>\n\nPor su parte, Rafael Trujillo Altamirano, quien fue invitado en calidad\nde consejero de la UTT, expres\u00f3 que es motivo de orgullo ver a tantos\nestudiantes reunidos con el objetivo de mostrar sus conocimientos en\nlas Ciencias B\u00e1sicas.<p> <\/p>\n\nComo parte de su visita a las instalaciones de UTT, las y los\nconcursantes obtuvieron informaci\u00f3n sobre las carreras que se ofertan\na nivel ingenier\u00eda y licenciatura, as\u00ed como las ventajas del modelo\neducativo, 70 por ciento pr\u00e1ctico, 30 por ciento te\u00f3rico, a fin de que\nconsideren a la universidad tecnol\u00f3gica como su primera opci\u00f3n para\ncursar una carrera.<p> <\/p>\n<\/h5>\t\t\t\t<\/div>\n\t\t\t\t<\/div>\n\t\t\t\t<div class=\"elementor-element elementor-element-3225a95d elementor-widget elementor-widget-gallery\" data-id=\"3225a95d\" data-element_type=\"widget\" data-settings=\"{&quot;columns&quot;:2,&quot;lazyload&quot;:&quot;yes&quot;,&quot;gallery_layout&quot;:&quot;grid&quot;,&quot;columns_tablet&quot;:2,&quot;columns_mobile&quot;:1,&quot;gap&quot;:{&quot;unit&quot;:&quot;px&quot;,&quot;size&quot;:10,&quot;sizes&quot;:[]},&quot;gap_tablet&quot;:{&quot;unit&quot;:&quot;px&quot;,&quot;size&quot;:10,&quot;sizes&quot;:[]},&quot;gap_mobile&quot;:{&quot;unit&quot;:&quot;px&quot;,&quot;size&quot;:10,&quot;sizes&quot;:[]},&quot;link_to&quot;:&quot;file&quot;,&quot;aspect_ratio&quot;:&quot;3:2&quot;,&quot;overlay_background&quot;:&quot;yes&quot;,&quot;content_hover_animation&quot;:&quot;fade-in&quot;}\" data-widget_type=\"gallery.default\">\n\t\t\t\t<div class=\"elementor-widget-container\">\n\t\t\t\t\t\t\t<div class=\"elementor-gallery__container\">\n\t\t\t\t\t<\/div>\n\t\t\t\t\t<\/div>\n\t\t\t\t<\/div>\n\t\t\t\t<div class=\"elementor-element elementor-element-7a26dab9 elementor-widget elementor-widget-spacer\" data-id=\"7a26dab9\" data-element_type=\"widget\" data-widget_type=\"spacer.default\">\n\t\t\t\t<div class=\"elementor-widget-container\">\n\t\t\t\t\t\t\t<div class=\"elementor-spacer\">\n\t\t\t<div class=\"elementor-spacer-inner\"><\/div>\n\t\t<\/div>\n\t\t\t\t\t\t<\/div>\n\t\t\t\t<\/div>\n\t\t\t\t\t<\/div>\n\t\t<\/div>\n\t\t\t\t\t<\/div>\n\t\t<\/section>\n\t\t\t\t<\/div>\n\t\t","protected":false},"excerpt":{"rendered":"<p>Objetivo cumplido en el Concurso Estatal de Ciencias de UTT Estudiantes de 44 instituciones participaron en este magno evento de conocimientos El Concurso Estatal de Ciencias de la Universidad Tecnol\u00f3gica de Tijuana (UTT) reuni\u00f3 a 184 participantes de 44 instituciones de nivel medio superior, que pusieron a prueba sus conocimientos en las \u00e1reas de Matem\u00e1ticas, Qu\u00edmica y F\u00edsica. Se trat\u00f3 de la d\u00e9cimo quinta edici\u00f3n, despu\u00e9s de una pausa de dos a\u00f1os, lo que permiti\u00f3 a las y los estudiantes vivir la experiencia de ser evaluados por una universidad, cuyo enfoque son las carreras tecnol\u00f3gicas. El Secretario Acad\u00e9mico de UTT, Dr. Mart\u00edn Llamas Haro, destac\u00f3 que este concurso a lo largo de su historia se ha destacado por el alto nivel mostrado por las y los participantes, pero tambi\u00e9n por ser una plataforma para la detecci\u00f3n de talentos. La evaluaci\u00f3n se llev\u00f3 a cabo en las aulas de c\u00f3mputo de la instituci\u00f3n, con el apoyo de personal docente y de los asesores que acompa\u00f1aron a cada participante. Los ganadores de los primeros lugares fueron Mirka Dianne Miramontes Hern\u00e1ndez de Cobach Primer Ayuntamiento Playas de Rosarito, en la categor\u00eda de F\u00edsica; Diego Adri\u00e1n Vel\u00e1zquez Dur\u00e1n de Cetis 58 en la categor\u00eda de Qu\u00edmica y Diego S\u00e1nchez Barreras de la Preparatoria CETYS Universidad campus Tijuana en la categor\u00eda de Matem\u00e1ticas. En la ceremonia de premiaci\u00f3n, el titular de la oficina de enlace de la Secretar\u00eda de Educaci\u00f3n P\u00fablica (SEP), Guadalupe Acu\u00f1a \u00c1lvarez, destac\u00f3 que la Universidad Tecnol\u00f3gica de Tijuana se caracteriza por su prestigio en la formaci\u00f3n de profesionistas, adem\u00e1s de que es un promotor de la ciencia y la tecnolog\u00eda. \u201cLa Secretar\u00eda de Educaci\u00f3n P\u00fablica celebra este ejercicio, felicita a la instituci\u00f3n y desde ahora comienza la preparaci\u00f3n para el siguiente concurso\u201d, expres\u00f3. Por su parte, Rafael Trujillo Altamirano, quien fue invitado en calidad de consejero de la UTT, expres\u00f3 que es motivo de orgullo ver a tantos estudiantes reunidos con el objetivo de mostrar sus conocimientos en las Ciencias B\u00e1sicas. Como parte de su visita a las instalaciones de UTT, las y los concursantes obtuvieron informaci\u00f3n sobre las carreras que se ofertan a nivel ingenier\u00eda y licenciatura, as\u00ed como las ventajas del modelo educativo, 70 por ciento pr\u00e1ctico, 30 por ciento te\u00f3rico, a fin de que consideren a la universidad tecnol\u00f3gica como su primera opci\u00f3n para cursar una carrera.<\/p>\n","protected":false},"author":2,"featured_media":0,"parent":0,"menu_order":0,"comment_status":"closed","ping_status":"closed","template":"","meta":{"_monsterinsights_skip_tracking":false,"_monsterinsights_sitenote_active":false,"_monsterinsights_sitenote_note":"","_monsterinsights_sitenote_category":0,"_uf_show_specific_survey":0,"_uf_disable_surveys":false,"site-sidebar-layout":"no-sidebar","site-content-layout":"page-builder","ast-site-content-layout":"default","site-content-style":"default","site-sidebar-style":"default","ast-global-header-display":"","ast-banner-title-visibility":"","ast-main-header-display":"","ast-hfb-above-header-display":"","ast-hfb-below-header-display":"","ast-hfb-mobile-header-display":"","site-post-title":"disabled","ast-breadcrumbs-content":"","ast-featured-img":"disabled","footer-sml-layout":"","ast-disable-related-posts":"","theme-transparent-header-meta":"","adv-header-id-meta":"","stick-header-meta":"","header-above-stick-meta":"","header-main-stick-meta":"","header-below-stick-meta":"","astra-migrate-meta-layouts":"default","ast-page-background-enabled":"default","ast-page-background-meta":{"desktop":{"background-color":"","background-image":"","background-repeat":"repeat","background-position":"center center","background-size":"auto","background-attachment":"scroll","background-type":"","background-media":"","overlay-type":"","overlay-color":"","overlay-opacity":"","overlay-gradient":""},"tablet":{"background-color":"","background-image":"","background-repeat":"repeat","background-position":"center center","background-size":"auto","background-attachment":"scroll","background-type":"","background-media":"","overlay-type":"","overlay-color":"","overlay-opacity":"","overlay-gradient":""},"mobile":{"background-color":"","background-image":"","background-repeat":"repeat","background-position":"center center","background-size":"auto","background-attachment":"scroll","background-type":"","background-media":"","overlay-type":"","overlay-color":"","overlay-opacity":"","overlay-gradient":""}},"ast-content-background-meta":{"desktop":{"background-color":"var(--ast-global-color-5)","background-image":"","background-repeat":"repeat","background-position":"center center","background-size":"auto","background-attachment":"scroll","background-type":"","background-media":"","overlay-type":"","overlay-color":"","overlay-opacity":"","overlay-gradient":""},"tablet":{"background-color":"var(--ast-global-color-5)","background-image":"","background-repeat":"repeat","background-position":"center center","background-size":"auto","background-attachment":"scroll","background-type":"","background-media":"","overlay-type":"","overlay-color":"","overlay-opacity":"","overlay-gradient":""},"mobile":{"background-color":"var(--ast-global-color-5)","background-image":"","background-repeat":"repeat","background-position":"center center","background-size":"auto","background-attachment":"scroll","background-type":"","background-media":"","overlay-type":"","overlay-color":"","overlay-opacity":"","overlay-gradient":""}},"footnotes":""},"class_list":["post-12248","page","type-page","status-publish","hentry"],"_links":{"self":[{"href":"https:\/\/uttijuana.edu.mx\/index.php\/wp-json\/wp\/v2\/pages\/12248","targetHints":{"allow":["GET"]}}],"collection":[{"href":"https:\/\/uttijuana.edu.mx\/index.php\/wp-json\/wp\/v2\/pages"}],"about":[{"href":"https:\/\/uttijuana.edu.mx\/index.php\/wp-json\/wp\/v2\/types\/page"}],"author":[{"embeddable":true,"href":"https:\/\/uttijuana.edu.mx\/index.php\/wp-json\/wp\/v2\/users\/2"}],"replies":[{"embeddable":true,"href":"https:\/\/uttijuana.edu.mx\/index.php\/wp-json\/wp\/v2\/comments?post=12248"}],"version-history":[{"count":7,"href":"https:\/\/uttijuana.edu.mx\/index.php\/wp-json\/wp\/v2\/pages\/12248\/revisions"}],"predecessor-version":[{"id":12263,"href":"https:\/\/uttijuana.edu.mx\/index.php\/wp-json\/wp\/v2\/pages\/12248\/revisions\/12263"}],"wp:attachment":[{"href":"https:\/\/uttijuana.edu.mx\/index.php\/wp-json\/wp\/v2\/media?parent=12248"}],"curies":[{"name":"wp","href":"https:\/\/api.w.org\/{rel}","templated":true}]}}