{"id":12650,"date":"2023-08-19T00:16:41","date_gmt":"2023-08-19T00:16:41","guid":{"rendered":"https:\/\/uttijuana.edu.mx\/?page_id=12650"},"modified":"2023-08-19T00:23:13","modified_gmt":"2023-08-19T00:23:13","slug":"impulsa-utt-nuevos-espacios-para-estudiantes-de-diversas-ingenierias","status":"publish","type":"page","link":"https:\/\/uttijuana.edu.mx\/index.php\/impulsa-utt-nuevos-espacios-para-estudiantes-de-diversas-ingenierias\/","title":{"rendered":"IMPULSA UTT NUEVOS ESPACIOS PARA ESTUDIANTES DE DIVERSAS INGENIER\u00cdAS"},"content":{"rendered":"\t\t<div data-elementor-type=\"wp-page\" data-elementor-id=\"12650\" class=\"elementor elementor-12650\" data-elementor-post-type=\"page\">\n\t\t\t\t\t\t<section class=\"elementor-section elementor-top-section elementor-element elementor-element-4eeed66d elementor-section-boxed elementor-section-height-default elementor-section-height-default wpr-particle-no wpr-jarallax-no wpr-parallax-no wpr-sticky-section-no\" data-id=\"4eeed66d\" data-element_type=\"section\">\n\t\t\t\t\t\t<div class=\"elementor-container elementor-column-gap-default\">\n\t\t\t\t\t<div class=\"elementor-column elementor-col-100 elementor-top-column elementor-element elementor-element-1d7e0584\" data-id=\"1d7e0584\" data-element_type=\"column\">\n\t\t\t<div class=\"elementor-widget-wrap elementor-element-populated\">\n\t\t\t\t\t\t<div class=\"elementor-element elementor-element-a801bfa elementor-widget elementor-widget-heading\" data-id=\"a801bfa\" data-element_type=\"widget\" data-widget_type=\"heading.default\">\n\t\t\t\t<div class=\"elementor-widget-container\">\n\t\t\t\t\t<h2 class=\"elementor-heading-title elementor-size-default\">IMPULSA UTT NUEVOS ESPACIOS PARA ESTUDIANTES DE DIVERSAS INGENIER\u00cdAS<\/h2>\t\t\t\t<\/div>\n\t\t\t\t<\/div>\n\t\t\t\t<div class=\"elementor-element elementor-element-b2c11fe elementor-widget elementor-widget-image\" data-id=\"b2c11fe\" data-element_type=\"widget\" data-widget_type=\"image.default\">\n\t\t\t\t<div class=\"elementor-widget-container\">\n\t\t\t\t\t\t\t\t\t\t\t\t\t\t\t<img fetchpriority=\"high\" decoding=\"async\" width=\"768\" height=\"512\" src=\"https:\/\/uttijuana.edu.mx\/wp-content\/uploads\/2023\/08\/IMPULSA-UTT-NUEVOS-ESPACIOS-PARA-ESTUDIANTES-DE-DIVERSAS-INGENIERIAS-768x512.jpeg\" class=\"attachment-medium_large size-medium_large wp-image-12653\" alt=\"\" srcset=\"https:\/\/uttijuana.edu.mx\/wp-content\/uploads\/2023\/08\/IMPULSA-UTT-NUEVOS-ESPACIOS-PARA-ESTUDIANTES-DE-DIVERSAS-INGENIERIAS-768x512.jpeg 768w, https:\/\/uttijuana.edu.mx\/wp-content\/uploads\/2023\/08\/IMPULSA-UTT-NUEVOS-ESPACIOS-PARA-ESTUDIANTES-DE-DIVERSAS-INGENIERIAS-300x200.jpeg 300w, https:\/\/uttijuana.edu.mx\/wp-content\/uploads\/2023\/08\/IMPULSA-UTT-NUEVOS-ESPACIOS-PARA-ESTUDIANTES-DE-DIVERSAS-INGENIERIAS-1024x683.jpeg 1024w, https:\/\/uttijuana.edu.mx\/wp-content\/uploads\/2023\/08\/IMPULSA-UTT-NUEVOS-ESPACIOS-PARA-ESTUDIANTES-DE-DIVERSAS-INGENIERIAS.jpeg 1280w\" sizes=\"(max-width: 768px) 100vw, 768px\" \/>\t\t\t\t\t\t\t\t\t\t\t\t\t\t\t<\/div>\n\t\t\t\t<\/div>\n\t\t\t\t<div class=\"elementor-element elementor-element-36a39410 elementor-widget elementor-widget-heading\" data-id=\"36a39410\" data-element_type=\"widget\" data-widget_type=\"heading.default\">\n\t\t\t\t<div class=\"elementor-widget-container\">\n\t\t\t\t\t<h5 class=\"elementor-heading-title elementor-size-medium\">Viernes, 18 de agosto de 2023\n<BLOCKQUOTE>*Visita la UTT la directora de Universidades Tecnol\u00f3gicas y Polit\u00e9cnicas (DGUTyP) \n *Se prev\u00e9 continuar con la ampliaci\u00f3n de la matr\u00edcula para la siguiente convocatoria <p> <\/p>\n\nTIJUANA.- La directora general del subsistema de Universidades Tecnol\u00f3gicas y Polit\u00e9cnicas (DGUTyP) del gobierno federal, Mtra. Marlenne Mendoza Gonz\u00e1lez, recorri\u00f3 las instalaciones de la Universidad Tecnol\u00f3gica de Tijuana para conocer los laboratorios y el sitio en donde se construir\u00e1 el edificio Docencia 6.<p> <\/p>\n \nEl rector, Mtro. Salvador Morales Riub\u00ed, explic\u00f3 que dicho subsistema aprob\u00f3 recientemente la ejecuci\u00f3n de un recurso de 30.8 millones de pesos para la construcci\u00f3n de la primera etapa del edificio, cuya capacidad ser\u00e1 de mil 300 estudiantes.<p> <\/p>\n \nCon esto, se prev\u00e9 continuar con la ampliaci\u00f3n de la matr\u00edcula para la siguiente convocatoria, en donde la prioridad ser\u00e1 abrir nuevos espacios para estudiantes de diversas ingenier\u00edas.<p> <\/p>\n \nLa directora general, quien asisti\u00f3 a los festejos con motivo del 25 aniversario de la Universidad Tecnol\u00f3gica de Tijuana, visit\u00f3 los laboratorios de las carreras Ingenier\u00eda en Mecatr\u00f3nica e Ingenier\u00eda en Manufactura Aeron\u00e1utica, en donde conoci\u00f3 la nueva maquinaria y equipo que las y los alumnos ya est\u00e1n aprendiendo a dominar.<p> <\/p>\n \nPosteriormente, se traslad\u00f3 a los laboratorios de las carreras de Procesos Industriales y Electromec\u00e1nica Industrial, en donde se le explic\u00f3 el tipo de pr\u00e1cticas que llevan a cabo las y los estudiantes en el \u00e1rea de moldeo y mantenimiento.<p> <\/p>\n \nLa titular de la DGUTyP destac\u00f3 el papel realizado por la Universidad Tecnol\u00f3gica de Tijuana en la formaci\u00f3n de estudiantes capacitados para responder a las necesidades del sector industrial.<p> <\/p>\n\n\u201cDurante 25 a\u00f1os, la prestaci\u00f3n del servicio educativo se ha realizado y se ha logrado para tener egresados de educaci\u00f3n superior, tanto del nivel de T\u00e9cnico Superior Universitario como de Licenciatura e Ingenier\u00eda, que ha beneficiado a poco m\u00e1s de 18 mil j\u00f3venes\u201d, coment\u00f3. <p> <\/p>\n \nLa directora del subsistema, al que pertenece la Universidad Tecnol\u00f3gica de Tijuana, resalt\u00f3 que la instituci\u00f3n, durante la contingencia sanitaria, increment\u00f3 su matr\u00edcula y ha continuado en franco crecimiento.<p> <\/p>\n \nTambi\u00e9n reconoci\u00f3 que se encuentra por encima de la media nacional en indicadores como aprovechamiento y titulaci\u00f3n, mientras que sus \u00edndices de deserci\u00f3n son menores a la media nacional.<p> <\/p>\n \n\u201cFelicito y reconozco, no tan solo por estos 25 a\u00f1os de historia, sino por los resultados que a lo largo de su vida, en la prestaci\u00f3n del servicio educativo ha logrado, cambiando la vida de poco m\u00e1s de 18 mil j\u00f3venes, que sin lugar a dudas, tambi\u00e9n cambi\u00f3 la vida de sus familias\u201d, concluy\u00f3.<\/h5>\t\t\t\t<\/div>\n\t\t\t\t<\/div>\n\t\t\t\t<div class=\"elementor-element elementor-element-2f1571e1 elementor-widget elementor-widget-spacer\" data-id=\"2f1571e1\" data-element_type=\"widget\" data-widget_type=\"spacer.default\">\n\t\t\t\t<div class=\"elementor-widget-container\">\n\t\t\t\t\t\t\t<div class=\"elementor-spacer\">\n\t\t\t<div class=\"elementor-spacer-inner\"><\/div>\n\t\t<\/div>\n\t\t\t\t\t\t<\/div>\n\t\t\t\t<\/div>\n\t\t\t\t<div class=\"elementor-element elementor-element-189fc1d elementor-widget elementor-widget-image\" data-id=\"189fc1d\" data-element_type=\"widget\" data-widget_type=\"image.default\">\n\t\t\t\t<div class=\"elementor-widget-container\">\n\t\t\t\t\t\t\t\t\t\t\t\t\t\t\t<img decoding=\"async\" width=\"768\" height=\"536\" data-src=\"https:\/\/uttijuana.edu.mx\/wp-content\/uploads\/2023\/08\/IMPULSA-UTT-NUEVOS-ESPACIOS-PARA-ESTUDIANTES-DE-DIVERSAS-INGENIERIAS-2-768x536.jpeg\" class=\"attachment-medium_large size-medium_large wp-image-12652 lazyload\" alt=\"\" data-srcset=\"https:\/\/uttijuana.edu.mx\/wp-content\/uploads\/2023\/08\/IMPULSA-UTT-NUEVOS-ESPACIOS-PARA-ESTUDIANTES-DE-DIVERSAS-INGENIERIAS-2-768x536.jpeg 768w, https:\/\/uttijuana.edu.mx\/wp-content\/uploads\/2023\/08\/IMPULSA-UTT-NUEVOS-ESPACIOS-PARA-ESTUDIANTES-DE-DIVERSAS-INGENIERIAS-2-300x210.jpeg 300w, https:\/\/uttijuana.edu.mx\/wp-content\/uploads\/2023\/08\/IMPULSA-UTT-NUEVOS-ESPACIOS-PARA-ESTUDIANTES-DE-DIVERSAS-INGENIERIAS-2-1024x715.jpeg 1024w, https:\/\/uttijuana.edu.mx\/wp-content\/uploads\/2023\/08\/IMPULSA-UTT-NUEVOS-ESPACIOS-PARA-ESTUDIANTES-DE-DIVERSAS-INGENIERIAS-2.jpeg 1280w\" data-sizes=\"(max-width: 768px) 100vw, 768px\" src=\"data:image\/gif;base64,R0lGODlhAQABAAAAACH5BAEKAAEALAAAAAABAAEAAAICTAEAOw==\" style=\"--smush-placeholder-width: 768px; --smush-placeholder-aspect-ratio: 768\/536;\" \/>\t\t\t\t\t\t\t\t\t\t\t\t\t\t\t<\/div>\n\t\t\t\t<\/div>\n\t\t\t\t<div class=\"elementor-element elementor-element-dd9480a elementor-widget elementor-widget-spacer\" data-id=\"dd9480a\" data-element_type=\"widget\" data-widget_type=\"spacer.default\">\n\t\t\t\t<div class=\"elementor-widget-container\">\n\t\t\t\t\t\t\t<div class=\"elementor-spacer\">\n\t\t\t<div class=\"elementor-spacer-inner\"><\/div>\n\t\t<\/div>\n\t\t\t\t\t\t<\/div>\n\t\t\t\t<\/div>\n\t\t\t\t\t<\/div>\n\t\t<\/div>\n\t\t\t\t\t<\/div>\n\t\t<\/section>\n\t\t\t\t<\/div>\n\t\t","protected":false},"excerpt":{"rendered":"<p>IMPULSA UTT NUEVOS ESPACIOS PARA ESTUDIANTES DE DIVERSAS INGENIER\u00cdAS Viernes, 18 de agosto de 2023 *Visita la UTT la directora de Universidades Tecnol\u00f3gicas y Polit\u00e9cnicas (DGUTyP) *Se prev\u00e9 continuar con la ampliaci\u00f3n de la matr\u00edcula para la siguiente convocatoria TIJUANA.- La directora general del subsistema de Universidades Tecnol\u00f3gicas y Polit\u00e9cnicas (DGUTyP) del gobierno federal, Mtra. Marlenne Mendoza Gonz\u00e1lez, recorri\u00f3 las instalaciones de la Universidad Tecnol\u00f3gica de Tijuana para conocer los laboratorios y el sitio en donde se construir\u00e1 el edificio Docencia 6. El rector, Mtro. Salvador Morales Riub\u00ed, explic\u00f3 que dicho subsistema aprob\u00f3 recientemente la ejecuci\u00f3n de un recurso de 30.8 millones de pesos para la construcci\u00f3n de la primera etapa del edificio, cuya capacidad ser\u00e1 de mil 300 estudiantes. Con esto, se prev\u00e9 continuar con la ampliaci\u00f3n de la matr\u00edcula para la siguiente convocatoria, en donde la prioridad ser\u00e1 abrir nuevos espacios para estudiantes de diversas ingenier\u00edas. La directora general, quien asisti\u00f3 a los festejos con motivo del 25 aniversario de la Universidad Tecnol\u00f3gica de Tijuana, visit\u00f3 los laboratorios de las carreras Ingenier\u00eda en Mecatr\u00f3nica e Ingenier\u00eda en Manufactura Aeron\u00e1utica, en donde conoci\u00f3 la nueva maquinaria y equipo que las y los alumnos ya est\u00e1n aprendiendo a dominar. Posteriormente, se traslad\u00f3 a los laboratorios de las carreras de Procesos Industriales y Electromec\u00e1nica Industrial, en donde se le explic\u00f3 el tipo de pr\u00e1cticas que llevan a cabo las y los estudiantes en el \u00e1rea de moldeo y mantenimiento. La titular de la DGUTyP destac\u00f3 el papel realizado por la Universidad Tecnol\u00f3gica de Tijuana en la formaci\u00f3n de estudiantes capacitados para responder a las necesidades del sector industrial. \u201cDurante 25 a\u00f1os, la prestaci\u00f3n del servicio educativo se ha realizado y se ha logrado para tener egresados de educaci\u00f3n superior, tanto del nivel de T\u00e9cnico Superior Universitario como de Licenciatura e Ingenier\u00eda, que ha beneficiado a poco m\u00e1s de 18 mil j\u00f3venes\u201d, coment\u00f3. La directora del subsistema, al que pertenece la Universidad Tecnol\u00f3gica de Tijuana, resalt\u00f3 que la instituci\u00f3n, durante la contingencia sanitaria, increment\u00f3 su matr\u00edcula y ha continuado en franco crecimiento. Tambi\u00e9n reconoci\u00f3 que se encuentra por encima de la media nacional en indicadores como aprovechamiento y titulaci\u00f3n, mientras que sus \u00edndices de deserci\u00f3n son menores a la media nacional. \u201cFelicito y reconozco, no tan solo por estos 25 a\u00f1os de historia, sino por los resultados que a lo largo de su vida, en la prestaci\u00f3n del servicio educativo ha logrado, cambiando la vida de poco m\u00e1s de 18 mil j\u00f3venes, que sin lugar a dudas, tambi\u00e9n cambi\u00f3 la vida de sus familias\u201d, concluy\u00f3.<\/p>\n","protected":false},"author":2,"featured_media":0,"parent":0,"menu_order":0,"comment_status":"closed","ping_status":"closed","template":"","meta":{"_monsterinsights_skip_tracking":false,"_monsterinsights_sitenote_active":false,"_monsterinsights_sitenote_note":"","_monsterinsights_sitenote_category":0,"_uf_show_specific_survey":0,"_uf_disable_surveys":false,"site-sidebar-layout":"no-sidebar","site-content-layout":"page-builder","ast-site-content-layout":"full-width-container","site-content-style":"unboxed","site-sidebar-style":"unboxed","ast-global-header-display":"","ast-banner-title-visibility":"","ast-main-header-display":"","ast-hfb-above-header-display":"","ast-hfb-below-header-display":"","ast-hfb-mobile-header-display":"","site-post-title":"disabled","ast-breadcrumbs-content":"","ast-featured-img":"disabled","footer-sml-layout":"","ast-disable-related-posts":"","theme-transparent-header-meta":"","adv-header-id-meta":"","stick-header-meta":"","header-above-stick-meta":"","header-main-stick-meta":"","header-below-stick-meta":"","astra-migrate-meta-layouts":"set","ast-page-background-enabled":"default","ast-page-background-meta":{"desktop":{"background-color":"","background-image":"","background-repeat":"repeat","background-position":"center center","background-size":"auto","background-attachment":"scroll","background-type":"","background-media":"","overlay-type":"","overlay-color":"","overlay-opacity":"","overlay-gradient":""},"tablet":{"background-color":"","background-image":"","background-repeat":"repeat","background-position":"center center","background-size":"auto","background-attachment":"scroll","background-type":"","background-media":"","overlay-type":"","overlay-color":"","overlay-opacity":"","overlay-gradient":""},"mobile":{"background-color":"","background-image":"","background-repeat":"repeat","background-position":"center center","background-size":"auto","background-attachment":"scroll","background-type":"","background-media":"","overlay-type":"","overlay-color":"","overlay-opacity":"","overlay-gradient":""}},"ast-content-background-meta":{"desktop":{"background-color":"var(--ast-global-color-5)","background-image":"","background-repeat":"repeat","background-position":"center center","background-size":"auto","background-attachment":"scroll","background-type":"","background-media":"","overlay-type":"","overlay-color":"","overlay-opacity":"","overlay-gradient":""},"tablet":{"background-color":"var(--ast-global-color-5)","background-image":"","background-repeat":"repeat","background-position":"center center","background-size":"auto","background-attachment":"scroll","background-type":"","background-media":"","overlay-type":"","overlay-color":"","overlay-opacity":"","overlay-gradient":""},"mobile":{"background-color":"var(--ast-global-color-5)","background-image":"","background-repeat":"repeat","background-position":"center center","background-size":"auto","background-attachment":"scroll","background-type":"","background-media":"","overlay-type":"","overlay-color":"","overlay-opacity":"","overlay-gradient":""}},"footnotes":""},"class_list":["post-12650","page","type-page","status-publish","hentry"],"_links":{"self":[{"href":"https:\/\/uttijuana.edu.mx\/index.php\/wp-json\/wp\/v2\/pages\/12650","targetHints":{"allow":["GET"]}}],"collection":[{"href":"https:\/\/uttijuana.edu.mx\/index.php\/wp-json\/wp\/v2\/pages"}],"about":[{"href":"https:\/\/uttijuana.edu.mx\/index.php\/wp-json\/wp\/v2\/types\/page"}],"author":[{"embeddable":true,"href":"https:\/\/uttijuana.edu.mx\/index.php\/wp-json\/wp\/v2\/users\/2"}],"replies":[{"embeddable":true,"href":"https:\/\/uttijuana.edu.mx\/index.php\/wp-json\/wp\/v2\/comments?post=12650"}],"version-history":[{"count":8,"href":"https:\/\/uttijuana.edu.mx\/index.php\/wp-json\/wp\/v2\/pages\/12650\/revisions"}],"predecessor-version":[{"id":12663,"href":"https:\/\/uttijuana.edu.mx\/index.php\/wp-json\/wp\/v2\/pages\/12650\/revisions\/12663"}],"wp:attachment":[{"href":"https:\/\/uttijuana.edu.mx\/index.php\/wp-json\/wp\/v2\/media?parent=12650"}],"curies":[{"name":"wp","href":"https:\/\/api.w.org\/{rel}","templated":true}]}}