{"id":12734,"date":"2023-08-24T23:18:35","date_gmt":"2023-08-24T23:18:35","guid":{"rendered":"https:\/\/uttijuana.edu.mx\/?page_id=12734"},"modified":"2023-08-24T23:20:40","modified_gmt":"2023-08-24T23:20:40","slug":"fomenta-utt-investigacion-y-desarrollo-tecnologico-entre-docentes-y-estudiantes","status":"publish","type":"page","link":"https:\/\/uttijuana.edu.mx\/index.php\/fomenta-utt-investigacion-y-desarrollo-tecnologico-entre-docentes-y-estudiantes\/","title":{"rendered":"FOMENTA UTT INVESTIGACI\u00d3N Y DESARROLLO TECNOL\u00d3GICO ENTRE DOCENTES Y ESTUDIANTES"},"content":{"rendered":"\t\t<div data-elementor-type=\"wp-page\" data-elementor-id=\"12734\" class=\"elementor elementor-12734\" data-elementor-post-type=\"page\">\n\t\t\t\t\t\t<section class=\"elementor-section elementor-top-section elementor-element elementor-element-4eeed66d elementor-section-boxed elementor-section-height-default elementor-section-height-default wpr-particle-no wpr-jarallax-no wpr-parallax-no wpr-sticky-section-no\" data-id=\"4eeed66d\" data-element_type=\"section\">\n\t\t\t\t\t\t<div class=\"elementor-container elementor-column-gap-default\">\n\t\t\t\t\t<div class=\"elementor-column elementor-col-100 elementor-top-column elementor-element elementor-element-1d7e0584\" data-id=\"1d7e0584\" data-element_type=\"column\">\n\t\t\t<div class=\"elementor-widget-wrap elementor-element-populated\">\n\t\t\t\t\t\t<div class=\"elementor-element elementor-element-a801bfa elementor-widget elementor-widget-heading\" data-id=\"a801bfa\" data-element_type=\"widget\" data-widget_type=\"heading.default\">\n\t\t\t\t<div class=\"elementor-widget-container\">\n\t\t\t\t\t<h2 class=\"elementor-heading-title elementor-size-default\">FOMENTA UTT INVESTIGACI\u00d3N Y DESARROLLO TECNOL\u00d3GICO ENTRE DOCENTES Y ESTUDIANTES <\/h2>\t\t\t\t<\/div>\n\t\t\t\t<\/div>\n\t\t\t\t<div class=\"elementor-element elementor-element-b2c11fe elementor-widget elementor-widget-image\" data-id=\"b2c11fe\" data-element_type=\"widget\" data-widget_type=\"image.default\">\n\t\t\t\t<div class=\"elementor-widget-container\">\n\t\t\t\t\t\t\t\t\t\t\t\t\t\t\t<img fetchpriority=\"high\" decoding=\"async\" width=\"768\" height=\"442\" src=\"https:\/\/uttijuana.edu.mx\/wp-content\/uploads\/2023\/08\/FOMENTA-UTT-768x442.jpeg\" class=\"attachment-medium_large size-medium_large wp-image-12733\" alt=\"\" srcset=\"https:\/\/uttijuana.edu.mx\/wp-content\/uploads\/2023\/08\/FOMENTA-UTT-768x442.jpeg 768w, https:\/\/uttijuana.edu.mx\/wp-content\/uploads\/2023\/08\/FOMENTA-UTT-300x173.jpeg 300w, https:\/\/uttijuana.edu.mx\/wp-content\/uploads\/2023\/08\/FOMENTA-UTT-1024x589.jpeg 1024w, https:\/\/uttijuana.edu.mx\/wp-content\/uploads\/2023\/08\/FOMENTA-UTT.jpeg 1280w\" sizes=\"(max-width: 768px) 100vw, 768px\" \/>\t\t\t\t\t\t\t\t\t\t\t\t\t\t\t<\/div>\n\t\t\t\t<\/div>\n\t\t\t\t<div class=\"elementor-element elementor-element-36a39410 elementor-widget elementor-widget-heading\" data-id=\"36a39410\" data-element_type=\"widget\" data-widget_type=\"heading.default\">\n\t\t\t\t<div class=\"elementor-widget-container\">\n\t\t\t\t\t<h5 class=\"elementor-heading-title elementor-size-medium\">Jueves, 24 de agosto de 2023\n<BLOCKQUOTE>* Con el fin de proporcionarles bases s\u00f3lidas, les ofrece capacitaci\u00f3n sobre el sistema de propiedad industrial y patentes <p> <\/p>\n\nTIJUANA.- Docentes de la Universidad Tecnol\u00f3gica de Tijuana (UTT) concluyeron con \u00e9xito un curso impartido por el Instituto Mexicano de la Propiedad Industrial (IMPI) que les permiti\u00f3 actualizarse y conocer m\u00e1s sobre temas como propiedad intelectual, patentes y registro de marca. <p> <\/p>\n\nDurante la entrega de reconocimientos, el rector Mtro. Salvador Morales Riub\u00ed explic\u00f3 que uno de los objetivos de su gesti\u00f3n es que la universidad se convierta en generadora de investigaci\u00f3n en diversos campos cient\u00edficos y tecnol\u00f3gicos, pero antes de eso se requiere garantizar la protecci\u00f3n de las ideas y de la aportaci\u00f3n intelectual de las y los colaboradores.<p> <\/p>\n\n\u201cLa participaci\u00f3n de todas y todos ustedes en este curso significa mucho para la universidad, porque es un paso en el camino que se estuvo buscando muchos a\u00f1os; queremos que quienes contribuyan en una investigaci\u00f3n reciban el reconocimiento por su aportaci\u00f3n intelectual\u201d, indic\u00f3.<p> <\/p>\n\nMencion\u00f3 que recientemente se aprob\u00f3 la creaci\u00f3n de la Direcci\u00f3n de Posgrado e Investigaci\u00f3n en la Universidad Tecnol\u00f3gica de Tijuana, a fin de incentivar tanto al personal docente como al alumnado a que innoven y a que desarrollen nuevos procesos, productos y tecnolog\u00edas.<p> <\/p>\n\n\u201cSabemos que existe el talento y la capacidad, por eso queremos que nuestra instituci\u00f3n sea reconocida como generadora de investigaci\u00f3n y desarrollo tecnol\u00f3gico\u201d, abund\u00f3.\n\nEn esta capacitaci\u00f3n tambi\u00e9n participaron docentes de la Unidad Acad\u00e9mica Ensenada, en donde se ofertan las carreras de Ingenier\u00eda en Biotecnolog\u00eda e Ingenier\u00eda en Procesos Bioalimentarios, que ya han generado importantes avances y que incluso han sido difundidos en revistas de divulgaci\u00f3n cient\u00edfica y en foros nacionales.<p> <\/p>\n\nAlgunos de los temas que se impartieron son el Sistema de Propiedad Industrial en M\u00e9xico, la importancia de registrar marca, eslogan y nombre del negocio, conocimiento de las figuras de patentes, modelos de utilidad y dise\u00f1os industriales, as\u00ed como el mecanismo de b\u00fasqueda de inventos ya registrados, entre otros.<p> <\/p><\/h5>\t\t\t\t<\/div>\n\t\t\t\t<\/div>\n\t\t\t\t<div class=\"elementor-element elementor-element-368d74f elementor-widget elementor-widget-image\" data-id=\"368d74f\" data-element_type=\"widget\" data-widget_type=\"image.default\">\n\t\t\t\t<div class=\"elementor-widget-container\">\n\t\t\t\t\t\t\t\t\t\t\t\t\t\t\t<img decoding=\"async\" width=\"768\" height=\"512\" data-src=\"https:\/\/uttijuana.edu.mx\/wp-content\/uploads\/2023\/08\/FOMENTA-UTT-1-768x512.jpeg\" class=\"attachment-medium_large size-medium_large wp-image-12732 lazyload\" alt=\"\" data-srcset=\"https:\/\/uttijuana.edu.mx\/wp-content\/uploads\/2023\/08\/FOMENTA-UTT-1-768x512.jpeg 768w, https:\/\/uttijuana.edu.mx\/wp-content\/uploads\/2023\/08\/FOMENTA-UTT-1-300x200.jpeg 300w, https:\/\/uttijuana.edu.mx\/wp-content\/uploads\/2023\/08\/FOMENTA-UTT-1-1024x683.jpeg 1024w, https:\/\/uttijuana.edu.mx\/wp-content\/uploads\/2023\/08\/FOMENTA-UTT-1.jpeg 1280w\" data-sizes=\"(max-width: 768px) 100vw, 768px\" src=\"data:image\/gif;base64,R0lGODlhAQABAAAAACH5BAEKAAEALAAAAAABAAEAAAICTAEAOw==\" style=\"--smush-placeholder-width: 768px; --smush-placeholder-aspect-ratio: 768\/512;\" \/>\t\t\t\t\t\t\t\t\t\t\t\t\t\t\t<\/div>\n\t\t\t\t<\/div>\n\t\t\t\t<div class=\"elementor-element elementor-element-2f1571e1 elementor-widget elementor-widget-spacer\" data-id=\"2f1571e1\" data-element_type=\"widget\" data-widget_type=\"spacer.default\">\n\t\t\t\t<div class=\"elementor-widget-container\">\n\t\t\t\t\t\t\t<div class=\"elementor-spacer\">\n\t\t\t<div class=\"elementor-spacer-inner\"><\/div>\n\t\t<\/div>\n\t\t\t\t\t\t<\/div>\n\t\t\t\t<\/div>\n\t\t\t\t\t<\/div>\n\t\t<\/div>\n\t\t\t\t\t<\/div>\n\t\t<\/section>\n\t\t\t\t<\/div>\n\t\t","protected":false},"excerpt":{"rendered":"<p>FOMENTA UTT INVESTIGACI\u00d3N Y DESARROLLO TECNOL\u00d3GICO ENTRE DOCENTES Y ESTUDIANTES Jueves, 24 de agosto de 2023 * Con el fin de proporcionarles bases s\u00f3lidas, les ofrece capacitaci\u00f3n sobre el sistema de propiedad industrial y patentes TIJUANA.- Docentes de la Universidad Tecnol\u00f3gica de Tijuana (UTT) concluyeron con \u00e9xito un curso impartido por el Instituto Mexicano de la Propiedad Industrial (IMPI) que les permiti\u00f3 actualizarse y conocer m\u00e1s sobre temas como propiedad intelectual, patentes y registro de marca. Durante la entrega de reconocimientos, el rector Mtro. Salvador Morales Riub\u00ed explic\u00f3 que uno de los objetivos de su gesti\u00f3n es que la universidad se convierta en generadora de investigaci\u00f3n en diversos campos cient\u00edficos y tecnol\u00f3gicos, pero antes de eso se requiere garantizar la protecci\u00f3n de las ideas y de la aportaci\u00f3n intelectual de las y los colaboradores. \u201cLa participaci\u00f3n de todas y todos ustedes en este curso significa mucho para la universidad, porque es un paso en el camino que se estuvo buscando muchos a\u00f1os; queremos que quienes contribuyan en una investigaci\u00f3n reciban el reconocimiento por su aportaci\u00f3n intelectual\u201d, indic\u00f3. Mencion\u00f3 que recientemente se aprob\u00f3 la creaci\u00f3n de la Direcci\u00f3n de Posgrado e Investigaci\u00f3n en la Universidad Tecnol\u00f3gica de Tijuana, a fin de incentivar tanto al personal docente como al alumnado a que innoven y a que desarrollen nuevos procesos, productos y tecnolog\u00edas. \u201cSabemos que existe el talento y la capacidad, por eso queremos que nuestra instituci\u00f3n sea reconocida como generadora de investigaci\u00f3n y desarrollo tecnol\u00f3gico\u201d, abund\u00f3. En esta capacitaci\u00f3n tambi\u00e9n participaron docentes de la Unidad Acad\u00e9mica Ensenada, en donde se ofertan las carreras de Ingenier\u00eda en Biotecnolog\u00eda e Ingenier\u00eda en Procesos Bioalimentarios, que ya han generado importantes avances y que incluso han sido difundidos en revistas de divulgaci\u00f3n cient\u00edfica y en foros nacionales. Algunos de los temas que se impartieron son el Sistema de Propiedad Industrial en M\u00e9xico, la importancia de registrar marca, eslogan y nombre del negocio, conocimiento de las figuras de patentes, modelos de utilidad y dise\u00f1os industriales, as\u00ed como el mecanismo de b\u00fasqueda de inventos ya registrados, entre otros.<\/p>\n","protected":false},"author":2,"featured_media":0,"parent":0,"menu_order":0,"comment_status":"closed","ping_status":"closed","template":"","meta":{"_monsterinsights_skip_tracking":false,"_monsterinsights_sitenote_active":false,"_monsterinsights_sitenote_note":"","_monsterinsights_sitenote_category":0,"_uf_show_specific_survey":0,"_uf_disable_surveys":false,"site-sidebar-layout":"no-sidebar","site-content-layout":"page-builder","ast-site-content-layout":"full-width-container","site-content-style":"unboxed","site-sidebar-style":"unboxed","ast-global-header-display":"","ast-banner-title-visibility":"","ast-main-header-display":"","ast-hfb-above-header-display":"","ast-hfb-below-header-display":"","ast-hfb-mobile-header-display":"","site-post-title":"disabled","ast-breadcrumbs-content":"","ast-featured-img":"disabled","footer-sml-layout":"","ast-disable-related-posts":"","theme-transparent-header-meta":"","adv-header-id-meta":"","stick-header-meta":"","header-above-stick-meta":"","header-main-stick-meta":"","header-below-stick-meta":"","astra-migrate-meta-layouts":"set","ast-page-background-enabled":"default","ast-page-background-meta":{"desktop":{"background-color":"","background-image":"","background-repeat":"repeat","background-position":"center center","background-size":"auto","background-attachment":"scroll","background-type":"","background-media":"","overlay-type":"","overlay-color":"","overlay-opacity":"","overlay-gradient":""},"tablet":{"background-color":"","background-image":"","background-repeat":"repeat","background-position":"center center","background-size":"auto","background-attachment":"scroll","background-type":"","background-media":"","overlay-type":"","overlay-color":"","overlay-opacity":"","overlay-gradient":""},"mobile":{"background-color":"","background-image":"","background-repeat":"repeat","background-position":"center center","background-size":"auto","background-attachment":"scroll","background-type":"","background-media":"","overlay-type":"","overlay-color":"","overlay-opacity":"","overlay-gradient":""}},"ast-content-background-meta":{"desktop":{"background-color":"var(--ast-global-color-5)","background-image":"","background-repeat":"repeat","background-position":"center center","background-size":"auto","background-attachment":"scroll","background-type":"","background-media":"","overlay-type":"","overlay-color":"","overlay-opacity":"","overlay-gradient":""},"tablet":{"background-color":"var(--ast-global-color-5)","background-image":"","background-repeat":"repeat","background-position":"center center","background-size":"auto","background-attachment":"scroll","background-type":"","background-media":"","overlay-type":"","overlay-color":"","overlay-opacity":"","overlay-gradient":""},"mobile":{"background-color":"var(--ast-global-color-5)","background-image":"","background-repeat":"repeat","background-position":"center center","background-size":"auto","background-attachment":"scroll","background-type":"","background-media":"","overlay-type":"","overlay-color":"","overlay-opacity":"","overlay-gradient":""}},"footnotes":""},"class_list":["post-12734","page","type-page","status-publish","hentry"],"_links":{"self":[{"href":"https:\/\/uttijuana.edu.mx\/index.php\/wp-json\/wp\/v2\/pages\/12734","targetHints":{"allow":["GET"]}}],"collection":[{"href":"https:\/\/uttijuana.edu.mx\/index.php\/wp-json\/wp\/v2\/pages"}],"about":[{"href":"https:\/\/uttijuana.edu.mx\/index.php\/wp-json\/wp\/v2\/types\/page"}],"author":[{"embeddable":true,"href":"https:\/\/uttijuana.edu.mx\/index.php\/wp-json\/wp\/v2\/users\/2"}],"replies":[{"embeddable":true,"href":"https:\/\/uttijuana.edu.mx\/index.php\/wp-json\/wp\/v2\/comments?post=12734"}],"version-history":[{"count":4,"href":"https:\/\/uttijuana.edu.mx\/index.php\/wp-json\/wp\/v2\/pages\/12734\/revisions"}],"predecessor-version":[{"id":12738,"href":"https:\/\/uttijuana.edu.mx\/index.php\/wp-json\/wp\/v2\/pages\/12734\/revisions\/12738"}],"wp:attachment":[{"href":"https:\/\/uttijuana.edu.mx\/index.php\/wp-json\/wp\/v2\/media?parent=12734"}],"curies":[{"name":"wp","href":"https:\/\/api.w.org\/{rel}","templated":true}]}}