{"id":12894,"date":"2023-09-04T16:19:44","date_gmt":"2023-09-04T16:19:44","guid":{"rendered":"https:\/\/uttijuana.edu.mx\/?page_id=12894"},"modified":"2023-09-04T16:22:19","modified_gmt":"2023-09-04T16:22:19","slug":"recibe-utt-premio-nacional-por-ser-la-universidad-que-mas-certifica-conocimientos","status":"publish","type":"page","link":"https:\/\/uttijuana.edu.mx\/index.php\/recibe-utt-premio-nacional-por-ser-la-universidad-que-mas-certifica-conocimientos\/","title":{"rendered":"RECIBE UTT PREMIO NACIONAL POR SER LA UNIVERSIDAD QUE M\u00c1S CERTIFICA CONOCIMIENTOS"},"content":{"rendered":"\t\t<div data-elementor-type=\"wp-page\" data-elementor-id=\"12894\" class=\"elementor elementor-12894\" data-elementor-post-type=\"page\">\n\t\t\t\t\t\t<section class=\"elementor-section elementor-top-section elementor-element elementor-element-4eeed66d elementor-section-boxed elementor-section-height-default elementor-section-height-default wpr-particle-no wpr-jarallax-no wpr-parallax-no wpr-sticky-section-no\" data-id=\"4eeed66d\" data-element_type=\"section\">\n\t\t\t\t\t\t<div class=\"elementor-container elementor-column-gap-default\">\n\t\t\t\t\t<div class=\"elementor-column elementor-col-100 elementor-top-column elementor-element elementor-element-1d7e0584\" data-id=\"1d7e0584\" data-element_type=\"column\">\n\t\t\t<div class=\"elementor-widget-wrap elementor-element-populated\">\n\t\t\t\t\t\t<div class=\"elementor-element elementor-element-a801bfa elementor-widget elementor-widget-heading\" data-id=\"a801bfa\" data-element_type=\"widget\" data-widget_type=\"heading.default\">\n\t\t\t\t<div class=\"elementor-widget-container\">\n\t\t\t\t\t<h2 class=\"elementor-heading-title elementor-size-default\">RECIBE UTT PREMIO NACIONAL POR SER LA UNIVERSIDAD QUE M\u00c1S CERTIFICA CONOCIMIENTOS<\/h2>\t\t\t\t<\/div>\n\t\t\t\t<\/div>\n\t\t\t\t<div class=\"elementor-element elementor-element-b2c11fe elementor-widget elementor-widget-image\" data-id=\"b2c11fe\" data-element_type=\"widget\" data-widget_type=\"image.default\">\n\t\t\t\t<div class=\"elementor-widget-container\">\n\t\t\t\t\t\t\t\t\t\t\t\t\t\t\t<img fetchpriority=\"high\" decoding=\"async\" width=\"768\" height=\"576\" src=\"https:\/\/uttijuana.edu.mx\/wp-content\/uploads\/2023\/09\/RECIBE-UTT-PREMIO-NACIONAL-1-768x576.jpeg\" class=\"attachment-medium_large size-medium_large wp-image-12893\" alt=\"\" srcset=\"https:\/\/uttijuana.edu.mx\/wp-content\/uploads\/2023\/09\/RECIBE-UTT-PREMIO-NACIONAL-1-768x576.jpeg 768w, https:\/\/uttijuana.edu.mx\/wp-content\/uploads\/2023\/09\/RECIBE-UTT-PREMIO-NACIONAL-1-300x225.jpeg 300w, https:\/\/uttijuana.edu.mx\/wp-content\/uploads\/2023\/09\/RECIBE-UTT-PREMIO-NACIONAL-1.jpeg 1024w\" sizes=\"(max-width: 768px) 100vw, 768px\" \/>\t\t\t\t\t\t\t\t\t\t\t\t\t\t\t<\/div>\n\t\t\t\t<\/div>\n\t\t\t\t<div class=\"elementor-element elementor-element-36a39410 elementor-widget elementor-widget-heading\" data-id=\"36a39410\" data-element_type=\"widget\" data-widget_type=\"heading.default\">\n\t\t\t\t<div class=\"elementor-widget-container\">\n\t\t\t\t\t<h5 class=\"elementor-heading-title elementor-size-medium\">Martes, 29 de agosto de 2023\n\n<BLOCKQUOTE>*El galard\u00f3n fue entregado por el CONOCER, durante el foro Sistema Nacional de Competencias<p><\/p>\n\nCIUDAD DE M\u00c9XICO.- La Universidad Tecnol\u00f3gica de Tijuana (UTT),  recibi\u00f3 un reconocimiento por parte del Consejo Nacional de Normalizaci\u00f3n y Certificaci\u00f3n de Competencias Laborales (CONOCER), por ser la instituci\u00f3n de educaci\u00f3n superior que m\u00e1s certificados de est\u00e1ndares de competencia emite a nivel nacional.<p><\/p>\n\nEl rector, Mtro. Salvador Morales Riub\u00ed, destac\u00f3 la obtenci\u00f3n de este logro institucional, lo que coloca a la UTT en los primeros planos tanto a nivel subsistema de universidades tecnol\u00f3gicas y polit\u00e9cnicas, como del resto de las instituciones de educaci\u00f3n superior.<p><\/p>\n\n\u201cPara la universidad tecnol\u00f3gica este reconocimiento es el resultado de muchos a\u00f1os de compromiso con la profesionalizaci\u00f3n y del esfuerzo de nuestras y nuestros docentes, que son quienes participan en la impartici\u00f3n de cursos\u201d, expres\u00f3.<p><\/p>\n\nMorales Riub\u00ed record\u00f3 que la UTT es pionera en la certificaci\u00f3n de conocimientos de sus estudiantes, con un promedio de mil 800 certificados emitidos anualmente, adem\u00e1s de que ofrece cursos de capacitaci\u00f3n y certificaci\u00f3n de conocimientos a la poblaci\u00f3n en general, con especial enfoque en la industria.<p><\/p>\n\nDesde 2011, adquiri\u00f3 el estatus de Entidad de Evaluaci\u00f3n y Certificaci\u00f3n de Competencias, es decir, que tiene la facultad de certificar a otras instituciones, p\u00fablicas y privadas, as\u00ed como de crear nuevos est\u00e1ndares de competencia.<p><\/p>\n\nActualmente, la instituci\u00f3n cuenta con un cat\u00e1logo de 70 est\u00e1ndares de competencia laboral, de los cuales 23 han sido dise\u00f1ados por grupos t\u00e9cnicos de expertos de UTT.<p><\/p>\n\nAl a\u00f1o, se atienden m\u00e1s de 50 empresas pertenecientes al sector industrial, as\u00ed como al p\u00fablico en general, con una emisi\u00f3n de mil 300 certificados en promedio.<p><\/p>\n\nLa secretaria de Vinculaci\u00f3n, Mtra. Ana Leticia Salcedo, fue la encargada de recoger el galard\u00f3n en representaci\u00f3n de la UTT, en un evento realizado en la Ciudad de M\u00e9xico, encabezado por el titular del CONOCER, Mtro. Rodrigo Rojas Navarrete.<p><\/p><\/h5>\t\t\t\t<\/div>\n\t\t\t\t<\/div>\n\t\t\t\t<div class=\"elementor-element elementor-element-368d74f elementor-widget elementor-widget-image\" data-id=\"368d74f\" data-element_type=\"widget\" data-widget_type=\"image.default\">\n\t\t\t\t<div class=\"elementor-widget-container\">\n\t\t\t\t\t\t\t\t\t\t\t\t\t\t\t<img decoding=\"async\" width=\"768\" height=\"701\" data-src=\"https:\/\/uttijuana.edu.mx\/wp-content\/uploads\/2023\/09\/RECIBE-UTT-PREMIO-NACIONAL.jpeg\" class=\"attachment-medium_large size-medium_large wp-image-12892 lazyload\" alt=\"\" data-srcset=\"https:\/\/uttijuana.edu.mx\/wp-content\/uploads\/2023\/09\/RECIBE-UTT-PREMIO-NACIONAL.jpeg 768w, https:\/\/uttijuana.edu.mx\/wp-content\/uploads\/2023\/09\/RECIBE-UTT-PREMIO-NACIONAL-300x274.jpeg 300w\" data-sizes=\"(max-width: 768px) 100vw, 768px\" src=\"data:image\/gif;base64,R0lGODlhAQABAAAAACH5BAEKAAEALAAAAAABAAEAAAICTAEAOw==\" style=\"--smush-placeholder-width: 768px; --smush-placeholder-aspect-ratio: 768\/701;\" \/>\t\t\t\t\t\t\t\t\t\t\t\t\t\t\t<\/div>\n\t\t\t\t<\/div>\n\t\t\t\t<div class=\"elementor-element elementor-element-2f1571e1 elementor-widget elementor-widget-spacer\" data-id=\"2f1571e1\" data-element_type=\"widget\" data-widget_type=\"spacer.default\">\n\t\t\t\t<div class=\"elementor-widget-container\">\n\t\t\t\t\t\t\t<div class=\"elementor-spacer\">\n\t\t\t<div class=\"elementor-spacer-inner\"><\/div>\n\t\t<\/div>\n\t\t\t\t\t\t<\/div>\n\t\t\t\t<\/div>\n\t\t\t\t\t<\/div>\n\t\t<\/div>\n\t\t\t\t\t<\/div>\n\t\t<\/section>\n\t\t\t\t<\/div>\n\t\t","protected":false},"excerpt":{"rendered":"<p>RECIBE UTT PREMIO NACIONAL POR SER LA UNIVERSIDAD QUE M\u00c1S CERTIFICA CONOCIMIENTOS Martes, 29 de agosto de 2023 *El galard\u00f3n fue entregado por el CONOCER, durante el foro Sistema Nacional de Competencias CIUDAD DE M\u00c9XICO.- La Universidad Tecnol\u00f3gica de Tijuana (UTT), recibi\u00f3 un reconocimiento por parte del Consejo Nacional de Normalizaci\u00f3n y Certificaci\u00f3n de Competencias Laborales (CONOCER), por ser la instituci\u00f3n de educaci\u00f3n superior que m\u00e1s certificados de est\u00e1ndares de competencia emite a nivel nacional. El rector, Mtro. Salvador Morales Riub\u00ed, destac\u00f3 la obtenci\u00f3n de este logro institucional, lo que coloca a la UTT en los primeros planos tanto a nivel subsistema de universidades tecnol\u00f3gicas y polit\u00e9cnicas, como del resto de las instituciones de educaci\u00f3n superior. \u201cPara la universidad tecnol\u00f3gica este reconocimiento es el resultado de muchos a\u00f1os de compromiso con la profesionalizaci\u00f3n y del esfuerzo de nuestras y nuestros docentes, que son quienes participan en la impartici\u00f3n de cursos\u201d, expres\u00f3. Morales Riub\u00ed record\u00f3 que la UTT es pionera en la certificaci\u00f3n de conocimientos de sus estudiantes, con un promedio de mil 800 certificados emitidos anualmente, adem\u00e1s de que ofrece cursos de capacitaci\u00f3n y certificaci\u00f3n de conocimientos a la poblaci\u00f3n en general, con especial enfoque en la industria. Desde 2011, adquiri\u00f3 el estatus de Entidad de Evaluaci\u00f3n y Certificaci\u00f3n de Competencias, es decir, que tiene la facultad de certificar a otras instituciones, p\u00fablicas y privadas, as\u00ed como de crear nuevos est\u00e1ndares de competencia. Actualmente, la instituci\u00f3n cuenta con un cat\u00e1logo de 70 est\u00e1ndares de competencia laboral, de los cuales 23 han sido dise\u00f1ados por grupos t\u00e9cnicos de expertos de UTT. Al a\u00f1o, se atienden m\u00e1s de 50 empresas pertenecientes al sector industrial, as\u00ed como al p\u00fablico en general, con una emisi\u00f3n de mil 300 certificados en promedio. La secretaria de Vinculaci\u00f3n, Mtra. Ana Leticia Salcedo, fue la encargada de recoger el galard\u00f3n en representaci\u00f3n de la UTT, en un evento realizado en la Ciudad de M\u00e9xico, encabezado por el titular del CONOCER, Mtro. Rodrigo Rojas Navarrete.<\/p>\n","protected":false},"author":2,"featured_media":0,"parent":0,"menu_order":0,"comment_status":"closed","ping_status":"closed","template":"","meta":{"_monsterinsights_skip_tracking":false,"_monsterinsights_sitenote_active":false,"_monsterinsights_sitenote_note":"","_monsterinsights_sitenote_category":0,"_uf_show_specific_survey":0,"_uf_disable_surveys":false,"site-sidebar-layout":"no-sidebar","site-content-layout":"page-builder","ast-site-content-layout":"full-width-container","site-content-style":"unboxed","site-sidebar-style":"unboxed","ast-global-header-display":"","ast-banner-title-visibility":"","ast-main-header-display":"","ast-hfb-above-header-display":"","ast-hfb-below-header-display":"","ast-hfb-mobile-header-display":"","site-post-title":"disabled","ast-breadcrumbs-content":"","ast-featured-img":"disabled","footer-sml-layout":"","ast-disable-related-posts":"","theme-transparent-header-meta":"","adv-header-id-meta":"","stick-header-meta":"","header-above-stick-meta":"","header-main-stick-meta":"","header-below-stick-meta":"","astra-migrate-meta-layouts":"set","ast-page-background-enabled":"default","ast-page-background-meta":{"desktop":{"background-color":"","background-image":"","background-repeat":"repeat","background-position":"center center","background-size":"auto","background-attachment":"scroll","background-type":"","background-media":"","overlay-type":"","overlay-color":"","overlay-opacity":"","overlay-gradient":""},"tablet":{"background-color":"","background-image":"","background-repeat":"repeat","background-position":"center center","background-size":"auto","background-attachment":"scroll","background-type":"","background-media":"","overlay-type":"","overlay-color":"","overlay-opacity":"","overlay-gradient":""},"mobile":{"background-color":"","background-image":"","background-repeat":"repeat","background-position":"center center","background-size":"auto","background-attachment":"scroll","background-type":"","background-media":"","overlay-type":"","overlay-color":"","overlay-opacity":"","overlay-gradient":""}},"ast-content-background-meta":{"desktop":{"background-color":"var(--ast-global-color-5)","background-image":"","background-repeat":"repeat","background-position":"center center","background-size":"auto","background-attachment":"scroll","background-type":"","background-media":"","overlay-type":"","overlay-color":"","overlay-opacity":"","overlay-gradient":""},"tablet":{"background-color":"var(--ast-global-color-5)","background-image":"","background-repeat":"repeat","background-position":"center center","background-size":"auto","background-attachment":"scroll","background-type":"","background-media":"","overlay-type":"","overlay-color":"","overlay-opacity":"","overlay-gradient":""},"mobile":{"background-color":"var(--ast-global-color-5)","background-image":"","background-repeat":"repeat","background-position":"center center","background-size":"auto","background-attachment":"scroll","background-type":"","background-media":"","overlay-type":"","overlay-color":"","overlay-opacity":"","overlay-gradient":""}},"footnotes":""},"class_list":["post-12894","page","type-page","status-publish","hentry"],"_links":{"self":[{"href":"https:\/\/uttijuana.edu.mx\/index.php\/wp-json\/wp\/v2\/pages\/12894","targetHints":{"allow":["GET"]}}],"collection":[{"href":"https:\/\/uttijuana.edu.mx\/index.php\/wp-json\/wp\/v2\/pages"}],"about":[{"href":"https:\/\/uttijuana.edu.mx\/index.php\/wp-json\/wp\/v2\/types\/page"}],"author":[{"embeddable":true,"href":"https:\/\/uttijuana.edu.mx\/index.php\/wp-json\/wp\/v2\/users\/2"}],"replies":[{"embeddable":true,"href":"https:\/\/uttijuana.edu.mx\/index.php\/wp-json\/wp\/v2\/comments?post=12894"}],"version-history":[{"count":4,"href":"https:\/\/uttijuana.edu.mx\/index.php\/wp-json\/wp\/v2\/pages\/12894\/revisions"}],"predecessor-version":[{"id":12898,"href":"https:\/\/uttijuana.edu.mx\/index.php\/wp-json\/wp\/v2\/pages\/12894\/revisions\/12898"}],"wp:attachment":[{"href":"https:\/\/uttijuana.edu.mx\/index.php\/wp-json\/wp\/v2\/media?parent=12894"}],"curies":[{"name":"wp","href":"https:\/\/api.w.org\/{rel}","templated":true}]}}