{"id":12950,"date":"2023-09-08T16:24:03","date_gmt":"2023-09-08T16:24:03","guid":{"rendered":"https:\/\/uttijuana.edu.mx\/?page_id=12950"},"modified":"2023-09-08T16:26:08","modified_gmt":"2023-09-08T16:26:08","slug":"devela-utt-mural-dedicado-a-sus-estudiantes-y-egresados","status":"publish","type":"page","link":"https:\/\/uttijuana.edu.mx\/index.php\/devela-utt-mural-dedicado-a-sus-estudiantes-y-egresados\/","title":{"rendered":"DEVELA UTT MURAL DEDICADO A SUS ESTUDIANTES Y EGRESADOS"},"content":{"rendered":"\t\t<div data-elementor-type=\"wp-page\" data-elementor-id=\"12950\" class=\"elementor elementor-12950\" data-elementor-post-type=\"page\">\n\t\t\t\t\t\t<section class=\"elementor-section elementor-top-section elementor-element elementor-element-4eeed66d elementor-section-boxed elementor-section-height-default elementor-section-height-default wpr-particle-no wpr-jarallax-no wpr-parallax-no wpr-sticky-section-no\" data-id=\"4eeed66d\" data-element_type=\"section\">\n\t\t\t\t\t\t<div class=\"elementor-container elementor-column-gap-default\">\n\t\t\t\t\t<div class=\"elementor-column elementor-col-100 elementor-top-column elementor-element elementor-element-1d7e0584\" data-id=\"1d7e0584\" data-element_type=\"column\">\n\t\t\t<div class=\"elementor-widget-wrap elementor-element-populated\">\n\t\t\t\t\t\t<div class=\"elementor-element elementor-element-a801bfa elementor-widget elementor-widget-heading\" data-id=\"a801bfa\" data-element_type=\"widget\" data-widget_type=\"heading.default\">\n\t\t\t\t<div class=\"elementor-widget-container\">\n\t\t\t\t\t<h2 class=\"elementor-heading-title elementor-size-default\">DEVELA UTT MURAL DEDICADO A SUS ESTUDIANTES Y EGRESADOS<\/h2>\t\t\t\t<\/div>\n\t\t\t\t<\/div>\n\t\t\t\t<div class=\"elementor-element elementor-element-b2c11fe elementor-widget elementor-widget-image\" data-id=\"b2c11fe\" data-element_type=\"widget\" data-widget_type=\"image.default\">\n\t\t\t\t<div class=\"elementor-widget-container\">\n\t\t\t\t\t\t\t\t\t\t\t\t\t\t\t<img fetchpriority=\"high\" decoding=\"async\" width=\"768\" height=\"512\" src=\"https:\/\/uttijuana.edu.mx\/wp-content\/uploads\/2023\/09\/MURAL-DEDICADO-A-SUS-ESTUDIANTES-Y-EGRESADOS1-768x512.jpeg\" class=\"attachment-medium_large size-medium_large wp-image-12947\" alt=\"\" srcset=\"https:\/\/uttijuana.edu.mx\/wp-content\/uploads\/2023\/09\/MURAL-DEDICADO-A-SUS-ESTUDIANTES-Y-EGRESADOS1-768x512.jpeg 768w, https:\/\/uttijuana.edu.mx\/wp-content\/uploads\/2023\/09\/MURAL-DEDICADO-A-SUS-ESTUDIANTES-Y-EGRESADOS1-300x200.jpeg 300w, https:\/\/uttijuana.edu.mx\/wp-content\/uploads\/2023\/09\/MURAL-DEDICADO-A-SUS-ESTUDIANTES-Y-EGRESADOS1-1024x683.jpeg 1024w, https:\/\/uttijuana.edu.mx\/wp-content\/uploads\/2023\/09\/MURAL-DEDICADO-A-SUS-ESTUDIANTES-Y-EGRESADOS1.jpeg 1280w\" sizes=\"(max-width: 768px) 100vw, 768px\" \/>\t\t\t\t\t\t\t\t\t\t\t\t\t\t\t<\/div>\n\t\t\t\t<\/div>\n\t\t\t\t<div class=\"elementor-element elementor-element-36a39410 elementor-widget elementor-widget-heading\" data-id=\"36a39410\" data-element_type=\"widget\" data-widget_type=\"heading.default\">\n\t\t\t\t<div class=\"elementor-widget-container\">\n\t\t\t\t\t<h5 class=\"elementor-heading-title elementor-size-medium\">Jueves, 7 de septiembre de 2023\n\n<BLOCKQUOTE>* El rector alent\u00f3 al alumnado a aprovechar la op*El mural es obra del artista urbano Mode Orozco, quien expres\u00f3 que tiene una conexi\u00f3n especial con la UTT<p><\/p>\n\nTIJUANA.- Como parte de los festejos alusivos al 25 aniversario de la Universidad Tecnol\u00f3gica de Tijuana (UTT), fue develado un mural en homenaje a las y los estudiantes y egresados de la instituci\u00f3n. La obra estuvo a cargo del muralista urbano, Mode Orozco.<p><\/p>\n\nEl rector, Mtro. Salvador Morales Riub\u00ed, destac\u00f3 que desde su fundaci\u00f3n la UTT logr\u00f3 captar a j\u00f3venes dispuestos a prepararse en las \u00e1reas tecnol\u00f3gicas e industriales bajo un nuevo modelo educativo, y eso ha tenido un valor incalculable para el desarrollo econ\u00f3mico de la regi\u00f3n.<p><\/p>\n\n\u201cNuestras y nuestros egresados son quienes le han dado el prestigio que hoy tiene nuestra instituci\u00f3n, son quienes han aportado su talento al desarrollo econ\u00f3mico, tecnol\u00f3gico e industrial, por eso quisimos reconocerlos en este mural\u201d, expres\u00f3.<p><\/p>\n\nAdem\u00e1s, coment\u00f3 que de la UTT han egresado m\u00e1s de 18 mil profesionistas, tanto con el t\u00edtulo de T\u00e9cnico Superior Universitario como con t\u00edtulos de Ingenier\u00eda o Licenciatura, que hoy est\u00e1n desempe\u00f1\u00e1ndose con \u00e9xito en el sector productivo.<p><\/p>\n\nRespecto a las y los estudiantes que est\u00e1n inscritos actualmente, asegur\u00f3 que son quienes impulsan a toda la organizaci\u00f3n a trabajar por elevar la calidad educativa y para ofrecerles una formaci\u00f3n integral, que les d\u00e9 las herramientas para triunfar en su profesi\u00f3n.<p><\/p>\n\nEl mural se ubica en el edificio de Docencia 1, justo donde inici\u00f3 la construcci\u00f3n de la UTT a finales de 1998, por lo que tiene mayor significado. Actualmente, es sede de las carreras de Tecnolog\u00edas de la Informaci\u00f3n, Tecnolog\u00eda Ambiental y Energ\u00edas Renovables.<p><\/p>\n\nEl artista urbano, Mode Orozco, expres\u00f3 que fue una gran experiencia haber realizado este mural, ya que tiene una conexi\u00f3n especial con la UTT, pues desde que se inauguraron las instalaciones en El Refugio, acud\u00eda con regularidad a visitar a quien despu\u00e9s se convirti\u00f3 en su esposa. <p><\/p>\n\n\u201cMe inspir\u00e9 en el trabajo de estudiantes y docentes. El fondo del mural es un m\u00f3dulo electr\u00f3nico que sirve para conectar se\u00f1ales, en este caso al alumno y al maestro que le transmite sus conocimientos. Tambi\u00e9n utilizamos la imagen de dos estudiantes que me llamaron la atenci\u00f3n y al centro un pu\u00f1o, que es una se\u00f1al de victoria, de logro\u201d, explic\u00f3 el artista.  <p><\/p>\n\nLuego de la develaci\u00f3n, el rector pidi\u00f3 a las y los estudiantes conservar este mural, para que pueda ser apreciado por las futuras generaciones.<p><\/p>\n<\/h5>\t\t\t\t<\/div>\n\t\t\t\t<\/div>\n\t\t\t\t<div class=\"elementor-element elementor-element-2f1571e1 elementor-widget elementor-widget-spacer\" data-id=\"2f1571e1\" data-element_type=\"widget\" data-widget_type=\"spacer.default\">\n\t\t\t\t<div class=\"elementor-widget-container\">\n\t\t\t\t\t\t\t<div class=\"elementor-spacer\">\n\t\t\t<div class=\"elementor-spacer-inner\"><\/div>\n\t\t<\/div>\n\t\t\t\t\t\t<\/div>\n\t\t\t\t<\/div>\n\t\t\t\t\t<\/div>\n\t\t<\/div>\n\t\t\t\t\t<\/div>\n\t\t<\/section>\n\t\t\t\t<section class=\"elementor-section elementor-top-section elementor-element elementor-element-9041006 elementor-section-boxed elementor-section-height-default elementor-section-height-default wpr-particle-no wpr-jarallax-no wpr-parallax-no wpr-sticky-section-no\" data-id=\"9041006\" data-element_type=\"section\">\n\t\t\t\t\t\t<div class=\"elementor-container elementor-column-gap-default\">\n\t\t\t\t\t<div class=\"elementor-column elementor-col-50 elementor-top-column elementor-element elementor-element-6c770b4\" data-id=\"6c770b4\" data-element_type=\"column\">\n\t\t\t<div class=\"elementor-widget-wrap elementor-element-populated\">\n\t\t\t\t\t\t<div class=\"elementor-element elementor-element-8f6adf3 elementor-widget elementor-widget-image\" data-id=\"8f6adf3\" data-element_type=\"widget\" data-widget_type=\"image.default\">\n\t\t\t\t<div class=\"elementor-widget-container\">\n\t\t\t\t\t\t\t\t\t\t\t\t\t\t\t<img decoding=\"async\" width=\"1024\" height=\"683\" data-src=\"https:\/\/uttijuana.edu.mx\/wp-content\/uploads\/2023\/09\/MURAL-DEDICADO-A-SUS-ESTUDIANTES-Y-EGRESADOS3-1024x683.jpeg\" class=\"attachment-large size-large wp-image-12948 lazyload\" alt=\"\" data-srcset=\"https:\/\/uttijuana.edu.mx\/wp-content\/uploads\/2023\/09\/MURAL-DEDICADO-A-SUS-ESTUDIANTES-Y-EGRESADOS3-1024x683.jpeg 1024w, https:\/\/uttijuana.edu.mx\/wp-content\/uploads\/2023\/09\/MURAL-DEDICADO-A-SUS-ESTUDIANTES-Y-EGRESADOS3-300x200.jpeg 300w, https:\/\/uttijuana.edu.mx\/wp-content\/uploads\/2023\/09\/MURAL-DEDICADO-A-SUS-ESTUDIANTES-Y-EGRESADOS3-768x512.jpeg 768w, https:\/\/uttijuana.edu.mx\/wp-content\/uploads\/2023\/09\/MURAL-DEDICADO-A-SUS-ESTUDIANTES-Y-EGRESADOS3.jpeg 1280w\" data-sizes=\"(max-width: 1024px) 100vw, 1024px\" src=\"data:image\/gif;base64,R0lGODlhAQABAAAAACH5BAEKAAEALAAAAAABAAEAAAICTAEAOw==\" style=\"--smush-placeholder-width: 1024px; --smush-placeholder-aspect-ratio: 1024\/683;\" \/>\t\t\t\t\t\t\t\t\t\t\t\t\t\t\t<\/div>\n\t\t\t\t<\/div>\n\t\t\t\t\t<\/div>\n\t\t<\/div>\n\t\t\t\t<div class=\"elementor-column elementor-col-50 elementor-top-column elementor-element elementor-element-3f6a058\" data-id=\"3f6a058\" data-element_type=\"column\">\n\t\t\t<div class=\"elementor-widget-wrap elementor-element-populated\">\n\t\t\t\t\t\t<div class=\"elementor-element elementor-element-a543b20 elementor-widget elementor-widget-image\" data-id=\"a543b20\" data-element_type=\"widget\" data-widget_type=\"image.default\">\n\t\t\t\t<div class=\"elementor-widget-container\">\n\t\t\t\t\t\t\t\t\t\t\t\t\t\t\t<img decoding=\"async\" width=\"1024\" height=\"714\" data-src=\"https:\/\/uttijuana.edu.mx\/wp-content\/uploads\/2023\/09\/MURAL-DEDICADO-A-SUS-ESTUDIANTES-Y-EGRESADOS2-1024x714.jpeg\" class=\"attachment-large size-large wp-image-12949 lazyload\" alt=\"\" data-srcset=\"https:\/\/uttijuana.edu.mx\/wp-content\/uploads\/2023\/09\/MURAL-DEDICADO-A-SUS-ESTUDIANTES-Y-EGRESADOS2-1024x714.jpeg 1024w, https:\/\/uttijuana.edu.mx\/wp-content\/uploads\/2023\/09\/MURAL-DEDICADO-A-SUS-ESTUDIANTES-Y-EGRESADOS2-300x209.jpeg 300w, https:\/\/uttijuana.edu.mx\/wp-content\/uploads\/2023\/09\/MURAL-DEDICADO-A-SUS-ESTUDIANTES-Y-EGRESADOS2-768x535.jpeg 768w, https:\/\/uttijuana.edu.mx\/wp-content\/uploads\/2023\/09\/MURAL-DEDICADO-A-SUS-ESTUDIANTES-Y-EGRESADOS2.jpeg 1280w\" data-sizes=\"(max-width: 1024px) 100vw, 1024px\" src=\"data:image\/gif;base64,R0lGODlhAQABAAAAACH5BAEKAAEALAAAAAABAAEAAAICTAEAOw==\" style=\"--smush-placeholder-width: 1024px; --smush-placeholder-aspect-ratio: 1024\/714;\" \/>\t\t\t\t\t\t\t\t\t\t\t\t\t\t\t<\/div>\n\t\t\t\t<\/div>\n\t\t\t\t\t<\/div>\n\t\t<\/div>\n\t\t\t\t\t<\/div>\n\t\t<\/section>\n\t\t\t\t<section class=\"elementor-section elementor-top-section elementor-element elementor-element-173bd3d elementor-section-boxed elementor-section-height-default elementor-section-height-default wpr-particle-no wpr-jarallax-no wpr-parallax-no wpr-sticky-section-no\" data-id=\"173bd3d\" data-element_type=\"section\">\n\t\t\t\t\t\t<div class=\"elementor-container elementor-column-gap-default\">\n\t\t\t\t\t<div class=\"elementor-column elementor-col-100 elementor-top-column elementor-element elementor-element-8a55eb7\" data-id=\"8a55eb7\" data-element_type=\"column\">\n\t\t\t<div class=\"elementor-widget-wrap elementor-element-populated\">\n\t\t\t\t\t\t<div class=\"elementor-element elementor-element-507fe59 elementor-widget elementor-widget-spacer\" data-id=\"507fe59\" data-element_type=\"widget\" data-widget_type=\"spacer.default\">\n\t\t\t\t<div class=\"elementor-widget-container\">\n\t\t\t\t\t\t\t<div class=\"elementor-spacer\">\n\t\t\t<div class=\"elementor-spacer-inner\"><\/div>\n\t\t<\/div>\n\t\t\t\t\t\t<\/div>\n\t\t\t\t<\/div>\n\t\t\t\t\t<\/div>\n\t\t<\/div>\n\t\t\t\t\t<\/div>\n\t\t<\/section>\n\t\t\t\t<\/div>\n\t\t","protected":false},"excerpt":{"rendered":"<p>DEVELA UTT MURAL DEDICADO A SUS ESTUDIANTES Y EGRESADOS Jueves, 7 de septiembre de 2023 * El rector alent\u00f3 al alumnado a aprovechar la op*El mural es obra del artista urbano Mode Orozco, quien expres\u00f3 que tiene una conexi\u00f3n especial con la UTT TIJUANA.- Como parte de los festejos alusivos al 25 aniversario de la Universidad Tecnol\u00f3gica de Tijuana (UTT), fue develado un mural en homenaje a las y los estudiantes y egresados de la instituci\u00f3n. La obra estuvo a cargo del muralista urbano, Mode Orozco. El rector, Mtro. Salvador Morales Riub\u00ed, destac\u00f3 que desde su fundaci\u00f3n la UTT logr\u00f3 captar a j\u00f3venes dispuestos a prepararse en las \u00e1reas tecnol\u00f3gicas e industriales bajo un nuevo modelo educativo, y eso ha tenido un valor incalculable para el desarrollo econ\u00f3mico de la regi\u00f3n. \u201cNuestras y nuestros egresados son quienes le han dado el prestigio que hoy tiene nuestra instituci\u00f3n, son quienes han aportado su talento al desarrollo econ\u00f3mico, tecnol\u00f3gico e industrial, por eso quisimos reconocerlos en este mural\u201d, expres\u00f3. Adem\u00e1s, coment\u00f3 que de la UTT han egresado m\u00e1s de 18 mil profesionistas, tanto con el t\u00edtulo de T\u00e9cnico Superior Universitario como con t\u00edtulos de Ingenier\u00eda o Licenciatura, que hoy est\u00e1n desempe\u00f1\u00e1ndose con \u00e9xito en el sector productivo. Respecto a las y los estudiantes que est\u00e1n inscritos actualmente, asegur\u00f3 que son quienes impulsan a toda la organizaci\u00f3n a trabajar por elevar la calidad educativa y para ofrecerles una formaci\u00f3n integral, que les d\u00e9 las herramientas para triunfar en su profesi\u00f3n. El mural se ubica en el edificio de Docencia 1, justo donde inici\u00f3 la construcci\u00f3n de la UTT a finales de 1998, por lo que tiene mayor significado. Actualmente, es sede de las carreras de Tecnolog\u00edas de la Informaci\u00f3n, Tecnolog\u00eda Ambiental y Energ\u00edas Renovables. El artista urbano, Mode Orozco, expres\u00f3 que fue una gran experiencia haber realizado este mural, ya que tiene una conexi\u00f3n especial con la UTT, pues desde que se inauguraron las instalaciones en El Refugio, acud\u00eda con regularidad a visitar a quien despu\u00e9s se convirti\u00f3 en su esposa. \u201cMe inspir\u00e9 en el trabajo de estudiantes y docentes. El fondo del mural es un m\u00f3dulo electr\u00f3nico que sirve para conectar se\u00f1ales, en este caso al alumno y al maestro que le transmite sus conocimientos. Tambi\u00e9n utilizamos la imagen de dos estudiantes que me llamaron la atenci\u00f3n y al centro un pu\u00f1o, que es una se\u00f1al de victoria, de logro\u201d, explic\u00f3 el artista. Luego de la develaci\u00f3n, el rector pidi\u00f3 a las y los estudiantes conservar este mural, para que pueda ser apreciado por las futuras generaciones.<\/p>\n","protected":false},"author":2,"featured_media":0,"parent":0,"menu_order":0,"comment_status":"closed","ping_status":"closed","template":"","meta":{"_monsterinsights_skip_tracking":false,"_monsterinsights_sitenote_active":false,"_monsterinsights_sitenote_note":"","_monsterinsights_sitenote_category":0,"_uf_show_specific_survey":0,"_uf_disable_surveys":false,"site-sidebar-layout":"no-sidebar","site-content-layout":"page-builder","ast-site-content-layout":"full-width-container","site-content-style":"unboxed","site-sidebar-style":"unboxed","ast-global-header-display":"","ast-banner-title-visibility":"","ast-main-header-display":"","ast-hfb-above-header-display":"","ast-hfb-below-header-display":"","ast-hfb-mobile-header-display":"","site-post-title":"disabled","ast-breadcrumbs-content":"","ast-featured-img":"disabled","footer-sml-layout":"","ast-disable-related-posts":"","theme-transparent-header-meta":"","adv-header-id-meta":"","stick-header-meta":"","header-above-stick-meta":"","header-main-stick-meta":"","header-below-stick-meta":"","astra-migrate-meta-layouts":"set","ast-page-background-enabled":"default","ast-page-background-meta":{"desktop":{"background-color":"","background-image":"","background-repeat":"repeat","background-position":"center center","background-size":"auto","background-attachment":"scroll","background-type":"","background-media":"","overlay-type":"","overlay-color":"","overlay-opacity":"","overlay-gradient":""},"tablet":{"background-color":"","background-image":"","background-repeat":"repeat","background-position":"center center","background-size":"auto","background-attachment":"scroll","background-type":"","background-media":"","overlay-type":"","overlay-color":"","overlay-opacity":"","overlay-gradient":""},"mobile":{"background-color":"","background-image":"","background-repeat":"repeat","background-position":"center center","background-size":"auto","background-attachment":"scroll","background-type":"","background-media":"","overlay-type":"","overlay-color":"","overlay-opacity":"","overlay-gradient":""}},"ast-content-background-meta":{"desktop":{"background-color":"var(--ast-global-color-5)","background-image":"","background-repeat":"repeat","background-position":"center center","background-size":"auto","background-attachment":"scroll","background-type":"","background-media":"","overlay-type":"","overlay-color":"","overlay-opacity":"","overlay-gradient":""},"tablet":{"background-color":"var(--ast-global-color-5)","background-image":"","background-repeat":"repeat","background-position":"center center","background-size":"auto","background-attachment":"scroll","background-type":"","background-media":"","overlay-type":"","overlay-color":"","overlay-opacity":"","overlay-gradient":""},"mobile":{"background-color":"var(--ast-global-color-5)","background-image":"","background-repeat":"repeat","background-position":"center center","background-size":"auto","background-attachment":"scroll","background-type":"","background-media":"","overlay-type":"","overlay-color":"","overlay-opacity":"","overlay-gradient":""}},"footnotes":""},"class_list":["post-12950","page","type-page","status-publish","hentry"],"_links":{"self":[{"href":"https:\/\/uttijuana.edu.mx\/index.php\/wp-json\/wp\/v2\/pages\/12950","targetHints":{"allow":["GET"]}}],"collection":[{"href":"https:\/\/uttijuana.edu.mx\/index.php\/wp-json\/wp\/v2\/pages"}],"about":[{"href":"https:\/\/uttijuana.edu.mx\/index.php\/wp-json\/wp\/v2\/types\/page"}],"author":[{"embeddable":true,"href":"https:\/\/uttijuana.edu.mx\/index.php\/wp-json\/wp\/v2\/users\/2"}],"replies":[{"embeddable":true,"href":"https:\/\/uttijuana.edu.mx\/index.php\/wp-json\/wp\/v2\/comments?post=12950"}],"version-history":[{"count":4,"href":"https:\/\/uttijuana.edu.mx\/index.php\/wp-json\/wp\/v2\/pages\/12950\/revisions"}],"predecessor-version":[{"id":12954,"href":"https:\/\/uttijuana.edu.mx\/index.php\/wp-json\/wp\/v2\/pages\/12950\/revisions\/12954"}],"wp:attachment":[{"href":"https:\/\/uttijuana.edu.mx\/index.php\/wp-json\/wp\/v2\/media?parent=12950"}],"curies":[{"name":"wp","href":"https:\/\/api.w.org\/{rel}","templated":true}]}}