{"id":13021,"date":"2023-10-10T21:43:43","date_gmt":"2023-10-10T21:43:43","guid":{"rendered":"https:\/\/uttijuana.edu.mx\/?page_id=13021"},"modified":"2023-10-10T21:45:22","modified_gmt":"2023-10-10T21:45:22","slug":"realiza-utt-ceremonia-de-bienvenida-a-estudiantes-de-nuevo-ingreso-2","status":"publish","type":"page","link":"https:\/\/uttijuana.edu.mx\/index.php\/realiza-utt-ceremonia-de-bienvenida-a-estudiantes-de-nuevo-ingreso-2\/","title":{"rendered":"REALIZA UTT CEREMONIA DE BIENVENIDA A ESTUDIANTES DE NUEVO INGRESO"},"content":{"rendered":"\t\t<div data-elementor-type=\"wp-page\" data-elementor-id=\"13021\" class=\"elementor elementor-13021\" data-elementor-post-type=\"page\">\n\t\t\t\t\t\t<section class=\"elementor-section elementor-top-section elementor-element elementor-element-4eeed66d elementor-section-boxed elementor-section-height-default elementor-section-height-default wpr-particle-no wpr-jarallax-no wpr-parallax-no wpr-sticky-section-no\" data-id=\"4eeed66d\" data-element_type=\"section\">\n\t\t\t\t\t\t<div class=\"elementor-container elementor-column-gap-default\">\n\t\t\t\t\t<div class=\"elementor-column elementor-col-100 elementor-top-column elementor-element elementor-element-1d7e0584\" data-id=\"1d7e0584\" data-element_type=\"column\">\n\t\t\t<div class=\"elementor-widget-wrap elementor-element-populated\">\n\t\t\t\t\t\t<div class=\"elementor-element elementor-element-a801bfa elementor-widget elementor-widget-heading\" data-id=\"a801bfa\" data-element_type=\"widget\" data-widget_type=\"heading.default\">\n\t\t\t\t<div class=\"elementor-widget-container\">\n\t\t\t\t\t<h2 class=\"elementor-heading-title elementor-size-default\">VISITAN LA UTT DIRECTORES DE PREPARATORIAS DE DGETI DE TODO EL ESTADO<\/h2>\t\t\t\t<\/div>\n\t\t\t\t<\/div>\n\t\t\t\t<div class=\"elementor-element elementor-element-b2c11fe elementor-widget elementor-widget-image\" data-id=\"b2c11fe\" data-element_type=\"widget\" data-widget_type=\"image.default\">\n\t\t\t\t<div class=\"elementor-widget-container\">\n\t\t\t\t\t\t\t\t\t\t\t\t\t\t\t<img fetchpriority=\"high\" decoding=\"async\" width=\"768\" height=\"558\" src=\"https:\/\/uttijuana.edu.mx\/wp-content\/uploads\/2023\/10\/DIRECTORES-DE-PREPARATORIAS-DE-DGETI1-768x558.jpeg\" class=\"attachment-medium_large size-medium_large wp-image-13025\" alt=\"\" srcset=\"https:\/\/uttijuana.edu.mx\/wp-content\/uploads\/2023\/10\/DIRECTORES-DE-PREPARATORIAS-DE-DGETI1-768x558.jpeg 768w, https:\/\/uttijuana.edu.mx\/wp-content\/uploads\/2023\/10\/DIRECTORES-DE-PREPARATORIAS-DE-DGETI1-300x218.jpeg 300w, https:\/\/uttijuana.edu.mx\/wp-content\/uploads\/2023\/10\/DIRECTORES-DE-PREPARATORIAS-DE-DGETI1-1024x744.jpeg 1024w, https:\/\/uttijuana.edu.mx\/wp-content\/uploads\/2023\/10\/DIRECTORES-DE-PREPARATORIAS-DE-DGETI1.jpeg 1280w\" sizes=\"(max-width: 768px) 100vw, 768px\" \/>\t\t\t\t\t\t\t\t\t\t\t\t\t\t\t<\/div>\n\t\t\t\t<\/div>\n\t\t\t\t<div class=\"elementor-element elementor-element-36a39410 elementor-widget elementor-widget-heading\" data-id=\"36a39410\" data-element_type=\"widget\" data-widget_type=\"heading.default\">\n\t\t\t\t<div class=\"elementor-widget-container\">\n\t\t\t\t\t<h5 class=\"elementor-heading-title elementor-size-medium\">Martes, 10 de octubre de 2023\n\n<BLOCKQUOTE>* Fortalecen lazos con las preparatorias CBTis, CETis y CBTa de Baja California para acercar la oferta educativa a la poblaci\u00f3n potencial a egresar<p><\/p>\n\nTIJUANA.- Para darles a conocer la oferta educativa de la Universidad Tecnol\u00f3gica de Tijuana (UTT) y propiciar el acercamiento con las y los estudiantes potenciales a egresar de preparatoria, directoras y directores de los planteles de DGETI del Estado visitaron las instalaciones, en donde llevaron a cabo un recorrido por los laboratorios.<p><\/p>\n\nEl rector, Mtro. Salvador Morales Riub\u00ed, les dio la bienvenida a las y los directores, encabezados por el coordinador estatal de DGETI, Ing. Roosevell Ampar\u00e1n Figueroa, con el \u00e1nimo de fortalecer los lazos con los planteles y promover entre sus estudiantes las ingenier\u00edas.<p><\/p>\n\nExpres\u00f3 que es de gran importancia que las juventudes de Baja California conozcan lo que la universidad tecnol\u00f3gica les ofrece, porque la elecci\u00f3n de carrera y de universidad son decisiones que marcar\u00e1n su futuro.<p><\/p>\n\nComo parte de la agenda, directoras y directores visitaron los laboratorios de Mecatr\u00f3nica, de Procesos Industriales, as\u00ed como el Laboratorio de Innovaci\u00f3n, en donde se cuenta con equipo y software especializado con enfoque en el dise\u00f1o.<p><\/p>\n\nTambi\u00e9n pudieron observar al alumnado de Ingenier\u00eda en Mecatr\u00f3nica e Ingenier\u00eda en Procesos Industriales realizar pr\u00e1cticas, adem\u00e1s de explicarles lo que est\u00e1n aprendiendo en sus primeros cuatrimestres.<p><\/p>\n\nEn la Explanada de Vinculaci\u00f3n, estudiantes de diversas carreras montaron una exposici\u00f3n de proyectos en las \u00e1reas de Tecnolog\u00edas de la Informaci\u00f3n, Procesos Industriales, Rob\u00f3tica, Energ\u00edas Renovables, Negocios y Operaciones Comerciales Internacionales, en donde pudieron demostrar la formaci\u00f3n pr\u00e1ctica y te\u00f3rica que reciben.<p><\/p>\n\nEl coordinador estatal de DGETI, Ing. Roosevell Ampar\u00e1n Figueroa, destac\u00f3 que este encuentro les va a permitir acercar la oferta educativa a la poblaci\u00f3n potencial a egresar, adem\u00e1s de que les permiti\u00f3 constatar los avances que ha tenido la universidad en cuanto a su equipamiento.<p><\/p>\n\nIndic\u00f3 que buscar\u00e1n que estudiantes con discapacidad auditiva puedan incorporarse a la UTT, despu\u00e9s de conocer que se cuenta con personal docente capacitado y con apoyo de un int\u00e9rprete para su formaci\u00f3n profesional.<p><\/p>\n\nDurante su visita a la Universidad Tecnol\u00f3gica se les ofreci\u00f3 informaci\u00f3n sobre la Maestr\u00eda en Ingenier\u00eda en Gesti\u00f3n de Procesos Industriales, para que la difundan entre su personal docente que aspira a cursar un posgrado.<\/h5>\t\t\t\t<\/div>\n\t\t\t\t<\/div>\n\t\t\t\t<div class=\"elementor-element elementor-element-2f1571e1 elementor-widget elementor-widget-spacer\" data-id=\"2f1571e1\" data-element_type=\"widget\" data-widget_type=\"spacer.default\">\n\t\t\t\t<div class=\"elementor-widget-container\">\n\t\t\t\t\t\t\t<div class=\"elementor-spacer\">\n\t\t\t<div class=\"elementor-spacer-inner\"><\/div>\n\t\t<\/div>\n\t\t\t\t\t\t<\/div>\n\t\t\t\t<\/div>\n\t\t\t\t\t<\/div>\n\t\t<\/div>\n\t\t\t\t\t<\/div>\n\t\t<\/section>\n\t\t\t\t<section class=\"elementor-section elementor-top-section elementor-element elementor-element-e98253d elementor-section-boxed elementor-section-height-default elementor-section-height-default wpr-particle-no wpr-jarallax-no wpr-parallax-no wpr-sticky-section-no\" data-id=\"e98253d\" data-element_type=\"section\">\n\t\t\t\t\t\t<div class=\"elementor-container elementor-column-gap-default\">\n\t\t\t\t\t<div class=\"elementor-column elementor-col-33 elementor-top-column elementor-element elementor-element-1bba4d9\" data-id=\"1bba4d9\" data-element_type=\"column\">\n\t\t\t<div class=\"elementor-widget-wrap elementor-element-populated\">\n\t\t\t\t\t\t<div class=\"elementor-element elementor-element-8f6adf3 elementor-widget elementor-widget-image\" data-id=\"8f6adf3\" data-element_type=\"widget\" data-widget_type=\"image.default\">\n\t\t\t\t<div class=\"elementor-widget-container\">\n\t\t\t\t\t\t\t\t\t\t\t\t\t\t\t<img decoding=\"async\" width=\"1024\" height=\"715\" data-src=\"https:\/\/uttijuana.edu.mx\/wp-content\/uploads\/2023\/10\/DIRECTORES-DE-PREPARATORIAS-DE-DGETI2-1024x715.jpeg\" class=\"attachment-large size-large wp-image-13024 lazyload\" alt=\"\" data-srcset=\"https:\/\/uttijuana.edu.mx\/wp-content\/uploads\/2023\/10\/DIRECTORES-DE-PREPARATORIAS-DE-DGETI2-1024x715.jpeg 1024w, https:\/\/uttijuana.edu.mx\/wp-content\/uploads\/2023\/10\/DIRECTORES-DE-PREPARATORIAS-DE-DGETI2-300x210.jpeg 300w, https:\/\/uttijuana.edu.mx\/wp-content\/uploads\/2023\/10\/DIRECTORES-DE-PREPARATORIAS-DE-DGETI2-768x536.jpeg 768w, https:\/\/uttijuana.edu.mx\/wp-content\/uploads\/2023\/10\/DIRECTORES-DE-PREPARATORIAS-DE-DGETI2.jpeg 1280w\" data-sizes=\"(max-width: 1024px) 100vw, 1024px\" src=\"data:image\/gif;base64,R0lGODlhAQABAAAAACH5BAEKAAEALAAAAAABAAEAAAICTAEAOw==\" style=\"--smush-placeholder-width: 1024px; --smush-placeholder-aspect-ratio: 1024\/715;\" \/>\t\t\t\t\t\t\t\t\t\t\t\t\t\t\t<\/div>\n\t\t\t\t<\/div>\n\t\t\t\t\t<\/div>\n\t\t<\/div>\n\t\t\t\t<div class=\"elementor-column elementor-col-33 elementor-top-column elementor-element elementor-element-c36a9a6\" data-id=\"c36a9a6\" data-element_type=\"column\">\n\t\t\t<div class=\"elementor-widget-wrap elementor-element-populated\">\n\t\t\t\t\t\t<div class=\"elementor-element elementor-element-a543b20 elementor-widget elementor-widget-image\" data-id=\"a543b20\" data-element_type=\"widget\" data-widget_type=\"image.default\">\n\t\t\t\t<div class=\"elementor-widget-container\">\n\t\t\t\t\t\t\t\t\t\t\t\t\t\t\t<img decoding=\"async\" width=\"1024\" height=\"682\" data-src=\"https:\/\/uttijuana.edu.mx\/wp-content\/uploads\/2023\/10\/DIRECTORES-DE-PREPARATORIAS-DE-DGETI3-1024x682.jpeg\" class=\"attachment-large size-large wp-image-13023 lazyload\" alt=\"\" data-srcset=\"https:\/\/uttijuana.edu.mx\/wp-content\/uploads\/2023\/10\/DIRECTORES-DE-PREPARATORIAS-DE-DGETI3-1024x682.jpeg 1024w, https:\/\/uttijuana.edu.mx\/wp-content\/uploads\/2023\/10\/DIRECTORES-DE-PREPARATORIAS-DE-DGETI3-300x200.jpeg 300w, https:\/\/uttijuana.edu.mx\/wp-content\/uploads\/2023\/10\/DIRECTORES-DE-PREPARATORIAS-DE-DGETI3-768x511.jpeg 768w, https:\/\/uttijuana.edu.mx\/wp-content\/uploads\/2023\/10\/DIRECTORES-DE-PREPARATORIAS-DE-DGETI3.jpeg 1280w\" data-sizes=\"(max-width: 1024px) 100vw, 1024px\" src=\"data:image\/gif;base64,R0lGODlhAQABAAAAACH5BAEKAAEALAAAAAABAAEAAAICTAEAOw==\" style=\"--smush-placeholder-width: 1024px; --smush-placeholder-aspect-ratio: 1024\/682;\" \/>\t\t\t\t\t\t\t\t\t\t\t\t\t\t\t<\/div>\n\t\t\t\t<\/div>\n\t\t\t\t\t<\/div>\n\t\t<\/div>\n\t\t\t\t<div class=\"elementor-column elementor-col-33 elementor-top-column elementor-element elementor-element-39c911c\" data-id=\"39c911c\" data-element_type=\"column\">\n\t\t\t<div class=\"elementor-widget-wrap elementor-element-populated\">\n\t\t\t\t\t\t<div class=\"elementor-element elementor-element-f43d195 elementor-widget elementor-widget-image\" data-id=\"f43d195\" data-element_type=\"widget\" data-widget_type=\"image.default\">\n\t\t\t\t<div class=\"elementor-widget-container\">\n\t\t\t\t\t\t\t\t\t\t\t\t\t\t\t<img decoding=\"async\" width=\"768\" height=\"488\" data-src=\"https:\/\/uttijuana.edu.mx\/wp-content\/uploads\/2023\/10\/DIRECTORES-DE-PREPARATORIAS-DE-DGETI4-768x488.jpeg\" class=\"attachment-medium_large size-medium_large wp-image-13022 lazyload\" alt=\"\" data-srcset=\"https:\/\/uttijuana.edu.mx\/wp-content\/uploads\/2023\/10\/DIRECTORES-DE-PREPARATORIAS-DE-DGETI4-768x488.jpeg 768w, https:\/\/uttijuana.edu.mx\/wp-content\/uploads\/2023\/10\/DIRECTORES-DE-PREPARATORIAS-DE-DGETI4-300x191.jpeg 300w, https:\/\/uttijuana.edu.mx\/wp-content\/uploads\/2023\/10\/DIRECTORES-DE-PREPARATORIAS-DE-DGETI4-1024x651.jpeg 1024w, https:\/\/uttijuana.edu.mx\/wp-content\/uploads\/2023\/10\/DIRECTORES-DE-PREPARATORIAS-DE-DGETI4.jpeg 1280w\" data-sizes=\"(max-width: 768px) 100vw, 768px\" src=\"data:image\/gif;base64,R0lGODlhAQABAAAAACH5BAEKAAEALAAAAAABAAEAAAICTAEAOw==\" style=\"--smush-placeholder-width: 768px; --smush-placeholder-aspect-ratio: 768\/488;\" \/>\t\t\t\t\t\t\t\t\t\t\t\t\t\t\t<\/div>\n\t\t\t\t<\/div>\n\t\t\t\t\t<\/div>\n\t\t<\/div>\n\t\t\t\t\t<\/div>\n\t\t<\/section>\n\t\t\t\t<\/div>\n\t\t","protected":false},"excerpt":{"rendered":"<p>VISITAN LA UTT DIRECTORES DE PREPARATORIAS DE DGETI DE TODO EL ESTADO Martes, 10 de octubre de 2023 * Fortalecen lazos con las preparatorias CBTis, CETis y CBTa de Baja California para acercar la oferta educativa a la poblaci\u00f3n potencial a egresar TIJUANA.- Para darles a conocer la oferta educativa de la Universidad Tecnol\u00f3gica de Tijuana (UTT) y propiciar el acercamiento con las y los estudiantes potenciales a egresar de preparatoria, directoras y directores de los planteles de DGETI del Estado visitaron las instalaciones, en donde llevaron a cabo un recorrido por los laboratorios. El rector, Mtro. Salvador Morales Riub\u00ed, les dio la bienvenida a las y los directores, encabezados por el coordinador estatal de DGETI, Ing. Roosevell Ampar\u00e1n Figueroa, con el \u00e1nimo de fortalecer los lazos con los planteles y promover entre sus estudiantes las ingenier\u00edas. Expres\u00f3 que es de gran importancia que las juventudes de Baja California conozcan lo que la universidad tecnol\u00f3gica les ofrece, porque la elecci\u00f3n de carrera y de universidad son decisiones que marcar\u00e1n su futuro. Como parte de la agenda, directoras y directores visitaron los laboratorios de Mecatr\u00f3nica, de Procesos Industriales, as\u00ed como el Laboratorio de Innovaci\u00f3n, en donde se cuenta con equipo y software especializado con enfoque en el dise\u00f1o. Tambi\u00e9n pudieron observar al alumnado de Ingenier\u00eda en Mecatr\u00f3nica e Ingenier\u00eda en Procesos Industriales realizar pr\u00e1cticas, adem\u00e1s de explicarles lo que est\u00e1n aprendiendo en sus primeros cuatrimestres. En la Explanada de Vinculaci\u00f3n, estudiantes de diversas carreras montaron una exposici\u00f3n de proyectos en las \u00e1reas de Tecnolog\u00edas de la Informaci\u00f3n, Procesos Industriales, Rob\u00f3tica, Energ\u00edas Renovables, Negocios y Operaciones Comerciales Internacionales, en donde pudieron demostrar la formaci\u00f3n pr\u00e1ctica y te\u00f3rica que reciben. El coordinador estatal de DGETI, Ing. Roosevell Ampar\u00e1n Figueroa, destac\u00f3 que este encuentro les va a permitir acercar la oferta educativa a la poblaci\u00f3n potencial a egresar, adem\u00e1s de que les permiti\u00f3 constatar los avances que ha tenido la universidad en cuanto a su equipamiento. Indic\u00f3 que buscar\u00e1n que estudiantes con discapacidad auditiva puedan incorporarse a la UTT, despu\u00e9s de conocer que se cuenta con personal docente capacitado y con apoyo de un int\u00e9rprete para su formaci\u00f3n profesional. Durante su visita a la Universidad Tecnol\u00f3gica se les ofreci\u00f3 informaci\u00f3n sobre la Maestr\u00eda en Ingenier\u00eda en Gesti\u00f3n de Procesos Industriales, para que la difundan entre su personal docente que aspira a cursar un posgrado.<\/p>\n","protected":false},"author":2,"featured_media":0,"parent":0,"menu_order":0,"comment_status":"closed","ping_status":"closed","template":"","meta":{"_monsterinsights_skip_tracking":false,"_monsterinsights_sitenote_active":false,"_monsterinsights_sitenote_note":"","_monsterinsights_sitenote_category":0,"_uf_show_specific_survey":0,"_uf_disable_surveys":false,"site-sidebar-layout":"no-sidebar","site-content-layout":"page-builder","ast-site-content-layout":"full-width-container","site-content-style":"unboxed","site-sidebar-style":"unboxed","ast-global-header-display":"","ast-banner-title-visibility":"","ast-main-header-display":"","ast-hfb-above-header-display":"","ast-hfb-below-header-display":"","ast-hfb-mobile-header-display":"","site-post-title":"disabled","ast-breadcrumbs-content":"","ast-featured-img":"disabled","footer-sml-layout":"","ast-disable-related-posts":"","theme-transparent-header-meta":"","adv-header-id-meta":"","stick-header-meta":"","header-above-stick-meta":"","header-main-stick-meta":"","header-below-stick-meta":"","astra-migrate-meta-layouts":"set","ast-page-background-enabled":"default","ast-page-background-meta":{"desktop":{"background-color":"","background-image":"","background-repeat":"repeat","background-position":"center center","background-size":"auto","background-attachment":"scroll","background-type":"","background-media":"","overlay-type":"","overlay-color":"","overlay-opacity":"","overlay-gradient":""},"tablet":{"background-color":"","background-image":"","background-repeat":"repeat","background-position":"center center","background-size":"auto","background-attachment":"scroll","background-type":"","background-media":"","overlay-type":"","overlay-color":"","overlay-opacity":"","overlay-gradient":""},"mobile":{"background-color":"","background-image":"","background-repeat":"repeat","background-position":"center center","background-size":"auto","background-attachment":"scroll","background-type":"","background-media":"","overlay-type":"","overlay-color":"","overlay-opacity":"","overlay-gradient":""}},"ast-content-background-meta":{"desktop":{"background-color":"var(--ast-global-color-5)","background-image":"","background-repeat":"repeat","background-position":"center center","background-size":"auto","background-attachment":"scroll","background-type":"","background-media":"","overlay-type":"","overlay-color":"","overlay-opacity":"","overlay-gradient":""},"tablet":{"background-color":"var(--ast-global-color-5)","background-image":"","background-repeat":"repeat","background-position":"center center","background-size":"auto","background-attachment":"scroll","background-type":"","background-media":"","overlay-type":"","overlay-color":"","overlay-opacity":"","overlay-gradient":""},"mobile":{"background-color":"var(--ast-global-color-5)","background-image":"","background-repeat":"repeat","background-position":"center center","background-size":"auto","background-attachment":"scroll","background-type":"","background-media":"","overlay-type":"","overlay-color":"","overlay-opacity":"","overlay-gradient":""}},"footnotes":""},"class_list":["post-13021","page","type-page","status-publish","hentry"],"_links":{"self":[{"href":"https:\/\/uttijuana.edu.mx\/index.php\/wp-json\/wp\/v2\/pages\/13021","targetHints":{"allow":["GET"]}}],"collection":[{"href":"https:\/\/uttijuana.edu.mx\/index.php\/wp-json\/wp\/v2\/pages"}],"about":[{"href":"https:\/\/uttijuana.edu.mx\/index.php\/wp-json\/wp\/v2\/types\/page"}],"author":[{"embeddable":true,"href":"https:\/\/uttijuana.edu.mx\/index.php\/wp-json\/wp\/v2\/users\/2"}],"replies":[{"embeddable":true,"href":"https:\/\/uttijuana.edu.mx\/index.php\/wp-json\/wp\/v2\/comments?post=13021"}],"version-history":[{"count":3,"href":"https:\/\/uttijuana.edu.mx\/index.php\/wp-json\/wp\/v2\/pages\/13021\/revisions"}],"predecessor-version":[{"id":13028,"href":"https:\/\/uttijuana.edu.mx\/index.php\/wp-json\/wp\/v2\/pages\/13021\/revisions\/13028"}],"wp:attachment":[{"href":"https:\/\/uttijuana.edu.mx\/index.php\/wp-json\/wp\/v2\/media?parent=13021"}],"curies":[{"name":"wp","href":"https:\/\/api.w.org\/{rel}","templated":true}]}}