{"id":13352,"date":"2023-12-12T22:52:58","date_gmt":"2023-12-12T22:52:58","guid":{"rendered":"https:\/\/uttijuana.edu.mx\/?page_id=13352"},"modified":"2023-12-12T22:56:30","modified_gmt":"2023-12-12T22:56:30","slug":"inician-obras-de-nuevo-edificio-de-aulas-en-utt","status":"publish","type":"page","link":"https:\/\/uttijuana.edu.mx\/index.php\/inician-obras-de-nuevo-edificio-de-aulas-en-utt\/","title":{"rendered":"INICIAN OBRAS DE NUEVO EDIFICIO DE AULAS EN UTT"},"content":{"rendered":"\t\t<div data-elementor-type=\"wp-page\" data-elementor-id=\"13352\" class=\"elementor elementor-13352\" data-elementor-post-type=\"page\">\n\t\t\t\t\t\t<section class=\"elementor-section elementor-top-section elementor-element elementor-element-4eeed66d elementor-section-boxed elementor-section-height-default elementor-section-height-default wpr-particle-no wpr-jarallax-no wpr-parallax-no wpr-sticky-section-no\" data-id=\"4eeed66d\" data-element_type=\"section\">\n\t\t\t\t\t\t<div class=\"elementor-container elementor-column-gap-default\">\n\t\t\t\t\t<div class=\"elementor-column elementor-col-100 elementor-top-column elementor-element elementor-element-1d7e0584\" data-id=\"1d7e0584\" data-element_type=\"column\">\n\t\t\t<div class=\"elementor-widget-wrap elementor-element-populated\">\n\t\t\t\t\t\t<div class=\"elementor-element elementor-element-a801bfa elementor-widget elementor-widget-heading\" data-id=\"a801bfa\" data-element_type=\"widget\" data-widget_type=\"heading.default\">\n\t\t\t\t<div class=\"elementor-widget-container\">\n\t\t\t\t\t<h2 class=\"elementor-heading-title elementor-size-default\">INICIAN OBRAS DE NUEVO EDIFICIO DE AULAS EN UTT<\/h2>\t\t\t\t<\/div>\n\t\t\t\t<\/div>\n\t\t\t\t<div class=\"elementor-element elementor-element-b2c11fe elementor-widget elementor-widget-image\" data-id=\"b2c11fe\" data-element_type=\"widget\" data-widget_type=\"image.default\">\n\t\t\t\t<div class=\"elementor-widget-container\">\n\t\t\t\t\t\t\t\t\t\t\t\t\t\t\t<img fetchpriority=\"high\" decoding=\"async\" width=\"768\" height=\"512\" src=\"https:\/\/uttijuana.edu.mx\/wp-content\/uploads\/2023\/12\/MG_3640-768x512.jpg\" class=\"attachment-medium_large size-medium_large wp-image-13354\" alt=\"\" srcset=\"https:\/\/uttijuana.edu.mx\/wp-content\/uploads\/2023\/12\/MG_3640-768x512.jpg 768w, https:\/\/uttijuana.edu.mx\/wp-content\/uploads\/2023\/12\/MG_3640-300x200.jpg 300w, https:\/\/uttijuana.edu.mx\/wp-content\/uploads\/2023\/12\/MG_3640-1024x683.jpg 1024w, https:\/\/uttijuana.edu.mx\/wp-content\/uploads\/2023\/12\/MG_3640-1536x1024.jpg 1536w, https:\/\/uttijuana.edu.mx\/wp-content\/uploads\/2023\/12\/MG_3640-2048x1365.jpg 2048w\" sizes=\"(max-width: 768px) 100vw, 768px\" \/>\t\t\t\t\t\t\t\t\t\t\t\t\t\t\t<\/div>\n\t\t\t\t<\/div>\n\t\t\t\t<div class=\"elementor-element elementor-element-36a39410 elementor-widget elementor-widget-heading\" data-id=\"36a39410\" data-element_type=\"widget\" data-widget_type=\"heading.default\">\n\t\t\t\t<div class=\"elementor-widget-container\">\n\t\t\t\t\t<h5 class=\"elementor-heading-title elementor-size-medium\">12 de diciembre de 2023\n\n<BLOCKQUOTE>*Tendr\u00e1 capacidad para albergar a mil 600 estudiantes<P><\/P>\n\nTIJUANA.- Con una inversi\u00f3n de 30.8 millones de pesos, iniciaron los\ntrabajos de construcci\u00f3n de la primera etapa del edificio Docencia 6 en\nla Universidad Tecnol\u00f3gica de Tijuana (UTT), que permitir\u00e1 ampliar la\nmatr\u00edcula en la convocatoria 2024.<P><\/P>\n\nEl rector, Mtro. Salvador Morales Riub\u00ed, inform\u00f3 que desde principios\nde este a\u00f1o asumi\u00f3 el compromiso con la comunidad universitaria y\ncon las y los j\u00f3venes que est\u00e1n por egresar de preparatoria, de\naumentar la infraestructura, a fin de abrir m\u00e1s espacios en las carreras\nde Ingenier\u00eda.<P><\/P>\n\nAgradeci\u00f3 las gestiones de la gobernadora, Marina del Pilar Avila\nOlmeda y de la titular de la Direcci\u00f3n General de Universidades\nTecnol\u00f3gicas y Polit\u00e9cnicas (DGUTyP), Mtra. Marlenne Mendoza\nGonz\u00e1lez, quienes fueron impulsoras de esta gran obra, que permitir\u00e1\na la UTT contar con su sexto edificio de aulas y laboratorios.<P><\/P>\n\nLa primera etapa consta de dos plantas con salones, laboratorios de\nc\u00f3mputo, una sala audiovisual, salas de docentes y personal\nadministrativo, as\u00ed como oficinas y sanitarios.\nPara continuar con la segunda etapa se realizar\u00e1 una inversi\u00f3n de 40\nmillones de pesos, por lo que al finalizar la obra se habr\u00e1n invertido\npoco m\u00e1s de 70 millones de pesos en 4 mil 637 metros cuadrados de\nconstrucci\u00f3n.<P><\/P>\n\nEl edificio de Docencia 6 en total contar\u00e1 con 22 salones con\ncapacidad para 36 alumnos por turno, es decir, alrededor de mil 600\nestudiantes; adem\u00e1s tendr\u00e1 10 oficinas para docentes, cuatro oficinas\npara la direcci\u00f3n y un elevador que facilitar\u00e1 el acceso a personas con\ndiscapacidad.<P><\/P>\n\nEl rector record\u00f3 que, en agosto pasado, la titular de la DGUTyP visit\u00f3\nlas instalaciones para conocer el predio en donde se construye\nDocencia 6 y ofreci\u00f3 su total respaldo a esta obra, ya que, pese a lapandemia, la Universidad Tecnol\u00f3gica de Tijuana fue de las\ninstituciones que m\u00e1s crecimiento registr\u00f3 a nivel nacional.<P><\/P>\n\n\u201cTodas las gestiones realizadas ante la DGUTyp y ante el Gobierno\ndel Estado se ven reflejadas con el inicio de los trabajos. Nuestras y\nnuestros estudiantes van a poder disfrutar de un nuevo y moderno\nedificio, pero tambi\u00e9n es un aliciente para todas y todos aquellos\nj\u00f3venes que aspiran a estudiar con nosotros, porque habr\u00e1 m\u00e1s\nespacios\u201d, expres\u00f3.<P><\/P>\n\nMorales Riub\u00ed precis\u00f3 que para la Universidad Tecnol\u00f3gica de Tijuana\n(UTT) es muy simb\u00f3lico que se construya un nuevo edificio de\nDocencia justo en 2023, ya que este a\u00f1o la instituci\u00f3n celebr\u00f3 su 25\naniversario.<P><\/P>\n\nLa primera etapa de la obra culminar\u00e1 en 2024 y la segunda en 2025,\nlo que garantiza que habr\u00e1 un incremento sostenido de los espacios\nde nuevo ingreso.<\/h5>\t\t\t\t<\/div>\n\t\t\t\t<\/div>\n\t\t\t\t<div class=\"elementor-element elementor-element-2f1571e1 elementor-widget elementor-widget-spacer\" data-id=\"2f1571e1\" data-element_type=\"widget\" data-widget_type=\"spacer.default\">\n\t\t\t\t<div class=\"elementor-widget-container\">\n\t\t\t\t\t\t\t<div class=\"elementor-spacer\">\n\t\t\t<div class=\"elementor-spacer-inner\"><\/div>\n\t\t<\/div>\n\t\t\t\t\t\t<\/div>\n\t\t\t\t<\/div>\n\t\t\t\t\t<\/div>\n\t\t<\/div>\n\t\t\t\t\t<\/div>\n\t\t<\/section>\n\t\t\t\t<section class=\"elementor-section elementor-top-section elementor-element elementor-element-a2cca31 elementor-section-boxed elementor-section-height-default elementor-section-height-default wpr-particle-no wpr-jarallax-no wpr-parallax-no wpr-sticky-section-no\" data-id=\"a2cca31\" data-element_type=\"section\">\n\t\t\t\t\t\t<div class=\"elementor-container elementor-column-gap-default\">\n\t\t\t\t\t<div class=\"elementor-column elementor-col-50 elementor-top-column elementor-element elementor-element-9ba695c\" data-id=\"9ba695c\" data-element_type=\"column\">\n\t\t\t<div class=\"elementor-widget-wrap elementor-element-populated\">\n\t\t\t\t\t\t<div class=\"elementor-element elementor-element-e789667 elementor-widget elementor-widget-image\" data-id=\"e789667\" data-element_type=\"widget\" data-widget_type=\"image.default\">\n\t\t\t\t<div class=\"elementor-widget-container\">\n\t\t\t\t\t\t\t\t\t\t\t\t\t\t\t<img decoding=\"async\" width=\"768\" height=\"512\" data-src=\"https:\/\/uttijuana.edu.mx\/wp-content\/uploads\/2023\/12\/MG_3646-768x512.jpg\" class=\"attachment-medium_large size-medium_large wp-image-13355 lazyload\" alt=\"\" data-srcset=\"https:\/\/uttijuana.edu.mx\/wp-content\/uploads\/2023\/12\/MG_3646-768x512.jpg 768w, https:\/\/uttijuana.edu.mx\/wp-content\/uploads\/2023\/12\/MG_3646-300x200.jpg 300w, https:\/\/uttijuana.edu.mx\/wp-content\/uploads\/2023\/12\/MG_3646-1024x683.jpg 1024w, https:\/\/uttijuana.edu.mx\/wp-content\/uploads\/2023\/12\/MG_3646-1536x1024.jpg 1536w, https:\/\/uttijuana.edu.mx\/wp-content\/uploads\/2023\/12\/MG_3646-2048x1365.jpg 2048w\" data-sizes=\"(max-width: 768px) 100vw, 768px\" src=\"data:image\/gif;base64,R0lGODlhAQABAAAAACH5BAEKAAEALAAAAAABAAEAAAICTAEAOw==\" style=\"--smush-placeholder-width: 768px; --smush-placeholder-aspect-ratio: 768\/512;\" \/>\t\t\t\t\t\t\t\t\t\t\t\t\t\t\t<\/div>\n\t\t\t\t<\/div>\n\t\t\t\t\t<\/div>\n\t\t<\/div>\n\t\t\t\t<div class=\"elementor-column elementor-col-50 elementor-top-column elementor-element elementor-element-5bec7ec\" data-id=\"5bec7ec\" data-element_type=\"column\">\n\t\t\t<div class=\"elementor-widget-wrap elementor-element-populated\">\n\t\t\t\t\t\t<div class=\"elementor-element elementor-element-49c8d35 elementor-widget elementor-widget-image\" data-id=\"49c8d35\" data-element_type=\"widget\" data-widget_type=\"image.default\">\n\t\t\t\t<div class=\"elementor-widget-container\">\n\t\t\t\t\t\t\t\t\t\t\t\t\t\t\t<img decoding=\"async\" width=\"768\" height=\"512\" data-src=\"https:\/\/uttijuana.edu.mx\/wp-content\/uploads\/2023\/12\/MG_3675-768x512.jpg\" class=\"attachment-medium_large size-medium_large wp-image-13356 lazyload\" alt=\"\" data-srcset=\"https:\/\/uttijuana.edu.mx\/wp-content\/uploads\/2023\/12\/MG_3675-768x512.jpg 768w, https:\/\/uttijuana.edu.mx\/wp-content\/uploads\/2023\/12\/MG_3675-300x200.jpg 300w, https:\/\/uttijuana.edu.mx\/wp-content\/uploads\/2023\/12\/MG_3675-1024x683.jpg 1024w, https:\/\/uttijuana.edu.mx\/wp-content\/uploads\/2023\/12\/MG_3675-1536x1024.jpg 1536w, https:\/\/uttijuana.edu.mx\/wp-content\/uploads\/2023\/12\/MG_3675-2048x1365.jpg 2048w\" data-sizes=\"(max-width: 768px) 100vw, 768px\" src=\"data:image\/gif;base64,R0lGODlhAQABAAAAACH5BAEKAAEALAAAAAABAAEAAAICTAEAOw==\" style=\"--smush-placeholder-width: 768px; --smush-placeholder-aspect-ratio: 768\/512;\" \/>\t\t\t\t\t\t\t\t\t\t\t\t\t\t\t<\/div>\n\t\t\t\t<\/div>\n\t\t\t\t<div class=\"elementor-element elementor-element-b0d7f80 elementor-widget elementor-widget-spacer\" data-id=\"b0d7f80\" data-element_type=\"widget\" data-widget_type=\"spacer.default\">\n\t\t\t\t<div class=\"elementor-widget-container\">\n\t\t\t\t\t\t\t<div class=\"elementor-spacer\">\n\t\t\t<div class=\"elementor-spacer-inner\"><\/div>\n\t\t<\/div>\n\t\t\t\t\t\t<\/div>\n\t\t\t\t<\/div>\n\t\t\t\t\t<\/div>\n\t\t<\/div>\n\t\t\t\t\t<\/div>\n\t\t<\/section>\n\t\t\t\t<section class=\"elementor-section elementor-top-section elementor-element elementor-element-0182585 elementor-section-boxed elementor-section-height-default elementor-section-height-default wpr-particle-no wpr-jarallax-no wpr-parallax-no wpr-sticky-section-no\" data-id=\"0182585\" data-element_type=\"section\">\n\t\t\t\t\t\t<div class=\"elementor-container elementor-column-gap-default\">\n\t\t\t\t\t<div class=\"elementor-column elementor-col-100 elementor-top-column elementor-element elementor-element-a6aedde\" data-id=\"a6aedde\" data-element_type=\"column\">\n\t\t\t<div class=\"elementor-widget-wrap elementor-element-populated\">\n\t\t\t\t\t\t<div class=\"elementor-element elementor-element-7d56db2 elementor-widget elementor-widget-spacer\" data-id=\"7d56db2\" data-element_type=\"widget\" data-widget_type=\"spacer.default\">\n\t\t\t\t<div class=\"elementor-widget-container\">\n\t\t\t\t\t\t\t<div class=\"elementor-spacer\">\n\t\t\t<div class=\"elementor-spacer-inner\"><\/div>\n\t\t<\/div>\n\t\t\t\t\t\t<\/div>\n\t\t\t\t<\/div>\n\t\t\t\t\t<\/div>\n\t\t<\/div>\n\t\t\t\t\t<\/div>\n\t\t<\/section>\n\t\t\t\t<\/div>\n\t\t","protected":false},"excerpt":{"rendered":"<p>INICIAN OBRAS DE NUEVO EDIFICIO DE AULAS EN UTT 12 de diciembre de 2023 *Tendr\u00e1 capacidad para albergar a mil 600 estudiantes TIJUANA.- Con una inversi\u00f3n de 30.8 millones de pesos, iniciaron los trabajos de construcci\u00f3n de la primera etapa del edificio Docencia 6 en la Universidad Tecnol\u00f3gica de Tijuana (UTT), que permitir\u00e1 ampliar la matr\u00edcula en la convocatoria 2024. El rector, Mtro. Salvador Morales Riub\u00ed, inform\u00f3 que desde principios de este a\u00f1o asumi\u00f3 el compromiso con la comunidad universitaria y con las y los j\u00f3venes que est\u00e1n por egresar de preparatoria, de aumentar la infraestructura, a fin de abrir m\u00e1s espacios en las carreras de Ingenier\u00eda. Agradeci\u00f3 las gestiones de la gobernadora, Marina del Pilar Avila Olmeda y de la titular de la Direcci\u00f3n General de Universidades Tecnol\u00f3gicas y Polit\u00e9cnicas (DGUTyP), Mtra. Marlenne Mendoza Gonz\u00e1lez, quienes fueron impulsoras de esta gran obra, que permitir\u00e1 a la UTT contar con su sexto edificio de aulas y laboratorios. La primera etapa consta de dos plantas con salones, laboratorios de c\u00f3mputo, una sala audiovisual, salas de docentes y personal administrativo, as\u00ed como oficinas y sanitarios. Para continuar con la segunda etapa se realizar\u00e1 una inversi\u00f3n de 40 millones de pesos, por lo que al finalizar la obra se habr\u00e1n invertido poco m\u00e1s de 70 millones de pesos en 4 mil 637 metros cuadrados de construcci\u00f3n. El edificio de Docencia 6 en total contar\u00e1 con 22 salones con capacidad para 36 alumnos por turno, es decir, alrededor de mil 600 estudiantes; adem\u00e1s tendr\u00e1 10 oficinas para docentes, cuatro oficinas para la direcci\u00f3n y un elevador que facilitar\u00e1 el acceso a personas con discapacidad. El rector record\u00f3 que, en agosto pasado, la titular de la DGUTyP visit\u00f3 las instalaciones para conocer el predio en donde se construye Docencia 6 y ofreci\u00f3 su total respaldo a esta obra, ya que, pese a lapandemia, la Universidad Tecnol\u00f3gica de Tijuana fue de las instituciones que m\u00e1s crecimiento registr\u00f3 a nivel nacional. \u201cTodas las gestiones realizadas ante la DGUTyp y ante el Gobierno del Estado se ven reflejadas con el inicio de los trabajos. Nuestras y nuestros estudiantes van a poder disfrutar de un nuevo y moderno edificio, pero tambi\u00e9n es un aliciente para todas y todos aquellos j\u00f3venes que aspiran a estudiar con nosotros, porque habr\u00e1 m\u00e1s espacios\u201d, expres\u00f3. Morales Riub\u00ed precis\u00f3 que para la Universidad Tecnol\u00f3gica de Tijuana (UTT) es muy simb\u00f3lico que se construya un nuevo edificio de Docencia justo en 2023, ya que este a\u00f1o la instituci\u00f3n celebr\u00f3 su 25 aniversario. La primera etapa de la obra culminar\u00e1 en 2024 y la segunda en 2025, lo que garantiza que habr\u00e1 un incremento sostenido de los espacios de nuevo ingreso.<\/p>\n","protected":false},"author":2,"featured_media":0,"parent":0,"menu_order":0,"comment_status":"closed","ping_status":"closed","template":"","meta":{"_monsterinsights_skip_tracking":false,"_monsterinsights_sitenote_active":false,"_monsterinsights_sitenote_note":"","_monsterinsights_sitenote_category":0,"_uf_show_specific_survey":0,"_uf_disable_surveys":false,"site-sidebar-layout":"no-sidebar","site-content-layout":"page-builder","ast-site-content-layout":"full-width-container","site-content-style":"unboxed","site-sidebar-style":"unboxed","ast-global-header-display":"","ast-banner-title-visibility":"","ast-main-header-display":"","ast-hfb-above-header-display":"","ast-hfb-below-header-display":"","ast-hfb-mobile-header-display":"","site-post-title":"disabled","ast-breadcrumbs-content":"","ast-featured-img":"disabled","footer-sml-layout":"","ast-disable-related-posts":"","theme-transparent-header-meta":"","adv-header-id-meta":"","stick-header-meta":"","header-above-stick-meta":"","header-main-stick-meta":"","header-below-stick-meta":"","astra-migrate-meta-layouts":"set","ast-page-background-enabled":"default","ast-page-background-meta":{"desktop":{"background-color":"","background-image":"","background-repeat":"repeat","background-position":"center center","background-size":"auto","background-attachment":"scroll","background-type":"","background-media":"","overlay-type":"","overlay-color":"","overlay-opacity":"","overlay-gradient":""},"tablet":{"background-color":"","background-image":"","background-repeat":"repeat","background-position":"center center","background-size":"auto","background-attachment":"scroll","background-type":"","background-media":"","overlay-type":"","overlay-color":"","overlay-opacity":"","overlay-gradient":""},"mobile":{"background-color":"","background-image":"","background-repeat":"repeat","background-position":"center center","background-size":"auto","background-attachment":"scroll","background-type":"","background-media":"","overlay-type":"","overlay-color":"","overlay-opacity":"","overlay-gradient":""}},"ast-content-background-meta":{"desktop":{"background-color":"var(--ast-global-color-5)","background-image":"","background-repeat":"repeat","background-position":"center center","background-size":"auto","background-attachment":"scroll","background-type":"","background-media":"","overlay-type":"","overlay-color":"","overlay-opacity":"","overlay-gradient":""},"tablet":{"background-color":"var(--ast-global-color-5)","background-image":"","background-repeat":"repeat","background-position":"center center","background-size":"auto","background-attachment":"scroll","background-type":"","background-media":"","overlay-type":"","overlay-color":"","overlay-opacity":"","overlay-gradient":""},"mobile":{"background-color":"var(--ast-global-color-5)","background-image":"","background-repeat":"repeat","background-position":"center center","background-size":"auto","background-attachment":"scroll","background-type":"","background-media":"","overlay-type":"","overlay-color":"","overlay-opacity":"","overlay-gradient":""}},"footnotes":""},"class_list":["post-13352","page","type-page","status-publish","hentry"],"_links":{"self":[{"href":"https:\/\/uttijuana.edu.mx\/index.php\/wp-json\/wp\/v2\/pages\/13352","targetHints":{"allow":["GET"]}}],"collection":[{"href":"https:\/\/uttijuana.edu.mx\/index.php\/wp-json\/wp\/v2\/pages"}],"about":[{"href":"https:\/\/uttijuana.edu.mx\/index.php\/wp-json\/wp\/v2\/types\/page"}],"author":[{"embeddable":true,"href":"https:\/\/uttijuana.edu.mx\/index.php\/wp-json\/wp\/v2\/users\/2"}],"replies":[{"embeddable":true,"href":"https:\/\/uttijuana.edu.mx\/index.php\/wp-json\/wp\/v2\/comments?post=13352"}],"version-history":[{"count":10,"href":"https:\/\/uttijuana.edu.mx\/index.php\/wp-json\/wp\/v2\/pages\/13352\/revisions"}],"predecessor-version":[{"id":13365,"href":"https:\/\/uttijuana.edu.mx\/index.php\/wp-json\/wp\/v2\/pages\/13352\/revisions\/13365"}],"wp:attachment":[{"href":"https:\/\/uttijuana.edu.mx\/index.php\/wp-json\/wp\/v2\/media?parent=13352"}],"curies":[{"name":"wp","href":"https:\/\/api.w.org\/{rel}","templated":true}]}}