{"id":13380,"date":"2024-01-03T17:52:44","date_gmt":"2024-01-03T17:52:44","guid":{"rendered":"https:\/\/uttijuana.edu.mx\/?page_id=13380"},"modified":"2024-01-03T18:07:49","modified_gmt":"2024-01-03T18:07:49","slug":"inician-obras-de-nuevo-edificio-de-aulas-en-utt-2","status":"publish","type":"page","link":"https:\/\/uttijuana.edu.mx\/index.php\/inician-obras-de-nuevo-edificio-de-aulas-en-utt-2\/","title":{"rendered":"INICIAN OBRAS DE NUEVO EDIFICIO DE AULAS EN UTT"},"content":{"rendered":"\t\t<div data-elementor-type=\"wp-page\" data-elementor-id=\"13380\" class=\"elementor elementor-13380\" data-elementor-post-type=\"page\">\n\t\t\t\t\t\t<section class=\"elementor-section elementor-top-section elementor-element elementor-element-4eeed66d elementor-section-boxed elementor-section-height-default elementor-section-height-default wpr-particle-no wpr-jarallax-no wpr-parallax-no wpr-sticky-section-no\" data-id=\"4eeed66d\" data-element_type=\"section\">\n\t\t\t\t\t\t<div class=\"elementor-container elementor-column-gap-default\">\n\t\t\t\t\t<div class=\"elementor-column elementor-col-100 elementor-top-column elementor-element elementor-element-1d7e0584\" data-id=\"1d7e0584\" data-element_type=\"column\">\n\t\t\t<div class=\"elementor-widget-wrap elementor-element-populated\">\n\t\t\t\t\t\t<div class=\"elementor-element elementor-element-a801bfa elementor-widget elementor-widget-heading\" data-id=\"a801bfa\" data-element_type=\"widget\" data-widget_type=\"heading.default\">\n\t\t\t\t<div class=\"elementor-widget-container\">\n\t\t\t\t\t<h2 class=\"elementor-heading-title elementor-size-default\">CUMPLEN M\u00c1S DE MIL 700 ESTUDIANTES DE UTT CON ESTAD\u00cdAS PROFESIONALES<\/h2>\t\t\t\t<\/div>\n\t\t\t\t<\/div>\n\t\t\t\t<div class=\"elementor-element elementor-element-b2c11fe elementor-widget elementor-widget-image\" data-id=\"b2c11fe\" data-element_type=\"widget\" data-widget_type=\"image.default\">\n\t\t\t\t<div class=\"elementor-widget-container\">\n\t\t\t\t\t\t\t\t\t\t\t\t\t\t\t<img fetchpriority=\"high\" decoding=\"async\" width=\"768\" height=\"512\" src=\"https:\/\/uttijuana.edu.mx\/wp-content\/uploads\/2024\/01\/CUMPLEN-MAS-DE-MIL-700-ESTUDIANTES-1-768x512.jpeg\" class=\"attachment-medium_large size-medium_large wp-image-13370\" alt=\"\" srcset=\"https:\/\/uttijuana.edu.mx\/wp-content\/uploads\/2024\/01\/CUMPLEN-MAS-DE-MIL-700-ESTUDIANTES-1-768x512.jpeg 768w, https:\/\/uttijuana.edu.mx\/wp-content\/uploads\/2024\/01\/CUMPLEN-MAS-DE-MIL-700-ESTUDIANTES-1-300x200.jpeg 300w, https:\/\/uttijuana.edu.mx\/wp-content\/uploads\/2024\/01\/CUMPLEN-MAS-DE-MIL-700-ESTUDIANTES-1-1024x683.jpeg 1024w, https:\/\/uttijuana.edu.mx\/wp-content\/uploads\/2024\/01\/CUMPLEN-MAS-DE-MIL-700-ESTUDIANTES-1.jpeg 1280w\" sizes=\"(max-width: 768px) 100vw, 768px\" \/>\t\t\t\t\t\t\t\t\t\t\t\t\t\t\t<\/div>\n\t\t\t\t<\/div>\n\t\t\t\t<div class=\"elementor-element elementor-element-36a39410 elementor-widget elementor-widget-heading\" data-id=\"36a39410\" data-element_type=\"widget\" data-widget_type=\"heading.default\">\n\t\t\t\t<div class=\"elementor-widget-container\">\n\t\t\t\t\t<h5 class=\"elementor-heading-title elementor-size-medium\">Viernes, 22 de diciembre de 2023 \n\n<BLOCKQUOTE>*El rector agradeci\u00f3 a las empresas por abrir sus puertas para que estudiantes se desenvuelvan en el campo laboral<P><\/P>\n\nTIJUANA.- M\u00e1s de mil 700 estudiantes de la Universidad Tecnol\u00f3gica de Tijuana (UTT) se incorporaron a alguna empresa u organizaci\u00f3n durante el 2023, como parte del modelo educativo que contempla un periodo de cuatro meses de Estad\u00edas Profesionales.<P><\/P>\n\nEl rector de la UTT, Mtro. Salvador Morales Riub\u00ed, explic\u00f3 que las y los estudiantes deben desarrollar un proyecto en alguna empresa, el \u00faltimo cuatrimestre del nivel T\u00e9cnico Superior Universitario (TSU) y el \u00faltimo cuatrimestre del nivel Licenciatura o Ingenier\u00eda, en donde pondr\u00e1n en pr\u00e1ctica sus conocimientos.<P><\/P>\n\nEsta experiencia permite que conozcan el campo laboral y en muchos de los casos, reciben la invitaci\u00f3n para quedarse a trabajar en la empresa o industria.<P><\/P>\n\nDestac\u00f3 que durante el primer cuatrimestre del a\u00f1o fueron colocados 511 estudiantes, en el segundo un total de 798 y en el tercero 459 estudiantes.<P><\/P>\n\nLos sectores econ\u00f3micos que m\u00e1s demandan la incorporaci\u00f3n de estudiantes de UTT son el de insumos m\u00e9dicos, el electr\u00f3nico, el metal-mec\u00e1nico, as\u00ed como el de tecnolog\u00edas de la informaci\u00f3n, log\u00edstica y servicios.<P><\/P>\n\nMorales Riub\u00ed agradeci\u00f3 a las empresas por abrir las puertas a sus estudiantes y por contribuir al cumplimiento del modelo educativo, que es 70 por ciento pr\u00e1ctico, 30 por ciento te\u00f3rico.<P><\/P>\n\nResalt\u00f3 que hay empresas de renombre con las que se mantienen convenios para la colocaci\u00f3n de las y los alumnos, pero tambi\u00e9n hay empresas y sobre todo industrias, que se acercan directamente a UTT cada cuatrimestre para buscar determinados perfiles. <P><\/P>\n\nDe enero a mayo del 2024, se tiene proyectada la colocaci\u00f3n de m\u00e1s de 400 estudiantes en su proceso de Estad\u00edas Profesionales, indispensables para que logren titularse.<P><\/P><\/h5>\t\t\t\t<\/div>\n\t\t\t\t<\/div>\n\t\t\t\t<div class=\"elementor-element elementor-element-2f1571e1 elementor-widget elementor-widget-spacer\" data-id=\"2f1571e1\" data-element_type=\"widget\" data-widget_type=\"spacer.default\">\n\t\t\t\t<div class=\"elementor-widget-container\">\n\t\t\t\t\t\t\t<div class=\"elementor-spacer\">\n\t\t\t<div class=\"elementor-spacer-inner\"><\/div>\n\t\t<\/div>\n\t\t\t\t\t\t<\/div>\n\t\t\t\t<\/div>\n\t\t\t\t\t<\/div>\n\t\t<\/div>\n\t\t\t\t\t<\/div>\n\t\t<\/section>\n\t\t\t\t<section class=\"elementor-section elementor-top-section elementor-element elementor-element-0182585 elementor-section-boxed elementor-section-height-default elementor-section-height-default wpr-particle-no wpr-jarallax-no wpr-parallax-no wpr-sticky-section-no\" data-id=\"0182585\" data-element_type=\"section\">\n\t\t\t\t\t\t<div class=\"elementor-container elementor-column-gap-default\">\n\t\t\t\t\t<div class=\"elementor-column elementor-col-100 elementor-top-column elementor-element elementor-element-a6aedde\" data-id=\"a6aedde\" data-element_type=\"column\">\n\t\t\t<div class=\"elementor-widget-wrap elementor-element-populated\">\n\t\t\t\t\t\t<div class=\"elementor-element elementor-element-0fa727a elementor-widget elementor-widget-image\" data-id=\"0fa727a\" data-element_type=\"widget\" data-widget_type=\"image.default\">\n\t\t\t\t<div class=\"elementor-widget-container\">\n\t\t\t\t\t\t\t\t\t\t\t\t\t\t\t<img decoding=\"async\" width=\"768\" height=\"512\" data-src=\"https:\/\/uttijuana.edu.mx\/wp-content\/uploads\/2024\/01\/CUMPLEN-MAS-DE-MIL-700-ESTUDIANTES-2-768x512.jpeg\" class=\"attachment-medium_large size-medium_large wp-image-13369 lazyload\" alt=\"\" data-srcset=\"https:\/\/uttijuana.edu.mx\/wp-content\/uploads\/2024\/01\/CUMPLEN-MAS-DE-MIL-700-ESTUDIANTES-2-768x512.jpeg 768w, https:\/\/uttijuana.edu.mx\/wp-content\/uploads\/2024\/01\/CUMPLEN-MAS-DE-MIL-700-ESTUDIANTES-2-300x200.jpeg 300w, https:\/\/uttijuana.edu.mx\/wp-content\/uploads\/2024\/01\/CUMPLEN-MAS-DE-MIL-700-ESTUDIANTES-2-1024x683.jpeg 1024w, https:\/\/uttijuana.edu.mx\/wp-content\/uploads\/2024\/01\/CUMPLEN-MAS-DE-MIL-700-ESTUDIANTES-2.jpeg 1280w\" data-sizes=\"(max-width: 768px) 100vw, 768px\" src=\"data:image\/gif;base64,R0lGODlhAQABAAAAACH5BAEKAAEALAAAAAABAAEAAAICTAEAOw==\" style=\"--smush-placeholder-width: 768px; --smush-placeholder-aspect-ratio: 768\/512;\" \/>\t\t\t\t\t\t\t\t\t\t\t\t\t\t\t<\/div>\n\t\t\t\t<\/div>\n\t\t\t\t<div class=\"elementor-element elementor-element-7d56db2 elementor-widget elementor-widget-spacer\" data-id=\"7d56db2\" data-element_type=\"widget\" data-widget_type=\"spacer.default\">\n\t\t\t\t<div class=\"elementor-widget-container\">\n\t\t\t\t\t\t\t<div class=\"elementor-spacer\">\n\t\t\t<div class=\"elementor-spacer-inner\"><\/div>\n\t\t<\/div>\n\t\t\t\t\t\t<\/div>\n\t\t\t\t<\/div>\n\t\t\t\t\t<\/div>\n\t\t<\/div>\n\t\t\t\t\t<\/div>\n\t\t<\/section>\n\t\t\t\t<\/div>\n\t\t","protected":false},"excerpt":{"rendered":"<p>CUMPLEN M\u00c1S DE MIL 700 ESTUDIANTES DE UTT CON ESTAD\u00cdAS PROFESIONALES Viernes, 22 de diciembre de 2023 *El rector agradeci\u00f3 a las empresas por abrir sus puertas para que estudiantes se desenvuelvan en el campo laboral TIJUANA.- M\u00e1s de mil 700 estudiantes de la Universidad Tecnol\u00f3gica de Tijuana (UTT) se incorporaron a alguna empresa u organizaci\u00f3n durante el 2023, como parte del modelo educativo que contempla un periodo de cuatro meses de Estad\u00edas Profesionales. El rector de la UTT, Mtro. Salvador Morales Riub\u00ed, explic\u00f3 que las y los estudiantes deben desarrollar un proyecto en alguna empresa, el \u00faltimo cuatrimestre del nivel T\u00e9cnico Superior Universitario (TSU) y el \u00faltimo cuatrimestre del nivel Licenciatura o Ingenier\u00eda, en donde pondr\u00e1n en pr\u00e1ctica sus conocimientos. Esta experiencia permite que conozcan el campo laboral y en muchos de los casos, reciben la invitaci\u00f3n para quedarse a trabajar en la empresa o industria. Destac\u00f3 que durante el primer cuatrimestre del a\u00f1o fueron colocados 511 estudiantes, en el segundo un total de 798 y en el tercero 459 estudiantes. Los sectores econ\u00f3micos que m\u00e1s demandan la incorporaci\u00f3n de estudiantes de UTT son el de insumos m\u00e9dicos, el electr\u00f3nico, el metal-mec\u00e1nico, as\u00ed como el de tecnolog\u00edas de la informaci\u00f3n, log\u00edstica y servicios. Morales Riub\u00ed agradeci\u00f3 a las empresas por abrir las puertas a sus estudiantes y por contribuir al cumplimiento del modelo educativo, que es 70 por ciento pr\u00e1ctico, 30 por ciento te\u00f3rico. Resalt\u00f3 que hay empresas de renombre con las que se mantienen convenios para la colocaci\u00f3n de las y los alumnos, pero tambi\u00e9n hay empresas y sobre todo industrias, que se acercan directamente a UTT cada cuatrimestre para buscar determinados perfiles. De enero a mayo del 2024, se tiene proyectada la colocaci\u00f3n de m\u00e1s de 400 estudiantes en su proceso de Estad\u00edas Profesionales, indispensables para que logren titularse.<\/p>\n","protected":false},"author":2,"featured_media":0,"parent":0,"menu_order":0,"comment_status":"closed","ping_status":"closed","template":"","meta":{"_monsterinsights_skip_tracking":false,"_monsterinsights_sitenote_active":false,"_monsterinsights_sitenote_note":"","_monsterinsights_sitenote_category":0,"_uf_show_specific_survey":0,"_uf_disable_surveys":false,"site-sidebar-layout":"no-sidebar","site-content-layout":"page-builder","ast-site-content-layout":"full-width-container","site-content-style":"unboxed","site-sidebar-style":"unboxed","ast-global-header-display":"","ast-banner-title-visibility":"","ast-main-header-display":"","ast-hfb-above-header-display":"","ast-hfb-below-header-display":"","ast-hfb-mobile-header-display":"","site-post-title":"disabled","ast-breadcrumbs-content":"","ast-featured-img":"disabled","footer-sml-layout":"","ast-disable-related-posts":"","theme-transparent-header-meta":"","adv-header-id-meta":"","stick-header-meta":"","header-above-stick-meta":"","header-main-stick-meta":"","header-below-stick-meta":"","astra-migrate-meta-layouts":"set","ast-page-background-enabled":"default","ast-page-background-meta":{"desktop":{"background-color":"","background-image":"","background-repeat":"repeat","background-position":"center center","background-size":"auto","background-attachment":"scroll","background-type":"","background-media":"","overlay-type":"","overlay-color":"","overlay-opacity":"","overlay-gradient":""},"tablet":{"background-color":"","background-image":"","background-repeat":"repeat","background-position":"center center","background-size":"auto","background-attachment":"scroll","background-type":"","background-media":"","overlay-type":"","overlay-color":"","overlay-opacity":"","overlay-gradient":""},"mobile":{"background-color":"","background-image":"","background-repeat":"repeat","background-position":"center center","background-size":"auto","background-attachment":"scroll","background-type":"","background-media":"","overlay-type":"","overlay-color":"","overlay-opacity":"","overlay-gradient":""}},"ast-content-background-meta":{"desktop":{"background-color":"var(--ast-global-color-5)","background-image":"","background-repeat":"repeat","background-position":"center center","background-size":"auto","background-attachment":"scroll","background-type":"","background-media":"","overlay-type":"","overlay-color":"","overlay-opacity":"","overlay-gradient":""},"tablet":{"background-color":"var(--ast-global-color-5)","background-image":"","background-repeat":"repeat","background-position":"center center","background-size":"auto","background-attachment":"scroll","background-type":"","background-media":"","overlay-type":"","overlay-color":"","overlay-opacity":"","overlay-gradient":""},"mobile":{"background-color":"var(--ast-global-color-5)","background-image":"","background-repeat":"repeat","background-position":"center center","background-size":"auto","background-attachment":"scroll","background-type":"","background-media":"","overlay-type":"","overlay-color":"","overlay-opacity":"","overlay-gradient":""}},"footnotes":""},"class_list":["post-13380","page","type-page","status-publish","hentry"],"_links":{"self":[{"href":"https:\/\/uttijuana.edu.mx\/index.php\/wp-json\/wp\/v2\/pages\/13380","targetHints":{"allow":["GET"]}}],"collection":[{"href":"https:\/\/uttijuana.edu.mx\/index.php\/wp-json\/wp\/v2\/pages"}],"about":[{"href":"https:\/\/uttijuana.edu.mx\/index.php\/wp-json\/wp\/v2\/types\/page"}],"author":[{"embeddable":true,"href":"https:\/\/uttijuana.edu.mx\/index.php\/wp-json\/wp\/v2\/users\/2"}],"replies":[{"embeddable":true,"href":"https:\/\/uttijuana.edu.mx\/index.php\/wp-json\/wp\/v2\/comments?post=13380"}],"version-history":[{"count":6,"href":"https:\/\/uttijuana.edu.mx\/index.php\/wp-json\/wp\/v2\/pages\/13380\/revisions"}],"predecessor-version":[{"id":13386,"href":"https:\/\/uttijuana.edu.mx\/index.php\/wp-json\/wp\/v2\/pages\/13380\/revisions\/13386"}],"wp:attachment":[{"href":"https:\/\/uttijuana.edu.mx\/index.php\/wp-json\/wp\/v2\/media?parent=13380"}],"curies":[{"name":"wp","href":"https:\/\/api.w.org\/{rel}","templated":true}]}}