{"id":13907,"date":"2024-02-28T01:13:34","date_gmt":"2024-02-28T01:13:34","guid":{"rendered":"https:\/\/uttijuana.edu.mx\/?page_id=13907"},"modified":"2024-02-28T01:18:58","modified_gmt":"2024-02-28T01:18:58","slug":"anuncia-utt-proceso-de-fichas-y-apertura-de-la-licenciatura-en-gastronomia","status":"publish","type":"page","link":"https:\/\/uttijuana.edu.mx\/index.php\/anuncia-utt-proceso-de-fichas-y-apertura-de-la-licenciatura-en-gastronomia\/","title":{"rendered":"ANUNCIA UTT PROCESO DE FICHAS Y APERTURA DE LA LICENCIATURA EN GASTRONOM\u00cdA"},"content":{"rendered":"\t\t<div data-elementor-type=\"wp-page\" data-elementor-id=\"13907\" class=\"elementor elementor-13907\" data-elementor-post-type=\"page\">\n\t\t\t\t\t\t<section class=\"elementor-section elementor-top-section elementor-element elementor-element-73c5fff0 elementor-section-boxed elementor-section-height-default elementor-section-height-default wpr-particle-no wpr-jarallax-no wpr-parallax-no wpr-sticky-section-no\" data-id=\"73c5fff0\" data-element_type=\"section\">\n\t\t\t\t\t\t<div class=\"elementor-container elementor-column-gap-default\">\n\t\t\t\t\t<div class=\"elementor-column elementor-col-100 elementor-top-column elementor-element elementor-element-a6b2554\" data-id=\"a6b2554\" data-element_type=\"column\">\n\t\t\t<div class=\"elementor-widget-wrap elementor-element-populated\">\n\t\t\t\t\t\t<div class=\"elementor-element elementor-element-7d342eb0 elementor-widget elementor-widget-heading\" data-id=\"7d342eb0\" data-element_type=\"widget\" data-widget_type=\"heading.default\">\n\t\t\t\t<div class=\"elementor-widget-container\">\n\t\t\t\t\t<h2 class=\"elementor-heading-title elementor-size-default\">ANUNCIA UTT PROCESO DE FICHAS Y APERTURA DE LA LICENCIATURA EN GASTRONOM\u00cdA<\/h2>\t\t\t\t<\/div>\n\t\t\t\t<\/div>\n\t\t\t\t<div class=\"elementor-element elementor-element-4f55d4d4 elementor-widget elementor-widget-image\" data-id=\"4f55d4d4\" data-element_type=\"widget\" data-widget_type=\"image.default\">\n\t\t\t\t<div class=\"elementor-widget-container\">\n\t\t\t\t\t\t\t\t\t\t\t\t\t\t\t<img fetchpriority=\"high\" decoding=\"async\" width=\"768\" height=\"521\" src=\"https:\/\/uttijuana.edu.mx\/wp-content\/uploads\/2024\/02\/anuncia-1-768x521.jpeg\" class=\"attachment-medium_large size-medium_large wp-image-13909\" alt=\"\" srcset=\"https:\/\/uttijuana.edu.mx\/wp-content\/uploads\/2024\/02\/anuncia-1-768x521.jpeg 768w, https:\/\/uttijuana.edu.mx\/wp-content\/uploads\/2024\/02\/anuncia-1-300x203.jpeg 300w, https:\/\/uttijuana.edu.mx\/wp-content\/uploads\/2024\/02\/anuncia-1-1024x694.jpeg 1024w, https:\/\/uttijuana.edu.mx\/wp-content\/uploads\/2024\/02\/anuncia-1.jpeg 1280w\" sizes=\"(max-width: 768px) 100vw, 768px\" \/>\t\t\t\t\t\t\t\t\t\t\t\t\t\t\t<\/div>\n\t\t\t\t<\/div>\n\t\t\t\t<div class=\"elementor-element elementor-element-73cadcd8 elementor-widget elementor-widget-heading\" data-id=\"73cadcd8\" data-element_type=\"widget\" data-widget_type=\"heading.default\">\n\t\t\t\t<div class=\"elementor-widget-container\">\n\t\t\t\t\t<h5 class=\"elementor-heading-title elementor-size-medium\">Martes, 27 de febrero de 2024<p><\/p>\n\n <BLOCKQUOTE>*Se ofertar\u00e1n 100 espacios en el campus de Tijuana; la carrera ya se imparte en la Unidad Acad\u00e9mica Ensenada<p><p>\n\nTIJUANA.- La Universidad Tecnol\u00f3gica de Tijuana (UTT) dio a conocer la Convocatoria de Nuevo Ingreso 2024 que estar\u00e1 vigente hasta el 17 de mayo, adem\u00e1s de que present\u00f3 su nueva carrera en el campus Tijuana, la Licenciatura en Gastronom\u00eda.<p><p>\n\nEl rector Salvador Morales Riub\u00ed, inform\u00f3 que el proceso abri\u00f3 desde el pasado 12 de febrero, con la finalidad de que las y los potenciales a egresar de preparatoria obtengan una ficha para realizar el examen de admisi\u00f3n.<p><p>\n\nComent\u00f3 que para esta convocatoria la UTT oferta en Tijuana 10 ingenier\u00edas, cuatro licenciaturas y una carrera en el nivel T\u00e9cnico Superior Universitario, Ense\u00f1anza de la Lengua Inglesa. En la Unidad Acad\u00e9mica Ensenada se imparten dos ingenier\u00edas y dos licenciaturas.<p><p>\n\nSe tiene estimado el ingreso de mil 800 estudiantes, por lo que la instituci\u00f3n llegar\u00e1 a una matr\u00edcula total de 5 mil 200 alumnas y alumnos en el mes de agosto.<p><p>\n\nMorales Riub\u00ed anunci\u00f3 que se suma a la oferta educativa de Tijuana la Licenciatura en Gastronom\u00eda, carrera que en la Unidad Acad\u00e9mica Ensenada se imparte con \u00e9xito y ya est\u00e1 pr\u00f3xima a egresar la primera generaci\u00f3n de 19 chefs.<p><p>\n\n\u201cEn virtud de la demanda que tiene dicha carrera aqu\u00ed en Tijuana, vamos a abrir cuatro grupos para la Licenciatura en Gastronom\u00eda\u201d, expres\u00f3, dos en el turno matutino y dos en el vespertino, con un cupo total de 100 aspirantes.<p><p>\n\nEl rector asegur\u00f3 que las y los estudiantes de Gastronom\u00eda formados en UTT responder\u00e1n a la necesidad de talento del sector, \u201chemos dado muestra de ello en Ensenada\u201d.<p><p>\n\nEl costo promedio de inscripci\u00f3n a dicha carrera es de tres mil 800 pesos cuatrimestrales en el nivel TSU y de cuatro mil 150 pesos a nivel licenciatura, sin contar los insumos. Para llevar a cabo la pr\u00e1ctica, la instituci\u00f3n contar\u00e1 con un Laboratorio Culinario altamente especializado, con equipo de cocina, mobiliario y utensilios.<p><p>\n\nLa docente de la Licenciatura en Gastronom\u00eda en la Unidad Acad\u00e9mica Ensenada, chef Lorena Ley Ibarra, record\u00f3 que la carrera comenz\u00f3 a impartirse en el nivel T\u00e9cnico Superior Universitario desde 2016 y a partir del 2022 se obtuvo la autorizaci\u00f3n de la Secretar\u00eda de Educaci\u00f3n P\u00fablica (SEP) para ofertar el nivel licenciatura.<p><p>\n\nAfirm\u00f3 que las y los futuros chefs saldr\u00e1n preparados para dirigir cocinas de restaurantes, pero tambi\u00e9n se les forma para que puedan administrar proyectos y negocios de alimentos, tanto en hospitales, aerococinas, cruceros, casas de retiro o comedores industriales, por mencionar algunos.<p><p>\n\nEl rector de UTT destac\u00f3 que mientras se desarrolla el proceso de nuevo ingreso avanzan las obras de construcci\u00f3n del edificio Docencia 6, que permitir\u00e1 ampliar la capacidad instalada de la instituci\u00f3n, con la meta de llegar a una matr\u00edcula de seis mil estudiantes.<p><p>\n\nLa oferta educativa y las fichas est\u00e1n disponibles en el portal www.uttijuana.edu.mx, cuyo costo es de 530 pesos. El examen de admisi\u00f3n Ceneval se aplicar\u00e1 del 18 al 21 de junio en forma presencial; los resultados se dar\u00e1n a conocer el 10 de julio y quienes sean seleccionados iniciar\u00e1n cuatrimestre el 26 de agosto.<p><p><\/h5>\t\t\t\t<\/div>\n\t\t\t\t<\/div>\n\t\t\t\t<div class=\"elementor-element elementor-element-ddd6b52 elementor-widget elementor-widget-image\" data-id=\"ddd6b52\" data-element_type=\"widget\" data-widget_type=\"image.default\">\n\t\t\t\t<div class=\"elementor-widget-container\">\n\t\t\t\t\t\t\t\t\t\t\t\t\t\t\t<img decoding=\"async\" width=\"768\" height=\"511\" data-src=\"https:\/\/uttijuana.edu.mx\/wp-content\/uploads\/2024\/02\/anuncia-2-768x511.jpeg\" class=\"attachment-medium_large size-medium_large wp-image-13910 lazyload\" alt=\"\" data-srcset=\"https:\/\/uttijuana.edu.mx\/wp-content\/uploads\/2024\/02\/anuncia-2-768x511.jpeg 768w, https:\/\/uttijuana.edu.mx\/wp-content\/uploads\/2024\/02\/anuncia-2-300x200.jpeg 300w, https:\/\/uttijuana.edu.mx\/wp-content\/uploads\/2024\/02\/anuncia-2-1024x682.jpeg 1024w, https:\/\/uttijuana.edu.mx\/wp-content\/uploads\/2024\/02\/anuncia-2.jpeg 1280w\" data-sizes=\"(max-width: 768px) 100vw, 768px\" src=\"data:image\/gif;base64,R0lGODlhAQABAAAAACH5BAEKAAEALAAAAAABAAEAAAICTAEAOw==\" style=\"--smush-placeholder-width: 768px; --smush-placeholder-aspect-ratio: 768\/511;\" \/>\t\t\t\t\t\t\t\t\t\t\t\t\t\t\t<\/div>\n\t\t\t\t<\/div>\n\t\t\t\t<div class=\"elementor-element elementor-element-25542b0 elementor-widget elementor-widget-spacer\" data-id=\"25542b0\" data-element_type=\"widget\" data-widget_type=\"spacer.default\">\n\t\t\t\t<div class=\"elementor-widget-container\">\n\t\t\t\t\t\t\t<div class=\"elementor-spacer\">\n\t\t\t<div class=\"elementor-spacer-inner\"><\/div>\n\t\t<\/div>\n\t\t\t\t\t\t<\/div>\n\t\t\t\t<\/div>\n\t\t\t\t\t<\/div>\n\t\t<\/div>\n\t\t\t\t\t<\/div>\n\t\t<\/section>\n\t\t\t\t<\/div>\n\t\t","protected":false},"excerpt":{"rendered":"<p>ANUNCIA UTT PROCESO DE FICHAS Y APERTURA DE LA LICENCIATURA EN GASTRONOM\u00cdA Martes, 27 de febrero de 2024 *Se ofertar\u00e1n 100 espacios en el campus de Tijuana; la carrera ya se imparte en la Unidad Acad\u00e9mica Ensenada TIJUANA.- La Universidad Tecnol\u00f3gica de Tijuana (UTT) dio a conocer la Convocatoria de Nuevo Ingreso 2024 que estar\u00e1 vigente hasta el 17 de mayo, adem\u00e1s de que present\u00f3 su nueva carrera en el campus Tijuana, la Licenciatura en Gastronom\u00eda. El rector Salvador Morales Riub\u00ed, inform\u00f3 que el proceso abri\u00f3 desde el pasado 12 de febrero, con la finalidad de que las y los potenciales a egresar de preparatoria obtengan una ficha para realizar el examen de admisi\u00f3n. Coment\u00f3 que para esta convocatoria la UTT oferta en Tijuana 10 ingenier\u00edas, cuatro licenciaturas y una carrera en el nivel T\u00e9cnico Superior Universitario, Ense\u00f1anza de la Lengua Inglesa. En la Unidad Acad\u00e9mica Ensenada se imparten dos ingenier\u00edas y dos licenciaturas. Se tiene estimado el ingreso de mil 800 estudiantes, por lo que la instituci\u00f3n llegar\u00e1 a una matr\u00edcula total de 5 mil 200 alumnas y alumnos en el mes de agosto. Morales Riub\u00ed anunci\u00f3 que se suma a la oferta educativa de Tijuana la Licenciatura en Gastronom\u00eda, carrera que en la Unidad Acad\u00e9mica Ensenada se imparte con \u00e9xito y ya est\u00e1 pr\u00f3xima a egresar la primera generaci\u00f3n de 19 chefs. \u201cEn virtud de la demanda que tiene dicha carrera aqu\u00ed en Tijuana, vamos a abrir cuatro grupos para la Licenciatura en Gastronom\u00eda\u201d, expres\u00f3, dos en el turno matutino y dos en el vespertino, con un cupo total de 100 aspirantes. El rector asegur\u00f3 que las y los estudiantes de Gastronom\u00eda formados en UTT responder\u00e1n a la necesidad de talento del sector, \u201chemos dado muestra de ello en Ensenada\u201d. El costo promedio de inscripci\u00f3n a dicha carrera es de tres mil 800 pesos cuatrimestrales en el nivel TSU y de cuatro mil 150 pesos a nivel licenciatura, sin contar los insumos. Para llevar a cabo la pr\u00e1ctica, la instituci\u00f3n contar\u00e1 con un Laboratorio Culinario altamente especializado, con equipo de cocina, mobiliario y utensilios. La docente de la Licenciatura en Gastronom\u00eda en la Unidad Acad\u00e9mica Ensenada, chef Lorena Ley Ibarra, record\u00f3 que la carrera comenz\u00f3 a impartirse en el nivel T\u00e9cnico Superior Universitario desde 2016 y a partir del 2022 se obtuvo la autorizaci\u00f3n de la Secretar\u00eda de Educaci\u00f3n P\u00fablica (SEP) para ofertar el nivel licenciatura. Afirm\u00f3 que las y los futuros chefs saldr\u00e1n preparados para dirigir cocinas de restaurantes, pero tambi\u00e9n se les forma para que puedan administrar proyectos y negocios de alimentos, tanto en hospitales, aerococinas, cruceros, casas de retiro o comedores industriales, por mencionar algunos. El rector de UTT destac\u00f3 que mientras se desarrolla el proceso de nuevo ingreso avanzan las obras de construcci\u00f3n del edificio Docencia 6, que permitir\u00e1 ampliar la capacidad instalada de la instituci\u00f3n, con la meta de llegar a una matr\u00edcula de seis mil estudiantes. La oferta educativa y las fichas est\u00e1n disponibles en el portal www.uttijuana.edu.mx, cuyo costo es de 530 pesos. El examen de admisi\u00f3n Ceneval se aplicar\u00e1 del 18 al 21 de junio en forma presencial; los resultados se dar\u00e1n a conocer el 10 de julio y quienes sean seleccionados iniciar\u00e1n cuatrimestre el 26 de agosto.<\/p>\n","protected":false},"author":2,"featured_media":0,"parent":0,"menu_order":0,"comment_status":"closed","ping_status":"closed","template":"","meta":{"_monsterinsights_skip_tracking":false,"_monsterinsights_sitenote_active":false,"_monsterinsights_sitenote_note":"","_monsterinsights_sitenote_category":0,"_uf_show_specific_survey":0,"_uf_disable_surveys":false,"site-sidebar-layout":"no-sidebar","site-content-layout":"page-builder","ast-site-content-layout":"full-width-container","site-content-style":"default","site-sidebar-style":"default","ast-global-header-display":"","ast-banner-title-visibility":"","ast-main-header-display":"","ast-hfb-above-header-display":"","ast-hfb-below-header-display":"","ast-hfb-mobile-header-display":"","site-post-title":"disabled","ast-breadcrumbs-content":"","ast-featured-img":"disabled","footer-sml-layout":"","ast-disable-related-posts":"","theme-transparent-header-meta":"","adv-header-id-meta":"","stick-header-meta":"","header-above-stick-meta":"","header-main-stick-meta":"","header-below-stick-meta":"","astra-migrate-meta-layouts":"set","ast-page-background-enabled":"default","ast-page-background-meta":{"desktop":{"background-color":"","background-image":"","background-repeat":"repeat","background-position":"center center","background-size":"auto","background-attachment":"scroll","background-type":"","background-media":"","overlay-type":"","overlay-color":"","overlay-opacity":"","overlay-gradient":""},"tablet":{"background-color":"","background-image":"","background-repeat":"repeat","background-position":"center center","background-size":"auto","background-attachment":"scroll","background-type":"","background-media":"","overlay-type":"","overlay-color":"","overlay-opacity":"","overlay-gradient":""},"mobile":{"background-color":"","background-image":"","background-repeat":"repeat","background-position":"center center","background-size":"auto","background-attachment":"scroll","background-type":"","background-media":"","overlay-type":"","overlay-color":"","overlay-opacity":"","overlay-gradient":""}},"ast-content-background-meta":{"desktop":{"background-color":"var(--ast-global-color-5)","background-image":"","background-repeat":"repeat","background-position":"center center","background-size":"auto","background-attachment":"scroll","background-type":"","background-media":"","overlay-type":"","overlay-color":"","overlay-opacity":"","overlay-gradient":""},"tablet":{"background-color":"var(--ast-global-color-5)","background-image":"","background-repeat":"repeat","background-position":"center center","background-size":"auto","background-attachment":"scroll","background-type":"","background-media":"","overlay-type":"","overlay-color":"","overlay-opacity":"","overlay-gradient":""},"mobile":{"background-color":"var(--ast-global-color-5)","background-image":"","background-repeat":"repeat","background-position":"center center","background-size":"auto","background-attachment":"scroll","background-type":"","background-media":"","overlay-type":"","overlay-color":"","overlay-opacity":"","overlay-gradient":""}},"footnotes":""},"class_list":["post-13907","page","type-page","status-publish","hentry"],"_links":{"self":[{"href":"https:\/\/uttijuana.edu.mx\/index.php\/wp-json\/wp\/v2\/pages\/13907","targetHints":{"allow":["GET"]}}],"collection":[{"href":"https:\/\/uttijuana.edu.mx\/index.php\/wp-json\/wp\/v2\/pages"}],"about":[{"href":"https:\/\/uttijuana.edu.mx\/index.php\/wp-json\/wp\/v2\/types\/page"}],"author":[{"embeddable":true,"href":"https:\/\/uttijuana.edu.mx\/index.php\/wp-json\/wp\/v2\/users\/2"}],"replies":[{"embeddable":true,"href":"https:\/\/uttijuana.edu.mx\/index.php\/wp-json\/wp\/v2\/comments?post=13907"}],"version-history":[{"count":7,"href":"https:\/\/uttijuana.edu.mx\/index.php\/wp-json\/wp\/v2\/pages\/13907\/revisions"}],"predecessor-version":[{"id":13919,"href":"https:\/\/uttijuana.edu.mx\/index.php\/wp-json\/wp\/v2\/pages\/13907\/revisions\/13919"}],"wp:attachment":[{"href":"https:\/\/uttijuana.edu.mx\/index.php\/wp-json\/wp\/v2\/media?parent=13907"}],"curies":[{"name":"wp","href":"https:\/\/api.w.org\/{rel}","templated":true}]}}