{"id":14215,"date":"2024-03-21T22:17:46","date_gmt":"2024-03-21T22:17:46","guid":{"rendered":"https:\/\/uttijuana.edu.mx\/?page_id=14215"},"modified":"2024-03-21T22:23:22","modified_gmt":"2024-03-21T22:23:22","slug":"celebra-utt-su-tradicional-torneo-nacional-de-robotica-y-aeronautica-2024","status":"publish","type":"page","link":"https:\/\/uttijuana.edu.mx\/index.php\/celebra-utt-su-tradicional-torneo-nacional-de-robotica-y-aeronautica-2024\/","title":{"rendered":"CELEBRA UTT SU TRADICIONAL TORNEO NACIONAL DE ROB\u00d3TICA Y AERON\u00c1UTICA 2024"},"content":{"rendered":"\t\t<div data-elementor-type=\"wp-page\" data-elementor-id=\"14215\" class=\"elementor elementor-14215\" data-elementor-post-type=\"page\">\n\t\t\t\t\t\t<section class=\"elementor-section elementor-top-section elementor-element elementor-element-5ce995df elementor-section-boxed elementor-section-height-default elementor-section-height-default wpr-particle-no wpr-jarallax-no wpr-parallax-no wpr-sticky-section-no\" data-id=\"5ce995df\" data-element_type=\"section\">\n\t\t\t\t\t\t<div class=\"elementor-container elementor-column-gap-default\">\n\t\t\t\t\t<div class=\"elementor-column elementor-col-100 elementor-top-column elementor-element elementor-element-795cafd3\" data-id=\"795cafd3\" data-element_type=\"column\">\n\t\t\t<div class=\"elementor-widget-wrap elementor-element-populated\">\n\t\t\t\t\t\t<div class=\"elementor-element elementor-element-748da71a elementor-widget elementor-widget-heading\" data-id=\"748da71a\" data-element_type=\"widget\" data-widget_type=\"heading.default\">\n\t\t\t\t<div class=\"elementor-widget-container\">\n\t\t\t\t\t<h2 class=\"elementor-heading-title elementor-size-default\">CELEBRA UTT SU TRADICIONAL TORNEO NACIONAL DE ROB\u00d3TICA Y AERON\u00c1UTICA 2024<\/h2>\t\t\t\t<\/div>\n\t\t\t\t<\/div>\n\t\t\t\t<div class=\"elementor-element elementor-element-6ebde099 elementor-widget elementor-widget-image\" data-id=\"6ebde099\" data-element_type=\"widget\" data-widget_type=\"image.default\">\n\t\t\t\t<div class=\"elementor-widget-container\">\n\t\t\t\t\t\t\t\t\t\t\t\t\t\t\t<img fetchpriority=\"high\" decoding=\"async\" width=\"768\" height=\"512\" src=\"https:\/\/uttijuana.edu.mx\/wp-content\/uploads\/2024\/03\/CELEBRA-UTT-SU-TRADICIONAL-TORNEO-768x512.jpeg\" class=\"attachment-medium_large size-medium_large wp-image-14214\" alt=\"\" srcset=\"https:\/\/uttijuana.edu.mx\/wp-content\/uploads\/2024\/03\/CELEBRA-UTT-SU-TRADICIONAL-TORNEO-768x512.jpeg 768w, https:\/\/uttijuana.edu.mx\/wp-content\/uploads\/2024\/03\/CELEBRA-UTT-SU-TRADICIONAL-TORNEO-300x200.jpeg 300w, https:\/\/uttijuana.edu.mx\/wp-content\/uploads\/2024\/03\/CELEBRA-UTT-SU-TRADICIONAL-TORNEO-1024x682.jpeg 1024w, https:\/\/uttijuana.edu.mx\/wp-content\/uploads\/2024\/03\/CELEBRA-UTT-SU-TRADICIONAL-TORNEO-1536x1023.jpeg 1536w, https:\/\/uttijuana.edu.mx\/wp-content\/uploads\/2024\/03\/CELEBRA-UTT-SU-TRADICIONAL-TORNEO.jpeg 1600w\" sizes=\"(max-width: 768px) 100vw, 768px\" \/>\t\t\t\t\t\t\t\t\t\t\t\t\t\t\t<\/div>\n\t\t\t\t<\/div>\n\t\t\t\t<div class=\"elementor-element elementor-element-18162c88 elementor-widget elementor-widget-heading\" data-id=\"18162c88\" data-element_type=\"widget\" data-widget_type=\"heading.default\">\n\t\t\t\t<div class=\"elementor-widget-container\">\n\t\t\t\t\t<h5 class=\"elementor-heading-title elementor-size-medium\">Jueves, 21 de marzo de 2024.\n \n<BLOCKQUOTE> *Este viernes continuar\u00e1n las competencias en las instalaciones de la UTT, con las categor\u00edas Aeromodelismo y Thunderbot 25 kilogramos, la \u201cprueba reina\u201d; y terminando se proceder\u00e1 a la premiaci\u00f3n de las cuatro categor\u00edas.<p> <\/p>\n\n\nTIJUANA.- La Universidad Tecnol\u00f3gica de Tijuana (UTT) llev\u00f3 a cabo la ceremonia inaugural del d\u00e9cimo segundo Torneo Nacional de Rob\u00f3tica y Aeron\u00e1utica 2024, que en su primer d\u00eda de actividades registr\u00f3 las competencias de las categor\u00edas Planeador y Robot Cazador.<p> <\/p>\n\nEl rector de la instituci\u00f3n, Salvador Morales Riub\u00ed, explic\u00f3 que se trata del torneo emblema de la instituci\u00f3n, que pone a prueba las destrezas y conocimientos de estudiantes de las carreras de Ingenier\u00eda en Mecatr\u00f3nica e Ingenier\u00eda en Manufactura Aeron\u00e1utica.<p> <\/p>\n\nIndic\u00f3 que para la UTT es motivo de orgullo que estudiantes de otras instituciones educativas deseen participar, por el alto nivel de competencia que se practica, adem\u00e1s de que se oferta una bolsa cercana a los 130 mil pesos.<p> <\/p>\n\n\u201cEste es un escaparate de conocimiento y de las habilidades que pueden desarrollar. Es una oportunidad de demostrar que, en esta regi\u00f3n de M\u00e9xico que hace frontera con Estados Unidos, tenemos el talento amplio en calidad para decirle al exterior que estamos listos para enfrentar los avances tecnol\u00f3gicos\u201d, expres\u00f3.<p> <\/p>\n\nMorales Riub\u00ed destac\u00f3 tambi\u00e9n la convicci\u00f3n y el compromiso del personal docente para preparar a sus estudiantes, con la certeza de que van a demostrar lo aprendido y lo har\u00e1n en equipo y en un ambiente de sana competencia. <p> <\/p>\n\nAgradeci\u00f3 la presencia de la representante del Colegio de Ingenieros Mec\u00e1nicos y Electricistas, Ingeniera Mar\u00eda Antonieta Mej\u00eda Ram\u00edrez, as\u00ed como de la empresa Electr\u00f3n, patrocinadora del torneo, Iliana Alcocer Castillo, quienes han constatado el crecimiento que ha tenido este desaf\u00edo acad\u00e9mico. <p> <\/p>\n\n\u201cLlevamos 12 a\u00f1os contando con el apoyo de la iniciativa privada para la realizaci\u00f3n de este torneo. Empresas como Electr\u00f3n y como SMK, se han comprometido con nosotros, son ellos quienes vienen a dar fe de la formaci\u00f3n y el aprendizaje que reciben nuestras y nuestros estudiantes\u201d, mencion\u00f3.<p> <\/p>\n\nEste viernes continuar\u00e1n las competencias, que se desarrollar\u00e1n en las instalaciones de la Universidad Tecnol\u00f3gica de Tijuana (UTT), en las categor\u00edas Aeromodelismo y Thunderbot 25 kilogramos, la \u201cprueba reina\u201d; las actividades cerrar\u00e1n con la premiaci\u00f3n de las y los ganadores de las cuatro categor\u00edas.<p> <\/p><\/h5>\t\t\t\t<\/div>\n\t\t\t\t<\/div>\n\t\t\t\t\t<\/div>\n\t\t<\/div>\n\t\t\t\t\t<\/div>\n\t\t<\/section>\n\t\t\t\t<section class=\"elementor-section elementor-top-section elementor-element elementor-element-a9713ac elementor-section-boxed elementor-section-height-default elementor-section-height-default wpr-particle-no wpr-jarallax-no wpr-parallax-no wpr-sticky-section-no\" data-id=\"a9713ac\" data-element_type=\"section\">\n\t\t\t\t\t\t<div class=\"elementor-container elementor-column-gap-default\">\n\t\t\t\t\t<div class=\"elementor-column elementor-col-50 elementor-top-column elementor-element elementor-element-e99d5e0\" data-id=\"e99d5e0\" data-element_type=\"column\">\n\t\t\t<div class=\"elementor-widget-wrap elementor-element-populated\">\n\t\t\t\t\t\t<div class=\"elementor-element elementor-element-5eaa957 elementor-widget elementor-widget-image\" data-id=\"5eaa957\" data-element_type=\"widget\" data-widget_type=\"image.default\">\n\t\t\t\t<div class=\"elementor-widget-container\">\n\t\t\t\t\t\t\t\t\t\t\t\t\t\t\t<img decoding=\"async\" width=\"768\" height=\"507\" data-src=\"https:\/\/uttijuana.edu.mx\/wp-content\/uploads\/2024\/03\/CELEBRA-UTT-SU-TRADICIONAL-TORNEO1-768x507.jpeg\" class=\"attachment-medium_large size-medium_large wp-image-14213 lazyload\" alt=\"\" data-srcset=\"https:\/\/uttijuana.edu.mx\/wp-content\/uploads\/2024\/03\/CELEBRA-UTT-SU-TRADICIONAL-TORNEO1-768x507.jpeg 768w, https:\/\/uttijuana.edu.mx\/wp-content\/uploads\/2024\/03\/CELEBRA-UTT-SU-TRADICIONAL-TORNEO1-300x198.jpeg 300w, https:\/\/uttijuana.edu.mx\/wp-content\/uploads\/2024\/03\/CELEBRA-UTT-SU-TRADICIONAL-TORNEO1-1024x676.jpeg 1024w, https:\/\/uttijuana.edu.mx\/wp-content\/uploads\/2024\/03\/CELEBRA-UTT-SU-TRADICIONAL-TORNEO1-1536x1013.jpeg 1536w, https:\/\/uttijuana.edu.mx\/wp-content\/uploads\/2024\/03\/CELEBRA-UTT-SU-TRADICIONAL-TORNEO1.jpeg 1540w\" data-sizes=\"(max-width: 768px) 100vw, 768px\" src=\"data:image\/gif;base64,R0lGODlhAQABAAAAACH5BAEKAAEALAAAAAABAAEAAAICTAEAOw==\" style=\"--smush-placeholder-width: 768px; --smush-placeholder-aspect-ratio: 768\/507;\" \/>\t\t\t\t\t\t\t\t\t\t\t\t\t\t\t<\/div>\n\t\t\t\t<\/div>\n\t\t\t\t\t<\/div>\n\t\t<\/div>\n\t\t\t\t<div class=\"elementor-column elementor-col-50 elementor-top-column elementor-element elementor-element-64e7444\" data-id=\"64e7444\" data-element_type=\"column\">\n\t\t\t<div class=\"elementor-widget-wrap elementor-element-populated\">\n\t\t\t\t\t\t<div class=\"elementor-element elementor-element-4acebb0 elementor-widget elementor-widget-image\" data-id=\"4acebb0\" data-element_type=\"widget\" data-widget_type=\"image.default\">\n\t\t\t\t<div class=\"elementor-widget-container\">\n\t\t\t\t\t\t\t\t\t\t\t\t\t\t\t<img decoding=\"async\" width=\"768\" height=\"544\" data-src=\"https:\/\/uttijuana.edu.mx\/wp-content\/uploads\/2024\/03\/CELEBRA-UTT-SU-TRADICIONAL-TORNEO2-768x544.jpeg\" class=\"attachment-medium_large size-medium_large wp-image-14212 lazyload\" alt=\"\" data-srcset=\"https:\/\/uttijuana.edu.mx\/wp-content\/uploads\/2024\/03\/CELEBRA-UTT-SU-TRADICIONAL-TORNEO2-768x544.jpeg 768w, https:\/\/uttijuana.edu.mx\/wp-content\/uploads\/2024\/03\/CELEBRA-UTT-SU-TRADICIONAL-TORNEO2-300x213.jpeg 300w, https:\/\/uttijuana.edu.mx\/wp-content\/uploads\/2024\/03\/CELEBRA-UTT-SU-TRADICIONAL-TORNEO2-1024x726.jpeg 1024w, https:\/\/uttijuana.edu.mx\/wp-content\/uploads\/2024\/03\/CELEBRA-UTT-SU-TRADICIONAL-TORNEO2.jpeg 1408w\" data-sizes=\"(max-width: 768px) 100vw, 768px\" src=\"data:image\/gif;base64,R0lGODlhAQABAAAAACH5BAEKAAEALAAAAAABAAEAAAICTAEAOw==\" style=\"--smush-placeholder-width: 768px; --smush-placeholder-aspect-ratio: 768\/544;\" \/>\t\t\t\t\t\t\t\t\t\t\t\t\t\t\t<\/div>\n\t\t\t\t<\/div>\n\t\t\t\t\t<\/div>\n\t\t<\/div>\n\t\t\t\t\t<\/div>\n\t\t<\/section>\n\t\t\t\t<section class=\"elementor-section elementor-top-section elementor-element elementor-element-eb2882b elementor-section-boxed elementor-section-height-default elementor-section-height-default wpr-particle-no wpr-jarallax-no wpr-parallax-no wpr-sticky-section-no\" data-id=\"eb2882b\" data-element_type=\"section\">\n\t\t\t\t\t\t<div class=\"elementor-container elementor-column-gap-default\">\n\t\t\t\t\t<div class=\"elementor-column elementor-col-100 elementor-top-column elementor-element elementor-element-6484c4f\" data-id=\"6484c4f\" data-element_type=\"column\">\n\t\t\t<div class=\"elementor-widget-wrap elementor-element-populated\">\n\t\t\t\t\t\t<div class=\"elementor-element elementor-element-8426c81 elementor-widget elementor-widget-spacer\" data-id=\"8426c81\" data-element_type=\"widget\" data-widget_type=\"spacer.default\">\n\t\t\t\t<div class=\"elementor-widget-container\">\n\t\t\t\t\t\t\t<div class=\"elementor-spacer\">\n\t\t\t<div class=\"elementor-spacer-inner\"><\/div>\n\t\t<\/div>\n\t\t\t\t\t\t<\/div>\n\t\t\t\t<\/div>\n\t\t\t\t\t<\/div>\n\t\t<\/div>\n\t\t\t\t\t<\/div>\n\t\t<\/section>\n\t\t\t\t<\/div>\n\t\t","protected":false},"excerpt":{"rendered":"<p>CELEBRA UTT SU TRADICIONAL TORNEO NACIONAL DE ROB\u00d3TICA Y AERON\u00c1UTICA 2024 Jueves, 21 de marzo de 2024. *Este viernes continuar\u00e1n las competencias en las instalaciones de la UTT, con las categor\u00edas Aeromodelismo y Thunderbot 25 kilogramos, la \u201cprueba reina\u201d; y terminando se proceder\u00e1 a la premiaci\u00f3n de las cuatro categor\u00edas. TIJUANA.- La Universidad Tecnol\u00f3gica de Tijuana (UTT) llev\u00f3 a cabo la ceremonia inaugural del d\u00e9cimo segundo Torneo Nacional de Rob\u00f3tica y Aeron\u00e1utica 2024, que en su primer d\u00eda de actividades registr\u00f3 las competencias de las categor\u00edas Planeador y Robot Cazador. El rector de la instituci\u00f3n, Salvador Morales Riub\u00ed, explic\u00f3 que se trata del torneo emblema de la instituci\u00f3n, que pone a prueba las destrezas y conocimientos de estudiantes de las carreras de Ingenier\u00eda en Mecatr\u00f3nica e Ingenier\u00eda en Manufactura Aeron\u00e1utica. Indic\u00f3 que para la UTT es motivo de orgullo que estudiantes de otras instituciones educativas deseen participar, por el alto nivel de competencia que se practica, adem\u00e1s de que se oferta una bolsa cercana a los 130 mil pesos. \u201cEste es un escaparate de conocimiento y de las habilidades que pueden desarrollar. Es una oportunidad de demostrar que, en esta regi\u00f3n de M\u00e9xico que hace frontera con Estados Unidos, tenemos el talento amplio en calidad para decirle al exterior que estamos listos para enfrentar los avances tecnol\u00f3gicos\u201d, expres\u00f3. Morales Riub\u00ed destac\u00f3 tambi\u00e9n la convicci\u00f3n y el compromiso del personal docente para preparar a sus estudiantes, con la certeza de que van a demostrar lo aprendido y lo har\u00e1n en equipo y en un ambiente de sana competencia. Agradeci\u00f3 la presencia de la representante del Colegio de Ingenieros Mec\u00e1nicos y Electricistas, Ingeniera Mar\u00eda Antonieta Mej\u00eda Ram\u00edrez, as\u00ed como de la empresa Electr\u00f3n, patrocinadora del torneo, Iliana Alcocer Castillo, quienes han constatado el crecimiento que ha tenido este desaf\u00edo acad\u00e9mico. \u201cLlevamos 12 a\u00f1os contando con el apoyo de la iniciativa privada para la realizaci\u00f3n de este torneo. Empresas como Electr\u00f3n y como SMK, se han comprometido con nosotros, son ellos quienes vienen a dar fe de la formaci\u00f3n y el aprendizaje que reciben nuestras y nuestros estudiantes\u201d, mencion\u00f3. Este viernes continuar\u00e1n las competencias, que se desarrollar\u00e1n en las instalaciones de la Universidad Tecnol\u00f3gica de Tijuana (UTT), en las categor\u00edas Aeromodelismo y Thunderbot 25 kilogramos, la \u201cprueba reina\u201d; las actividades cerrar\u00e1n con la premiaci\u00f3n de las y los ganadores de las cuatro categor\u00edas.<\/p>\n","protected":false},"author":2,"featured_media":0,"parent":0,"menu_order":0,"comment_status":"closed","ping_status":"closed","template":"","meta":{"_monsterinsights_skip_tracking":false,"_monsterinsights_sitenote_active":false,"_monsterinsights_sitenote_note":"","_monsterinsights_sitenote_category":0,"_uf_show_specific_survey":0,"_uf_disable_surveys":false,"site-sidebar-layout":"no-sidebar","site-content-layout":"page-builder","ast-site-content-layout":"full-width-container","site-content-style":"default","site-sidebar-style":"default","ast-global-header-display":"","ast-banner-title-visibility":"","ast-main-header-display":"","ast-hfb-above-header-display":"","ast-hfb-below-header-display":"","ast-hfb-mobile-header-display":"","site-post-title":"disabled","ast-breadcrumbs-content":"","ast-featured-img":"disabled","footer-sml-layout":"","ast-disable-related-posts":"","theme-transparent-header-meta":"","adv-header-id-meta":"","stick-header-meta":"","header-above-stick-meta":"","header-main-stick-meta":"","header-below-stick-meta":"","astra-migrate-meta-layouts":"set","ast-page-background-enabled":"default","ast-page-background-meta":{"desktop":{"background-color":"","background-image":"","background-repeat":"repeat","background-position":"center center","background-size":"auto","background-attachment":"scroll","background-type":"","background-media":"","overlay-type":"","overlay-color":"","overlay-opacity":"","overlay-gradient":""},"tablet":{"background-color":"","background-image":"","background-repeat":"repeat","background-position":"center center","background-size":"auto","background-attachment":"scroll","background-type":"","background-media":"","overlay-type":"","overlay-color":"","overlay-opacity":"","overlay-gradient":""},"mobile":{"background-color":"","background-image":"","background-repeat":"repeat","background-position":"center center","background-size":"auto","background-attachment":"scroll","background-type":"","background-media":"","overlay-type":"","overlay-color":"","overlay-opacity":"","overlay-gradient":""}},"ast-content-background-meta":{"desktop":{"background-color":"var(--ast-global-color-5)","background-image":"","background-repeat":"repeat","background-position":"center center","background-size":"auto","background-attachment":"scroll","background-type":"","background-media":"","overlay-type":"","overlay-color":"","overlay-opacity":"","overlay-gradient":""},"tablet":{"background-color":"var(--ast-global-color-5)","background-image":"","background-repeat":"repeat","background-position":"center center","background-size":"auto","background-attachment":"scroll","background-type":"","background-media":"","overlay-type":"","overlay-color":"","overlay-opacity":"","overlay-gradient":""},"mobile":{"background-color":"var(--ast-global-color-5)","background-image":"","background-repeat":"repeat","background-position":"center center","background-size":"auto","background-attachment":"scroll","background-type":"","background-media":"","overlay-type":"","overlay-color":"","overlay-opacity":"","overlay-gradient":""}},"footnotes":""},"class_list":["post-14215","page","type-page","status-publish","hentry"],"_links":{"self":[{"href":"https:\/\/uttijuana.edu.mx\/index.php\/wp-json\/wp\/v2\/pages\/14215","targetHints":{"allow":["GET"]}}],"collection":[{"href":"https:\/\/uttijuana.edu.mx\/index.php\/wp-json\/wp\/v2\/pages"}],"about":[{"href":"https:\/\/uttijuana.edu.mx\/index.php\/wp-json\/wp\/v2\/types\/page"}],"author":[{"embeddable":true,"href":"https:\/\/uttijuana.edu.mx\/index.php\/wp-json\/wp\/v2\/users\/2"}],"replies":[{"embeddable":true,"href":"https:\/\/uttijuana.edu.mx\/index.php\/wp-json\/wp\/v2\/comments?post=14215"}],"version-history":[{"count":4,"href":"https:\/\/uttijuana.edu.mx\/index.php\/wp-json\/wp\/v2\/pages\/14215\/revisions"}],"predecessor-version":[{"id":14219,"href":"https:\/\/uttijuana.edu.mx\/index.php\/wp-json\/wp\/v2\/pages\/14215\/revisions\/14219"}],"wp:attachment":[{"href":"https:\/\/uttijuana.edu.mx\/index.php\/wp-json\/wp\/v2\/media?parent=14215"}],"curies":[{"name":"wp","href":"https:\/\/api.w.org\/{rel}","templated":true}]}}