{"id":14749,"date":"2024-07-04T18:45:19","date_gmt":"2024-07-04T18:45:19","guid":{"rendered":"https:\/\/uttijuana.edu.mx\/?page_id=14749"},"modified":"2024-07-04T18:52:50","modified_gmt":"2024-07-04T18:52:50","slug":"formalizan-convenio-de-colaboracion-utt-y-cespe","status":"publish","type":"page","link":"https:\/\/uttijuana.edu.mx\/index.php\/formalizan-convenio-de-colaboracion-utt-y-cespe\/","title":{"rendered":"FORMALIZAN CONVENIO DE COLABORACI\u00d3N UTT Y CESPE"},"content":{"rendered":"\t\t<div data-elementor-type=\"wp-page\" data-elementor-id=\"14749\" class=\"elementor elementor-14749\" data-elementor-post-type=\"page\">\n\t\t\t\t\t\t<section class=\"elementor-section elementor-top-section elementor-element elementor-element-21bef98 elementor-section-boxed elementor-section-height-default elementor-section-height-default wpr-particle-no wpr-jarallax-no wpr-parallax-no wpr-sticky-section-no\" data-id=\"21bef98\" data-element_type=\"section\">\n\t\t\t\t\t\t<div class=\"elementor-container elementor-column-gap-default\">\n\t\t\t\t\t<div class=\"elementor-column elementor-col-100 elementor-top-column elementor-element elementor-element-3678dbd4\" data-id=\"3678dbd4\" data-element_type=\"column\">\n\t\t\t<div class=\"elementor-widget-wrap elementor-element-populated\">\n\t\t\t\t\t\t<div class=\"elementor-element elementor-element-4fcae35d elementor-widget elementor-widget-heading\" data-id=\"4fcae35d\" data-element_type=\"widget\" data-widget_type=\"heading.default\">\n\t\t\t\t<div class=\"elementor-widget-container\">\n\t\t\t\t\t<h2 class=\"elementor-heading-title elementor-size-default\">FORMALIZAN CONVENIO DE COLABORACI\u00d3N UTT Y CESPE\n<\/h2>\t\t\t\t<\/div>\n\t\t\t\t<\/div>\n\t\t\t\t<div class=\"elementor-element elementor-element-1e62792a elementor-widget elementor-widget-image\" data-id=\"1e62792a\" data-element_type=\"widget\" data-widget_type=\"image.default\">\n\t\t\t\t<div class=\"elementor-widget-container\">\n\t\t\t\t\t\t\t\t\t\t\t\t\t\t\t<img fetchpriority=\"high\" decoding=\"async\" width=\"768\" height=\"602\" src=\"https:\/\/uttijuana.edu.mx\/wp-content\/uploads\/2024\/07\/FORMALIZAN-CONVENIO-DE-COLABORACION-UTT-Y-CESPE-1-768x602.jpeg\" class=\"attachment-medium_large size-medium_large wp-image-14748\" alt=\"\" srcset=\"https:\/\/uttijuana.edu.mx\/wp-content\/uploads\/2024\/07\/FORMALIZAN-CONVENIO-DE-COLABORACION-UTT-Y-CESPE-1-768x602.jpeg 768w, https:\/\/uttijuana.edu.mx\/wp-content\/uploads\/2024\/07\/FORMALIZAN-CONVENIO-DE-COLABORACION-UTT-Y-CESPE-1-300x235.jpeg 300w, https:\/\/uttijuana.edu.mx\/wp-content\/uploads\/2024\/07\/FORMALIZAN-CONVENIO-DE-COLABORACION-UTT-Y-CESPE-1-1024x803.jpeg 1024w, https:\/\/uttijuana.edu.mx\/wp-content\/uploads\/2024\/07\/FORMALIZAN-CONVENIO-DE-COLABORACION-UTT-Y-CESPE-1-1536x1204.jpeg 1536w, https:\/\/uttijuana.edu.mx\/wp-content\/uploads\/2024\/07\/FORMALIZAN-CONVENIO-DE-COLABORACION-UTT-Y-CESPE-1.jpeg 1600w\" sizes=\"(max-width: 768px) 100vw, 768px\" \/>\t\t\t\t\t\t\t\t\t\t\t\t\t\t\t<\/div>\n\t\t\t\t<\/div>\n\t\t\t\t<div class=\"elementor-element elementor-element-16969f97 elementor-widget elementor-widget-heading\" data-id=\"16969f97\" data-element_type=\"widget\" data-widget_type=\"heading.default\">\n\t\t\t\t<div class=\"elementor-widget-container\">\n\t\t\t\t\t<h5 class=\"elementor-heading-title elementor-size-medium\">Jueves, 4 de julio 2024\n\n <BLOCKQUOTE> *El rector y el titular de la CESPE llevaron a cabo un recorrido por la Unidad Acad\u00e9mica Ensenada <p><\/p>\n\nENSENADA.- La Universidad Tecnol\u00f3gica de Tijuana (UTT) y la Comisi\u00f3n Estatal de Servicios P\u00fablicos de Ensenada (CESPE), celebraron la firma de un acuerdo de colaboraci\u00f3n en materia acad\u00e9mica y de investigaci\u00f3n, con el objetivo de contribuir a la preservaci\u00f3n del medio ambiente. <p><\/p>\n\nEl rector, Mtro. Salvador Morales Riub\u00ed, agradeci\u00f3 al titular de la CESPE, Mtro. Alonso Centeno Hern\u00e1ndez, por atender la invitaci\u00f3n para reunirse en la Unidad Acad\u00e9mica Ensenada, ubicada en la delegaci\u00f3n Maneadero, a fin de exponerle algunas de las acciones que se han emprendido y realizar un recorrido por los laboratorios. <p><\/p>\n\nExplic\u00f3 que la Unidad Acad\u00e9mica Ensenada cuenta con docentes expertos en el \u00e1rea de Biotecnolog\u00eda, con las habilidades, conocimientos y equipo de laboratorio a su disposici\u00f3n, para llevar a cabo los estudios e investigaciones que la dependencia requiera en materia de saneamiento, tratamiento de aguas residuales, sistematizaci\u00f3n, entre otros.    <p><\/p>\n\nMorales Riub\u00ed mencion\u00f3 que la UTT es Entidad Certificadora del Consejo Nacional de Normalizaci\u00f3n y Certificaci\u00f3n de Competencias Laborales (CONOCER), por lo que se cuenta con un amplio cat\u00e1logo de cursos y certificaciones dirigidos al personal, tanto t\u00e9cnico como de atenci\u00f3n al p\u00fablico y del \u00e1rea de capacitaci\u00f3n. <p><\/p>\n\nPor su parte, el titular de la CESPE, Mtro. Alonso Centeno Hern\u00e1ndez, destac\u00f3 la labor que realiza la universidad tecnol\u00f3gica y constat\u00f3 el equipamiento con que se cuenta para el cumplimiento de los objetivos. <p><\/p>\n\nConfi\u00f3 en que esta alianza con UTT ser\u00e1 de gran apoyo para la dependencia a su cargo, por lo que analizar\u00e1n las \u00e1reas de oportunidad para iniciar con proyectos de colaboraci\u00f3n.  <p><\/p>\n\nComo parte de la visita a la Unidad Acad\u00e9mica Ensenada, se llev\u00f3 a cabo un recorrido por los laboratorios de Qu\u00edmica y de Microbiolog\u00eda, donde estudiantes de las Ingenier\u00edas en Biotecnolog\u00eda y en Procesos Bioalimentarios desarrollaban pr\u00e1cticas guiadas por sus docentes.  <p><\/p>\n\nEn la firma de convenio tambi\u00e9n participaron el encargado de despacho de la Secretar\u00eda Acad\u00e9mica de UTT, Dr. Juan Manuel Herrera Peregrina y el subdirector comercial de CESPE, Gerardo Sese\u00f1a Ortiz. <p><\/p>\n\nAl final, se ofreci\u00f3 una degustaci\u00f3n de diversos platillos preparados por estudiantes de la Licenciatura en Gastronom\u00eda. <p><\/p><\/h5>\t\t\t\t<\/div>\n\t\t\t\t<\/div>\n\t\t\t\t\t<\/div>\n\t\t<\/div>\n\t\t\t\t\t<\/div>\n\t\t<\/section>\n\t\t\t\t<section class=\"elementor-section elementor-top-section elementor-element elementor-element-8ce4b1a elementor-section-boxed elementor-section-height-default elementor-section-height-default wpr-particle-no wpr-jarallax-no wpr-parallax-no wpr-sticky-section-no\" data-id=\"8ce4b1a\" data-element_type=\"section\">\n\t\t\t\t\t\t<div class=\"elementor-container elementor-column-gap-default\">\n\t\t\t\t\t<div class=\"elementor-column elementor-col-100 elementor-top-column elementor-element elementor-element-f9f8641\" data-id=\"f9f8641\" data-element_type=\"column\">\n\t\t\t<div class=\"elementor-widget-wrap elementor-element-populated\">\n\t\t\t\t\t\t<div class=\"elementor-element elementor-element-e0250ff elementor-widget elementor-widget-image\" data-id=\"e0250ff\" data-element_type=\"widget\" data-widget_type=\"image.default\">\n\t\t\t\t<div class=\"elementor-widget-container\">\n\t\t\t\t\t\t\t\t\t\t\t\t\t\t\t<img decoding=\"async\" width=\"768\" height=\"576\" data-src=\"https:\/\/uttijuana.edu.mx\/wp-content\/uploads\/2024\/07\/FORMALIZAN-CONVENIO-DE-COLABORACION-UTT-Y-CESPE-2-768x576.jpeg\" class=\"attachment-medium_large size-medium_large wp-image-14747 lazyload\" alt=\"\" data-srcset=\"https:\/\/uttijuana.edu.mx\/wp-content\/uploads\/2024\/07\/FORMALIZAN-CONVENIO-DE-COLABORACION-UTT-Y-CESPE-2-768x576.jpeg 768w, https:\/\/uttijuana.edu.mx\/wp-content\/uploads\/2024\/07\/FORMALIZAN-CONVENIO-DE-COLABORACION-UTT-Y-CESPE-2-300x225.jpeg 300w, https:\/\/uttijuana.edu.mx\/wp-content\/uploads\/2024\/07\/FORMALIZAN-CONVENIO-DE-COLABORACION-UTT-Y-CESPE-2-1024x768.jpeg 1024w, https:\/\/uttijuana.edu.mx\/wp-content\/uploads\/2024\/07\/FORMALIZAN-CONVENIO-DE-COLABORACION-UTT-Y-CESPE-2-1536x1152.jpeg 1536w, https:\/\/uttijuana.edu.mx\/wp-content\/uploads\/2024\/07\/FORMALIZAN-CONVENIO-DE-COLABORACION-UTT-Y-CESPE-2.jpeg 1600w\" data-sizes=\"(max-width: 768px) 100vw, 768px\" src=\"data:image\/gif;base64,R0lGODlhAQABAAAAACH5BAEKAAEALAAAAAABAAEAAAICTAEAOw==\" style=\"--smush-placeholder-width: 768px; --smush-placeholder-aspect-ratio: 768\/576;\" \/>\t\t\t\t\t\t\t\t\t\t\t\t\t\t\t<\/div>\n\t\t\t\t<\/div>\n\t\t\t\t<div class=\"elementor-element elementor-element-3d75509 elementor-widget elementor-widget-spacer\" data-id=\"3d75509\" data-element_type=\"widget\" data-widget_type=\"spacer.default\">\n\t\t\t\t<div class=\"elementor-widget-container\">\n\t\t\t\t\t\t\t<div class=\"elementor-spacer\">\n\t\t\t<div class=\"elementor-spacer-inner\"><\/div>\n\t\t<\/div>\n\t\t\t\t\t\t<\/div>\n\t\t\t\t<\/div>\n\t\t\t\t\t<\/div>\n\t\t<\/div>\n\t\t\t\t\t<\/div>\n\t\t<\/section>\n\t\t\t\t<\/div>\n\t\t","protected":false},"excerpt":{"rendered":"<p>FORMALIZAN CONVENIO DE COLABORACI\u00d3N UTT Y CESPE Jueves, 4 de julio 2024 *El rector y el titular de la CESPE llevaron a cabo un recorrido por la Unidad Acad\u00e9mica Ensenada ENSENADA.- La Universidad Tecnol\u00f3gica de Tijuana (UTT) y la Comisi\u00f3n Estatal de Servicios P\u00fablicos de Ensenada (CESPE), celebraron la firma de un acuerdo de colaboraci\u00f3n en materia acad\u00e9mica y de investigaci\u00f3n, con el objetivo de contribuir a la preservaci\u00f3n del medio ambiente. El rector, Mtro. Salvador Morales Riub\u00ed, agradeci\u00f3 al titular de la CESPE, Mtro. Alonso Centeno Hern\u00e1ndez, por atender la invitaci\u00f3n para reunirse en la Unidad Acad\u00e9mica Ensenada, ubicada en la delegaci\u00f3n Maneadero, a fin de exponerle algunas de las acciones que se han emprendido y realizar un recorrido por los laboratorios. Explic\u00f3 que la Unidad Acad\u00e9mica Ensenada cuenta con docentes expertos en el \u00e1rea de Biotecnolog\u00eda, con las habilidades, conocimientos y equipo de laboratorio a su disposici\u00f3n, para llevar a cabo los estudios e investigaciones que la dependencia requiera en materia de saneamiento, tratamiento de aguas residuales, sistematizaci\u00f3n, entre otros. Morales Riub\u00ed mencion\u00f3 que la UTT es Entidad Certificadora del Consejo Nacional de Normalizaci\u00f3n y Certificaci\u00f3n de Competencias Laborales (CONOCER), por lo que se cuenta con un amplio cat\u00e1logo de cursos y certificaciones dirigidos al personal, tanto t\u00e9cnico como de atenci\u00f3n al p\u00fablico y del \u00e1rea de capacitaci\u00f3n. Por su parte, el titular de la CESPE, Mtro. Alonso Centeno Hern\u00e1ndez, destac\u00f3 la labor que realiza la universidad tecnol\u00f3gica y constat\u00f3 el equipamiento con que se cuenta para el cumplimiento de los objetivos. Confi\u00f3 en que esta alianza con UTT ser\u00e1 de gran apoyo para la dependencia a su cargo, por lo que analizar\u00e1n las \u00e1reas de oportunidad para iniciar con proyectos de colaboraci\u00f3n. Como parte de la visita a la Unidad Acad\u00e9mica Ensenada, se llev\u00f3 a cabo un recorrido por los laboratorios de Qu\u00edmica y de Microbiolog\u00eda, donde estudiantes de las Ingenier\u00edas en Biotecnolog\u00eda y en Procesos Bioalimentarios desarrollaban pr\u00e1cticas guiadas por sus docentes. En la firma de convenio tambi\u00e9n participaron el encargado de despacho de la Secretar\u00eda Acad\u00e9mica de UTT, Dr. Juan Manuel Herrera Peregrina y el subdirector comercial de CESPE, Gerardo Sese\u00f1a Ortiz. Al final, se ofreci\u00f3 una degustaci\u00f3n de diversos platillos preparados por estudiantes de la Licenciatura en Gastronom\u00eda.<\/p>\n","protected":false},"author":2,"featured_media":0,"parent":0,"menu_order":0,"comment_status":"closed","ping_status":"closed","template":"","meta":{"_monsterinsights_skip_tracking":false,"_monsterinsights_sitenote_active":false,"_monsterinsights_sitenote_note":"","_monsterinsights_sitenote_category":0,"_uf_show_specific_survey":0,"_uf_disable_surveys":false,"site-sidebar-layout":"no-sidebar","site-content-layout":"page-builder","ast-site-content-layout":"full-width-container","site-content-style":"default","site-sidebar-style":"default","ast-global-header-display":"","ast-banner-title-visibility":"","ast-main-header-display":"","ast-hfb-above-header-display":"","ast-hfb-below-header-display":"","ast-hfb-mobile-header-display":"","site-post-title":"disabled","ast-breadcrumbs-content":"","ast-featured-img":"disabled","footer-sml-layout":"","ast-disable-related-posts":"","theme-transparent-header-meta":"","adv-header-id-meta":"","stick-header-meta":"","header-above-stick-meta":"","header-main-stick-meta":"","header-below-stick-meta":"","astra-migrate-meta-layouts":"set","ast-page-background-enabled":"default","ast-page-background-meta":{"desktop":{"background-color":"","background-image":"","background-repeat":"repeat","background-position":"center center","background-size":"auto","background-attachment":"scroll","background-type":"","background-media":"","overlay-type":"","overlay-color":"","overlay-opacity":"","overlay-gradient":""},"tablet":{"background-color":"","background-image":"","background-repeat":"repeat","background-position":"center center","background-size":"auto","background-attachment":"scroll","background-type":"","background-media":"","overlay-type":"","overlay-color":"","overlay-opacity":"","overlay-gradient":""},"mobile":{"background-color":"","background-image":"","background-repeat":"repeat","background-position":"center center","background-size":"auto","background-attachment":"scroll","background-type":"","background-media":"","overlay-type":"","overlay-color":"","overlay-opacity":"","overlay-gradient":""}},"ast-content-background-meta":{"desktop":{"background-color":"var(--ast-global-color-5)","background-image":"","background-repeat":"repeat","background-position":"center center","background-size":"auto","background-attachment":"scroll","background-type":"","background-media":"","overlay-type":"","overlay-color":"","overlay-opacity":"","overlay-gradient":""},"tablet":{"background-color":"var(--ast-global-color-5)","background-image":"","background-repeat":"repeat","background-position":"center center","background-size":"auto","background-attachment":"scroll","background-type":"","background-media":"","overlay-type":"","overlay-color":"","overlay-opacity":"","overlay-gradient":""},"mobile":{"background-color":"var(--ast-global-color-5)","background-image":"","background-repeat":"repeat","background-position":"center center","background-size":"auto","background-attachment":"scroll","background-type":"","background-media":"","overlay-type":"","overlay-color":"","overlay-opacity":"","overlay-gradient":""}},"footnotes":""},"class_list":["post-14749","page","type-page","status-publish","hentry"],"_links":{"self":[{"href":"https:\/\/uttijuana.edu.mx\/index.php\/wp-json\/wp\/v2\/pages\/14749","targetHints":{"allow":["GET"]}}],"collection":[{"href":"https:\/\/uttijuana.edu.mx\/index.php\/wp-json\/wp\/v2\/pages"}],"about":[{"href":"https:\/\/uttijuana.edu.mx\/index.php\/wp-json\/wp\/v2\/types\/page"}],"author":[{"embeddable":true,"href":"https:\/\/uttijuana.edu.mx\/index.php\/wp-json\/wp\/v2\/users\/2"}],"replies":[{"embeddable":true,"href":"https:\/\/uttijuana.edu.mx\/index.php\/wp-json\/wp\/v2\/comments?post=14749"}],"version-history":[{"count":4,"href":"https:\/\/uttijuana.edu.mx\/index.php\/wp-json\/wp\/v2\/pages\/14749\/revisions"}],"predecessor-version":[{"id":14754,"href":"https:\/\/uttijuana.edu.mx\/index.php\/wp-json\/wp\/v2\/pages\/14749\/revisions\/14754"}],"wp:attachment":[{"href":"https:\/\/uttijuana.edu.mx\/index.php\/wp-json\/wp\/v2\/media?parent=14749"}],"curies":[{"name":"wp","href":"https:\/\/api.w.org\/{rel}","templated":true}]}}