{"id":14796,"date":"2024-07-10T21:20:34","date_gmt":"2024-07-10T21:20:34","guid":{"rendered":"https:\/\/uttijuana.edu.mx\/?page_id=14796"},"modified":"2024-07-10T21:24:31","modified_gmt":"2024-07-10T21:24:31","slug":"publica-utt-resultados-del-proceso-de-admision-2024","status":"publish","type":"page","link":"https:\/\/uttijuana.edu.mx\/index.php\/publica-utt-resultados-del-proceso-de-admision-2024\/","title":{"rendered":"PUBLICA UTT RESULTADOS DEL PROCESO DE ADMISI\u00d3N 2024"},"content":{"rendered":"\t\t<div data-elementor-type=\"wp-page\" data-elementor-id=\"14796\" class=\"elementor elementor-14796\" data-elementor-post-type=\"page\">\n\t\t\t\t\t\t<section class=\"elementor-section elementor-top-section elementor-element elementor-element-21bef98 elementor-section-boxed elementor-section-height-default elementor-section-height-default wpr-particle-no wpr-jarallax-no wpr-parallax-no wpr-sticky-section-no\" data-id=\"21bef98\" data-element_type=\"section\">\n\t\t\t\t\t\t<div class=\"elementor-container elementor-column-gap-default\">\n\t\t\t\t\t<div class=\"elementor-column elementor-col-100 elementor-top-column elementor-element elementor-element-3678dbd4\" data-id=\"3678dbd4\" data-element_type=\"column\">\n\t\t\t<div class=\"elementor-widget-wrap elementor-element-populated\">\n\t\t\t\t\t\t<div class=\"elementor-element elementor-element-4fcae35d elementor-widget elementor-widget-heading\" data-id=\"4fcae35d\" data-element_type=\"widget\" data-widget_type=\"heading.default\">\n\t\t\t\t<div class=\"elementor-widget-container\">\n\t\t\t\t\t<h2 class=\"elementor-heading-title elementor-size-default\">PUBLICA UTT RESULTADOS DEL PROCESO DE ADMISI\u00d3N 2024<\/h2>\t\t\t\t<\/div>\n\t\t\t\t<\/div>\n\t\t\t\t<div class=\"elementor-element elementor-element-1e62792a elementor-widget elementor-widget-image\" data-id=\"1e62792a\" data-element_type=\"widget\" data-widget_type=\"image.default\">\n\t\t\t\t<div class=\"elementor-widget-container\">\n\t\t\t\t\t\t\t\t\t\t\t\t\t\t\t<img fetchpriority=\"high\" decoding=\"async\" width=\"768\" height=\"509\" src=\"https:\/\/uttijuana.edu.mx\/wp-content\/uploads\/2024\/06\/APLICO-UTT-EXAMEN-DE-ADMISION-A-3-768x509.jpeg\" class=\"attachment-medium_large size-medium_large wp-image-14704\" alt=\"\" srcset=\"https:\/\/uttijuana.edu.mx\/wp-content\/uploads\/2024\/06\/APLICO-UTT-EXAMEN-DE-ADMISION-A-3-768x509.jpeg 768w, https:\/\/uttijuana.edu.mx\/wp-content\/uploads\/2024\/06\/APLICO-UTT-EXAMEN-DE-ADMISION-A-3-300x199.jpeg 300w, https:\/\/uttijuana.edu.mx\/wp-content\/uploads\/2024\/06\/APLICO-UTT-EXAMEN-DE-ADMISION-A-3-1024x678.jpeg 1024w, https:\/\/uttijuana.edu.mx\/wp-content\/uploads\/2024\/06\/APLICO-UTT-EXAMEN-DE-ADMISION-A-3.jpeg 1433w\" sizes=\"(max-width: 768px) 100vw, 768px\" \/>\t\t\t\t\t\t\t\t\t\t\t\t\t\t\t<\/div>\n\t\t\t\t<\/div>\n\t\t\t\t<div class=\"elementor-element elementor-element-16969f97 elementor-widget elementor-widget-heading\" data-id=\"16969f97\" data-element_type=\"widget\" data-widget_type=\"heading.default\">\n\t\t\t\t<div class=\"elementor-widget-container\">\n\t\t\t\t\t<h5 class=\"elementor-heading-title elementor-size-medium\">Jueves, 4 de julio 2024\n\n <BLOCKQUOTE> *El rector, Mtro. Salvador Morales Riub\u00ed, destac\u00f3 la respuesta obtenida para conformar la primera generaci\u00f3n de Lic. en Gastronom\u00eda <p><\/p>\n\nTIJUANA.- En cumplimiento a lo establecido en la Convocatoria de Nuevo Ingreso 2024, la Universidad Tecnol\u00f3gica de Tijuana (UTT) dio a conocer el resultado del examen de admisi\u00f3n y diagn\u00f3stico, en el que fueron seleccionados cerca de dos mil aspirantes.<p><\/p>\n\n\nEl rector, Mtro. Salvador Morales Riub\u00ed, resalt\u00f3 el inter\u00e9s mostrado por las y los reci\u00e9n egresados de preparatoria desde que se lanz\u00f3 la convocatoria en febrero pasado y durante todo el proceso, que concluy\u00f3 con la aplicaci\u00f3n del examen el pasado 21 de junio.<p><\/p>\n\n\nMencion\u00f3 que en la presente convocatoria se ofert\u00f3 por primera vez en el campus Tijuana la Licenciatura en Gastronom\u00eda, que tuvo una excelente respuesta.<p><\/p>\n\n\n\u201cLa meta era contar con cuatro grupos en la primera generaci\u00f3n de Gastronom\u00eda, es decir con 100 espacios, pero por la demanda que tuvimos tomamos la decisi\u00f3n de abrir un grupo m\u00e1s y ya tenemos seleccionados a 130 estudiantes\u201d, expres\u00f3.<p><\/p>\n\n\nIndic\u00f3 que la instituci\u00f3n ha hecho un gran esfuerzo para ampliar la matr\u00edcula a\u00f1o con a\u00f1o, a fin de que m\u00e1s aspirantes tengan la oportunidad de recibir formaci\u00f3n profesional alineada a la demanda laboral, con planes de estudios actualizados y bajo un modelo 70 por ciento pr\u00e1ctico, 30 por ciento te\u00f3rico.<p><\/p>\n\n\n\u201cSeguiremos haciendo las gestiones necesarias, en la presente y en las pr\u00f3ximas convocatorias, para abrir nuevos espacios, y estamos analizando de la mano del sector productivo qu\u00e9 nuevas carreras podemos ofertar. Nuestros planes de estudios est\u00e1n pasando por un proceso de actualizaci\u00f3n muy importante y nos estamos preparando para ello\u201d, expres\u00f3.<p><\/p>\n\n\nMorales Riub\u00ed coment\u00f3 que, a lo largo del a\u00f1o, la Universidad Tecnol\u00f3gica de Tijuana asiste a ferias educativas organizadas por las preparatorias de todos los subsistemas, adem\u00e1s de que recibe visitas guiadas para que las y los aspirantes de todo el estado puedan conocer los laboratorios y las instalaciones.<p><\/p>\n\n\nAfirm\u00f3 que el esfuerzo que se realiza para sostener y elevar la calidad educativa, y para mantenerse como la universidad mejor vinculada con el sector productivo, favorece no solo a las y los alumnos que est\u00e1n matriculados actualmente, sino tambi\u00e9n a las pr\u00f3ximas generaciones.<p><\/p>\n\n\nLos resultados pueden consultarse en el portal www.uttijuana.edu.mx. El proceso de inscripci\u00f3n se llevar\u00e1 a cabo del 15 al 19 de julio, mientras que el curso de inducci\u00f3n ser\u00e1 del 29 de julio al 12 de agosto.<p><\/p>\n\n\nEl inicio del cuatrimestre est\u00e1 programado para el 26 de agosto, con una matr\u00edcula total estimada de cinco mil estudiantes.<p><\/p>\n\n\nCabe mencionar que la convocatoria de nuevo ingreso sigue abierta para la Unidad Acad\u00e9mica Ensenada.<p><\/p>\n<\/h5>\t\t\t\t<\/div>\n\t\t\t\t<\/div>\n\t\t\t\t\t<\/div>\n\t\t<\/div>\n\t\t\t\t\t<\/div>\n\t\t<\/section>\n\t\t\t\t<section class=\"elementor-section elementor-top-section elementor-element elementor-element-044f56e elementor-section-boxed elementor-section-height-default elementor-section-height-default wpr-particle-no wpr-jarallax-no wpr-parallax-no wpr-sticky-section-no\" data-id=\"044f56e\" data-element_type=\"section\">\n\t\t\t\t\t\t<div class=\"elementor-container elementor-column-gap-default\">\n\t\t\t\t\t<div class=\"elementor-column elementor-col-50 elementor-top-column elementor-element elementor-element-63519a5\" data-id=\"63519a5\" data-element_type=\"column\">\n\t\t\t<div class=\"elementor-widget-wrap elementor-element-populated\">\n\t\t\t\t\t\t<div class=\"elementor-element elementor-element-7e9c560 elementor-widget elementor-widget-image\" data-id=\"7e9c560\" data-element_type=\"widget\" data-widget_type=\"image.default\">\n\t\t\t\t<div class=\"elementor-widget-container\">\n\t\t\t\t\t\t\t\t\t\t\t\t\t\t\t<img decoding=\"async\" width=\"1024\" height=\"683\" data-src=\"https:\/\/uttijuana.edu.mx\/wp-content\/uploads\/2024\/07\/WhatsApp-Image-2024-07-10-at-1.44.47-PM-1024x683.jpeg\" class=\"attachment-large size-large wp-image-14795 lazyload\" alt=\"\" data-srcset=\"https:\/\/uttijuana.edu.mx\/wp-content\/uploads\/2024\/07\/WhatsApp-Image-2024-07-10-at-1.44.47-PM-1024x683.jpeg 1024w, https:\/\/uttijuana.edu.mx\/wp-content\/uploads\/2024\/07\/WhatsApp-Image-2024-07-10-at-1.44.47-PM-300x200.jpeg 300w, https:\/\/uttijuana.edu.mx\/wp-content\/uploads\/2024\/07\/WhatsApp-Image-2024-07-10-at-1.44.47-PM-768x512.jpeg 768w, https:\/\/uttijuana.edu.mx\/wp-content\/uploads\/2024\/07\/WhatsApp-Image-2024-07-10-at-1.44.47-PM-1536x1024.jpeg 1536w, https:\/\/uttijuana.edu.mx\/wp-content\/uploads\/2024\/07\/WhatsApp-Image-2024-07-10-at-1.44.47-PM.jpeg 1600w\" data-sizes=\"(max-width: 1024px) 100vw, 1024px\" src=\"data:image\/gif;base64,R0lGODlhAQABAAAAACH5BAEKAAEALAAAAAABAAEAAAICTAEAOw==\" style=\"--smush-placeholder-width: 1024px; --smush-placeholder-aspect-ratio: 1024\/683;\" \/>\t\t\t\t\t\t\t\t\t\t\t\t\t\t\t<\/div>\n\t\t\t\t<\/div>\n\t\t\t\t<div class=\"elementor-element elementor-element-d92d3fd elementor-widget elementor-widget-spacer\" data-id=\"d92d3fd\" data-element_type=\"widget\" data-widget_type=\"spacer.default\">\n\t\t\t\t<div class=\"elementor-widget-container\">\n\t\t\t\t\t\t\t<div class=\"elementor-spacer\">\n\t\t\t<div class=\"elementor-spacer-inner\"><\/div>\n\t\t<\/div>\n\t\t\t\t\t\t<\/div>\n\t\t\t\t<\/div>\n\t\t\t\t\t<\/div>\n\t\t<\/div>\n\t\t\t\t<div class=\"elementor-column elementor-col-50 elementor-top-column elementor-element elementor-element-6bbf121\" data-id=\"6bbf121\" data-element_type=\"column\">\n\t\t\t<div class=\"elementor-widget-wrap elementor-element-populated\">\n\t\t\t\t\t\t<div class=\"elementor-element elementor-element-f73a463 elementor-widget elementor-widget-image\" data-id=\"f73a463\" data-element_type=\"widget\" data-widget_type=\"image.default\">\n\t\t\t\t<div class=\"elementor-widget-container\">\n\t\t\t\t\t\t\t\t\t\t\t\t\t\t\t<img decoding=\"async\" width=\"1024\" height=\"682\" data-src=\"https:\/\/uttijuana.edu.mx\/wp-content\/uploads\/2024\/06\/APLICO-UTT-EXAMEN-DE-ADMISION-2-1024x682.jpeg\" class=\"attachment-large size-large wp-image-14705 lazyload\" alt=\"\" data-srcset=\"https:\/\/uttijuana.edu.mx\/wp-content\/uploads\/2024\/06\/APLICO-UTT-EXAMEN-DE-ADMISION-2-1024x682.jpeg 1024w, https:\/\/uttijuana.edu.mx\/wp-content\/uploads\/2024\/06\/APLICO-UTT-EXAMEN-DE-ADMISION-2-300x200.jpeg 300w, https:\/\/uttijuana.edu.mx\/wp-content\/uploads\/2024\/06\/APLICO-UTT-EXAMEN-DE-ADMISION-2-768x512.jpeg 768w, https:\/\/uttijuana.edu.mx\/wp-content\/uploads\/2024\/06\/APLICO-UTT-EXAMEN-DE-ADMISION-2-1536x1023.jpeg 1536w, https:\/\/uttijuana.edu.mx\/wp-content\/uploads\/2024\/06\/APLICO-UTT-EXAMEN-DE-ADMISION-2.jpeg 1600w\" data-sizes=\"(max-width: 1024px) 100vw, 1024px\" src=\"data:image\/gif;base64,R0lGODlhAQABAAAAACH5BAEKAAEALAAAAAABAAEAAAICTAEAOw==\" style=\"--smush-placeholder-width: 1024px; --smush-placeholder-aspect-ratio: 1024\/682;\" \/>\t\t\t\t\t\t\t\t\t\t\t\t\t\t\t<\/div>\n\t\t\t\t<\/div>\n\t\t\t\t\t<\/div>\n\t\t<\/div>\n\t\t\t\t\t<\/div>\n\t\t<\/section>\n\t\t\t\t<\/div>\n\t\t","protected":false},"excerpt":{"rendered":"<p>PUBLICA UTT RESULTADOS DEL PROCESO DE ADMISI\u00d3N 2024 Jueves, 4 de julio 2024 *El rector, Mtro. Salvador Morales Riub\u00ed, destac\u00f3 la respuesta obtenida para conformar la primera generaci\u00f3n de Lic. en Gastronom\u00eda TIJUANA.- En cumplimiento a lo establecido en la Convocatoria de Nuevo Ingreso 2024, la Universidad Tecnol\u00f3gica de Tijuana (UTT) dio a conocer el resultado del examen de admisi\u00f3n y diagn\u00f3stico, en el que fueron seleccionados cerca de dos mil aspirantes. El rector, Mtro. Salvador Morales Riub\u00ed, resalt\u00f3 el inter\u00e9s mostrado por las y los reci\u00e9n egresados de preparatoria desde que se lanz\u00f3 la convocatoria en febrero pasado y durante todo el proceso, que concluy\u00f3 con la aplicaci\u00f3n del examen el pasado 21 de junio. Mencion\u00f3 que en la presente convocatoria se ofert\u00f3 por primera vez en el campus Tijuana la Licenciatura en Gastronom\u00eda, que tuvo una excelente respuesta. \u201cLa meta era contar con cuatro grupos en la primera generaci\u00f3n de Gastronom\u00eda, es decir con 100 espacios, pero por la demanda que tuvimos tomamos la decisi\u00f3n de abrir un grupo m\u00e1s y ya tenemos seleccionados a 130 estudiantes\u201d, expres\u00f3. Indic\u00f3 que la instituci\u00f3n ha hecho un gran esfuerzo para ampliar la matr\u00edcula a\u00f1o con a\u00f1o, a fin de que m\u00e1s aspirantes tengan la oportunidad de recibir formaci\u00f3n profesional alineada a la demanda laboral, con planes de estudios actualizados y bajo un modelo 70 por ciento pr\u00e1ctico, 30 por ciento te\u00f3rico. \u201cSeguiremos haciendo las gestiones necesarias, en la presente y en las pr\u00f3ximas convocatorias, para abrir nuevos espacios, y estamos analizando de la mano del sector productivo qu\u00e9 nuevas carreras podemos ofertar. Nuestros planes de estudios est\u00e1n pasando por un proceso de actualizaci\u00f3n muy importante y nos estamos preparando para ello\u201d, expres\u00f3. Morales Riub\u00ed coment\u00f3 que, a lo largo del a\u00f1o, la Universidad Tecnol\u00f3gica de Tijuana asiste a ferias educativas organizadas por las preparatorias de todos los subsistemas, adem\u00e1s de que recibe visitas guiadas para que las y los aspirantes de todo el estado puedan conocer los laboratorios y las instalaciones. Afirm\u00f3 que el esfuerzo que se realiza para sostener y elevar la calidad educativa, y para mantenerse como la universidad mejor vinculada con el sector productivo, favorece no solo a las y los alumnos que est\u00e1n matriculados actualmente, sino tambi\u00e9n a las pr\u00f3ximas generaciones. Los resultados pueden consultarse en el portal www.uttijuana.edu.mx. El proceso de inscripci\u00f3n se llevar\u00e1 a cabo del 15 al 19 de julio, mientras que el curso de inducci\u00f3n ser\u00e1 del 29 de julio al 12 de agosto. El inicio del cuatrimestre est\u00e1 programado para el 26 de agosto, con una matr\u00edcula total estimada de cinco mil estudiantes. Cabe mencionar que la convocatoria de nuevo ingreso sigue abierta para la Unidad Acad\u00e9mica Ensenada.<\/p>\n","protected":false},"author":2,"featured_media":0,"parent":0,"menu_order":0,"comment_status":"closed","ping_status":"closed","template":"","meta":{"_monsterinsights_skip_tracking":false,"_monsterinsights_sitenote_active":false,"_monsterinsights_sitenote_note":"","_monsterinsights_sitenote_category":0,"_uf_show_specific_survey":0,"_uf_disable_surveys":false,"site-sidebar-layout":"no-sidebar","site-content-layout":"page-builder","ast-site-content-layout":"full-width-container","site-content-style":"default","site-sidebar-style":"default","ast-global-header-display":"","ast-banner-title-visibility":"","ast-main-header-display":"","ast-hfb-above-header-display":"","ast-hfb-below-header-display":"","ast-hfb-mobile-header-display":"","site-post-title":"disabled","ast-breadcrumbs-content":"","ast-featured-img":"disabled","footer-sml-layout":"","ast-disable-related-posts":"","theme-transparent-header-meta":"","adv-header-id-meta":"","stick-header-meta":"","header-above-stick-meta":"","header-main-stick-meta":"","header-below-stick-meta":"","astra-migrate-meta-layouts":"set","ast-page-background-enabled":"default","ast-page-background-meta":{"desktop":{"background-color":"","background-image":"","background-repeat":"repeat","background-position":"center center","background-size":"auto","background-attachment":"scroll","background-type":"","background-media":"","overlay-type":"","overlay-color":"","overlay-opacity":"","overlay-gradient":""},"tablet":{"background-color":"","background-image":"","background-repeat":"repeat","background-position":"center center","background-size":"auto","background-attachment":"scroll","background-type":"","background-media":"","overlay-type":"","overlay-color":"","overlay-opacity":"","overlay-gradient":""},"mobile":{"background-color":"","background-image":"","background-repeat":"repeat","background-position":"center center","background-size":"auto","background-attachment":"scroll","background-type":"","background-media":"","overlay-type":"","overlay-color":"","overlay-opacity":"","overlay-gradient":""}},"ast-content-background-meta":{"desktop":{"background-color":"var(--ast-global-color-5)","background-image":"","background-repeat":"repeat","background-position":"center center","background-size":"auto","background-attachment":"scroll","background-type":"","background-media":"","overlay-type":"","overlay-color":"","overlay-opacity":"","overlay-gradient":""},"tablet":{"background-color":"var(--ast-global-color-5)","background-image":"","background-repeat":"repeat","background-position":"center center","background-size":"auto","background-attachment":"scroll","background-type":"","background-media":"","overlay-type":"","overlay-color":"","overlay-opacity":"","overlay-gradient":""},"mobile":{"background-color":"var(--ast-global-color-5)","background-image":"","background-repeat":"repeat","background-position":"center center","background-size":"auto","background-attachment":"scroll","background-type":"","background-media":"","overlay-type":"","overlay-color":"","overlay-opacity":"","overlay-gradient":""}},"footnotes":""},"class_list":["post-14796","page","type-page","status-publish","hentry"],"_links":{"self":[{"href":"https:\/\/uttijuana.edu.mx\/index.php\/wp-json\/wp\/v2\/pages\/14796","targetHints":{"allow":["GET"]}}],"collection":[{"href":"https:\/\/uttijuana.edu.mx\/index.php\/wp-json\/wp\/v2\/pages"}],"about":[{"href":"https:\/\/uttijuana.edu.mx\/index.php\/wp-json\/wp\/v2\/types\/page"}],"author":[{"embeddable":true,"href":"https:\/\/uttijuana.edu.mx\/index.php\/wp-json\/wp\/v2\/users\/2"}],"replies":[{"embeddable":true,"href":"https:\/\/uttijuana.edu.mx\/index.php\/wp-json\/wp\/v2\/comments?post=14796"}],"version-history":[{"count":4,"href":"https:\/\/uttijuana.edu.mx\/index.php\/wp-json\/wp\/v2\/pages\/14796\/revisions"}],"predecessor-version":[{"id":14800,"href":"https:\/\/uttijuana.edu.mx\/index.php\/wp-json\/wp\/v2\/pages\/14796\/revisions\/14800"}],"wp:attachment":[{"href":"https:\/\/uttijuana.edu.mx\/index.php\/wp-json\/wp\/v2\/media?parent=14796"}],"curies":[{"name":"wp","href":"https:\/\/api.w.org\/{rel}","templated":true}]}}