{"id":15035,"date":"2024-08-14T22:23:27","date_gmt":"2024-08-14T22:23:27","guid":{"rendered":"https:\/\/uttijuana.edu.mx\/?page_id=15035"},"modified":"2024-08-21T20:34:56","modified_gmt":"2024-08-21T20:34:56","slug":"cumple-utt-26-anos-de-formar-profesionistas-y-de-construir-historias-de-exito","status":"publish","type":"page","link":"https:\/\/uttijuana.edu.mx\/index.php\/cumple-utt-26-anos-de-formar-profesionistas-y-de-construir-historias-de-exito\/","title":{"rendered":"CUMPLE UTT 26 A\u00d1OS DE FORMAR PROFESIONISTAS Y DE CONSTRUIR HISTORIAS DE \u00c9XITO"},"content":{"rendered":"\t\t<div data-elementor-type=\"wp-page\" data-elementor-id=\"15035\" class=\"elementor elementor-15035\" data-elementor-post-type=\"page\">\n\t\t\t\t\t\t<section class=\"elementor-section elementor-top-section elementor-element elementor-element-3894c10b elementor-section-boxed elementor-section-height-default elementor-section-height-default wpr-particle-no wpr-jarallax-no wpr-parallax-no wpr-sticky-section-no\" data-id=\"3894c10b\" data-element_type=\"section\">\n\t\t\t\t\t\t<div class=\"elementor-container elementor-column-gap-default\">\n\t\t\t\t\t<div class=\"elementor-column elementor-col-100 elementor-top-column elementor-element elementor-element-32873d70\" data-id=\"32873d70\" data-element_type=\"column\">\n\t\t\t<div class=\"elementor-widget-wrap elementor-element-populated\">\n\t\t\t\t\t\t<div class=\"elementor-element elementor-element-1d198b39 elementor-widget elementor-widget-heading\" data-id=\"1d198b39\" data-element_type=\"widget\" data-widget_type=\"heading.default\">\n\t\t\t\t<div class=\"elementor-widget-container\">\n\t\t\t\t\t<h2 class=\"elementor-heading-title elementor-size-default\">CUMPLE UTT 26 A\u00d1OS DE FORMAR PROFESIONISTAS Y DE CONSTRUIR HISTORIAS DE \u00c9XITO <\/h2>\t\t\t\t<\/div>\n\t\t\t\t<\/div>\n\t\t\t\t<div class=\"elementor-element elementor-element-11f5022 elementor-widget elementor-widget-image\" data-id=\"11f5022\" data-element_type=\"widget\" data-widget_type=\"image.default\">\n\t\t\t\t<div class=\"elementor-widget-container\">\n\t\t\t\t\t\t\t\t\t\t\t\t\t\t\t<img fetchpriority=\"high\" decoding=\"async\" width=\"768\" height=\"512\" src=\"https:\/\/uttijuana.edu.mx\/wp-content\/uploads\/2024\/08\/26-aniversario-1-768x512.jpeg\" class=\"attachment-medium_large size-medium_large wp-image-15043\" alt=\"\" srcset=\"https:\/\/uttijuana.edu.mx\/wp-content\/uploads\/2024\/08\/26-aniversario-1-768x512.jpeg 768w, https:\/\/uttijuana.edu.mx\/wp-content\/uploads\/2024\/08\/26-aniversario-1-300x200.jpeg 300w, https:\/\/uttijuana.edu.mx\/wp-content\/uploads\/2024\/08\/26-aniversario-1-1024x682.jpeg 1024w, https:\/\/uttijuana.edu.mx\/wp-content\/uploads\/2024\/08\/26-aniversario-1-1536x1023.jpeg 1536w, https:\/\/uttijuana.edu.mx\/wp-content\/uploads\/2024\/08\/26-aniversario-1.jpeg 1600w\" sizes=\"(max-width: 768px) 100vw, 768px\" \/>\t\t\t\t\t\t\t\t\t\t\t\t\t\t\t<\/div>\n\t\t\t\t<\/div>\n\t\t\t\t<div class=\"elementor-element elementor-element-54d38dc elementor-widget elementor-widget-heading\" data-id=\"54d38dc\" data-element_type=\"widget\" data-widget_type=\"heading.default\">\n\t\t\t\t<div class=\"elementor-widget-container\">\n\t\t\t\t\t<h5 class=\"elementor-heading-title elementor-size-default\">Tijuana, Baja California a 14 de agosto 2024<\/h5>\t\t\t\t<\/div>\n\t\t\t\t<\/div>\n\t\t\t\t<div class=\"elementor-element elementor-element-61b554f1 elementor-widget elementor-widget-heading\" data-id=\"61b554f1\" data-element_type=\"widget\" data-widget_type=\"heading.default\">\n\t\t\t\t<div class=\"elementor-widget-container\">\n\t\t\t\t\t<h5 class=\"elementor-heading-title elementor-size-medium\"><blockquote>\u2022 El rector destac\u00f3 que 8 de cada 10 estudiantes de UTT se han convertido en el primer miembro de su familia en ingresar a una universidad<p><\/p>\n\nTIJUANA.- La Universidad Tecnol\u00f3gica de Tijuana (UTT) celebr\u00f3 26 a\u00f1os de su fundaci\u00f3n con una ceremonia conmemorativa, donde se  reconoci\u00f3 el esfuerzo del personal docente y administrativo, as\u00ed como los logros alcanzados por las y los egresados, para posicionar a la instituci\u00f3n en el sector productivo e industrial.<p><\/p>\n\nEl rector, Mtro. Salvador Morales Riub\u00ed, expres\u00f3 frente al personal docente y administrativo, estudiantes, egresadas y egresados, que esta fecha es muy simb\u00f3lica, pues permite hacer un recuento de la historia y definir el rumbo de la universidad.<p><\/p>\n\n\u201cPueden sentirse orgullosos de que, desde su \u00e1rea de responsabilidad, contribuyen a que nuestras y nuestros egresados sean hoy, protagonistas de historias de \u00e9xito\u201d, asegur\u00f3.<p><\/p>\n\nIndic\u00f3 que la Universidad Tecnol\u00f3gica de Tijuana atraviesa por un momento de grandes desaf\u00edos, ya que las carreras y sus planes de estudios est\u00e1n siendo actualizados, conforme al modelo de la Nueva Escuela Mexicana, que se basa en la educaci\u00f3n humanista, cient\u00edfica y tecnol\u00f3gica.<p><\/p>\n\n\u201cNos estamos preparando para enfrentar esta transformaci\u00f3n con gran responsabilidad, para responder a la exigencia de los nuevos tiempos y transitar hacia la sociedad del conocimiento y la informaci\u00f3n\u201d, pronunci\u00f3.<p><\/p>\n\nA las empresas aliadas, que abren sus puertas a estudiantes para la realizaci\u00f3n de Estad\u00edas, les asegur\u00f3 que la universidad tambi\u00e9n est\u00e1 atenta a los cambios y avances que registra el sector industrial, para seguir formando profesionistas con dominio de las nuevas tecnolog\u00edas.<p><\/p>\n\n\u201cAl menos 8 de cada 10 de nuestros estudiantes, llegaron aqu\u00ed siendo el primer miembro de su familia con acceso a estudiar una carrera universitaria, por eso tiene mucho valor para nosotros saber que los han arropado, y que su talento es reconocido mediante un buen puesto y una justa remuneraci\u00f3n\u201d, indic\u00f3.<p><\/p>\n\nEl rector expres\u00f3 su agradecimiento a la gobernadora, Marina del Pilar Avila Olmeda, por el respaldo y la confianza brindados desde que lo postul\u00f3 para dirigir a esta noble instituci\u00f3n, que tiene un impacto social muy grande en la vida de cientos de familias.  <p><\/p>\n\nTambi\u00e9n agradeci\u00f3 a la Mtra. Marlenne Mendoza Gonz\u00e1lez, directora del Subsistema de Universidades Tecnol\u00f3gicas y Polit\u00e9cnicas, por su apoyo y por tener siempre presente a la UTT.<p><\/p>\n \nLa directora de Innovaci\u00f3n y Tecnolog\u00eda de la Secretar\u00eda de Econom\u00eda e Innovaci\u00f3n del Estado, Mtra. Dulce Bereniss Rodr\u00edguez L\u00f3pez, resalt\u00f3 que la Universidad Tecnol\u00f3gica de Tijuana ha sido una gran aliada en las giras de promoci\u00f3n, donde uno de los temas de inter\u00e9s es la formaci\u00f3n de talento.<p><\/p>\n\n\u201cEntendemos que el talento es el motor que mueve a Baja California\u201d, indic\u00f3, \u201cpor eso las instituciones educativas han sido un pilar fundamental en esta estrategia, y particularmente la Universidad Tecnol\u00f3gica de Tijuana, ha sido un gran aliado\u201d.<p><\/p>\n\nDurante la ceremonia se hizo entrega de reconocimientos a personal docente y administrativo que cumpli\u00f3 entre 10 y 25 a\u00f1os al servicio de la instituci\u00f3n.<p><\/p>\n\nTambi\u00e9n se proyect\u00f3 un video con testimoniales de egresados de \u00e9xito, que est\u00e1n colocados en empresas reconocidas, quienes expresaron el orgullo de haber elegido a la Universidad Tecnol\u00f3gica de Tijuana para recibir formaci\u00f3n profesional.<p><\/p><\/h5>\t\t\t\t<\/div>\n\t\t\t\t<\/div>\n\t\t\t\t\t<\/div>\n\t\t<\/div>\n\t\t\t\t\t<\/div>\n\t\t<\/section>\n\t\t\t\t<section class=\"elementor-section elementor-top-section elementor-element elementor-element-5808078 elementor-section-boxed elementor-section-height-default elementor-section-height-default wpr-particle-no wpr-jarallax-no wpr-parallax-no wpr-sticky-section-no\" data-id=\"5808078\" data-element_type=\"section\">\n\t\t\t\t\t\t<div class=\"elementor-container elementor-column-gap-default\">\n\t\t\t\t\t<div class=\"elementor-column elementor-col-33 elementor-top-column elementor-element elementor-element-7e2949e\" data-id=\"7e2949e\" data-element_type=\"column\">\n\t\t\t<div class=\"elementor-widget-wrap elementor-element-populated\">\n\t\t\t\t\t\t<div class=\"elementor-element elementor-element-84ef6cc elementor-widget elementor-widget-image\" data-id=\"84ef6cc\" data-element_type=\"widget\" data-widget_type=\"image.default\">\n\t\t\t\t<div class=\"elementor-widget-container\">\n\t\t\t\t\t\t\t\t\t\t\t\t\t\t\t<img decoding=\"async\" width=\"1024\" height=\"682\" data-src=\"https:\/\/uttijuana.edu.mx\/wp-content\/uploads\/2024\/08\/26-aniversario-2-1024x682.jpeg\" class=\"attachment-large size-large wp-image-15042 lazyload\" alt=\"\" data-srcset=\"https:\/\/uttijuana.edu.mx\/wp-content\/uploads\/2024\/08\/26-aniversario-2-1024x682.jpeg 1024w, https:\/\/uttijuana.edu.mx\/wp-content\/uploads\/2024\/08\/26-aniversario-2-300x200.jpeg 300w, https:\/\/uttijuana.edu.mx\/wp-content\/uploads\/2024\/08\/26-aniversario-2-768x512.jpeg 768w, https:\/\/uttijuana.edu.mx\/wp-content\/uploads\/2024\/08\/26-aniversario-2-1536x1023.jpeg 1536w, https:\/\/uttijuana.edu.mx\/wp-content\/uploads\/2024\/08\/26-aniversario-2.jpeg 1600w\" data-sizes=\"(max-width: 1024px) 100vw, 1024px\" src=\"data:image\/gif;base64,R0lGODlhAQABAAAAACH5BAEKAAEALAAAAAABAAEAAAICTAEAOw==\" style=\"--smush-placeholder-width: 1024px; --smush-placeholder-aspect-ratio: 1024\/682;\" \/>\t\t\t\t\t\t\t\t\t\t\t\t\t\t\t<\/div>\n\t\t\t\t<\/div>\n\t\t\t\t\t<\/div>\n\t\t<\/div>\n\t\t\t\t<div class=\"elementor-column elementor-col-33 elementor-top-column elementor-element elementor-element-256f8e0\" data-id=\"256f8e0\" data-element_type=\"column\">\n\t\t\t<div class=\"elementor-widget-wrap elementor-element-populated\">\n\t\t\t\t\t\t<div class=\"elementor-element elementor-element-230fdc1 elementor-widget elementor-widget-image\" data-id=\"230fdc1\" data-element_type=\"widget\" data-widget_type=\"image.default\">\n\t\t\t\t<div class=\"elementor-widget-container\">\n\t\t\t\t\t\t\t\t\t\t\t\t\t\t\t<img decoding=\"async\" width=\"1024\" height=\"683\" data-src=\"https:\/\/uttijuana.edu.mx\/wp-content\/uploads\/2024\/08\/26-aniversario-3-1024x683.jpeg\" class=\"attachment-large size-large wp-image-15041 lazyload\" alt=\"\" data-srcset=\"https:\/\/uttijuana.edu.mx\/wp-content\/uploads\/2024\/08\/26-aniversario-3-1024x683.jpeg 1024w, https:\/\/uttijuana.edu.mx\/wp-content\/uploads\/2024\/08\/26-aniversario-3-300x200.jpeg 300w, https:\/\/uttijuana.edu.mx\/wp-content\/uploads\/2024\/08\/26-aniversario-3-768x512.jpeg 768w, https:\/\/uttijuana.edu.mx\/wp-content\/uploads\/2024\/08\/26-aniversario-3-1536x1024.jpeg 1536w, https:\/\/uttijuana.edu.mx\/wp-content\/uploads\/2024\/08\/26-aniversario-3.jpeg 1600w\" data-sizes=\"(max-width: 1024px) 100vw, 1024px\" src=\"data:image\/gif;base64,R0lGODlhAQABAAAAACH5BAEKAAEALAAAAAABAAEAAAICTAEAOw==\" style=\"--smush-placeholder-width: 1024px; --smush-placeholder-aspect-ratio: 1024\/683;\" \/>\t\t\t\t\t\t\t\t\t\t\t\t\t\t\t<\/div>\n\t\t\t\t<\/div>\n\t\t\t\t\t<\/div>\n\t\t<\/div>\n\t\t\t\t<div class=\"elementor-column elementor-col-33 elementor-top-column elementor-element elementor-element-d5ab0b1\" data-id=\"d5ab0b1\" data-element_type=\"column\">\n\t\t\t<div class=\"elementor-widget-wrap elementor-element-populated\">\n\t\t\t\t\t\t<div class=\"elementor-element elementor-element-90ae854 elementor-widget elementor-widget-image\" data-id=\"90ae854\" data-element_type=\"widget\" data-widget_type=\"image.default\">\n\t\t\t\t<div class=\"elementor-widget-container\">\n\t\t\t\t\t\t\t\t\t\t\t\t\t\t\t<img decoding=\"async\" width=\"1024\" height=\"683\" data-src=\"https:\/\/uttijuana.edu.mx\/wp-content\/uploads\/2024\/08\/26-aniversario-4-1024x683.jpeg\" class=\"attachment-large size-large wp-image-15040 lazyload\" alt=\"\" data-srcset=\"https:\/\/uttijuana.edu.mx\/wp-content\/uploads\/2024\/08\/26-aniversario-4-1024x683.jpeg 1024w, https:\/\/uttijuana.edu.mx\/wp-content\/uploads\/2024\/08\/26-aniversario-4-300x200.jpeg 300w, https:\/\/uttijuana.edu.mx\/wp-content\/uploads\/2024\/08\/26-aniversario-4-768x512.jpeg 768w, https:\/\/uttijuana.edu.mx\/wp-content\/uploads\/2024\/08\/26-aniversario-4-1536x1024.jpeg 1536w, https:\/\/uttijuana.edu.mx\/wp-content\/uploads\/2024\/08\/26-aniversario-4.jpeg 1600w\" data-sizes=\"(max-width: 1024px) 100vw, 1024px\" src=\"data:image\/gif;base64,R0lGODlhAQABAAAAACH5BAEKAAEALAAAAAABAAEAAAICTAEAOw==\" style=\"--smush-placeholder-width: 1024px; --smush-placeholder-aspect-ratio: 1024\/683;\" \/>\t\t\t\t\t\t\t\t\t\t\t\t\t\t\t<\/div>\n\t\t\t\t<\/div>\n\t\t\t\t\t<\/div>\n\t\t<\/div>\n\t\t\t\t\t<\/div>\n\t\t<\/section>\n\t\t\t\t<section class=\"elementor-section elementor-top-section elementor-element elementor-element-a97c775 elementor-section-boxed elementor-section-height-default elementor-section-height-default wpr-particle-no wpr-jarallax-no wpr-parallax-no wpr-sticky-section-no\" data-id=\"a97c775\" data-element_type=\"section\">\n\t\t\t\t\t\t<div class=\"elementor-container elementor-column-gap-default\">\n\t\t\t\t\t<div class=\"elementor-column elementor-col-100 elementor-top-column elementor-element elementor-element-36b907a\" data-id=\"36b907a\" data-element_type=\"column\">\n\t\t\t<div class=\"elementor-widget-wrap elementor-element-populated\">\n\t\t\t\t\t\t<div class=\"elementor-element elementor-element-dc00062 elementor-widget elementor-widget-spacer\" data-id=\"dc00062\" data-element_type=\"widget\" data-widget_type=\"spacer.default\">\n\t\t\t\t<div class=\"elementor-widget-container\">\n\t\t\t\t\t\t\t<div class=\"elementor-spacer\">\n\t\t\t<div class=\"elementor-spacer-inner\"><\/div>\n\t\t<\/div>\n\t\t\t\t\t\t<\/div>\n\t\t\t\t<\/div>\n\t\t\t\t\t<\/div>\n\t\t<\/div>\n\t\t\t\t\t<\/div>\n\t\t<\/section>\n\t\t\t\t<\/div>\n\t\t","protected":false},"excerpt":{"rendered":"<p>CUMPLE UTT 26 A\u00d1OS DE FORMAR PROFESIONISTAS Y DE CONSTRUIR HISTORIAS DE \u00c9XITO Tijuana, Baja California a 14 de agosto 2024 \u2022 El rector destac\u00f3 que 8 de cada 10 estudiantes de UTT se han convertido en el primer miembro de su familia en ingresar a una universidad TIJUANA.- La Universidad Tecnol\u00f3gica de Tijuana (UTT) celebr\u00f3 26 a\u00f1os de su fundaci\u00f3n con una ceremonia conmemorativa, donde se reconoci\u00f3 el esfuerzo del personal docente y administrativo, as\u00ed como los logros alcanzados por las y los egresados, para posicionar a la instituci\u00f3n en el sector productivo e industrial. El rector, Mtro. Salvador Morales Riub\u00ed, expres\u00f3 frente al personal docente y administrativo, estudiantes, egresadas y egresados, que esta fecha es muy simb\u00f3lica, pues permite hacer un recuento de la historia y definir el rumbo de la universidad. \u201cPueden sentirse orgullosos de que, desde su \u00e1rea de responsabilidad, contribuyen a que nuestras y nuestros egresados sean hoy, protagonistas de historias de \u00e9xito\u201d, asegur\u00f3. Indic\u00f3 que la Universidad Tecnol\u00f3gica de Tijuana atraviesa por un momento de grandes desaf\u00edos, ya que las carreras y sus planes de estudios est\u00e1n siendo actualizados, conforme al modelo de la Nueva Escuela Mexicana, que se basa en la educaci\u00f3n humanista, cient\u00edfica y tecnol\u00f3gica. \u201cNos estamos preparando para enfrentar esta transformaci\u00f3n con gran responsabilidad, para responder a la exigencia de los nuevos tiempos y transitar hacia la sociedad del conocimiento y la informaci\u00f3n\u201d, pronunci\u00f3. A las empresas aliadas, que abren sus puertas a estudiantes para la realizaci\u00f3n de Estad\u00edas, les asegur\u00f3 que la universidad tambi\u00e9n est\u00e1 atenta a los cambios y avances que registra el sector industrial, para seguir formando profesionistas con dominio de las nuevas tecnolog\u00edas. \u201cAl menos 8 de cada 10 de nuestros estudiantes, llegaron aqu\u00ed siendo el primer miembro de su familia con acceso a estudiar una carrera universitaria, por eso tiene mucho valor para nosotros saber que los han arropado, y que su talento es reconocido mediante un buen puesto y una justa remuneraci\u00f3n\u201d, indic\u00f3. El rector expres\u00f3 su agradecimiento a la gobernadora, Marina del Pilar Avila Olmeda, por el respaldo y la confianza brindados desde que lo postul\u00f3 para dirigir a esta noble instituci\u00f3n, que tiene un impacto social muy grande en la vida de cientos de familias. Tambi\u00e9n agradeci\u00f3 a la Mtra. Marlenne Mendoza Gonz\u00e1lez, directora del Subsistema de Universidades Tecnol\u00f3gicas y Polit\u00e9cnicas, por su apoyo y por tener siempre presente a la UTT. La directora de Innovaci\u00f3n y Tecnolog\u00eda de la Secretar\u00eda de Econom\u00eda e Innovaci\u00f3n del Estado, Mtra. Dulce Bereniss Rodr\u00edguez L\u00f3pez, resalt\u00f3 que la Universidad Tecnol\u00f3gica de Tijuana ha sido una gran aliada en las giras de promoci\u00f3n, donde uno de los temas de inter\u00e9s es la formaci\u00f3n de talento. \u201cEntendemos que el talento es el motor que mueve a Baja California\u201d, indic\u00f3, \u201cpor eso las instituciones educativas han sido un pilar fundamental en esta estrategia, y particularmente la Universidad Tecnol\u00f3gica de Tijuana, ha sido un gran aliado\u201d. Durante la ceremonia se hizo entrega de reconocimientos a personal docente y administrativo que cumpli\u00f3 entre 10 y 25 a\u00f1os al servicio de la instituci\u00f3n. Tambi\u00e9n se proyect\u00f3 un video con testimoniales de egresados de \u00e9xito, que est\u00e1n colocados en empresas reconocidas, quienes expresaron el orgullo de haber elegido a la Universidad Tecnol\u00f3gica de Tijuana para recibir formaci\u00f3n profesional.<\/p>\n","protected":false},"author":2,"featured_media":0,"parent":0,"menu_order":0,"comment_status":"closed","ping_status":"closed","template":"","meta":{"_monsterinsights_skip_tracking":false,"_monsterinsights_sitenote_active":false,"_monsterinsights_sitenote_note":"","_monsterinsights_sitenote_category":0,"_uf_show_specific_survey":0,"_uf_disable_surveys":false,"site-sidebar-layout":"no-sidebar","site-content-layout":"page-builder","ast-site-content-layout":"default","site-content-style":"default","site-sidebar-style":"default","ast-global-header-display":"","ast-banner-title-visibility":"","ast-main-header-display":"","ast-hfb-above-header-display":"","ast-hfb-below-header-display":"","ast-hfb-mobile-header-display":"","site-post-title":"disabled","ast-breadcrumbs-content":"","ast-featured-img":"disabled","footer-sml-layout":"","ast-disable-related-posts":"","theme-transparent-header-meta":"","adv-header-id-meta":"","stick-header-meta":"","header-above-stick-meta":"","header-main-stick-meta":"","header-below-stick-meta":"","astra-migrate-meta-layouts":"default","ast-page-background-enabled":"default","ast-page-background-meta":{"desktop":{"background-color":"","background-image":"","background-repeat":"repeat","background-position":"center center","background-size":"auto","background-attachment":"scroll","background-type":"","background-media":"","overlay-type":"","overlay-color":"","overlay-opacity":"","overlay-gradient":""},"tablet":{"background-color":"","background-image":"","background-repeat":"repeat","background-position":"center center","background-size":"auto","background-attachment":"scroll","background-type":"","background-media":"","overlay-type":"","overlay-color":"","overlay-opacity":"","overlay-gradient":""},"mobile":{"background-color":"","background-image":"","background-repeat":"repeat","background-position":"center center","background-size":"auto","background-attachment":"scroll","background-type":"","background-media":"","overlay-type":"","overlay-color":"","overlay-opacity":"","overlay-gradient":""}},"ast-content-background-meta":{"desktop":{"background-color":"var(--ast-global-color-5)","background-image":"","background-repeat":"repeat","background-position":"center center","background-size":"auto","background-attachment":"scroll","background-type":"","background-media":"","overlay-type":"","overlay-color":"","overlay-opacity":"","overlay-gradient":""},"tablet":{"background-color":"var(--ast-global-color-5)","background-image":"","background-repeat":"repeat","background-position":"center center","background-size":"auto","background-attachment":"scroll","background-type":"","background-media":"","overlay-type":"","overlay-color":"","overlay-opacity":"","overlay-gradient":""},"mobile":{"background-color":"var(--ast-global-color-5)","background-image":"","background-repeat":"repeat","background-position":"center center","background-size":"auto","background-attachment":"scroll","background-type":"","background-media":"","overlay-type":"","overlay-color":"","overlay-opacity":"","overlay-gradient":""}},"footnotes":""},"class_list":["post-15035","page","type-page","status-publish","hentry"],"_links":{"self":[{"href":"https:\/\/uttijuana.edu.mx\/index.php\/wp-json\/wp\/v2\/pages\/15035","targetHints":{"allow":["GET"]}}],"collection":[{"href":"https:\/\/uttijuana.edu.mx\/index.php\/wp-json\/wp\/v2\/pages"}],"about":[{"href":"https:\/\/uttijuana.edu.mx\/index.php\/wp-json\/wp\/v2\/types\/page"}],"author":[{"embeddable":true,"href":"https:\/\/uttijuana.edu.mx\/index.php\/wp-json\/wp\/v2\/users\/2"}],"replies":[{"embeddable":true,"href":"https:\/\/uttijuana.edu.mx\/index.php\/wp-json\/wp\/v2\/comments?post=15035"}],"version-history":[{"count":10,"href":"https:\/\/uttijuana.edu.mx\/index.php\/wp-json\/wp\/v2\/pages\/15035\/revisions"}],"predecessor-version":[{"id":15142,"href":"https:\/\/uttijuana.edu.mx\/index.php\/wp-json\/wp\/v2\/pages\/15035\/revisions\/15142"}],"wp:attachment":[{"href":"https:\/\/uttijuana.edu.mx\/index.php\/wp-json\/wp\/v2\/media?parent=15035"}],"curies":[{"name":"wp","href":"https:\/\/api.w.org\/{rel}","templated":true}]}}