{"id":15143,"date":"2024-08-21T20:35:27","date_gmt":"2024-08-21T20:35:27","guid":{"rendered":"https:\/\/uttijuana.edu.mx\/?page_id=15143"},"modified":"2024-08-21T20:39:51","modified_gmt":"2024-08-21T20:39:51","slug":"cumple-utt-26-anos-de-formar-profesionistas-y-de-construir-historias-de-exito-2","status":"publish","type":"page","link":"https:\/\/uttijuana.edu.mx\/index.php\/cumple-utt-26-anos-de-formar-profesionistas-y-de-construir-historias-de-exito-2\/","title":{"rendered":"OFRECE UTT ENSENADA ESPACIOS EN CARRERA ING. EN ALIMENTOS"},"content":{"rendered":"\t\t<div data-elementor-type=\"wp-page\" data-elementor-id=\"15143\" class=\"elementor elementor-15143\" data-elementor-post-type=\"page\">\n\t\t\t\t\t\t<section class=\"elementor-section elementor-top-section elementor-element elementor-element-3894c10b elementor-section-boxed elementor-section-height-default elementor-section-height-default wpr-particle-no wpr-jarallax-no wpr-parallax-no wpr-sticky-section-no\" data-id=\"3894c10b\" data-element_type=\"section\">\n\t\t\t\t\t\t<div class=\"elementor-container elementor-column-gap-default\">\n\t\t\t\t\t<div class=\"elementor-column elementor-col-100 elementor-top-column elementor-element elementor-element-32873d70\" data-id=\"32873d70\" data-element_type=\"column\">\n\t\t\t<div class=\"elementor-widget-wrap elementor-element-populated\">\n\t\t\t\t\t\t<div class=\"elementor-element elementor-element-1d198b39 elementor-widget elementor-widget-heading\" data-id=\"1d198b39\" data-element_type=\"widget\" data-widget_type=\"heading.default\">\n\t\t\t\t<div class=\"elementor-widget-container\">\n\t\t\t\t\t<h2 class=\"elementor-heading-title elementor-size-default\">OFRECE UTT ENSENADA ESPACIOS EN CARRERA ING. EN ALIMENTOS<\/h2>\t\t\t\t<\/div>\n\t\t\t\t<\/div>\n\t\t\t\t<div class=\"elementor-element elementor-element-11f5022 elementor-widget elementor-widget-image\" data-id=\"11f5022\" data-element_type=\"widget\" data-widget_type=\"image.default\">\n\t\t\t\t<div class=\"elementor-widget-container\">\n\t\t\t\t\t\t\t\t\t\t\t\t\t\t\t<img fetchpriority=\"high\" decoding=\"async\" width=\"768\" height=\"512\" src=\"https:\/\/uttijuana.edu.mx\/wp-content\/uploads\/2024\/08\/OFRECE-UTT-ENSENADA-ESPACIOS-EN-CARRERA-ING.-EN-ALIMENTOS-1-768x512.jpeg\" class=\"attachment-medium_large size-medium_large wp-image-15134\" alt=\"\" srcset=\"https:\/\/uttijuana.edu.mx\/wp-content\/uploads\/2024\/08\/OFRECE-UTT-ENSENADA-ESPACIOS-EN-CARRERA-ING.-EN-ALIMENTOS-1-768x512.jpeg 768w, https:\/\/uttijuana.edu.mx\/wp-content\/uploads\/2024\/08\/OFRECE-UTT-ENSENADA-ESPACIOS-EN-CARRERA-ING.-EN-ALIMENTOS-1-300x200.jpeg 300w, https:\/\/uttijuana.edu.mx\/wp-content\/uploads\/2024\/08\/OFRECE-UTT-ENSENADA-ESPACIOS-EN-CARRERA-ING.-EN-ALIMENTOS-1-1024x683.jpeg 1024w, https:\/\/uttijuana.edu.mx\/wp-content\/uploads\/2024\/08\/OFRECE-UTT-ENSENADA-ESPACIOS-EN-CARRERA-ING.-EN-ALIMENTOS-1-1536x1024.jpeg 1536w, https:\/\/uttijuana.edu.mx\/wp-content\/uploads\/2024\/08\/OFRECE-UTT-ENSENADA-ESPACIOS-EN-CARRERA-ING.-EN-ALIMENTOS-1.jpeg 1600w\" sizes=\"(max-width: 768px) 100vw, 768px\" \/>\t\t\t\t\t\t\t\t\t\t\t\t\t\t\t<\/div>\n\t\t\t\t<\/div>\n\t\t\t\t<div class=\"elementor-element elementor-element-54d38dc elementor-widget elementor-widget-heading\" data-id=\"54d38dc\" data-element_type=\"widget\" data-widget_type=\"heading.default\">\n\t\t\t\t<div class=\"elementor-widget-container\">\n\t\t\t\t\t<h5 class=\"elementor-heading-title elementor-size-default\">Ensenada, Baja California, a 21 de agosto 2024<\/h5>\t\t\t\t<\/div>\n\t\t\t\t<\/div>\n\t\t\t\t<div class=\"elementor-element elementor-element-61b554f1 elementor-widget elementor-widget-heading\" data-id=\"61b554f1\" data-element_type=\"widget\" data-widget_type=\"heading.default\">\n\t\t\t\t<div class=\"elementor-widget-container\">\n\t\t\t\t\t<h5 class=\"elementor-heading-title elementor-size-medium\"><blockquote>\u2022\tEs la \u00fanica instituci\u00f3n en Baja California que oferta la carrera Procesos Bioalimentarios, cuyo campo laboral es muy extenso<p><\/p>\n\nENSENADA.- La Universidad Tecnol\u00f3gica de Tijuana (UTT), Unidad Acad\u00e9mica Ensenada, es la \u00fanica instituci\u00f3n en el estado que oferta la carrera Ingenier\u00eda en Procesos Bioalimentarios -Ing. en Alimentos-, que est\u00e1 enfocada en el desarrollo e innovaci\u00f3n de alimentos, as\u00ed como en el an\u00e1lisis e investigaci\u00f3n, para preservar la salud de la poblaci\u00f3n mediante el consumo de productos seguros.<p><\/p>\n\nEl rector, Mtro. Salvador Morales Riub\u00ed, inform\u00f3 que actualmente se ofertan espacios de nuevo ingreso con pase directo y beca por concepto de inscripci\u00f3n, para que m\u00e1s j\u00f3venes tengan la oportunidad de estudiar una carrera con mucho presente y ampl\u00edo futuro.<p><\/p>\n\nExplic\u00f3 que la Ingenier\u00eda en Procesos Bioalimentarios, que con la actualizaci\u00f3n del plan de estudios se denominar\u00e1 Ingenier\u00eda en Alimentos, es una carrera con un gran potencial, ya que est\u00e1 orientada a la conservaci\u00f3n de los alimentos, as\u00ed como al aprovechamiento de todos los recursos para abastecer al sector alimentario.<p><\/p>\n\n\u201cLo m\u00e1s interesante de esta carrera es que las y los estudiantes van a formar parte del proceso de desarrollo e innovaci\u00f3n de alimentos, van a participar en la elaboraci\u00f3n alimentos nutritivos, que actualmente demanda la poblaci\u00f3n, pero tambi\u00e9n va a contribuir a la producci\u00f3n sostenible de alimentos\u201d, destac\u00f3.<p><\/p>\n\nRecord\u00f3 que el modelo educativo de la Universidad Tecnol\u00f3gica de Tijuana se basa 70 por ciento en la pr\u00e1ctica y 30 por ciento en la teor\u00eda, por lo que las y los estudiantes pasar\u00e1n gran parte de su formaci\u00f3n profesional en los laboratorios especializados poniendo en pr\u00e1ctica sus conocimientos.<p><\/p>\n\nMorales Riub\u00ed afirm\u00f3 que la industria de alimentos enfrenta una serie de desaf\u00edos, que requiere profesionistas preparados con base cient\u00edfica, para incidir en toda la cadena de producci\u00f3n de alimentos y lograr que los productos sean m\u00e1s saludables y sustentables, con menos sellos y que cumplan con todos los est\u00e1ndares de calidad e inocuidad.<p><\/p>\n\nLa Dra. Francina L\u00f3pez Tar\u00edn, docente investigadora de la Unidad Acad\u00e9mica Ensenada, explic\u00f3 que cuentan con egresadas y egresados colocados en empresas de gran renombre, que van desde industrias de alimentos, hasta ranchos dedicados a la producci\u00f3n a gran escala con fines de exportaci\u00f3n y agroindustrias.<p><\/p>\n\n\u201cLa gran mayor\u00eda trabajan en el \u00e1rea de calidad y de inocuidad, para vigilar la producci\u00f3n; tambi\u00e9n contamos con egresadas y egresados en los laboratorios en las \u00e1reas de an\u00e1lisis, que son sumamente importantes para la salud de la poblaci\u00f3n\u201d, coment\u00f3.<p><\/p>\n\nTambi\u00e9n hay egresadas y egresados insertados en el \u00e1rea pesquera, en empresas dedicadas a la producci\u00f3n de quesos y pasteurizaci\u00f3n de leche, as\u00ed como en industrias de alimentos que elaboran productos a base de harinas; otros han desarrollado alimentos con fines de emprendimiento.<p><\/p>\n\nDestac\u00f3 que la necesidad de contratar ingenieros especializados en el \u00e1rea de alimentos \u201csiempre va a existir, es un campo de trabajo inagotable, la producci\u00f3n de alimentos no se detiene y sigue en crecimiento\u201d. Otra ventaja es que la cantidad de egresadas y egresados sigue por debajo de lo que demanda el sector alimentario y las empresas los contratan incluso desde antes de concluir la carrera.<p><\/p>\n\nLa Unidad Acad\u00e9mica Ensenada, ubicada en la delegaci\u00f3n Maneadero, continuar\u00e1 con el proceso de inscripci\u00f3n a dicha carrera durante los pr\u00f3ximos d\u00edas. El cuatrimestre inicia el 26 de agosto. Para m\u00e1s informaci\u00f3n comunicarse al tel\u00e9fono (646) 199 9492.<p><\/p><\/h5>\t\t\t\t<\/div>\n\t\t\t\t<\/div>\n\t\t\t\t\t<\/div>\n\t\t<\/div>\n\t\t\t\t\t<\/div>\n\t\t<\/section>\n\t\t\t\t<section class=\"elementor-section elementor-top-section elementor-element elementor-element-27d6c28 elementor-section-boxed elementor-section-height-default elementor-section-height-default wpr-particle-no wpr-jarallax-no wpr-parallax-no wpr-sticky-section-no\" data-id=\"27d6c28\" data-element_type=\"section\">\n\t\t\t\t\t\t<div class=\"elementor-container elementor-column-gap-default\">\n\t\t\t\t\t<div class=\"elementor-column elementor-col-50 elementor-top-column elementor-element elementor-element-4645949\" data-id=\"4645949\" data-element_type=\"column\">\n\t\t\t<div class=\"elementor-widget-wrap elementor-element-populated\">\n\t\t\t\t\t\t<div class=\"elementor-element elementor-element-f02b8c3 elementor-widget elementor-widget-image\" data-id=\"f02b8c3\" data-element_type=\"widget\" data-widget_type=\"image.default\">\n\t\t\t\t<div class=\"elementor-widget-container\">\n\t\t\t\t\t\t\t\t\t\t\t\t\t\t\t<img decoding=\"async\" width=\"1024\" height=\"792\" data-src=\"https:\/\/uttijuana.edu.mx\/wp-content\/uploads\/2024\/08\/OFRECE-UTT-ENSENADA-ESPACIOS-EN-CARRERA-ING.-EN-ALIMENTOS-2-1024x792.jpeg\" class=\"attachment-large size-large wp-image-15133 lazyload\" alt=\"\" data-srcset=\"https:\/\/uttijuana.edu.mx\/wp-content\/uploads\/2024\/08\/OFRECE-UTT-ENSENADA-ESPACIOS-EN-CARRERA-ING.-EN-ALIMENTOS-2-1024x792.jpeg 1024w, https:\/\/uttijuana.edu.mx\/wp-content\/uploads\/2024\/08\/OFRECE-UTT-ENSENADA-ESPACIOS-EN-CARRERA-ING.-EN-ALIMENTOS-2-300x232.jpeg 300w, https:\/\/uttijuana.edu.mx\/wp-content\/uploads\/2024\/08\/OFRECE-UTT-ENSENADA-ESPACIOS-EN-CARRERA-ING.-EN-ALIMENTOS-2-768x594.jpeg 768w, https:\/\/uttijuana.edu.mx\/wp-content\/uploads\/2024\/08\/OFRECE-UTT-ENSENADA-ESPACIOS-EN-CARRERA-ING.-EN-ALIMENTOS-2.jpeg 1449w\" data-sizes=\"(max-width: 1024px) 100vw, 1024px\" src=\"data:image\/gif;base64,R0lGODlhAQABAAAAACH5BAEKAAEALAAAAAABAAEAAAICTAEAOw==\" style=\"--smush-placeholder-width: 1024px; --smush-placeholder-aspect-ratio: 1024\/792;\" \/>\t\t\t\t\t\t\t\t\t\t\t\t\t\t\t<\/div>\n\t\t\t\t<\/div>\n\t\t\t\t\t<\/div>\n\t\t<\/div>\n\t\t\t\t<div class=\"elementor-column elementor-col-50 elementor-top-column elementor-element elementor-element-245d148\" data-id=\"245d148\" data-element_type=\"column\">\n\t\t\t<div class=\"elementor-widget-wrap elementor-element-populated\">\n\t\t\t\t\t\t<div class=\"elementor-element elementor-element-f072b60 elementor-widget elementor-widget-image\" data-id=\"f072b60\" data-element_type=\"widget\" data-widget_type=\"image.default\">\n\t\t\t\t<div class=\"elementor-widget-container\">\n\t\t\t\t\t\t\t\t\t\t\t\t\t\t\t<img decoding=\"async\" width=\"1024\" height=\"761\" data-src=\"https:\/\/uttijuana.edu.mx\/wp-content\/uploads\/2024\/08\/OFRECE-UTT-ENSENADA-ESPACIOS-EN-CARRERA-ING.-EN-ALIMENTOS-3-1024x761.jpeg\" class=\"attachment-large size-large wp-image-15132 lazyload\" alt=\"\" data-srcset=\"https:\/\/uttijuana.edu.mx\/wp-content\/uploads\/2024\/08\/OFRECE-UTT-ENSENADA-ESPACIOS-EN-CARRERA-ING.-EN-ALIMENTOS-3-1024x761.jpeg 1024w, https:\/\/uttijuana.edu.mx\/wp-content\/uploads\/2024\/08\/OFRECE-UTT-ENSENADA-ESPACIOS-EN-CARRERA-ING.-EN-ALIMENTOS-3-300x223.jpeg 300w, https:\/\/uttijuana.edu.mx\/wp-content\/uploads\/2024\/08\/OFRECE-UTT-ENSENADA-ESPACIOS-EN-CARRERA-ING.-EN-ALIMENTOS-3-768x571.jpeg 768w, https:\/\/uttijuana.edu.mx\/wp-content\/uploads\/2024\/08\/OFRECE-UTT-ENSENADA-ESPACIOS-EN-CARRERA-ING.-EN-ALIMENTOS-3.jpeg 1494w\" data-sizes=\"(max-width: 1024px) 100vw, 1024px\" src=\"data:image\/gif;base64,R0lGODlhAQABAAAAACH5BAEKAAEALAAAAAABAAEAAAICTAEAOw==\" style=\"--smush-placeholder-width: 1024px; --smush-placeholder-aspect-ratio: 1024\/761;\" \/>\t\t\t\t\t\t\t\t\t\t\t\t\t\t\t<\/div>\n\t\t\t\t<\/div>\n\t\t\t\t\t<\/div>\n\t\t<\/div>\n\t\t\t\t\t<\/div>\n\t\t<\/section>\n\t\t\t\t<section class=\"elementor-section elementor-top-section elementor-element elementor-element-19e9729 elementor-section-boxed elementor-section-height-default elementor-section-height-default wpr-particle-no wpr-jarallax-no wpr-parallax-no wpr-sticky-section-no\" data-id=\"19e9729\" data-element_type=\"section\">\n\t\t\t\t\t\t<div class=\"elementor-container elementor-column-gap-default\">\n\t\t\t\t\t<div class=\"elementor-column elementor-col-100 elementor-top-column elementor-element elementor-element-0c17bf0\" data-id=\"0c17bf0\" data-element_type=\"column\">\n\t\t\t<div class=\"elementor-widget-wrap elementor-element-populated\">\n\t\t\t\t\t\t<div class=\"elementor-element elementor-element-5b458e1 elementor-widget elementor-widget-spacer\" data-id=\"5b458e1\" data-element_type=\"widget\" data-widget_type=\"spacer.default\">\n\t\t\t\t<div class=\"elementor-widget-container\">\n\t\t\t\t\t\t\t<div class=\"elementor-spacer\">\n\t\t\t<div class=\"elementor-spacer-inner\"><\/div>\n\t\t<\/div>\n\t\t\t\t\t\t<\/div>\n\t\t\t\t<\/div>\n\t\t\t\t\t<\/div>\n\t\t<\/div>\n\t\t\t\t\t<\/div>\n\t\t<\/section>\n\t\t\t\t<\/div>\n\t\t","protected":false},"excerpt":{"rendered":"<p>OFRECE UTT ENSENADA ESPACIOS EN CARRERA ING. EN ALIMENTOS Ensenada, Baja California, a 21 de agosto 2024 \u2022 Es la \u00fanica instituci\u00f3n en Baja California que oferta la carrera Procesos Bioalimentarios, cuyo campo laboral es muy extenso ENSENADA.- La Universidad Tecnol\u00f3gica de Tijuana (UTT), Unidad Acad\u00e9mica Ensenada, es la \u00fanica instituci\u00f3n en el estado que oferta la carrera Ingenier\u00eda en Procesos Bioalimentarios -Ing. en Alimentos-, que est\u00e1 enfocada en el desarrollo e innovaci\u00f3n de alimentos, as\u00ed como en el an\u00e1lisis e investigaci\u00f3n, para preservar la salud de la poblaci\u00f3n mediante el consumo de productos seguros. El rector, Mtro. Salvador Morales Riub\u00ed, inform\u00f3 que actualmente se ofertan espacios de nuevo ingreso con pase directo y beca por concepto de inscripci\u00f3n, para que m\u00e1s j\u00f3venes tengan la oportunidad de estudiar una carrera con mucho presente y ampl\u00edo futuro. Explic\u00f3 que la Ingenier\u00eda en Procesos Bioalimentarios, que con la actualizaci\u00f3n del plan de estudios se denominar\u00e1 Ingenier\u00eda en Alimentos, es una carrera con un gran potencial, ya que est\u00e1 orientada a la conservaci\u00f3n de los alimentos, as\u00ed como al aprovechamiento de todos los recursos para abastecer al sector alimentario. \u201cLo m\u00e1s interesante de esta carrera es que las y los estudiantes van a formar parte del proceso de desarrollo e innovaci\u00f3n de alimentos, van a participar en la elaboraci\u00f3n alimentos nutritivos, que actualmente demanda la poblaci\u00f3n, pero tambi\u00e9n va a contribuir a la producci\u00f3n sostenible de alimentos\u201d, destac\u00f3. Record\u00f3 que el modelo educativo de la Universidad Tecnol\u00f3gica de Tijuana se basa 70 por ciento en la pr\u00e1ctica y 30 por ciento en la teor\u00eda, por lo que las y los estudiantes pasar\u00e1n gran parte de su formaci\u00f3n profesional en los laboratorios especializados poniendo en pr\u00e1ctica sus conocimientos. Morales Riub\u00ed afirm\u00f3 que la industria de alimentos enfrenta una serie de desaf\u00edos, que requiere profesionistas preparados con base cient\u00edfica, para incidir en toda la cadena de producci\u00f3n de alimentos y lograr que los productos sean m\u00e1s saludables y sustentables, con menos sellos y que cumplan con todos los est\u00e1ndares de calidad e inocuidad. La Dra. Francina L\u00f3pez Tar\u00edn, docente investigadora de la Unidad Acad\u00e9mica Ensenada, explic\u00f3 que cuentan con egresadas y egresados colocados en empresas de gran renombre, que van desde industrias de alimentos, hasta ranchos dedicados a la producci\u00f3n a gran escala con fines de exportaci\u00f3n y agroindustrias. \u201cLa gran mayor\u00eda trabajan en el \u00e1rea de calidad y de inocuidad, para vigilar la producci\u00f3n; tambi\u00e9n contamos con egresadas y egresados en los laboratorios en las \u00e1reas de an\u00e1lisis, que son sumamente importantes para la salud de la poblaci\u00f3n\u201d, coment\u00f3. Tambi\u00e9n hay egresadas y egresados insertados en el \u00e1rea pesquera, en empresas dedicadas a la producci\u00f3n de quesos y pasteurizaci\u00f3n de leche, as\u00ed como en industrias de alimentos que elaboran productos a base de harinas; otros han desarrollado alimentos con fines de emprendimiento. Destac\u00f3 que la necesidad de contratar ingenieros especializados en el \u00e1rea de alimentos \u201csiempre va a existir, es un campo de trabajo inagotable, la producci\u00f3n de alimentos no se detiene y sigue en crecimiento\u201d. Otra ventaja es que la cantidad de egresadas y egresados sigue por debajo de lo que demanda el sector alimentario y las empresas los contratan incluso desde antes de concluir la carrera. La Unidad Acad\u00e9mica Ensenada, ubicada en la delegaci\u00f3n Maneadero, continuar\u00e1 con el proceso de inscripci\u00f3n a dicha carrera durante los pr\u00f3ximos d\u00edas. El cuatrimestre inicia el 26 de agosto. Para m\u00e1s informaci\u00f3n comunicarse al tel\u00e9fono (646) 199 9492.<\/p>\n","protected":false},"author":2,"featured_media":0,"parent":0,"menu_order":0,"comment_status":"closed","ping_status":"closed","template":"","meta":{"_monsterinsights_skip_tracking":false,"_monsterinsights_sitenote_active":false,"_monsterinsights_sitenote_note":"","_monsterinsights_sitenote_category":0,"_uf_show_specific_survey":0,"_uf_disable_surveys":false,"site-sidebar-layout":"no-sidebar","site-content-layout":"page-builder","ast-site-content-layout":"default","site-content-style":"default","site-sidebar-style":"default","ast-global-header-display":"","ast-banner-title-visibility":"","ast-main-header-display":"","ast-hfb-above-header-display":"","ast-hfb-below-header-display":"","ast-hfb-mobile-header-display":"","site-post-title":"disabled","ast-breadcrumbs-content":"","ast-featured-img":"disabled","footer-sml-layout":"","ast-disable-related-posts":"","theme-transparent-header-meta":"","adv-header-id-meta":"","stick-header-meta":"","header-above-stick-meta":"","header-main-stick-meta":"","header-below-stick-meta":"","astra-migrate-meta-layouts":"default","ast-page-background-enabled":"default","ast-page-background-meta":{"desktop":{"background-color":"","background-image":"","background-repeat":"repeat","background-position":"center center","background-size":"auto","background-attachment":"scroll","background-type":"","background-media":"","overlay-type":"","overlay-color":"","overlay-opacity":"","overlay-gradient":""},"tablet":{"background-color":"","background-image":"","background-repeat":"repeat","background-position":"center center","background-size":"auto","background-attachment":"scroll","background-type":"","background-media":"","overlay-type":"","overlay-color":"","overlay-opacity":"","overlay-gradient":""},"mobile":{"background-color":"","background-image":"","background-repeat":"repeat","background-position":"center center","background-size":"auto","background-attachment":"scroll","background-type":"","background-media":"","overlay-type":"","overlay-color":"","overlay-opacity":"","overlay-gradient":""}},"ast-content-background-meta":{"desktop":{"background-color":"var(--ast-global-color-5)","background-image":"","background-repeat":"repeat","background-position":"center center","background-size":"auto","background-attachment":"scroll","background-type":"","background-media":"","overlay-type":"","overlay-color":"","overlay-opacity":"","overlay-gradient":""},"tablet":{"background-color":"var(--ast-global-color-5)","background-image":"","background-repeat":"repeat","background-position":"center center","background-size":"auto","background-attachment":"scroll","background-type":"","background-media":"","overlay-type":"","overlay-color":"","overlay-opacity":"","overlay-gradient":""},"mobile":{"background-color":"var(--ast-global-color-5)","background-image":"","background-repeat":"repeat","background-position":"center center","background-size":"auto","background-attachment":"scroll","background-type":"","background-media":"","overlay-type":"","overlay-color":"","overlay-opacity":"","overlay-gradient":""}},"footnotes":""},"class_list":["post-15143","page","type-page","status-publish","hentry"],"_links":{"self":[{"href":"https:\/\/uttijuana.edu.mx\/index.php\/wp-json\/wp\/v2\/pages\/15143","targetHints":{"allow":["GET"]}}],"collection":[{"href":"https:\/\/uttijuana.edu.mx\/index.php\/wp-json\/wp\/v2\/pages"}],"about":[{"href":"https:\/\/uttijuana.edu.mx\/index.php\/wp-json\/wp\/v2\/types\/page"}],"author":[{"embeddable":true,"href":"https:\/\/uttijuana.edu.mx\/index.php\/wp-json\/wp\/v2\/users\/2"}],"replies":[{"embeddable":true,"href":"https:\/\/uttijuana.edu.mx\/index.php\/wp-json\/wp\/v2\/comments?post=15143"}],"version-history":[{"count":4,"href":"https:\/\/uttijuana.edu.mx\/index.php\/wp-json\/wp\/v2\/pages\/15143\/revisions"}],"predecessor-version":[{"id":15147,"href":"https:\/\/uttijuana.edu.mx\/index.php\/wp-json\/wp\/v2\/pages\/15143\/revisions\/15147"}],"wp:attachment":[{"href":"https:\/\/uttijuana.edu.mx\/index.php\/wp-json\/wp\/v2\/media?parent=15143"}],"curies":[{"name":"wp","href":"https:\/\/api.w.org\/{rel}","templated":true}]}}