{"id":15209,"date":"2024-09-03T22:23:40","date_gmt":"2024-09-03T22:23:40","guid":{"rendered":"https:\/\/uttijuana.edu.mx\/?page_id=15209"},"modified":"2024-09-03T22:29:22","modified_gmt":"2024-09-03T22:29:22","slug":"gobernadora-marina-del-pilar-brinda-mensaje-de-bienvenida-a-estudiantes-de-nuevo-ingreso-de-utt","status":"publish","type":"page","link":"https:\/\/uttijuana.edu.mx\/index.php\/gobernadora-marina-del-pilar-brinda-mensaje-de-bienvenida-a-estudiantes-de-nuevo-ingreso-de-utt\/","title":{"rendered":"GOBERNADORA MARINA DEL PILAR BRINDA MENSAJE DE BIENVENIDA A ESTUDIANTES DE NUEVO INGRESO DE UTT"},"content":{"rendered":"\t\t<div data-elementor-type=\"wp-page\" data-elementor-id=\"15209\" class=\"elementor elementor-15209\" data-elementor-post-type=\"page\">\n\t\t\t\t\t\t<section class=\"elementor-section elementor-top-section elementor-element elementor-element-3894c10b elementor-section-boxed elementor-section-height-default elementor-section-height-default wpr-particle-no wpr-jarallax-no wpr-parallax-no wpr-sticky-section-no\" data-id=\"3894c10b\" data-element_type=\"section\">\n\t\t\t\t\t\t<div class=\"elementor-container elementor-column-gap-default\">\n\t\t\t\t\t<div class=\"elementor-column elementor-col-100 elementor-top-column elementor-element elementor-element-32873d70\" data-id=\"32873d70\" data-element_type=\"column\">\n\t\t\t<div class=\"elementor-widget-wrap elementor-element-populated\">\n\t\t\t\t\t\t<div class=\"elementor-element elementor-element-1d198b39 elementor-widget elementor-widget-heading\" data-id=\"1d198b39\" data-element_type=\"widget\" data-widget_type=\"heading.default\">\n\t\t\t\t<div class=\"elementor-widget-container\">\n\t\t\t\t\t<h2 class=\"elementor-heading-title elementor-size-default\">GOBERNADORA MARINA DEL PILAR BRINDA MENSAJE DE BIENVENIDA A ESTUDIANTES DE NUEVO INGRESO DE UTT <\/h2>\t\t\t\t<\/div>\n\t\t\t\t<\/div>\n\t\t\t\t<div class=\"elementor-element elementor-element-11f5022 elementor-widget elementor-widget-image\" data-id=\"11f5022\" data-element_type=\"widget\" data-widget_type=\"image.default\">\n\t\t\t\t<div class=\"elementor-widget-container\">\n\t\t\t\t\t\t\t\t\t\t\t\t\t\t\t<img fetchpriority=\"high\" decoding=\"async\" width=\"768\" height=\"512\" src=\"https:\/\/uttijuana.edu.mx\/wp-content\/uploads\/2024\/09\/WhatsApp-Image-2024-09-03-at-3.07.55-PM-768x512.jpeg\" class=\"attachment-medium_large size-medium_large wp-image-15214\" alt=\"\" srcset=\"https:\/\/uttijuana.edu.mx\/wp-content\/uploads\/2024\/09\/WhatsApp-Image-2024-09-03-at-3.07.55-PM-768x512.jpeg 768w, https:\/\/uttijuana.edu.mx\/wp-content\/uploads\/2024\/09\/WhatsApp-Image-2024-09-03-at-3.07.55-PM-300x200.jpeg 300w, https:\/\/uttijuana.edu.mx\/wp-content\/uploads\/2024\/09\/WhatsApp-Image-2024-09-03-at-3.07.55-PM-1024x682.jpeg 1024w, https:\/\/uttijuana.edu.mx\/wp-content\/uploads\/2024\/09\/WhatsApp-Image-2024-09-03-at-3.07.55-PM-1536x1023.jpeg 1536w, https:\/\/uttijuana.edu.mx\/wp-content\/uploads\/2024\/09\/WhatsApp-Image-2024-09-03-at-3.07.55-PM.jpeg 1600w\" sizes=\"(max-width: 768px) 100vw, 768px\" \/>\t\t\t\t\t\t\t\t\t\t\t\t\t\t\t<\/div>\n\t\t\t\t<\/div>\n\t\t\t\t<div class=\"elementor-element elementor-element-54d38dc elementor-widget elementor-widget-heading\" data-id=\"54d38dc\" data-element_type=\"widget\" data-widget_type=\"heading.default\">\n\t\t\t\t<div class=\"elementor-widget-container\">\n\t\t\t\t\t<h5 class=\"elementor-heading-title elementor-size-default\">Tijuana, Baja California, a 3 de septiembre de 2024<\/h5>\t\t\t\t<\/div>\n\t\t\t\t<\/div>\n\t\t\t\t<div class=\"elementor-element elementor-element-61b554f1 elementor-widget elementor-widget-heading\" data-id=\"61b554f1\" data-element_type=\"widget\" data-widget_type=\"heading.default\">\n\t\t\t\t<div class=\"elementor-widget-container\">\n\t\t\t\t\t<h5 class=\"elementor-heading-title elementor-size-medium\"><blockquote>\u2022  En el presente proceso de selecci\u00f3n fueron admitidos cerca de dos mil estudiantes en 17 carreras<p><\/p>\n\nTIJUANA.- Con la presencia de la Gobernadora, Marina del Pilar Avila Olmeda, la Universidad Tecnol\u00f3gica de Tijuana (UTT) celebr\u00f3 la Ceremonia de Bienvenida de Nuevo Ingreso 2024, en la que participaron m\u00e1s de mil 100 estudiantes del turno matutino.<p><\/p>\n\nDespu\u00e9s de solicitar su ingreso y resultar seleccionados, el pasado 26 de agosto un total de mil 956 j\u00f3venes iniciaron su formaci\u00f3n profesional. Es la matr\u00edcula de nuevo ingreso m\u00e1s alta en los 26 a\u00f1os de historia de la instituci\u00f3n. <p><\/p>\n\nLa Gobernadora, Marina del Pilar Avila Olmeda, en su mensaje, les asegur\u00f3 que su etapa universitaria ser\u00e1 una de las mejores de su vida y les alent\u00f3 a no rendirse, ya que son la esperanza y el orgullo de sus familias.<p><\/p> \n\nReafirm\u00f3 su compromiso de acercar el programa de becas al alumnado de UTT, quienes en su gran mayor\u00eda residen en la Zona Este y que en el 80 por ciento de los casos se convertir\u00e1n en el primer profesionista de su familia.<p><\/p>\n\n\u201cUstedes son j\u00f3venes que han superado muchos retos, son j\u00f3venes que han llegado a esta etapa de su vida, que debo decirles: va a ser la mejor etapa de su vida\u201d, expres\u00f3, \u201cvamos a seguir impulsando las becas, porque este es el inicio de una generaci\u00f3n de j\u00f3venes que no se va a quedar atr\u00e1s y no se va a quedar afuera\u201d.<p><\/p>\n\nAfirm\u00f3 que la universidad tecnol\u00f3gica oferta las carreras \u201cque est\u00e1n revolucionando al mundo\u201d y sus estudiantes cumplen el perfil que est\u00e1n buscando las empresas globales asentadas en Baja California.<p><\/p>\n\nEl rector de la Universidad Tecnol\u00f3gica de Tijuana, Mtro. Salvador Morales Riub\u00ed, destac\u00f3 que, con el ingreso de cerca de dos mil alumnas y alumnos, tambi\u00e9n se alcanza una cifra hist\u00f3rica de matr\u00edcula total, que supera los 5 mil 100 estudiantes.<p><\/p>\n\n\u201cEstamos transformando a la UTT, estamos teniendo m\u00e1s carreras y recibiendo m\u00e1s alumnado, esta es la generaci\u00f3n hist\u00f3rica de la UTT, nunca antes hab\u00edan ingresado tantos alumnos en un proceso de selecci\u00f3n\u201d, indic\u00f3.<p><\/p>\n\nPidi\u00f3 a las y los alumnos de nuevo ingreso comprometerse con su formaci\u00f3n profesional, para que dentro de 3 a\u00f1os 8 meses, puedan graduarse y aspirar a condiciones de vida que cumplan sus expectativas.<p><\/p>\n\nAgradeci\u00f3 el respaldo de la gobernadora, Marina del Pilar Avila Olmeda, no solo para lograr el crecimiento en alumnado, sino tambi\u00e9n en infraestructura con la construcci\u00f3n del edificio de Docencia 6, cuyas obras registran un importante avance.<p><\/p>\n\nAdem\u00e1s de haber incorporado la Licenciatura en Gastronom\u00eda a la oferta educativa, Morales Riub\u00ed anunci\u00f3 que en 2025 la UTT ser\u00e1 una de las nueve universidades tecnol\u00f3gicas del pa\u00eds que impartir\u00e1 la Ingenier\u00eda en Semiconductores.<p><\/p>\n\nDurante la ceremonia se hizo una menci\u00f3n especial de la alumna Diana Perla Garc\u00eda Mart\u00edn, de la Licenciatura en Contadur\u00eda, quien obtuvo la puntuaci\u00f3n m\u00e1s alta en el examen de admisi\u00f3n.\n<\/h5>\t\t\t\t<\/div>\n\t\t\t\t<\/div>\n\t\t\t\t\t<\/div>\n\t\t<\/div>\n\t\t\t\t\t<\/div>\n\t\t<\/section>\n\t\t\t\t<section class=\"elementor-section elementor-top-section elementor-element elementor-element-74bdd27 elementor-section-boxed elementor-section-height-default elementor-section-height-default wpr-particle-no wpr-jarallax-no wpr-parallax-no wpr-sticky-section-no\" data-id=\"74bdd27\" data-element_type=\"section\">\n\t\t\t\t\t\t<div class=\"elementor-container elementor-column-gap-default\">\n\t\t\t\t\t<div class=\"elementor-column elementor-col-33 elementor-top-column elementor-element elementor-element-bc0b135\" data-id=\"bc0b135\" data-element_type=\"column\">\n\t\t\t<div class=\"elementor-widget-wrap elementor-element-populated\">\n\t\t\t\t\t\t<div class=\"elementor-element elementor-element-64b84d7 elementor-widget elementor-widget-image\" data-id=\"64b84d7\" data-element_type=\"widget\" data-widget_type=\"image.default\">\n\t\t\t\t<div class=\"elementor-widget-container\">\n\t\t\t\t\t\t\t\t\t\t\t\t\t\t\t<img decoding=\"async\" width=\"1024\" height=\"711\" data-src=\"https:\/\/uttijuana.edu.mx\/wp-content\/uploads\/2024\/09\/WhatsApp-Image-2024-09-03-at-3.08.17-PM-1024x711.jpeg\" class=\"attachment-large size-large wp-image-15213 lazyload\" alt=\"\" data-srcset=\"https:\/\/uttijuana.edu.mx\/wp-content\/uploads\/2024\/09\/WhatsApp-Image-2024-09-03-at-3.08.17-PM-1024x711.jpeg 1024w, https:\/\/uttijuana.edu.mx\/wp-content\/uploads\/2024\/09\/WhatsApp-Image-2024-09-03-at-3.08.17-PM-300x208.jpeg 300w, https:\/\/uttijuana.edu.mx\/wp-content\/uploads\/2024\/09\/WhatsApp-Image-2024-09-03-at-3.08.17-PM-768x533.jpeg 768w, https:\/\/uttijuana.edu.mx\/wp-content\/uploads\/2024\/09\/WhatsApp-Image-2024-09-03-at-3.08.17-PM.jpeg 1434w\" data-sizes=\"(max-width: 1024px) 100vw, 1024px\" src=\"data:image\/gif;base64,R0lGODlhAQABAAAAACH5BAEKAAEALAAAAAABAAEAAAICTAEAOw==\" style=\"--smush-placeholder-width: 1024px; --smush-placeholder-aspect-ratio: 1024\/711;\" \/>\t\t\t\t\t\t\t\t\t\t\t\t\t\t\t<\/div>\n\t\t\t\t<\/div>\n\t\t\t\t\t<\/div>\n\t\t<\/div>\n\t\t\t\t<div class=\"elementor-column elementor-col-33 elementor-top-column elementor-element elementor-element-5ed2db2\" data-id=\"5ed2db2\" data-element_type=\"column\">\n\t\t\t<div class=\"elementor-widget-wrap elementor-element-populated\">\n\t\t\t\t\t\t<div class=\"elementor-element elementor-element-44ac7b3 elementor-widget elementor-widget-image\" data-id=\"44ac7b3\" data-element_type=\"widget\" data-widget_type=\"image.default\">\n\t\t\t\t<div class=\"elementor-widget-container\">\n\t\t\t\t\t\t\t\t\t\t\t\t\t\t\t<img decoding=\"async\" width=\"1024\" height=\"682\" data-src=\"https:\/\/uttijuana.edu.mx\/wp-content\/uploads\/2024\/09\/WhatsApp-Image-2024-09-03-at-3.08.22-PM-1024x682.jpeg\" class=\"attachment-large size-large wp-image-15212 lazyload\" alt=\"\" data-srcset=\"https:\/\/uttijuana.edu.mx\/wp-content\/uploads\/2024\/09\/WhatsApp-Image-2024-09-03-at-3.08.22-PM-1024x682.jpeg 1024w, https:\/\/uttijuana.edu.mx\/wp-content\/uploads\/2024\/09\/WhatsApp-Image-2024-09-03-at-3.08.22-PM-300x200.jpeg 300w, https:\/\/uttijuana.edu.mx\/wp-content\/uploads\/2024\/09\/WhatsApp-Image-2024-09-03-at-3.08.22-PM-768x512.jpeg 768w, https:\/\/uttijuana.edu.mx\/wp-content\/uploads\/2024\/09\/WhatsApp-Image-2024-09-03-at-3.08.22-PM-1536x1023.jpeg 1536w, https:\/\/uttijuana.edu.mx\/wp-content\/uploads\/2024\/09\/WhatsApp-Image-2024-09-03-at-3.08.22-PM.jpeg 1600w\" data-sizes=\"(max-width: 1024px) 100vw, 1024px\" src=\"data:image\/gif;base64,R0lGODlhAQABAAAAACH5BAEKAAEALAAAAAABAAEAAAICTAEAOw==\" style=\"--smush-placeholder-width: 1024px; --smush-placeholder-aspect-ratio: 1024\/682;\" \/>\t\t\t\t\t\t\t\t\t\t\t\t\t\t\t<\/div>\n\t\t\t\t<\/div>\n\t\t\t\t\t<\/div>\n\t\t<\/div>\n\t\t\t\t<div class=\"elementor-column elementor-col-33 elementor-top-column elementor-element elementor-element-d4841a6\" data-id=\"d4841a6\" data-element_type=\"column\">\n\t\t\t<div class=\"elementor-widget-wrap elementor-element-populated\">\n\t\t\t\t\t\t<div class=\"elementor-element elementor-element-c769d8f elementor-widget elementor-widget-image\" data-id=\"c769d8f\" data-element_type=\"widget\" data-widget_type=\"image.default\">\n\t\t\t\t<div class=\"elementor-widget-container\">\n\t\t\t\t\t\t\t\t\t\t\t\t\t\t\t<img decoding=\"async\" width=\"1024\" height=\"682\" data-src=\"https:\/\/uttijuana.edu.mx\/wp-content\/uploads\/2024\/09\/WhatsApp-Image-2024-09-03-at-3.08.25-PM-1024x682.jpeg\" class=\"attachment-large size-large wp-image-15211 lazyload\" alt=\"\" data-srcset=\"https:\/\/uttijuana.edu.mx\/wp-content\/uploads\/2024\/09\/WhatsApp-Image-2024-09-03-at-3.08.25-PM-1024x682.jpeg 1024w, https:\/\/uttijuana.edu.mx\/wp-content\/uploads\/2024\/09\/WhatsApp-Image-2024-09-03-at-3.08.25-PM-300x200.jpeg 300w, https:\/\/uttijuana.edu.mx\/wp-content\/uploads\/2024\/09\/WhatsApp-Image-2024-09-03-at-3.08.25-PM-768x512.jpeg 768w, https:\/\/uttijuana.edu.mx\/wp-content\/uploads\/2024\/09\/WhatsApp-Image-2024-09-03-at-3.08.25-PM-1536x1023.jpeg 1536w, https:\/\/uttijuana.edu.mx\/wp-content\/uploads\/2024\/09\/WhatsApp-Image-2024-09-03-at-3.08.25-PM.jpeg 1600w\" data-sizes=\"(max-width: 1024px) 100vw, 1024px\" src=\"data:image\/gif;base64,R0lGODlhAQABAAAAACH5BAEKAAEALAAAAAABAAEAAAICTAEAOw==\" style=\"--smush-placeholder-width: 1024px; --smush-placeholder-aspect-ratio: 1024\/682;\" \/>\t\t\t\t\t\t\t\t\t\t\t\t\t\t\t<\/div>\n\t\t\t\t<\/div>\n\t\t\t\t\t<\/div>\n\t\t<\/div>\n\t\t\t\t\t<\/div>\n\t\t<\/section>\n\t\t\t\t<section class=\"elementor-section elementor-top-section elementor-element elementor-element-6b09aa5 elementor-section-boxed elementor-section-height-default elementor-section-height-default wpr-particle-no wpr-jarallax-no wpr-parallax-no wpr-sticky-section-no\" data-id=\"6b09aa5\" data-element_type=\"section\">\n\t\t\t\t\t\t<div class=\"elementor-container elementor-column-gap-default\">\n\t\t\t\t\t<div class=\"elementor-column elementor-col-100 elementor-top-column elementor-element elementor-element-70554ce\" data-id=\"70554ce\" data-element_type=\"column\">\n\t\t\t<div class=\"elementor-widget-wrap elementor-element-populated\">\n\t\t\t\t\t\t<div class=\"elementor-element elementor-element-25a21e5 elementor-widget elementor-widget-spacer\" data-id=\"25a21e5\" data-element_type=\"widget\" data-widget_type=\"spacer.default\">\n\t\t\t\t<div class=\"elementor-widget-container\">\n\t\t\t\t\t\t\t<div class=\"elementor-spacer\">\n\t\t\t<div class=\"elementor-spacer-inner\"><\/div>\n\t\t<\/div>\n\t\t\t\t\t\t<\/div>\n\t\t\t\t<\/div>\n\t\t\t\t\t<\/div>\n\t\t<\/div>\n\t\t\t\t\t<\/div>\n\t\t<\/section>\n\t\t\t\t<\/div>\n\t\t","protected":false},"excerpt":{"rendered":"<p>GOBERNADORA MARINA DEL PILAR BRINDA MENSAJE DE BIENVENIDA A ESTUDIANTES DE NUEVO INGRESO DE UTT Tijuana, Baja California, a 3 de septiembre de 2024 \u2022 En el presente proceso de selecci\u00f3n fueron admitidos cerca de dos mil estudiantes en 17 carreras TIJUANA.- Con la presencia de la Gobernadora, Marina del Pilar Avila Olmeda, la Universidad Tecnol\u00f3gica de Tijuana (UTT) celebr\u00f3 la Ceremonia de Bienvenida de Nuevo Ingreso 2024, en la que participaron m\u00e1s de mil 100 estudiantes del turno matutino. Despu\u00e9s de solicitar su ingreso y resultar seleccionados, el pasado 26 de agosto un total de mil 956 j\u00f3venes iniciaron su formaci\u00f3n profesional. Es la matr\u00edcula de nuevo ingreso m\u00e1s alta en los 26 a\u00f1os de historia de la instituci\u00f3n. La Gobernadora, Marina del Pilar Avila Olmeda, en su mensaje, les asegur\u00f3 que su etapa universitaria ser\u00e1 una de las mejores de su vida y les alent\u00f3 a no rendirse, ya que son la esperanza y el orgullo de sus familias. Reafirm\u00f3 su compromiso de acercar el programa de becas al alumnado de UTT, quienes en su gran mayor\u00eda residen en la Zona Este y que en el 80 por ciento de los casos se convertir\u00e1n en el primer profesionista de su familia. \u201cUstedes son j\u00f3venes que han superado muchos retos, son j\u00f3venes que han llegado a esta etapa de su vida, que debo decirles: va a ser la mejor etapa de su vida\u201d, expres\u00f3, \u201cvamos a seguir impulsando las becas, porque este es el inicio de una generaci\u00f3n de j\u00f3venes que no se va a quedar atr\u00e1s y no se va a quedar afuera\u201d. Afirm\u00f3 que la universidad tecnol\u00f3gica oferta las carreras \u201cque est\u00e1n revolucionando al mundo\u201d y sus estudiantes cumplen el perfil que est\u00e1n buscando las empresas globales asentadas en Baja California. El rector de la Universidad Tecnol\u00f3gica de Tijuana, Mtro. Salvador Morales Riub\u00ed, destac\u00f3 que, con el ingreso de cerca de dos mil alumnas y alumnos, tambi\u00e9n se alcanza una cifra hist\u00f3rica de matr\u00edcula total, que supera los 5 mil 100 estudiantes. \u201cEstamos transformando a la UTT, estamos teniendo m\u00e1s carreras y recibiendo m\u00e1s alumnado, esta es la generaci\u00f3n hist\u00f3rica de la UTT, nunca antes hab\u00edan ingresado tantos alumnos en un proceso de selecci\u00f3n\u201d, indic\u00f3. Pidi\u00f3 a las y los alumnos de nuevo ingreso comprometerse con su formaci\u00f3n profesional, para que dentro de 3 a\u00f1os 8 meses, puedan graduarse y aspirar a condiciones de vida que cumplan sus expectativas. Agradeci\u00f3 el respaldo de la gobernadora, Marina del Pilar Avila Olmeda, no solo para lograr el crecimiento en alumnado, sino tambi\u00e9n en infraestructura con la construcci\u00f3n del edificio de Docencia 6, cuyas obras registran un importante avance. Adem\u00e1s de haber incorporado la Licenciatura en Gastronom\u00eda a la oferta educativa, Morales Riub\u00ed anunci\u00f3 que en 2025 la UTT ser\u00e1 una de las nueve universidades tecnol\u00f3gicas del pa\u00eds que impartir\u00e1 la Ingenier\u00eda en Semiconductores. Durante la ceremonia se hizo una menci\u00f3n especial de la alumna Diana Perla Garc\u00eda Mart\u00edn, de la Licenciatura en Contadur\u00eda, quien obtuvo la puntuaci\u00f3n m\u00e1s alta en el examen de admisi\u00f3n.<\/p>\n","protected":false},"author":2,"featured_media":0,"parent":0,"menu_order":0,"comment_status":"closed","ping_status":"closed","template":"","meta":{"_monsterinsights_skip_tracking":false,"_monsterinsights_sitenote_active":false,"_monsterinsights_sitenote_note":"","_monsterinsights_sitenote_category":0,"_uf_show_specific_survey":0,"_uf_disable_surveys":false,"site-sidebar-layout":"no-sidebar","site-content-layout":"page-builder","ast-site-content-layout":"default","site-content-style":"default","site-sidebar-style":"default","ast-global-header-display":"","ast-banner-title-visibility":"","ast-main-header-display":"","ast-hfb-above-header-display":"","ast-hfb-below-header-display":"","ast-hfb-mobile-header-display":"","site-post-title":"disabled","ast-breadcrumbs-content":"","ast-featured-img":"disabled","footer-sml-layout":"","ast-disable-related-posts":"","theme-transparent-header-meta":"","adv-header-id-meta":"","stick-header-meta":"","header-above-stick-meta":"","header-main-stick-meta":"","header-below-stick-meta":"","astra-migrate-meta-layouts":"default","ast-page-background-enabled":"default","ast-page-background-meta":{"desktop":{"background-color":"","background-image":"","background-repeat":"repeat","background-position":"center center","background-size":"auto","background-attachment":"scroll","background-type":"","background-media":"","overlay-type":"","overlay-color":"","overlay-opacity":"","overlay-gradient":""},"tablet":{"background-color":"","background-image":"","background-repeat":"repeat","background-position":"center center","background-size":"auto","background-attachment":"scroll","background-type":"","background-media":"","overlay-type":"","overlay-color":"","overlay-opacity":"","overlay-gradient":""},"mobile":{"background-color":"","background-image":"","background-repeat":"repeat","background-position":"center center","background-size":"auto","background-attachment":"scroll","background-type":"","background-media":"","overlay-type":"","overlay-color":"","overlay-opacity":"","overlay-gradient":""}},"ast-content-background-meta":{"desktop":{"background-color":"var(--ast-global-color-5)","background-image":"","background-repeat":"repeat","background-position":"center center","background-size":"auto","background-attachment":"scroll","background-type":"","background-media":"","overlay-type":"","overlay-color":"","overlay-opacity":"","overlay-gradient":""},"tablet":{"background-color":"var(--ast-global-color-5)","background-image":"","background-repeat":"repeat","background-position":"center center","background-size":"auto","background-attachment":"scroll","background-type":"","background-media":"","overlay-type":"","overlay-color":"","overlay-opacity":"","overlay-gradient":""},"mobile":{"background-color":"var(--ast-global-color-5)","background-image":"","background-repeat":"repeat","background-position":"center center","background-size":"auto","background-attachment":"scroll","background-type":"","background-media":"","overlay-type":"","overlay-color":"","overlay-opacity":"","overlay-gradient":""}},"footnotes":""},"class_list":["post-15209","page","type-page","status-publish","hentry"],"_links":{"self":[{"href":"https:\/\/uttijuana.edu.mx\/index.php\/wp-json\/wp\/v2\/pages\/15209","targetHints":{"allow":["GET"]}}],"collection":[{"href":"https:\/\/uttijuana.edu.mx\/index.php\/wp-json\/wp\/v2\/pages"}],"about":[{"href":"https:\/\/uttijuana.edu.mx\/index.php\/wp-json\/wp\/v2\/types\/page"}],"author":[{"embeddable":true,"href":"https:\/\/uttijuana.edu.mx\/index.php\/wp-json\/wp\/v2\/users\/2"}],"replies":[{"embeddable":true,"href":"https:\/\/uttijuana.edu.mx\/index.php\/wp-json\/wp\/v2\/comments?post=15209"}],"version-history":[{"count":7,"href":"https:\/\/uttijuana.edu.mx\/index.php\/wp-json\/wp\/v2\/pages\/15209\/revisions"}],"predecessor-version":[{"id":15220,"href":"https:\/\/uttijuana.edu.mx\/index.php\/wp-json\/wp\/v2\/pages\/15209\/revisions\/15220"}],"wp:attachment":[{"href":"https:\/\/uttijuana.edu.mx\/index.php\/wp-json\/wp\/v2\/media?parent=15209"}],"curies":[{"name":"wp","href":"https:\/\/api.w.org\/{rel}","templated":true}]}}