{"id":15236,"date":"2024-09-06T00:08:16","date_gmt":"2024-09-06T00:08:16","guid":{"rendered":"https:\/\/uttijuana.edu.mx\/?page_id=15236"},"modified":"2024-09-06T00:11:19","modified_gmt":"2024-09-06T00:11:19","slug":"respaldan-secture-y-canirac-la-licenciatura-en-gastronomia-de-utt","status":"publish","type":"page","link":"https:\/\/uttijuana.edu.mx\/index.php\/respaldan-secture-y-canirac-la-licenciatura-en-gastronomia-de-utt\/","title":{"rendered":"RESPALDAN SECTURE Y CANIRAC LA LICENCIATURA EN GASTRONOM\u00cdA DE UTT"},"content":{"rendered":"\t\t<div data-elementor-type=\"wp-page\" data-elementor-id=\"15236\" class=\"elementor elementor-15236\" data-elementor-post-type=\"page\">\n\t\t\t\t\t\t<section class=\"elementor-section elementor-top-section elementor-element elementor-element-3894c10b elementor-section-boxed elementor-section-height-default elementor-section-height-default wpr-particle-no wpr-jarallax-no wpr-parallax-no wpr-sticky-section-no\" data-id=\"3894c10b\" data-element_type=\"section\">\n\t\t\t\t\t\t<div class=\"elementor-container elementor-column-gap-default\">\n\t\t\t\t\t<div class=\"elementor-column elementor-col-100 elementor-top-column elementor-element elementor-element-32873d70\" data-id=\"32873d70\" data-element_type=\"column\">\n\t\t\t<div class=\"elementor-widget-wrap elementor-element-populated\">\n\t\t\t\t\t\t<div class=\"elementor-element elementor-element-1d198b39 elementor-widget elementor-widget-heading\" data-id=\"1d198b39\" data-element_type=\"widget\" data-widget_type=\"heading.default\">\n\t\t\t\t<div class=\"elementor-widget-container\">\n\t\t\t\t\t<h2 class=\"elementor-heading-title elementor-size-default\">RESPALDAN SECTURE Y CANIRAC LA LICENCIATURA EN GASTRONOM\u00cdA DE UTT<\/h2>\t\t\t\t<\/div>\n\t\t\t\t<\/div>\n\t\t\t\t<div class=\"elementor-element elementor-element-11f5022 elementor-widget elementor-widget-image\" data-id=\"11f5022\" data-element_type=\"widget\" data-widget_type=\"image.default\">\n\t\t\t\t<div class=\"elementor-widget-container\">\n\t\t\t\t\t\t\t\t\t\t\t\t\t\t\t<img fetchpriority=\"high\" decoding=\"async\" width=\"768\" height=\"512\" src=\"https:\/\/uttijuana.edu.mx\/wp-content\/uploads\/2024\/09\/WhatsApp-Image-2024-09-05-at-4.55.40-PM-768x512.jpeg\" class=\"attachment-medium_large size-medium_large wp-image-15228\" alt=\"\" srcset=\"https:\/\/uttijuana.edu.mx\/wp-content\/uploads\/2024\/09\/WhatsApp-Image-2024-09-05-at-4.55.40-PM-768x512.jpeg 768w, https:\/\/uttijuana.edu.mx\/wp-content\/uploads\/2024\/09\/WhatsApp-Image-2024-09-05-at-4.55.40-PM-300x200.jpeg 300w, https:\/\/uttijuana.edu.mx\/wp-content\/uploads\/2024\/09\/WhatsApp-Image-2024-09-05-at-4.55.40-PM-1024x682.jpeg 1024w, https:\/\/uttijuana.edu.mx\/wp-content\/uploads\/2024\/09\/WhatsApp-Image-2024-09-05-at-4.55.40-PM-1536x1023.jpeg 1536w, https:\/\/uttijuana.edu.mx\/wp-content\/uploads\/2024\/09\/WhatsApp-Image-2024-09-05-at-4.55.40-PM.jpeg 1600w\" sizes=\"(max-width: 768px) 100vw, 768px\" \/>\t\t\t\t\t\t\t\t\t\t\t\t\t\t\t<\/div>\n\t\t\t\t<\/div>\n\t\t\t\t<div class=\"elementor-element elementor-element-54d38dc elementor-widget elementor-widget-heading\" data-id=\"54d38dc\" data-element_type=\"widget\" data-widget_type=\"heading.default\">\n\t\t\t\t<div class=\"elementor-widget-container\">\n\t\t\t\t\t<h5 class=\"elementor-heading-title elementor-size-default\">Tijuana, Baja California a jueves 5 de septiembre 2024<\/h5>\t\t\t\t<\/div>\n\t\t\t\t<\/div>\n\t\t\t\t<div class=\"elementor-element elementor-element-61b554f1 elementor-widget elementor-widget-heading\" data-id=\"61b554f1\" data-element_type=\"widget\" data-widget_type=\"heading.default\">\n\t\t\t\t<div class=\"elementor-widget-container\">\n\t\t\t\t\t<h5 class=\"elementor-heading-title elementor-size-medium\"><blockquote>\u2022  El Chef internacional Miguel \u00c1ngel Guerrero se sum\u00f3 al apoyo a las y los estudiantes que se preparan para convertirse en embajadores de la cocina bajacaliforniana <P><\/P>\n\nTIJUANA.- Con el respaldo del sector tur\u00edstico y restaurantero, la Universidad Tecnol\u00f3gica de Tijuana (UTT) llev\u00f3 a cabo la presentaci\u00f3n de la Licenciatura en Gastronom\u00eda, carrera que contribuir\u00e1 a dar un mayor impulso a la oferta culinaria de Tijuana y de Baja California.<P><\/P>\n\n\nEl Secretario de Turismo del Estado, Miguel Agu\u00ed\u00f1iga Rodr\u00edguez, expres\u00f3 que este anuncio marca un antes y un despu\u00e9s en el desarrollo acad\u00e9mico y profesional del sector gastron\u00f3mico, ya habr\u00e1 m\u00e1s Chefs preparados para convertirse en embajadores de la cultura y tradici\u00f3n culinaria de la regi\u00f3n.<P><\/P>\n\n\n\u201cDurante el tiempo que he encabezado estas tareas, he mencionado repetidamente que, Baja California es la cocina m\u00e1s revolucionaria de M\u00e9xico, y el d\u00eda de hoy presenciamos un paso m\u00e1s para mantenernos a la vanguardia, con la presentaci\u00f3n de la Licenciatura en Gastronom\u00eda de la Universidad Tecnol\u00f3gica de Tijuana\u201d, pronunci\u00f3.<P><\/P>\n\n\nPor su parte, el rector de UTT, Mtro. Salvador Morales Riub\u00ed, destac\u00f3 que la Gastronom\u00eda forma parte de las Industrias Creativas que impulsa el Gobierno de Baja California, que encabeza la gobernadora Marina del Pilar \u00c1vila Olmeda, por lo que las y los estudiantes pueden tener la certeza de que es un sector que sigue en ascenso.<P><\/P>\n\n\n\u201cNuestra apuesta hoy, es el que 120 estudiantes en una primera fase, puedan tomar la oportunidad de formarse en el conocimiento de la Gastronom\u00eda en este ciclo escolar, y que en tres a\u00f1os ocho meses podamos decir con mucho orgullo que aportamos al mercado laboral, como decimos en UTT, a profesionistas que resuelven\u201d.<P><\/P>\n\n\nA la par de cursar el plan de estudios, las y los estudiantes de Gastronom\u00eda ser\u00e1n certificados en Est\u00e1ndares de Competencia por parte del CONOCER, en tres importantes rubros: preparaci\u00f3n de gastronom\u00eda mexicana popular y tradicional, prestaci\u00f3n del servicio de hoteler\u00eda con orientaci\u00f3n a la sostenibilidad y aplicaci\u00f3n de pr\u00e1cticas verdes en su \u00e1rea de trabajo.<P><\/P>\n\n\nPor su parte, el Subsecretario de Educaci\u00f3n Media Superior, Superior e Investigaci\u00f3n de la Secretar\u00eda de Educaci\u00f3n del Estado, Mtro. Alejandro Rosales Sotelo, destac\u00f3 la labor que realiza la Universidad Tecnol\u00f3gica de Tijuana para que m\u00e1s j\u00f3venes cuenten con un espacio en la Licenciatura en Gastronom\u00eda en una universidad p\u00fablica.<P><\/P>\n\n\nA nombre del sector restaurantero, la presidenta de Canirac Tijuana, Zaida L\u00f3pez S\u00e1nchez, celebr\u00f3 la apertura de la Licenciatura en Gastronom\u00eda en UTT y destac\u00f3 que esto se traduce en oportunidades para m\u00e1s familias, ya que sus hijas e hijos podr\u00e1n obtener formaci\u00f3n profesional.<P><\/P>\n\n\nAdelant\u00f3 el inter\u00e9s en firmar un convenio de colaboraci\u00f3n y ofreci\u00f3 abrir las puertas de los restaurantes afiliados para que en su momento las y los estudiantes puedan poner en pr\u00e1ctica sus conocimientos.<P><\/P>\n\n\n\u201cSi\u00e9ntanse apoyados por la Canirac, por su servidora y todo el consejo\u201d, coment\u00f3, \u201cque sea un gran inicio en nuestra ciudad\u201d.<P><\/P>\n\n\nEl Chef internacional, Miguel \u00c1ngel Guerrero, felicit\u00f3 a UTT y a la Secretar\u00eda de Turismo del Estado por unir esfuerzos para impulsar una carrera tan importante y tan necesaria para la regi\u00f3n. <P><\/P>\n\n\n\u201cNecesitamos muchas y muchos Chefs, que est\u00e9n apasionados por esto de la cocina\u201d, expres\u00f3 el creador de la Cocina Baja Med, quien al dirigirse a las y los estudiantes de UTT les asegur\u00f3 que es una \u201cprofesi\u00f3n incre\u00edble\u201d, pero que tambi\u00e9n demanda un esfuerzo may\u00fasculo.<P><\/P>\n\n\nActualmente, la Universidad Tecnol\u00f3gica de Tijuana en su campus de Tijuana y en la Unidad Acad\u00e9mica Ensenada, cuenta con 240 estudiantes en formaci\u00f3n para convertirse en las y los futuros Chefs.<\/h5>\t\t\t\t<\/div>\n\t\t\t\t<\/div>\n\t\t\t\t\t<\/div>\n\t\t<\/div>\n\t\t\t\t\t<\/div>\n\t\t<\/section>\n\t\t\t\t<section class=\"elementor-section elementor-top-section elementor-element elementor-element-74bdd27 elementor-section-boxed elementor-section-height-default elementor-section-height-default wpr-particle-no wpr-jarallax-no wpr-parallax-no wpr-sticky-section-no\" data-id=\"74bdd27\" data-element_type=\"section\">\n\t\t\t\t\t\t<div class=\"elementor-container elementor-column-gap-default\">\n\t\t\t\t\t<div class=\"elementor-column elementor-col-33 elementor-top-column elementor-element elementor-element-bc0b135\" data-id=\"bc0b135\" data-element_type=\"column\">\n\t\t\t<div class=\"elementor-widget-wrap elementor-element-populated\">\n\t\t\t\t\t\t<div class=\"elementor-element elementor-element-64b84d7 elementor-widget elementor-widget-image\" data-id=\"64b84d7\" data-element_type=\"widget\" data-widget_type=\"image.default\">\n\t\t\t\t<div class=\"elementor-widget-container\">\n\t\t\t\t\t\t\t\t\t\t\t\t\t\t\t<img decoding=\"async\" width=\"1024\" height=\"682\" data-src=\"https:\/\/uttijuana.edu.mx\/wp-content\/uploads\/2024\/09\/WhatsApp-Image-2024-09-05-at-4.55.45-PM-1024x682.jpeg\" class=\"attachment-large size-large wp-image-15227 lazyload\" alt=\"\" data-srcset=\"https:\/\/uttijuana.edu.mx\/wp-content\/uploads\/2024\/09\/WhatsApp-Image-2024-09-05-at-4.55.45-PM-1024x682.jpeg 1024w, https:\/\/uttijuana.edu.mx\/wp-content\/uploads\/2024\/09\/WhatsApp-Image-2024-09-05-at-4.55.45-PM-300x200.jpeg 300w, https:\/\/uttijuana.edu.mx\/wp-content\/uploads\/2024\/09\/WhatsApp-Image-2024-09-05-at-4.55.45-PM-768x512.jpeg 768w, https:\/\/uttijuana.edu.mx\/wp-content\/uploads\/2024\/09\/WhatsApp-Image-2024-09-05-at-4.55.45-PM-1536x1023.jpeg 1536w, https:\/\/uttijuana.edu.mx\/wp-content\/uploads\/2024\/09\/WhatsApp-Image-2024-09-05-at-4.55.45-PM.jpeg 1600w\" data-sizes=\"(max-width: 1024px) 100vw, 1024px\" src=\"data:image\/gif;base64,R0lGODlhAQABAAAAACH5BAEKAAEALAAAAAABAAEAAAICTAEAOw==\" style=\"--smush-placeholder-width: 1024px; --smush-placeholder-aspect-ratio: 1024\/682;\" \/>\t\t\t\t\t\t\t\t\t\t\t\t\t\t\t<\/div>\n\t\t\t\t<\/div>\n\t\t\t\t\t<\/div>\n\t\t<\/div>\n\t\t\t\t<div class=\"elementor-column elementor-col-33 elementor-top-column elementor-element elementor-element-5ed2db2\" data-id=\"5ed2db2\" data-element_type=\"column\">\n\t\t\t<div class=\"elementor-widget-wrap elementor-element-populated\">\n\t\t\t\t\t\t<div class=\"elementor-element elementor-element-44ac7b3 elementor-widget elementor-widget-image\" data-id=\"44ac7b3\" data-element_type=\"widget\" data-widget_type=\"image.default\">\n\t\t\t\t<div class=\"elementor-widget-container\">\n\t\t\t\t\t\t\t\t\t\t\t\t\t\t\t<img decoding=\"async\" width=\"1024\" height=\"682\" data-src=\"https:\/\/uttijuana.edu.mx\/wp-content\/uploads\/2024\/09\/WhatsApp-Image-2024-09-05-at-4.55.50-PM-1024x682.jpeg\" class=\"attachment-large size-large wp-image-15226 lazyload\" alt=\"\" data-srcset=\"https:\/\/uttijuana.edu.mx\/wp-content\/uploads\/2024\/09\/WhatsApp-Image-2024-09-05-at-4.55.50-PM-1024x682.jpeg 1024w, https:\/\/uttijuana.edu.mx\/wp-content\/uploads\/2024\/09\/WhatsApp-Image-2024-09-05-at-4.55.50-PM-300x200.jpeg 300w, https:\/\/uttijuana.edu.mx\/wp-content\/uploads\/2024\/09\/WhatsApp-Image-2024-09-05-at-4.55.50-PM-768x511.jpeg 768w, https:\/\/uttijuana.edu.mx\/wp-content\/uploads\/2024\/09\/WhatsApp-Image-2024-09-05-at-4.55.50-PM.jpeg 1280w\" data-sizes=\"(max-width: 1024px) 100vw, 1024px\" src=\"data:image\/gif;base64,R0lGODlhAQABAAAAACH5BAEKAAEALAAAAAABAAEAAAICTAEAOw==\" style=\"--smush-placeholder-width: 1024px; --smush-placeholder-aspect-ratio: 1024\/682;\" \/>\t\t\t\t\t\t\t\t\t\t\t\t\t\t\t<\/div>\n\t\t\t\t<\/div>\n\t\t\t\t\t<\/div>\n\t\t<\/div>\n\t\t\t\t<div class=\"elementor-column elementor-col-33 elementor-top-column elementor-element elementor-element-d4841a6\" data-id=\"d4841a6\" data-element_type=\"column\">\n\t\t\t<div class=\"elementor-widget-wrap elementor-element-populated\">\n\t\t\t\t\t\t<div class=\"elementor-element elementor-element-c769d8f elementor-widget elementor-widget-image\" data-id=\"c769d8f\" data-element_type=\"widget\" data-widget_type=\"image.default\">\n\t\t\t\t<div class=\"elementor-widget-container\">\n\t\t\t\t\t\t\t\t\t\t\t\t\t\t\t<img decoding=\"async\" width=\"1024\" height=\"682\" data-src=\"https:\/\/uttijuana.edu.mx\/wp-content\/uploads\/2024\/09\/WhatsApp-Image-2024-09-05-at-4.55.56-PM-1024x682.jpeg\" class=\"attachment-large size-large wp-image-15225 lazyload\" alt=\"\" data-srcset=\"https:\/\/uttijuana.edu.mx\/wp-content\/uploads\/2024\/09\/WhatsApp-Image-2024-09-05-at-4.55.56-PM-1024x682.jpeg 1024w, https:\/\/uttijuana.edu.mx\/wp-content\/uploads\/2024\/09\/WhatsApp-Image-2024-09-05-at-4.55.56-PM-300x200.jpeg 300w, https:\/\/uttijuana.edu.mx\/wp-content\/uploads\/2024\/09\/WhatsApp-Image-2024-09-05-at-4.55.56-PM-768x511.jpeg 768w, https:\/\/uttijuana.edu.mx\/wp-content\/uploads\/2024\/09\/WhatsApp-Image-2024-09-05-at-4.55.56-PM.jpeg 1280w\" data-sizes=\"(max-width: 1024px) 100vw, 1024px\" src=\"data:image\/gif;base64,R0lGODlhAQABAAAAACH5BAEKAAEALAAAAAABAAEAAAICTAEAOw==\" style=\"--smush-placeholder-width: 1024px; --smush-placeholder-aspect-ratio: 1024\/682;\" \/>\t\t\t\t\t\t\t\t\t\t\t\t\t\t\t<\/div>\n\t\t\t\t<\/div>\n\t\t\t\t\t<\/div>\n\t\t<\/div>\n\t\t\t\t\t<\/div>\n\t\t<\/section>\n\t\t\t\t<section class=\"elementor-section elementor-top-section elementor-element elementor-element-6b09aa5 elementor-section-boxed elementor-section-height-default elementor-section-height-default wpr-particle-no wpr-jarallax-no wpr-parallax-no wpr-sticky-section-no\" data-id=\"6b09aa5\" data-element_type=\"section\">\n\t\t\t\t\t\t<div class=\"elementor-container elementor-column-gap-default\">\n\t\t\t\t\t<div class=\"elementor-column elementor-col-100 elementor-top-column elementor-element elementor-element-70554ce\" data-id=\"70554ce\" data-element_type=\"column\">\n\t\t\t<div class=\"elementor-widget-wrap elementor-element-populated\">\n\t\t\t\t\t\t<div class=\"elementor-element elementor-element-25a21e5 elementor-widget elementor-widget-spacer\" data-id=\"25a21e5\" data-element_type=\"widget\" data-widget_type=\"spacer.default\">\n\t\t\t\t<div class=\"elementor-widget-container\">\n\t\t\t\t\t\t\t<div class=\"elementor-spacer\">\n\t\t\t<div class=\"elementor-spacer-inner\"><\/div>\n\t\t<\/div>\n\t\t\t\t\t\t<\/div>\n\t\t\t\t<\/div>\n\t\t\t\t\t<\/div>\n\t\t<\/div>\n\t\t\t\t\t<\/div>\n\t\t<\/section>\n\t\t\t\t<\/div>\n\t\t","protected":false},"excerpt":{"rendered":"<p>RESPALDAN SECTURE Y CANIRAC LA LICENCIATURA EN GASTRONOM\u00cdA DE UTT Tijuana, Baja California a jueves 5 de septiembre 2024 \u2022 El Chef internacional Miguel \u00c1ngel Guerrero se sum\u00f3 al apoyo a las y los estudiantes que se preparan para convertirse en embajadores de la cocina bajacaliforniana TIJUANA.- Con el respaldo del sector tur\u00edstico y restaurantero, la Universidad Tecnol\u00f3gica de Tijuana (UTT) llev\u00f3 a cabo la presentaci\u00f3n de la Licenciatura en Gastronom\u00eda, carrera que contribuir\u00e1 a dar un mayor impulso a la oferta culinaria de Tijuana y de Baja California. El Secretario de Turismo del Estado, Miguel Agu\u00ed\u00f1iga Rodr\u00edguez, expres\u00f3 que este anuncio marca un antes y un despu\u00e9s en el desarrollo acad\u00e9mico y profesional del sector gastron\u00f3mico, ya habr\u00e1 m\u00e1s Chefs preparados para convertirse en embajadores de la cultura y tradici\u00f3n culinaria de la regi\u00f3n. \u201cDurante el tiempo que he encabezado estas tareas, he mencionado repetidamente que, Baja California es la cocina m\u00e1s revolucionaria de M\u00e9xico, y el d\u00eda de hoy presenciamos un paso m\u00e1s para mantenernos a la vanguardia, con la presentaci\u00f3n de la Licenciatura en Gastronom\u00eda de la Universidad Tecnol\u00f3gica de Tijuana\u201d, pronunci\u00f3. Por su parte, el rector de UTT, Mtro. Salvador Morales Riub\u00ed, destac\u00f3 que la Gastronom\u00eda forma parte de las Industrias Creativas que impulsa el Gobierno de Baja California, que encabeza la gobernadora Marina del Pilar \u00c1vila Olmeda, por lo que las y los estudiantes pueden tener la certeza de que es un sector que sigue en ascenso. \u201cNuestra apuesta hoy, es el que 120 estudiantes en una primera fase, puedan tomar la oportunidad de formarse en el conocimiento de la Gastronom\u00eda en este ciclo escolar, y que en tres a\u00f1os ocho meses podamos decir con mucho orgullo que aportamos al mercado laboral, como decimos en UTT, a profesionistas que resuelven\u201d. A la par de cursar el plan de estudios, las y los estudiantes de Gastronom\u00eda ser\u00e1n certificados en Est\u00e1ndares de Competencia por parte del CONOCER, en tres importantes rubros: preparaci\u00f3n de gastronom\u00eda mexicana popular y tradicional, prestaci\u00f3n del servicio de hoteler\u00eda con orientaci\u00f3n a la sostenibilidad y aplicaci\u00f3n de pr\u00e1cticas verdes en su \u00e1rea de trabajo. Por su parte, el Subsecretario de Educaci\u00f3n Media Superior, Superior e Investigaci\u00f3n de la Secretar\u00eda de Educaci\u00f3n del Estado, Mtro. Alejandro Rosales Sotelo, destac\u00f3 la labor que realiza la Universidad Tecnol\u00f3gica de Tijuana para que m\u00e1s j\u00f3venes cuenten con un espacio en la Licenciatura en Gastronom\u00eda en una universidad p\u00fablica. A nombre del sector restaurantero, la presidenta de Canirac Tijuana, Zaida L\u00f3pez S\u00e1nchez, celebr\u00f3 la apertura de la Licenciatura en Gastronom\u00eda en UTT y destac\u00f3 que esto se traduce en oportunidades para m\u00e1s familias, ya que sus hijas e hijos podr\u00e1n obtener formaci\u00f3n profesional. Adelant\u00f3 el inter\u00e9s en firmar un convenio de colaboraci\u00f3n y ofreci\u00f3 abrir las puertas de los restaurantes afiliados para que en su momento las y los estudiantes puedan poner en pr\u00e1ctica sus conocimientos. \u201cSi\u00e9ntanse apoyados por la Canirac, por su servidora y todo el consejo\u201d, coment\u00f3, \u201cque sea un gran inicio en nuestra ciudad\u201d. El Chef internacional, Miguel \u00c1ngel Guerrero, felicit\u00f3 a UTT y a la Secretar\u00eda de Turismo del Estado por unir esfuerzos para impulsar una carrera tan importante y tan necesaria para la regi\u00f3n. \u201cNecesitamos muchas y muchos Chefs, que est\u00e9n apasionados por esto de la cocina\u201d, expres\u00f3 el creador de la Cocina Baja Med, quien al dirigirse a las y los estudiantes de UTT les asegur\u00f3 que es una \u201cprofesi\u00f3n incre\u00edble\u201d, pero que tambi\u00e9n demanda un esfuerzo may\u00fasculo. Actualmente, la Universidad Tecnol\u00f3gica de Tijuana en su campus de Tijuana y en la Unidad Acad\u00e9mica Ensenada, cuenta con 240 estudiantes en formaci\u00f3n para convertirse en las y los futuros Chefs.<\/p>\n","protected":false},"author":2,"featured_media":0,"parent":0,"menu_order":0,"comment_status":"closed","ping_status":"closed","template":"","meta":{"_monsterinsights_skip_tracking":false,"_monsterinsights_sitenote_active":false,"_monsterinsights_sitenote_note":"","_monsterinsights_sitenote_category":0,"_uf_show_specific_survey":0,"_uf_disable_surveys":false,"site-sidebar-layout":"no-sidebar","site-content-layout":"page-builder","ast-site-content-layout":"full-width-container","site-content-style":"unboxed","site-sidebar-style":"unboxed","ast-global-header-display":"","ast-banner-title-visibility":"","ast-main-header-display":"","ast-hfb-above-header-display":"","ast-hfb-below-header-display":"","ast-hfb-mobile-header-display":"","site-post-title":"disabled","ast-breadcrumbs-content":"","ast-featured-img":"disabled","footer-sml-layout":"","ast-disable-related-posts":"","theme-transparent-header-meta":"","adv-header-id-meta":"","stick-header-meta":"","header-above-stick-meta":"","header-main-stick-meta":"","header-below-stick-meta":"","astra-migrate-meta-layouts":"set","ast-page-background-enabled":"default","ast-page-background-meta":{"desktop":{"background-color":"","background-image":"","background-repeat":"repeat","background-position":"center center","background-size":"auto","background-attachment":"scroll","background-type":"","background-media":"","overlay-type":"","overlay-color":"","overlay-opacity":"","overlay-gradient":""},"tablet":{"background-color":"","background-image":"","background-repeat":"repeat","background-position":"center center","background-size":"auto","background-attachment":"scroll","background-type":"","background-media":"","overlay-type":"","overlay-color":"","overlay-opacity":"","overlay-gradient":""},"mobile":{"background-color":"","background-image":"","background-repeat":"repeat","background-position":"center center","background-size":"auto","background-attachment":"scroll","background-type":"","background-media":"","overlay-type":"","overlay-color":"","overlay-opacity":"","overlay-gradient":""}},"ast-content-background-meta":{"desktop":{"background-color":"var(--ast-global-color-5)","background-image":"","background-repeat":"repeat","background-position":"center center","background-size":"auto","background-attachment":"scroll","background-type":"","background-media":"","overlay-type":"","overlay-color":"","overlay-opacity":"","overlay-gradient":""},"tablet":{"background-color":"var(--ast-global-color-5)","background-image":"","background-repeat":"repeat","background-position":"center center","background-size":"auto","background-attachment":"scroll","background-type":"","background-media":"","overlay-type":"","overlay-color":"","overlay-opacity":"","overlay-gradient":""},"mobile":{"background-color":"var(--ast-global-color-5)","background-image":"","background-repeat":"repeat","background-position":"center center","background-size":"auto","background-attachment":"scroll","background-type":"","background-media":"","overlay-type":"","overlay-color":"","overlay-opacity":"","overlay-gradient":""}},"footnotes":""},"class_list":["post-15236","page","type-page","status-publish","hentry"],"_links":{"self":[{"href":"https:\/\/uttijuana.edu.mx\/index.php\/wp-json\/wp\/v2\/pages\/15236","targetHints":{"allow":["GET"]}}],"collection":[{"href":"https:\/\/uttijuana.edu.mx\/index.php\/wp-json\/wp\/v2\/pages"}],"about":[{"href":"https:\/\/uttijuana.edu.mx\/index.php\/wp-json\/wp\/v2\/types\/page"}],"author":[{"embeddable":true,"href":"https:\/\/uttijuana.edu.mx\/index.php\/wp-json\/wp\/v2\/users\/2"}],"replies":[{"embeddable":true,"href":"https:\/\/uttijuana.edu.mx\/index.php\/wp-json\/wp\/v2\/comments?post=15236"}],"version-history":[{"count":4,"href":"https:\/\/uttijuana.edu.mx\/index.php\/wp-json\/wp\/v2\/pages\/15236\/revisions"}],"predecessor-version":[{"id":15241,"href":"https:\/\/uttijuana.edu.mx\/index.php\/wp-json\/wp\/v2\/pages\/15236\/revisions\/15241"}],"wp:attachment":[{"href":"https:\/\/uttijuana.edu.mx\/index.php\/wp-json\/wp\/v2\/media?parent=15236"}],"curies":[{"name":"wp","href":"https:\/\/api.w.org\/{rel}","templated":true}]}}