{"id":15319,"date":"2024-09-25T17:03:47","date_gmt":"2024-09-25T17:03:47","guid":{"rendered":"https:\/\/uttijuana.edu.mx\/?page_id=15319"},"modified":"2025-11-21T17:47:00","modified_gmt":"2025-11-21T17:47:00","slug":"contraloria-social-2","status":"publish","type":"page","link":"https:\/\/uttijuana.edu.mx\/index.php\/contraloria-social-2\/","title":{"rendered":"Contraloria Social"},"content":{"rendered":"\t\t<div data-elementor-type=\"wp-page\" data-elementor-id=\"15319\" class=\"elementor elementor-15319\" data-elementor-post-type=\"page\">\n\t\t\t\t\t\t<section class=\"elementor-section elementor-top-section elementor-element elementor-element-756e7d9 elementor-section-boxed elementor-section-height-default elementor-section-height-default wpr-particle-no wpr-jarallax-no wpr-parallax-no wpr-sticky-section-no\" data-id=\"756e7d9\" data-element_type=\"section\">\n\t\t\t\t\t\t<div class=\"elementor-container elementor-column-gap-default\">\n\t\t\t\t\t<div class=\"elementor-column elementor-col-100 elementor-top-column elementor-element elementor-element-e7ef6df\" data-id=\"e7ef6df\" data-element_type=\"column\">\n\t\t\t<div class=\"elementor-widget-wrap elementor-element-populated\">\n\t\t\t\t\t\t<div class=\"elementor-element elementor-element-548d41e elementor-widget elementor-widget-heading\" data-id=\"548d41e\" data-element_type=\"widget\" data-widget_type=\"heading.default\">\n\t\t\t\t<div class=\"elementor-widget-container\">\n\t\t\t\t\t<h2 class=\"elementor-heading-title elementor-size-default\">CONTRALOR\u00cdA SOCIAL<\/h2>\t\t\t\t<\/div>\n\t\t\t\t<\/div>\n\t\t\t\t\t<\/div>\n\t\t<\/div>\n\t\t\t\t\t<\/div>\n\t\t<\/section>\n\t\t\t\t<section class=\"elementor-section elementor-top-section elementor-element elementor-element-201f7d6 elementor-section-boxed elementor-section-height-default elementor-section-height-default wpr-particle-no wpr-jarallax-no wpr-parallax-no wpr-sticky-section-no\" data-id=\"201f7d6\" data-element_type=\"section\">\n\t\t\t\t\t\t<div class=\"elementor-container elementor-column-gap-default\">\n\t\t\t\t\t<div class=\"elementor-column elementor-col-100 elementor-top-column elementor-element elementor-element-fa94d57\" data-id=\"fa94d57\" data-element_type=\"column\">\n\t\t\t<div class=\"elementor-widget-wrap elementor-element-populated\">\n\t\t\t\t\t\t<div class=\"elementor-element elementor-element-240019f elementor-widget elementor-widget-spacer\" data-id=\"240019f\" data-element_type=\"widget\" data-widget_type=\"spacer.default\">\n\t\t\t\t<div class=\"elementor-widget-container\">\n\t\t\t\t\t\t\t<div class=\"elementor-spacer\">\n\t\t\t<div class=\"elementor-spacer-inner\"><\/div>\n\t\t<\/div>\n\t\t\t\t\t\t<\/div>\n\t\t\t\t<\/div>\n\t\t\t\t\t<\/div>\n\t\t<\/div>\n\t\t\t\t\t<\/div>\n\t\t<\/section>\n\t\t\t\t<section class=\"elementor-section elementor-top-section elementor-element elementor-element-f994276 elementor-section-boxed elementor-section-height-default elementor-section-height-default wpr-particle-no wpr-jarallax-no wpr-parallax-no wpr-sticky-section-no\" data-id=\"f994276\" data-element_type=\"section\">\n\t\t\t\t\t\t<div class=\"elementor-container elementor-column-gap-default\">\n\t\t\t\t\t<div class=\"elementor-column elementor-col-100 elementor-top-column elementor-element elementor-element-a0835f8\" data-id=\"a0835f8\" data-element_type=\"column\">\n\t\t\t<div class=\"elementor-widget-wrap elementor-element-populated\">\n\t\t\t\t\t\t<div class=\"elementor-element elementor-element-b87abed elementor-widget elementor-widget-heading\" data-id=\"b87abed\" data-element_type=\"widget\" data-widget_type=\"heading.default\">\n\t\t\t\t<div class=\"elementor-widget-container\">\n\t\t\t\t\t<h3 class=\"elementor-heading-title elementor-size-default\">La Contralor\u00eda Social es un mecanismo para que las y los\nbeneficiarios, de manera organizada, puedan verificar el cumplimiento\nde las metas y la correcta aplicaci\u00f3n de los recursos p\u00fablicos\nasignados a programas de Desarrollo Social.<p><\/p>\nCada instituci\u00f3n debe crear un comit\u00e9 conformado por la comunidad\nuniversitaria, cuya funci\u00f3n es vigilar el ejercicio de los recursos\np\u00fablicos de manera oportuna, transparente y en apego a las reglas de\naplicaci\u00f3n, adem\u00e1s de observar que exista documentaci\u00f3n\ncomprobatoria del ejercicio de los recursos y la entrega de los\nbeneficios.<\/h3>\t\t\t\t<\/div>\n\t\t\t\t<\/div>\n\t\t\t\t<div class=\"elementor-element elementor-element-a555a38 elementor-widget elementor-widget-spacer\" data-id=\"a555a38\" data-element_type=\"widget\" data-widget_type=\"spacer.default\">\n\t\t\t\t<div class=\"elementor-widget-container\">\n\t\t\t\t\t\t\t<div class=\"elementor-spacer\">\n\t\t\t<div class=\"elementor-spacer-inner\"><\/div>\n\t\t<\/div>\n\t\t\t\t\t\t<\/div>\n\t\t\t\t<\/div>\n\t\t\t\t<div class=\"elementor-element elementor-element-7f59b54 elementor-widget elementor-widget-heading\" data-id=\"7f59b54\" data-element_type=\"widget\" data-widget_type=\"heading.default\">\n\t\t\t\t<div class=\"elementor-widget-container\">\n\t\t\t\t\t<h5 class=\"elementor-heading-title elementor-size-default\"><b> DOCUMENTOS<\/h5>\t\t\t\t<\/div>\n\t\t\t\t<\/div>\n\t\t\t\t<div class=\"elementor-element elementor-element-2b5e751 elementor-widget elementor-widget-heading\" data-id=\"2b5e751\" data-element_type=\"widget\" data-widget_type=\"heading.default\">\n\t\t\t\t<div class=\"elementor-widget-container\">\n\t\t\t\t\t<h5 class=\"elementor-heading-title elementor-size-default\"><a href=\"https:\/\/uttijuana.edu.mx\/wp-content\/uploads\/2025\/11\/PTIE-2025-U006.pdf\">\u2022 PTIE 2025 U006<\/a><\/h5>\t\t\t\t<\/div>\n\t\t\t\t<\/div>\n\t\t\t\t<div class=\"elementor-element elementor-element-7e6ba8f elementor-widget elementor-widget-heading\" data-id=\"7e6ba8f\" data-element_type=\"widget\" data-widget_type=\"heading.default\">\n\t\t\t\t<div class=\"elementor-widget-container\">\n\t\t\t\t\t<h5 class=\"elementor-heading-title elementor-size-default\"><a href=\"https:\/\/uttijuana.edu.mx\/wp-content\/uploads\/2025\/11\/ESQUEMA-DE-CONTRALORIA-SOCIAL-2025.pdf\">\u2022 Esquema de Contralor\u00eda Social 2025<\/a><\/h5>\t\t\t\t<\/div>\n\t\t\t\t<\/div>\n\t\t\t\t<div class=\"elementor-element elementor-element-8297d25 elementor-widget elementor-widget-heading\" data-id=\"8297d25\" data-element_type=\"widget\" data-widget_type=\"heading.default\">\n\t\t\t\t<div class=\"elementor-widget-container\">\n\t\t\t\t\t<h5 class=\"elementor-heading-title elementor-size-default\"><a href=\"https:\/\/uttijuana.edu.mx\/wp-content\/uploads\/2025\/11\/GUIA-OPERATIVA-CONTRALORIA-SOCIAL-2025.pdf\">\u2022 Gu\u00eda Operativa de Contralor\u00eda Social 2025<\/a><\/h5>\t\t\t\t<\/div>\n\t\t\t\t<\/div>\n\t\t\t\t<div class=\"elementor-element elementor-element-1c31e7f elementor-widget elementor-widget-heading\" data-id=\"1c31e7f\" data-element_type=\"widget\" data-widget_type=\"heading.default\">\n\t\t\t\t<div class=\"elementor-widget-container\">\n\t\t\t\t\t<h5 class=\"elementor-heading-title elementor-size-default\"><b> FORMATOS<\/h5>\t\t\t\t<\/div>\n\t\t\t\t<\/div>\n\t\t\t\t<div class=\"elementor-element elementor-element-737be59 elementor-widget elementor-widget-heading\" data-id=\"737be59\" data-element_type=\"widget\" data-widget_type=\"heading.default\">\n\t\t\t\t<div class=\"elementor-widget-container\">\n\t\t\t\t\t<h5 class=\"elementor-heading-title elementor-size-default\"><a href=\"https:\/\/uttijuana.edu.mx\/wp-content\/uploads\/2025\/11\/ANEXO-1-ACTA-DE-CONSTITUCION-DEL-COMITE-DE-CONTRALORIA-SOCIAL-ESCRITO.pdf\">\u2022 Anexo 1. Acta de Constituci\u00f3n del Comit\u00e9 de Contralor\u00eda Social (Escrito) \n<\/a><\/h5>\t\t\t\t<\/div>\n\t\t\t\t<\/div>\n\t\t\t\t<div class=\"elementor-element elementor-element-e5b5a93 elementor-widget elementor-widget-heading\" data-id=\"e5b5a93\" data-element_type=\"widget\" data-widget_type=\"heading.default\">\n\t\t\t\t<div class=\"elementor-widget-container\">\n\t\t\t\t\t<h5 class=\"elementor-heading-title elementor-size-default\"><a href=\"https:\/\/uttijuana.edu.mx\/wp-content\/uploads\/2025\/11\/ANEXO-2-ACTA-DE-SUSTITUCION-DE-INTEGRANTES-DEL-COMITE.pdf\">\u2022 Anexo 2. Acta de Sustituci\u00f3n de Integrantes del Comit\u00e9 \n<\/a><\/h5>\t\t\t\t<\/div>\n\t\t\t\t<\/div>\n\t\t\t\t<div class=\"elementor-element elementor-element-3159daa elementor-widget elementor-widget-heading\" data-id=\"3159daa\" data-element_type=\"widget\" data-widget_type=\"heading.default\">\n\t\t\t\t<div class=\"elementor-widget-container\">\n\t\t\t\t\t<h5 class=\"elementor-heading-title elementor-size-default\"><a href=\"https:\/\/uttijuana.edu.mx\/wp-content\/uploads\/2025\/11\/ANEXO-3-MINUTA-DE-REUNION-DEL-COMITE-DE-CONTRALORIA-SOCIAL.pdf\">\u2022 Anexo 3. Minuta de Reuni\u00f3n del Comit\u00e9 de Contralor\u00eda Social <\/a><\/h5>\t\t\t\t<\/div>\n\t\t\t\t<\/div>\n\t\t\t\t<div class=\"elementor-element elementor-element-8255c6c elementor-widget elementor-widget-heading\" data-id=\"8255c6c\" data-element_type=\"widget\" data-widget_type=\"heading.default\">\n\t\t\t\t<div class=\"elementor-widget-container\">\n\t\t\t\t\t<h5 class=\"elementor-heading-title elementor-size-default\"><a href=\"https:\/\/uttijuana.edu.mx\/wp-content\/uploads\/2025\/11\/Anexo-4-Informe-del-CCS.pdf\">\u2022 Anexo 4. Informe del CCS\n<\/a><\/h5>\t\t\t\t<\/div>\n\t\t\t\t<\/div>\n\t\t\t\t<div class=\"elementor-element elementor-element-9b07393 elementor-widget elementor-widget-heading\" data-id=\"9b07393\" data-element_type=\"widget\" data-widget_type=\"heading.default\">\n\t\t\t\t<div class=\"elementor-widget-container\">\n\t\t\t\t\t<h5 class=\"elementor-heading-title elementor-size-default\"><b> NORMATIVIDAD<\/h5>\t\t\t\t<\/div>\n\t\t\t\t<\/div>\n\t\t\t\t<div class=\"elementor-element elementor-element-1fe8ccd elementor-widget elementor-widget-heading\" data-id=\"1fe8ccd\" data-element_type=\"widget\" data-widget_type=\"heading.default\">\n\t\t\t\t<div class=\"elementor-widget-container\">\n\t\t\t\t\t<h5 class=\"elementor-heading-title elementor-size-default\"><a href=\"https:\/\/uttijuana.edu.mx\/wp-content\/uploads\/2025\/11\/LEY-GENERAL-DE-DESARROLLO-SOCIAL.pdf\">\u2022 Ley General de Desarrollo Social \n<\/a><\/h5>\t\t\t\t<\/div>\n\t\t\t\t<\/div>\n\t\t\t\t<div class=\"elementor-element elementor-element-40b20b6 elementor-widget elementor-widget-heading\" data-id=\"40b20b6\" data-element_type=\"widget\" data-widget_type=\"heading.default\">\n\t\t\t\t<div class=\"elementor-widget-container\">\n\t\t\t\t\t<h5 class=\"elementor-heading-title elementor-size-default\"><a href=\"https:\/\/uttijuana.edu.mx\/wp-content\/uploads\/2025\/11\/SECRETARIA-DE-LA-FUNCION-PUBLICA.pdf\">\u2022 Secretar\u00eda de la Funci\u00f3n P\u00fablica \n<\/a><\/h5>\t\t\t\t<\/div>\n\t\t\t\t<\/div>\n\t\t\t\t<div class=\"elementor-element elementor-element-4fd58fd elementor-widget elementor-widget-heading\" data-id=\"4fd58fd\" data-element_type=\"widget\" data-widget_type=\"heading.default\">\n\t\t\t\t<div class=\"elementor-widget-container\">\n\t\t\t\t\t<h5 class=\"elementor-heading-title elementor-size-default\"><a href=\"https:\/\/uttijuana.edu.mx\/wp-content\/uploads\/2025\/11\/REGLAMENTO-DE-LA-LEY-GENERAL-DE-DESARROLLO-SOCIAL.pdf\">\u2022 Reglamento de la Ley General de Desarrollo Social\n\n<\/a><\/h5>\t\t\t\t<\/div>\n\t\t\t\t<\/div>\n\t\t\t\t<div class=\"elementor-element elementor-element-ca2740f elementor-widget elementor-widget-heading\" data-id=\"ca2740f\" data-element_type=\"widget\" data-widget_type=\"heading.default\">\n\t\t\t\t<div class=\"elementor-widget-container\">\n\t\t\t\t\t<h5 class=\"elementor-heading-title elementor-size-default\"><b> MATERIAL DE DIFUSI\u00d3N <\/h5>\t\t\t\t<\/div>\n\t\t\t\t<\/div>\n\t\t\t\t<div class=\"elementor-element elementor-element-3ca4c84 elementor-widget elementor-widget-heading\" data-id=\"3ca4c84\" data-element_type=\"widget\" data-widget_type=\"heading.default\">\n\t\t\t\t<div class=\"elementor-widget-container\">\n\t\t\t\t\t<h5 class=\"elementor-heading-title elementor-size-default\"><a href=\"https:\/\/uttijuana.edu.mx\/wp-content\/uploads\/2025\/11\/TRIPTICO-CONTRALORIA-SOCIAL-UTT.pdf\">\u2022 Tr\u00edptico Contralor\u00eda Social UTT\n<\/a><\/h5>\t\t\t\t<\/div>\n\t\t\t\t<\/div>\n\t\t\t\t<div class=\"elementor-element elementor-element-5199a15 elementor-widget elementor-widget-heading\" data-id=\"5199a15\" data-element_type=\"widget\" data-widget_type=\"heading.default\">\n\t\t\t\t<div class=\"elementor-widget-container\">\n\t\t\t\t\t<h5 class=\"elementor-heading-title elementor-size-default\"><a href=\"https:\/\/uttijuana.edu.mx\/wp-content\/uploads\/2025\/11\/Instancia-Normativa-Proceso-de-Contraloria-Social-U006-2025.pdf\">\u2022 Instancia Normativa \u2013 Proceso de Contralor\u00eda Social U006 2025\n<\/a><\/h5>\t\t\t\t<\/div>\n\t\t\t\t<\/div>\n\t\t\t\t<div class=\"elementor-element elementor-element-2c7d0d4 elementor-widget elementor-widget-heading\" data-id=\"2c7d0d4\" data-element_type=\"widget\" data-widget_type=\"heading.default\">\n\t\t\t\t<div class=\"elementor-widget-container\">\n\t\t\t\t\t<h5 class=\"elementor-heading-title elementor-size-default\"><a href=\"https:\/\/uttijuana.edu.mx\/wp-content\/uploads\/2025\/11\/Instancia-Normativa-Cartel-de-Contraloria-Social-2025-U006.pdf\">\u2022 Instancia Normativa \u2013 Cartel de Contralor\u00eda Social 2025 U006 \n\n<\/a><\/h5>\t\t\t\t<\/div>\n\t\t\t\t<\/div>\n\t\t\t\t<div class=\"elementor-element elementor-element-ed42e68 elementor-widget elementor-widget-heading\" data-id=\"ed42e68\" data-element_type=\"widget\" data-widget_type=\"heading.default\">\n\t\t\t\t<div class=\"elementor-widget-container\">\n\t\t\t\t\t<h5 class=\"elementor-heading-title elementor-size-default\"><b> MATERIAL DE CAPACITACI\u00d3N <\/h5>\t\t\t\t<\/div>\n\t\t\t\t<\/div>\n\t\t\t\t<div class=\"elementor-element elementor-element-f3c490d elementor-widget elementor-widget-heading\" data-id=\"f3c490d\" data-element_type=\"widget\" data-widget_type=\"heading.default\">\n\t\t\t\t<div class=\"elementor-widget-container\">\n\t\t\t\t\t<h5 class=\"elementor-heading-title elementor-size-default\"><a href=\"https:\/\/uttijuana.edu.mx\/wp-content\/uploads\/2025\/11\/MATERIAL-DE-CAPACITACION-CONTRALORIA-SOCIAL-2025.pdf\">\u2022 Material de Capacitaci\u00f3n de Contralor\u00eda Social 2025\n<\/a><\/h5>\t\t\t\t<\/div>\n\t\t\t\t<\/div>\n\t\t\t\t<div class=\"elementor-element elementor-element-725052f elementor-widget elementor-widget-heading\" data-id=\"725052f\" data-element_type=\"widget\" data-widget_type=\"heading.default\">\n\t\t\t\t<div class=\"elementor-widget-container\">\n\t\t\t\t\t<h5 class=\"elementor-heading-title elementor-size-default\"><a href=\"https:\/\/uttijuana.edu.mx\/wp-content\/uploads\/2025\/11\/Instancia-Normativa-Presentacion-de-Contraloria-Social-U006-2025-.pdf\">\u2022 Instancia Normativa \u2013 Presentaci\u00f3n de Contralor\u00eda Social U006 2025\n<\/a><\/h5>\t\t\t\t<\/div>\n\t\t\t\t<\/div>\n\t\t\t\t<div class=\"elementor-element elementor-element-d23f4a1 elementor-widget elementor-widget-spacer\" data-id=\"d23f4a1\" data-element_type=\"widget\" data-widget_type=\"spacer.default\">\n\t\t\t\t<div class=\"elementor-widget-container\">\n\t\t\t\t\t\t\t<div class=\"elementor-spacer\">\n\t\t\t<div class=\"elementor-spacer-inner\"><\/div>\n\t\t<\/div>\n\t\t\t\t\t\t<\/div>\n\t\t\t\t<\/div>\n\t\t\t\t<div class=\"elementor-element elementor-element-1994c32 elementor-widget elementor-widget-spacer\" data-id=\"1994c32\" data-element_type=\"widget\" data-widget_type=\"spacer.default\">\n\t\t\t\t<div class=\"elementor-widget-container\">\n\t\t\t\t\t\t\t<div class=\"elementor-spacer\">\n\t\t\t<div class=\"elementor-spacer-inner\"><\/div>\n\t\t<\/div>\n\t\t\t\t\t\t<\/div>\n\t\t\t\t<\/div>\n\t\t\t\t<div class=\"elementor-element elementor-element-70995cf elementor-widget elementor-widget-heading\" data-id=\"70995cf\" data-element_type=\"widget\" data-widget_type=\"heading.default\">\n\t\t\t\t<div class=\"elementor-widget-container\">\n\t\t\t\t\t<h5 class=\"elementor-heading-title elementor-size-default\">Enlace de la Contralor\u00eda Social:\n<\/h5>\t\t\t\t<\/div>\n\t\t\t\t<\/div>\n\t\t\t\t<div class=\"elementor-element elementor-element-6411e41 elementor-widget elementor-widget-heading\" data-id=\"6411e41\" data-element_type=\"widget\" data-widget_type=\"heading.default\">\n\t\t\t\t<div class=\"elementor-widget-container\">\n\t\t\t\t\t<h5 class=\"elementor-heading-title elementor-size-default\">Nombre: Lic. Ingrid Arlene Arroyo Granados<br>\nTel\u00e9fonos: 664 969  4700 ext. 4726<\/h5>\t\t\t\t<\/div>\n\t\t\t\t<\/div>\n\t\t\t\t<div class=\"elementor-element elementor-element-9999d24 elementor-widget elementor-widget-heading\" data-id=\"9999d24\" data-element_type=\"widget\" data-widget_type=\"heading.default\">\n\t\t\t\t<div class=\"elementor-widget-container\">\n\t\t\t\t\t<h5 class=\"elementor-heading-title elementor-size-default\"><a href=\"http:\/\/rmateriales@uttijuana.edu.mx\">Correo electr\u00f3nico: rmateriales@uttijuana.edu.mx <br>\nQuejas y Denuncias: quejas_denuncias@nube.sep.gob.mx<\/a><\/h5>\t\t\t\t<\/div>\n\t\t\t\t<\/div>\n\t\t\t\t\t<\/div>\n\t\t<\/div>\n\t\t\t\t\t<\/div>\n\t\t<\/section>\n\t\t\t\t<\/div>\n\t\t","protected":false},"excerpt":{"rendered":"<p>CONTRALOR\u00cdA SOCIAL La Contralor\u00eda Social es un mecanismo para que las y los beneficiarios, de manera organizada, puedan verificar el cumplimiento de las metas y la correcta aplicaci\u00f3n de los recursos p\u00fablicos asignados a programas de Desarrollo Social. Cada instituci\u00f3n debe crear un comit\u00e9 conformado por la comunidad universitaria, cuya funci\u00f3n es vigilar el ejercicio de los recursos p\u00fablicos de manera oportuna, transparente y en apego a las reglas de aplicaci\u00f3n, adem\u00e1s de observar que exista documentaci\u00f3n comprobatoria del ejercicio de los recursos y la entrega de los beneficios. DOCUMENTOS \u2022 PTIE 2025 U006 \u2022 Esquema de Contralor\u00eda Social 2025 \u2022 Gu\u00eda Operativa de Contralor\u00eda Social 2025 FORMATOS \u2022 Anexo 1. Acta de Constituci\u00f3n del Comit\u00e9 de Contralor\u00eda Social (Escrito) \u2022 Anexo 2. Acta de Sustituci\u00f3n de Integrantes del Comit\u00e9 \u2022 Anexo 3. Minuta de Reuni\u00f3n del Comit\u00e9 de Contralor\u00eda Social \u2022 Anexo 4. Informe del CCS NORMATIVIDAD \u2022 Ley General de Desarrollo Social \u2022 Secretar\u00eda de la Funci\u00f3n P\u00fablica \u2022 Reglamento de la Ley General de Desarrollo Social MATERIAL DE DIFUSI\u00d3N \u2022 Tr\u00edptico Contralor\u00eda Social UTT \u2022 Instancia Normativa \u2013 Proceso de Contralor\u00eda Social U006 2025 \u2022 Instancia Normativa \u2013 Cartel de Contralor\u00eda Social 2025 U006 MATERIAL DE CAPACITACI\u00d3N \u2022 Material de Capacitaci\u00f3n de Contralor\u00eda Social 2025 \u2022 Instancia Normativa \u2013 Presentaci\u00f3n de Contralor\u00eda Social U006 2025 Enlace de la Contralor\u00eda Social: Nombre: Lic. Ingrid Arlene Arroyo Granados Tel\u00e9fonos: 664 969 4700 ext. 4726 Correo electr\u00f3nico: rmateriales@uttijuana.edu.mx Quejas y Denuncias: quejas_denuncias@nube.sep.gob.mx<\/p>\n","protected":false},"author":2,"featured_media":0,"parent":0,"menu_order":0,"comment_status":"closed","ping_status":"closed","template":"","meta":{"_monsterinsights_skip_tracking":false,"_monsterinsights_sitenote_active":false,"_monsterinsights_sitenote_note":"","_monsterinsights_sitenote_category":0,"_uf_show_specific_survey":0,"_uf_disable_surveys":false,"site-sidebar-layout":"no-sidebar","site-content-layout":"page-builder","ast-site-content-layout":"full-width-container","site-content-style":"default","site-sidebar-style":"default","ast-global-header-display":"","ast-banner-title-visibility":"","ast-main-header-display":"","ast-hfb-above-header-display":"","ast-hfb-below-header-display":"","ast-hfb-mobile-header-display":"","site-post-title":"disabled","ast-breadcrumbs-content":"","ast-featured-img":"disabled","footer-sml-layout":"","ast-disable-related-posts":"","theme-transparent-header-meta":"","adv-header-id-meta":"","stick-header-meta":"","header-above-stick-meta":"","header-main-stick-meta":"","header-below-stick-meta":"","astra-migrate-meta-layouts":"set","ast-page-background-enabled":"default","ast-page-background-meta":{"desktop":{"background-color":"","background-image":"","background-repeat":"repeat","background-position":"center center","background-size":"auto","background-attachment":"scroll","background-type":"","background-media":"","overlay-type":"","overlay-color":"","overlay-opacity":"","overlay-gradient":""},"tablet":{"background-color":"","background-image":"","background-repeat":"repeat","background-position":"center center","background-size":"auto","background-attachment":"scroll","background-type":"","background-media":"","overlay-type":"","overlay-color":"","overlay-opacity":"","overlay-gradient":""},"mobile":{"background-color":"","background-image":"","background-repeat":"repeat","background-position":"center center","background-size":"auto","background-attachment":"scroll","background-type":"","background-media":"","overlay-type":"","overlay-color":"","overlay-opacity":"","overlay-gradient":""}},"ast-content-background-meta":{"desktop":{"background-color":"var(--ast-global-color-5)","background-image":"","background-repeat":"repeat","background-position":"center center","background-size":"auto","background-attachment":"scroll","background-type":"","background-media":"","overlay-type":"","overlay-color":"","overlay-opacity":"","overlay-gradient":""},"tablet":{"background-color":"var(--ast-global-color-5)","background-image":"","background-repeat":"repeat","background-position":"center center","background-size":"auto","background-attachment":"scroll","background-type":"","background-media":"","overlay-type":"","overlay-color":"","overlay-opacity":"","overlay-gradient":""},"mobile":{"background-color":"var(--ast-global-color-5)","background-image":"","background-repeat":"repeat","background-position":"center center","background-size":"auto","background-attachment":"scroll","background-type":"","background-media":"","overlay-type":"","overlay-color":"","overlay-opacity":"","overlay-gradient":""}},"footnotes":""},"class_list":["post-15319","page","type-page","status-publish","hentry"],"_links":{"self":[{"href":"https:\/\/uttijuana.edu.mx\/index.php\/wp-json\/wp\/v2\/pages\/15319","targetHints":{"allow":["GET"]}}],"collection":[{"href":"https:\/\/uttijuana.edu.mx\/index.php\/wp-json\/wp\/v2\/pages"}],"about":[{"href":"https:\/\/uttijuana.edu.mx\/index.php\/wp-json\/wp\/v2\/types\/page"}],"author":[{"embeddable":true,"href":"https:\/\/uttijuana.edu.mx\/index.php\/wp-json\/wp\/v2\/users\/2"}],"replies":[{"embeddable":true,"href":"https:\/\/uttijuana.edu.mx\/index.php\/wp-json\/wp\/v2\/comments?post=15319"}],"version-history":[{"count":95,"href":"https:\/\/uttijuana.edu.mx\/index.php\/wp-json\/wp\/v2\/pages\/15319\/revisions"}],"predecessor-version":[{"id":18350,"href":"https:\/\/uttijuana.edu.mx\/index.php\/wp-json\/wp\/v2\/pages\/15319\/revisions\/18350"}],"wp:attachment":[{"href":"https:\/\/uttijuana.edu.mx\/index.php\/wp-json\/wp\/v2\/media?parent=15319"}],"curies":[{"name":"wp","href":"https:\/\/api.w.org\/{rel}","templated":true}]}}