{"id":15585,"date":"2024-10-08T20:59:02","date_gmt":"2024-10-08T20:59:02","guid":{"rendered":"https:\/\/uttijuana.edu.mx\/?page_id=15585"},"modified":"2024-10-08T22:02:49","modified_gmt":"2024-10-08T22:02:49","slug":"representara-utt-a-baja-california-en-competencia-nacional-de-vehiculos-solares","status":"publish","type":"page","link":"https:\/\/uttijuana.edu.mx\/index.php\/representara-utt-a-baja-california-en-competencia-nacional-de-vehiculos-solares\/","title":{"rendered":"REPRESENTAR\u00c1 UTT A BAJA CALIFORNIA EN COMPETENCIA NACIONAL DE VEH\u00cdCULOS SOLARES"},"content":{"rendered":"\t\t<div data-elementor-type=\"wp-page\" data-elementor-id=\"15585\" class=\"elementor elementor-15585\" data-elementor-post-type=\"page\">\n\t\t\t\t\t\t<section class=\"elementor-section elementor-top-section elementor-element elementor-element-3894c10b elementor-section-boxed elementor-section-height-default elementor-section-height-default wpr-particle-no wpr-jarallax-no wpr-parallax-no wpr-sticky-section-no\" data-id=\"3894c10b\" data-element_type=\"section\">\n\t\t\t\t\t\t<div class=\"elementor-container elementor-column-gap-default\">\n\t\t\t\t\t<div class=\"elementor-column elementor-col-100 elementor-top-column elementor-element elementor-element-32873d70\" data-id=\"32873d70\" data-element_type=\"column\">\n\t\t\t<div class=\"elementor-widget-wrap elementor-element-populated\">\n\t\t\t\t\t\t<div class=\"elementor-element elementor-element-1d198b39 elementor-widget elementor-widget-heading\" data-id=\"1d198b39\" data-element_type=\"widget\" data-widget_type=\"heading.default\">\n\t\t\t\t<div class=\"elementor-widget-container\">\n\t\t\t\t\t<h2 class=\"elementor-heading-title elementor-size-default\">REPRESENTAR\u00c1 UTT A BAJA CALIFORNIA EN COMPETENCIA NACIONAL DE VEH\u00cdCULOS SOLARES <\/h2>\t\t\t\t<\/div>\n\t\t\t\t<\/div>\n\t\t\t\t<div class=\"elementor-element elementor-element-11f5022 elementor-widget elementor-widget-image\" data-id=\"11f5022\" data-element_type=\"widget\" data-widget_type=\"image.default\">\n\t\t\t\t<div class=\"elementor-widget-container\">\n\t\t\t\t\t\t\t\t\t\t\t\t\t\t\t<img fetchpriority=\"high\" decoding=\"async\" width=\"768\" height=\"540\" src=\"https:\/\/uttijuana.edu.mx\/wp-content\/uploads\/2024\/10\/WhatsApp-Image-2024-10-08-at-10.38.36-AM-768x540.jpeg\" class=\"attachment-medium_large size-medium_large wp-image-15587\" alt=\"\" srcset=\"https:\/\/uttijuana.edu.mx\/wp-content\/uploads\/2024\/10\/WhatsApp-Image-2024-10-08-at-10.38.36-AM-768x540.jpeg 768w, https:\/\/uttijuana.edu.mx\/wp-content\/uploads\/2024\/10\/WhatsApp-Image-2024-10-08-at-10.38.36-AM-300x211.jpeg 300w, https:\/\/uttijuana.edu.mx\/wp-content\/uploads\/2024\/10\/WhatsApp-Image-2024-10-08-at-10.38.36-AM-1024x720.jpeg 1024w, https:\/\/uttijuana.edu.mx\/wp-content\/uploads\/2024\/10\/WhatsApp-Image-2024-10-08-at-10.38.36-AM.jpeg 1336w\" sizes=\"(max-width: 768px) 100vw, 768px\" \/>\t\t\t\t\t\t\t\t\t\t\t\t\t\t\t<\/div>\n\t\t\t\t<\/div>\n\t\t\t\t<div class=\"elementor-element elementor-element-54d38dc elementor-widget elementor-widget-heading\" data-id=\"54d38dc\" data-element_type=\"widget\" data-widget_type=\"heading.default\">\n\t\t\t\t<div class=\"elementor-widget-container\">\n\t\t\t\t\t<h5 class=\"elementor-heading-title elementor-size-default\">Tijuana, Baja California a 8 de octubre de 2024\n<\/h5>\t\t\t\t<\/div>\n\t\t\t\t<\/div>\n\t\t\t\t\t<\/div>\n\t\t<\/div>\n\t\t\t\t\t<\/div>\n\t\t<\/section>\n\t\t\t\t<section class=\"elementor-section elementor-top-section elementor-element elementor-element-cc875c7 elementor-section-boxed elementor-section-height-default elementor-section-height-default wpr-particle-no wpr-jarallax-no wpr-parallax-no wpr-sticky-section-no\" data-id=\"cc875c7\" data-element_type=\"section\">\n\t\t\t\t\t\t<div class=\"elementor-container elementor-column-gap-default\">\n\t\t\t\t\t<div class=\"elementor-column elementor-col-100 elementor-top-column elementor-element elementor-element-b098038\" data-id=\"b098038\" data-element_type=\"column\">\n\t\t\t<div class=\"elementor-widget-wrap elementor-element-populated\">\n\t\t\t\t\t\t<div class=\"elementor-element elementor-element-bec38c8 elementor-widget elementor-widget-text-editor\" data-id=\"bec38c8\" data-element_type=\"widget\" data-widget_type=\"text-editor.default\">\n\t\t\t\t<div class=\"elementor-widget-container\">\n\t\t\t\t\t\t\t\t\t<blockquote><p><em>\u2022TIJUANA.- Estudiantes de la Universidad Tecnol\u00f3gica de Tijuana desarrollaron el veh\u00edculo solar Cuervo UTT 4.0, con el objetivo de participar en el \u201cReto Solar Chihuahua 2024\u201d, que se llevar\u00e1 a cabo del 22 al 24 de noviembre en la Universidad Tecnol\u00f3gica de Ciudad Ju\u00e1rez.<\/em><\/p><p><em>Las y los estudiantes pertenecen a la carrera Ingenier\u00eda en Mecatr\u00f3nica, quienes han recibido el apoyo por parte del \u00e1rea acad\u00e9mica para desarrollar la cuarta versi\u00f3n de este veh\u00edculo, que en su \u00faltima participaci\u00f3n en 2019 obtuvo el primer lugar en carrera por tiempo, el primer lugar en desempe\u00f1o t\u00e9cnico y el reconocimiento a mejor dise\u00f1o.<\/em><\/p><p><em>El Secretario Acad\u00e9mico, Dr. Juan Manuel Herrera Peregrina, explic\u00f3 que el objetivo de participar en este reto es incentivar el ingenio, el talento y el desarrollo tecnol\u00f3gico entre el alumnado, as\u00ed como promover el uso de las energ\u00edas alternativas.<\/em><\/p><p><em>\u201cEs un veh\u00edculo solar tripulado, de alto rendimiento, al que diferentes equipos de estudiantes le han hecho innovaciones con el paso de los a\u00f1os. La versi\u00f3n 4.0 es resultado del trabajo de nueve estudiantes, con el apoyo de docentes de Ingenier\u00eda en Mecatr\u00f3nica e Ingenier\u00eda en Energ\u00edas Renovables\u201d, indic\u00f3.<\/em><\/p><p><em>Destac\u00f3 que en 2016 se cre\u00f3 el primer prototipo Cuervo UTT, que fue llevado a la misma competencia, donde obtuvo el quinto lugar. En 2017 se desarroll\u00f3 el Cuervo UTT 2.0, que mejor\u00f3 su rendimiento, por lo que gan\u00f3 primer lugar en la categor\u00eda de desempe\u00f1o t\u00e9cnico y el quinto lugar en carrera por tiempo.<\/em><\/p><p><em>La \u00faltima vez que UTT particip\u00f3 en el Reto Solar Chihuahua, en 2019, se logr\u00f3 el objetivo de ganar el primer lugar con el veh\u00edculo Cuervo UTT 3.1, por lo que la instituci\u00f3n busca mantenerse como una universidad pionera y l\u00edder en el desarrollo de prototipos de veh\u00edculos solares tripulados.<\/em><\/p><p><em>El equipo de estudiantes cont\u00f3 en todo momento con el asesoramiento acad\u00e9mico, adem\u00e1s de que se les proporcionaron los recursos y herramientas disponibles en los laboratorios para que el veh\u00edculo solar alcanzara un nivel competitivo.<\/em><\/p><p><em>La Ing. Martha C\u00e1rdenas Maciel, docente de Ingenier\u00eda en Mecatr\u00f3nica, explic\u00f3 que todos los proyectos han partido de un dise\u00f1o propio y cada uno ha evolucionado conforme a las exigencias de la competencia. En la versi\u00f3n 4.0 han trabajado desde hace un a\u00f1o, con la colaboraci\u00f3n de cada uno de las y los estudiantes para cumplir con las bases, donde lo primordial es que el veh\u00edculo sea 100% solar.<\/em><\/p><p><em>Uno de los principales desaf\u00edos, reconoci\u00f3, es el adecuado traslado por tierra del veh\u00edculo para que pueda llegar intacto a la competencia, lo que en a\u00f1os anteriores ha implicado el uso de un remolque o una unidad grande y conducir al menos dos d\u00edas.<\/em><\/p><p><em>Con el apoyo institucional, nueve estudiantes y tres docentes, prev\u00e9n asistir al Reto Solar 2024 el pr\u00f3ximo mes, sin embargo solicitan la colaboraci\u00f3n de egresadas y egresados de UTT, del sector empresarial y de la ciudadan\u00eda, para que la totalidad del equipo pueda asistir y ser parte de la experiencia.<\/em><\/p><p><em>A trav\u00e9s de la creaci\u00f3n de un fondo esperan recaudar donativos con la meta de reunir los gastos de traslado y hospedaje, por lo que piden a la poblaci\u00f3n que visiten este enlace <a href=\"https:\/\/gofund.me\/a7aa0810\">https:\/\/gofund.me\/a7aa0810<\/a> y se sumen al sue\u00f1o de representar a la Universidad Tecnol\u00f3gica de Tijuana y a Baja California en la competencia nacional, ya que son el \u00fanico equipo registrado de toda la entidad.<\/em><\/p><\/blockquote>\t\t\t\t\t\t\t\t<\/div>\n\t\t\t\t<\/div>\n\t\t\t\t\t<\/div>\n\t\t<\/div>\n\t\t\t\t\t<\/div>\n\t\t<\/section>\n\t\t\t\t<section class=\"elementor-section elementor-top-section elementor-element elementor-element-e385d46 elementor-section-boxed elementor-section-height-default elementor-section-height-default wpr-particle-no wpr-jarallax-no wpr-parallax-no wpr-sticky-section-no\" data-id=\"e385d46\" data-element_type=\"section\">\n\t\t\t\t\t\t<div class=\"elementor-container elementor-column-gap-default\">\n\t\t\t\t\t<div class=\"elementor-column elementor-col-33 elementor-top-column elementor-element elementor-element-358af24\" data-id=\"358af24\" data-element_type=\"column\">\n\t\t\t<div class=\"elementor-widget-wrap elementor-element-populated\">\n\t\t\t\t\t\t<div class=\"elementor-element elementor-element-bce80cb elementor-widget elementor-widget-image\" data-id=\"bce80cb\" data-element_type=\"widget\" data-widget_type=\"image.default\">\n\t\t\t\t<div class=\"elementor-widget-container\">\n\t\t\t\t\t\t\t\t\t\t\t\t\t\t\t<img decoding=\"async\" width=\"1024\" height=\"695\" data-src=\"https:\/\/uttijuana.edu.mx\/wp-content\/uploads\/2024\/10\/WhatsApp-Image-2024-10-08-at-10.38.40-AM-1024x695.jpeg\" class=\"attachment-large size-large wp-image-15590 lazyload\" alt=\"\" data-srcset=\"https:\/\/uttijuana.edu.mx\/wp-content\/uploads\/2024\/10\/WhatsApp-Image-2024-10-08-at-10.38.40-AM-1024x695.jpeg 1024w, https:\/\/uttijuana.edu.mx\/wp-content\/uploads\/2024\/10\/WhatsApp-Image-2024-10-08-at-10.38.40-AM-300x204.jpeg 300w, https:\/\/uttijuana.edu.mx\/wp-content\/uploads\/2024\/10\/WhatsApp-Image-2024-10-08-at-10.38.40-AM-768x522.jpeg 768w, https:\/\/uttijuana.edu.mx\/wp-content\/uploads\/2024\/10\/WhatsApp-Image-2024-10-08-at-10.38.40-AM.jpeg 1490w\" data-sizes=\"(max-width: 1024px) 100vw, 1024px\" src=\"data:image\/gif;base64,R0lGODlhAQABAAAAACH5BAEKAAEALAAAAAABAAEAAAICTAEAOw==\" style=\"--smush-placeholder-width: 1024px; --smush-placeholder-aspect-ratio: 1024\/695;\" \/>\t\t\t\t\t\t\t\t\t\t\t\t\t\t\t<\/div>\n\t\t\t\t<\/div>\n\t\t\t\t\t<\/div>\n\t\t<\/div>\n\t\t\t\t<div class=\"elementor-column elementor-col-33 elementor-top-column elementor-element elementor-element-b3fad6c\" data-id=\"b3fad6c\" data-element_type=\"column\">\n\t\t\t<div class=\"elementor-widget-wrap elementor-element-populated\">\n\t\t\t\t\t\t<div class=\"elementor-element elementor-element-4b2eaa5 elementor-widget elementor-widget-image\" data-id=\"4b2eaa5\" data-element_type=\"widget\" data-widget_type=\"image.default\">\n\t\t\t\t<div class=\"elementor-widget-container\">\n\t\t\t\t\t\t\t\t\t\t\t\t\t\t\t<img decoding=\"async\" width=\"1024\" height=\"682\" data-src=\"https:\/\/uttijuana.edu.mx\/wp-content\/uploads\/2024\/10\/WhatsApp-Image-2024-10-08-at-10.38.46-AM-1024x682.jpeg\" class=\"attachment-large size-large wp-image-15589 lazyload\" alt=\"\" data-srcset=\"https:\/\/uttijuana.edu.mx\/wp-content\/uploads\/2024\/10\/WhatsApp-Image-2024-10-08-at-10.38.46-AM-1024x682.jpeg 1024w, https:\/\/uttijuana.edu.mx\/wp-content\/uploads\/2024\/10\/WhatsApp-Image-2024-10-08-at-10.38.46-AM-300x200.jpeg 300w, https:\/\/uttijuana.edu.mx\/wp-content\/uploads\/2024\/10\/WhatsApp-Image-2024-10-08-at-10.38.46-AM-768x512.jpeg 768w, https:\/\/uttijuana.edu.mx\/wp-content\/uploads\/2024\/10\/WhatsApp-Image-2024-10-08-at-10.38.46-AM-1536x1023.jpeg 1536w, https:\/\/uttijuana.edu.mx\/wp-content\/uploads\/2024\/10\/WhatsApp-Image-2024-10-08-at-10.38.46-AM.jpeg 1600w\" data-sizes=\"(max-width: 1024px) 100vw, 1024px\" src=\"data:image\/gif;base64,R0lGODlhAQABAAAAACH5BAEKAAEALAAAAAABAAEAAAICTAEAOw==\" style=\"--smush-placeholder-width: 1024px; --smush-placeholder-aspect-ratio: 1024\/682;\" \/>\t\t\t\t\t\t\t\t\t\t\t\t\t\t\t<\/div>\n\t\t\t\t<\/div>\n\t\t\t\t\t<\/div>\n\t\t<\/div>\n\t\t\t\t<div class=\"elementor-column elementor-col-33 elementor-top-column elementor-element elementor-element-70e2ede\" data-id=\"70e2ede\" data-element_type=\"column\">\n\t\t\t<div class=\"elementor-widget-wrap elementor-element-populated\">\n\t\t\t\t\t\t<div class=\"elementor-element elementor-element-b6c04dc elementor-widget elementor-widget-image\" data-id=\"b6c04dc\" data-element_type=\"widget\" data-widget_type=\"image.default\">\n\t\t\t\t<div class=\"elementor-widget-container\">\n\t\t\t\t\t\t\t\t\t\t\t\t\t\t\t<img decoding=\"async\" width=\"1024\" height=\"631\" data-src=\"https:\/\/uttijuana.edu.mx\/wp-content\/uploads\/2024\/10\/WhatsApp-Image-2024-10-08-at-10.38.48-AM-1024x631.jpeg\" class=\"attachment-large size-large wp-image-15588 lazyload\" alt=\"\" data-srcset=\"https:\/\/uttijuana.edu.mx\/wp-content\/uploads\/2024\/10\/WhatsApp-Image-2024-10-08-at-10.38.48-AM-1024x631.jpeg 1024w, https:\/\/uttijuana.edu.mx\/wp-content\/uploads\/2024\/10\/WhatsApp-Image-2024-10-08-at-10.38.48-AM-300x185.jpeg 300w, https:\/\/uttijuana.edu.mx\/wp-content\/uploads\/2024\/10\/WhatsApp-Image-2024-10-08-at-10.38.48-AM-768x473.jpeg 768w, https:\/\/uttijuana.edu.mx\/wp-content\/uploads\/2024\/10\/WhatsApp-Image-2024-10-08-at-10.38.48-AM.jpeg 1471w\" data-sizes=\"(max-width: 1024px) 100vw, 1024px\" src=\"data:image\/gif;base64,R0lGODlhAQABAAAAACH5BAEKAAEALAAAAAABAAEAAAICTAEAOw==\" style=\"--smush-placeholder-width: 1024px; --smush-placeholder-aspect-ratio: 1024\/631;\" \/>\t\t\t\t\t\t\t\t\t\t\t\t\t\t\t<\/div>\n\t\t\t\t<\/div>\n\t\t\t\t\t<\/div>\n\t\t<\/div>\n\t\t\t\t\t<\/div>\n\t\t<\/section>\n\t\t\t\t<section class=\"elementor-section elementor-top-section elementor-element elementor-element-73a5d46 elementor-section-boxed elementor-section-height-default elementor-section-height-default wpr-particle-no wpr-jarallax-no wpr-parallax-no wpr-sticky-section-no\" data-id=\"73a5d46\" data-element_type=\"section\">\n\t\t\t\t\t\t<div class=\"elementor-container elementor-column-gap-default\">\n\t\t\t\t\t<div class=\"elementor-column elementor-col-100 elementor-top-column elementor-element elementor-element-3846838\" data-id=\"3846838\" data-element_type=\"column\">\n\t\t\t<div class=\"elementor-widget-wrap elementor-element-populated\">\n\t\t\t\t\t\t<div class=\"elementor-element elementor-element-631b3e5 elementor-widget elementor-widget-spacer\" data-id=\"631b3e5\" data-element_type=\"widget\" data-widget_type=\"spacer.default\">\n\t\t\t\t<div class=\"elementor-widget-container\">\n\t\t\t\t\t\t\t<div class=\"elementor-spacer\">\n\t\t\t<div class=\"elementor-spacer-inner\"><\/div>\n\t\t<\/div>\n\t\t\t\t\t\t<\/div>\n\t\t\t\t<\/div>\n\t\t\t\t\t<\/div>\n\t\t<\/div>\n\t\t\t\t\t<\/div>\n\t\t<\/section>\n\t\t\t\t<\/div>\n\t\t","protected":false},"excerpt":{"rendered":"<p>REPRESENTAR\u00c1 UTT A BAJA CALIFORNIA EN COMPETENCIA NACIONAL DE VEH\u00cdCULOS SOLARES Tijuana, Baja California a 8 de octubre de 2024 \u2022TIJUANA.- Estudiantes de la Universidad Tecnol\u00f3gica de Tijuana desarrollaron el veh\u00edculo solar Cuervo UTT 4.0, con el objetivo de participar en el \u201cReto Solar Chihuahua 2024\u201d, que se llevar\u00e1 a cabo del 22 al 24 de noviembre en la Universidad Tecnol\u00f3gica de Ciudad Ju\u00e1rez. Las y los estudiantes pertenecen a la carrera Ingenier\u00eda en Mecatr\u00f3nica, quienes han recibido el apoyo por parte del \u00e1rea acad\u00e9mica para desarrollar la cuarta versi\u00f3n de este veh\u00edculo, que en su \u00faltima participaci\u00f3n en 2019 obtuvo el primer lugar en carrera por tiempo, el primer lugar en desempe\u00f1o t\u00e9cnico y el reconocimiento a mejor dise\u00f1o. El Secretario Acad\u00e9mico, Dr. Juan Manuel Herrera Peregrina, explic\u00f3 que el objetivo de participar en este reto es incentivar el ingenio, el talento y el desarrollo tecnol\u00f3gico entre el alumnado, as\u00ed como promover el uso de las energ\u00edas alternativas. \u201cEs un veh\u00edculo solar tripulado, de alto rendimiento, al que diferentes equipos de estudiantes le han hecho innovaciones con el paso de los a\u00f1os. La versi\u00f3n 4.0 es resultado del trabajo de nueve estudiantes, con el apoyo de docentes de Ingenier\u00eda en Mecatr\u00f3nica e Ingenier\u00eda en Energ\u00edas Renovables\u201d, indic\u00f3. Destac\u00f3 que en 2016 se cre\u00f3 el primer prototipo Cuervo UTT, que fue llevado a la misma competencia, donde obtuvo el quinto lugar. En 2017 se desarroll\u00f3 el Cuervo UTT 2.0, que mejor\u00f3 su rendimiento, por lo que gan\u00f3 primer lugar en la categor\u00eda de desempe\u00f1o t\u00e9cnico y el quinto lugar en carrera por tiempo. La \u00faltima vez que UTT particip\u00f3 en el Reto Solar Chihuahua, en 2019, se logr\u00f3 el objetivo de ganar el primer lugar con el veh\u00edculo Cuervo UTT 3.1, por lo que la instituci\u00f3n busca mantenerse como una universidad pionera y l\u00edder en el desarrollo de prototipos de veh\u00edculos solares tripulados. El equipo de estudiantes cont\u00f3 en todo momento con el asesoramiento acad\u00e9mico, adem\u00e1s de que se les proporcionaron los recursos y herramientas disponibles en los laboratorios para que el veh\u00edculo solar alcanzara un nivel competitivo. La Ing. Martha C\u00e1rdenas Maciel, docente de Ingenier\u00eda en Mecatr\u00f3nica, explic\u00f3 que todos los proyectos han partido de un dise\u00f1o propio y cada uno ha evolucionado conforme a las exigencias de la competencia. En la versi\u00f3n 4.0 han trabajado desde hace un a\u00f1o, con la colaboraci\u00f3n de cada uno de las y los estudiantes para cumplir con las bases, donde lo primordial es que el veh\u00edculo sea 100% solar. Uno de los principales desaf\u00edos, reconoci\u00f3, es el adecuado traslado por tierra del veh\u00edculo para que pueda llegar intacto a la competencia, lo que en a\u00f1os anteriores ha implicado el uso de un remolque o una unidad grande y conducir al menos dos d\u00edas. Con el apoyo institucional, nueve estudiantes y tres docentes, prev\u00e9n asistir al Reto Solar 2024 el pr\u00f3ximo mes, sin embargo solicitan la colaboraci\u00f3n de egresadas y egresados de UTT, del sector empresarial y de la ciudadan\u00eda, para que la totalidad del equipo pueda asistir y ser parte de la experiencia. A trav\u00e9s de la creaci\u00f3n de un fondo esperan recaudar donativos con la meta de reunir los gastos de traslado y hospedaje, por lo que piden a la poblaci\u00f3n que visiten este enlace https:\/\/gofund.me\/a7aa0810 y se sumen al sue\u00f1o de representar a la Universidad Tecnol\u00f3gica de Tijuana y a Baja California en la competencia nacional, ya que son el \u00fanico equipo registrado de toda la entidad.<\/p>\n","protected":false},"author":2,"featured_media":0,"parent":0,"menu_order":0,"comment_status":"closed","ping_status":"closed","template":"","meta":{"_monsterinsights_skip_tracking":false,"_monsterinsights_sitenote_active":false,"_monsterinsights_sitenote_note":"","_monsterinsights_sitenote_category":0,"_uf_show_specific_survey":0,"_uf_disable_surveys":false,"site-sidebar-layout":"no-sidebar","site-content-layout":"page-builder","ast-site-content-layout":"full-width-container","site-content-style":"unboxed","site-sidebar-style":"unboxed","ast-global-header-display":"","ast-banner-title-visibility":"","ast-main-header-display":"","ast-hfb-above-header-display":"","ast-hfb-below-header-display":"","ast-hfb-mobile-header-display":"","site-post-title":"disabled","ast-breadcrumbs-content":"","ast-featured-img":"disabled","footer-sml-layout":"","ast-disable-related-posts":"","theme-transparent-header-meta":"","adv-header-id-meta":"","stick-header-meta":"","header-above-stick-meta":"","header-main-stick-meta":"","header-below-stick-meta":"","astra-migrate-meta-layouts":"set","ast-page-background-enabled":"default","ast-page-background-meta":{"desktop":{"background-color":"","background-image":"","background-repeat":"repeat","background-position":"center center","background-size":"auto","background-attachment":"scroll","background-type":"","background-media":"","overlay-type":"","overlay-color":"","overlay-opacity":"","overlay-gradient":""},"tablet":{"background-color":"","background-image":"","background-repeat":"repeat","background-position":"center center","background-size":"auto","background-attachment":"scroll","background-type":"","background-media":"","overlay-type":"","overlay-color":"","overlay-opacity":"","overlay-gradient":""},"mobile":{"background-color":"","background-image":"","background-repeat":"repeat","background-position":"center center","background-size":"auto","background-attachment":"scroll","background-type":"","background-media":"","overlay-type":"","overlay-color":"","overlay-opacity":"","overlay-gradient":""}},"ast-content-background-meta":{"desktop":{"background-color":"var(--ast-global-color-5)","background-image":"","background-repeat":"repeat","background-position":"center center","background-size":"auto","background-attachment":"scroll","background-type":"","background-media":"","overlay-type":"","overlay-color":"","overlay-opacity":"","overlay-gradient":""},"tablet":{"background-color":"var(--ast-global-color-5)","background-image":"","background-repeat":"repeat","background-position":"center center","background-size":"auto","background-attachment":"scroll","background-type":"","background-media":"","overlay-type":"","overlay-color":"","overlay-opacity":"","overlay-gradient":""},"mobile":{"background-color":"var(--ast-global-color-5)","background-image":"","background-repeat":"repeat","background-position":"center center","background-size":"auto","background-attachment":"scroll","background-type":"","background-media":"","overlay-type":"","overlay-color":"","overlay-opacity":"","overlay-gradient":""}},"footnotes":""},"class_list":["post-15585","page","type-page","status-publish","hentry"],"_links":{"self":[{"href":"https:\/\/uttijuana.edu.mx\/index.php\/wp-json\/wp\/v2\/pages\/15585","targetHints":{"allow":["GET"]}}],"collection":[{"href":"https:\/\/uttijuana.edu.mx\/index.php\/wp-json\/wp\/v2\/pages"}],"about":[{"href":"https:\/\/uttijuana.edu.mx\/index.php\/wp-json\/wp\/v2\/types\/page"}],"author":[{"embeddable":true,"href":"https:\/\/uttijuana.edu.mx\/index.php\/wp-json\/wp\/v2\/users\/2"}],"replies":[{"embeddable":true,"href":"https:\/\/uttijuana.edu.mx\/index.php\/wp-json\/wp\/v2\/comments?post=15585"}],"version-history":[{"count":14,"href":"https:\/\/uttijuana.edu.mx\/index.php\/wp-json\/wp\/v2\/pages\/15585\/revisions"}],"predecessor-version":[{"id":16545,"href":"https:\/\/uttijuana.edu.mx\/index.php\/wp-json\/wp\/v2\/pages\/15585\/revisions\/16545"}],"wp:attachment":[{"href":"https:\/\/uttijuana.edu.mx\/index.php\/wp-json\/wp\/v2\/media?parent=15585"}],"curies":[{"name":"wp","href":"https:\/\/api.w.org\/{rel}","templated":true}]}}