{"id":15651,"date":"2024-10-14T23:04:43","date_gmt":"2024-10-14T23:04:43","guid":{"rendered":"https:\/\/uttijuana.edu.mx\/?page_id=15651"},"modified":"2024-10-14T23:08:08","modified_gmt":"2024-10-14T23:08:08","slug":"entrega-utt-a-baja-california-821-nuevas-y-nuevos-profesionistas","status":"publish","type":"page","link":"https:\/\/uttijuana.edu.mx\/index.php\/entrega-utt-a-baja-california-821-nuevas-y-nuevos-profesionistas\/","title":{"rendered":"ENTREGA UTT A BAJA CALIFORNIA 821 NUEVAS Y NUEVOS  PROFESIONISTAS"},"content":{"rendered":"\t\t<div data-elementor-type=\"wp-page\" data-elementor-id=\"15651\" class=\"elementor elementor-15651\" data-elementor-post-type=\"page\">\n\t\t\t\t\t\t<section class=\"elementor-section elementor-top-section elementor-element elementor-element-3894c10b elementor-section-boxed elementor-section-height-default elementor-section-height-default wpr-particle-no wpr-jarallax-no wpr-parallax-no wpr-sticky-section-no\" data-id=\"3894c10b\" data-element_type=\"section\">\n\t\t\t\t\t\t<div class=\"elementor-container elementor-column-gap-default\">\n\t\t\t\t\t<div class=\"elementor-column elementor-col-100 elementor-top-column elementor-element elementor-element-32873d70\" data-id=\"32873d70\" data-element_type=\"column\">\n\t\t\t<div class=\"elementor-widget-wrap elementor-element-populated\">\n\t\t\t\t\t\t<div class=\"elementor-element elementor-element-1d198b39 elementor-widget elementor-widget-heading\" data-id=\"1d198b39\" data-element_type=\"widget\" data-widget_type=\"heading.default\">\n\t\t\t\t<div class=\"elementor-widget-container\">\n\t\t\t\t\t<h2 class=\"elementor-heading-title elementor-size-default\">ENTREGA UTT A BAJA CALIFORNIA 821 NUEVAS Y NUEVOS \nPROFESIONISTAS<\/h2>\t\t\t\t<\/div>\n\t\t\t\t<\/div>\n\t\t\t\t<div class=\"elementor-element elementor-element-11f5022 elementor-widget elementor-widget-image\" data-id=\"11f5022\" data-element_type=\"widget\" data-widget_type=\"image.default\">\n\t\t\t\t<div class=\"elementor-widget-container\">\n\t\t\t\t\t\t\t\t\t\t\t\t\t\t\t<img fetchpriority=\"high\" decoding=\"async\" width=\"768\" height=\"512\" src=\"https:\/\/uttijuana.edu.mx\/wp-content\/uploads\/2024\/10\/WhatsApp-Image-2024-10-14-at-3.54.37-PM-768x512.jpeg\" class=\"attachment-medium_large size-medium_large wp-image-15653\" alt=\"\" srcset=\"https:\/\/uttijuana.edu.mx\/wp-content\/uploads\/2024\/10\/WhatsApp-Image-2024-10-14-at-3.54.37-PM-768x512.jpeg 768w, https:\/\/uttijuana.edu.mx\/wp-content\/uploads\/2024\/10\/WhatsApp-Image-2024-10-14-at-3.54.37-PM-300x200.jpeg 300w, https:\/\/uttijuana.edu.mx\/wp-content\/uploads\/2024\/10\/WhatsApp-Image-2024-10-14-at-3.54.37-PM-1024x682.jpeg 1024w, https:\/\/uttijuana.edu.mx\/wp-content\/uploads\/2024\/10\/WhatsApp-Image-2024-10-14-at-3.54.37-PM-1536x1023.jpeg 1536w, https:\/\/uttijuana.edu.mx\/wp-content\/uploads\/2024\/10\/WhatsApp-Image-2024-10-14-at-3.54.37-PM.jpeg 1600w\" sizes=\"(max-width: 768px) 100vw, 768px\" \/>\t\t\t\t\t\t\t\t\t\t\t\t\t\t\t<\/div>\n\t\t\t\t<\/div>\n\t\t\t\t<div class=\"elementor-element elementor-element-54d38dc elementor-widget elementor-widget-heading\" data-id=\"54d38dc\" data-element_type=\"widget\" data-widget_type=\"heading.default\">\n\t\t\t\t<div class=\"elementor-widget-container\">\n\t\t\t\t\t<h5 class=\"elementor-heading-title elementor-size-default\">Tijuana, Baja California, a 14 de octubre de 2024\n<\/h5>\t\t\t\t<\/div>\n\t\t\t\t<\/div>\n\t\t\t\t<div class=\"elementor-element elementor-element-61b554f1 elementor-widget elementor-widget-heading\" data-id=\"61b554f1\" data-element_type=\"widget\" data-widget_type=\"heading.default\">\n\t\t\t\t<div class=\"elementor-widget-container\">\n\t\t\t\t\t<h5 class=\"elementor-heading-title elementor-size-medium\"><blockquote>\u2022\tUTT reuni\u00f3 a miles de familias para celebrar el Acto Acad\u00e9mico 2024\n\nTIJUANA.- La Universidad Tecnol\u00f3gica de Tijuana (UTT) celebr\u00f3 un Acto Acad\u00e9mico hist\u00f3rico, al reunir en un mismo recinto a cerca de siete mil personas, para reconocer el esfuerzo de 821 egresadas y egresados de 16 programas educativos.<p><\/p>\n\nLa cita fue en el Estadio Chevron, donde se congregaron autoridades educativas, docentes, as\u00ed como familias enteras, para atestiguar el pase de lista de las y los graduados, que adem\u00e1s recibieron una constancia simb\u00f3lica que acredita la terminaci\u00f3n de sus estudios.<p><\/p>\n\nEl rector, Mtro. Salvador Morales Riub\u00ed, expres\u00f3 en que, en 26 a\u00f1os de historia, es la primera vez que la Universidad Tecnol\u00f3gica de Tijuana re\u00fane a la totalidad de sus egresadas y egresados, incluyendo a la Unidad Acad\u00e9mica Ensenada, para celebrar el Acto Acad\u00e9mico.<p><\/p>\n\nEn su mensaje a las y los nuevos profesionistas, les exhort\u00f3 a que aporten todas sus capacidades y habilidades para hacer el bien a la sociedad, a que triunfen en su carrera, pero ante todo que siempre se destaquen por su calidad humana en el puesto que desempe\u00f1en.<p><\/p>\n\n\u201cUstedes conocen de ciencia, de tecnolog\u00eda, de gesti\u00f3n de proyectos, de innovaci\u00f3n y de creatividad. Tienen en sus manos el poder de contribuir a que nuestra ciudad, nuestro estado y nuestro pa\u00eds, alcancen mayores condiciones de desarrollo y prosperidad. Son profesionistas preparados para resolver. Est\u00e1 en el ADN de las y los estudiantes de la Universidad Tecnol\u00f3gica de Tijuana\u201d, expres\u00f3.<p><\/p>\n\nAgradeci\u00f3 a las familias por el apoyo brindado a las y los nuevos profesionistas, ya que, con su respaldo econ\u00f3mico y emocional en los momentos de dificultad les encaminaron a consumar este gran logro.<p><\/p>\n\n\u201cLa Universidad Tecnol\u00f3gica de Tijuana continuar\u00e1 trabajando para seguir siendo ese espacio donde hay lugar para todas y todos sus hijos, porque sabemos el impacto que ha tenido en miles de familias bajacalifornianas el hecho de contar con uno o m\u00e1s profesionistas en casa\u201d, expres\u00f3.<p><\/p>\n\nAl personal docente les extendi\u00f3 un reconocimiento por su compromiso y dedicaci\u00f3n, pues mientras imparten clases se siguen actualizando para que sus estudiantes egresen preparados en la teor\u00eda y la pr\u00e1ctica.<p><\/p>\n\n\u201cSon un ejemplo y una inspiraci\u00f3n para nuestras y nuestros egresados, son parte de este logro, porque con su empe\u00f1o, dedicaci\u00f3n y compromiso, lograron que hoy nuestro estado cuente con 821 nuevos profesionistas\u201d.<p><\/p>\n\nPor su parte, el egresado de la Licenciatura en Contadur\u00eda, F\u00e9lix Baz\u00e1n L\u00f3pez, quien obtuvo un 10 perfecto de promedio, manifest\u00f3 su agradecimiento a la Universidad Tecnol\u00f3gica de Tijuana por haberles brindado formaci\u00f3n profesional de calidad, \u201cseremos parte de esta instituci\u00f3n a donde quiera que vayamos\u201d.<p><\/p>\n\nComo orador invitado fungi\u00f3 el egresado de Ingenier\u00eda en Procesos y Operaciones Industriales, Aldo L\u00f3pez Barr\u00f3n, quien ofreci\u00f3 unas inspiradoras palabras para que representen con mucho orgullo a su Alma M\u00e1ter.<p><\/p>\n\n\u201cPiensen, sue\u00f1en, imaginen, proyecten hasta d\u00f3nde quieren llegar. Ustedes cuentan con todas las fortalezas, habilidades y herramientas que la UTT les ha brindado para llegar tan lejos como lo decidan. Nunca olviden de d\u00f3nde vienen, honren el prestigio de nuestra universidad, y repres\u00e9ntela con mucho orgullo\u201d, expres\u00f3.<p><\/p>\n\nEl Acto Acad\u00e9mico concluy\u00f3 con el tradicional lanzamiento del birrete de las y los egresados. Sus familiares ya les esperaban en las gradas para fundirse en un abrazo de felicitaci\u00f3n por haber alcanzado este logro tan trascendental en sus vidas.<p><\/p><\/h5>\t\t\t\t<\/div>\n\t\t\t\t<\/div>\n\t\t\t\t\t<\/div>\n\t\t<\/div>\n\t\t\t\t\t<\/div>\n\t\t<\/section>\n\t\t\t\t<section class=\"elementor-section elementor-top-section elementor-element elementor-element-784bd8f elementor-section-boxed elementor-section-height-default elementor-section-height-default wpr-particle-no wpr-jarallax-no wpr-parallax-no wpr-sticky-section-no\" data-id=\"784bd8f\" data-element_type=\"section\">\n\t\t\t\t\t\t<div class=\"elementor-container elementor-column-gap-default\">\n\t\t\t\t\t<div class=\"elementor-column elementor-col-50 elementor-top-column elementor-element elementor-element-c0cfc14\" data-id=\"c0cfc14\" data-element_type=\"column\">\n\t\t\t<div class=\"elementor-widget-wrap elementor-element-populated\">\n\t\t\t\t\t\t<div class=\"elementor-element elementor-element-ca5276c elementor-widget elementor-widget-spacer\" data-id=\"ca5276c\" data-element_type=\"widget\" data-widget_type=\"spacer.default\">\n\t\t\t\t<div class=\"elementor-widget-container\">\n\t\t\t\t\t\t\t<div class=\"elementor-spacer\">\n\t\t\t<div class=\"elementor-spacer-inner\"><\/div>\n\t\t<\/div>\n\t\t\t\t\t\t<\/div>\n\t\t\t\t<\/div>\n\t\t\t\t<div class=\"elementor-element elementor-element-ad92af7 elementor-widget elementor-widget-image\" data-id=\"ad92af7\" data-element_type=\"widget\" data-widget_type=\"image.default\">\n\t\t\t\t<div class=\"elementor-widget-container\">\n\t\t\t\t\t\t\t\t\t\t\t\t\t\t\t<img decoding=\"async\" width=\"1024\" height=\"575\" data-src=\"https:\/\/uttijuana.edu.mx\/wp-content\/uploads\/2024\/10\/WhatsApp-Image-2024-10-14-at-3.54.41-PM-1024x575.jpeg\" class=\"attachment-large size-large wp-image-15654 lazyload\" alt=\"\" data-srcset=\"https:\/\/uttijuana.edu.mx\/wp-content\/uploads\/2024\/10\/WhatsApp-Image-2024-10-14-at-3.54.41-PM-1024x575.jpeg 1024w, https:\/\/uttijuana.edu.mx\/wp-content\/uploads\/2024\/10\/WhatsApp-Image-2024-10-14-at-3.54.41-PM-300x169.jpeg 300w, https:\/\/uttijuana.edu.mx\/wp-content\/uploads\/2024\/10\/WhatsApp-Image-2024-10-14-at-3.54.41-PM-768x432.jpeg 768w, https:\/\/uttijuana.edu.mx\/wp-content\/uploads\/2024\/10\/WhatsApp-Image-2024-10-14-at-3.54.41-PM-1536x863.jpeg 1536w, https:\/\/uttijuana.edu.mx\/wp-content\/uploads\/2024\/10\/WhatsApp-Image-2024-10-14-at-3.54.41-PM.jpeg 1600w\" data-sizes=\"(max-width: 1024px) 100vw, 1024px\" src=\"data:image\/gif;base64,R0lGODlhAQABAAAAACH5BAEKAAEALAAAAAABAAEAAAICTAEAOw==\" style=\"--smush-placeholder-width: 1024px; --smush-placeholder-aspect-ratio: 1024\/575;\" \/>\t\t\t\t\t\t\t\t\t\t\t\t\t\t\t<\/div>\n\t\t\t\t<\/div>\n\t\t\t\t\t<\/div>\n\t\t<\/div>\n\t\t\t\t<div class=\"elementor-column elementor-col-50 elementor-top-column elementor-element elementor-element-7d4f338\" data-id=\"7d4f338\" data-element_type=\"column\">\n\t\t\t<div class=\"elementor-widget-wrap elementor-element-populated\">\n\t\t\t\t\t\t<div class=\"elementor-element elementor-element-61612a8 elementor-widget elementor-widget-image\" data-id=\"61612a8\" data-element_type=\"widget\" data-widget_type=\"image.default\">\n\t\t\t\t<div class=\"elementor-widget-container\">\n\t\t\t\t\t\t\t\t\t\t\t\t\t\t\t<img decoding=\"async\" width=\"1024\" height=\"682\" data-src=\"https:\/\/uttijuana.edu.mx\/wp-content\/uploads\/2024\/10\/WhatsApp-Image-2024-10-14-at-3.54.45-PM-1024x682.jpeg\" class=\"attachment-large size-large wp-image-15655 lazyload\" alt=\"\" data-srcset=\"https:\/\/uttijuana.edu.mx\/wp-content\/uploads\/2024\/10\/WhatsApp-Image-2024-10-14-at-3.54.45-PM-1024x682.jpeg 1024w, https:\/\/uttijuana.edu.mx\/wp-content\/uploads\/2024\/10\/WhatsApp-Image-2024-10-14-at-3.54.45-PM-300x200.jpeg 300w, https:\/\/uttijuana.edu.mx\/wp-content\/uploads\/2024\/10\/WhatsApp-Image-2024-10-14-at-3.54.45-PM-768x512.jpeg 768w, https:\/\/uttijuana.edu.mx\/wp-content\/uploads\/2024\/10\/WhatsApp-Image-2024-10-14-at-3.54.45-PM-1536x1023.jpeg 1536w, https:\/\/uttijuana.edu.mx\/wp-content\/uploads\/2024\/10\/WhatsApp-Image-2024-10-14-at-3.54.45-PM.jpeg 1600w\" data-sizes=\"(max-width: 1024px) 100vw, 1024px\" src=\"data:image\/gif;base64,R0lGODlhAQABAAAAACH5BAEKAAEALAAAAAABAAEAAAICTAEAOw==\" style=\"--smush-placeholder-width: 1024px; --smush-placeholder-aspect-ratio: 1024\/682;\" \/>\t\t\t\t\t\t\t\t\t\t\t\t\t\t\t<\/div>\n\t\t\t\t<\/div>\n\t\t\t\t\t<\/div>\n\t\t<\/div>\n\t\t\t\t\t<\/div>\n\t\t<\/section>\n\t\t\t\t<section class=\"elementor-section elementor-top-section elementor-element elementor-element-68aee60 elementor-section-boxed elementor-section-height-default elementor-section-height-default wpr-particle-no wpr-jarallax-no wpr-parallax-no wpr-sticky-section-no\" data-id=\"68aee60\" data-element_type=\"section\">\n\t\t\t\t\t\t<div class=\"elementor-container elementor-column-gap-default\">\n\t\t\t\t\t<div class=\"elementor-column elementor-col-50 elementor-top-column elementor-element elementor-element-1a6e0ff\" data-id=\"1a6e0ff\" data-element_type=\"column\">\n\t\t\t<div class=\"elementor-widget-wrap elementor-element-populated\">\n\t\t\t\t\t\t<div class=\"elementor-element elementor-element-2610938 elementor-widget elementor-widget-image\" data-id=\"2610938\" data-element_type=\"widget\" data-widget_type=\"image.default\">\n\t\t\t\t<div class=\"elementor-widget-container\">\n\t\t\t\t\t\t\t\t\t\t\t\t\t\t\t<img decoding=\"async\" width=\"1024\" height=\"682\" data-src=\"https:\/\/uttijuana.edu.mx\/wp-content\/uploads\/2024\/10\/WhatsApp-Image-2024-10-14-at-3.54.50-PM-1024x682.jpeg\" class=\"attachment-large size-large wp-image-15650 lazyload\" alt=\"\" data-srcset=\"https:\/\/uttijuana.edu.mx\/wp-content\/uploads\/2024\/10\/WhatsApp-Image-2024-10-14-at-3.54.50-PM-1024x682.jpeg 1024w, https:\/\/uttijuana.edu.mx\/wp-content\/uploads\/2024\/10\/WhatsApp-Image-2024-10-14-at-3.54.50-PM-300x200.jpeg 300w, https:\/\/uttijuana.edu.mx\/wp-content\/uploads\/2024\/10\/WhatsApp-Image-2024-10-14-at-3.54.50-PM-768x512.jpeg 768w, https:\/\/uttijuana.edu.mx\/wp-content\/uploads\/2024\/10\/WhatsApp-Image-2024-10-14-at-3.54.50-PM-1536x1023.jpeg 1536w, https:\/\/uttijuana.edu.mx\/wp-content\/uploads\/2024\/10\/WhatsApp-Image-2024-10-14-at-3.54.50-PM.jpeg 1600w\" data-sizes=\"(max-width: 1024px) 100vw, 1024px\" src=\"data:image\/gif;base64,R0lGODlhAQABAAAAACH5BAEKAAEALAAAAAABAAEAAAICTAEAOw==\" style=\"--smush-placeholder-width: 1024px; --smush-placeholder-aspect-ratio: 1024\/682;\" \/>\t\t\t\t\t\t\t\t\t\t\t\t\t\t\t<\/div>\n\t\t\t\t<\/div>\n\t\t\t\t\t<\/div>\n\t\t<\/div>\n\t\t\t\t<div class=\"elementor-column elementor-col-50 elementor-top-column elementor-element elementor-element-1e8342d\" data-id=\"1e8342d\" data-element_type=\"column\">\n\t\t\t<div class=\"elementor-widget-wrap elementor-element-populated\">\n\t\t\t\t\t\t<div class=\"elementor-element elementor-element-47ec637 elementor-widget elementor-widget-image\" data-id=\"47ec637\" data-element_type=\"widget\" data-widget_type=\"image.default\">\n\t\t\t\t<div class=\"elementor-widget-container\">\n\t\t\t\t\t\t\t\t\t\t\t\t\t\t\t<img decoding=\"async\" width=\"1024\" height=\"682\" data-src=\"https:\/\/uttijuana.edu.mx\/wp-content\/uploads\/2024\/10\/WhatsApp-Image-2024-10-14-at-3.54.53-PM-1024x682.jpeg\" class=\"attachment-large size-large wp-image-15649 lazyload\" alt=\"\" data-srcset=\"https:\/\/uttijuana.edu.mx\/wp-content\/uploads\/2024\/10\/WhatsApp-Image-2024-10-14-at-3.54.53-PM-1024x682.jpeg 1024w, https:\/\/uttijuana.edu.mx\/wp-content\/uploads\/2024\/10\/WhatsApp-Image-2024-10-14-at-3.54.53-PM-300x200.jpeg 300w, https:\/\/uttijuana.edu.mx\/wp-content\/uploads\/2024\/10\/WhatsApp-Image-2024-10-14-at-3.54.53-PM-768x512.jpeg 768w, https:\/\/uttijuana.edu.mx\/wp-content\/uploads\/2024\/10\/WhatsApp-Image-2024-10-14-at-3.54.53-PM-1536x1023.jpeg 1536w, https:\/\/uttijuana.edu.mx\/wp-content\/uploads\/2024\/10\/WhatsApp-Image-2024-10-14-at-3.54.53-PM.jpeg 1600w\" data-sizes=\"(max-width: 1024px) 100vw, 1024px\" src=\"data:image\/gif;base64,R0lGODlhAQABAAAAACH5BAEKAAEALAAAAAABAAEAAAICTAEAOw==\" style=\"--smush-placeholder-width: 1024px; --smush-placeholder-aspect-ratio: 1024\/682;\" \/>\t\t\t\t\t\t\t\t\t\t\t\t\t\t\t<\/div>\n\t\t\t\t<\/div>\n\t\t\t\t\t<\/div>\n\t\t<\/div>\n\t\t\t\t\t<\/div>\n\t\t<\/section>\n\t\t\t\t<section class=\"elementor-section elementor-top-section elementor-element elementor-element-82b2077 elementor-section-boxed elementor-section-height-default elementor-section-height-default wpr-particle-no wpr-jarallax-no wpr-parallax-no wpr-sticky-section-no\" data-id=\"82b2077\" data-element_type=\"section\">\n\t\t\t\t\t\t<div class=\"elementor-container elementor-column-gap-default\">\n\t\t\t\t\t<div class=\"elementor-column elementor-col-100 elementor-top-column elementor-element elementor-element-5a769fa\" data-id=\"5a769fa\" data-element_type=\"column\">\n\t\t\t<div class=\"elementor-widget-wrap elementor-element-populated\">\n\t\t\t\t\t\t<div class=\"elementor-element elementor-element-3af8e3c elementor-widget elementor-widget-spacer\" data-id=\"3af8e3c\" data-element_type=\"widget\" data-widget_type=\"spacer.default\">\n\t\t\t\t<div class=\"elementor-widget-container\">\n\t\t\t\t\t\t\t<div class=\"elementor-spacer\">\n\t\t\t<div class=\"elementor-spacer-inner\"><\/div>\n\t\t<\/div>\n\t\t\t\t\t\t<\/div>\n\t\t\t\t<\/div>\n\t\t\t\t\t<\/div>\n\t\t<\/div>\n\t\t\t\t\t<\/div>\n\t\t<\/section>\n\t\t\t\t<\/div>\n\t\t","protected":false},"excerpt":{"rendered":"<p>ENTREGA UTT A BAJA CALIFORNIA 821 NUEVAS Y NUEVOS PROFESIONISTAS Tijuana, Baja California, a 14 de octubre de 2024 \u2022 UTT reuni\u00f3 a miles de familias para celebrar el Acto Acad\u00e9mico 2024 TIJUANA.- La Universidad Tecnol\u00f3gica de Tijuana (UTT) celebr\u00f3 un Acto Acad\u00e9mico hist\u00f3rico, al reunir en un mismo recinto a cerca de siete mil personas, para reconocer el esfuerzo de 821 egresadas y egresados de 16 programas educativos. La cita fue en el Estadio Chevron, donde se congregaron autoridades educativas, docentes, as\u00ed como familias enteras, para atestiguar el pase de lista de las y los graduados, que adem\u00e1s recibieron una constancia simb\u00f3lica que acredita la terminaci\u00f3n de sus estudios. El rector, Mtro. Salvador Morales Riub\u00ed, expres\u00f3 en que, en 26 a\u00f1os de historia, es la primera vez que la Universidad Tecnol\u00f3gica de Tijuana re\u00fane a la totalidad de sus egresadas y egresados, incluyendo a la Unidad Acad\u00e9mica Ensenada, para celebrar el Acto Acad\u00e9mico. En su mensaje a las y los nuevos profesionistas, les exhort\u00f3 a que aporten todas sus capacidades y habilidades para hacer el bien a la sociedad, a que triunfen en su carrera, pero ante todo que siempre se destaquen por su calidad humana en el puesto que desempe\u00f1en. \u201cUstedes conocen de ciencia, de tecnolog\u00eda, de gesti\u00f3n de proyectos, de innovaci\u00f3n y de creatividad. Tienen en sus manos el poder de contribuir a que nuestra ciudad, nuestro estado y nuestro pa\u00eds, alcancen mayores condiciones de desarrollo y prosperidad. Son profesionistas preparados para resolver. Est\u00e1 en el ADN de las y los estudiantes de la Universidad Tecnol\u00f3gica de Tijuana\u201d, expres\u00f3. Agradeci\u00f3 a las familias por el apoyo brindado a las y los nuevos profesionistas, ya que, con su respaldo econ\u00f3mico y emocional en los momentos de dificultad les encaminaron a consumar este gran logro. \u201cLa Universidad Tecnol\u00f3gica de Tijuana continuar\u00e1 trabajando para seguir siendo ese espacio donde hay lugar para todas y todos sus hijos, porque sabemos el impacto que ha tenido en miles de familias bajacalifornianas el hecho de contar con uno o m\u00e1s profesionistas en casa\u201d, expres\u00f3. Al personal docente les extendi\u00f3 un reconocimiento por su compromiso y dedicaci\u00f3n, pues mientras imparten clases se siguen actualizando para que sus estudiantes egresen preparados en la teor\u00eda y la pr\u00e1ctica. \u201cSon un ejemplo y una inspiraci\u00f3n para nuestras y nuestros egresados, son parte de este logro, porque con su empe\u00f1o, dedicaci\u00f3n y compromiso, lograron que hoy nuestro estado cuente con 821 nuevos profesionistas\u201d. Por su parte, el egresado de la Licenciatura en Contadur\u00eda, F\u00e9lix Baz\u00e1n L\u00f3pez, quien obtuvo un 10 perfecto de promedio, manifest\u00f3 su agradecimiento a la Universidad Tecnol\u00f3gica de Tijuana por haberles brindado formaci\u00f3n profesional de calidad, \u201cseremos parte de esta instituci\u00f3n a donde quiera que vayamos\u201d. Como orador invitado fungi\u00f3 el egresado de Ingenier\u00eda en Procesos y Operaciones Industriales, Aldo L\u00f3pez Barr\u00f3n, quien ofreci\u00f3 unas inspiradoras palabras para que representen con mucho orgullo a su Alma M\u00e1ter. \u201cPiensen, sue\u00f1en, imaginen, proyecten hasta d\u00f3nde quieren llegar. Ustedes cuentan con todas las fortalezas, habilidades y herramientas que la UTT les ha brindado para llegar tan lejos como lo decidan. Nunca olviden de d\u00f3nde vienen, honren el prestigio de nuestra universidad, y repres\u00e9ntela con mucho orgullo\u201d, expres\u00f3. El Acto Acad\u00e9mico concluy\u00f3 con el tradicional lanzamiento del birrete de las y los egresados. Sus familiares ya les esperaban en las gradas para fundirse en un abrazo de felicitaci\u00f3n por haber alcanzado este logro tan trascendental en sus vidas.<\/p>\n","protected":false},"author":2,"featured_media":0,"parent":0,"menu_order":0,"comment_status":"closed","ping_status":"closed","template":"","meta":{"_monsterinsights_skip_tracking":false,"_monsterinsights_sitenote_active":false,"_monsterinsights_sitenote_note":"","_monsterinsights_sitenote_category":0,"_uf_show_specific_survey":0,"_uf_disable_surveys":false,"site-sidebar-layout":"no-sidebar","site-content-layout":"page-builder","ast-site-content-layout":"full-width-container","site-content-style":"unboxed","site-sidebar-style":"unboxed","ast-global-header-display":"","ast-banner-title-visibility":"","ast-main-header-display":"","ast-hfb-above-header-display":"","ast-hfb-below-header-display":"","ast-hfb-mobile-header-display":"","site-post-title":"disabled","ast-breadcrumbs-content":"","ast-featured-img":"disabled","footer-sml-layout":"","ast-disable-related-posts":"","theme-transparent-header-meta":"","adv-header-id-meta":"","stick-header-meta":"","header-above-stick-meta":"","header-main-stick-meta":"","header-below-stick-meta":"","astra-migrate-meta-layouts":"set","ast-page-background-enabled":"default","ast-page-background-meta":{"desktop":{"background-color":"","background-image":"","background-repeat":"repeat","background-position":"center center","background-size":"auto","background-attachment":"scroll","background-type":"","background-media":"","overlay-type":"","overlay-color":"","overlay-opacity":"","overlay-gradient":""},"tablet":{"background-color":"","background-image":"","background-repeat":"repeat","background-position":"center center","background-size":"auto","background-attachment":"scroll","background-type":"","background-media":"","overlay-type":"","overlay-color":"","overlay-opacity":"","overlay-gradient":""},"mobile":{"background-color":"","background-image":"","background-repeat":"repeat","background-position":"center center","background-size":"auto","background-attachment":"scroll","background-type":"","background-media":"","overlay-type":"","overlay-color":"","overlay-opacity":"","overlay-gradient":""}},"ast-content-background-meta":{"desktop":{"background-color":"var(--ast-global-color-5)","background-image":"","background-repeat":"repeat","background-position":"center center","background-size":"auto","background-attachment":"scroll","background-type":"","background-media":"","overlay-type":"","overlay-color":"","overlay-opacity":"","overlay-gradient":""},"tablet":{"background-color":"var(--ast-global-color-5)","background-image":"","background-repeat":"repeat","background-position":"center center","background-size":"auto","background-attachment":"scroll","background-type":"","background-media":"","overlay-type":"","overlay-color":"","overlay-opacity":"","overlay-gradient":""},"mobile":{"background-color":"var(--ast-global-color-5)","background-image":"","background-repeat":"repeat","background-position":"center center","background-size":"auto","background-attachment":"scroll","background-type":"","background-media":"","overlay-type":"","overlay-color":"","overlay-opacity":"","overlay-gradient":""}},"footnotes":""},"class_list":["post-15651","page","type-page","status-publish","hentry"],"_links":{"self":[{"href":"https:\/\/uttijuana.edu.mx\/index.php\/wp-json\/wp\/v2\/pages\/15651","targetHints":{"allow":["GET"]}}],"collection":[{"href":"https:\/\/uttijuana.edu.mx\/index.php\/wp-json\/wp\/v2\/pages"}],"about":[{"href":"https:\/\/uttijuana.edu.mx\/index.php\/wp-json\/wp\/v2\/types\/page"}],"author":[{"embeddable":true,"href":"https:\/\/uttijuana.edu.mx\/index.php\/wp-json\/wp\/v2\/users\/2"}],"replies":[{"embeddable":true,"href":"https:\/\/uttijuana.edu.mx\/index.php\/wp-json\/wp\/v2\/comments?post=15651"}],"version-history":[{"count":7,"href":"https:\/\/uttijuana.edu.mx\/index.php\/wp-json\/wp\/v2\/pages\/15651\/revisions"}],"predecessor-version":[{"id":15661,"href":"https:\/\/uttijuana.edu.mx\/index.php\/wp-json\/wp\/v2\/pages\/15651\/revisions\/15661"}],"wp:attachment":[{"href":"https:\/\/uttijuana.edu.mx\/index.php\/wp-json\/wp\/v2\/media?parent=15651"}],"curies":[{"name":"wp","href":"https:\/\/api.w.org\/{rel}","templated":true}]}}