{"id":15680,"date":"2024-10-17T22:59:02","date_gmt":"2024-10-17T22:59:02","guid":{"rendered":"https:\/\/uttijuana.edu.mx\/?page_id=15680"},"modified":"2024-10-17T23:01:59","modified_gmt":"2024-10-17T23:01:59","slug":"refrendan-colaboracion-academica-utt-y-cetys-universidad","status":"publish","type":"page","link":"https:\/\/uttijuana.edu.mx\/index.php\/refrendan-colaboracion-academica-utt-y-cetys-universidad\/","title":{"rendered":"REFRENDAN COLABORACI\u00d3N ACAD\u00c9MICA UTT Y CETYS UNIVERSIDAD"},"content":{"rendered":"\t\t<div data-elementor-type=\"wp-page\" data-elementor-id=\"15680\" class=\"elementor elementor-15680\" data-elementor-post-type=\"page\">\n\t\t\t\t\t\t<section class=\"elementor-section elementor-top-section elementor-element elementor-element-3894c10b elementor-section-boxed elementor-section-height-default elementor-section-height-default wpr-particle-no wpr-jarallax-no wpr-parallax-no wpr-sticky-section-no\" data-id=\"3894c10b\" data-element_type=\"section\">\n\t\t\t\t\t\t<div class=\"elementor-container elementor-column-gap-default\">\n\t\t\t\t\t<div class=\"elementor-column elementor-col-100 elementor-top-column elementor-element elementor-element-32873d70\" data-id=\"32873d70\" data-element_type=\"column\">\n\t\t\t<div class=\"elementor-widget-wrap elementor-element-populated\">\n\t\t\t\t\t\t<div class=\"elementor-element elementor-element-1d198b39 elementor-widget elementor-widget-heading\" data-id=\"1d198b39\" data-element_type=\"widget\" data-widget_type=\"heading.default\">\n\t\t\t\t<div class=\"elementor-widget-container\">\n\t\t\t\t\t<h2 class=\"elementor-heading-title elementor-size-default\">REFRENDAN COLABORACI\u00d3N ACAD\u00c9MICA UTT Y CETYS UNIVERSIDAD<\/h2>\t\t\t\t<\/div>\n\t\t\t\t<\/div>\n\t\t\t\t<div class=\"elementor-element elementor-element-11f5022 elementor-widget elementor-widget-image\" data-id=\"11f5022\" data-element_type=\"widget\" data-widget_type=\"image.default\">\n\t\t\t\t<div class=\"elementor-widget-container\">\n\t\t\t\t\t\t\t\t\t\t\t\t\t\t\t<img fetchpriority=\"high\" decoding=\"async\" width=\"768\" height=\"495\" src=\"https:\/\/uttijuana.edu.mx\/wp-content\/uploads\/2024\/10\/WhatsApp-Image-2024-10-17-at-3.52.37-PM-768x495.jpeg\" class=\"attachment-medium_large size-medium_large wp-image-15677\" alt=\"\" srcset=\"https:\/\/uttijuana.edu.mx\/wp-content\/uploads\/2024\/10\/WhatsApp-Image-2024-10-17-at-3.52.37-PM-768x495.jpeg 768w, https:\/\/uttijuana.edu.mx\/wp-content\/uploads\/2024\/10\/WhatsApp-Image-2024-10-17-at-3.52.37-PM-300x194.jpeg 300w, https:\/\/uttijuana.edu.mx\/wp-content\/uploads\/2024\/10\/WhatsApp-Image-2024-10-17-at-3.52.37-PM-1024x661.jpeg 1024w, https:\/\/uttijuana.edu.mx\/wp-content\/uploads\/2024\/10\/WhatsApp-Image-2024-10-17-at-3.52.37-PM-1536x991.jpeg 1536w, https:\/\/uttijuana.edu.mx\/wp-content\/uploads\/2024\/10\/WhatsApp-Image-2024-10-17-at-3.52.37-PM.jpeg 1544w\" sizes=\"(max-width: 768px) 100vw, 768px\" \/>\t\t\t\t\t\t\t\t\t\t\t\t\t\t\t<\/div>\n\t\t\t\t<\/div>\n\t\t\t\t<div class=\"elementor-element elementor-element-54d38dc elementor-widget elementor-widget-heading\" data-id=\"54d38dc\" data-element_type=\"widget\" data-widget_type=\"heading.default\">\n\t\t\t\t<div class=\"elementor-widget-container\">\n\t\t\t\t\t<h5 class=\"elementor-heading-title elementor-size-default\">Jueves, 17 de octubre de 2024<\/h5>\t\t\t\t<\/div>\n\t\t\t\t<\/div>\n\t\t\t\t<div class=\"elementor-element elementor-element-61b554f1 elementor-widget elementor-widget-heading\" data-id=\"61b554f1\" data-element_type=\"widget\" data-widget_type=\"heading.default\">\n\t\t\t\t<div class=\"elementor-widget-container\">\n\t\t\t\t\t<h5 class=\"elementor-heading-title elementor-size-medium\"><blockquote>\u2022\tEl objetivo es aprovechar las fortalezas de cada instituci\u00f3n, en beneficio de la comunidad estudiantil y docente <P><\/P>\n\nTIJUANA.- La Universidad Tecnol\u00f3gica de Tijuana (UTT) recibi\u00f3 la visita de autoridades acad\u00e9micas de CETYS Universidad, con la finalidad de analizar y proponer nuevas estrategias de colaboraci\u00f3n, en beneficio de la Educaci\u00f3n Superior de Baja California.<P><\/P>\n\n\nEl rector, Mtro. Salvador Morales Riub\u00ed, se reuni\u00f3 con su hom\u00f3logo de CETYS Universidad, Dr. Fernando Le\u00f3n Garc\u00eda, quien acudi\u00f3 acompa\u00f1ado de responsables del \u00e1rea acad\u00e9mica de las carreras de Ingenier\u00eda.<P><\/P>\n\n\nUno de los temas que se abord\u00f3 fue la importancia de compartir y complementar fortalezas, para que las y los integrantes de ambas comunidades educativas tengan acceso a elevar su nivel acad\u00e9mico y de especializaci\u00f3n.<P><\/P>\n\n\nEl rector de UTT expres\u00f3 que para la instituci\u00f3n es de gran relevancia sumar acuerdos al convenio de colaboraci\u00f3n para responder a los nuevos retos, ya que las universidades est\u00e1n siendo llamadas a tomar el liderazgo en temas como semiconductores.<P><\/P>\n\n\nPor su parte, el rector de CETYS Universidad reiter\u00f3 la importancia de cerrar brechas y encontrar coincidencias entre ambas instituciones, para que docentes y estudiantes puedan aprovechar las ventajas que ofrece cada universidad en la ense\u00f1anza y en la pr\u00e1ctica.<P><\/P>\n\n\nLa directora de CETYS Universidad campus Tijuana, Mtra. Yanina Rubio Boj\u00f3rquez, indic\u00f3 que son amplias las oportunidades de colaboraci\u00f3n por el perfil tecnol\u00f3gico de UTT, por lo que invit\u00f3 a una comitiva de la academia a realizar un recorrido por sus instalaciones para afinar detalles.<P><\/P>\n\n\nComo parte de la visita, se llev\u00f3 a cabo un recorrido por los laboratorios de Ing. en Mecatr\u00f3nica, donde estudiantes explicaron el uso de los equipos y maquinaria; mientras que docentes de las carreras de Ingenier\u00eda compartieron informaci\u00f3n sobre los planes de estudio y su proceso de actualizaci\u00f3n.<P><\/P>\n<\/h5>\t\t\t\t<\/div>\n\t\t\t\t<\/div>\n\t\t\t\t\t<\/div>\n\t\t<\/div>\n\t\t\t\t\t<\/div>\n\t\t<\/section>\n\t\t\t\t<section class=\"elementor-section elementor-top-section elementor-element elementor-element-a586672 elementor-section-boxed elementor-section-height-default elementor-section-height-default wpr-particle-no wpr-jarallax-no wpr-parallax-no wpr-sticky-section-no\" data-id=\"a586672\" data-element_type=\"section\">\n\t\t\t\t\t\t<div class=\"elementor-container elementor-column-gap-default\">\n\t\t\t\t\t<div class=\"elementor-column elementor-col-33 elementor-top-column elementor-element elementor-element-e7ce8e2\" data-id=\"e7ce8e2\" data-element_type=\"column\">\n\t\t\t<div class=\"elementor-widget-wrap elementor-element-populated\">\n\t\t\t\t\t\t<div class=\"elementor-element elementor-element-5e2f4e9 elementor-widget elementor-widget-image\" data-id=\"5e2f4e9\" data-element_type=\"widget\" data-widget_type=\"image.default\">\n\t\t\t\t<div class=\"elementor-widget-container\">\n\t\t\t\t\t\t\t\t\t\t\t\t\t\t\t<img decoding=\"async\" width=\"1024\" height=\"682\" data-src=\"https:\/\/uttijuana.edu.mx\/wp-content\/uploads\/2024\/10\/WhatsApp-Image-2024-10-17-at-3.52.40-PM-1024x682.jpeg\" class=\"attachment-large size-large wp-image-15678 lazyload\" alt=\"\" data-srcset=\"https:\/\/uttijuana.edu.mx\/wp-content\/uploads\/2024\/10\/WhatsApp-Image-2024-10-17-at-3.52.40-PM-1024x682.jpeg 1024w, https:\/\/uttijuana.edu.mx\/wp-content\/uploads\/2024\/10\/WhatsApp-Image-2024-10-17-at-3.52.40-PM-300x200.jpeg 300w, https:\/\/uttijuana.edu.mx\/wp-content\/uploads\/2024\/10\/WhatsApp-Image-2024-10-17-at-3.52.40-PM-768x512.jpeg 768w, https:\/\/uttijuana.edu.mx\/wp-content\/uploads\/2024\/10\/WhatsApp-Image-2024-10-17-at-3.52.40-PM-1536x1023.jpeg 1536w, https:\/\/uttijuana.edu.mx\/wp-content\/uploads\/2024\/10\/WhatsApp-Image-2024-10-17-at-3.52.40-PM.jpeg 1600w\" data-sizes=\"(max-width: 1024px) 100vw, 1024px\" src=\"data:image\/gif;base64,R0lGODlhAQABAAAAACH5BAEKAAEALAAAAAABAAEAAAICTAEAOw==\" style=\"--smush-placeholder-width: 1024px; --smush-placeholder-aspect-ratio: 1024\/682;\" \/>\t\t\t\t\t\t\t\t\t\t\t\t\t\t\t<\/div>\n\t\t\t\t<\/div>\n\t\t\t\t\t<\/div>\n\t\t<\/div>\n\t\t\t\t<div class=\"elementor-column elementor-col-33 elementor-top-column elementor-element elementor-element-24d6a2c\" data-id=\"24d6a2c\" data-element_type=\"column\">\n\t\t\t<div class=\"elementor-widget-wrap elementor-element-populated\">\n\t\t\t\t\t\t<div class=\"elementor-element elementor-element-a8ab71e elementor-widget elementor-widget-image\" data-id=\"a8ab71e\" data-element_type=\"widget\" data-widget_type=\"image.default\">\n\t\t\t\t<div class=\"elementor-widget-container\">\n\t\t\t\t\t\t\t\t\t\t\t\t\t\t\t<img decoding=\"async\" width=\"1024\" height=\"682\" data-src=\"https:\/\/uttijuana.edu.mx\/wp-content\/uploads\/2024\/10\/WhatsApp-Image-2024-10-17-at-3.52.43-PM-1024x682.jpeg\" class=\"attachment-large size-large wp-image-15679 lazyload\" alt=\"\" data-srcset=\"https:\/\/uttijuana.edu.mx\/wp-content\/uploads\/2024\/10\/WhatsApp-Image-2024-10-17-at-3.52.43-PM-1024x682.jpeg 1024w, https:\/\/uttijuana.edu.mx\/wp-content\/uploads\/2024\/10\/WhatsApp-Image-2024-10-17-at-3.52.43-PM-300x200.jpeg 300w, https:\/\/uttijuana.edu.mx\/wp-content\/uploads\/2024\/10\/WhatsApp-Image-2024-10-17-at-3.52.43-PM-768x512.jpeg 768w, https:\/\/uttijuana.edu.mx\/wp-content\/uploads\/2024\/10\/WhatsApp-Image-2024-10-17-at-3.52.43-PM-1536x1023.jpeg 1536w, https:\/\/uttijuana.edu.mx\/wp-content\/uploads\/2024\/10\/WhatsApp-Image-2024-10-17-at-3.52.43-PM.jpeg 1600w\" data-sizes=\"(max-width: 1024px) 100vw, 1024px\" src=\"data:image\/gif;base64,R0lGODlhAQABAAAAACH5BAEKAAEALAAAAAABAAEAAAICTAEAOw==\" style=\"--smush-placeholder-width: 1024px; --smush-placeholder-aspect-ratio: 1024\/682;\" \/>\t\t\t\t\t\t\t\t\t\t\t\t\t\t\t<\/div>\n\t\t\t\t<\/div>\n\t\t\t\t\t<\/div>\n\t\t<\/div>\n\t\t\t\t<div class=\"elementor-column elementor-col-33 elementor-top-column elementor-element elementor-element-f6d9246\" data-id=\"f6d9246\" data-element_type=\"column\">\n\t\t\t<div class=\"elementor-widget-wrap elementor-element-populated\">\n\t\t\t\t\t\t<div class=\"elementor-element elementor-element-cabe1f5 elementor-widget elementor-widget-image\" data-id=\"cabe1f5\" data-element_type=\"widget\" data-widget_type=\"image.default\">\n\t\t\t\t<div class=\"elementor-widget-container\">\n\t\t\t\t\t\t\t\t\t\t\t\t\t\t\t<img decoding=\"async\" width=\"1024\" height=\"667\" data-src=\"https:\/\/uttijuana.edu.mx\/wp-content\/uploads\/2024\/10\/WhatsApp-Image-2024-10-17-at-3.52.47-PM-1024x667.jpeg\" class=\"attachment-large size-large wp-image-15676 lazyload\" alt=\"\" data-srcset=\"https:\/\/uttijuana.edu.mx\/wp-content\/uploads\/2024\/10\/WhatsApp-Image-2024-10-17-at-3.52.47-PM-1024x667.jpeg 1024w, https:\/\/uttijuana.edu.mx\/wp-content\/uploads\/2024\/10\/WhatsApp-Image-2024-10-17-at-3.52.47-PM-300x196.jpeg 300w, https:\/\/uttijuana.edu.mx\/wp-content\/uploads\/2024\/10\/WhatsApp-Image-2024-10-17-at-3.52.47-PM-768x501.jpeg 768w, https:\/\/uttijuana.edu.mx\/wp-content\/uploads\/2024\/10\/WhatsApp-Image-2024-10-17-at-3.52.47-PM-1536x1001.jpeg 1536w, https:\/\/uttijuana.edu.mx\/wp-content\/uploads\/2024\/10\/WhatsApp-Image-2024-10-17-at-3.52.47-PM.jpeg 1542w\" data-sizes=\"(max-width: 1024px) 100vw, 1024px\" src=\"data:image\/gif;base64,R0lGODlhAQABAAAAACH5BAEKAAEALAAAAAABAAEAAAICTAEAOw==\" style=\"--smush-placeholder-width: 1024px; --smush-placeholder-aspect-ratio: 1024\/667;\" \/>\t\t\t\t\t\t\t\t\t\t\t\t\t\t\t<\/div>\n\t\t\t\t<\/div>\n\t\t\t\t\t<\/div>\n\t\t<\/div>\n\t\t\t\t\t<\/div>\n\t\t<\/section>\n\t\t\t\t<section class=\"elementor-section elementor-top-section elementor-element elementor-element-82b2077 elementor-section-boxed elementor-section-height-default elementor-section-height-default wpr-particle-no wpr-jarallax-no wpr-parallax-no wpr-sticky-section-no\" data-id=\"82b2077\" data-element_type=\"section\">\n\t\t\t\t\t\t<div class=\"elementor-container elementor-column-gap-default\">\n\t\t\t\t\t<div class=\"elementor-column elementor-col-100 elementor-top-column elementor-element elementor-element-5a769fa\" data-id=\"5a769fa\" data-element_type=\"column\">\n\t\t\t<div class=\"elementor-widget-wrap elementor-element-populated\">\n\t\t\t\t\t\t<div class=\"elementor-element elementor-element-3af8e3c elementor-widget elementor-widget-spacer\" data-id=\"3af8e3c\" data-element_type=\"widget\" data-widget_type=\"spacer.default\">\n\t\t\t\t<div class=\"elementor-widget-container\">\n\t\t\t\t\t\t\t<div class=\"elementor-spacer\">\n\t\t\t<div class=\"elementor-spacer-inner\"><\/div>\n\t\t<\/div>\n\t\t\t\t\t\t<\/div>\n\t\t\t\t<\/div>\n\t\t\t\t\t<\/div>\n\t\t<\/div>\n\t\t\t\t\t<\/div>\n\t\t<\/section>\n\t\t\t\t<\/div>\n\t\t","protected":false},"excerpt":{"rendered":"<p>REFRENDAN COLABORACI\u00d3N ACAD\u00c9MICA UTT Y CETYS UNIVERSIDAD Jueves, 17 de octubre de 2024 \u2022 El objetivo es aprovechar las fortalezas de cada instituci\u00f3n, en beneficio de la comunidad estudiantil y docente TIJUANA.- La Universidad Tecnol\u00f3gica de Tijuana (UTT) recibi\u00f3 la visita de autoridades acad\u00e9micas de CETYS Universidad, con la finalidad de analizar y proponer nuevas estrategias de colaboraci\u00f3n, en beneficio de la Educaci\u00f3n Superior de Baja California. El rector, Mtro. Salvador Morales Riub\u00ed, se reuni\u00f3 con su hom\u00f3logo de CETYS Universidad, Dr. Fernando Le\u00f3n Garc\u00eda, quien acudi\u00f3 acompa\u00f1ado de responsables del \u00e1rea acad\u00e9mica de las carreras de Ingenier\u00eda. Uno de los temas que se abord\u00f3 fue la importancia de compartir y complementar fortalezas, para que las y los integrantes de ambas comunidades educativas tengan acceso a elevar su nivel acad\u00e9mico y de especializaci\u00f3n. El rector de UTT expres\u00f3 que para la instituci\u00f3n es de gran relevancia sumar acuerdos al convenio de colaboraci\u00f3n para responder a los nuevos retos, ya que las universidades est\u00e1n siendo llamadas a tomar el liderazgo en temas como semiconductores. Por su parte, el rector de CETYS Universidad reiter\u00f3 la importancia de cerrar brechas y encontrar coincidencias entre ambas instituciones, para que docentes y estudiantes puedan aprovechar las ventajas que ofrece cada universidad en la ense\u00f1anza y en la pr\u00e1ctica. La directora de CETYS Universidad campus Tijuana, Mtra. Yanina Rubio Boj\u00f3rquez, indic\u00f3 que son amplias las oportunidades de colaboraci\u00f3n por el perfil tecnol\u00f3gico de UTT, por lo que invit\u00f3 a una comitiva de la academia a realizar un recorrido por sus instalaciones para afinar detalles. Como parte de la visita, se llev\u00f3 a cabo un recorrido por los laboratorios de Ing. en Mecatr\u00f3nica, donde estudiantes explicaron el uso de los equipos y maquinaria; mientras que docentes de las carreras de Ingenier\u00eda compartieron informaci\u00f3n sobre los planes de estudio y su proceso de actualizaci\u00f3n.<\/p>\n","protected":false},"author":2,"featured_media":0,"parent":0,"menu_order":0,"comment_status":"closed","ping_status":"closed","template":"","meta":{"_monsterinsights_skip_tracking":false,"_monsterinsights_sitenote_active":false,"_monsterinsights_sitenote_note":"","_monsterinsights_sitenote_category":0,"_uf_show_specific_survey":0,"_uf_disable_surveys":false,"site-sidebar-layout":"no-sidebar","site-content-layout":"page-builder","ast-site-content-layout":"full-width-container","site-content-style":"unboxed","site-sidebar-style":"unboxed","ast-global-header-display":"","ast-banner-title-visibility":"","ast-main-header-display":"","ast-hfb-above-header-display":"","ast-hfb-below-header-display":"","ast-hfb-mobile-header-display":"","site-post-title":"disabled","ast-breadcrumbs-content":"","ast-featured-img":"disabled","footer-sml-layout":"","ast-disable-related-posts":"","theme-transparent-header-meta":"","adv-header-id-meta":"","stick-header-meta":"","header-above-stick-meta":"","header-main-stick-meta":"","header-below-stick-meta":"","astra-migrate-meta-layouts":"set","ast-page-background-enabled":"default","ast-page-background-meta":{"desktop":{"background-color":"","background-image":"","background-repeat":"repeat","background-position":"center center","background-size":"auto","background-attachment":"scroll","background-type":"","background-media":"","overlay-type":"","overlay-color":"","overlay-opacity":"","overlay-gradient":""},"tablet":{"background-color":"","background-image":"","background-repeat":"repeat","background-position":"center center","background-size":"auto","background-attachment":"scroll","background-type":"","background-media":"","overlay-type":"","overlay-color":"","overlay-opacity":"","overlay-gradient":""},"mobile":{"background-color":"","background-image":"","background-repeat":"repeat","background-position":"center center","background-size":"auto","background-attachment":"scroll","background-type":"","background-media":"","overlay-type":"","overlay-color":"","overlay-opacity":"","overlay-gradient":""}},"ast-content-background-meta":{"desktop":{"background-color":"var(--ast-global-color-5)","background-image":"","background-repeat":"repeat","background-position":"center center","background-size":"auto","background-attachment":"scroll","background-type":"","background-media":"","overlay-type":"","overlay-color":"","overlay-opacity":"","overlay-gradient":""},"tablet":{"background-color":"var(--ast-global-color-5)","background-image":"","background-repeat":"repeat","background-position":"center center","background-size":"auto","background-attachment":"scroll","background-type":"","background-media":"","overlay-type":"","overlay-color":"","overlay-opacity":"","overlay-gradient":""},"mobile":{"background-color":"var(--ast-global-color-5)","background-image":"","background-repeat":"repeat","background-position":"center center","background-size":"auto","background-attachment":"scroll","background-type":"","background-media":"","overlay-type":"","overlay-color":"","overlay-opacity":"","overlay-gradient":""}},"footnotes":""},"class_list":["post-15680","page","type-page","status-publish","hentry"],"_links":{"self":[{"href":"https:\/\/uttijuana.edu.mx\/index.php\/wp-json\/wp\/v2\/pages\/15680","targetHints":{"allow":["GET"]}}],"collection":[{"href":"https:\/\/uttijuana.edu.mx\/index.php\/wp-json\/wp\/v2\/pages"}],"about":[{"href":"https:\/\/uttijuana.edu.mx\/index.php\/wp-json\/wp\/v2\/types\/page"}],"author":[{"embeddable":true,"href":"https:\/\/uttijuana.edu.mx\/index.php\/wp-json\/wp\/v2\/users\/2"}],"replies":[{"embeddable":true,"href":"https:\/\/uttijuana.edu.mx\/index.php\/wp-json\/wp\/v2\/comments?post=15680"}],"version-history":[{"count":4,"href":"https:\/\/uttijuana.edu.mx\/index.php\/wp-json\/wp\/v2\/pages\/15680\/revisions"}],"predecessor-version":[{"id":15684,"href":"https:\/\/uttijuana.edu.mx\/index.php\/wp-json\/wp\/v2\/pages\/15680\/revisions\/15684"}],"wp:attachment":[{"href":"https:\/\/uttijuana.edu.mx\/index.php\/wp-json\/wp\/v2\/media?parent=15680"}],"curies":[{"name":"wp","href":"https:\/\/api.w.org\/{rel}","templated":true}]}}