{"id":15691,"date":"2024-10-23T21:22:55","date_gmt":"2024-10-23T21:22:55","guid":{"rendered":"https:\/\/uttijuana.edu.mx\/?page_id=15691"},"modified":"2024-10-23T21:26:30","modified_gmt":"2024-10-23T21:26:30","slug":"ofertara-utt-dos-nuevas-carreras-y-una-nueva-maestria","status":"publish","type":"page","link":"https:\/\/uttijuana.edu.mx\/index.php\/ofertara-utt-dos-nuevas-carreras-y-una-nueva-maestria\/","title":{"rendered":"OFERTAR\u00c1 UTT DOS NUEVAS CARRERAS Y UNA NUEVA MAESTR\u00cdA"},"content":{"rendered":"\t\t<div data-elementor-type=\"wp-page\" data-elementor-id=\"15691\" class=\"elementor elementor-15691\" data-elementor-post-type=\"page\">\n\t\t\t\t\t\t<section class=\"elementor-section elementor-top-section elementor-element elementor-element-3894c10b elementor-section-boxed elementor-section-height-default elementor-section-height-default wpr-particle-no wpr-jarallax-no wpr-parallax-no wpr-sticky-section-no\" data-id=\"3894c10b\" data-element_type=\"section\">\n\t\t\t\t\t\t<div class=\"elementor-container elementor-column-gap-default\">\n\t\t\t\t\t<div class=\"elementor-column elementor-col-100 elementor-top-column elementor-element elementor-element-32873d70\" data-id=\"32873d70\" data-element_type=\"column\">\n\t\t\t<div class=\"elementor-widget-wrap elementor-element-populated\">\n\t\t\t\t\t\t<div class=\"elementor-element elementor-element-1d198b39 elementor-widget elementor-widget-heading\" data-id=\"1d198b39\" data-element_type=\"widget\" data-widget_type=\"heading.default\">\n\t\t\t\t<div class=\"elementor-widget-container\">\n\t\t\t\t\t<h2 class=\"elementor-heading-title elementor-size-default\">OFERTAR\u00c1 UTT DOS NUEVAS CARRERAS Y UNA NUEVA MAESTR\u00cdA<\/h2>\t\t\t\t<\/div>\n\t\t\t\t<\/div>\n\t\t\t\t<div class=\"elementor-element elementor-element-11f5022 elementor-widget elementor-widget-image\" data-id=\"11f5022\" data-element_type=\"widget\" data-widget_type=\"image.default\">\n\t\t\t\t<div class=\"elementor-widget-container\">\n\t\t\t\t\t\t\t\t\t\t\t\t\t\t\t<img fetchpriority=\"high\" decoding=\"async\" width=\"768\" height=\"554\" src=\"https:\/\/uttijuana.edu.mx\/wp-content\/uploads\/2024\/10\/WhatsApp-Image-2024-10-23-at-2.00.54-PM-768x554.jpeg\" class=\"attachment-medium_large size-medium_large wp-image-15694\" alt=\"\" srcset=\"https:\/\/uttijuana.edu.mx\/wp-content\/uploads\/2024\/10\/WhatsApp-Image-2024-10-23-at-2.00.54-PM-768x554.jpeg 768w, https:\/\/uttijuana.edu.mx\/wp-content\/uploads\/2024\/10\/WhatsApp-Image-2024-10-23-at-2.00.54-PM-300x217.jpeg 300w, https:\/\/uttijuana.edu.mx\/wp-content\/uploads\/2024\/10\/WhatsApp-Image-2024-10-23-at-2.00.54-PM.jpeg 888w\" sizes=\"(max-width: 768px) 100vw, 768px\" \/>\t\t\t\t\t\t\t\t\t\t\t\t\t\t\t<\/div>\n\t\t\t\t<\/div>\n\t\t\t\t<div class=\"elementor-element elementor-element-54d38dc elementor-widget elementor-widget-heading\" data-id=\"54d38dc\" data-element_type=\"widget\" data-widget_type=\"heading.default\">\n\t\t\t\t<div class=\"elementor-widget-container\">\n\t\t\t\t\t<h5 class=\"elementor-heading-title elementor-size-default\">Tijuana, Baja California, a 23 de octubre 2024\n<\/h5>\t\t\t\t<\/div>\n\t\t\t\t<\/div>\n\t\t\t\t\t<\/div>\n\t\t<\/div>\n\t\t\t\t\t<\/div>\n\t\t<\/section>\n\t\t\t\t<section class=\"elementor-section elementor-top-section elementor-element elementor-element-cc875c7 elementor-section-boxed elementor-section-height-default elementor-section-height-default wpr-particle-no wpr-jarallax-no wpr-parallax-no wpr-sticky-section-no\" data-id=\"cc875c7\" data-element_type=\"section\">\n\t\t\t\t\t\t<div class=\"elementor-container elementor-column-gap-default\">\n\t\t\t\t\t<div class=\"elementor-column elementor-col-100 elementor-top-column elementor-element elementor-element-b098038\" data-id=\"b098038\" data-element_type=\"column\">\n\t\t\t<div class=\"elementor-widget-wrap elementor-element-populated\">\n\t\t\t\t\t\t<div class=\"elementor-element elementor-element-bd5e8e6 elementor-widget elementor-widget-heading\" data-id=\"bd5e8e6\" data-element_type=\"widget\" data-widget_type=\"heading.default\">\n\t\t\t\t<div class=\"elementor-widget-container\">\n\t\t\t\t\t<h5 class=\"elementor-heading-title elementor-size-medium\"><blockquote><em>\u2022\tA partir de 2025, la Universidad Tecnol\u00f3gica de Tijuana ofertar\u00e1 la Lic. en Educaci\u00f3n y el TSU\/Ing. en Semiconductores<p><\/p>\n\nTIJUANA.- La Comisi\u00f3n Estatal para la Planeaci\u00f3n de la Educaci\u00f3n Superior de Baja California (COEPES), aval\u00f3 la incorporaci\u00f3n de tres nuevos programas educativos a la oferta de la Universidad Tecnol\u00f3gica de Tijuana (UTT), con lo que se ampliar\u00e1 la matr\u00edcula y se abrir\u00e1n nuevas oportunidades para las y los j\u00f3venes de la regi\u00f3n.<p><\/p>\n\nEl rector, Mtro. Salvador Morales Riub\u00ed, inform\u00f3 que, a partir de 2025, se abrir\u00e1 la convocatoria para estudiar la Licenciatura en Educaci\u00f3n, el T\u00e9cnico Superior Universitario e Ingenier\u00eda en Semiconductores, adem\u00e1s de la Maestr\u00eda en Ingenier\u00eda Industrial en Manufactura Avanzada.<p><\/p>\n\nDestac\u00f3 que los tres nuevos programas educativos son pertinentes, ya que fueron sometidos a consulta de grupos especializados, para garantizar que los planes de estudio se apegan a la necesidad del campo laboral y a las nuevas tendencias tecnol\u00f3gicas.\n\n\u201cCon estas nuevas carreras y con nuestro segundo programa de Posgrado, estamos convencidos de que abonaremos al desarrollo tecnol\u00f3gico, educativo y econ\u00f3mico del estado\u201d, afirm\u00f3.<p><\/p>\n\nQuienes deseen estudiar la Licenciatura en Educaci\u00f3n, a su ingreso a UTT cursar\u00e1n el T\u00e9cnico Superior Universitario en Ense\u00f1anza del Idioma Ingl\u00e9s en un periodo de dos a\u00f1os, mientras que la continuidad de estudios ser\u00e1 dicha licenciatura.<p><\/p>\n\nRespecto al TSU e Ingenier\u00eda en Semiconductores, el rector destac\u00f3 que es uno de los temas prioritarios en la agenda del Gobierno del Estado y de la Secretar\u00eda de Econom\u00eda e Innovaci\u00f3n, por lo que desde la Direcci\u00f3n General de Universidades Tecnol\u00f3gicas y Polit\u00e9cnicas se inici\u00f3 desde hace varios meses con la conformaci\u00f3n del plan de estudios, con una activa participaci\u00f3n de acad\u00e9micos de la Universidad Tecnol\u00f3gica de Tijuana.<p><\/p>\n\nMorales Riub\u00ed celebr\u00f3 la aprobaci\u00f3n del programa de Maestr\u00eda en Ingenier\u00eda Industrial en Manufactura Avanzada, que se suma al primer programa de Posgrado de UTT, la Maestr\u00eda en Ingenier\u00eda en Gesti\u00f3n de Procesos Industriales.<p><\/p>\n\nEn la misma Sesi\u00f3n Ordinaria, fueron aprobados los nuevos planes de estudio de UTT, que fueron objeto de un proceso de adecuaci\u00f3n, conforme a la Nueva Escuela Mexicana, por parte de la Direcci\u00f3n General de Universidades Tecnol\u00f3gicas y Polit\u00e9cnicas. <p><\/p>\n\nLos trabajos de la COEPES fueron encabezados por el Subsecretario de Educaci\u00f3n Media Superior, Superior e Investigaci\u00f3n, Mtro. Alejandro Rosales Sotelo, y por la directora de Educaci\u00f3n Superior, Posgrado e Investigaci\u00f3n de Educaci\u00f3n BC, Mtra. Ana Beatriz J\u00e1uregui Santill\u00e1n, con la participaci\u00f3n de rectores, acad\u00e9micos y directivos de universidades p\u00fablicas y privadas.<p><\/p><\/h5>\t\t\t\t<\/div>\n\t\t\t\t<\/div>\n\t\t\t\t\t<\/div>\n\t\t<\/div>\n\t\t\t\t\t<\/div>\n\t\t<\/section>\n\t\t\t\t<section class=\"elementor-section elementor-top-section elementor-element elementor-element-0bc49b8 elementor-section-boxed elementor-section-height-default elementor-section-height-default wpr-particle-no wpr-jarallax-no wpr-parallax-no wpr-sticky-section-no\" data-id=\"0bc49b8\" data-element_type=\"section\">\n\t\t\t\t\t\t<div class=\"elementor-container elementor-column-gap-default\">\n\t\t\t\t\t<div class=\"elementor-column elementor-col-100 elementor-top-column elementor-element elementor-element-272a7b2\" data-id=\"272a7b2\" data-element_type=\"column\">\n\t\t\t<div class=\"elementor-widget-wrap elementor-element-populated\">\n\t\t\t\t\t\t<div class=\"elementor-element elementor-element-fceaaff elementor-widget elementor-widget-image\" data-id=\"fceaaff\" data-element_type=\"widget\" data-widget_type=\"image.default\">\n\t\t\t\t<div class=\"elementor-widget-container\">\n\t\t\t\t\t\t\t\t\t\t\t\t\t\t\t<img decoding=\"async\" width=\"768\" height=\"512\" data-src=\"https:\/\/uttijuana.edu.mx\/wp-content\/uploads\/2024\/07\/WhatsApp-Image-2024-07-10-at-1.44.47-PM-768x512.jpeg\" class=\"attachment-medium_large size-medium_large wp-image-14795 lazyload\" alt=\"\" data-srcset=\"https:\/\/uttijuana.edu.mx\/wp-content\/uploads\/2024\/07\/WhatsApp-Image-2024-07-10-at-1.44.47-PM-768x512.jpeg 768w, https:\/\/uttijuana.edu.mx\/wp-content\/uploads\/2024\/07\/WhatsApp-Image-2024-07-10-at-1.44.47-PM-300x200.jpeg 300w, https:\/\/uttijuana.edu.mx\/wp-content\/uploads\/2024\/07\/WhatsApp-Image-2024-07-10-at-1.44.47-PM-1024x683.jpeg 1024w, https:\/\/uttijuana.edu.mx\/wp-content\/uploads\/2024\/07\/WhatsApp-Image-2024-07-10-at-1.44.47-PM-1536x1024.jpeg 1536w, https:\/\/uttijuana.edu.mx\/wp-content\/uploads\/2024\/07\/WhatsApp-Image-2024-07-10-at-1.44.47-PM.jpeg 1600w\" data-sizes=\"(max-width: 768px) 100vw, 768px\" src=\"data:image\/gif;base64,R0lGODlhAQABAAAAACH5BAEKAAEALAAAAAABAAEAAAICTAEAOw==\" style=\"--smush-placeholder-width: 768px; --smush-placeholder-aspect-ratio: 768\/512;\" \/>\t\t\t\t\t\t\t\t\t\t\t\t\t\t\t<\/div>\n\t\t\t\t<\/div>\n\t\t\t\t\t<\/div>\n\t\t<\/div>\n\t\t\t\t\t<\/div>\n\t\t<\/section>\n\t\t\t\t<section class=\"elementor-section elementor-top-section elementor-element elementor-element-73a5d46 elementor-section-boxed elementor-section-height-default elementor-section-height-default wpr-particle-no wpr-jarallax-no wpr-parallax-no wpr-sticky-section-no\" data-id=\"73a5d46\" data-element_type=\"section\">\n\t\t\t\t\t\t<div class=\"elementor-container elementor-column-gap-default\">\n\t\t\t\t\t<div class=\"elementor-column elementor-col-100 elementor-top-column elementor-element elementor-element-3846838\" data-id=\"3846838\" data-element_type=\"column\">\n\t\t\t<div class=\"elementor-widget-wrap elementor-element-populated\">\n\t\t\t\t\t\t<div class=\"elementor-element elementor-element-631b3e5 elementor-widget elementor-widget-spacer\" data-id=\"631b3e5\" data-element_type=\"widget\" data-widget_type=\"spacer.default\">\n\t\t\t\t<div class=\"elementor-widget-container\">\n\t\t\t\t\t\t\t<div class=\"elementor-spacer\">\n\t\t\t<div class=\"elementor-spacer-inner\"><\/div>\n\t\t<\/div>\n\t\t\t\t\t\t<\/div>\n\t\t\t\t<\/div>\n\t\t\t\t\t<\/div>\n\t\t<\/div>\n\t\t\t\t\t<\/div>\n\t\t<\/section>\n\t\t\t\t<\/div>\n\t\t","protected":false},"excerpt":{"rendered":"<p>OFERTAR\u00c1 UTT DOS NUEVAS CARRERAS Y UNA NUEVA MAESTR\u00cdA Tijuana, Baja California, a 23 de octubre 2024 \u2022 A partir de 2025, la Universidad Tecnol\u00f3gica de Tijuana ofertar\u00e1 la Lic. en Educaci\u00f3n y el TSU\/Ing. en Semiconductores TIJUANA.- La Comisi\u00f3n Estatal para la Planeaci\u00f3n de la Educaci\u00f3n Superior de Baja California (COEPES), aval\u00f3 la incorporaci\u00f3n de tres nuevos programas educativos a la oferta de la Universidad Tecnol\u00f3gica de Tijuana (UTT), con lo que se ampliar\u00e1 la matr\u00edcula y se abrir\u00e1n nuevas oportunidades para las y los j\u00f3venes de la regi\u00f3n. El rector, Mtro. Salvador Morales Riub\u00ed, inform\u00f3 que, a partir de 2025, se abrir\u00e1 la convocatoria para estudiar la Licenciatura en Educaci\u00f3n, el T\u00e9cnico Superior Universitario e Ingenier\u00eda en Semiconductores, adem\u00e1s de la Maestr\u00eda en Ingenier\u00eda Industrial en Manufactura Avanzada. Destac\u00f3 que los tres nuevos programas educativos son pertinentes, ya que fueron sometidos a consulta de grupos especializados, para garantizar que los planes de estudio se apegan a la necesidad del campo laboral y a las nuevas tendencias tecnol\u00f3gicas. \u201cCon estas nuevas carreras y con nuestro segundo programa de Posgrado, estamos convencidos de que abonaremos al desarrollo tecnol\u00f3gico, educativo y econ\u00f3mico del estado\u201d, afirm\u00f3. Quienes deseen estudiar la Licenciatura en Educaci\u00f3n, a su ingreso a UTT cursar\u00e1n el T\u00e9cnico Superior Universitario en Ense\u00f1anza del Idioma Ingl\u00e9s en un periodo de dos a\u00f1os, mientras que la continuidad de estudios ser\u00e1 dicha licenciatura. Respecto al TSU e Ingenier\u00eda en Semiconductores, el rector destac\u00f3 que es uno de los temas prioritarios en la agenda del Gobierno del Estado y de la Secretar\u00eda de Econom\u00eda e Innovaci\u00f3n, por lo que desde la Direcci\u00f3n General de Universidades Tecnol\u00f3gicas y Polit\u00e9cnicas se inici\u00f3 desde hace varios meses con la conformaci\u00f3n del plan de estudios, con una activa participaci\u00f3n de acad\u00e9micos de la Universidad Tecnol\u00f3gica de Tijuana. Morales Riub\u00ed celebr\u00f3 la aprobaci\u00f3n del programa de Maestr\u00eda en Ingenier\u00eda Industrial en Manufactura Avanzada, que se suma al primer programa de Posgrado de UTT, la Maestr\u00eda en Ingenier\u00eda en Gesti\u00f3n de Procesos Industriales. En la misma Sesi\u00f3n Ordinaria, fueron aprobados los nuevos planes de estudio de UTT, que fueron objeto de un proceso de adecuaci\u00f3n, conforme a la Nueva Escuela Mexicana, por parte de la Direcci\u00f3n General de Universidades Tecnol\u00f3gicas y Polit\u00e9cnicas. Los trabajos de la COEPES fueron encabezados por el Subsecretario de Educaci\u00f3n Media Superior, Superior e Investigaci\u00f3n, Mtro. Alejandro Rosales Sotelo, y por la directora de Educaci\u00f3n Superior, Posgrado e Investigaci\u00f3n de Educaci\u00f3n BC, Mtra. Ana Beatriz J\u00e1uregui Santill\u00e1n, con la participaci\u00f3n de rectores, acad\u00e9micos y directivos de universidades p\u00fablicas y privadas.<\/p>\n","protected":false},"author":2,"featured_media":0,"parent":0,"menu_order":0,"comment_status":"closed","ping_status":"closed","template":"","meta":{"_monsterinsights_skip_tracking":false,"_monsterinsights_sitenote_active":false,"_monsterinsights_sitenote_note":"","_monsterinsights_sitenote_category":0,"_uf_show_specific_survey":0,"_uf_disable_surveys":false,"site-sidebar-layout":"no-sidebar","site-content-layout":"page-builder","ast-site-content-layout":"full-width-container","site-content-style":"unboxed","site-sidebar-style":"unboxed","ast-global-header-display":"","ast-banner-title-visibility":"","ast-main-header-display":"","ast-hfb-above-header-display":"","ast-hfb-below-header-display":"","ast-hfb-mobile-header-display":"","site-post-title":"disabled","ast-breadcrumbs-content":"","ast-featured-img":"disabled","footer-sml-layout":"","ast-disable-related-posts":"","theme-transparent-header-meta":"","adv-header-id-meta":"","stick-header-meta":"","header-above-stick-meta":"","header-main-stick-meta":"","header-below-stick-meta":"","astra-migrate-meta-layouts":"set","ast-page-background-enabled":"default","ast-page-background-meta":{"desktop":{"background-color":"","background-image":"","background-repeat":"repeat","background-position":"center center","background-size":"auto","background-attachment":"scroll","background-type":"","background-media":"","overlay-type":"","overlay-color":"","overlay-opacity":"","overlay-gradient":""},"tablet":{"background-color":"","background-image":"","background-repeat":"repeat","background-position":"center center","background-size":"auto","background-attachment":"scroll","background-type":"","background-media":"","overlay-type":"","overlay-color":"","overlay-opacity":"","overlay-gradient":""},"mobile":{"background-color":"","background-image":"","background-repeat":"repeat","background-position":"center center","background-size":"auto","background-attachment":"scroll","background-type":"","background-media":"","overlay-type":"","overlay-color":"","overlay-opacity":"","overlay-gradient":""}},"ast-content-background-meta":{"desktop":{"background-color":"var(--ast-global-color-5)","background-image":"","background-repeat":"repeat","background-position":"center center","background-size":"auto","background-attachment":"scroll","background-type":"","background-media":"","overlay-type":"","overlay-color":"","overlay-opacity":"","overlay-gradient":""},"tablet":{"background-color":"var(--ast-global-color-5)","background-image":"","background-repeat":"repeat","background-position":"center center","background-size":"auto","background-attachment":"scroll","background-type":"","background-media":"","overlay-type":"","overlay-color":"","overlay-opacity":"","overlay-gradient":""},"mobile":{"background-color":"var(--ast-global-color-5)","background-image":"","background-repeat":"repeat","background-position":"center center","background-size":"auto","background-attachment":"scroll","background-type":"","background-media":"","overlay-type":"","overlay-color":"","overlay-opacity":"","overlay-gradient":""}},"footnotes":""},"class_list":["post-15691","page","type-page","status-publish","hentry"],"_links":{"self":[{"href":"https:\/\/uttijuana.edu.mx\/index.php\/wp-json\/wp\/v2\/pages\/15691","targetHints":{"allow":["GET"]}}],"collection":[{"href":"https:\/\/uttijuana.edu.mx\/index.php\/wp-json\/wp\/v2\/pages"}],"about":[{"href":"https:\/\/uttijuana.edu.mx\/index.php\/wp-json\/wp\/v2\/types\/page"}],"author":[{"embeddable":true,"href":"https:\/\/uttijuana.edu.mx\/index.php\/wp-json\/wp\/v2\/users\/2"}],"replies":[{"embeddable":true,"href":"https:\/\/uttijuana.edu.mx\/index.php\/wp-json\/wp\/v2\/comments?post=15691"}],"version-history":[{"count":4,"href":"https:\/\/uttijuana.edu.mx\/index.php\/wp-json\/wp\/v2\/pages\/15691\/revisions"}],"predecessor-version":[{"id":15697,"href":"https:\/\/uttijuana.edu.mx\/index.php\/wp-json\/wp\/v2\/pages\/15691\/revisions\/15697"}],"wp:attachment":[{"href":"https:\/\/uttijuana.edu.mx\/index.php\/wp-json\/wp\/v2\/media?parent=15691"}],"curies":[{"name":"wp","href":"https:\/\/api.w.org\/{rel}","templated":true}]}}