{"id":16072,"date":"2025-01-14T22:50:45","date_gmt":"2025-01-14T22:50:45","guid":{"rendered":"https:\/\/uttijuana.edu.mx\/?page_id=16072"},"modified":"2025-01-14T22:58:23","modified_gmt":"2025-01-14T22:58:23","slug":"seleccionan-a-estudiante-de-utt-para-realizar-estadias-en-academia-de-viva-aerobus","status":"publish","type":"page","link":"https:\/\/uttijuana.edu.mx\/index.php\/seleccionan-a-estudiante-de-utt-para-realizar-estadias-en-academia-de-viva-aerobus\/","title":{"rendered":"SELECCIONAN A ESTUDIANTE DE UTT PARA REALIZAR ESTAD\u00cdAS EN ACADEMIA DE VIVA AEROBUS"},"content":{"rendered":"\t\t<div data-elementor-type=\"wp-page\" data-elementor-id=\"16072\" class=\"elementor elementor-16072\" data-elementor-post-type=\"page\">\n\t\t\t\t\t\t<section class=\"elementor-section elementor-top-section elementor-element elementor-element-3894c10b elementor-section-boxed elementor-section-height-default elementor-section-height-default wpr-particle-no wpr-jarallax-no wpr-parallax-no wpr-sticky-section-no\" data-id=\"3894c10b\" data-element_type=\"section\">\n\t\t\t\t\t\t<div class=\"elementor-container elementor-column-gap-default\">\n\t\t\t\t\t<div class=\"elementor-column elementor-col-100 elementor-top-column elementor-element elementor-element-32873d70\" data-id=\"32873d70\" data-element_type=\"column\">\n\t\t\t<div class=\"elementor-widget-wrap elementor-element-populated\">\n\t\t\t\t\t\t<div class=\"elementor-element elementor-element-1d198b39 elementor-widget elementor-widget-heading\" data-id=\"1d198b39\" data-element_type=\"widget\" data-widget_type=\"heading.default\">\n\t\t\t\t<div class=\"elementor-widget-container\">\n\t\t\t\t\t<h2 class=\"elementor-heading-title elementor-size-default\">SELECCIONAN A ESTUDIANTE DE UTT PARA REALIZAR ESTAD\u00cdAS EN ACADEMIA DE VIVA AEROBUS\n<\/h2>\t\t\t\t<\/div>\n\t\t\t\t<\/div>\n\t\t\t\t<div class=\"elementor-element elementor-element-11f5022 elementor-widget elementor-widget-image\" data-id=\"11f5022\" data-element_type=\"widget\" data-widget_type=\"image.default\">\n\t\t\t\t<div class=\"elementor-widget-container\">\n\t\t\t\t\t\t\t\t\t\t\t\t\t\t\t<img fetchpriority=\"high\" decoding=\"async\" width=\"768\" height=\"512\" src=\"https:\/\/uttijuana.edu.mx\/wp-content\/uploads\/2025\/01\/ACADEMIA-DE-VIVA-AEROBUS1-768x512.jpeg\" class=\"attachment-medium_large size-medium_large wp-image-16068\" alt=\"\" srcset=\"https:\/\/uttijuana.edu.mx\/wp-content\/uploads\/2025\/01\/ACADEMIA-DE-VIVA-AEROBUS1-768x512.jpeg 768w, https:\/\/uttijuana.edu.mx\/wp-content\/uploads\/2025\/01\/ACADEMIA-DE-VIVA-AEROBUS1-300x200.jpeg 300w, https:\/\/uttijuana.edu.mx\/wp-content\/uploads\/2025\/01\/ACADEMIA-DE-VIVA-AEROBUS1-1024x683.jpeg 1024w, https:\/\/uttijuana.edu.mx\/wp-content\/uploads\/2025\/01\/ACADEMIA-DE-VIVA-AEROBUS1.jpeg 1280w\" sizes=\"(max-width: 768px) 100vw, 768px\" \/>\t\t\t\t\t\t\t\t\t\t\t\t\t\t\t<\/div>\n\t\t\t\t<\/div>\n\t\t\t\t<div class=\"elementor-element elementor-element-54d38dc elementor-widget elementor-widget-heading\" data-id=\"54d38dc\" data-element_type=\"widget\" data-widget_type=\"heading.default\">\n\t\t\t\t<div class=\"elementor-widget-container\">\n\t\t\t\t\t<h5 class=\"elementor-heading-title elementor-size-default\">Tijuana, Baja California a 14 de enero 2025<\/h5>\t\t\t\t<\/div>\n\t\t\t\t<\/div>\n\t\t\t\t<div class=\"elementor-element elementor-element-61b554f1 elementor-widget elementor-widget-heading\" data-id=\"61b554f1\" data-element_type=\"widget\" data-widget_type=\"heading.default\">\n\t\t\t\t<div class=\"elementor-widget-container\">\n\t\t\t\t\t<h5 class=\"elementor-heading-title elementor-size-medium\"><blockquote>\u2022Es el \u00fanico estudiante tijuanense que fue invitado a participar en un exhaustivo proceso de capacitaci\u00f3n<p><\/p>\n\nTIJUANA.- El estudiante de la Universidad Tecnol\u00f3gica de Tijuana (UTT), de Ingenier\u00eda en Manufactura Aeron\u00e1utica, Esteban Santiago Ni\u00f1o L\u00f3pez, fue seleccionado por la aerol\u00ednea Viva Aerobus para participar en un proyecto de Estad\u00edas como T\u00e9cnico en Mantenimiento Clase 1.<p><\/p>\n\nEl rector, Mtro. Salvador Morales Riub\u00ed, destac\u00f3 que fue el \u00fanico alumno tijuanense que recibi\u00f3 esta invitaci\u00f3n por parte de reclutadores de talento de esa importante empresa, que en septiembre del a\u00f1o pasado visitaron las instalaciones universitarias para analizar posibles estrategias de colaboraci\u00f3n.<p><\/p>\n\nDurante un recorrido por los laboratorios, docentes de la carrera explicaron detalles del plan de estudios y las habilidades que las y los estudiantes desarrollan con las pr\u00e1cticas. Esteban Ni\u00f1o fue uno de los alumnos expositores, quien demostr\u00f3 un amplio conocimiento de su campo de estudio y un gran entusiasmo por todo lo que representa el sector aeron\u00e1utico.<p><\/p>\n\nAntes de emprender el viaje a Apodaca, Nuevo Le\u00f3n, donde realizar\u00e1 sus Estad\u00edas Profesionales durante un cuatrimestre, se reuni\u00f3 con el rector, quien le dese\u00f3 todo el \u00e9xito posible y lo felicit\u00f3 por haber llamado la atenci\u00f3n de los reclutadores de Viva Aerobus, empresa con la que se busca consolidar un convenio de colaboraci\u00f3n.<p><\/p>\n\n\u201cPara nosotros representa un gran orgullo que seas el \u00fanico estudiante tijuanense seleccionado para realizar estas pr\u00e1cticas, en una empresa tan importante para la aviaci\u00f3n en M\u00e9xico, sabemos que estaremos muy bien representados\u201d, expres\u00f3.<p><\/p>\n\nEl estudiante, que est\u00e1 pr\u00f3ximo a egresar de la Ingenier\u00eda en Manufactura Aeron\u00e1utica, coment\u00f3 que va con un gran compromiso y con el objetivo de abrir las puertas para que las pr\u00f3ximas generaciones de Ingenieros en Manufactura Aeron\u00e1utica reciban una oportunidad para incorporarse al sector aeron\u00e1utico.<p><\/p>\n\n\u201cEsto demuestra que debemos seguir afianzando lazos con empresas que valoran y reconocen el talento que tenemos en UTT. Nos sentimos muy agradecidos con Viva Aerobus por la confianza depositada en nuestro alumno y por supuesto, en nuestra instituci\u00f3n\u201d, pronunci\u00f3 Morales Riub\u00ed.<p><\/p><\/h5>\t\t\t\t<\/div>\n\t\t\t\t<\/div>\n\t\t\t\t\t<\/div>\n\t\t<\/div>\n\t\t\t\t\t<\/div>\n\t\t<\/section>\n\t\t\t\t<section class=\"elementor-section elementor-top-section elementor-element elementor-element-9172e1a elementor-section-boxed elementor-section-height-default elementor-section-height-default wpr-particle-no wpr-jarallax-no wpr-parallax-no wpr-sticky-section-no\" data-id=\"9172e1a\" data-element_type=\"section\">\n\t\t\t\t\t\t<div class=\"elementor-container elementor-column-gap-default\">\n\t\t\t\t\t<div class=\"elementor-column elementor-col-33 elementor-top-column elementor-element elementor-element-00a32f8\" data-id=\"00a32f8\" data-element_type=\"column\">\n\t\t\t<div class=\"elementor-widget-wrap elementor-element-populated\">\n\t\t\t\t\t\t<div class=\"elementor-element elementor-element-dc29865 elementor-widget elementor-widget-image\" data-id=\"dc29865\" data-element_type=\"widget\" data-widget_type=\"image.default\">\n\t\t\t\t<div class=\"elementor-widget-container\">\n\t\t\t\t\t\t\t\t\t\t\t\t\t\t\t<img decoding=\"async\" width=\"1024\" height=\"683\" data-src=\"https:\/\/uttijuana.edu.mx\/wp-content\/uploads\/2025\/01\/ACADEMIA-DE-VIVA-AEROBUS-2-1024x683.jpeg\" class=\"attachment-large size-large wp-image-16071 lazyload\" alt=\"\" data-srcset=\"https:\/\/uttijuana.edu.mx\/wp-content\/uploads\/2025\/01\/ACADEMIA-DE-VIVA-AEROBUS-2-1024x683.jpeg 1024w, https:\/\/uttijuana.edu.mx\/wp-content\/uploads\/2025\/01\/ACADEMIA-DE-VIVA-AEROBUS-2-300x200.jpeg 300w, https:\/\/uttijuana.edu.mx\/wp-content\/uploads\/2025\/01\/ACADEMIA-DE-VIVA-AEROBUS-2-768x512.jpeg 768w, https:\/\/uttijuana.edu.mx\/wp-content\/uploads\/2025\/01\/ACADEMIA-DE-VIVA-AEROBUS-2.jpeg 1280w\" data-sizes=\"(max-width: 1024px) 100vw, 1024px\" src=\"data:image\/gif;base64,R0lGODlhAQABAAAAACH5BAEKAAEALAAAAAABAAEAAAICTAEAOw==\" style=\"--smush-placeholder-width: 1024px; --smush-placeholder-aspect-ratio: 1024\/683;\" \/>\t\t\t\t\t\t\t\t\t\t\t\t\t\t\t<\/div>\n\t\t\t\t<\/div>\n\t\t\t\t\t<\/div>\n\t\t<\/div>\n\t\t\t\t<div class=\"elementor-column elementor-col-33 elementor-top-column elementor-element elementor-element-6afb1df\" data-id=\"6afb1df\" data-element_type=\"column\">\n\t\t\t<div class=\"elementor-widget-wrap elementor-element-populated\">\n\t\t\t\t\t\t<div class=\"elementor-element elementor-element-b961400 elementor-widget elementor-widget-image\" data-id=\"b961400\" data-element_type=\"widget\" data-widget_type=\"image.default\">\n\t\t\t\t<div class=\"elementor-widget-container\">\n\t\t\t\t\t\t\t\t\t\t\t\t\t\t\t<img decoding=\"async\" width=\"1024\" height=\"683\" data-src=\"https:\/\/uttijuana.edu.mx\/wp-content\/uploads\/2025\/01\/ACADEMIA-DE-VIVA-AEROBUS-3-1024x683.jpeg\" class=\"attachment-large size-large wp-image-16070 lazyload\" alt=\"\" data-srcset=\"https:\/\/uttijuana.edu.mx\/wp-content\/uploads\/2025\/01\/ACADEMIA-DE-VIVA-AEROBUS-3-1024x683.jpeg 1024w, https:\/\/uttijuana.edu.mx\/wp-content\/uploads\/2025\/01\/ACADEMIA-DE-VIVA-AEROBUS-3-300x200.jpeg 300w, https:\/\/uttijuana.edu.mx\/wp-content\/uploads\/2025\/01\/ACADEMIA-DE-VIVA-AEROBUS-3-768x512.jpeg 768w, https:\/\/uttijuana.edu.mx\/wp-content\/uploads\/2025\/01\/ACADEMIA-DE-VIVA-AEROBUS-3.jpeg 1280w\" data-sizes=\"(max-width: 1024px) 100vw, 1024px\" src=\"data:image\/gif;base64,R0lGODlhAQABAAAAACH5BAEKAAEALAAAAAABAAEAAAICTAEAOw==\" style=\"--smush-placeholder-width: 1024px; --smush-placeholder-aspect-ratio: 1024\/683;\" \/>\t\t\t\t\t\t\t\t\t\t\t\t\t\t\t<\/div>\n\t\t\t\t<\/div>\n\t\t\t\t\t<\/div>\n\t\t<\/div>\n\t\t\t\t<div class=\"elementor-column elementor-col-33 elementor-top-column elementor-element elementor-element-3d2fdca\" data-id=\"3d2fdca\" data-element_type=\"column\">\n\t\t\t<div class=\"elementor-widget-wrap elementor-element-populated\">\n\t\t\t\t\t\t<div class=\"elementor-element elementor-element-f77c96d elementor-widget elementor-widget-image\" data-id=\"f77c96d\" data-element_type=\"widget\" data-widget_type=\"image.default\">\n\t\t\t\t<div class=\"elementor-widget-container\">\n\t\t\t\t\t\t\t\t\t\t\t\t\t\t\t<img decoding=\"async\" width=\"1024\" height=\"683\" data-src=\"https:\/\/uttijuana.edu.mx\/wp-content\/uploads\/2025\/01\/ACADEMIA-DE-VIVA-AEROBUS-4-1024x683.jpeg\" class=\"attachment-large size-large wp-image-16069 lazyload\" alt=\"\" data-srcset=\"https:\/\/uttijuana.edu.mx\/wp-content\/uploads\/2025\/01\/ACADEMIA-DE-VIVA-AEROBUS-4-1024x683.jpeg 1024w, https:\/\/uttijuana.edu.mx\/wp-content\/uploads\/2025\/01\/ACADEMIA-DE-VIVA-AEROBUS-4-300x200.jpeg 300w, https:\/\/uttijuana.edu.mx\/wp-content\/uploads\/2025\/01\/ACADEMIA-DE-VIVA-AEROBUS-4-768x512.jpeg 768w, https:\/\/uttijuana.edu.mx\/wp-content\/uploads\/2025\/01\/ACADEMIA-DE-VIVA-AEROBUS-4.jpeg 1280w\" data-sizes=\"(max-width: 1024px) 100vw, 1024px\" src=\"data:image\/gif;base64,R0lGODlhAQABAAAAACH5BAEKAAEALAAAAAABAAEAAAICTAEAOw==\" style=\"--smush-placeholder-width: 1024px; --smush-placeholder-aspect-ratio: 1024\/683;\" \/>\t\t\t\t\t\t\t\t\t\t\t\t\t\t\t<\/div>\n\t\t\t\t<\/div>\n\t\t\t\t\t<\/div>\n\t\t<\/div>\n\t\t\t\t\t<\/div>\n\t\t<\/section>\n\t\t\t\t<section class=\"elementor-section elementor-top-section elementor-element elementor-element-82b2077 elementor-section-boxed elementor-section-height-default elementor-section-height-default wpr-particle-no wpr-jarallax-no wpr-parallax-no wpr-sticky-section-no\" data-id=\"82b2077\" data-element_type=\"section\">\n\t\t\t\t\t\t<div class=\"elementor-container elementor-column-gap-default\">\n\t\t\t\t\t<div class=\"elementor-column elementor-col-100 elementor-top-column elementor-element elementor-element-5a769fa\" data-id=\"5a769fa\" data-element_type=\"column\">\n\t\t\t<div class=\"elementor-widget-wrap elementor-element-populated\">\n\t\t\t\t\t\t<div class=\"elementor-element elementor-element-3af8e3c elementor-widget elementor-widget-spacer\" data-id=\"3af8e3c\" data-element_type=\"widget\" data-widget_type=\"spacer.default\">\n\t\t\t\t<div class=\"elementor-widget-container\">\n\t\t\t\t\t\t\t<div class=\"elementor-spacer\">\n\t\t\t<div class=\"elementor-spacer-inner\"><\/div>\n\t\t<\/div>\n\t\t\t\t\t\t<\/div>\n\t\t\t\t<\/div>\n\t\t\t\t\t<\/div>\n\t\t<\/div>\n\t\t\t\t\t<\/div>\n\t\t<\/section>\n\t\t\t\t<\/div>\n\t\t","protected":false},"excerpt":{"rendered":"<p>SELECCIONAN A ESTUDIANTE DE UTT PARA REALIZAR ESTAD\u00cdAS EN ACADEMIA DE VIVA AEROBUS Tijuana, Baja California a 14 de enero 2025 \u2022Es el \u00fanico estudiante tijuanense que fue invitado a participar en un exhaustivo proceso de capacitaci\u00f3n TIJUANA.- El estudiante de la Universidad Tecnol\u00f3gica de Tijuana (UTT), de Ingenier\u00eda en Manufactura Aeron\u00e1utica, Esteban Santiago Ni\u00f1o L\u00f3pez, fue seleccionado por la aerol\u00ednea Viva Aerobus para participar en un proyecto de Estad\u00edas como T\u00e9cnico en Mantenimiento Clase 1. El rector, Mtro. Salvador Morales Riub\u00ed, destac\u00f3 que fue el \u00fanico alumno tijuanense que recibi\u00f3 esta invitaci\u00f3n por parte de reclutadores de talento de esa importante empresa, que en septiembre del a\u00f1o pasado visitaron las instalaciones universitarias para analizar posibles estrategias de colaboraci\u00f3n. Durante un recorrido por los laboratorios, docentes de la carrera explicaron detalles del plan de estudios y las habilidades que las y los estudiantes desarrollan con las pr\u00e1cticas. Esteban Ni\u00f1o fue uno de los alumnos expositores, quien demostr\u00f3 un amplio conocimiento de su campo de estudio y un gran entusiasmo por todo lo que representa el sector aeron\u00e1utico. Antes de emprender el viaje a Apodaca, Nuevo Le\u00f3n, donde realizar\u00e1 sus Estad\u00edas Profesionales durante un cuatrimestre, se reuni\u00f3 con el rector, quien le dese\u00f3 todo el \u00e9xito posible y lo felicit\u00f3 por haber llamado la atenci\u00f3n de los reclutadores de Viva Aerobus, empresa con la que se busca consolidar un convenio de colaboraci\u00f3n. \u201cPara nosotros representa un gran orgullo que seas el \u00fanico estudiante tijuanense seleccionado para realizar estas pr\u00e1cticas, en una empresa tan importante para la aviaci\u00f3n en M\u00e9xico, sabemos que estaremos muy bien representados\u201d, expres\u00f3. El estudiante, que est\u00e1 pr\u00f3ximo a egresar de la Ingenier\u00eda en Manufactura Aeron\u00e1utica, coment\u00f3 que va con un gran compromiso y con el objetivo de abrir las puertas para que las pr\u00f3ximas generaciones de Ingenieros en Manufactura Aeron\u00e1utica reciban una oportunidad para incorporarse al sector aeron\u00e1utico. \u201cEsto demuestra que debemos seguir afianzando lazos con empresas que valoran y reconocen el talento que tenemos en UTT. Nos sentimos muy agradecidos con Viva Aerobus por la confianza depositada en nuestro alumno y por supuesto, en nuestra instituci\u00f3n\u201d, pronunci\u00f3 Morales Riub\u00ed.<\/p>\n","protected":false},"author":2,"featured_media":0,"parent":0,"menu_order":0,"comment_status":"closed","ping_status":"closed","template":"","meta":{"_monsterinsights_skip_tracking":false,"_monsterinsights_sitenote_active":false,"_monsterinsights_sitenote_note":"","_monsterinsights_sitenote_category":0,"_uf_show_specific_survey":0,"_uf_disable_surveys":false,"site-sidebar-layout":"no-sidebar","site-content-layout":"page-builder","ast-site-content-layout":"full-width-container","site-content-style":"unboxed","site-sidebar-style":"unboxed","ast-global-header-display":"","ast-banner-title-visibility":"","ast-main-header-display":"","ast-hfb-above-header-display":"","ast-hfb-below-header-display":"","ast-hfb-mobile-header-display":"","site-post-title":"disabled","ast-breadcrumbs-content":"","ast-featured-img":"disabled","footer-sml-layout":"","ast-disable-related-posts":"","theme-transparent-header-meta":"","adv-header-id-meta":"","stick-header-meta":"","header-above-stick-meta":"","header-main-stick-meta":"","header-below-stick-meta":"","astra-migrate-meta-layouts":"set","ast-page-background-enabled":"default","ast-page-background-meta":{"desktop":{"background-color":"","background-image":"","background-repeat":"repeat","background-position":"center center","background-size":"auto","background-attachment":"scroll","background-type":"","background-media":"","overlay-type":"","overlay-color":"","overlay-opacity":"","overlay-gradient":""},"tablet":{"background-color":"","background-image":"","background-repeat":"repeat","background-position":"center center","background-size":"auto","background-attachment":"scroll","background-type":"","background-media":"","overlay-type":"","overlay-color":"","overlay-opacity":"","overlay-gradient":""},"mobile":{"background-color":"","background-image":"","background-repeat":"repeat","background-position":"center center","background-size":"auto","background-attachment":"scroll","background-type":"","background-media":"","overlay-type":"","overlay-color":"","overlay-opacity":"","overlay-gradient":""}},"ast-content-background-meta":{"desktop":{"background-color":"var(--ast-global-color-5)","background-image":"","background-repeat":"repeat","background-position":"center center","background-size":"auto","background-attachment":"scroll","background-type":"","background-media":"","overlay-type":"","overlay-color":"","overlay-opacity":"","overlay-gradient":""},"tablet":{"background-color":"var(--ast-global-color-5)","background-image":"","background-repeat":"repeat","background-position":"center center","background-size":"auto","background-attachment":"scroll","background-type":"","background-media":"","overlay-type":"","overlay-color":"","overlay-opacity":"","overlay-gradient":""},"mobile":{"background-color":"var(--ast-global-color-5)","background-image":"","background-repeat":"repeat","background-position":"center center","background-size":"auto","background-attachment":"scroll","background-type":"","background-media":"","overlay-type":"","overlay-color":"","overlay-opacity":"","overlay-gradient":""}},"footnotes":""},"class_list":["post-16072","page","type-page","status-publish","hentry"],"_links":{"self":[{"href":"https:\/\/uttijuana.edu.mx\/index.php\/wp-json\/wp\/v2\/pages\/16072","targetHints":{"allow":["GET"]}}],"collection":[{"href":"https:\/\/uttijuana.edu.mx\/index.php\/wp-json\/wp\/v2\/pages"}],"about":[{"href":"https:\/\/uttijuana.edu.mx\/index.php\/wp-json\/wp\/v2\/types\/page"}],"author":[{"embeddable":true,"href":"https:\/\/uttijuana.edu.mx\/index.php\/wp-json\/wp\/v2\/users\/2"}],"replies":[{"embeddable":true,"href":"https:\/\/uttijuana.edu.mx\/index.php\/wp-json\/wp\/v2\/comments?post=16072"}],"version-history":[{"count":5,"href":"https:\/\/uttijuana.edu.mx\/index.php\/wp-json\/wp\/v2\/pages\/16072\/revisions"}],"predecessor-version":[{"id":16077,"href":"https:\/\/uttijuana.edu.mx\/index.php\/wp-json\/wp\/v2\/pages\/16072\/revisions\/16077"}],"wp:attachment":[{"href":"https:\/\/uttijuana.edu.mx\/index.php\/wp-json\/wp\/v2\/media?parent=16072"}],"curies":[{"name":"wp","href":"https:\/\/api.w.org\/{rel}","templated":true}]}}