{"id":16148,"date":"2025-01-30T01:16:38","date_gmt":"2025-01-30T01:16:38","guid":{"rendered":"https:\/\/uttijuana.edu.mx\/?page_id=16148"},"modified":"2025-01-30T01:23:30","modified_gmt":"2025-01-30T01:23:30","slug":"gobernadora-marina-del-pilar-entrega-becas-a-nuestras-y-a-nuestros-estudiantes","status":"publish","type":"page","link":"https:\/\/uttijuana.edu.mx\/index.php\/gobernadora-marina-del-pilar-entrega-becas-a-nuestras-y-a-nuestros-estudiantes\/","title":{"rendered":"GOBERNADORA MARINA DEL PILAR ENTREGA BECAS A NUESTRAS Y A NUESTROS ESTUDIANTES"},"content":{"rendered":"\t\t<div data-elementor-type=\"wp-page\" data-elementor-id=\"16148\" class=\"elementor elementor-16148\" data-elementor-post-type=\"page\">\n\t\t\t\t\t\t<section class=\"elementor-section elementor-top-section elementor-element elementor-element-3894c10b elementor-section-boxed elementor-section-height-default elementor-section-height-default wpr-particle-no wpr-jarallax-no wpr-parallax-no wpr-sticky-section-no\" data-id=\"3894c10b\" data-element_type=\"section\">\n\t\t\t\t\t\t<div class=\"elementor-container elementor-column-gap-default\">\n\t\t\t\t\t<div class=\"elementor-column elementor-col-100 elementor-top-column elementor-element elementor-element-32873d70\" data-id=\"32873d70\" data-element_type=\"column\">\n\t\t\t<div class=\"elementor-widget-wrap elementor-element-populated\">\n\t\t\t\t\t\t<div class=\"elementor-element elementor-element-1d198b39 elementor-widget elementor-widget-heading\" data-id=\"1d198b39\" data-element_type=\"widget\" data-widget_type=\"heading.default\">\n\t\t\t\t<div class=\"elementor-widget-container\">\n\t\t\t\t\t<h2 class=\"elementor-heading-title elementor-size-default\">GOBERNADORA MARINA DEL PILAR ENTREGA BECAS A NUESTRAS Y A NUESTROS ESTUDIANTES<\/h2>\t\t\t\t<\/div>\n\t\t\t\t<\/div>\n\t\t\t\t<div class=\"elementor-element elementor-element-11f5022 elementor-widget elementor-widget-image\" data-id=\"11f5022\" data-element_type=\"widget\" data-widget_type=\"image.default\">\n\t\t\t\t<div class=\"elementor-widget-container\">\n\t\t\t\t\t\t\t\t\t\t\t\t\t\t\t<img fetchpriority=\"high\" decoding=\"async\" width=\"768\" height=\"512\" src=\"https:\/\/uttijuana.edu.mx\/wp-content\/uploads\/2025\/01\/1-GOBERNADORA-MARINA-DEL-PILAR-ENTREGA-BECAS-A-NUESTRAS-Y-A-NUESTROS-ESTUDIANTES-768x512.jpg\" class=\"attachment-medium_large size-medium_large wp-image-16154\" alt=\"\" srcset=\"https:\/\/uttijuana.edu.mx\/wp-content\/uploads\/2025\/01\/1-GOBERNADORA-MARINA-DEL-PILAR-ENTREGA-BECAS-A-NUESTRAS-Y-A-NUESTROS-ESTUDIANTES-768x512.jpg 768w, https:\/\/uttijuana.edu.mx\/wp-content\/uploads\/2025\/01\/1-GOBERNADORA-MARINA-DEL-PILAR-ENTREGA-BECAS-A-NUESTRAS-Y-A-NUESTROS-ESTUDIANTES-300x200.jpg 300w, https:\/\/uttijuana.edu.mx\/wp-content\/uploads\/2025\/01\/1-GOBERNADORA-MARINA-DEL-PILAR-ENTREGA-BECAS-A-NUESTRAS-Y-A-NUESTROS-ESTUDIANTES-1024x683.jpg 1024w, https:\/\/uttijuana.edu.mx\/wp-content\/uploads\/2025\/01\/1-GOBERNADORA-MARINA-DEL-PILAR-ENTREGA-BECAS-A-NUESTRAS-Y-A-NUESTROS-ESTUDIANTES-1536x1024.jpg 1536w, https:\/\/uttijuana.edu.mx\/wp-content\/uploads\/2025\/01\/1-GOBERNADORA-MARINA-DEL-PILAR-ENTREGA-BECAS-A-NUESTRAS-Y-A-NUESTROS-ESTUDIANTES.jpg 2048w\" sizes=\"(max-width: 768px) 100vw, 768px\" \/>\t\t\t\t\t\t\t\t\t\t\t\t\t\t\t<\/div>\n\t\t\t\t<\/div>\n\t\t\t\t<div class=\"elementor-element elementor-element-54d38dc elementor-widget elementor-widget-heading\" data-id=\"54d38dc\" data-element_type=\"widget\" data-widget_type=\"heading.default\">\n\t\t\t\t<div class=\"elementor-widget-container\">\n\t\t\t\t\t<h5 class=\"elementor-heading-title elementor-size-default\">Tijuana, Baja California a 21 de enero 2025<\/h5>\t\t\t\t<\/div>\n\t\t\t\t<\/div>\n\t\t\t\t<div class=\"elementor-element elementor-element-61b554f1 elementor-widget elementor-widget-heading\" data-id=\"61b554f1\" data-element_type=\"widget\" data-widget_type=\"heading.default\">\n\t\t\t\t<div class=\"elementor-widget-container\">\n\t\t\t\t\t<h5 class=\"elementor-heading-title elementor-size-medium\"><blockquote>La Gobernadora del Estado, Marina del Pilar Avila Olmeda, encabez\u00f3 la entrega simb\u00f3lica de becas para Educaci\u00f3n Superior, en beneficio de 540 estudiantes de la Universidad Tecnol\u00f3gica de Tijuana (UTT).<\/p>\n\n \n\nEn su mensaje a nuestra comunidad estudiantil, destac\u00f3 que la UTT cuenta con todas las carreras que demanda el sector productivo, tanto administrativas como industriales, y les augur\u00f3 \u00e9xito profesional.<\/p>\n\n \n\n\u201cUstedes est\u00e1n estudiando lo que las empresas globales est\u00e1n buscando. Los gobiernos anteriores promov\u00edan la ubicaci\u00f3n geogr\u00e1fica de Baja California y mano de obra barata. Eso qued\u00f3 en el pasado porque ahora promovemos talento\u201d, expres\u00f3.<\/p>\n\n \n\nAcompa\u00f1ada del Secretario de Educaci\u00f3n en el Estado, Luis Gilberto Gallego Cortez y del rector de UTT, Mtro. Salvador Morales Riub\u00ed, indic\u00f3 que para su administraci\u00f3n la entrega de becas es de gran relevancia, ya que con cada apoyo contribuyen a transformar a Baja California.<\/p>\n\n \n\nEl rector, Mtro. Salvador Morales Riub\u00ed, ofreci\u00f3 un mensaje de bienvenida y agradeci\u00f3 el respaldo que brindan al alumnado con la entrega de becas. En tanto que el Secretario de Educaci\u00f3n, Luis Gallego Cortez, destac\u00f3 que la beca es cien por ciento estatal y refleja la prioridad de la pol\u00edtica p\u00fablica de la actual administraci\u00f3n.<\/p>\n\n \n\nLas alumnas Rosario Barboza y Paulina Casillas acompa\u00f1aron a las autoridades en el pres\u00eddium, en representaci\u00f3n de las y los estudiantes.<\/p>\n\n \n\nComo parte de la visita de la Gobernadora se celebr\u00f3 un foro estudiantil, en donde nuestras y nuestros estudiantes expresaron sus principales inquietudes, sobre todo en lo que respecta a oportunidades de trabajo al egresar, equidad laboral y llegada de empresas globales.<\/p><\/h5>\t\t\t\t<\/div>\n\t\t\t\t<\/div>\n\t\t\t\t\t<\/div>\n\t\t<\/div>\n\t\t\t\t\t<\/div>\n\t\t<\/section>\n\t\t\t\t<section class=\"elementor-section elementor-top-section elementor-element elementor-element-82b2077 elementor-section-boxed elementor-section-height-default elementor-section-height-default wpr-particle-no wpr-jarallax-no wpr-parallax-no wpr-sticky-section-no\" data-id=\"82b2077\" data-element_type=\"section\">\n\t\t\t\t\t\t<div class=\"elementor-container elementor-column-gap-default\">\n\t\t\t\t\t<div class=\"elementor-column elementor-col-100 elementor-top-column elementor-element elementor-element-5a769fa\" data-id=\"5a769fa\" data-element_type=\"column\">\n\t\t\t<div class=\"elementor-widget-wrap elementor-element-populated\">\n\t\t\t\t\t\t<div class=\"elementor-element elementor-element-3af8e3c elementor-widget elementor-widget-spacer\" data-id=\"3af8e3c\" data-element_type=\"widget\" data-widget_type=\"spacer.default\">\n\t\t\t\t<div class=\"elementor-widget-container\">\n\t\t\t\t\t\t\t<div class=\"elementor-spacer\">\n\t\t\t<div class=\"elementor-spacer-inner\"><\/div>\n\t\t<\/div>\n\t\t\t\t\t\t<\/div>\n\t\t\t\t<\/div>\n\t\t\t\t\t<\/div>\n\t\t<\/div>\n\t\t\t\t\t<\/div>\n\t\t<\/section>\n\t\t\t\t<section class=\"elementor-section elementor-top-section elementor-element elementor-element-56b740c elementor-section-boxed elementor-section-height-default elementor-section-height-default wpr-particle-no wpr-jarallax-no wpr-parallax-no wpr-sticky-section-no\" data-id=\"56b740c\" data-element_type=\"section\">\n\t\t\t\t\t\t<div class=\"elementor-container elementor-column-gap-default\">\n\t\t\t\t\t<div class=\"elementor-column elementor-col-25 elementor-top-column elementor-element elementor-element-c6bf6a8\" data-id=\"c6bf6a8\" data-element_type=\"column\">\n\t\t\t<div class=\"elementor-widget-wrap elementor-element-populated\">\n\t\t\t\t\t\t<div class=\"elementor-element elementor-element-282e768 elementor-widget elementor-widget-image\" data-id=\"282e768\" data-element_type=\"widget\" data-widget_type=\"image.default\">\n\t\t\t\t<div class=\"elementor-widget-container\">\n\t\t\t\t\t\t\t\t\t\t\t\t\t\t\t<img decoding=\"async\" width=\"1024\" height=\"683\" data-src=\"https:\/\/uttijuana.edu.mx\/wp-content\/uploads\/2025\/01\/2-GOBERNADORA-MARINA-DEL-PILAR-ENTREGA-BECAS-A-NUESTRAS-Y-A-NUESTROS-ESTUDIANTES-1024x683.jpg\" class=\"attachment-large size-large wp-image-16153 lazyload\" alt=\"\" data-srcset=\"https:\/\/uttijuana.edu.mx\/wp-content\/uploads\/2025\/01\/2-GOBERNADORA-MARINA-DEL-PILAR-ENTREGA-BECAS-A-NUESTRAS-Y-A-NUESTROS-ESTUDIANTES-1024x683.jpg 1024w, https:\/\/uttijuana.edu.mx\/wp-content\/uploads\/2025\/01\/2-GOBERNADORA-MARINA-DEL-PILAR-ENTREGA-BECAS-A-NUESTRAS-Y-A-NUESTROS-ESTUDIANTES-300x200.jpg 300w, https:\/\/uttijuana.edu.mx\/wp-content\/uploads\/2025\/01\/2-GOBERNADORA-MARINA-DEL-PILAR-ENTREGA-BECAS-A-NUESTRAS-Y-A-NUESTROS-ESTUDIANTES-768x512.jpg 768w, https:\/\/uttijuana.edu.mx\/wp-content\/uploads\/2025\/01\/2-GOBERNADORA-MARINA-DEL-PILAR-ENTREGA-BECAS-A-NUESTRAS-Y-A-NUESTROS-ESTUDIANTES-1536x1024.jpg 1536w, https:\/\/uttijuana.edu.mx\/wp-content\/uploads\/2025\/01\/2-GOBERNADORA-MARINA-DEL-PILAR-ENTREGA-BECAS-A-NUESTRAS-Y-A-NUESTROS-ESTUDIANTES.jpg 2048w\" data-sizes=\"(max-width: 1024px) 100vw, 1024px\" src=\"data:image\/gif;base64,R0lGODlhAQABAAAAACH5BAEKAAEALAAAAAABAAEAAAICTAEAOw==\" style=\"--smush-placeholder-width: 1024px; --smush-placeholder-aspect-ratio: 1024\/683;\" \/>\t\t\t\t\t\t\t\t\t\t\t\t\t\t\t<\/div>\n\t\t\t\t<\/div>\n\t\t\t\t\t<\/div>\n\t\t<\/div>\n\t\t\t\t<div class=\"elementor-column elementor-col-25 elementor-top-column elementor-element elementor-element-1e3260e\" data-id=\"1e3260e\" data-element_type=\"column\">\n\t\t\t<div class=\"elementor-widget-wrap elementor-element-populated\">\n\t\t\t\t\t\t<div class=\"elementor-element elementor-element-5107f03 elementor-widget elementor-widget-image\" data-id=\"5107f03\" data-element_type=\"widget\" data-widget_type=\"image.default\">\n\t\t\t\t<div class=\"elementor-widget-container\">\n\t\t\t\t\t\t\t\t\t\t\t\t\t\t\t<img decoding=\"async\" width=\"1024\" height=\"683\" data-src=\"https:\/\/uttijuana.edu.mx\/wp-content\/uploads\/2025\/01\/3-GOBERNADORA-MARINA-DEL-PILAR-ENTREGA-BECAS-A-NUESTRAS-Y-A-NUESTROS-ESTUDIANTES-1024x683.jpg\" class=\"attachment-large size-large wp-image-16152 lazyload\" alt=\"\" data-srcset=\"https:\/\/uttijuana.edu.mx\/wp-content\/uploads\/2025\/01\/3-GOBERNADORA-MARINA-DEL-PILAR-ENTREGA-BECAS-A-NUESTRAS-Y-A-NUESTROS-ESTUDIANTES-1024x683.jpg 1024w, https:\/\/uttijuana.edu.mx\/wp-content\/uploads\/2025\/01\/3-GOBERNADORA-MARINA-DEL-PILAR-ENTREGA-BECAS-A-NUESTRAS-Y-A-NUESTROS-ESTUDIANTES-300x200.jpg 300w, https:\/\/uttijuana.edu.mx\/wp-content\/uploads\/2025\/01\/3-GOBERNADORA-MARINA-DEL-PILAR-ENTREGA-BECAS-A-NUESTRAS-Y-A-NUESTROS-ESTUDIANTES-768x512.jpg 768w, https:\/\/uttijuana.edu.mx\/wp-content\/uploads\/2025\/01\/3-GOBERNADORA-MARINA-DEL-PILAR-ENTREGA-BECAS-A-NUESTRAS-Y-A-NUESTROS-ESTUDIANTES-1536x1024.jpg 1536w, https:\/\/uttijuana.edu.mx\/wp-content\/uploads\/2025\/01\/3-GOBERNADORA-MARINA-DEL-PILAR-ENTREGA-BECAS-A-NUESTRAS-Y-A-NUESTROS-ESTUDIANTES.jpg 2048w\" data-sizes=\"(max-width: 1024px) 100vw, 1024px\" src=\"data:image\/gif;base64,R0lGODlhAQABAAAAACH5BAEKAAEALAAAAAABAAEAAAICTAEAOw==\" style=\"--smush-placeholder-width: 1024px; --smush-placeholder-aspect-ratio: 1024\/683;\" \/>\t\t\t\t\t\t\t\t\t\t\t\t\t\t\t<\/div>\n\t\t\t\t<\/div>\n\t\t\t\t\t<\/div>\n\t\t<\/div>\n\t\t\t\t<div class=\"elementor-column elementor-col-25 elementor-top-column elementor-element elementor-element-5319271\" data-id=\"5319271\" data-element_type=\"column\">\n\t\t\t<div class=\"elementor-widget-wrap elementor-element-populated\">\n\t\t\t\t\t\t<div class=\"elementor-element elementor-element-0c157ac elementor-widget elementor-widget-image\" data-id=\"0c157ac\" data-element_type=\"widget\" data-widget_type=\"image.default\">\n\t\t\t\t<div class=\"elementor-widget-container\">\n\t\t\t\t\t\t\t\t\t\t\t\t\t\t\t<img decoding=\"async\" width=\"1024\" height=\"683\" data-src=\"https:\/\/uttijuana.edu.mx\/wp-content\/uploads\/2025\/01\/4-GOBERNADORA-MARINA-DEL-PILAR-ENTREGA-BECAS-A-NUESTRAS-Y-A-NUESTROS-ESTUDIANTES-1024x683.jpg\" class=\"attachment-large size-large wp-image-16151 lazyload\" alt=\"\" data-srcset=\"https:\/\/uttijuana.edu.mx\/wp-content\/uploads\/2025\/01\/4-GOBERNADORA-MARINA-DEL-PILAR-ENTREGA-BECAS-A-NUESTRAS-Y-A-NUESTROS-ESTUDIANTES-1024x683.jpg 1024w, https:\/\/uttijuana.edu.mx\/wp-content\/uploads\/2025\/01\/4-GOBERNADORA-MARINA-DEL-PILAR-ENTREGA-BECAS-A-NUESTRAS-Y-A-NUESTROS-ESTUDIANTES-300x200.jpg 300w, https:\/\/uttijuana.edu.mx\/wp-content\/uploads\/2025\/01\/4-GOBERNADORA-MARINA-DEL-PILAR-ENTREGA-BECAS-A-NUESTRAS-Y-A-NUESTROS-ESTUDIANTES-768x512.jpg 768w, https:\/\/uttijuana.edu.mx\/wp-content\/uploads\/2025\/01\/4-GOBERNADORA-MARINA-DEL-PILAR-ENTREGA-BECAS-A-NUESTRAS-Y-A-NUESTROS-ESTUDIANTES-1536x1024.jpg 1536w, https:\/\/uttijuana.edu.mx\/wp-content\/uploads\/2025\/01\/4-GOBERNADORA-MARINA-DEL-PILAR-ENTREGA-BECAS-A-NUESTRAS-Y-A-NUESTROS-ESTUDIANTES-2048x1365.jpg 2048w\" data-sizes=\"(max-width: 1024px) 100vw, 1024px\" src=\"data:image\/gif;base64,R0lGODlhAQABAAAAACH5BAEKAAEALAAAAAABAAEAAAICTAEAOw==\" style=\"--smush-placeholder-width: 1024px; --smush-placeholder-aspect-ratio: 1024\/683;\" \/>\t\t\t\t\t\t\t\t\t\t\t\t\t\t\t<\/div>\n\t\t\t\t<\/div>\n\t\t\t\t\t<\/div>\n\t\t<\/div>\n\t\t\t\t<div class=\"elementor-column elementor-col-25 elementor-top-column elementor-element elementor-element-7f3ec26\" data-id=\"7f3ec26\" data-element_type=\"column\">\n\t\t\t<div class=\"elementor-widget-wrap elementor-element-populated\">\n\t\t\t\t\t\t<div class=\"elementor-element elementor-element-95ac9c7 elementor-widget elementor-widget-image\" data-id=\"95ac9c7\" data-element_type=\"widget\" data-widget_type=\"image.default\">\n\t\t\t\t<div class=\"elementor-widget-container\">\n\t\t\t\t\t\t\t\t\t\t\t\t\t\t\t<img decoding=\"async\" width=\"1024\" height=\"683\" data-src=\"https:\/\/uttijuana.edu.mx\/wp-content\/uploads\/2025\/01\/5-GOBERNADORA-MARINA-DEL-PILAR-ENTREGA-BECAS-A-NUESTRAS-Y-A-NUESTROS-ESTUDIANTES-1024x683.jpg\" class=\"attachment-large size-large wp-image-16150 lazyload\" alt=\"\" data-srcset=\"https:\/\/uttijuana.edu.mx\/wp-content\/uploads\/2025\/01\/5-GOBERNADORA-MARINA-DEL-PILAR-ENTREGA-BECAS-A-NUESTRAS-Y-A-NUESTROS-ESTUDIANTES-1024x683.jpg 1024w, https:\/\/uttijuana.edu.mx\/wp-content\/uploads\/2025\/01\/5-GOBERNADORA-MARINA-DEL-PILAR-ENTREGA-BECAS-A-NUESTRAS-Y-A-NUESTROS-ESTUDIANTES-300x200.jpg 300w, https:\/\/uttijuana.edu.mx\/wp-content\/uploads\/2025\/01\/5-GOBERNADORA-MARINA-DEL-PILAR-ENTREGA-BECAS-A-NUESTRAS-Y-A-NUESTROS-ESTUDIANTES-768x512.jpg 768w, https:\/\/uttijuana.edu.mx\/wp-content\/uploads\/2025\/01\/5-GOBERNADORA-MARINA-DEL-PILAR-ENTREGA-BECAS-A-NUESTRAS-Y-A-NUESTROS-ESTUDIANTES-1536x1024.jpg 1536w, https:\/\/uttijuana.edu.mx\/wp-content\/uploads\/2025\/01\/5-GOBERNADORA-MARINA-DEL-PILAR-ENTREGA-BECAS-A-NUESTRAS-Y-A-NUESTROS-ESTUDIANTES.jpg 2048w\" data-sizes=\"(max-width: 1024px) 100vw, 1024px\" src=\"data:image\/gif;base64,R0lGODlhAQABAAAAACH5BAEKAAEALAAAAAABAAEAAAICTAEAOw==\" style=\"--smush-placeholder-width: 1024px; --smush-placeholder-aspect-ratio: 1024\/683;\" \/>\t\t\t\t\t\t\t\t\t\t\t\t\t\t\t<\/div>\n\t\t\t\t<\/div>\n\t\t\t\t\t<\/div>\n\t\t<\/div>\n\t\t\t\t\t<\/div>\n\t\t<\/section>\n\t\t\t\t<section class=\"elementor-section elementor-top-section elementor-element elementor-element-c75c110 elementor-section-boxed elementor-section-height-default elementor-section-height-default wpr-particle-no wpr-jarallax-no wpr-parallax-no wpr-sticky-section-no\" data-id=\"c75c110\" data-element_type=\"section\">\n\t\t\t\t\t\t<div class=\"elementor-container elementor-column-gap-default\">\n\t\t\t\t\t<div class=\"elementor-column elementor-col-100 elementor-top-column elementor-element elementor-element-ab1759d\" data-id=\"ab1759d\" data-element_type=\"column\">\n\t\t\t<div class=\"elementor-widget-wrap elementor-element-populated\">\n\t\t\t\t\t\t<div class=\"elementor-element elementor-element-f456924 elementor-widget elementor-widget-spacer\" data-id=\"f456924\" data-element_type=\"widget\" data-widget_type=\"spacer.default\">\n\t\t\t\t<div class=\"elementor-widget-container\">\n\t\t\t\t\t\t\t<div class=\"elementor-spacer\">\n\t\t\t<div class=\"elementor-spacer-inner\"><\/div>\n\t\t<\/div>\n\t\t\t\t\t\t<\/div>\n\t\t\t\t<\/div>\n\t\t\t\t\t<\/div>\n\t\t<\/div>\n\t\t\t\t\t<\/div>\n\t\t<\/section>\n\t\t\t\t<\/div>\n\t\t","protected":false},"excerpt":{"rendered":"<p>GOBERNADORA MARINA DEL PILAR ENTREGA BECAS A NUESTRAS Y A NUESTROS ESTUDIANTES Tijuana, Baja California a 21 de enero 2025 La Gobernadora del Estado, Marina del Pilar Avila Olmeda, encabez\u00f3 la entrega simb\u00f3lica de becas para Educaci\u00f3n Superior, en beneficio de 540 estudiantes de la Universidad Tecnol\u00f3gica de Tijuana (UTT). En su mensaje a nuestra comunidad estudiantil, destac\u00f3 que la UTT cuenta con todas las carreras que demanda el sector productivo, tanto administrativas como industriales, y les augur\u00f3 \u00e9xito profesional. \u201cUstedes est\u00e1n estudiando lo que las empresas globales est\u00e1n buscando. Los gobiernos anteriores promov\u00edan la ubicaci\u00f3n geogr\u00e1fica de Baja California y mano de obra barata. Eso qued\u00f3 en el pasado porque ahora promovemos talento\u201d, expres\u00f3. Acompa\u00f1ada del Secretario de Educaci\u00f3n en el Estado, Luis Gilberto Gallego Cortez y del rector de UTT, Mtro. Salvador Morales Riub\u00ed, indic\u00f3 que para su administraci\u00f3n la entrega de becas es de gran relevancia, ya que con cada apoyo contribuyen a transformar a Baja California. El rector, Mtro. Salvador Morales Riub\u00ed, ofreci\u00f3 un mensaje de bienvenida y agradeci\u00f3 el respaldo que brindan al alumnado con la entrega de becas. En tanto que el Secretario de Educaci\u00f3n, Luis Gallego Cortez, destac\u00f3 que la beca es cien por ciento estatal y refleja la prioridad de la pol\u00edtica p\u00fablica de la actual administraci\u00f3n. Las alumnas Rosario Barboza y Paulina Casillas acompa\u00f1aron a las autoridades en el pres\u00eddium, en representaci\u00f3n de las y los estudiantes. Como parte de la visita de la Gobernadora se celebr\u00f3 un foro estudiantil, en donde nuestras y nuestros estudiantes expresaron sus principales inquietudes, sobre todo en lo que respecta a oportunidades de trabajo al egresar, equidad laboral y llegada de empresas globales.<\/p>\n","protected":false},"author":2,"featured_media":0,"parent":0,"menu_order":0,"comment_status":"closed","ping_status":"closed","template":"","meta":{"_monsterinsights_skip_tracking":false,"_monsterinsights_sitenote_active":false,"_monsterinsights_sitenote_note":"","_monsterinsights_sitenote_category":0,"_uf_show_specific_survey":0,"_uf_disable_surveys":false,"site-sidebar-layout":"no-sidebar","site-content-layout":"page-builder","ast-site-content-layout":"full-width-container","site-content-style":"unboxed","site-sidebar-style":"unboxed","ast-global-header-display":"","ast-banner-title-visibility":"","ast-main-header-display":"","ast-hfb-above-header-display":"","ast-hfb-below-header-display":"","ast-hfb-mobile-header-display":"","site-post-title":"disabled","ast-breadcrumbs-content":"","ast-featured-img":"disabled","footer-sml-layout":"","ast-disable-related-posts":"","theme-transparent-header-meta":"","adv-header-id-meta":"","stick-header-meta":"","header-above-stick-meta":"","header-main-stick-meta":"","header-below-stick-meta":"","astra-migrate-meta-layouts":"set","ast-page-background-enabled":"default","ast-page-background-meta":{"desktop":{"background-color":"","background-image":"","background-repeat":"repeat","background-position":"center center","background-size":"auto","background-attachment":"scroll","background-type":"","background-media":"","overlay-type":"","overlay-color":"","overlay-opacity":"","overlay-gradient":""},"tablet":{"background-color":"","background-image":"","background-repeat":"repeat","background-position":"center center","background-size":"auto","background-attachment":"scroll","background-type":"","background-media":"","overlay-type":"","overlay-color":"","overlay-opacity":"","overlay-gradient":""},"mobile":{"background-color":"","background-image":"","background-repeat":"repeat","background-position":"center center","background-size":"auto","background-attachment":"scroll","background-type":"","background-media":"","overlay-type":"","overlay-color":"","overlay-opacity":"","overlay-gradient":""}},"ast-content-background-meta":{"desktop":{"background-color":"var(--ast-global-color-5)","background-image":"","background-repeat":"repeat","background-position":"center center","background-size":"auto","background-attachment":"scroll","background-type":"","background-media":"","overlay-type":"","overlay-color":"","overlay-opacity":"","overlay-gradient":""},"tablet":{"background-color":"var(--ast-global-color-5)","background-image":"","background-repeat":"repeat","background-position":"center center","background-size":"auto","background-attachment":"scroll","background-type":"","background-media":"","overlay-type":"","overlay-color":"","overlay-opacity":"","overlay-gradient":""},"mobile":{"background-color":"var(--ast-global-color-5)","background-image":"","background-repeat":"repeat","background-position":"center center","background-size":"auto","background-attachment":"scroll","background-type":"","background-media":"","overlay-type":"","overlay-color":"","overlay-opacity":"","overlay-gradient":""}},"footnotes":""},"class_list":["post-16148","page","type-page","status-publish","hentry"],"_links":{"self":[{"href":"https:\/\/uttijuana.edu.mx\/index.php\/wp-json\/wp\/v2\/pages\/16148","targetHints":{"allow":["GET"]}}],"collection":[{"href":"https:\/\/uttijuana.edu.mx\/index.php\/wp-json\/wp\/v2\/pages"}],"about":[{"href":"https:\/\/uttijuana.edu.mx\/index.php\/wp-json\/wp\/v2\/types\/page"}],"author":[{"embeddable":true,"href":"https:\/\/uttijuana.edu.mx\/index.php\/wp-json\/wp\/v2\/users\/2"}],"replies":[{"embeddable":true,"href":"https:\/\/uttijuana.edu.mx\/index.php\/wp-json\/wp\/v2\/comments?post=16148"}],"version-history":[{"count":7,"href":"https:\/\/uttijuana.edu.mx\/index.php\/wp-json\/wp\/v2\/pages\/16148\/revisions"}],"predecessor-version":[{"id":16160,"href":"https:\/\/uttijuana.edu.mx\/index.php\/wp-json\/wp\/v2\/pages\/16148\/revisions\/16160"}],"wp:attachment":[{"href":"https:\/\/uttijuana.edu.mx\/index.php\/wp-json\/wp\/v2\/media?parent=16148"}],"curies":[{"name":"wp","href":"https:\/\/api.w.org\/{rel}","templated":true}]}}