{"id":16268,"date":"2025-02-07T22:47:45","date_gmt":"2025-02-07T22:47:45","guid":{"rendered":"https:\/\/uttijuana.edu.mx\/?page_id=16268"},"modified":"2025-02-07T23:02:04","modified_gmt":"2025-02-07T23:02:04","slug":"aviso-de-privacidad-alumnos","status":"publish","type":"page","link":"https:\/\/uttijuana.edu.mx\/index.php\/aviso-de-privacidad-alumnos\/","title":{"rendered":"AVISO DE PRIVACIDAD ALUMNOS"},"content":{"rendered":"\t\t<div data-elementor-type=\"wp-page\" data-elementor-id=\"16268\" class=\"elementor elementor-16268\" data-elementor-post-type=\"page\">\n\t\t\t\t\t\t<section class=\"elementor-section elementor-top-section elementor-element elementor-element-a44bbe0 elementor-section-boxed elementor-section-height-default elementor-section-height-default wpr-particle-no wpr-jarallax-no wpr-parallax-no wpr-sticky-section-no\" data-id=\"a44bbe0\" data-element_type=\"section\">\n\t\t\t\t\t\t<div class=\"elementor-container elementor-column-gap-default\">\n\t\t\t\t\t<div class=\"elementor-column elementor-col-100 elementor-top-column elementor-element elementor-element-708d1bf\" data-id=\"708d1bf\" data-element_type=\"column\">\n\t\t\t<div class=\"elementor-widget-wrap elementor-element-populated\">\n\t\t\t\t\t\t<div class=\"elementor-element elementor-element-e867fe7 elementor-widget elementor-widget-heading\" data-id=\"e867fe7\" data-element_type=\"widget\" data-widget_type=\"heading.default\">\n\t\t\t\t<div class=\"elementor-widget-container\">\n\t\t\t\t\t<h2 class=\"elementor-heading-title elementor-size-default\">AVISO DE PRIVACIDAD ALUMNOS<\/h2>\t\t\t\t<\/div>\n\t\t\t\t<\/div>\n\t\t\t\t<div class=\"elementor-element elementor-element-8fd8aad elementor-widget elementor-widget-spacer\" data-id=\"8fd8aad\" data-element_type=\"widget\" data-widget_type=\"spacer.default\">\n\t\t\t\t<div class=\"elementor-widget-container\">\n\t\t\t\t\t\t\t<div class=\"elementor-spacer\">\n\t\t\t<div class=\"elementor-spacer-inner\"><\/div>\n\t\t<\/div>\n\t\t\t\t\t\t<\/div>\n\t\t\t\t<\/div>\n\t\t\t\t\t<\/div>\n\t\t<\/div>\n\t\t\t\t\t<\/div>\n\t\t<\/section>\n\t\t\t\t<section class=\"elementor-section elementor-top-section elementor-element elementor-element-f39cfcc elementor-section-boxed elementor-section-height-default elementor-section-height-default wpr-particle-no wpr-jarallax-no wpr-parallax-no wpr-sticky-section-no\" data-id=\"f39cfcc\" data-element_type=\"section\">\n\t\t\t\t\t\t<div class=\"elementor-container elementor-column-gap-default\">\n\t\t\t\t\t<div class=\"elementor-column elementor-col-100 elementor-top-column elementor-element elementor-element-c01098a\" data-id=\"c01098a\" data-element_type=\"column\">\n\t\t\t<div class=\"elementor-widget-wrap elementor-element-populated\">\n\t\t\t\t\t\t<div class=\"elementor-element elementor-element-77dd90d elementor-widget elementor-widget-heading\" data-id=\"77dd90d\" data-element_type=\"widget\" data-widget_type=\"heading.default\">\n\t\t\t\t<div class=\"elementor-widget-container\">\n\t\t\t\t\t<h5 class=\"elementor-heading-title elementor-size-default\"><blockquote>De conformidad al art\u00edculo 14 fracci\u00f3n I de la Ley de Protecci\u00f3n de Datos Personales en Posesi\u00f3n de Sujetos Obligados para el Estado de Baja California, \u201cEl Titular\u201d manifiesta que la Universidad Tecnol\u00f3gica de Tijuana, le facilito con anterioridad al presente Contrato, el Aviso de Privacidad, que fue le\u00eddo en la p\u00e1gina de internet <\/h5>\t\t\t\t<\/div>\n\t\t\t\t<\/div>\n\t\t\t\t<div class=\"elementor-element elementor-element-f5d1a6e elementor-widget elementor-widget-heading\" data-id=\"f5d1a6e\" data-element_type=\"widget\" data-widget_type=\"heading.default\">\n\t\t\t\t<div class=\"elementor-widget-container\">\n\t\t\t\t\t<h5 class=\"elementor-heading-title elementor-size-default\">\n<p>La Universidad Tecnol\u00f3gica de Tijuana, ser\u00e1 la responsable del manejo de los datos personales y sensibles de los \u201cusuarios\u201d, que estar\u00e1n disponibles en el domicilio ubicado en Carretera Libre Tijuana \u2013 Tecate, Kilometro 10, s\/n, Fraccionamiento El Refugio Quintas Campestre en esta Ciudad de Tijuana, Baja California.<p><\/p>\nLa obtenci\u00f3n de los datos personales de \u201cEl Titular\u201d tiene como finalidad el documentar al aspirante a alumnos, el ingreso, reingreso y\/o inscripci\u00f3n del titular de los datos personales y responsable del tratamiento, a trav\u00e9s del formulario que deber\u00e1 de llenar el aspirante para solicitar ficha; as\u00ed como para la inscripci\u00f3n y\/o cursar un programa de T\u00e9cnico Superior Universitario (TSU), Licenciatura e Ingenier\u00eda, formato de inscripci\u00f3n de nuevo ingreso y\/o el formato de captura de estudio socioecon\u00f3mico.<p><\/p>\nLos mecanismos para que Usted conozca el aviso de privacidad en su versi\u00f3n completa son los siguientes:<p><\/p>\n\n\n\n<blockquote> 1.\tSe encuentra disponible en las oficinas de la Direcci\u00f3n de Normatividad y Transparencia de la UTT ubicadas en el domicilio ya mencionado, en un horario de 09:00 a 14:00 horas del d\u00eda.\n\n\n\n<br><p><\/p>\n\n<b><\/b>2.\tSolicitarlo v\u00eda electr\u00f3nico al correo <b>normatividad@uttijuana.edu.mx<b \/><br>\n\n<\/h5>\t\t\t\t<\/div>\n\t\t\t\t<\/div>\n\t\t\t\t<div class=\"elementor-element elementor-element-d91a55c elementor-widget elementor-widget-heading\" data-id=\"d91a55c\" data-element_type=\"widget\" data-widget_type=\"heading.default\">\n\t\t\t\t<div class=\"elementor-widget-container\">\n\t\t\t\t\t<h5 class=\"elementor-heading-title elementor-size-default\">Direcci\u00f3n de Normatividad y Transparencia <\/p>\n<p><b>Tel. 969 47 00 ext. 84715<\/p>\n<b>normatividad@uttijuana.edu.mx<\/p>\n<\/h5>\t\t\t\t<\/div>\n\t\t\t\t<\/div>\n\t\t\t\t<div class=\"elementor-element elementor-element-799448d elementor-widget-divider--view-line elementor-widget elementor-widget-divider\" data-id=\"799448d\" data-element_type=\"widget\" data-widget_type=\"divider.default\">\n\t\t\t\t<div class=\"elementor-widget-container\">\n\t\t\t\t\t\t\t<div class=\"elementor-divider\">\n\t\t\t<span class=\"elementor-divider-separator\">\n\t\t\t\t\t\t<\/span>\n\t\t<\/div>\n\t\t\t\t\t\t<\/div>\n\t\t\t\t<\/div>\n\t\t\t\t\t<\/div>\n\t\t<\/div>\n\t\t\t\t\t<\/div>\n\t\t<\/section>\n\t\t\t\t<\/div>\n\t\t","protected":false},"excerpt":{"rendered":"<p>AVISO DE PRIVACIDAD ALUMNOS De conformidad al art\u00edculo 14 fracci\u00f3n I de la Ley de Protecci\u00f3n de Datos Personales en Posesi\u00f3n de Sujetos Obligados para el Estado de Baja California, \u201cEl Titular\u201d manifiesta que la Universidad Tecnol\u00f3gica de Tijuana, le facilito con anterioridad al presente Contrato, el Aviso de Privacidad, que fue le\u00eddo en la p\u00e1gina de internet La Universidad Tecnol\u00f3gica de Tijuana, ser\u00e1 la responsable del manejo de los datos personales y sensibles de los \u201cusuarios\u201d, que estar\u00e1n disponibles en el domicilio ubicado en Carretera Libre Tijuana \u2013 Tecate, Kilometro 10, s\/n, Fraccionamiento El Refugio Quintas Campestre en esta Ciudad de Tijuana, Baja California. La obtenci\u00f3n de los datos personales de \u201cEl Titular\u201d tiene como finalidad el documentar al aspirante a alumnos, el ingreso, reingreso y\/o inscripci\u00f3n del titular de los datos personales y responsable del tratamiento, a trav\u00e9s del formulario que deber\u00e1 de llenar el aspirante para solicitar ficha; as\u00ed como para la inscripci\u00f3n y\/o cursar un programa de T\u00e9cnico Superior Universitario (TSU), Licenciatura e Ingenier\u00eda, formato de inscripci\u00f3n de nuevo ingreso y\/o el formato de captura de estudio socioecon\u00f3mico. Los mecanismos para que Usted conozca el aviso de privacidad en su versi\u00f3n completa son los siguientes: 1. Se encuentra disponible en las oficinas de la Direcci\u00f3n de Normatividad y Transparencia de la UTT ubicadas en el domicilio ya mencionado, en un horario de 09:00 a 14:00 horas del d\u00eda. 2. Solicitarlo v\u00eda electr\u00f3nico al correo normatividad@uttijuana.edu.mx Direcci\u00f3n de Normatividad y Transparencia Tel. 969 47 00 ext. 84715 normatividad@uttijuana.edu.mx<\/p>\n","protected":false},"author":2,"featured_media":0,"parent":0,"menu_order":0,"comment_status":"closed","ping_status":"closed","template":"","meta":{"_monsterinsights_skip_tracking":false,"_monsterinsights_sitenote_active":false,"_monsterinsights_sitenote_note":"","_monsterinsights_sitenote_category":0,"_uf_show_specific_survey":0,"_uf_disable_surveys":false,"site-sidebar-layout":"no-sidebar","site-content-layout":"page-builder","ast-site-content-layout":"full-width-container","site-content-style":"default","site-sidebar-style":"default","ast-global-header-display":"","ast-banner-title-visibility":"","ast-main-header-display":"","ast-hfb-above-header-display":"","ast-hfb-below-header-display":"","ast-hfb-mobile-header-display":"","site-post-title":"disabled","ast-breadcrumbs-content":"","ast-featured-img":"disabled","footer-sml-layout":"","ast-disable-related-posts":"","theme-transparent-header-meta":"","adv-header-id-meta":"","stick-header-meta":"","header-above-stick-meta":"","header-main-stick-meta":"","header-below-stick-meta":"","astra-migrate-meta-layouts":"set","ast-page-background-enabled":"default","ast-page-background-meta":{"desktop":{"background-color":"","background-image":"","background-repeat":"repeat","background-position":"center center","background-size":"auto","background-attachment":"scroll","background-type":"","background-media":"","overlay-type":"","overlay-color":"","overlay-opacity":"","overlay-gradient":""},"tablet":{"background-color":"","background-image":"","background-repeat":"repeat","background-position":"center center","background-size":"auto","background-attachment":"scroll","background-type":"","background-media":"","overlay-type":"","overlay-color":"","overlay-opacity":"","overlay-gradient":""},"mobile":{"background-color":"","background-image":"","background-repeat":"repeat","background-position":"center center","background-size":"auto","background-attachment":"scroll","background-type":"","background-media":"","overlay-type":"","overlay-color":"","overlay-opacity":"","overlay-gradient":""}},"ast-content-background-meta":{"desktop":{"background-color":"var(--ast-global-color-5)","background-image":"","background-repeat":"repeat","background-position":"center center","background-size":"auto","background-attachment":"scroll","background-type":"","background-media":"","overlay-type":"","overlay-color":"","overlay-opacity":"","overlay-gradient":""},"tablet":{"background-color":"var(--ast-global-color-5)","background-image":"","background-repeat":"repeat","background-position":"center center","background-size":"auto","background-attachment":"scroll","background-type":"","background-media":"","overlay-type":"","overlay-color":"","overlay-opacity":"","overlay-gradient":""},"mobile":{"background-color":"var(--ast-global-color-5)","background-image":"","background-repeat":"repeat","background-position":"center center","background-size":"auto","background-attachment":"scroll","background-type":"","background-media":"","overlay-type":"","overlay-color":"","overlay-opacity":"","overlay-gradient":""}},"footnotes":""},"class_list":["post-16268","page","type-page","status-publish","hentry"],"_links":{"self":[{"href":"https:\/\/uttijuana.edu.mx\/index.php\/wp-json\/wp\/v2\/pages\/16268","targetHints":{"allow":["GET"]}}],"collection":[{"href":"https:\/\/uttijuana.edu.mx\/index.php\/wp-json\/wp\/v2\/pages"}],"about":[{"href":"https:\/\/uttijuana.edu.mx\/index.php\/wp-json\/wp\/v2\/types\/page"}],"author":[{"embeddable":true,"href":"https:\/\/uttijuana.edu.mx\/index.php\/wp-json\/wp\/v2\/users\/2"}],"replies":[{"embeddable":true,"href":"https:\/\/uttijuana.edu.mx\/index.php\/wp-json\/wp\/v2\/comments?post=16268"}],"version-history":[{"count":7,"href":"https:\/\/uttijuana.edu.mx\/index.php\/wp-json\/wp\/v2\/pages\/16268\/revisions"}],"predecessor-version":[{"id":16276,"href":"https:\/\/uttijuana.edu.mx\/index.php\/wp-json\/wp\/v2\/pages\/16268\/revisions\/16276"}],"wp:attachment":[{"href":"https:\/\/uttijuana.edu.mx\/index.php\/wp-json\/wp\/v2\/media?parent=16268"}],"curies":[{"name":"wp","href":"https:\/\/api.w.org\/{rel}","templated":true}]}}