{"id":4116,"date":"2021-11-25T05:46:54","date_gmt":"2021-11-25T05:46:54","guid":{"rendered":"https:\/\/uttijuana.edu.mx\/?page_id=4116"},"modified":"2021-12-02T06:55:22","modified_gmt":"2021-12-02T06:55:22","slug":"tijuana-baja-california-a-23-de-noviembre-de-2021","status":"publish","type":"page","link":"https:\/\/uttijuana.edu.mx\/index.php\/tijuana-baja-california-a-23-de-noviembre-de-2021\/","title":{"rendered":"Tijuana, Baja California a 23 de noviembre de 2021"},"content":{"rendered":"\t\t<div data-elementor-type=\"wp-page\" data-elementor-id=\"4116\" class=\"elementor elementor-4116\" data-elementor-post-type=\"page\">\n\t\t\t\t\t\t<section class=\"elementor-section elementor-top-section elementor-element elementor-element-79d0b66 elementor-section-boxed elementor-section-height-default elementor-section-height-default wpr-particle-no wpr-jarallax-no wpr-parallax-no wpr-sticky-section-no\" data-id=\"79d0b66\" data-element_type=\"section\">\n\t\t\t\t\t\t<div class=\"elementor-container elementor-column-gap-default\">\n\t\t\t\t\t<div class=\"elementor-column elementor-col-100 elementor-top-column elementor-element elementor-element-4e5fce5\" data-id=\"4e5fce5\" data-element_type=\"column\">\n\t\t\t<div class=\"elementor-widget-wrap elementor-element-populated\">\n\t\t\t\t\t\t<div class=\"elementor-element elementor-element-07e5cd4 elementor-widget elementor-widget-heading\" data-id=\"07e5cd4\" data-element_type=\"widget\" data-widget_type=\"heading.default\">\n\t\t\t\t<div class=\"elementor-widget-container\">\n\t\t\t\t\t<h6 class=\"elementor-heading-title elementor-size-default\">Tijuana, Baja California a 23 de noviembre de 2021<\/h6>\t\t\t\t<\/div>\n\t\t\t\t<\/div>\n\t\t\t\t\t<\/div>\n\t\t<\/div>\n\t\t\t\t\t<\/div>\n\t\t<\/section>\n\t\t\t\t<section class=\"elementor-section elementor-top-section elementor-element elementor-element-99671ce elementor-section-boxed elementor-section-height-default elementor-section-height-default wpr-particle-no wpr-jarallax-no wpr-parallax-no wpr-sticky-section-no\" data-id=\"99671ce\" data-element_type=\"section\">\n\t\t\t\t\t\t<div class=\"elementor-container elementor-column-gap-default\">\n\t\t\t\t\t<div class=\"elementor-column elementor-col-100 elementor-top-column elementor-element elementor-element-33e3b95\" data-id=\"33e3b95\" data-element_type=\"column\">\n\t\t\t<div class=\"elementor-widget-wrap elementor-element-populated\">\n\t\t\t\t\t\t<div class=\"elementor-element elementor-element-e0d6a30 elementor-widget elementor-widget-heading\" data-id=\"e0d6a30\" data-element_type=\"widget\" data-widget_type=\"heading.default\">\n\t\t\t\t<div class=\"elementor-widget-container\">\n\t\t\t\t\t<h2 class=\"elementor-heading-title elementor-size-default\">           UTT llevar\u00e1 a cabo semana internacional de negocios<\/h2>\t\t\t\t<\/div>\n\t\t\t\t<\/div>\n\t\t\t\t<div class=\"elementor-element elementor-element-189113c elementor-widget elementor-widget-image\" data-id=\"189113c\" data-element_type=\"widget\" data-widget_type=\"image.default\">\n\t\t\t\t<div class=\"elementor-widget-container\">\n\t\t\t\t\t\t\t\t\t\t\t\t\t\t\t<img decoding=\"async\" data-src=\"https:\/\/uttijuana.edu.mx\/wp-content\/uploads\/2021\/11\/Foto-Portada-23-11-2021.png\" title=\"\" alt=\"\" src=\"data:image\/gif;base64,R0lGODlhAQABAAAAACH5BAEKAAEALAAAAAABAAEAAAICTAEAOw==\" class=\"lazyload\" \/>\t\t\t\t\t\t\t\t\t\t\t\t\t\t\t<\/div>\n\t\t\t\t<\/div>\n\t\t\t\t<div class=\"elementor-element elementor-element-6fee338 elementor-widget elementor-widget-heading\" data-id=\"6fee338\" data-element_type=\"widget\" data-widget_type=\"heading.default\">\n\t\t\t\t<div class=\"elementor-widget-container\">\n\t\t\t\t\t<h5 class=\"elementor-heading-title elementor-size-default\">Como parte de la visi\u00f3n de fortalecer la excelencia acad\u00e9mica a trav\u00e9s de organismos nacionales e internacionales en los j\u00f3venes Baja Californianos, el Gobierno del Estado que encabeza nuestra Gobernadora la Maestra Marina del Pilar \u00c1vila Olmeda en alianza con la Universidad Tecnol\u00f3gica de Tijuana (UTT) realizar\u00e1 la semana internacional de negocios denominada \u201cTransportando ideas 2021\u201d. <br>\nLa semana de Negocios es un espacio dise\u00f1ado para el intercambio de conocimientos e ideas, el cual busca generar en los alumnos de la licenciatura de Desarrollo de Negocios el enriquecimiento de sus conocimientos, ya que profesionales de la mercadotecnia y log\u00edstica ofrecer\u00e1n la oportunidad de sumar al aprendizaje que los alumnos adquieren en clases. <br>\nEsta se desarrollar\u00e1 del 22 al 26 de noviembre del 2021 de manera virtual, cualquier persona interesada en estos temas podr\u00e1 participar, ya que las conferencias ser\u00e1n transmitidas a trav\u00e9s de las redes sociales de UTT iniciando las conferencias a partir de las 6:00 pm. <br>\n<\/h5>\t\t\t\t<\/div>\n\t\t\t\t<\/div>\n\t\t\t\t<div class=\"elementor-element elementor-element-32444b7 elementor-widget elementor-widget-gallery\" data-id=\"32444b7\" data-element_type=\"widget\" data-settings=\"{&quot;gallery_layout&quot;:&quot;justified&quot;,&quot;lazyload&quot;:&quot;yes&quot;,&quot;ideal_row_height&quot;:{&quot;unit&quot;:&quot;px&quot;,&quot;size&quot;:200,&quot;sizes&quot;:[]},&quot;ideal_row_height_tablet&quot;:{&quot;unit&quot;:&quot;px&quot;,&quot;size&quot;:150,&quot;sizes&quot;:[]},&quot;ideal_row_height_mobile&quot;:{&quot;unit&quot;:&quot;px&quot;,&quot;size&quot;:150,&quot;sizes&quot;:[]},&quot;gap&quot;:{&quot;unit&quot;:&quot;px&quot;,&quot;size&quot;:10,&quot;sizes&quot;:[]},&quot;gap_tablet&quot;:{&quot;unit&quot;:&quot;px&quot;,&quot;size&quot;:10,&quot;sizes&quot;:[]},&quot;gap_mobile&quot;:{&quot;unit&quot;:&quot;px&quot;,&quot;size&quot;:10,&quot;sizes&quot;:[]},&quot;link_to&quot;:&quot;file&quot;,&quot;overlay_background&quot;:&quot;yes&quot;,&quot;content_hover_animation&quot;:&quot;fade-in&quot;}\" data-widget_type=\"gallery.default\">\n\t\t\t\t<div class=\"elementor-widget-container\">\n\t\t\t\t\t\t\t<div class=\"elementor-gallery__container\">\n\t\t\t\t\t<\/div>\n\t\t\t\t\t<\/div>\n\t\t\t\t<\/div>\n\t\t\t\t<div class=\"elementor-element elementor-element-4144614 elementor-widget elementor-widget-heading\" data-id=\"4144614\" data-element_type=\"widget\" data-widget_type=\"heading.default\">\n\t\t\t\t<div class=\"elementor-widget-container\">\n\t\t\t\t\t<h5 class=\"elementor-heading-title elementor-size-default\">Javier Santill\u00e1n P\u00e9rez, rector de UTT, mencion\u00f3 que esta semana contar\u00e1 con la participaci\u00f3n de los estudiantes de UTT, los   j\u00f3venes l\u00edderes de Tijuana Innovadora, estudiantes de la Universidad de Manzanillo, estudiantes del Instituto Tecnol\u00f3gico de Tijuana y alumnos de la Universidad de Costa Rica, adem\u00e1s que podr\u00e1n participar padres de familia y p\u00fablico en general.  <br>\n \n\n\nAdem\u00e1s, resalt\u00f3 que para la inauguraci\u00f3n de esta semana se contar\u00e1 con la participaci\u00f3n del Sr. Jos\u00e9 Gallicot, Presidente Fundador de Tijuana Innovadora, A.C., quien impartir\u00e1 la conferencia \u00bfQue necesitas? \u00a1Lo tengo! <br>\nPara finalizar menciono que el objetivo principal de esta semana ser\u00e1 fortalecer                              el conocimiento al brindar un contacto directo con el mercado y entorno, a trav\u00e9s de los expositores de calidad internacional, quienes ofrecer\u00e1n este acercamiento.\n<\/h5>\t\t\t\t<\/div>\n\t\t\t\t<\/div>\n\t\t\t\t<div class=\"elementor-element elementor-element-4098c8c elementor-widget elementor-widget-button\" data-id=\"4098c8c\" data-element_type=\"widget\" data-widget_type=\"button.default\">\n\t\t\t\t<div class=\"elementor-widget-container\">\n\t\t\t\t\t\t\t\t\t<div class=\"elementor-button-wrapper\">\n\t\t\t\t\t<a class=\"elementor-button elementor-button-link elementor-size-sm\" href=\"https:\/\/uttijuana.edu.mx\/index.php\/noticias\/\">\n\t\t\t\t\t\t<span class=\"elementor-button-content-wrapper\">\n\t\t\t\t\t\t\t\t\t<span class=\"elementor-button-text\">Haz clic aqu\u00ed<\/span>\n\t\t\t\t\t<\/span>\n\t\t\t\t\t<\/a>\n\t\t\t\t<\/div>\n\t\t\t\t\t\t\t\t<\/div>\n\t\t\t\t<\/div>\n\t\t\t\t<div class=\"elementor-element elementor-element-e19f0d3 elementor-widget-divider--view-line elementor-widget elementor-widget-divider\" data-id=\"e19f0d3\" data-element_type=\"widget\" data-widget_type=\"divider.default\">\n\t\t\t\t<div class=\"elementor-widget-container\">\n\t\t\t\t\t\t\t<div class=\"elementor-divider\">\n\t\t\t<span class=\"elementor-divider-separator\">\n\t\t\t\t\t\t<\/span>\n\t\t<\/div>\n\t\t\t\t\t\t<\/div>\n\t\t\t\t<\/div>\n\t\t\t\t\t<\/div>\n\t\t<\/div>\n\t\t\t\t\t<\/div>\n\t\t<\/section>\n\t\t\t\t<\/div>\n\t\t","protected":false},"excerpt":{"rendered":"<p>Tijuana, Baja California a 23 de noviembre de 2021 UTT llevar\u00e1 a cabo semana internacional de negocios Como parte de la visi\u00f3n de fortalecer la excelencia acad\u00e9mica a trav\u00e9s de organismos nacionales e internacionales en los j\u00f3venes Baja Californianos, el Gobierno del Estado que encabeza nuestra Gobernadora la Maestra Marina del Pilar \u00c1vila Olmeda en alianza con la Universidad Tecnol\u00f3gica de Tijuana (UTT) realizar\u00e1 la semana internacional de negocios denominada \u201cTransportando ideas 2021\u201d. La semana de Negocios es un espacio dise\u00f1ado para el intercambio de conocimientos e ideas, el cual busca generar en los alumnos de la licenciatura de Desarrollo de Negocios el enriquecimiento de sus conocimientos, ya que profesionales de la mercadotecnia y log\u00edstica ofrecer\u00e1n la oportunidad de sumar al aprendizaje que los alumnos adquieren en clases. Esta se desarrollar\u00e1 del 22 al 26 de noviembre del 2021 de manera virtual, cualquier persona interesada en estos temas podr\u00e1 participar, ya que las conferencias ser\u00e1n transmitidas a trav\u00e9s de las redes sociales de UTT iniciando las conferencias a partir de las 6:00 pm. Javier Santill\u00e1n P\u00e9rez, rector de UTT, mencion\u00f3 que esta semana contar\u00e1 con la participaci\u00f3n de los estudiantes de UTT, los j\u00f3venes l\u00edderes de Tijuana Innovadora, estudiantes de la Universidad de Manzanillo, estudiantes del Instituto Tecnol\u00f3gico de Tijuana y alumnos de la Universidad de Costa Rica, adem\u00e1s que podr\u00e1n participar padres de familia y p\u00fablico en general. Adem\u00e1s, resalt\u00f3 que para la inauguraci\u00f3n de esta semana se contar\u00e1 con la participaci\u00f3n del Sr. Jos\u00e9 Gallicot, Presidente Fundador de Tijuana Innovadora, A.C., quien impartir\u00e1 la conferencia \u00bfQue necesitas? \u00a1Lo tengo! Para finalizar menciono que el objetivo principal de esta semana ser\u00e1 fortalecer el conocimiento al brindar un contacto directo con el mercado y entorno, a trav\u00e9s de los expositores de calidad internacional, quienes ofrecer\u00e1n este acercamiento. Haz clic aqu\u00ed<\/p>\n","protected":false},"author":2,"featured_media":0,"parent":0,"menu_order":0,"comment_status":"closed","ping_status":"closed","template":"","meta":{"_monsterinsights_skip_tracking":false,"_monsterinsights_sitenote_active":false,"_monsterinsights_sitenote_note":"","_monsterinsights_sitenote_category":0,"_uf_show_specific_survey":0,"_uf_disable_surveys":false,"site-sidebar-layout":"no-sidebar","site-content-layout":"page-builder","ast-site-content-layout":"default","site-content-style":"default","site-sidebar-style":"default","ast-global-header-display":"","ast-banner-title-visibility":"","ast-main-header-display":"","ast-hfb-above-header-display":"","ast-hfb-below-header-display":"","ast-hfb-mobile-header-display":"","site-post-title":"disabled","ast-breadcrumbs-content":"","ast-featured-img":"disabled","footer-sml-layout":"","ast-disable-related-posts":"","theme-transparent-header-meta":"","adv-header-id-meta":"","stick-header-meta":"","header-above-stick-meta":"","header-main-stick-meta":"","header-below-stick-meta":"","astra-migrate-meta-layouts":"default","ast-page-background-enabled":"default","ast-page-background-meta":{"desktop":{"background-color":"","background-image":"","background-repeat":"repeat","background-position":"center center","background-size":"auto","background-attachment":"scroll","background-type":"","background-media":"","overlay-type":"","overlay-color":"","overlay-opacity":"","overlay-gradient":""},"tablet":{"background-color":"","background-image":"","background-repeat":"repeat","background-position":"center center","background-size":"auto","background-attachment":"scroll","background-type":"","background-media":"","overlay-type":"","overlay-color":"","overlay-opacity":"","overlay-gradient":""},"mobile":{"background-color":"","background-image":"","background-repeat":"repeat","background-position":"center center","background-size":"auto","background-attachment":"scroll","background-type":"","background-media":"","overlay-type":"","overlay-color":"","overlay-opacity":"","overlay-gradient":""}},"ast-content-background-meta":{"desktop":{"background-color":"var(--ast-global-color-5)","background-image":"","background-repeat":"repeat","background-position":"center center","background-size":"auto","background-attachment":"scroll","background-type":"","background-media":"","overlay-type":"","overlay-color":"","overlay-opacity":"","overlay-gradient":""},"tablet":{"background-color":"var(--ast-global-color-5)","background-image":"","background-repeat":"repeat","background-position":"center center","background-size":"auto","background-attachment":"scroll","background-type":"","background-media":"","overlay-type":"","overlay-color":"","overlay-opacity":"","overlay-gradient":""},"mobile":{"background-color":"var(--ast-global-color-5)","background-image":"","background-repeat":"repeat","background-position":"center center","background-size":"auto","background-attachment":"scroll","background-type":"","background-media":"","overlay-type":"","overlay-color":"","overlay-opacity":"","overlay-gradient":""}},"footnotes":""},"class_list":["post-4116","page","type-page","status-publish","hentry"],"_links":{"self":[{"href":"https:\/\/uttijuana.edu.mx\/index.php\/wp-json\/wp\/v2\/pages\/4116","targetHints":{"allow":["GET"]}}],"collection":[{"href":"https:\/\/uttijuana.edu.mx\/index.php\/wp-json\/wp\/v2\/pages"}],"about":[{"href":"https:\/\/uttijuana.edu.mx\/index.php\/wp-json\/wp\/v2\/types\/page"}],"author":[{"embeddable":true,"href":"https:\/\/uttijuana.edu.mx\/index.php\/wp-json\/wp\/v2\/users\/2"}],"replies":[{"embeddable":true,"href":"https:\/\/uttijuana.edu.mx\/index.php\/wp-json\/wp\/v2\/comments?post=4116"}],"version-history":[{"count":0,"href":"https:\/\/uttijuana.edu.mx\/index.php\/wp-json\/wp\/v2\/pages\/4116\/revisions"}],"wp:attachment":[{"href":"https:\/\/uttijuana.edu.mx\/index.php\/wp-json\/wp\/v2\/media?parent=4116"}],"curies":[{"name":"wp","href":"https:\/\/api.w.org\/{rel}","templated":true}]}}