{"id":507,"date":"2021-10-17T04:45:25","date_gmt":"2021-10-17T04:45:25","guid":{"rendered":"http:\/\/173.248.150.48:8081\/wordpress\/?page_id=507"},"modified":"2023-01-05T17:58:23","modified_gmt":"2023-01-05T17:58:23","slug":"mensaje-del-rector","status":"publish","type":"page","link":"https:\/\/uttijuana.edu.mx\/index.php\/mensaje-del-rector\/","title":{"rendered":"Mensaje del Rector"},"content":{"rendered":"\t\t<div data-elementor-type=\"wp-page\" data-elementor-id=\"507\" class=\"elementor elementor-507\" data-elementor-post-type=\"page\">\n\t\t\t\t\t\t<section class=\"elementor-section elementor-top-section elementor-element elementor-element-cc22002 elementor-section-boxed elementor-section-height-default elementor-section-height-default wpr-particle-no wpr-jarallax-no wpr-parallax-no wpr-sticky-section-no\" data-id=\"cc22002\" data-element_type=\"section\">\n\t\t\t\t\t\t<div class=\"elementor-container elementor-column-gap-default\">\n\t\t\t\t\t<div class=\"elementor-column elementor-col-100 elementor-top-column elementor-element elementor-element-9cdba6d\" data-id=\"9cdba6d\" data-element_type=\"column\">\n\t\t\t<div class=\"elementor-widget-wrap elementor-element-populated\">\n\t\t\t\t\t\t<div class=\"elementor-element elementor-element-dae2ce0 elementor-widget elementor-widget-spacer\" data-id=\"dae2ce0\" data-element_type=\"widget\" data-widget_type=\"spacer.default\">\n\t\t\t\t<div class=\"elementor-widget-container\">\n\t\t\t\t\t\t\t<div class=\"elementor-spacer\">\n\t\t\t<div class=\"elementor-spacer-inner\"><\/div>\n\t\t<\/div>\n\t\t\t\t\t\t<\/div>\n\t\t\t\t<\/div>\n\t\t\t\t<div class=\"elementor-element elementor-element-2a2a59b elementor-widget elementor-widget-heading\" data-id=\"2a2a59b\" data-element_type=\"widget\" data-widget_type=\"heading.default\">\n\t\t\t\t<div class=\"elementor-widget-container\">\n\t\t\t\t\t<h2 class=\"elementor-heading-title elementor-size-xl\">Mensaje del rector<\/h2>\t\t\t\t<\/div>\n\t\t\t\t<\/div>\n\t\t\t\t\t<\/div>\n\t\t<\/div>\n\t\t\t\t\t<\/div>\n\t\t<\/section>\n\t\t\t\t<section class=\"elementor-section elementor-top-section elementor-element elementor-element-4f95a64 elementor-section-boxed elementor-section-height-default elementor-section-height-default wpr-particle-no wpr-jarallax-no wpr-parallax-no wpr-sticky-section-no\" data-id=\"4f95a64\" data-element_type=\"section\">\n\t\t\t\t\t\t<div class=\"elementor-container elementor-column-gap-default\">\n\t\t\t\t\t<div class=\"elementor-column elementor-col-100 elementor-top-column elementor-element elementor-element-53624e6\" data-id=\"53624e6\" data-element_type=\"column\">\n\t\t\t<div class=\"elementor-widget-wrap elementor-element-populated\">\n\t\t\t\t\t\t<div class=\"elementor-element elementor-element-e7f39b6 elementor-widget-divider--view-line elementor-widget elementor-widget-divider\" data-id=\"e7f39b6\" data-element_type=\"widget\" data-widget_type=\"divider.default\">\n\t\t\t\t<div class=\"elementor-widget-container\">\n\t\t\t\t\t\t\t<div class=\"elementor-divider\">\n\t\t\t<span class=\"elementor-divider-separator\">\n\t\t\t\t\t\t<\/span>\n\t\t<\/div>\n\t\t\t\t\t\t<\/div>\n\t\t\t\t<\/div>\n\t\t\t\t<section class=\"elementor-section elementor-inner-section elementor-element elementor-element-2a33ac6 elementor-section-boxed elementor-section-height-default elementor-section-height-default wpr-particle-no wpr-jarallax-no wpr-parallax-no wpr-sticky-section-no\" data-id=\"2a33ac6\" data-element_type=\"section\">\n\t\t\t\t\t\t<div class=\"elementor-container elementor-column-gap-default\">\n\t\t\t\t\t<div class=\"elementor-column elementor-col-50 elementor-inner-column elementor-element elementor-element-5c81a04\" data-id=\"5c81a04\" data-element_type=\"column\">\n\t\t\t<div class=\"elementor-widget-wrap elementor-element-populated\">\n\t\t\t\t\t\t<div class=\"elementor-element elementor-element-d3e38d8 elementor-widget elementor-widget-image\" data-id=\"d3e38d8\" data-element_type=\"widget\" data-widget_type=\"image.default\">\n\t\t\t\t<div class=\"elementor-widget-container\">\n\t\t\t\t\t\t\t\t\t\t\t\t\t\t\t<img fetchpriority=\"high\" decoding=\"async\" width=\"1024\" height=\"683\" src=\"https:\/\/uttijuana.edu.mx\/wp-content\/uploads\/2023\/01\/04-1024x683.jpg\" class=\"attachment-large size-large wp-image-10400\" alt=\"\" srcset=\"https:\/\/uttijuana.edu.mx\/wp-content\/uploads\/2023\/01\/04-1024x683.jpg 1024w, https:\/\/uttijuana.edu.mx\/wp-content\/uploads\/2023\/01\/04-300x200.jpg 300w, https:\/\/uttijuana.edu.mx\/wp-content\/uploads\/2023\/01\/04-768x512.jpg 768w, https:\/\/uttijuana.edu.mx\/wp-content\/uploads\/2023\/01\/04-1536x1024.jpg 1536w, https:\/\/uttijuana.edu.mx\/wp-content\/uploads\/2023\/01\/04-2048x1365.jpg 2048w\" sizes=\"(max-width: 1024px) 100vw, 1024px\" \/>\t\t\t\t\t\t\t\t\t\t\t\t\t\t\t<\/div>\n\t\t\t\t<\/div>\n\t\t\t\t\t<\/div>\n\t\t<\/div>\n\t\t\t\t<div class=\"elementor-column elementor-col-50 elementor-inner-column elementor-element elementor-element-a292eda\" data-id=\"a292eda\" data-element_type=\"column\">\n\t\t\t<div class=\"elementor-widget-wrap elementor-element-populated\">\n\t\t\t\t\t\t<div class=\"elementor-element elementor-element-65ee980 elementor-widget elementor-widget-spacer\" data-id=\"65ee980\" data-element_type=\"widget\" data-widget_type=\"spacer.default\">\n\t\t\t\t<div class=\"elementor-widget-container\">\n\t\t\t\t\t\t\t<div class=\"elementor-spacer\">\n\t\t\t<div class=\"elementor-spacer-inner\"><\/div>\n\t\t<\/div>\n\t\t\t\t\t\t<\/div>\n\t\t\t\t<\/div>\n\t\t\t\t<div class=\"elementor-element elementor-element-ce7dc97 elementor-widget elementor-widget-heading\" data-id=\"ce7dc97\" data-element_type=\"widget\" data-widget_type=\"heading.default\">\n\t\t\t\t<div class=\"elementor-widget-container\">\n\t\t\t\t\t<h5 class=\"elementor-heading-title elementor-size-medium\">Estimada comunidad universitaria<p> <\/p>\n \nBaja California demanda la formaci\u00f3n de profesionistas con perfil\ncient\u00edfico y tecnol\u00f3gico para impulsar el desarrollo econ\u00f3mico e\nindustrial, as\u00ed como para alcanzar mayores niveles de bienestar social,\npor ello asumo con gran responsabilidad y compromiso el cargo de\nrector de la Universidad Tecnol\u00f3gica de Tijuana (UTT).<span style=\"color: var(--ast-global-color-2);font-style: inherit;background-color: var(--ast-global-color-4)\"><\/span><\/ol><\/h5>\t\t\t\t<\/div>\n\t\t\t\t<\/div>\n\t\t\t\t\t<\/div>\n\t\t<\/div>\n\t\t\t\t\t<\/div>\n\t\t<\/section>\n\t\t\t\t\t<\/div>\n\t\t<\/div>\n\t\t\t\t\t<\/div>\n\t\t<\/section>\n\t\t\t\t<section class=\"elementor-section elementor-top-section elementor-element elementor-element-55edb09 elementor-section-boxed elementor-section-height-default elementor-section-height-default wpr-particle-no wpr-jarallax-no wpr-parallax-no wpr-sticky-section-no\" data-id=\"55edb09\" data-element_type=\"section\">\n\t\t\t\t\t\t<div class=\"elementor-container elementor-column-gap-default\">\n\t\t\t\t\t<div class=\"elementor-column elementor-col-100 elementor-top-column elementor-element elementor-element-a6ffe60\" data-id=\"a6ffe60\" data-element_type=\"column\">\n\t\t\t<div class=\"elementor-widget-wrap elementor-element-populated\">\n\t\t\t\t\t\t<div class=\"elementor-element elementor-element-0d8beb3 elementor-widget elementor-widget-heading\" data-id=\"0d8beb3\" data-element_type=\"widget\" data-widget_type=\"heading.default\">\n\t\t\t\t<div class=\"elementor-widget-container\">\n\t\t\t\t\t<h5 class=\"elementor-heading-title elementor-size-medium\">Bajo mi gesti\u00f3n, cada estudiante que ingrese a nuestras aulas puede\ntener la certeza de que en esta instituci\u00f3n trabajamos de manera\nincansable para impartir formaci\u00f3n profesional de excelencia y brindar\nlas herramientas que se requieren para competir en el campo laboral,\nen un ambiente de respeto y de cero tolerancia a conductas que\natenten contra la dignidad humana.<p> <\/p>\n\nEn la Universidad Tecnol\u00f3gica de Tijuana damos espacio a la\ncreatividad, a la libertad de ideas y al desarrollo de habilidades y\ncompetencias, bajo principios fundamentales como la solidaridad, el\ntrabajo en equipo, el compromiso con el entorno y la responsabilidad\nsocial.<p> <\/p>\n\nEn este 2023 nuestra instituci\u00f3n cumplir\u00e1 25 a\u00f1os de existencia, por lo\nque es un honor para m\u00ed formar parte de esta nueva era, en la que nos\nhemos propuesto innovar y apuntalar a la Universidad Tecnol\u00f3gica de\nTijuana, de la mano de toda la comunidad educativa y de nuestros\naliados estrat\u00e9gicos.<p> <\/p>\n\nEstudiantes, egresadas y egresados, docentes y administrativos,\nsi\u00e9ntanse orgullosos de formar parte de esta Casa de Estudios, la\ncasa de los cuervos.\n<br>\n<\/h5>\t\t\t\t<\/div>\n\t\t\t\t<\/div>\n\t\t\t\t<div class=\"elementor-element elementor-element-1c0d509 elementor-widget elementor-widget-heading\" data-id=\"1c0d509\" data-element_type=\"widget\" data-widget_type=\"heading.default\">\n\t\t\t\t<div class=\"elementor-widget-container\">\n\t\t\t\t\t<p class=\"elementor-heading-title elementor-size-medium\">Mtro. Salvador Morales Riub\u00ed <p>Rector Universidad Tecnol\u00f3gica de Tijuana\n<br><span style=\"font-style: inherit;color: var(--ast-global-color-2)\"><\/span><\/p><\/p>\t\t\t\t<\/div>\n\t\t\t\t<\/div>\n\t\t\t\t<div class=\"elementor-element elementor-element-0a9331b elementor-widget elementor-widget-spacer\" data-id=\"0a9331b\" data-element_type=\"widget\" data-widget_type=\"spacer.default\">\n\t\t\t\t<div class=\"elementor-widget-container\">\n\t\t\t\t\t\t\t<div class=\"elementor-spacer\">\n\t\t\t<div class=\"elementor-spacer-inner\"><\/div>\n\t\t<\/div>\n\t\t\t\t\t\t<\/div>\n\t\t\t\t<\/div>\n\t\t\t\t\t<\/div>\n\t\t<\/div>\n\t\t\t\t\t<\/div>\n\t\t<\/section>\n\t\t\t\t<\/div>\n\t\t","protected":false},"excerpt":{"rendered":"<p>Mensaje del rector Estimada comunidad universitaria Baja California demanda la formaci\u00f3n de profesionistas con perfil cient\u00edfico y tecnol\u00f3gico para impulsar el desarrollo econ\u00f3mico e industrial, as\u00ed como para alcanzar mayores niveles de bienestar social, por ello asumo con gran responsabilidad y compromiso el cargo de rector de la Universidad Tecnol\u00f3gica de Tijuana (UTT). Bajo mi gesti\u00f3n, cada estudiante que ingrese a nuestras aulas puede tener la certeza de que en esta instituci\u00f3n trabajamos de manera incansable para impartir formaci\u00f3n profesional de excelencia y brindar las herramientas que se requieren para competir en el campo laboral, en un ambiente de respeto y de cero tolerancia a conductas que atenten contra la dignidad humana. En la Universidad Tecnol\u00f3gica de Tijuana damos espacio a la creatividad, a la libertad de ideas y al desarrollo de habilidades y competencias, bajo principios fundamentales como la solidaridad, el trabajo en equipo, el compromiso con el entorno y la responsabilidad social. En este 2023 nuestra instituci\u00f3n cumplir\u00e1 25 a\u00f1os de existencia, por lo que es un honor para m\u00ed formar parte de esta nueva era, en la que nos hemos propuesto innovar y apuntalar a la Universidad Tecnol\u00f3gica de Tijuana, de la mano de toda la comunidad educativa y de nuestros aliados estrat\u00e9gicos. Estudiantes, egresadas y egresados, docentes y administrativos, si\u00e9ntanse orgullosos de formar parte de esta Casa de Estudios, la casa de los cuervos. Mtro. Salvador Morales Riub\u00ed Rector Universidad Tecnol\u00f3gica de Tijuana<\/p>\n","protected":false},"author":2,"featured_media":0,"parent":0,"menu_order":0,"comment_status":"closed","ping_status":"closed","template":"","meta":{"_monsterinsights_skip_tracking":false,"_monsterinsights_sitenote_active":false,"_monsterinsights_sitenote_note":"","_monsterinsights_sitenote_category":0,"_uf_show_specific_survey":0,"_uf_disable_surveys":false,"site-sidebar-layout":"no-sidebar","site-content-layout":"page-builder","ast-site-content-layout":"default","site-content-style":"default","site-sidebar-style":"default","ast-global-header-display":"","ast-banner-title-visibility":"","ast-main-header-display":"","ast-hfb-above-header-display":"","ast-hfb-below-header-display":"","ast-hfb-mobile-header-display":"","site-post-title":"disabled","ast-breadcrumbs-content":"","ast-featured-img":"disabled","footer-sml-layout":"","ast-disable-related-posts":"","theme-transparent-header-meta":"","adv-header-id-meta":"","stick-header-meta":"","header-above-stick-meta":"","header-main-stick-meta":"","header-below-stick-meta":"","astra-migrate-meta-layouts":"default","ast-page-background-enabled":"default","ast-page-background-meta":{"desktop":{"background-color":"","background-image":"","background-repeat":"repeat","background-position":"center center","background-size":"auto","background-attachment":"scroll","background-type":"","background-media":"","overlay-type":"","overlay-color":"","overlay-opacity":"","overlay-gradient":""},"tablet":{"background-color":"","background-image":"","background-repeat":"repeat","background-position":"center center","background-size":"auto","background-attachment":"scroll","background-type":"","background-media":"","overlay-type":"","overlay-color":"","overlay-opacity":"","overlay-gradient":""},"mobile":{"background-color":"","background-image":"","background-repeat":"repeat","background-position":"center center","background-size":"auto","background-attachment":"scroll","background-type":"","background-media":"","overlay-type":"","overlay-color":"","overlay-opacity":"","overlay-gradient":""}},"ast-content-background-meta":{"desktop":{"background-color":"var(--ast-global-color-5)","background-image":"","background-repeat":"repeat","background-position":"center center","background-size":"auto","background-attachment":"scroll","background-type":"","background-media":"","overlay-type":"","overlay-color":"","overlay-opacity":"","overlay-gradient":""},"tablet":{"background-color":"var(--ast-global-color-5)","background-image":"","background-repeat":"repeat","background-position":"center center","background-size":"auto","background-attachment":"scroll","background-type":"","background-media":"","overlay-type":"","overlay-color":"","overlay-opacity":"","overlay-gradient":""},"mobile":{"background-color":"var(--ast-global-color-5)","background-image":"","background-repeat":"repeat","background-position":"center center","background-size":"auto","background-attachment":"scroll","background-type":"","background-media":"","overlay-type":"","overlay-color":"","overlay-opacity":"","overlay-gradient":""}},"footnotes":""},"class_list":["post-507","page","type-page","status-publish","hentry"],"_links":{"self":[{"href":"https:\/\/uttijuana.edu.mx\/index.php\/wp-json\/wp\/v2\/pages\/507","targetHints":{"allow":["GET"]}}],"collection":[{"href":"https:\/\/uttijuana.edu.mx\/index.php\/wp-json\/wp\/v2\/pages"}],"about":[{"href":"https:\/\/uttijuana.edu.mx\/index.php\/wp-json\/wp\/v2\/types\/page"}],"author":[{"embeddable":true,"href":"https:\/\/uttijuana.edu.mx\/index.php\/wp-json\/wp\/v2\/users\/2"}],"replies":[{"embeddable":true,"href":"https:\/\/uttijuana.edu.mx\/index.php\/wp-json\/wp\/v2\/comments?post=507"}],"version-history":[{"count":28,"href":"https:\/\/uttijuana.edu.mx\/index.php\/wp-json\/wp\/v2\/pages\/507\/revisions"}],"predecessor-version":[{"id":10448,"href":"https:\/\/uttijuana.edu.mx\/index.php\/wp-json\/wp\/v2\/pages\/507\/revisions\/10448"}],"wp:attachment":[{"href":"https:\/\/uttijuana.edu.mx\/index.php\/wp-json\/wp\/v2\/media?parent=507"}],"curies":[{"name":"wp","href":"https:\/\/api.w.org\/{rel}","templated":true}]}}