{"id":551,"date":"2021-10-17T05:32:28","date_gmt":"2021-10-17T05:32:28","guid":{"rendered":"http:\/\/173.248.150.48:8081\/wordpress\/?page_id=551"},"modified":"2025-01-30T23:34:36","modified_gmt":"2025-01-30T23:34:36","slug":"modelo-educativo","status":"publish","type":"page","link":"https:\/\/uttijuana.edu.mx\/index.php\/modelo-educativo\/","title":{"rendered":"Modelo Educativo"},"content":{"rendered":"\t\t<div data-elementor-type=\"wp-page\" data-elementor-id=\"551\" class=\"elementor elementor-551\" data-elementor-post-type=\"page\">\n\t\t\t\t\t\t<section class=\"elementor-section elementor-top-section elementor-element elementor-element-4845387 elementor-section-boxed elementor-section-height-default elementor-section-height-default wpr-particle-no wpr-jarallax-no wpr-parallax-no wpr-sticky-section-no\" data-id=\"4845387\" data-element_type=\"section\">\n\t\t\t\t\t\t<div class=\"elementor-container elementor-column-gap-default\">\n\t\t\t\t\t<div class=\"elementor-column elementor-col-100 elementor-top-column elementor-element elementor-element-8bbe1f6\" data-id=\"8bbe1f6\" data-element_type=\"column\">\n\t\t\t<div class=\"elementor-widget-wrap elementor-element-populated\">\n\t\t\t\t\t\t<div class=\"elementor-element elementor-element-3622511 elementor-widget elementor-widget-heading\" data-id=\"3622511\" data-element_type=\"widget\" data-widget_type=\"heading.default\">\n\t\t\t\t<div class=\"elementor-widget-container\">\n\t\t\t\t\t<h2 class=\"elementor-heading-title elementor-size-default\">MODELO EDUCATIVO<\/h2>\t\t\t\t<\/div>\n\t\t\t\t<\/div>\n\t\t\t\t<div class=\"elementor-element elementor-element-36296ba elementor-widget elementor-widget-spacer\" data-id=\"36296ba\" data-element_type=\"widget\" data-widget_type=\"spacer.default\">\n\t\t\t\t<div class=\"elementor-widget-container\">\n\t\t\t\t\t\t\t<div class=\"elementor-spacer\">\n\t\t\t<div class=\"elementor-spacer-inner\"><\/div>\n\t\t<\/div>\n\t\t\t\t\t\t<\/div>\n\t\t\t\t<\/div>\n\t\t\t\t<div class=\"elementor-element elementor-element-f2d1a57 elementor-widget elementor-widget-heading\" data-id=\"f2d1a57\" data-element_type=\"widget\" data-widget_type=\"heading.default\">\n\t\t\t\t<div class=\"elementor-widget-container\">\n\t\t\t\t\t<h5 class=\"elementor-heading-title elementor-size-default\">Las Universidades Tecnol\u00f3gicas (UUTT) surgieron en M\u00e9xico en 1991 como organismos p\u00fablicos descentralizados de los gobiernos estatales, para ofrecer una educaci\u00f3n superior de calidad que forme profesionistas competitivos con alto compromiso en innovaci\u00f3n y emprendimiento social, cient\u00edfico y tecnol\u00f3gico.  <P><\/P><\/h5>\t\t\t\t<\/div>\n\t\t\t\t<\/div>\n\t\t\t\t\t<\/div>\n\t\t<\/div>\n\t\t\t\t\t<\/div>\n\t\t<\/section>\n\t\t\t\t<section class=\"elementor-section elementor-top-section elementor-element elementor-element-76d92fe elementor-section-boxed elementor-section-height-default elementor-section-height-default wpr-particle-no wpr-jarallax-no wpr-parallax-no wpr-sticky-section-no\" data-id=\"76d92fe\" data-element_type=\"section\">\n\t\t\t\t\t\t<div class=\"elementor-container elementor-column-gap-default\">\n\t\t\t\t\t<div class=\"elementor-column elementor-col-50 elementor-top-column elementor-element elementor-element-3c7550c\" data-id=\"3c7550c\" data-element_type=\"column\">\n\t\t\t<div class=\"elementor-widget-wrap elementor-element-populated\">\n\t\t\t\t\t\t<div class=\"elementor-element elementor-element-bc8e38b elementor-widget elementor-widget-image\" data-id=\"bc8e38b\" data-element_type=\"widget\" data-widget_type=\"image.default\">\n\t\t\t\t<div class=\"elementor-widget-container\">\n\t\t\t\t\t\t\t\t\t\t\t\t\t\t\t<img fetchpriority=\"high\" decoding=\"async\" width=\"1024\" height=\"683\" src=\"https:\/\/uttijuana.edu.mx\/wp-content\/uploads\/2023\/03\/PNT04581-1024x683.jpg\" class=\"attachment-large size-large wp-image-11313\" alt=\"\" srcset=\"https:\/\/uttijuana.edu.mx\/wp-content\/uploads\/2023\/03\/PNT04581-1024x683.jpg 1024w, https:\/\/uttijuana.edu.mx\/wp-content\/uploads\/2023\/03\/PNT04581-300x200.jpg 300w, https:\/\/uttijuana.edu.mx\/wp-content\/uploads\/2023\/03\/PNT04581-768x512.jpg 768w, https:\/\/uttijuana.edu.mx\/wp-content\/uploads\/2023\/03\/PNT04581-1536x1025.jpg 1536w, https:\/\/uttijuana.edu.mx\/wp-content\/uploads\/2023\/03\/PNT04581-2048x1366.jpg 2048w\" sizes=\"(max-width: 1024px) 100vw, 1024px\" \/>\t\t\t\t\t\t\t\t\t\t\t\t\t\t\t<\/div>\n\t\t\t\t<\/div>\n\t\t\t\t\t<\/div>\n\t\t<\/div>\n\t\t\t\t<div class=\"elementor-column elementor-col-50 elementor-top-column elementor-element elementor-element-5e98fc2\" data-id=\"5e98fc2\" data-element_type=\"column\">\n\t\t\t<div class=\"elementor-widget-wrap elementor-element-populated\">\n\t\t\t\t\t\t<div class=\"elementor-element elementor-element-742d047 elementor-widget elementor-widget-heading\" data-id=\"742d047\" data-element_type=\"widget\" data-widget_type=\"heading.default\">\n\t\t\t\t<div class=\"elementor-widget-container\">\n\t\t\t\t\t<h5 class=\"elementor-heading-title elementor-size-default\">Para lograrlo, las UTT operan bajo el Modelo Educativo Basado en Competencias Profesionales que desarrolla destrezas conocimientos, aptitudes y actitudes, para impulsar y promover el progreso regional y la generaci\u00f3n de capital humano, social cultural y productivo. <p><\/p>\nEl modelo educativo basado en competencias profesionales ofrece doble titulaci\u00f3n en 3 a\u00f1os y 8 meses en 2 modalidades: T\u00e9cnico Superior Universitario en 2 a\u00f1os. y posteriormente el de Licenciatura en 1 a\u00f1o 8 meses. <p><\/p>\n\nModelo Curricular: La estructura curricular se sustenta en programas dise\u00f1ados con base en competencias profesionales y est\u00e1 definida por dos niveles educativos.<\/h5>\t\t\t\t<\/div>\n\t\t\t\t<\/div>\n\t\t\t\t\t<\/div>\n\t\t<\/div>\n\t\t\t\t\t<\/div>\n\t\t<\/section>\n\t\t\t\t<section class=\"elementor-section elementor-top-section elementor-element elementor-element-1c7a9a8 elementor-section-boxed elementor-section-height-default elementor-section-height-default wpr-particle-no wpr-jarallax-no wpr-parallax-no wpr-sticky-section-no\" data-id=\"1c7a9a8\" data-element_type=\"section\" data-settings=\"{&quot;background_background&quot;:&quot;classic&quot;}\">\n\t\t\t\t\t\t<div class=\"elementor-container elementor-column-gap-default\">\n\t\t\t\t\t<div class=\"elementor-column elementor-col-100 elementor-top-column elementor-element elementor-element-626b7cc\" data-id=\"626b7cc\" data-element_type=\"column\">\n\t\t\t<div class=\"elementor-widget-wrap elementor-element-populated\">\n\t\t\t\t\t\t<div class=\"elementor-element elementor-element-d2ad86e elementor-widget elementor-widget-spacer\" data-id=\"d2ad86e\" data-element_type=\"widget\" data-widget_type=\"spacer.default\">\n\t\t\t\t<div class=\"elementor-widget-container\">\n\t\t\t\t\t\t\t<div class=\"elementor-spacer\">\n\t\t\t<div class=\"elementor-spacer-inner\"><\/div>\n\t\t<\/div>\n\t\t\t\t\t\t<\/div>\n\t\t\t\t<\/div>\n\t\t\t\t<div class=\"elementor-element elementor-element-5957997 elementor-widget elementor-widget-heading\" data-id=\"5957997\" data-element_type=\"widget\" data-widget_type=\"heading.default\">\n\t\t\t\t<div class=\"elementor-widget-container\">\n\t\t\t\t\t<h5 class=\"elementor-heading-title elementor-size-default\">T\u00e9cnico Superior Universitario (TSU): Se cursa en 6 cuatrimestres de tiempo completo, con una duraci\u00f3n de 2 mil 625 horas presenciales y una estad\u00eda profesional de 525 horas. Sus contenidos curriculares son 70% pr\u00e1cticos y 30% te\u00f3ricos. El programa acad\u00e9mico de TSU forma profesionistas competitivos con liderazgo para desempe\u00f1arse en niveles de mando medio, con el conocimiento y capacidad para responder a las demandas actuales del sector productivo.\nLicenciatura o Ingenier\u00eda: en 5 cuatrimestres adicionales, con duraci\u00f3n de 1 mil 500 horas, m\u00e1s una estad\u00eda profesional de 480 horas. Sus contenidos curriculares son 60% pr\u00e1cticos y 40% te\u00f3ricos, y son de car\u00e1cter profesional\u00edzate para ejercer mandos superiores y proporcionan competencias relacionadas con la investigaci\u00f3n aplicada y el desarrollo tecnol\u00f3gico.<\/h5>\t\t\t\t<\/div>\n\t\t\t\t<\/div>\n\t\t\t\t\t<\/div>\n\t\t<\/div>\n\t\t\t\t\t<\/div>\n\t\t<\/section>\n\t\t\t\t<section class=\"elementor-section elementor-top-section elementor-element elementor-element-caf99c5 elementor-section-boxed elementor-section-height-default elementor-section-height-default wpr-particle-no wpr-jarallax-no wpr-parallax-no wpr-sticky-section-no\" data-id=\"caf99c5\" data-element_type=\"section\">\n\t\t\t\t\t\t<div class=\"elementor-container elementor-column-gap-default\">\n\t\t\t\t\t<div class=\"elementor-column elementor-col-100 elementor-top-column elementor-element elementor-element-dacbf7c\" data-id=\"dacbf7c\" data-element_type=\"column\">\n\t\t\t<div class=\"elementor-widget-wrap elementor-element-populated\">\n\t\t\t\t\t\t<div class=\"elementor-element elementor-element-00a6331 elementor-widget elementor-widget-heading\" data-id=\"00a6331\" data-element_type=\"widget\" data-widget_type=\"heading.default\">\n\t\t\t\t<div class=\"elementor-widget-container\">\n\t\t\t\t\t<h5 class=\"elementor-heading-title elementor-size-default\">Para acceder al nivel de Licenciatura, los estudiantes deber\u00e1n haber obtenido el t\u00edtulo profesional de T\u00e9cnico Superior Universitario, as\u00ed como realizado y aprobado su estad\u00eda profesional, la cual servir\u00e1 adem\u00e1s para acreditar su servicio social.<\/h5>\t\t\t\t<\/div>\n\t\t\t\t<\/div>\n\t\t\t\t<div class=\"elementor-element elementor-element-973928a elementor-widget elementor-widget-spacer\" data-id=\"973928a\" data-element_type=\"widget\" data-widget_type=\"spacer.default\">\n\t\t\t\t<div class=\"elementor-widget-container\">\n\t\t\t\t\t\t\t<div class=\"elementor-spacer\">\n\t\t\t<div class=\"elementor-spacer-inner\"><\/div>\n\t\t<\/div>\n\t\t\t\t\t\t<\/div>\n\t\t\t\t<\/div>\n\t\t\t\t\t<\/div>\n\t\t<\/div>\n\t\t\t\t\t<\/div>\n\t\t<\/section>\n\t\t\t\t<\/div>\n\t\t","protected":false},"excerpt":{"rendered":"<p>MODELO EDUCATIVO Las Universidades Tecnol\u00f3gicas (UUTT) surgieron en M\u00e9xico en 1991 como organismos p\u00fablicos descentralizados de los gobiernos estatales, para ofrecer una educaci\u00f3n superior de calidad que forme profesionistas competitivos con alto compromiso en innovaci\u00f3n y emprendimiento social, cient\u00edfico y tecnol\u00f3gico. Para lograrlo, las UTT operan bajo el Modelo Educativo Basado en Competencias Profesionales que desarrolla destrezas conocimientos, aptitudes y actitudes, para impulsar y promover el progreso regional y la generaci\u00f3n de capital humano, social cultural y productivo. El modelo educativo basado en competencias profesionales ofrece doble titulaci\u00f3n en 3 a\u00f1os y 8 meses en 2 modalidades: T\u00e9cnico Superior Universitario en 2 a\u00f1os. y posteriormente el de Licenciatura en 1 a\u00f1o 8 meses. Modelo Curricular: La estructura curricular se sustenta en programas dise\u00f1ados con base en competencias profesionales y est\u00e1 definida por dos niveles educativos. T\u00e9cnico Superior Universitario (TSU): Se cursa en 6 cuatrimestres de tiempo completo, con una duraci\u00f3n de 2 mil 625 horas presenciales y una estad\u00eda profesional de 525 horas. Sus contenidos curriculares son 70% pr\u00e1cticos y 30% te\u00f3ricos. El programa acad\u00e9mico de TSU forma profesionistas competitivos con liderazgo para desempe\u00f1arse en niveles de mando medio, con el conocimiento y capacidad para responder a las demandas actuales del sector productivo. Licenciatura o Ingenier\u00eda: en 5 cuatrimestres adicionales, con duraci\u00f3n de 1 mil 500 horas, m\u00e1s una estad\u00eda profesional de 480 horas. Sus contenidos curriculares son 60% pr\u00e1cticos y 40% te\u00f3ricos, y son de car\u00e1cter profesional\u00edzate para ejercer mandos superiores y proporcionan competencias relacionadas con la investigaci\u00f3n aplicada y el desarrollo tecnol\u00f3gico. Para acceder al nivel de Licenciatura, los estudiantes deber\u00e1n haber obtenido el t\u00edtulo profesional de T\u00e9cnico Superior Universitario, as\u00ed como realizado y aprobado su estad\u00eda profesional, la cual servir\u00e1 adem\u00e1s para acreditar su servicio social.<\/p>\n","protected":false},"author":2,"featured_media":0,"parent":0,"menu_order":0,"comment_status":"closed","ping_status":"closed","template":"","meta":{"_monsterinsights_skip_tracking":false,"_monsterinsights_sitenote_active":false,"_monsterinsights_sitenote_note":"","_monsterinsights_sitenote_category":0,"_uf_show_specific_survey":0,"_uf_disable_surveys":false,"site-sidebar-layout":"no-sidebar","site-content-layout":"page-builder","ast-site-content-layout":"default","site-content-style":"default","site-sidebar-style":"default","ast-global-header-display":"","ast-banner-title-visibility":"","ast-main-header-display":"","ast-hfb-above-header-display":"","ast-hfb-below-header-display":"","ast-hfb-mobile-header-display":"","site-post-title":"disabled","ast-breadcrumbs-content":"","ast-featured-img":"disabled","footer-sml-layout":"","ast-disable-related-posts":"","theme-transparent-header-meta":"default","adv-header-id-meta":"","stick-header-meta":"","header-above-stick-meta":"","header-main-stick-meta":"","header-below-stick-meta":"","astra-migrate-meta-layouts":"default","ast-page-background-enabled":"default","ast-page-background-meta":{"desktop":{"background-color":"","background-image":"","background-repeat":"repeat","background-position":"center center","background-size":"auto","background-attachment":"scroll","background-type":"","background-media":"","overlay-type":"","overlay-color":"","overlay-opacity":"","overlay-gradient":""},"tablet":{"background-color":"","background-image":"","background-repeat":"repeat","background-position":"center center","background-size":"auto","background-attachment":"scroll","background-type":"","background-media":"","overlay-type":"","overlay-color":"","overlay-opacity":"","overlay-gradient":""},"mobile":{"background-color":"","background-image":"","background-repeat":"repeat","background-position":"center center","background-size":"auto","background-attachment":"scroll","background-type":"","background-media":"","overlay-type":"","overlay-color":"","overlay-opacity":"","overlay-gradient":""}},"ast-content-background-meta":{"desktop":{"background-color":"var(--ast-global-color-5)","background-image":"","background-repeat":"repeat","background-position":"center center","background-size":"auto","background-attachment":"scroll","background-type":"","background-media":"","overlay-type":"","overlay-color":"","overlay-opacity":"","overlay-gradient":""},"tablet":{"background-color":"var(--ast-global-color-5)","background-image":"","background-repeat":"repeat","background-position":"center center","background-size":"auto","background-attachment":"scroll","background-type":"","background-media":"","overlay-type":"","overlay-color":"","overlay-opacity":"","overlay-gradient":""},"mobile":{"background-color":"var(--ast-global-color-5)","background-image":"","background-repeat":"repeat","background-position":"center center","background-size":"auto","background-attachment":"scroll","background-type":"","background-media":"","overlay-type":"","overlay-color":"","overlay-opacity":"","overlay-gradient":""}},"footnotes":""},"class_list":["post-551","page","type-page","status-publish","hentry"],"_links":{"self":[{"href":"https:\/\/uttijuana.edu.mx\/index.php\/wp-json\/wp\/v2\/pages\/551","targetHints":{"allow":["GET"]}}],"collection":[{"href":"https:\/\/uttijuana.edu.mx\/index.php\/wp-json\/wp\/v2\/pages"}],"about":[{"href":"https:\/\/uttijuana.edu.mx\/index.php\/wp-json\/wp\/v2\/types\/page"}],"author":[{"embeddable":true,"href":"https:\/\/uttijuana.edu.mx\/index.php\/wp-json\/wp\/v2\/users\/2"}],"replies":[{"embeddable":true,"href":"https:\/\/uttijuana.edu.mx\/index.php\/wp-json\/wp\/v2\/comments?post=551"}],"version-history":[{"count":28,"href":"https:\/\/uttijuana.edu.mx\/index.php\/wp-json\/wp\/v2\/pages\/551\/revisions"}],"predecessor-version":[{"id":16190,"href":"https:\/\/uttijuana.edu.mx\/index.php\/wp-json\/wp\/v2\/pages\/551\/revisions\/16190"}],"wp:attachment":[{"href":"https:\/\/uttijuana.edu.mx\/index.php\/wp-json\/wp\/v2\/media?parent=551"}],"curies":[{"name":"wp","href":"https:\/\/api.w.org\/{rel}","templated":true}]}}