{"id":558,"date":"2021-10-17T05:36:51","date_gmt":"2021-10-17T05:36:51","guid":{"rendered":"http:\/\/173.248.150.48:8081\/wordpress\/?page_id=558"},"modified":"2026-01-08T01:19:44","modified_gmt":"2026-01-08T01:19:44","slug":"bis","status":"publish","type":"page","link":"https:\/\/uttijuana.edu.mx\/index.php\/bis\/","title":{"rendered":"BIS"},"content":{"rendered":"\t\t<div data-elementor-type=\"wp-page\" data-elementor-id=\"558\" class=\"elementor elementor-558\" data-elementor-post-type=\"page\">\n\t\t\t\t\t\t<section class=\"elementor-section elementor-top-section elementor-element elementor-element-1b00b9f4 elementor-section-boxed elementor-section-height-default elementor-section-height-default wpr-particle-no wpr-jarallax-no wpr-parallax-no wpr-sticky-section-no\" data-id=\"1b00b9f4\" data-element_type=\"section\">\n\t\t\t\t\t\t<div class=\"elementor-container elementor-column-gap-default\">\n\t\t\t\t\t<div class=\"elementor-column elementor-col-100 elementor-top-column elementor-element elementor-element-3f2abe8c\" data-id=\"3f2abe8c\" data-element_type=\"column\">\n\t\t\t<div class=\"elementor-widget-wrap elementor-element-populated\">\n\t\t\t\t\t\t<div class=\"elementor-element elementor-element-305ffc0a elementor-widget elementor-widget-heading\" data-id=\"305ffc0a\" data-element_type=\"widget\" data-widget_type=\"heading.default\">\n\t\t\t\t<div class=\"elementor-widget-container\">\n\t\t\t\t\t<h2 class=\"elementor-heading-title elementor-size-default\"><b>Modalidad Biling\u00fce Internacional y Sustentable (BIS)<\/b><\/h2>\t\t\t\t<\/div>\n\t\t\t\t<\/div>\n\t\t\t\t<div class=\"elementor-element elementor-element-61206f3a elementor-widget elementor-widget-heading\" data-id=\"61206f3a\" data-element_type=\"widget\" data-widget_type=\"heading.default\">\n\t\t\t\t<div class=\"elementor-widget-container\">\n\t\t\t\t\t<h5 class=\"elementor-heading-title elementor-size-medium\"><blockquote>Desde 2018, la Universidad Tecnol\u00f3gica de Tijuana (UTT) adopt\u00f3 el\nprograma Biling\u00fce Internacional y Sustentable (BIS), un modelo\neducativo de vanguardia que se imparte en las universidades\ntecnol\u00f3gicas del pa\u00eds que ofertan programas de T\u00e9cnico Superior\nUniversitario (TSU) y de Licenciatura o Ingenier\u00eda.  <p> <\/p>\n\n<b><dd>Biling\u00fce <p> <\/p><\/dd><\/b>\n\nEl aprendizaje y dominio del idioma ingl\u00e9s se ha convertido en una\nherramienta fundamental para ampliar las posibilidades laborales y de\ncrecimiento personal, por ello la importancia de egresar profesionistas\nbiling\u00fces. <p> <\/p>\n\n<b><\/b><dd><b>Internacionalizaci\u00f3n <p> <\/p><\/b><\/dd>\nA trav\u00e9s de la adquisici\u00f3n de competencias equiparables a otros\nsistemas educativos del extranjero es posible postularse a puestos\ndirectivos y de toma de decisiones, as\u00ed como incursionar en el\nmercado laboral globalizado. <p> <\/p>\n\n<b><dd>Sustentabilidad <p> <\/p><\/dd><\/b>\nLas y los estudiantes reciben formaci\u00f3n para interactuar de manera\narm\u00f3nica con el medio ambiente y la sociedad, por medio de acciones\nsustentables, dentro y fuera de la universidad. <span><\/span><\/blockquote><\/h5>\t\t\t\t<\/div>\n\t\t\t\t<\/div>\n\t\t\t\t\t<\/div>\n\t\t<\/div>\n\t\t\t\t\t<\/div>\n\t\t<\/section>\n\t\t\t\t<section class=\"elementor-section elementor-top-section elementor-element elementor-element-babee92 elementor-section-boxed elementor-section-height-default elementor-section-height-default wpr-particle-no wpr-jarallax-no wpr-parallax-no wpr-sticky-section-no\" data-id=\"babee92\" data-element_type=\"section\">\n\t\t\t\t\t\t<div class=\"elementor-container elementor-column-gap-default\">\n\t\t\t\t\t<div class=\"elementor-column elementor-col-33 elementor-top-column elementor-element elementor-element-e0be930\" data-id=\"e0be930\" data-element_type=\"column\">\n\t\t\t<div class=\"elementor-widget-wrap elementor-element-populated\">\n\t\t\t\t\t\t<div class=\"elementor-element elementor-element-ba7b0a3 elementor-widget elementor-widget-image\" data-id=\"ba7b0a3\" data-element_type=\"widget\" data-widget_type=\"image.default\">\n\t\t\t\t<div class=\"elementor-widget-container\">\n\t\t\t\t\t\t\t\t\t\t\t\t\t\t\t<img fetchpriority=\"high\" decoding=\"async\" width=\"1024\" height=\"683\" src=\"https:\/\/uttijuana.edu.mx\/wp-content\/uploads\/2023\/02\/IMG_9624-1024x683.jpg\" class=\"attachment-large size-large wp-image-11031\" alt=\"\" srcset=\"https:\/\/uttijuana.edu.mx\/wp-content\/uploads\/2023\/02\/IMG_9624-1024x683.jpg 1024w, https:\/\/uttijuana.edu.mx\/wp-content\/uploads\/2023\/02\/IMG_9624-300x200.jpg 300w, https:\/\/uttijuana.edu.mx\/wp-content\/uploads\/2023\/02\/IMG_9624-768x512.jpg 768w, https:\/\/uttijuana.edu.mx\/wp-content\/uploads\/2023\/02\/IMG_9624-1536x1024.jpg 1536w, https:\/\/uttijuana.edu.mx\/wp-content\/uploads\/2023\/02\/IMG_9624-2048x1366.jpg 2048w\" sizes=\"(max-width: 1024px) 100vw, 1024px\" \/>\t\t\t\t\t\t\t\t\t\t\t\t\t\t\t<\/div>\n\t\t\t\t<\/div>\n\t\t\t\t\t<\/div>\n\t\t<\/div>\n\t\t\t\t<div class=\"elementor-column elementor-col-33 elementor-top-column elementor-element elementor-element-87ed15b\" data-id=\"87ed15b\" data-element_type=\"column\">\n\t\t\t<div class=\"elementor-widget-wrap elementor-element-populated\">\n\t\t\t\t\t\t<div class=\"elementor-element elementor-element-e2cffcd elementor-widget elementor-widget-image\" data-id=\"e2cffcd\" data-element_type=\"widget\" data-widget_type=\"image.default\">\n\t\t\t\t<div class=\"elementor-widget-container\">\n\t\t\t\t\t\t\t\t\t\t\t\t\t\t\t<img decoding=\"async\" width=\"1024\" height=\"683\" data-src=\"https:\/\/uttijuana.edu.mx\/wp-content\/uploads\/2023\/02\/IMG_9436-1024x683.jpg\" class=\"attachment-large size-large wp-image-11032 lazyload\" alt=\"\" data-srcset=\"https:\/\/uttijuana.edu.mx\/wp-content\/uploads\/2023\/02\/IMG_9436-1024x683.jpg 1024w, https:\/\/uttijuana.edu.mx\/wp-content\/uploads\/2023\/02\/IMG_9436-300x200.jpg 300w, https:\/\/uttijuana.edu.mx\/wp-content\/uploads\/2023\/02\/IMG_9436-768x512.jpg 768w, https:\/\/uttijuana.edu.mx\/wp-content\/uploads\/2023\/02\/IMG_9436-1536x1024.jpg 1536w, https:\/\/uttijuana.edu.mx\/wp-content\/uploads\/2023\/02\/IMG_9436-2048x1366.jpg 2048w\" data-sizes=\"(max-width: 1024px) 100vw, 1024px\" src=\"data:image\/gif;base64,R0lGODlhAQABAAAAACH5BAEKAAEALAAAAAABAAEAAAICTAEAOw==\" style=\"--smush-placeholder-width: 1024px; --smush-placeholder-aspect-ratio: 1024\/683;\" \/>\t\t\t\t\t\t\t\t\t\t\t\t\t\t\t<\/div>\n\t\t\t\t<\/div>\n\t\t\t\t\t<\/div>\n\t\t<\/div>\n\t\t\t\t<div class=\"elementor-column elementor-col-33 elementor-top-column elementor-element elementor-element-7346642\" data-id=\"7346642\" data-element_type=\"column\">\n\t\t\t<div class=\"elementor-widget-wrap elementor-element-populated\">\n\t\t\t\t\t\t<div class=\"elementor-element elementor-element-d88a823 elementor-widget elementor-widget-image\" data-id=\"d88a823\" data-element_type=\"widget\" data-widget_type=\"image.default\">\n\t\t\t\t<div class=\"elementor-widget-container\">\n\t\t\t\t\t\t\t\t\t\t\t\t\t\t\t<img decoding=\"async\" width=\"1024\" height=\"683\" data-src=\"https:\/\/uttijuana.edu.mx\/wp-content\/uploads\/2023\/02\/IMG_9569-1024x683.jpg\" class=\"attachment-large size-large wp-image-11033 lazyload\" alt=\"\" data-srcset=\"https:\/\/uttijuana.edu.mx\/wp-content\/uploads\/2023\/02\/IMG_9569-1024x683.jpg 1024w, https:\/\/uttijuana.edu.mx\/wp-content\/uploads\/2023\/02\/IMG_9569-300x200.jpg 300w, https:\/\/uttijuana.edu.mx\/wp-content\/uploads\/2023\/02\/IMG_9569-768x512.jpg 768w, https:\/\/uttijuana.edu.mx\/wp-content\/uploads\/2023\/02\/IMG_9569-1536x1024.jpg 1536w, https:\/\/uttijuana.edu.mx\/wp-content\/uploads\/2023\/02\/IMG_9569-2048x1366.jpg 2048w\" data-sizes=\"(max-width: 1024px) 100vw, 1024px\" src=\"data:image\/gif;base64,R0lGODlhAQABAAAAACH5BAEKAAEALAAAAAABAAEAAAICTAEAOw==\" style=\"--smush-placeholder-width: 1024px; --smush-placeholder-aspect-ratio: 1024\/683;\" \/>\t\t\t\t\t\t\t\t\t\t\t\t\t\t\t<\/div>\n\t\t\t\t<\/div>\n\t\t\t\t\t<\/div>\n\t\t<\/div>\n\t\t\t\t\t<\/div>\n\t\t<\/section>\n\t\t\t\t<section class=\"elementor-section elementor-top-section elementor-element elementor-element-9b0b70b elementor-section-boxed elementor-section-height-default elementor-section-height-default wpr-particle-no wpr-jarallax-no wpr-parallax-no wpr-sticky-section-no\" data-id=\"9b0b70b\" data-element_type=\"section\">\n\t\t\t\t\t\t<div class=\"elementor-container elementor-column-gap-default\">\n\t\t\t\t\t<div class=\"elementor-column elementor-col-100 elementor-top-column elementor-element elementor-element-8598314\" data-id=\"8598314\" data-element_type=\"column\">\n\t\t\t<div class=\"elementor-widget-wrap elementor-element-populated\">\n\t\t\t\t\t\t<div class=\"elementor-element elementor-element-727adbc elementor-widget elementor-widget-heading\" data-id=\"727adbc\" data-element_type=\"widget\" data-widget_type=\"heading.default\">\n\t\t\t\t<div class=\"elementor-widget-container\">\n\t\t\t\t\t<h5 class=\"elementor-heading-title elementor-size-medium\"><blockquote>Actualmente, contamos con los siguientes programas de TSU en la\nmodalidad BIS:\n<dd><li>Ense\u00f1anza del Idioma Ingl\u00e9s<\/li><li>Procesos Productivos<\/li><li>Operaciones Log\u00edsticas y Comercio Exterior<\/li><li>Desarrollo de Software Multiplataforma<\/li><li>Infraestructura de Redes Digitales<\/li><\/dd>\n\nAl ser carrera BIS, las y los estudiantes cursan el Cuatrimestre Cero,\nque consiste en siete horas diarias de ingl\u00e9s intensivo. Con esto, la\nduraci\u00f3n de su carrera se extiende a cuatro a\u00f1os. <p> <\/p>\n\nConforme avanzan en su formaci\u00f3n profesional, de manera progresiva\nse les imparten materias en el idioma ingl\u00e9s, a fin de que adquieran el\ndominio del lenguaje t\u00e9cnico.\nAl concluir el grado de T\u00e9cnico Superior Universitario, alcanzan el nivel\nde ingl\u00e9s B1\/B2. Es requisito para la titulaci\u00f3n certificarse en\ncualquiera de esos niveles. <p> <span><\/span><\/p><\/blockquote><\/h5>\t\t\t\t<\/div>\n\t\t\t\t<\/div>\n\t\t\t\t\t<\/div>\n\t\t<\/div>\n\t\t\t\t\t<\/div>\n\t\t<\/section>\n\t\t\t\t<\/div>\n\t\t","protected":false},"excerpt":{"rendered":"<p>Modalidad Biling\u00fce Internacional y Sustentable (BIS) Desde 2018, la Universidad Tecnol\u00f3gica de Tijuana (UTT) adopt\u00f3 el programa Biling\u00fce Internacional y Sustentable (BIS), un modelo educativo de vanguardia que se imparte en las universidades tecnol\u00f3gicas del pa\u00eds que ofertan programas de T\u00e9cnico Superior Universitario (TSU) y de Licenciatura o Ingenier\u00eda. Biling\u00fce El aprendizaje y dominio del idioma ingl\u00e9s se ha convertido en una herramienta fundamental para ampliar las posibilidades laborales y de crecimiento personal, por ello la importancia de egresar profesionistas biling\u00fces. Internacionalizaci\u00f3n A trav\u00e9s de la adquisici\u00f3n de competencias equiparables a otros sistemas educativos del extranjero es posible postularse a puestos directivos y de toma de decisiones, as\u00ed como incursionar en el mercado laboral globalizado. Sustentabilidad Las y los estudiantes reciben formaci\u00f3n para interactuar de manera arm\u00f3nica con el medio ambiente y la sociedad, por medio de acciones sustentables, dentro y fuera de la universidad. Actualmente, contamos con los siguientes programas de TSU en la modalidad BIS: Ense\u00f1anza del Idioma Ingl\u00e9s Procesos Productivos Operaciones Log\u00edsticas y Comercio Exterior Desarrollo de Software Multiplataforma Infraestructura de Redes Digitales Al ser carrera BIS, las y los estudiantes cursan el Cuatrimestre Cero, que consiste en siete horas diarias de ingl\u00e9s intensivo. Con esto, la duraci\u00f3n de su carrera se extiende a cuatro a\u00f1os. Conforme avanzan en su formaci\u00f3n profesional, de manera progresiva se les imparten materias en el idioma ingl\u00e9s, a fin de que adquieran el dominio del lenguaje t\u00e9cnico. Al concluir el grado de T\u00e9cnico Superior Universitario, alcanzan el nivel de ingl\u00e9s B1\/B2. Es requisito para la titulaci\u00f3n certificarse en cualquiera de esos niveles.<\/p>\n","protected":false},"author":2,"featured_media":0,"parent":0,"menu_order":0,"comment_status":"closed","ping_status":"closed","template":"","meta":{"_monsterinsights_skip_tracking":false,"_monsterinsights_sitenote_active":false,"_monsterinsights_sitenote_note":"","_monsterinsights_sitenote_category":0,"_uf_show_specific_survey":0,"_uf_disable_surveys":false,"site-sidebar-layout":"no-sidebar","site-content-layout":"page-builder","ast-site-content-layout":"default","site-content-style":"default","site-sidebar-style":"default","ast-global-header-display":"","ast-banner-title-visibility":"","ast-main-header-display":"","ast-hfb-above-header-display":"","ast-hfb-below-header-display":"","ast-hfb-mobile-header-display":"","site-post-title":"disabled","ast-breadcrumbs-content":"","ast-featured-img":"disabled","footer-sml-layout":"","ast-disable-related-posts":"","theme-transparent-header-meta":"default","adv-header-id-meta":"","stick-header-meta":"","header-above-stick-meta":"","header-main-stick-meta":"","header-below-stick-meta":"","astra-migrate-meta-layouts":"default","ast-page-background-enabled":"default","ast-page-background-meta":{"desktop":{"background-color":"","background-image":"","background-repeat":"repeat","background-position":"center center","background-size":"auto","background-attachment":"scroll","background-type":"","background-media":"","overlay-type":"","overlay-color":"","overlay-opacity":"","overlay-gradient":""},"tablet":{"background-color":"","background-image":"","background-repeat":"repeat","background-position":"center center","background-size":"auto","background-attachment":"scroll","background-type":"","background-media":"","overlay-type":"","overlay-color":"","overlay-opacity":"","overlay-gradient":""},"mobile":{"background-color":"","background-image":"","background-repeat":"repeat","background-position":"center center","background-size":"auto","background-attachment":"scroll","background-type":"","background-media":"","overlay-type":"","overlay-color":"","overlay-opacity":"","overlay-gradient":""}},"ast-content-background-meta":{"desktop":{"background-color":"var(--ast-global-color-5)","background-image":"","background-repeat":"repeat","background-position":"center center","background-size":"auto","background-attachment":"scroll","background-type":"","background-media":"","overlay-type":"","overlay-color":"","overlay-opacity":"","overlay-gradient":""},"tablet":{"background-color":"var(--ast-global-color-5)","background-image":"","background-repeat":"repeat","background-position":"center center","background-size":"auto","background-attachment":"scroll","background-type":"","background-media":"","overlay-type":"","overlay-color":"","overlay-opacity":"","overlay-gradient":""},"mobile":{"background-color":"var(--ast-global-color-5)","background-image":"","background-repeat":"repeat","background-position":"center center","background-size":"auto","background-attachment":"scroll","background-type":"","background-media":"","overlay-type":"","overlay-color":"","overlay-opacity":"","overlay-gradient":""}},"footnotes":""},"class_list":["post-558","page","type-page","status-publish","hentry"],"_links":{"self":[{"href":"https:\/\/uttijuana.edu.mx\/index.php\/wp-json\/wp\/v2\/pages\/558","targetHints":{"allow":["GET"]}}],"collection":[{"href":"https:\/\/uttijuana.edu.mx\/index.php\/wp-json\/wp\/v2\/pages"}],"about":[{"href":"https:\/\/uttijuana.edu.mx\/index.php\/wp-json\/wp\/v2\/types\/page"}],"author":[{"embeddable":true,"href":"https:\/\/uttijuana.edu.mx\/index.php\/wp-json\/wp\/v2\/users\/2"}],"replies":[{"embeddable":true,"href":"https:\/\/uttijuana.edu.mx\/index.php\/wp-json\/wp\/v2\/comments?post=558"}],"version-history":[{"count":37,"href":"https:\/\/uttijuana.edu.mx\/index.php\/wp-json\/wp\/v2\/pages\/558\/revisions"}],"predecessor-version":[{"id":18416,"href":"https:\/\/uttijuana.edu.mx\/index.php\/wp-json\/wp\/v2\/pages\/558\/revisions\/18416"}],"wp:attachment":[{"href":"https:\/\/uttijuana.edu.mx\/index.php\/wp-json\/wp\/v2\/media?parent=558"}],"curies":[{"name":"wp","href":"https:\/\/api.w.org\/{rel}","templated":true}]}}