{"id":606,"date":"2021-10-17T06:43:30","date_gmt":"2021-10-17T06:43:30","guid":{"rendered":"http:\/\/173.248.150.48:8081\/wordpress\/?page_id=606"},"modified":"2023-12-01T22:32:20","modified_gmt":"2023-12-01T22:32:20","slug":"becas","status":"publish","type":"page","link":"https:\/\/uttijuana.edu.mx\/index.php\/becas\/","title":{"rendered":"Becas"},"content":{"rendered":"\t\t<div data-elementor-type=\"wp-page\" data-elementor-id=\"606\" class=\"elementor elementor-606\" data-elementor-post-type=\"page\">\n\t\t\t\t\t\t<section class=\"elementor-section elementor-top-section elementor-element elementor-element-b0ed30e elementor-section-boxed elementor-section-height-default elementor-section-height-default wpr-particle-no wpr-jarallax-no wpr-parallax-no wpr-sticky-section-no\" data-id=\"b0ed30e\" data-element_type=\"section\">\n\t\t\t\t\t\t<div class=\"elementor-container elementor-column-gap-default\">\n\t\t\t\t\t<div class=\"elementor-column elementor-col-100 elementor-top-column elementor-element elementor-element-5de7797\" data-id=\"5de7797\" data-element_type=\"column\">\n\t\t\t<div class=\"elementor-widget-wrap elementor-element-populated\">\n\t\t\t\t\t\t<div class=\"elementor-element elementor-element-ba9dbaa elementor-widget elementor-widget-heading\" data-id=\"ba9dbaa\" data-element_type=\"widget\" data-widget_type=\"heading.default\">\n\t\t\t\t<div class=\"elementor-widget-container\">\n\t\t\t\t\t<h2 class=\"elementor-heading-title elementor-size-default\">BECAS<\/h2>\t\t\t\t<\/div>\n\t\t\t\t<\/div>\n\t\t\t\t\t<\/div>\n\t\t<\/div>\n\t\t\t\t\t<\/div>\n\t\t<\/section>\n\t\t\t\t<section class=\"elementor-section elementor-top-section elementor-element elementor-element-2f19f4d elementor-section-boxed elementor-section-height-default elementor-section-height-default wpr-particle-no wpr-jarallax-no wpr-parallax-no wpr-sticky-section-no\" data-id=\"2f19f4d\" data-element_type=\"section\">\n\t\t\t\t\t\t<div class=\"elementor-container elementor-column-gap-default\">\n\t\t\t\t\t<div class=\"elementor-column elementor-col-100 elementor-top-column elementor-element elementor-element-00d4420\" data-id=\"00d4420\" data-element_type=\"column\">\n\t\t\t<div class=\"elementor-widget-wrap elementor-element-populated\">\n\t\t\t\t\t\t<div class=\"elementor-element elementor-element-f430480 elementor-widget elementor-widget-heading\" data-id=\"f430480\" data-element_type=\"widget\" data-widget_type=\"heading.default\">\n\t\t\t\t<div class=\"elementor-widget-container\">\n\t\t\t\t\t<h3 class=\"elementor-heading-title elementor-size-default\">La Universidad Tecnol\u00f3gica de Tijuana, en apego a nuestra Misi\u00f3n y Visi\u00f3n, buscando siempre el beneficio de nuestros alumnos, contamos con un sistema de becas internas, apoyos de diversas instancias gubernamentales, as\u00ed como de la iniciativa privada, raz\u00f3n por la cual en UTT somos una opci\u00f3n educativa con altos est\u00e1ndares de calidad al alcance de todos los j\u00f3venes emprendedores en busca de un lugar para consolidarse como profesionales que resuelven la problem\u00e1tica de la regi\u00f3n.<\/h3>\t\t\t\t<\/div>\n\t\t\t\t<\/div>\n\t\t\t\t<div class=\"elementor-element elementor-element-4da2c45 elementor-widget elementor-widget-heading\" data-id=\"4da2c45\" data-element_type=\"widget\" data-widget_type=\"heading.default\">\n\t\t\t\t<div class=\"elementor-widget-container\">\n\t\t\t\t\t<h4 class=\"elementor-heading-title elementor-size-default\">Acude a Servicios Estudiantiles para m\u00e1s informaci\u00f3n referente a los programas de becas activos.\n<br>\nTe recomendamos ingresar al portal del SUBES, para realizar el registro de tu perfil para programas a nivel Federal.\n<\/h4>\t\t\t\t<\/div>\n\t\t\t\t<\/div>\n\t\t\t\t\t<\/div>\n\t\t<\/div>\n\t\t\t\t\t<\/div>\n\t\t<\/section>\n\t\t\t\t<section class=\"elementor-section elementor-top-section elementor-element elementor-element-f917bde elementor-section-boxed elementor-section-height-default elementor-section-height-default wpr-particle-no wpr-jarallax-no wpr-parallax-no wpr-sticky-section-no\" data-id=\"f917bde\" data-element_type=\"section\">\n\t\t\t\t\t\t<div class=\"elementor-container elementor-column-gap-default\">\n\t\t\t\t\t<div class=\"elementor-column elementor-col-100 elementor-top-column elementor-element elementor-element-f405f1c\" data-id=\"f405f1c\" data-element_type=\"column\">\n\t\t\t<div class=\"elementor-widget-wrap elementor-element-populated\">\n\t\t\t\t\t\t<div class=\"elementor-element elementor-element-c7b578c elementor-widget elementor-widget-heading\" data-id=\"c7b578c\" data-element_type=\"widget\" data-widget_type=\"heading.default\">\n\t\t\t\t<div class=\"elementor-widget-container\">\n\t\t\t\t\t<h4 class=\"elementor-heading-title elementor-size-default\">Beca federal para apoyo a la manutenci\u00f3n <BR>\nJ\u00f3venes escribiendo el futuro - septiembre 2021<BR>\nBeca para iniciar la titulaci\u00f3n <BR>\nBeca por haber concluido la titulaci\u00f3n<BR>\nBecas Santander<BR>\nIMJUV<BR>\nExenci\u00f3n de pago por discapacidad<BR>\nExenci\u00f3n de pago de familiares de colaboradores<BR>\nExenci\u00f3n de pago por vulnerabilidad econ\u00f3mica<BR>\nExenci\u00f3n de pago para culturales y deportivos \n<\/h4>\t\t\t\t<\/div>\n\t\t\t\t<\/div>\n\t\t\t\t<div class=\"elementor-element elementor-element-48c5524 elementor-widget elementor-widget-heading\" data-id=\"48c5524\" data-element_type=\"widget\" data-widget_type=\"heading.default\">\n\t\t\t\t<div class=\"elementor-widget-container\">\n\t\t\t\t\t<h2 class=\"elementor-heading-title elementor-size-default\">REGISTRO AL SISTEMA \u00daNICO DE BENEFICIARIOS DE EDUCACI\u00d3N SUPERIOR (SUBES)<\/h2>\t\t\t\t<\/div>\n\t\t\t\t<\/div>\n\t\t\t\t<div class=\"elementor-element elementor-element-9f8f346 elementor-widget elementor-widget-text-editor\" data-id=\"9f8f346\" data-element_type=\"widget\" data-widget_type=\"text-editor.default\">\n\t\t\t\t<div class=\"elementor-widget-container\">\n\t\t\t\t\t\t\t\t\t<p><a href=\"http:\/\/subes.becasbenitojuarez.gob.mx\/registro\/\" target=\"_blank\" rel=\"noopener\">http:\/\/subes.becasbenitojuarez.gob.mx\/registro\/&nbsp;<\/a><\/p>\t\t\t\t\t\t\t\t<\/div>\n\t\t\t\t<\/div>\n\t\t\t\t<div class=\"elementor-element elementor-element-7cc679c elementor-widget elementor-widget-text-editor\" data-id=\"7cc679c\" data-element_type=\"widget\" data-widget_type=\"text-editor.default\">\n\t\t\t\t<div class=\"elementor-widget-container\">\n\t\t\t\t\t\t\t\t\t<ul><li>Crear perfil en plataforma en SUBES.<\/li><li>Actualizar informaci\u00f3n de perfil cada cuatrimestre.<\/li><li>Las convocatorias que est\u00e9n abiertas, aparecer\u00e1n en tu perfil, siempre y cuando te encuentres como alumno regular de nuestra instituci\u00f3n.<\/li><li>Postulaci\u00f3n y seguimiento<\/li><\/ul>\t\t\t\t\t\t\t\t<\/div>\n\t\t\t\t<\/div>\n\t\t\t\t<div class=\"elementor-element elementor-element-c50f09c elementor-widget elementor-widget-spacer\" data-id=\"c50f09c\" data-element_type=\"widget\" data-widget_type=\"spacer.default\">\n\t\t\t\t<div class=\"elementor-widget-container\">\n\t\t\t\t\t\t\t<div class=\"elementor-spacer\">\n\t\t\t<div class=\"elementor-spacer-inner\"><\/div>\n\t\t<\/div>\n\t\t\t\t\t\t<\/div>\n\t\t\t\t<\/div>\n\t\t\t\t<div class=\"elementor-element elementor-element-3db5c56 elementor-widget elementor-widget-heading\" data-id=\"3db5c56\" data-element_type=\"widget\" data-widget_type=\"heading.default\">\n\t\t\t\t<div class=\"elementor-widget-container\">\n\t\t\t\t\t<h2 class=\"elementor-heading-title elementor-size-default\">OTRAS BECAS <\/h2>\t\t\t\t<\/div>\n\t\t\t\t<\/div>\n\t\t\t\t<div class=\"elementor-element elementor-element-49bb537 elementor-widget elementor-widget-heading\" data-id=\"49bb537\" data-element_type=\"widget\" data-widget_type=\"heading.default\">\n\t\t\t\t<div class=\"elementor-widget-container\">\n\t\t\t\t\t<h2 class=\"elementor-heading-title elementor-size-default\">CONVOCATORIA DE BECAS MEXT 2023 A JAP\u00d3N<\/h2>\t\t\t\t<\/div>\n\t\t\t\t<\/div>\n\t\t\t\t<div class=\"elementor-element elementor-element-2652d43 elementor-widget elementor-widget-spacer\" data-id=\"2652d43\" data-element_type=\"widget\" data-widget_type=\"spacer.default\">\n\t\t\t\t<div class=\"elementor-widget-container\">\n\t\t\t\t\t\t\t<div class=\"elementor-spacer\">\n\t\t\t<div class=\"elementor-spacer-inner\"><\/div>\n\t\t<\/div>\n\t\t\t\t\t\t<\/div>\n\t\t\t\t<\/div>\n\t\t\t\t<div class=\"elementor-element elementor-element-3960250 elementor-widget elementor-widget-heading\" data-id=\"3960250\" data-element_type=\"widget\" data-widget_type=\"heading.default\">\n\t\t\t\t<div class=\"elementor-widget-container\">\n\t\t\t\t\t<h5 class=\"elementor-heading-title elementor-size-default\">Les informamos que se ha abierto la convocatoria de #Becas que el Ministerio de Educaci\u00f3n, Cultura, Deporte, Ciencia y Tecnolog\u00eda del Jap\u00f3n (Monbukagakusho) ofrece a trav\u00e9s de la Embajada del Jap\u00f3n en M\u00e9xico.<\/h5>\t\t\t\t<\/div>\n\t\t\t\t<\/div>\n\t\t\t\t<div class=\"elementor-element elementor-element-e0a0231 elementor-widget elementor-widget-spacer\" data-id=\"e0a0231\" data-element_type=\"widget\" data-widget_type=\"spacer.default\">\n\t\t\t\t<div class=\"elementor-widget-container\">\n\t\t\t\t\t\t\t<div class=\"elementor-spacer\">\n\t\t\t<div class=\"elementor-spacer-inner\"><\/div>\n\t\t<\/div>\n\t\t\t\t\t\t<\/div>\n\t\t\t\t<\/div>\n\t\t\t\t\t<\/div>\n\t\t<\/div>\n\t\t\t\t\t<\/div>\n\t\t<\/section>\n\t\t\t\t<section class=\"elementor-section elementor-top-section elementor-element elementor-element-d70cbd0 elementor-section-boxed elementor-section-height-default elementor-section-height-default wpr-particle-no wpr-jarallax-no wpr-parallax-no wpr-sticky-section-no\" data-id=\"d70cbd0\" data-element_type=\"section\">\n\t\t\t\t\t\t<div class=\"elementor-container elementor-column-gap-default\">\n\t\t\t\t\t<div class=\"elementor-column elementor-col-100 elementor-top-column elementor-element elementor-element-ffc7e8b\" data-id=\"ffc7e8b\" data-element_type=\"column\">\n\t\t\t<div class=\"elementor-widget-wrap elementor-element-populated\">\n\t\t\t\t\t\t<div class=\"elementor-element elementor-element-1f0d006 elementor-widget-divider--view-line elementor-widget elementor-widget-divider\" data-id=\"1f0d006\" data-element_type=\"widget\" data-widget_type=\"divider.default\">\n\t\t\t\t<div class=\"elementor-widget-container\">\n\t\t\t\t\t\t\t<div class=\"elementor-divider\">\n\t\t\t<span class=\"elementor-divider-separator\">\n\t\t\t\t\t\t<\/span>\n\t\t<\/div>\n\t\t\t\t\t\t<\/div>\n\t\t\t\t<\/div>\n\t\t\t\t<div class=\"elementor-element elementor-element-f402b02 elementor-view-framed elementor-shape-circle elementor-position-top elementor-mobile-position-top elementor-widget elementor-widget-icon-box\" data-id=\"f402b02\" data-element_type=\"widget\" data-widget_type=\"icon-box.default\">\n\t\t\t\t<div class=\"elementor-widget-container\">\n\t\t\t\t\t\t\t<div class=\"elementor-icon-box-wrapper\">\n\n\t\t\t\t\t\t<div class=\"elementor-icon-box-icon\">\n\t\t\t\t<span  class=\"elementor-icon\">\n\t\t\t\t<i aria-hidden=\"true\" class=\"fas fa-angle-double-down\"><\/i>\t\t\t\t<\/span>\n\t\t\t<\/div>\n\t\t\t\n\t\t\t\t\t\t<div class=\"elementor-icon-box-content\">\n\n\t\t\t\t\t\t\t\t\t<h3 class=\"elementor-icon-box-title\">\n\t\t\t\t\t\t<span  >\n\t\t\t\t\t\t\tMAYORES INFORMES DIRECCION DE EXTENSION UNIVERSITARIO\t\t\t\t\t\t<\/span>\n\t\t\t\t\t<\/h3>\n\t\t\t\t\n\t\t\t\t\t\t\t\t\t<p class=\"elementor-icon-box-description\">\n\t\t\t\t\t\tDEPARTAMENTO DE SERVICIOS ESTUDIANTILES<br>\n\n(664) 969 4700 ext. 84948 Y 84834 <br>\n\n<b>servicios.estudiantiles@uttijuana.edu.mx<\/b>\n\t\t\t\t\t<\/p>\n\t\t\t\t\n\t\t\t<\/div>\n\t\t\t\n\t\t<\/div>\n\t\t\t\t\t\t<\/div>\n\t\t\t\t<\/div>\n\t\t\t\t<div class=\"elementor-element elementor-element-073905d elementor-widget elementor-widget-spacer\" data-id=\"073905d\" data-element_type=\"widget\" data-widget_type=\"spacer.default\">\n\t\t\t\t<div class=\"elementor-widget-container\">\n\t\t\t\t\t\t\t<div class=\"elementor-spacer\">\n\t\t\t<div class=\"elementor-spacer-inner\"><\/div>\n\t\t<\/div>\n\t\t\t\t\t\t<\/div>\n\t\t\t\t<\/div>\n\t\t\t\t\t<\/div>\n\t\t<\/div>\n\t\t\t\t\t<\/div>\n\t\t<\/section>\n\t\t\t\t<\/div>\n\t\t","protected":false},"excerpt":{"rendered":"<p>BECAS La Universidad Tecnol\u00f3gica de Tijuana, en apego a nuestra Misi\u00f3n y Visi\u00f3n, buscando siempre el beneficio de nuestros alumnos, contamos con un sistema de becas internas, apoyos de diversas instancias gubernamentales, as\u00ed como de la iniciativa privada, raz\u00f3n por la cual en UTT somos una opci\u00f3n educativa con altos est\u00e1ndares de calidad al alcance de todos los j\u00f3venes emprendedores en busca de un lugar para consolidarse como profesionales que resuelven la problem\u00e1tica de la regi\u00f3n. Acude a Servicios Estudiantiles para m\u00e1s informaci\u00f3n referente a los programas de becas activos. Te recomendamos ingresar al portal del SUBES, para realizar el registro de tu perfil para programas a nivel Federal. Beca federal para apoyo a la manutenci\u00f3n J\u00f3venes escribiendo el futuro &#8211; septiembre 2021 Beca para iniciar la titulaci\u00f3n Beca por haber concluido la titulaci\u00f3n Becas Santander IMJUV Exenci\u00f3n de pago por discapacidad Exenci\u00f3n de pago de familiares de colaboradores Exenci\u00f3n de pago por vulnerabilidad econ\u00f3mica Exenci\u00f3n de pago para culturales y deportivos REGISTRO AL SISTEMA \u00daNICO DE BENEFICIARIOS DE EDUCACI\u00d3N SUPERIOR (SUBES) http:\/\/subes.becasbenitojuarez.gob.mx\/registro\/&nbsp; Crear perfil en plataforma en SUBES. Actualizar informaci\u00f3n de perfil cada cuatrimestre. Las convocatorias que est\u00e9n abiertas, aparecer\u00e1n en tu perfil, siempre y cuando te encuentres como alumno regular de nuestra instituci\u00f3n. Postulaci\u00f3n y seguimiento OTRAS BECAS CONVOCATORIA DE BECAS MEXT 2023 A JAP\u00d3N Les informamos que se ha abierto la convocatoria de #Becas que el Ministerio de Educaci\u00f3n, Cultura, Deporte, Ciencia y Tecnolog\u00eda del Jap\u00f3n (Monbukagakusho) ofrece a trav\u00e9s de la Embajada del Jap\u00f3n en M\u00e9xico. MAYORES INFORMES DIRECCION DE EXTENSION UNIVERSITARIO DEPARTAMENTO DE SERVICIOS ESTUDIANTILES (664) 969 4700 ext. 84948 Y 84834 servicios.estudiantiles@uttijuana.edu.mx<\/p>\n","protected":false},"author":2,"featured_media":0,"parent":0,"menu_order":0,"comment_status":"closed","ping_status":"closed","template":"","meta":{"_monsterinsights_skip_tracking":false,"_monsterinsights_sitenote_active":false,"_monsterinsights_sitenote_note":"","_monsterinsights_sitenote_category":0,"_uf_show_specific_survey":0,"_uf_disable_surveys":false,"site-sidebar-layout":"no-sidebar","site-content-layout":"page-builder","ast-site-content-layout":"default","site-content-style":"default","site-sidebar-style":"default","ast-global-header-display":"","ast-banner-title-visibility":"","ast-main-header-display":"","ast-hfb-above-header-display":"","ast-hfb-below-header-display":"","ast-hfb-mobile-header-display":"","site-post-title":"disabled","ast-breadcrumbs-content":"","ast-featured-img":"disabled","footer-sml-layout":"","ast-disable-related-posts":"","theme-transparent-header-meta":"default","adv-header-id-meta":"","stick-header-meta":"","header-above-stick-meta":"","header-main-stick-meta":"","header-below-stick-meta":"","astra-migrate-meta-layouts":"default","ast-page-background-enabled":"default","ast-page-background-meta":{"desktop":{"background-color":"","background-image":"","background-repeat":"repeat","background-position":"center center","background-size":"auto","background-attachment":"scroll","background-type":"","background-media":"","overlay-type":"","overlay-color":"","overlay-opacity":"","overlay-gradient":""},"tablet":{"background-color":"","background-image":"","background-repeat":"repeat","background-position":"center center","background-size":"auto","background-attachment":"scroll","background-type":"","background-media":"","overlay-type":"","overlay-color":"","overlay-opacity":"","overlay-gradient":""},"mobile":{"background-color":"","background-image":"","background-repeat":"repeat","background-position":"center center","background-size":"auto","background-attachment":"scroll","background-type":"","background-media":"","overlay-type":"","overlay-color":"","overlay-opacity":"","overlay-gradient":""}},"ast-content-background-meta":{"desktop":{"background-color":"var(--ast-global-color-5)","background-image":"","background-repeat":"repeat","background-position":"center center","background-size":"auto","background-attachment":"scroll","background-type":"","background-media":"","overlay-type":"","overlay-color":"","overlay-opacity":"","overlay-gradient":""},"tablet":{"background-color":"var(--ast-global-color-5)","background-image":"","background-repeat":"repeat","background-position":"center center","background-size":"auto","background-attachment":"scroll","background-type":"","background-media":"","overlay-type":"","overlay-color":"","overlay-opacity":"","overlay-gradient":""},"mobile":{"background-color":"var(--ast-global-color-5)","background-image":"","background-repeat":"repeat","background-position":"center center","background-size":"auto","background-attachment":"scroll","background-type":"","background-media":"","overlay-type":"","overlay-color":"","overlay-opacity":"","overlay-gradient":""}},"footnotes":""},"class_list":["post-606","page","type-page","status-publish","hentry"],"_links":{"self":[{"href":"https:\/\/uttijuana.edu.mx\/index.php\/wp-json\/wp\/v2\/pages\/606","targetHints":{"allow":["GET"]}}],"collection":[{"href":"https:\/\/uttijuana.edu.mx\/index.php\/wp-json\/wp\/v2\/pages"}],"about":[{"href":"https:\/\/uttijuana.edu.mx\/index.php\/wp-json\/wp\/v2\/types\/page"}],"author":[{"embeddable":true,"href":"https:\/\/uttijuana.edu.mx\/index.php\/wp-json\/wp\/v2\/users\/2"}],"replies":[{"embeddable":true,"href":"https:\/\/uttijuana.edu.mx\/index.php\/wp-json\/wp\/v2\/comments?post=606"}],"version-history":[{"count":70,"href":"https:\/\/uttijuana.edu.mx\/index.php\/wp-json\/wp\/v2\/pages\/606\/revisions"}],"predecessor-version":[{"id":13320,"href":"https:\/\/uttijuana.edu.mx\/index.php\/wp-json\/wp\/v2\/pages\/606\/revisions\/13320"}],"wp:attachment":[{"href":"https:\/\/uttijuana.edu.mx\/index.php\/wp-json\/wp\/v2\/media?parent=606"}],"curies":[{"name":"wp","href":"https:\/\/api.w.org\/{rel}","templated":true}]}}