{"id":7119,"date":"2022-02-17T07:20:14","date_gmt":"2022-02-17T07:20:14","guid":{"rendered":"https:\/\/uttijuana.edu.mx\/?page_id=7119"},"modified":"2025-03-07T01:01:37","modified_gmt":"2025-03-07T01:01:37","slug":"seguro-de-accidentes","status":"publish","type":"page","link":"https:\/\/uttijuana.edu.mx\/index.php\/seguro-de-accidentes\/","title":{"rendered":"Seguro de Accidentes"},"content":{"rendered":"\t\t<div data-elementor-type=\"wp-page\" data-elementor-id=\"7119\" class=\"elementor elementor-7119\" data-elementor-post-type=\"page\">\n\t\t\t\t\t\t<section class=\"elementor-section elementor-top-section elementor-element elementor-element-3d047e3 elementor-section-full_width elementor-section-height-default elementor-section-height-default wpr-particle-no wpr-jarallax-no wpr-parallax-no wpr-sticky-section-no\" data-id=\"3d047e3\" data-element_type=\"section\">\n\t\t\t\t\t\t<div class=\"elementor-container elementor-column-gap-default\">\n\t\t\t\t\t<div class=\"elementor-column elementor-col-100 elementor-top-column elementor-element elementor-element-5148a04\" data-id=\"5148a04\" data-element_type=\"column\">\n\t\t\t<div class=\"elementor-widget-wrap elementor-element-populated\">\n\t\t\t\t\t\t<div class=\"elementor-element elementor-element-50f1914 elementor-widget elementor-widget-image\" data-id=\"50f1914\" data-element_type=\"widget\" data-widget_type=\"image.default\">\n\t\t\t\t<div class=\"elementor-widget-container\">\n\t\t\t\t\t\t\t\t\t\t\t\t\t\t\t<img fetchpriority=\"high\" decoding=\"async\" width=\"768\" height=\"1186\" src=\"https:\/\/uttijuana.edu.mx\/wp-content\/uploads\/2025\/03\/SEGURO-ACCIDENTES-2025-POSTER-768x1186.jpg\" class=\"attachment-medium_large size-medium_large wp-image-16577\" alt=\"\" srcset=\"https:\/\/uttijuana.edu.mx\/wp-content\/uploads\/2025\/03\/SEGURO-ACCIDENTES-2025-POSTER-768x1186.jpg 768w, https:\/\/uttijuana.edu.mx\/wp-content\/uploads\/2025\/03\/SEGURO-ACCIDENTES-2025-POSTER-194x300.jpg 194w, https:\/\/uttijuana.edu.mx\/wp-content\/uploads\/2025\/03\/SEGURO-ACCIDENTES-2025-POSTER-663x1024.jpg 663w, https:\/\/uttijuana.edu.mx\/wp-content\/uploads\/2025\/03\/SEGURO-ACCIDENTES-2025-POSTER-994x1536.jpg 994w, https:\/\/uttijuana.edu.mx\/wp-content\/uploads\/2025\/03\/SEGURO-ACCIDENTES-2025-POSTER-1326x2048.jpg 1326w, https:\/\/uttijuana.edu.mx\/wp-content\/uploads\/2025\/03\/SEGURO-ACCIDENTES-2025-POSTER-scaled.jpg 1657w\" sizes=\"(max-width: 768px) 100vw, 768px\" \/>\t\t\t\t\t\t\t\t\t\t\t\t\t\t\t<\/div>\n\t\t\t\t<\/div>\n\t\t\t\t\t<\/div>\n\t\t<\/div>\n\t\t\t\t\t<\/div>\n\t\t<\/section>\n\t\t\t\t<section class=\"elementor-section elementor-top-section elementor-element elementor-element-5cf1d5b elementor-section-full_width elementor-section-stretched elementor-section-height-default elementor-section-height-default wpr-particle-no wpr-jarallax-no wpr-parallax-no wpr-sticky-section-no\" data-id=\"5cf1d5b\" data-element_type=\"section\" data-settings=\"{&quot;stretch_section&quot;:&quot;section-stretched&quot;}\">\n\t\t\t\t\t\t<div class=\"elementor-container elementor-column-gap-default\">\n\t\t\t\t\t<div class=\"elementor-column elementor-col-100 elementor-top-column elementor-element elementor-element-e7ed055\" data-id=\"e7ed055\" data-element_type=\"column\">\n\t\t\t<div class=\"elementor-widget-wrap elementor-element-populated\">\n\t\t\t\t\t\t<div class=\"elementor-element elementor-element-3472295 elementor-widget elementor-widget-heading\" data-id=\"3472295\" data-element_type=\"widget\" data-widget_type=\"heading.default\">\n\t\t\t\t<div class=\"elementor-widget-container\">\n\t\t\t\t\t<h3 class=\"elementor-heading-title elementor-size-default\"><b>Nota:<\/b> Tambi\u00e9n se puede acudir a cualquier hospital de la entidad, mediante reembolso de gastos<\/h3>\t\t\t\t<\/div>\n\t\t\t\t<\/div>\n\t\t\t\t<div class=\"elementor-element elementor-element-b2090ac elementor-widget-divider--view-line elementor-widget elementor-widget-divider\" data-id=\"b2090ac\" data-element_type=\"widget\" data-widget_type=\"divider.default\">\n\t\t\t\t<div class=\"elementor-widget-container\">\n\t\t\t\t\t\t\t<div class=\"elementor-divider\">\n\t\t\t<span class=\"elementor-divider-separator\">\n\t\t\t\t\t\t<\/span>\n\t\t<\/div>\n\t\t\t\t\t\t<\/div>\n\t\t\t\t<\/div>\n\t\t\t\t<div class=\"elementor-element elementor-element-48a7199 elementor-widget elementor-widget-text-editor\" data-id=\"48a7199\" data-element_type=\"widget\" data-widget_type=\"text-editor.default\">\n\t\t\t\t<div class=\"elementor-widget-container\">\n\t\t\t\t\t\t\t\t\t<table width=\"1157\"><tbody><tr><td width=\"346\"><h3 style=\"text-align: center;\"><strong><span style=\"color: #800000;\">Proveedor<\/span><\/strong><\/h3><\/td><td style=\"text-align: center;\" width=\"158\"><h3><strong><span style=\"color: #800000;\">Estado<\/span><\/strong><\/h3><\/td><td style=\"text-align: center;\" width=\"133\"><h3><strong><span style=\"color: #800000;\">Ciudad \/ Delegaci\u00f3n<\/span><\/strong><\/h3><\/td><td style=\"text-align: center;\" width=\"242\"><h3><strong><span style=\"color: #800000;\">Calle y N\u00famero<\/span><\/strong><\/h3><\/td><td width=\"278\"><h3 style=\"text-align: center;\"><strong><span style=\"color: #800000;\">Colonia, CP<\/span><\/strong><\/h3><\/td><\/tr><tr><td>HOSPITAL ALMATER<\/td><td>BAJA CALIFORNIA NORTE<\/td><td>MEXICALI<\/td><td>FCO I MADERO 1043<\/td><td>NUEVA MEXICALI<\/td><\/tr><tr><td>HOSPITAL HISPANO AMERICANO<\/td><td>BAJA CALIFORNIA NORTE<\/td><td>MEXICALI<\/td><td>AV. REFORMA 1000<\/td><td>SEGUNDA SECCI\u00d3N<\/td><\/tr><tr><td>CL\u00cdNICA DE ORTOPEDIA\u00a0 ( PX LEVE-MODERADO )<\/td><td>BAJA CALIFORNIA NORTE<\/td><td>ENSENADA<\/td><td>S\u00c9PTIMA Y OBREG\u00d3N No.229<\/td><td>CENTRO\u00a0<\/td><\/tr><tr><td>SANATORIO DEL CARMEN DE ENSENADA ( PX HOSPITALIZADOS )<\/td><td>BAJA CALIFORNIA NORTE<\/td><td>ENSENADA<\/td><td>AV. OBREG\u00d3N Y 11<\/td><td>CENTRO<\/td><\/tr><tr><td>HOSPITAL HISPANO AMERICANO CARRANZA<\/td><td>BAJA CALIFORNIA NORTE<\/td><td>MEXICALI<\/td><td>BLVD. VENUSTIANO CARRANZA No. 1471<\/td><td>DIEZ DIVISI\u00d3N DOS<\/td><\/tr><tr><td>HOSPITAL DE LA FAMILIA<\/td><td>BAJA CALIFORNIA NORTE<\/td><td>MEXICALI<\/td><td>CIRCUITO BRASIL 82<\/td><td>P.I., EL \u00c1LAMO<\/td><\/tr><tr><td>HOSPITAL ALMATER<\/td><td>BAJA CALIFORNIA NORTE<\/td><td>MEXICALI<\/td><td>FCO I MADERO 1043<\/td><td>NUEVA MEXICALI<\/td><\/tr><tr><td>CL\u00cdNICA INTERNACIONAL<\/td><td>BAJA CALIFORNIA NORTE<\/td><td>MEXICALI<\/td><td>CALLE MICHOAC\u00c1N No. 1870<\/td><td>PUEBLO NUEVO, C.P.21120<\/td><\/tr><tr><td>CL\u00cdNICA ARCE QUI\u00d1ONES<\/td><td>BAJA CALIFORNIA NORTE<\/td><td>MEXICALI<\/td><td>CALLE 4TA X CALLEJON<\/td><td>R\u00cdO TAMAZULA, C.P. 21396<\/td><\/tr><tr><td>POLICL\u00cdNICA MADERO<\/td><td>BAJA CALIFORNIA NORTE<\/td><td>MEXICALI<\/td><td>AV FCO. I. MADERO No. 683<\/td><td>1ER SECCI\u00d3N, C.P.21100<\/td><\/tr><tr><td>HOSPITAL SAN CARLOS<\/td><td>BAJA CALIFORNIA NORTE<\/td><td>MEXICALI<\/td><td>C. BOSQUE ZARZAL 797<\/td><td>HACIENDA DEL BOSQUE, C.P.21355<\/td><\/tr><tr><td>CENTRO M\u00c9DICO EXCEL\u00a0<\/td><td>BAJA CALIFORNIA NORTE<\/td><td>TIJUANA<\/td><td>PASEO DE LOS H\u00c9ROES\u00a0 2507<\/td><td>ZONA URBANA R\u00cdO TIJUANA, C.P. 22010<\/td><\/tr><tr><td>CL\u00cdNICA ROBSAN SC<\/td><td>BAJA CALIFORNIA NORTE<\/td><td>TIJUANA<\/td><td>GRANADA 9834<\/td><td>EL FLORIDO 1RA Y 2DA SECCI\u00d3N, C.P. 22237<\/td><\/tr><tr><td>ST. JOSEPH TIJUANA<\/td><td>BAJA CALIFORNIA NORTE<\/td><td>TIJUANA<\/td><td>JOS\u00c9 VASCONCELOS 10950-2<\/td><td>ZONA URBANA R\u00cdO TIJUANA, C.P. 22010<\/td><\/tr><tr><td>HOSPITAL ARC\u00c1NGELES<\/td><td>BAJA CALIFORNIA NORTE<\/td><td>TIJUANA<\/td><td>AV. GUADALAJARA No. 6908<\/td><td>COL. GUANAJUATO, C.P. 22116<\/td><\/tr><tr><td>HOSPITAL NOVA<\/td><td>BAJA CALIFORNIA NORTE<\/td><td>TIJUANA<\/td><td>AV GUADALUPE VICTORIA NO.9308<\/td><td>ZONA URBANA R\u00cdO TIJUANA, C.P. 22010<\/td><\/tr><\/tbody><\/table>\t\t\t\t\t\t\t\t<\/div>\n\t\t\t\t<\/div>\n\t\t\t\t\t<\/div>\n\t\t<\/div>\n\t\t\t\t\t<\/div>\n\t\t<\/section>\n\t\t\t\t<\/div>\n\t\t","protected":false},"excerpt":{"rendered":"<p>Nota: Tambi\u00e9n se puede acudir a cualquier hospital de la entidad, mediante reembolso de gastos Proveedor Estado Ciudad \/ Delegaci\u00f3n Calle y N\u00famero Colonia, CP HOSPITAL ALMATER BAJA CALIFORNIA NORTE MEXICALI FCO I MADERO 1043 NUEVA MEXICALI HOSPITAL HISPANO AMERICANO BAJA CALIFORNIA NORTE MEXICALI AV. REFORMA 1000 SEGUNDA SECCI\u00d3N CL\u00cdNICA DE ORTOPEDIA\u00a0 ( PX LEVE-MODERADO ) BAJA CALIFORNIA NORTE ENSENADA S\u00c9PTIMA Y OBREG\u00d3N No.229 CENTRO\u00a0 SANATORIO DEL CARMEN DE ENSENADA ( PX HOSPITALIZADOS ) BAJA CALIFORNIA NORTE ENSENADA AV. OBREG\u00d3N Y 11 CENTRO HOSPITAL HISPANO AMERICANO CARRANZA BAJA CALIFORNIA NORTE MEXICALI BLVD. VENUSTIANO CARRANZA No. 1471 DIEZ DIVISI\u00d3N DOS HOSPITAL DE LA FAMILIA BAJA CALIFORNIA NORTE MEXICALI CIRCUITO BRASIL 82 P.I., EL \u00c1LAMO HOSPITAL ALMATER BAJA CALIFORNIA NORTE MEXICALI FCO I MADERO 1043 NUEVA MEXICALI CL\u00cdNICA INTERNACIONAL BAJA CALIFORNIA NORTE MEXICALI CALLE MICHOAC\u00c1N No. 1870 PUEBLO NUEVO, C.P.21120 CL\u00cdNICA ARCE QUI\u00d1ONES BAJA CALIFORNIA NORTE MEXICALI CALLE 4TA X CALLEJON R\u00cdO TAMAZULA, C.P. 21396 POLICL\u00cdNICA MADERO BAJA CALIFORNIA NORTE MEXICALI AV FCO. I. MADERO No. 683 1ER SECCI\u00d3N, C.P.21100 HOSPITAL SAN CARLOS BAJA CALIFORNIA NORTE MEXICALI C. BOSQUE ZARZAL 797 HACIENDA DEL BOSQUE, C.P.21355 CENTRO M\u00c9DICO EXCEL\u00a0 BAJA CALIFORNIA NORTE TIJUANA PASEO DE LOS H\u00c9ROES\u00a0 2507 ZONA URBANA R\u00cdO TIJUANA, C.P. 22010 CL\u00cdNICA ROBSAN SC BAJA CALIFORNIA NORTE TIJUANA GRANADA 9834 EL FLORIDO 1RA Y 2DA SECCI\u00d3N, C.P. 22237 ST. JOSEPH TIJUANA BAJA CALIFORNIA NORTE TIJUANA JOS\u00c9 VASCONCELOS 10950-2 ZONA URBANA R\u00cdO TIJUANA, C.P. 22010 HOSPITAL ARC\u00c1NGELES BAJA CALIFORNIA NORTE TIJUANA AV. GUADALAJARA No. 6908 COL. GUANAJUATO, C.P. 22116 HOSPITAL NOVA BAJA CALIFORNIA NORTE TIJUANA AV GUADALUPE VICTORIA NO.9308 ZONA URBANA R\u00cdO TIJUANA, C.P. 22010<\/p>\n","protected":false},"author":2,"featured_media":0,"parent":0,"menu_order":0,"comment_status":"closed","ping_status":"closed","template":"","meta":{"_monsterinsights_skip_tracking":false,"_monsterinsights_sitenote_active":false,"_monsterinsights_sitenote_note":"","_monsterinsights_sitenote_category":0,"_uf_show_specific_survey":0,"_uf_disable_surveys":false,"site-sidebar-layout":"no-sidebar","site-content-layout":"page-builder","ast-site-content-layout":"default","site-content-style":"default","site-sidebar-style":"default","ast-global-header-display":"","ast-banner-title-visibility":"","ast-main-header-display":"","ast-hfb-above-header-display":"","ast-hfb-below-header-display":"","ast-hfb-mobile-header-display":"","site-post-title":"disabled","ast-breadcrumbs-content":"","ast-featured-img":"disabled","footer-sml-layout":"","ast-disable-related-posts":"","theme-transparent-header-meta":"","adv-header-id-meta":"","stick-header-meta":"","header-above-stick-meta":"","header-main-stick-meta":"","header-below-stick-meta":"","astra-migrate-meta-layouts":"default","ast-page-background-enabled":"default","ast-page-background-meta":{"desktop":{"background-color":"","background-image":"","background-repeat":"repeat","background-position":"center center","background-size":"auto","background-attachment":"scroll","background-type":"","background-media":"","overlay-type":"","overlay-color":"","overlay-opacity":"","overlay-gradient":""},"tablet":{"background-color":"","background-image":"","background-repeat":"repeat","background-position":"center center","background-size":"auto","background-attachment":"scroll","background-type":"","background-media":"","overlay-type":"","overlay-color":"","overlay-opacity":"","overlay-gradient":""},"mobile":{"background-color":"","background-image":"","background-repeat":"repeat","background-position":"center center","background-size":"auto","background-attachment":"scroll","background-type":"","background-media":"","overlay-type":"","overlay-color":"","overlay-opacity":"","overlay-gradient":""}},"ast-content-background-meta":{"desktop":{"background-color":"var(--ast-global-color-5)","background-image":"","background-repeat":"repeat","background-position":"center center","background-size":"auto","background-attachment":"scroll","background-type":"","background-media":"","overlay-type":"","overlay-color":"","overlay-opacity":"","overlay-gradient":""},"tablet":{"background-color":"var(--ast-global-color-5)","background-image":"","background-repeat":"repeat","background-position":"center center","background-size":"auto","background-attachment":"scroll","background-type":"","background-media":"","overlay-type":"","overlay-color":"","overlay-opacity":"","overlay-gradient":""},"mobile":{"background-color":"var(--ast-global-color-5)","background-image":"","background-repeat":"repeat","background-position":"center center","background-size":"auto","background-attachment":"scroll","background-type":"","background-media":"","overlay-type":"","overlay-color":"","overlay-opacity":"","overlay-gradient":""}},"footnotes":""},"class_list":["post-7119","page","type-page","status-publish","hentry"],"_links":{"self":[{"href":"https:\/\/uttijuana.edu.mx\/index.php\/wp-json\/wp\/v2\/pages\/7119","targetHints":{"allow":["GET"]}}],"collection":[{"href":"https:\/\/uttijuana.edu.mx\/index.php\/wp-json\/wp\/v2\/pages"}],"about":[{"href":"https:\/\/uttijuana.edu.mx\/index.php\/wp-json\/wp\/v2\/types\/page"}],"author":[{"embeddable":true,"href":"https:\/\/uttijuana.edu.mx\/index.php\/wp-json\/wp\/v2\/users\/2"}],"replies":[{"embeddable":true,"href":"https:\/\/uttijuana.edu.mx\/index.php\/wp-json\/wp\/v2\/comments?post=7119"}],"version-history":[{"count":109,"href":"https:\/\/uttijuana.edu.mx\/index.php\/wp-json\/wp\/v2\/pages\/7119\/revisions"}],"predecessor-version":[{"id":16580,"href":"https:\/\/uttijuana.edu.mx\/index.php\/wp-json\/wp\/v2\/pages\/7119\/revisions\/16580"}],"wp:attachment":[{"href":"https:\/\/uttijuana.edu.mx\/index.php\/wp-json\/wp\/v2\/media?parent=7119"}],"curies":[{"name":"wp","href":"https:\/\/api.w.org\/{rel}","templated":true}]}}