{"id":8900,"date":"2022-05-05T16:16:38","date_gmt":"2022-05-05T16:16:38","guid":{"rendered":"https:\/\/uttijuana.edu.mx\/?page_id=8900"},"modified":"2022-05-05T16:19:46","modified_gmt":"2022-05-05T16:19:46","slug":"destacan-alumnos-de-utt-en-torneo-de-robotica","status":"publish","type":"page","link":"https:\/\/uttijuana.edu.mx\/index.php\/destacan-alumnos-de-utt-en-torneo-de-robotica\/","title":{"rendered":"DESTACAN ALUMNOS DE UTT EN TORNEO DE ROB\u00d3TICA"},"content":{"rendered":"\t\t<div data-elementor-type=\"wp-page\" data-elementor-id=\"8900\" class=\"elementor elementor-8900\" data-elementor-post-type=\"page\">\n\t\t\t\t\t\t<section class=\"elementor-section elementor-top-section elementor-element elementor-element-fcbbc3a elementor-section-boxed elementor-section-height-default elementor-section-height-default wpr-particle-no wpr-jarallax-no wpr-parallax-no wpr-sticky-section-no\" data-id=\"fcbbc3a\" data-element_type=\"section\">\n\t\t\t\t\t\t<div class=\"elementor-container elementor-column-gap-default\">\n\t\t\t\t\t<div class=\"elementor-column elementor-col-100 elementor-top-column elementor-element elementor-element-4ef690b\" data-id=\"4ef690b\" data-element_type=\"column\">\n\t\t\t<div class=\"elementor-widget-wrap elementor-element-populated\">\n\t\t\t\t\t\t<div class=\"elementor-element elementor-element-8c4b6fb elementor-widget elementor-widget-heading\" data-id=\"8c4b6fb\" data-element_type=\"widget\" data-widget_type=\"heading.default\">\n\t\t\t\t<div class=\"elementor-widget-container\">\n\t\t\t\t\t<h2 class=\"elementor-heading-title elementor-size-default\">DESTACAN ALUMNOS DE UTT EN TORNEO DE ROB\u00d3TICA<\/h2>\t\t\t\t<\/div>\n\t\t\t\t<\/div>\n\t\t\t\t<div class=\"elementor-element elementor-element-93e87c3 elementor-widget elementor-widget-image\" data-id=\"93e87c3\" data-element_type=\"widget\" data-widget_type=\"image.default\">\n\t\t\t\t<div class=\"elementor-widget-container\">\n\t\t\t\t\t\t\t\t\t\t\t\t\t\t\t<img decoding=\"async\" data-src=\"https:\/\/uttijuana.edu.mx\/wp-content\/uploads\/2022\/05\/Robotica-Ensenada.jpeg\" title=\"\" alt=\"\" src=\"data:image\/gif;base64,R0lGODlhAQABAAAAACH5BAEKAAEALAAAAAABAAEAAAICTAEAOw==\" class=\"lazyload\" \/>\t\t\t\t\t\t\t\t\t\t\t\t\t\t\t<\/div>\n\t\t\t\t<\/div>\n\t\t\t\t<div class=\"elementor-element elementor-element-51798f7 elementor-widget elementor-widget-heading\" data-id=\"51798f7\" data-element_type=\"widget\" data-widget_type=\"heading.default\">\n\t\t\t\t<div class=\"elementor-widget-container\">\n\t\t\t\t\t<h5 class=\"elementor-heading-title elementor-size-default\"><b>\u2022\tLa competencia fue organizada por la UABC campus Ensenada<\/b><br>\n \nEnsenada, B.C., a 2 de mayo de 2022.- Alumnos de la Universidad Tecnol\u00f3gica de Tijuana (UTT) de la carrera de Ingenier\u00eda en Mecatr\u00f3nica destacaron en el Torneo de Rob\u00f3tica 2022, organizado por la Universidad Aut\u00f3noma de Baja California (UABC) campus Ensenada, en donde obtuvieron el segundo lugar en la categor\u00eda Seguidor de L\u00edneas.<br>\n \nCon el robot denominado \u201cGina\u201d, los alumnos Kassandra D\u00edaz Ram\u00edrez y Jorge Rangel Pulido pusieron a prueba la capacidad de su prototipo para seguir un trazo mediante la utilizaci\u00f3n de diferentes tipos de algoritmos de control, que de acuerdo a los jueces cumpli\u00f3 con los requerimientos establecidos.<br>\n \nCon la asesor\u00eda de la doctora Juana Mart\u00ednez Laguna, quien forma parte de la plantilla de docentes de la carrera Ingenier\u00eda en Mecatr\u00f3nica, los alumnos continuar\u00e1n con el desarrollo de su robot para llevarlo a un nivel m\u00e1s alto.<br>\n \nEl Rector, Mtro. Javier Santill\u00e1n P\u00e9rez, felicit\u00f3 a los alumnos por mantener a la UTT en los primeros lugares en este tipo de competencias y record\u00f3 que la instituci\u00f3n lleva 10 a\u00f1os de liderazgo en la organizaci\u00f3n de torneos de rob\u00f3tica, prueba de ello es que apenas el pasado mes de marzo reuni\u00f3 a m\u00e1s de 75 equipos en su torneo nacional.<br>\n \nEn dicha competici\u00f3n los alumnos Kassandra D\u00edaz Ram\u00edrez y Jorge Rangel Pulido tambi\u00e9n resultaron ganadores, al obtener el tercer lugar en la categor\u00eda de Robot Rescatista.<br>\n \nSantill\u00e1n P\u00e9rez explic\u00f3 que la carrera Ingenier\u00eda en Mecatr\u00f3nica es una de las que registra mayor demanda en cada convocatoria de nuevo ingreso, debido a que los egresados de preparatoria buscan una instituci\u00f3n en donde puedan desarrollar sus habilidades y la UTT les ofrece un modelo educativo que es 70 por ciento pr\u00e1ctico y 30 por ciento te\u00f3rico, adem\u00e1s de que se cuenta con un fuerte v\u00ednculo con el sector productivo.\n<\/h5>\t\t\t\t<\/div>\n\t\t\t\t<\/div>\n\t\t\t\t<div class=\"elementor-element elementor-element-7a95d3d elementor-widget elementor-widget-spacer\" data-id=\"7a95d3d\" data-element_type=\"widget\" data-widget_type=\"spacer.default\">\n\t\t\t\t<div class=\"elementor-widget-container\">\n\t\t\t\t\t\t\t<div class=\"elementor-spacer\">\n\t\t\t<div class=\"elementor-spacer-inner\"><\/div>\n\t\t<\/div>\n\t\t\t\t\t\t<\/div>\n\t\t\t\t<\/div>\n\t\t\t\t\t<\/div>\n\t\t<\/div>\n\t\t\t\t\t<\/div>\n\t\t<\/section>\n\t\t\t\t<\/div>\n\t\t","protected":false},"excerpt":{"rendered":"<p>DESTACAN ALUMNOS DE UTT EN TORNEO DE ROB\u00d3TICA \u2022 La competencia fue organizada por la UABC campus Ensenada Ensenada, B.C., a 2 de mayo de 2022.- Alumnos de la Universidad Tecnol\u00f3gica de Tijuana (UTT) de la carrera de Ingenier\u00eda en Mecatr\u00f3nica destacaron en el Torneo de Rob\u00f3tica 2022, organizado por la Universidad Aut\u00f3noma de Baja California (UABC) campus Ensenada, en donde obtuvieron el segundo lugar en la categor\u00eda Seguidor de L\u00edneas. Con el robot denominado \u201cGina\u201d, los alumnos Kassandra D\u00edaz Ram\u00edrez y Jorge Rangel Pulido pusieron a prueba la capacidad de su prototipo para seguir un trazo mediante la utilizaci\u00f3n de diferentes tipos de algoritmos de control, que de acuerdo a los jueces cumpli\u00f3 con los requerimientos establecidos. Con la asesor\u00eda de la doctora Juana Mart\u00ednez Laguna, quien forma parte de la plantilla de docentes de la carrera Ingenier\u00eda en Mecatr\u00f3nica, los alumnos continuar\u00e1n con el desarrollo de su robot para llevarlo a un nivel m\u00e1s alto. El Rector, Mtro. Javier Santill\u00e1n P\u00e9rez, felicit\u00f3 a los alumnos por mantener a la UTT en los primeros lugares en este tipo de competencias y record\u00f3 que la instituci\u00f3n lleva 10 a\u00f1os de liderazgo en la organizaci\u00f3n de torneos de rob\u00f3tica, prueba de ello es que apenas el pasado mes de marzo reuni\u00f3 a m\u00e1s de 75 equipos en su torneo nacional. En dicha competici\u00f3n los alumnos Kassandra D\u00edaz Ram\u00edrez y Jorge Rangel Pulido tambi\u00e9n resultaron ganadores, al obtener el tercer lugar en la categor\u00eda de Robot Rescatista. Santill\u00e1n P\u00e9rez explic\u00f3 que la carrera Ingenier\u00eda en Mecatr\u00f3nica es una de las que registra mayor demanda en cada convocatoria de nuevo ingreso, debido a que los egresados de preparatoria buscan una instituci\u00f3n en donde puedan desarrollar sus habilidades y la UTT les ofrece un modelo educativo que es 70 por ciento pr\u00e1ctico y 30 por ciento te\u00f3rico, adem\u00e1s de que se cuenta con un fuerte v\u00ednculo con el sector productivo.<\/p>\n","protected":false},"author":2,"featured_media":0,"parent":0,"menu_order":0,"comment_status":"closed","ping_status":"closed","template":"","meta":{"_monsterinsights_skip_tracking":false,"_monsterinsights_sitenote_active":false,"_monsterinsights_sitenote_note":"","_monsterinsights_sitenote_category":0,"_uf_show_specific_survey":0,"_uf_disable_surveys":false,"site-sidebar-layout":"no-sidebar","site-content-layout":"page-builder","ast-site-content-layout":"default","site-content-style":"default","site-sidebar-style":"default","ast-global-header-display":"","ast-banner-title-visibility":"","ast-main-header-display":"","ast-hfb-above-header-display":"","ast-hfb-below-header-display":"","ast-hfb-mobile-header-display":"","site-post-title":"disabled","ast-breadcrumbs-content":"","ast-featured-img":"disabled","footer-sml-layout":"","ast-disable-related-posts":"","theme-transparent-header-meta":"","adv-header-id-meta":"","stick-header-meta":"","header-above-stick-meta":"","header-main-stick-meta":"","header-below-stick-meta":"","astra-migrate-meta-layouts":"default","ast-page-background-enabled":"default","ast-page-background-meta":{"desktop":{"background-color":"","background-image":"","background-repeat":"repeat","background-position":"center center","background-size":"auto","background-attachment":"scroll","background-type":"","background-media":"","overlay-type":"","overlay-color":"","overlay-opacity":"","overlay-gradient":""},"tablet":{"background-color":"","background-image":"","background-repeat":"repeat","background-position":"center center","background-size":"auto","background-attachment":"scroll","background-type":"","background-media":"","overlay-type":"","overlay-color":"","overlay-opacity":"","overlay-gradient":""},"mobile":{"background-color":"","background-image":"","background-repeat":"repeat","background-position":"center center","background-size":"auto","background-attachment":"scroll","background-type":"","background-media":"","overlay-type":"","overlay-color":"","overlay-opacity":"","overlay-gradient":""}},"ast-content-background-meta":{"desktop":{"background-color":"var(--ast-global-color-5)","background-image":"","background-repeat":"repeat","background-position":"center center","background-size":"auto","background-attachment":"scroll","background-type":"","background-media":"","overlay-type":"","overlay-color":"","overlay-opacity":"","overlay-gradient":""},"tablet":{"background-color":"var(--ast-global-color-5)","background-image":"","background-repeat":"repeat","background-position":"center center","background-size":"auto","background-attachment":"scroll","background-type":"","background-media":"","overlay-type":"","overlay-color":"","overlay-opacity":"","overlay-gradient":""},"mobile":{"background-color":"var(--ast-global-color-5)","background-image":"","background-repeat":"repeat","background-position":"center center","background-size":"auto","background-attachment":"scroll","background-type":"","background-media":"","overlay-type":"","overlay-color":"","overlay-opacity":"","overlay-gradient":""}},"footnotes":""},"class_list":["post-8900","page","type-page","status-publish","hentry"],"_links":{"self":[{"href":"https:\/\/uttijuana.edu.mx\/index.php\/wp-json\/wp\/v2\/pages\/8900","targetHints":{"allow":["GET"]}}],"collection":[{"href":"https:\/\/uttijuana.edu.mx\/index.php\/wp-json\/wp\/v2\/pages"}],"about":[{"href":"https:\/\/uttijuana.edu.mx\/index.php\/wp-json\/wp\/v2\/types\/page"}],"author":[{"embeddable":true,"href":"https:\/\/uttijuana.edu.mx\/index.php\/wp-json\/wp\/v2\/users\/2"}],"replies":[{"embeddable":true,"href":"https:\/\/uttijuana.edu.mx\/index.php\/wp-json\/wp\/v2\/comments?post=8900"}],"version-history":[{"count":10,"href":"https:\/\/uttijuana.edu.mx\/index.php\/wp-json\/wp\/v2\/pages\/8900\/revisions"}],"predecessor-version":[{"id":8911,"href":"https:\/\/uttijuana.edu.mx\/index.php\/wp-json\/wp\/v2\/pages\/8900\/revisions\/8911"}],"wp:attachment":[{"href":"https:\/\/uttijuana.edu.mx\/index.php\/wp-json\/wp\/v2\/media?parent=8900"}],"curies":[{"name":"wp","href":"https:\/\/api.w.org\/{rel}","templated":true}]}}