{"id":9173,"date":"2022-05-31T19:57:16","date_gmt":"2022-05-31T19:57:16","guid":{"rendered":"https:\/\/uttijuana.edu.mx\/?page_id=9173"},"modified":"2022-06-09T20:53:59","modified_gmt":"2022-06-09T20:53:59","slug":"ganan-alumnas-de-utt-concurso-regional-con-propuestas-de-negocios-innovadores","status":"publish","type":"page","link":"https:\/\/uttijuana.edu.mx\/index.php\/ganan-alumnas-de-utt-concurso-regional-con-propuestas-de-negocios-innovadores\/","title":{"rendered":"GANAN ALUMNAS DE UTT CONCURSO REGIONAL CON PROPUESTAS DE NEGOCIOS INNOVADORES"},"content":{"rendered":"\t\t<div data-elementor-type=\"wp-page\" data-elementor-id=\"9173\" class=\"elementor elementor-9173\" data-elementor-post-type=\"page\">\n\t\t\t\t\t\t<section class=\"elementor-section elementor-top-section elementor-element elementor-element-ad8adc6 elementor-section-boxed elementor-section-height-default elementor-section-height-default wpr-particle-no wpr-jarallax-no wpr-parallax-no wpr-sticky-section-no\" data-id=\"ad8adc6\" data-element_type=\"section\">\n\t\t\t\t\t\t<div class=\"elementor-container elementor-column-gap-default\">\n\t\t\t\t\t<div class=\"elementor-column elementor-col-100 elementor-top-column elementor-element elementor-element-5508a24\" data-id=\"5508a24\" data-element_type=\"column\">\n\t\t\t<div class=\"elementor-widget-wrap elementor-element-populated\">\n\t\t\t\t\t\t<div class=\"elementor-element elementor-element-a2d328b elementor-widget elementor-widget-heading\" data-id=\"a2d328b\" data-element_type=\"widget\" data-widget_type=\"heading.default\">\n\t\t\t\t<div class=\"elementor-widget-container\">\n\t\t\t\t\t<h2 class=\"elementor-heading-title elementor-size-default\">GANAN ALUMNAS DE UTT CONCURSO REGIONAL CON PROPUESTAS DE NEGOCIOS INNOVADORES<\/h2>\t\t\t\t<\/div>\n\t\t\t\t<\/div>\n\t\t\t\t\t<\/div>\n\t\t<\/div>\n\t\t\t\t\t<\/div>\n\t\t<\/section>\n\t\t\t\t<section class=\"elementor-section elementor-top-section elementor-element elementor-element-42d67c8 elementor-section-boxed elementor-section-height-default elementor-section-height-default wpr-particle-no wpr-jarallax-no wpr-parallax-no wpr-sticky-section-no\" data-id=\"42d67c8\" data-element_type=\"section\">\n\t\t\t\t\t\t<div class=\"elementor-container elementor-column-gap-default\">\n\t\t\t\t\t<div class=\"elementor-column elementor-col-100 elementor-top-column elementor-element elementor-element-50b1659\" data-id=\"50b1659\" data-element_type=\"column\">\n\t\t\t<div class=\"elementor-widget-wrap elementor-element-populated\">\n\t\t\t\t\t\t<div class=\"elementor-element elementor-element-888bdc3 elementor-widget elementor-widget-image\" data-id=\"888bdc3\" data-element_type=\"widget\" data-widget_type=\"image.default\">\n\t\t\t\t<div class=\"elementor-widget-container\">\n\t\t\t\t\t\t\t\t\t\t\t\t\t\t\t<img decoding=\"async\" data-src=\"https:\/\/uttijuana.edu.mx\/wp-content\/uploads\/2022\/05\/WhatsApp-Image-2022-05-31-at-11.55.47-AM.jpeg\" title=\"\" alt=\"\" src=\"data:image\/gif;base64,R0lGODlhAQABAAAAACH5BAEKAAEALAAAAAABAAEAAAICTAEAOw==\" class=\"lazyload\" \/>\t\t\t\t\t\t\t\t\t\t\t\t\t\t\t<\/div>\n\t\t\t\t<\/div>\n\t\t\t\t\t<\/div>\n\t\t<\/div>\n\t\t\t\t\t<\/div>\n\t\t<\/section>\n\t\t\t\t<section class=\"elementor-section elementor-top-section elementor-element elementor-element-bb35bb3 elementor-section-boxed elementor-section-height-default elementor-section-height-default wpr-particle-no wpr-jarallax-no wpr-parallax-no wpr-sticky-section-no\" data-id=\"bb35bb3\" data-element_type=\"section\">\n\t\t\t\t\t\t<div class=\"elementor-container elementor-column-gap-default\">\n\t\t\t\t\t<div class=\"elementor-column elementor-col-100 elementor-top-column elementor-element elementor-element-869bfeb\" data-id=\"869bfeb\" data-element_type=\"column\">\n\t\t\t<div class=\"elementor-widget-wrap elementor-element-populated\">\n\t\t\t\t\t\t<div class=\"elementor-element elementor-element-985d11d elementor-widget elementor-widget-heading\" data-id=\"985d11d\" data-element_type=\"widget\" data-widget_type=\"heading.default\">\n\t\t\t\t<div class=\"elementor-widget-container\">\n\t\t\t\t\t<h5 class=\"elementor-heading-title elementor-size-medium\"><b> Obtuvieron el primer lugar en dos categor\u00edas, lo que les dio el pase al concurso nacional<\/b><b>.<p> \n\n<\/b>Alumnas de la licenciatura de Desarrollo de Negocios de la Universidad Tecnol\u00f3gica de Tijuana (UTT) obtuvieron los primeros lugares en la 16va Expo Regional Emprendedora, organizada por la Asociaci\u00f3n Nacional de Facultades y Escuelas de Contadur\u00eda y Administraci\u00f3n (ANFECA).<p> \n \nLos dos equipos, que pertenecen al octavo cuatrimestre, participaron en las categor\u00edas tecnolog\u00eda intermedia y tradicional, donde sobresalieron por la presentaci\u00f3n de su plan de negocios y la calidad del producto desarrollado.<p> \n \nEn la categor\u00eda de tecnolog\u00eda intermedia, con el proyecto Mex &amp; Pet, que consiste en collares para mascotas que funcionan mediante c\u00f3digos QR para su localizaci\u00f3n; participaron las alumnas Nuvia Amparano Corral, Ana Cristina Ram\u00edrez Silvas, Brisia Monte\u00f3n Moreno, Ana Ruth Gonz\u00e1lez Espinosa y Amanda Uribe Rosales.<br>\n\nMientras que en la categor\u00eda tradicional, con el proyecto Tasty N\u2019 Yum, un plan de negocios para la elaboraci\u00f3n y venta de una mermelada c\u00edtrica natural compuesta 80 por ciento de fruta, participaron las alumnas Zecya Garc\u00eda Prudencio, Victoria Garc\u00eda Vel\u00e1zquez y Raquel Cruz Mora.<p> \n \nAmbos equipos, asesorados por la maestra Karina Espinoza M\u00e9ndez, cumplieron con los requisitos establecidos en la convocatoria, que tiene como objetivo motivar y reconocer el esp\u00edritu emprendedor de los estudiantes con ideas innovadoras.<\/h5>\t\t\t\t<\/div>\n\t\t\t\t<\/div>\n\t\t\t\t\t<\/div>\n\t\t<\/div>\n\t\t\t\t\t<\/div>\n\t\t<\/section>\n\t\t\t\t<section class=\"elementor-section elementor-top-section elementor-element elementor-element-0058bc2 elementor-section-boxed elementor-section-height-default elementor-section-height-default wpr-particle-no wpr-jarallax-no wpr-parallax-no wpr-sticky-section-no\" data-id=\"0058bc2\" data-element_type=\"section\">\n\t\t\t\t\t\t<div class=\"elementor-container elementor-column-gap-default\">\n\t\t\t\t\t<div class=\"elementor-column elementor-col-50 elementor-top-column elementor-element elementor-element-a677247\" data-id=\"a677247\" data-element_type=\"column\">\n\t\t\t<div class=\"elementor-widget-wrap elementor-element-populated\">\n\t\t\t\t\t\t<div class=\"elementor-element elementor-element-4dbbbb3 elementor-widget elementor-widget-image\" data-id=\"4dbbbb3\" data-element_type=\"widget\" data-widget_type=\"image.default\">\n\t\t\t\t<div class=\"elementor-widget-container\">\n\t\t\t\t\t\t\t\t\t\t\t\t\t\t\t<img decoding=\"async\" data-src=\"https:\/\/uttijuana.edu.mx\/wp-content\/uploads\/2022\/05\/WhatsApp-Image-2022-05-31-at-11.55.54-AM.jpeg\" title=\"\" alt=\"\" src=\"data:image\/gif;base64,R0lGODlhAQABAAAAACH5BAEKAAEALAAAAAABAAEAAAICTAEAOw==\" class=\"lazyload\" \/>\t\t\t\t\t\t\t\t\t\t\t\t\t\t\t<\/div>\n\t\t\t\t<\/div>\n\t\t\t\t\t<\/div>\n\t\t<\/div>\n\t\t\t\t<div class=\"elementor-column elementor-col-50 elementor-top-column elementor-element elementor-element-0472654\" data-id=\"0472654\" data-element_type=\"column\">\n\t\t\t<div class=\"elementor-widget-wrap elementor-element-populated\">\n\t\t\t\t\t\t<div class=\"elementor-element elementor-element-ba794df elementor-widget elementor-widget-heading\" data-id=\"ba794df\" data-element_type=\"widget\" data-widget_type=\"heading.default\">\n\t\t\t\t<div class=\"elementor-widget-container\">\n\t\t\t\t\t<h5 class=\"elementor-heading-title elementor-size-default\">Tras haber obtenido el primer lugar en su categor\u00eda, las representantes de UTT ganaron el pase al concurso nacional que se llevar\u00e1 a cabo los d\u00edas 26 y 27 de octubre en San Luis Potos\u00ed.<p> \n \nLa 16va Expo Regional Emprendedora se realiz\u00f3 en la modalidad virtual a puerta cerrada, misma que tuvo como sede la Universidad Aut\u00f3noma de Sinaloa (UAS), Campus Guamuchil.<\/p><p> \n \nTras extender una felicitaci\u00f3n a las estudiantes, el rector de la UTT, Javier Santill\u00e1n P\u00e9rez, destac\u00f3 que si bien la mayor\u00eda de las carreras que oferta la instituci\u00f3n son de corte tecnol\u00f3gico, tambi\u00e9n se cuenta con carreras econ\u00f3mico-administrativas cuyos alumnos reciben las competencias para sobresalir tanto en concursos como en el campo laboral.<\/p><p> \n \nA partir de la reactivaci\u00f3n de concursos acad\u00e9micos, despu\u00e9s de la pausa obligada por la pandemia, indic\u00f3 que las y los alumnos de la UTT han obtenido importantes resultados en competencias regionales, reflejo de la calidad acad\u00e9mica y del inter\u00e9s por mostrar su capacidad innovadora.<span style=\"color: var(--ast-global-color-2);font-size: 1.125rem;font-style: inherit;background-color: var(--ast-global-color-4)\"><\/span><\/p><\/h5>\t\t\t\t<\/div>\n\t\t\t\t<\/div>\n\t\t\t\t\t<\/div>\n\t\t<\/div>\n\t\t\t\t\t<\/div>\n\t\t<\/section>\n\t\t\t\t<section class=\"elementor-section elementor-top-section elementor-element elementor-element-9298754 elementor-section-boxed elementor-section-height-default elementor-section-height-default wpr-particle-no wpr-jarallax-no wpr-parallax-no wpr-sticky-section-no\" data-id=\"9298754\" data-element_type=\"section\">\n\t\t\t\t\t\t<div class=\"elementor-container elementor-column-gap-default\">\n\t\t\t\t\t<div class=\"elementor-column elementor-col-100 elementor-top-column elementor-element elementor-element-034757f\" data-id=\"034757f\" data-element_type=\"column\">\n\t\t\t<div class=\"elementor-widget-wrap elementor-element-populated\">\n\t\t\t\t\t\t<div class=\"elementor-element elementor-element-ced2d07 elementor-widget elementor-widget-heading\" data-id=\"ced2d07\" data-element_type=\"widget\" data-widget_type=\"heading.default\">\n\t\t\t\t<div class=\"elementor-widget-container\">\n\t\t\t\t\t<h5 class=\"elementor-heading-title elementor-size-default\">Como muestra cit\u00f3 los resultados obtenidos en el Torneo Nacional de Rob\u00f3tica de UTT, as\u00ed como en los torneos de rob\u00f3tica de la Universidad Aut\u00f3noma de Baja California (UABC) en Ensenada y de Cetys Universidad en Tijuana.<\/h5>\t\t\t\t<\/div>\n\t\t\t\t<\/div>\n\t\t\t\t<div class=\"elementor-element elementor-element-eb646a1 elementor-widget elementor-widget-spacer\" data-id=\"eb646a1\" data-element_type=\"widget\" data-widget_type=\"spacer.default\">\n\t\t\t\t<div class=\"elementor-widget-container\">\n\t\t\t\t\t\t\t<div class=\"elementor-spacer\">\n\t\t\t<div class=\"elementor-spacer-inner\"><\/div>\n\t\t<\/div>\n\t\t\t\t\t\t<\/div>\n\t\t\t\t<\/div>\n\t\t\t\t\t<\/div>\n\t\t<\/div>\n\t\t\t\t\t<\/div>\n\t\t<\/section>\n\t\t\t\t<\/div>\n\t\t","protected":false},"excerpt":{"rendered":"<p>GANAN ALUMNAS DE UTT CONCURSO REGIONAL CON PROPUESTAS DE NEGOCIOS INNOVADORES Obtuvieron el primer lugar en dos categor\u00edas, lo que les dio el pase al concurso nacional. Alumnas de la licenciatura de Desarrollo de Negocios de la Universidad Tecnol\u00f3gica de Tijuana (UTT) obtuvieron los primeros lugares en la 16va Expo Regional Emprendedora, organizada por la Asociaci\u00f3n Nacional de Facultades y Escuelas de Contadur\u00eda y Administraci\u00f3n (ANFECA). Los dos equipos, que pertenecen al octavo cuatrimestre, participaron en las categor\u00edas tecnolog\u00eda intermedia y tradicional, donde sobresalieron por la presentaci\u00f3n de su plan de negocios y la calidad del producto desarrollado. En la categor\u00eda de tecnolog\u00eda intermedia, con el proyecto Mex &amp; Pet, que consiste en collares para mascotas que funcionan mediante c\u00f3digos QR para su localizaci\u00f3n; participaron las alumnas Nuvia Amparano Corral, Ana Cristina Ram\u00edrez Silvas, Brisia Monte\u00f3n Moreno, Ana Ruth Gonz\u00e1lez Espinosa y Amanda Uribe Rosales. Mientras que en la categor\u00eda tradicional, con el proyecto Tasty N\u2019 Yum, un plan de negocios para la elaboraci\u00f3n y venta de una mermelada c\u00edtrica natural compuesta 80 por ciento de fruta, participaron las alumnas Zecya Garc\u00eda Prudencio, Victoria Garc\u00eda Vel\u00e1zquez y Raquel Cruz Mora. Ambos equipos, asesorados por la maestra Karina Espinoza M\u00e9ndez, cumplieron con los requisitos establecidos en la convocatoria, que tiene como objetivo motivar y reconocer el esp\u00edritu emprendedor de los estudiantes con ideas innovadoras. Tras haber obtenido el primer lugar en su categor\u00eda, las representantes de UTT ganaron el pase al concurso nacional que se llevar\u00e1 a cabo los d\u00edas 26 y 27 de octubre en San Luis Potos\u00ed. La 16va Expo Regional Emprendedora se realiz\u00f3 en la modalidad virtual a puerta cerrada, misma que tuvo como sede la Universidad Aut\u00f3noma de Sinaloa (UAS), Campus Guamuchil. Tras extender una felicitaci\u00f3n a las estudiantes, el rector de la UTT, Javier Santill\u00e1n P\u00e9rez, destac\u00f3 que si bien la mayor\u00eda de las carreras que oferta la instituci\u00f3n son de corte tecnol\u00f3gico, tambi\u00e9n se cuenta con carreras econ\u00f3mico-administrativas cuyos alumnos reciben las competencias para sobresalir tanto en concursos como en el campo laboral. A partir de la reactivaci\u00f3n de concursos acad\u00e9micos, despu\u00e9s de la pausa obligada por la pandemia, indic\u00f3 que las y los alumnos de la UTT han obtenido importantes resultados en competencias regionales, reflejo de la calidad acad\u00e9mica y del inter\u00e9s por mostrar su capacidad innovadora. Como muestra cit\u00f3 los resultados obtenidos en el Torneo Nacional de Rob\u00f3tica de UTT, as\u00ed como en los torneos de rob\u00f3tica de la Universidad Aut\u00f3noma de Baja California (UABC) en Ensenada y de Cetys Universidad en Tijuana.<\/p>\n","protected":false},"author":2,"featured_media":0,"parent":0,"menu_order":0,"comment_status":"closed","ping_status":"closed","template":"","meta":{"_monsterinsights_skip_tracking":false,"_monsterinsights_sitenote_active":false,"_monsterinsights_sitenote_note":"","_monsterinsights_sitenote_category":0,"_uf_show_specific_survey":0,"_uf_disable_surveys":false,"site-sidebar-layout":"no-sidebar","site-content-layout":"page-builder","ast-site-content-layout":"default","site-content-style":"default","site-sidebar-style":"default","ast-global-header-display":"","ast-banner-title-visibility":"","ast-main-header-display":"","ast-hfb-above-header-display":"","ast-hfb-below-header-display":"","ast-hfb-mobile-header-display":"","site-post-title":"disabled","ast-breadcrumbs-content":"","ast-featured-img":"disabled","footer-sml-layout":"","ast-disable-related-posts":"","theme-transparent-header-meta":"","adv-header-id-meta":"","stick-header-meta":"","header-above-stick-meta":"","header-main-stick-meta":"","header-below-stick-meta":"","astra-migrate-meta-layouts":"default","ast-page-background-enabled":"default","ast-page-background-meta":{"desktop":{"background-color":"","background-image":"","background-repeat":"repeat","background-position":"center center","background-size":"auto","background-attachment":"scroll","background-type":"","background-media":"","overlay-type":"","overlay-color":"","overlay-opacity":"","overlay-gradient":""},"tablet":{"background-color":"","background-image":"","background-repeat":"repeat","background-position":"center center","background-size":"auto","background-attachment":"scroll","background-type":"","background-media":"","overlay-type":"","overlay-color":"","overlay-opacity":"","overlay-gradient":""},"mobile":{"background-color":"","background-image":"","background-repeat":"repeat","background-position":"center center","background-size":"auto","background-attachment":"scroll","background-type":"","background-media":"","overlay-type":"","overlay-color":"","overlay-opacity":"","overlay-gradient":""}},"ast-content-background-meta":{"desktop":{"background-color":"var(--ast-global-color-5)","background-image":"","background-repeat":"repeat","background-position":"center center","background-size":"auto","background-attachment":"scroll","background-type":"","background-media":"","overlay-type":"","overlay-color":"","overlay-opacity":"","overlay-gradient":""},"tablet":{"background-color":"var(--ast-global-color-5)","background-image":"","background-repeat":"repeat","background-position":"center center","background-size":"auto","background-attachment":"scroll","background-type":"","background-media":"","overlay-type":"","overlay-color":"","overlay-opacity":"","overlay-gradient":""},"mobile":{"background-color":"var(--ast-global-color-5)","background-image":"","background-repeat":"repeat","background-position":"center center","background-size":"auto","background-attachment":"scroll","background-type":"","background-media":"","overlay-type":"","overlay-color":"","overlay-opacity":"","overlay-gradient":""}},"footnotes":""},"class_list":["post-9173","page","type-page","status-publish","hentry"],"_links":{"self":[{"href":"https:\/\/uttijuana.edu.mx\/index.php\/wp-json\/wp\/v2\/pages\/9173","targetHints":{"allow":["GET"]}}],"collection":[{"href":"https:\/\/uttijuana.edu.mx\/index.php\/wp-json\/wp\/v2\/pages"}],"about":[{"href":"https:\/\/uttijuana.edu.mx\/index.php\/wp-json\/wp\/v2\/types\/page"}],"author":[{"embeddable":true,"href":"https:\/\/uttijuana.edu.mx\/index.php\/wp-json\/wp\/v2\/users\/2"}],"replies":[{"embeddable":true,"href":"https:\/\/uttijuana.edu.mx\/index.php\/wp-json\/wp\/v2\/comments?post=9173"}],"version-history":[{"count":28,"href":"https:\/\/uttijuana.edu.mx\/index.php\/wp-json\/wp\/v2\/pages\/9173\/revisions"}],"predecessor-version":[{"id":9314,"href":"https:\/\/uttijuana.edu.mx\/index.php\/wp-json\/wp\/v2\/pages\/9173\/revisions\/9314"}],"wp:attachment":[{"href":"https:\/\/uttijuana.edu.mx\/index.php\/wp-json\/wp\/v2\/media?parent=9173"}],"curies":[{"name":"wp","href":"https:\/\/api.w.org\/{rel}","templated":true}]}}