{"id":9274,"date":"2022-06-07T22:21:41","date_gmt":"2022-06-07T22:21:41","guid":{"rendered":"https:\/\/uttijuana.edu.mx\/?page_id=9274"},"modified":"2022-06-09T20:48:11","modified_gmt":"2022-06-09T20:48:11","slug":"conmemora-utt-dia-mundial-del-medio-ambiente","status":"publish","type":"page","link":"https:\/\/uttijuana.edu.mx\/index.php\/conmemora-utt-dia-mundial-del-medio-ambiente\/","title":{"rendered":"CONMEMORA UTT D\u00cdA MUNDIAL DEL MEDIO AMBIENTE"},"content":{"rendered":"\t\t<div data-elementor-type=\"wp-page\" data-elementor-id=\"9274\" class=\"elementor elementor-9274\" data-elementor-post-type=\"page\">\n\t\t\t\t\t\t<section class=\"elementor-section elementor-top-section elementor-element elementor-element-23171b5 elementor-section-boxed elementor-section-height-default elementor-section-height-default wpr-particle-no wpr-jarallax-no wpr-parallax-no wpr-sticky-section-no\" data-id=\"23171b5\" data-element_type=\"section\">\n\t\t\t\t\t\t<div class=\"elementor-container elementor-column-gap-default\">\n\t\t\t\t\t<div class=\"elementor-column elementor-col-100 elementor-top-column elementor-element elementor-element-1a684c3\" data-id=\"1a684c3\" data-element_type=\"column\">\n\t\t\t<div class=\"elementor-widget-wrap elementor-element-populated\">\n\t\t\t\t\t\t<div class=\"elementor-element elementor-element-623616b elementor-widget elementor-widget-heading\" data-id=\"623616b\" data-element_type=\"widget\" data-widget_type=\"heading.default\">\n\t\t\t\t<div class=\"elementor-widget-container\">\n\t\t\t\t\t<h2 class=\"elementor-heading-title elementor-size-default\"><span style=\"font-size: 2rem;font-weight: var( --e-global-typography-primary-font-weight );text-align: center;background-color: var(--ast-global-color-4)\">CONMEMORA UTT D\u00cdA MUNDIAL DEL MEDIO AMBIENTE<\/span><\/h2>\t\t\t\t<\/div>\n\t\t\t\t<\/div>\n\t\t\t\t\t<\/div>\n\t\t<\/div>\n\t\t\t\t\t<\/div>\n\t\t<\/section>\n\t\t\t\t<section class=\"elementor-section elementor-top-section elementor-element elementor-element-9b77d8a elementor-section-boxed elementor-section-height-default elementor-section-height-default wpr-particle-no wpr-jarallax-no wpr-parallax-no wpr-sticky-section-no\" data-id=\"9b77d8a\" data-element_type=\"section\">\n\t\t\t\t\t\t<div class=\"elementor-container elementor-column-gap-default\">\n\t\t\t\t\t<div class=\"elementor-column elementor-col-100 elementor-top-column elementor-element elementor-element-8bab26e\" data-id=\"8bab26e\" data-element_type=\"column\">\n\t\t\t<div class=\"elementor-widget-wrap elementor-element-populated\">\n\t\t\t\t\t\t<div class=\"elementor-element elementor-element-25fa026 elementor-widget elementor-widget-image\" data-id=\"25fa026\" data-element_type=\"widget\" data-widget_type=\"image.default\">\n\t\t\t\t<div class=\"elementor-widget-container\">\n\t\t\t\t\t\t\t\t\t\t\t\t\t\t\t<img decoding=\"async\" data-src=\"https:\/\/uttijuana.edu.mx\/wp-content\/uploads\/2022\/06\/WhatsApp-Image-2022-06-07-at-3.09.41-PM.jpeg\" title=\"\" alt=\"\" src=\"data:image\/gif;base64,R0lGODlhAQABAAAAACH5BAEKAAEALAAAAAABAAEAAAICTAEAOw==\" class=\"lazyload\" \/>\t\t\t\t\t\t\t\t\t\t\t\t\t\t\t<\/div>\n\t\t\t\t<\/div>\n\t\t\t\t\t<\/div>\n\t\t<\/div>\n\t\t\t\t\t<\/div>\n\t\t<\/section>\n\t\t\t\t<section class=\"elementor-section elementor-top-section elementor-element elementor-element-7535f4f elementor-section-boxed elementor-section-height-default elementor-section-height-default wpr-particle-no wpr-jarallax-no wpr-parallax-no wpr-sticky-section-no\" data-id=\"7535f4f\" data-element_type=\"section\">\n\t\t\t\t\t\t<div class=\"elementor-container elementor-column-gap-default\">\n\t\t\t\t\t<div class=\"elementor-column elementor-col-100 elementor-top-column elementor-element elementor-element-a40d52e\" data-id=\"a40d52e\" data-element_type=\"column\">\n\t\t\t<div class=\"elementor-widget-wrap elementor-element-populated\">\n\t\t\t\t\t\t<div class=\"elementor-element elementor-element-71b994f elementor-widget elementor-widget-heading\" data-id=\"71b994f\" data-element_type=\"widget\" data-widget_type=\"heading.default\">\n\t\t\t\t<div class=\"elementor-widget-container\">\n\t\t\t\t\t<h1 class=\"elementor-heading-title elementor-size-medium\"><b>La titular de la secretaria del Medio Ambiente destac\u00f3 que la UTT ha sido un impulsor permanente de temas ambientales<\/h1>\t\t\t\t<\/div>\n\t\t\t\t<\/div>\n\t\t\t\t<div class=\"elementor-element elementor-element-ba7f7cd elementor-widget elementor-widget-heading\" data-id=\"ba7f7cd\" data-element_type=\"widget\" data-widget_type=\"heading.default\">\n\t\t\t\t<div class=\"elementor-widget-container\">\n\t\t\t\t\t<h5 class=\"elementor-heading-title elementor-size-medium\"> <BLOCKQUOTE>\n\nCon la impartici\u00f3n de 10 pl\u00e1ticas sobre medio ambiente y acci\u00f3n clim\u00e1tica, la Universidad Tecnol\u00f3gica de Tijuana (UTT) conmemor\u00f3 el D\u00eda Mundial del Medio Ambiente y refrend\u00f3 su compromiso con la formaci\u00f3n de profesionistas conscientes y responsables con su entorno.<p> \n\nEn apego a la pol\u00edtica ambiental que impulsa la Gobernadora de Baja California, Marina del Pilar Avila Olmeda, que se basa en la Agenda 2030 de las Naciones Unidas para el Desarrollo Sostenible, fueron convocados expertos en temas de agua, suelo y aire, as\u00ed como en manejo de residuos y energ\u00edas limpias.<p> \n \nLa secretaria del Medio Ambiente y Desarrollo Sustentable, M\u00f3nica Vega Aguirre, expres\u00f3 que las cifras no son nada alentadoras, sin embargo las nuevas generaciones han asumido el reto de tratar de revertir los efectos negativos causados por la falta de acci\u00f3n en d\u00e9cadas pasadas.<p> \n \n\u201cEsta tierra no la podemos dejar, es la \u00fanica que tenemos, por eso tenemos la gran responsabilidad de cuidarla, que los cambios aunque sean menores tienen un significado en los resultados de heredarle a una pr\u00f3xima generaci\u00f3n buenas cuentas\u201d, indic\u00f3.<p> \n \nDestac\u00f3 la relevancia que tienen instituciones como la Universidad Tecnol\u00f3gica de Tijuana (UTT) en la formaci\u00f3n de profesionistas convencidos con lo que hacen, pero sobre todo comprometidos con el medio ambiente, pues son quienes tomar\u00e1n las riendas de las empresas e industrias y podr\u00e1n darle un nuevo rumbo a la pol\u00edtica ambiental.<p> \n \nEn su mensaje, el rector, Javier Santill\u00e1n P\u00e9rez, record\u00f3 que desde su fundaci\u00f3n la UTT ha asumido un fuerte compromiso con los temas ambientales y resalt\u00f3 que actualmente oferta las ingenier\u00edas en Tecnolog\u00eda Ambiental y Energ\u00edas Renovables, que forman a j\u00f3venes capaces de implementar acciones y planes para mitigar el da\u00f1o causado a los recursos naturales, como el agua, el aire y el suelo.<p> \n \n\u201cEn la UTT le apostamos a ser parte de la soluci\u00f3n y a ser propositivos, adecuando la curr\u00edcula a los retos que hoy enfrentamos para ser agentes de cambio en la industria, en las empresas y en nuestra comunidad\u201d, pronunci\u00f3.<p> \n \nSantill\u00e1n P\u00e9rez convoc\u00f3 a la comunidad universitaria para que desde sus hogares, aulas y centros de trabajo, hagan lo que est\u00e9 a su alcance para implementar pr\u00e1cticas que se traduzcan en un beneficio para el medio ambiente y con esto darle m\u00e1s a\u00f1os de vida al planeta y a las futuras generaciones.<\/h5>\t\t\t\t<\/div>\n\t\t\t\t<\/div>\n\t\t\t\t\t<\/div>\n\t\t<\/div>\n\t\t\t\t\t<\/div>\n\t\t<\/section>\n\t\t\t\t<\/div>\n\t\t","protected":false},"excerpt":{"rendered":"<p>CONMEMORA UTT D\u00cdA MUNDIAL DEL MEDIO AMBIENTE La titular de la secretaria del Medio Ambiente destac\u00f3 que la UTT ha sido un impulsor permanente de temas ambientales Con la impartici\u00f3n de 10 pl\u00e1ticas sobre medio ambiente y acci\u00f3n clim\u00e1tica, la Universidad Tecnol\u00f3gica de Tijuana (UTT) conmemor\u00f3 el D\u00eda Mundial del Medio Ambiente y refrend\u00f3 su compromiso con la formaci\u00f3n de profesionistas conscientes y responsables con su entorno. En apego a la pol\u00edtica ambiental que impulsa la Gobernadora de Baja California, Marina del Pilar Avila Olmeda, que se basa en la Agenda 2030 de las Naciones Unidas para el Desarrollo Sostenible, fueron convocados expertos en temas de agua, suelo y aire, as\u00ed como en manejo de residuos y energ\u00edas limpias. La secretaria del Medio Ambiente y Desarrollo Sustentable, M\u00f3nica Vega Aguirre, expres\u00f3 que las cifras no son nada alentadoras, sin embargo las nuevas generaciones han asumido el reto de tratar de revertir los efectos negativos causados por la falta de acci\u00f3n en d\u00e9cadas pasadas. \u201cEsta tierra no la podemos dejar, es la \u00fanica que tenemos, por eso tenemos la gran responsabilidad de cuidarla, que los cambios aunque sean menores tienen un significado en los resultados de heredarle a una pr\u00f3xima generaci\u00f3n buenas cuentas\u201d, indic\u00f3. Destac\u00f3 la relevancia que tienen instituciones como la Universidad Tecnol\u00f3gica de Tijuana (UTT) en la formaci\u00f3n de profesionistas convencidos con lo que hacen, pero sobre todo comprometidos con el medio ambiente, pues son quienes tomar\u00e1n las riendas de las empresas e industrias y podr\u00e1n darle un nuevo rumbo a la pol\u00edtica ambiental. En su mensaje, el rector, Javier Santill\u00e1n P\u00e9rez, record\u00f3 que desde su fundaci\u00f3n la UTT ha asumido un fuerte compromiso con los temas ambientales y resalt\u00f3 que actualmente oferta las ingenier\u00edas en Tecnolog\u00eda Ambiental y Energ\u00edas Renovables, que forman a j\u00f3venes capaces de implementar acciones y planes para mitigar el da\u00f1o causado a los recursos naturales, como el agua, el aire y el suelo. \u201cEn la UTT le apostamos a ser parte de la soluci\u00f3n y a ser propositivos, adecuando la curr\u00edcula a los retos que hoy enfrentamos para ser agentes de cambio en la industria, en las empresas y en nuestra comunidad\u201d, pronunci\u00f3. Santill\u00e1n P\u00e9rez convoc\u00f3 a la comunidad universitaria para que desde sus hogares, aulas y centros de trabajo, hagan lo que est\u00e9 a su alcance para implementar pr\u00e1cticas que se traduzcan en un beneficio para el medio ambiente y con esto darle m\u00e1s a\u00f1os de vida al planeta y a las futuras generaciones.<\/p>\n","protected":false},"author":2,"featured_media":0,"parent":0,"menu_order":0,"comment_status":"closed","ping_status":"closed","template":"","meta":{"_monsterinsights_skip_tracking":false,"_monsterinsights_sitenote_active":false,"_monsterinsights_sitenote_note":"","_monsterinsights_sitenote_category":0,"_uf_show_specific_survey":0,"_uf_disable_surveys":false,"site-sidebar-layout":"no-sidebar","site-content-layout":"page-builder","ast-site-content-layout":"default","site-content-style":"default","site-sidebar-style":"default","ast-global-header-display":"","ast-banner-title-visibility":"","ast-main-header-display":"","ast-hfb-above-header-display":"","ast-hfb-below-header-display":"","ast-hfb-mobile-header-display":"","site-post-title":"disabled","ast-breadcrumbs-content":"","ast-featured-img":"disabled","footer-sml-layout":"","ast-disable-related-posts":"","theme-transparent-header-meta":"","adv-header-id-meta":"","stick-header-meta":"","header-above-stick-meta":"","header-main-stick-meta":"","header-below-stick-meta":"","astra-migrate-meta-layouts":"default","ast-page-background-enabled":"default","ast-page-background-meta":{"desktop":{"background-color":"","background-image":"","background-repeat":"repeat","background-position":"center center","background-size":"auto","background-attachment":"scroll","background-type":"","background-media":"","overlay-type":"","overlay-color":"","overlay-opacity":"","overlay-gradient":""},"tablet":{"background-color":"","background-image":"","background-repeat":"repeat","background-position":"center center","background-size":"auto","background-attachment":"scroll","background-type":"","background-media":"","overlay-type":"","overlay-color":"","overlay-opacity":"","overlay-gradient":""},"mobile":{"background-color":"","background-image":"","background-repeat":"repeat","background-position":"center center","background-size":"auto","background-attachment":"scroll","background-type":"","background-media":"","overlay-type":"","overlay-color":"","overlay-opacity":"","overlay-gradient":""}},"ast-content-background-meta":{"desktop":{"background-color":"var(--ast-global-color-5)","background-image":"","background-repeat":"repeat","background-position":"center center","background-size":"auto","background-attachment":"scroll","background-type":"","background-media":"","overlay-type":"","overlay-color":"","overlay-opacity":"","overlay-gradient":""},"tablet":{"background-color":"var(--ast-global-color-5)","background-image":"","background-repeat":"repeat","background-position":"center center","background-size":"auto","background-attachment":"scroll","background-type":"","background-media":"","overlay-type":"","overlay-color":"","overlay-opacity":"","overlay-gradient":""},"mobile":{"background-color":"var(--ast-global-color-5)","background-image":"","background-repeat":"repeat","background-position":"center center","background-size":"auto","background-attachment":"scroll","background-type":"","background-media":"","overlay-type":"","overlay-color":"","overlay-opacity":"","overlay-gradient":""}},"footnotes":""},"class_list":["post-9274","page","type-page","status-publish","hentry"],"_links":{"self":[{"href":"https:\/\/uttijuana.edu.mx\/index.php\/wp-json\/wp\/v2\/pages\/9274","targetHints":{"allow":["GET"]}}],"collection":[{"href":"https:\/\/uttijuana.edu.mx\/index.php\/wp-json\/wp\/v2\/pages"}],"about":[{"href":"https:\/\/uttijuana.edu.mx\/index.php\/wp-json\/wp\/v2\/types\/page"}],"author":[{"embeddable":true,"href":"https:\/\/uttijuana.edu.mx\/index.php\/wp-json\/wp\/v2\/users\/2"}],"replies":[{"embeddable":true,"href":"https:\/\/uttijuana.edu.mx\/index.php\/wp-json\/wp\/v2\/comments?post=9274"}],"version-history":[{"count":16,"href":"https:\/\/uttijuana.edu.mx\/index.php\/wp-json\/wp\/v2\/pages\/9274\/revisions"}],"predecessor-version":[{"id":9310,"href":"https:\/\/uttijuana.edu.mx\/index.php\/wp-json\/wp\/v2\/pages\/9274\/revisions\/9310"}],"wp:attachment":[{"href":"https:\/\/uttijuana.edu.mx\/index.php\/wp-json\/wp\/v2\/media?parent=9274"}],"curies":[{"name":"wp","href":"https:\/\/api.w.org\/{rel}","templated":true}]}}