{"id":9354,"date":"2022-06-22T19:57:42","date_gmt":"2022-06-22T19:57:42","guid":{"rendered":"https:\/\/uttijuana.edu.mx\/?page_id=9354"},"modified":"2022-06-22T20:05:05","modified_gmt":"2022-06-22T20:05:05","slug":"acuerdan-alianza-estrategica-utt-y-universidad-de-california-san-diego","status":"publish","type":"page","link":"https:\/\/uttijuana.edu.mx\/index.php\/acuerdan-alianza-estrategica-utt-y-universidad-de-california-san-diego\/","title":{"rendered":"ACUERDAN ALIANZA ESTRAT\u00c9GICA UTT Y UNIVERSIDAD DE CALIFORNIA SAN DIEGO"},"content":{"rendered":"\t\t<div data-elementor-type=\"wp-page\" data-elementor-id=\"9354\" class=\"elementor elementor-9354\" data-elementor-post-type=\"page\">\n\t\t\t\t\t\t<section class=\"elementor-section elementor-top-section elementor-element elementor-element-e5efa41 elementor-section-boxed elementor-section-height-default elementor-section-height-default wpr-particle-no wpr-jarallax-no wpr-parallax-no wpr-sticky-section-no\" data-id=\"e5efa41\" data-element_type=\"section\">\n\t\t\t\t\t\t<div class=\"elementor-container elementor-column-gap-default\">\n\t\t\t\t\t<div class=\"elementor-column elementor-col-100 elementor-top-column elementor-element elementor-element-4e0028d\" data-id=\"4e0028d\" data-element_type=\"column\">\n\t\t\t<div class=\"elementor-widget-wrap elementor-element-populated\">\n\t\t\t\t\t\t<div class=\"elementor-element elementor-element-5fb67c0 elementor-widget elementor-widget-heading\" data-id=\"5fb67c0\" data-element_type=\"widget\" data-widget_type=\"heading.default\">\n\t\t\t\t<div class=\"elementor-widget-container\">\n\t\t\t\t\t<h2 class=\"elementor-heading-title elementor-size-default\">ACUERDAN ALIANZA ESTRAT\u00c9GICA UTT Y UNIVERSIDAD DE CALIFORNIA SAN DIEGO <\/h2>\t\t\t\t<\/div>\n\t\t\t\t<\/div>\n\t\t\t\t\t<\/div>\n\t\t<\/div>\n\t\t\t\t\t<\/div>\n\t\t<\/section>\n\t\t\t\t<section class=\"elementor-section elementor-top-section elementor-element elementor-element-b2ce1bf elementor-section-boxed elementor-section-height-default elementor-section-height-default wpr-particle-no wpr-jarallax-no wpr-parallax-no wpr-sticky-section-no\" data-id=\"b2ce1bf\" data-element_type=\"section\">\n\t\t\t\t\t\t<div class=\"elementor-container elementor-column-gap-default\">\n\t\t\t\t\t<div class=\"elementor-column elementor-col-100 elementor-top-column elementor-element elementor-element-356e73b\" data-id=\"356e73b\" data-element_type=\"column\">\n\t\t\t<div class=\"elementor-widget-wrap elementor-element-populated\">\n\t\t\t\t\t\t<div class=\"elementor-element elementor-element-5b71d93 elementor-widget elementor-widget-image\" data-id=\"5b71d93\" data-element_type=\"widget\" data-widget_type=\"image.default\">\n\t\t\t\t<div class=\"elementor-widget-container\">\n\t\t\t\t\t\t\t\t\t\t\t\t\t\t\t<img decoding=\"async\" data-src=\"https:\/\/uttijuana.edu.mx\/wp-content\/uploads\/2022\/06\/WhatsApp-Image-2022-06-22-at-12.46.06-PM.jpeg\" title=\"\" alt=\"\" src=\"data:image\/gif;base64,R0lGODlhAQABAAAAACH5BAEKAAEALAAAAAABAAEAAAICTAEAOw==\" class=\"lazyload\" \/>\t\t\t\t\t\t\t\t\t\t\t\t\t\t\t<\/div>\n\t\t\t\t<\/div>\n\t\t\t\t<div class=\"elementor-element elementor-element-d609955 elementor-widget elementor-widget-heading\" data-id=\"d609955\" data-element_type=\"widget\" data-widget_type=\"heading.default\">\n\t\t\t\t<div class=\"elementor-widget-container\">\n\t\t\t\t\t<h5 class=\"elementor-heading-title elementor-size-medium\"> <BLOCKQUOTE>\nSe facilitar\u00e1 la movilidad estudiantil y docente entre UTT y UCSD <p> <\/p>\n\nLa movilidad de profesores y alumnos, as\u00ed como la investigaci\u00f3n conjunta de programas educacionales y visitas de corta estancia, son algunos de los acuerdos alcanzados entre la Universidad Tecnol\u00f3gica de Tijuana (UTT) y la Universidad de California San Diego (UCSD).<p> \n\nDespu\u00e9s de asistir al simposio y taller del Centro CaliBaja, el rector Javier Santill\u00e1n P\u00e9rez; el canciller de la Universidad de California San Diego, Pradeep Khosla; y la directora del Centro CaliBaja de Materiales y Sistemas Resilientes de UCSD, Olivia Graeve, llevaron a cabo la firma de un memor\u00e1ndum de entendimiento que tendr\u00e1 un gran impacto en la formaci\u00f3n de los estudiantes tijuanenses.<p> \n \n\u201cFirmamos una alianza estrat\u00e9gica a favor de la educaci\u00f3n y la investigaci\u00f3n, que ser\u00e1 de mutuo beneficio y que va a permitir a nuestros estudiantes la movilidad y el intercambio de experiencias con docentes y alumnos de la Universidad de California San Diego\u201d, explic\u00f3.<p> <\/p>\n \nDurante el encuentro binacional \u201cIntercambios Educativos y Oportunidades para los Estudiantes de CaliBaja\u201d, se llev\u00f3 a cabo un evento privado con l\u00edderes acad\u00e9micos de la regi\u00f3n para abordar temas como el crecimiento de la colaboraci\u00f3n entre instituciones del noroeste de M\u00e9xico con la UCSD.<p> <\/p>\n \nSantill\u00e1n P\u00e9rez resalt\u00f3 que para la universidad californiana resulta de gran inter\u00e9s el trabajo y los avances que ha registrado la UTT, ya que ha sido reconocida como una instituci\u00f3n que ofrece estudios de buena calidad, adem\u00e1s de que se ha destacado en la formaci\u00f3n de talentos en el sector industrial, en rubros como metal-mec\u00e1nica, electr\u00f3nica y ambiental.<p> <\/p>\n\nEl memor\u00e1ndum de entendimiento y cooperaci\u00f3n, que tendr\u00e1 una duraci\u00f3n de cinco a\u00f1os, entr\u00f3 en vigor al momento de la firma, por lo que en breve se agendar\u00e1n sesiones informativas con los estudiantes interesados en conocer los requisitos para acceder al programa de movilidad.<\/h5>\t\t\t\t<\/div>\n\t\t\t\t<\/div>\n\t\t\t\t<div class=\"elementor-element elementor-element-918783c elementor-widget elementor-widget-image\" data-id=\"918783c\" data-element_type=\"widget\" data-widget_type=\"image.default\">\n\t\t\t\t<div class=\"elementor-widget-container\">\n\t\t\t\t\t\t\t\t\t\t\t\t\t\t\t<img decoding=\"async\" data-src=\"https:\/\/uttijuana.edu.mx\/wp-content\/uploads\/2022\/06\/WhatsApp-Image-2022-06-22-at-12.46.12-PM.jpeg\" title=\"\" alt=\"\" src=\"data:image\/gif;base64,R0lGODlhAQABAAAAACH5BAEKAAEALAAAAAABAAEAAAICTAEAOw==\" class=\"lazyload\" \/>\t\t\t\t\t\t\t\t\t\t\t\t\t\t\t<\/div>\n\t\t\t\t<\/div>\n\t\t\t\t\t<\/div>\n\t\t<\/div>\n\t\t\t\t\t<\/div>\n\t\t<\/section>\n\t\t\t\t<\/div>\n\t\t","protected":false},"excerpt":{"rendered":"<p>ACUERDAN ALIANZA ESTRAT\u00c9GICA UTT Y UNIVERSIDAD DE CALIFORNIA SAN DIEGO Se facilitar\u00e1 la movilidad estudiantil y docente entre UTT y UCSD La movilidad de profesores y alumnos, as\u00ed como la investigaci\u00f3n conjunta de programas educacionales y visitas de corta estancia, son algunos de los acuerdos alcanzados entre la Universidad Tecnol\u00f3gica de Tijuana (UTT) y la Universidad de California San Diego (UCSD). Despu\u00e9s de asistir al simposio y taller del Centro CaliBaja, el rector Javier Santill\u00e1n P\u00e9rez; el canciller de la Universidad de California San Diego, Pradeep Khosla; y la directora del Centro CaliBaja de Materiales y Sistemas Resilientes de UCSD, Olivia Graeve, llevaron a cabo la firma de un memor\u00e1ndum de entendimiento que tendr\u00e1 un gran impacto en la formaci\u00f3n de los estudiantes tijuanenses. \u201cFirmamos una alianza estrat\u00e9gica a favor de la educaci\u00f3n y la investigaci\u00f3n, que ser\u00e1 de mutuo beneficio y que va a permitir a nuestros estudiantes la movilidad y el intercambio de experiencias con docentes y alumnos de la Universidad de California San Diego\u201d, explic\u00f3. Durante el encuentro binacional \u201cIntercambios Educativos y Oportunidades para los Estudiantes de CaliBaja\u201d, se llev\u00f3 a cabo un evento privado con l\u00edderes acad\u00e9micos de la regi\u00f3n para abordar temas como el crecimiento de la colaboraci\u00f3n entre instituciones del noroeste de M\u00e9xico con la UCSD. Santill\u00e1n P\u00e9rez resalt\u00f3 que para la universidad californiana resulta de gran inter\u00e9s el trabajo y los avances que ha registrado la UTT, ya que ha sido reconocida como una instituci\u00f3n que ofrece estudios de buena calidad, adem\u00e1s de que se ha destacado en la formaci\u00f3n de talentos en el sector industrial, en rubros como metal-mec\u00e1nica, electr\u00f3nica y ambiental. El memor\u00e1ndum de entendimiento y cooperaci\u00f3n, que tendr\u00e1 una duraci\u00f3n de cinco a\u00f1os, entr\u00f3 en vigor al momento de la firma, por lo que en breve se agendar\u00e1n sesiones informativas con los estudiantes interesados en conocer los requisitos para acceder al programa de movilidad.<\/p>\n","protected":false},"author":2,"featured_media":0,"parent":0,"menu_order":0,"comment_status":"closed","ping_status":"closed","template":"","meta":{"_monsterinsights_skip_tracking":false,"_monsterinsights_sitenote_active":false,"_monsterinsights_sitenote_note":"","_monsterinsights_sitenote_category":0,"_uf_show_specific_survey":0,"_uf_disable_surveys":false,"site-sidebar-layout":"no-sidebar","site-content-layout":"page-builder","ast-site-content-layout":"default","site-content-style":"default","site-sidebar-style":"default","ast-global-header-display":"","ast-banner-title-visibility":"","ast-main-header-display":"","ast-hfb-above-header-display":"","ast-hfb-below-header-display":"","ast-hfb-mobile-header-display":"","site-post-title":"disabled","ast-breadcrumbs-content":"","ast-featured-img":"disabled","footer-sml-layout":"","ast-disable-related-posts":"","theme-transparent-header-meta":"","adv-header-id-meta":"","stick-header-meta":"","header-above-stick-meta":"","header-main-stick-meta":"","header-below-stick-meta":"","astra-migrate-meta-layouts":"default","ast-page-background-enabled":"default","ast-page-background-meta":{"desktop":{"background-color":"","background-image":"","background-repeat":"repeat","background-position":"center center","background-size":"auto","background-attachment":"scroll","background-type":"","background-media":"","overlay-type":"","overlay-color":"","overlay-opacity":"","overlay-gradient":""},"tablet":{"background-color":"","background-image":"","background-repeat":"repeat","background-position":"center center","background-size":"auto","background-attachment":"scroll","background-type":"","background-media":"","overlay-type":"","overlay-color":"","overlay-opacity":"","overlay-gradient":""},"mobile":{"background-color":"","background-image":"","background-repeat":"repeat","background-position":"center center","background-size":"auto","background-attachment":"scroll","background-type":"","background-media":"","overlay-type":"","overlay-color":"","overlay-opacity":"","overlay-gradient":""}},"ast-content-background-meta":{"desktop":{"background-color":"var(--ast-global-color-5)","background-image":"","background-repeat":"repeat","background-position":"center center","background-size":"auto","background-attachment":"scroll","background-type":"","background-media":"","overlay-type":"","overlay-color":"","overlay-opacity":"","overlay-gradient":""},"tablet":{"background-color":"var(--ast-global-color-5)","background-image":"","background-repeat":"repeat","background-position":"center center","background-size":"auto","background-attachment":"scroll","background-type":"","background-media":"","overlay-type":"","overlay-color":"","overlay-opacity":"","overlay-gradient":""},"mobile":{"background-color":"var(--ast-global-color-5)","background-image":"","background-repeat":"repeat","background-position":"center center","background-size":"auto","background-attachment":"scroll","background-type":"","background-media":"","overlay-type":"","overlay-color":"","overlay-opacity":"","overlay-gradient":""}},"footnotes":""},"class_list":["post-9354","page","type-page","status-publish","hentry"],"_links":{"self":[{"href":"https:\/\/uttijuana.edu.mx\/index.php\/wp-json\/wp\/v2\/pages\/9354","targetHints":{"allow":["GET"]}}],"collection":[{"href":"https:\/\/uttijuana.edu.mx\/index.php\/wp-json\/wp\/v2\/pages"}],"about":[{"href":"https:\/\/uttijuana.edu.mx\/index.php\/wp-json\/wp\/v2\/types\/page"}],"author":[{"embeddable":true,"href":"https:\/\/uttijuana.edu.mx\/index.php\/wp-json\/wp\/v2\/users\/2"}],"replies":[{"embeddable":true,"href":"https:\/\/uttijuana.edu.mx\/index.php\/wp-json\/wp\/v2\/comments?post=9354"}],"version-history":[{"count":4,"href":"https:\/\/uttijuana.edu.mx\/index.php\/wp-json\/wp\/v2\/pages\/9354\/revisions"}],"predecessor-version":[{"id":9360,"href":"https:\/\/uttijuana.edu.mx\/index.php\/wp-json\/wp\/v2\/pages\/9354\/revisions\/9360"}],"wp:attachment":[{"href":"https:\/\/uttijuana.edu.mx\/index.php\/wp-json\/wp\/v2\/media?parent=9354"}],"curies":[{"name":"wp","href":"https:\/\/api.w.org\/{rel}","templated":true}]}}