{"id":9430,"date":"2022-06-27T23:26:16","date_gmt":"2022-06-27T23:26:16","guid":{"rendered":"https:\/\/uttijuana.edu.mx\/?page_id=9430"},"modified":"2022-06-27T23:32:21","modified_gmt":"2022-06-27T23:32:21","slug":"entrega-rector-de-utt-uniformes-a-selectivos-de-futbol-siete-y-beisbol","status":"publish","type":"page","link":"https:\/\/uttijuana.edu.mx\/index.php\/entrega-rector-de-utt-uniformes-a-selectivos-de-futbol-siete-y-beisbol\/","title":{"rendered":"ENTREGA RECTOR DE UTT UNIFORMES A SELECTIVOS DE F\u00daTBOL SIETE Y B\u00c9ISBOL\u200b"},"content":{"rendered":"\t\t<div data-elementor-type=\"wp-page\" data-elementor-id=\"9430\" class=\"elementor elementor-9430\" data-elementor-post-type=\"page\">\n\t\t\t\t\t\t<section class=\"elementor-section elementor-top-section elementor-element elementor-element-059b162 elementor-section-boxed elementor-section-height-default elementor-section-height-default wpr-particle-no wpr-jarallax-no wpr-parallax-no wpr-sticky-section-no\" data-id=\"059b162\" data-element_type=\"section\">\n\t\t\t\t\t\t<div class=\"elementor-container elementor-column-gap-default\">\n\t\t\t\t\t<div class=\"elementor-column elementor-col-100 elementor-top-column elementor-element elementor-element-4df3e95\" data-id=\"4df3e95\" data-element_type=\"column\">\n\t\t\t<div class=\"elementor-widget-wrap elementor-element-populated\">\n\t\t\t\t\t\t<div class=\"elementor-element elementor-element-abde316 elementor-widget elementor-widget-heading\" data-id=\"abde316\" data-element_type=\"widget\" data-widget_type=\"heading.default\">\n\t\t\t\t<div class=\"elementor-widget-container\">\n\t\t\t\t\t<h2 class=\"elementor-heading-title elementor-size-default\"><h2 data-elementor-setting-key=\"title\" data-pen-placeholder=\"Teclea aqu\u00ed...\" style=\"font-style: normal;font-weight: var( --e-global-typography-primary-font-weight );font-family: Montserrat, sans-serif;text-align: center\">ENTREGA RECTOR DE UTT UNIFORMES A SELECTIVOS DE F\u00daTBOL SIETE Y B\u00c9ISBOL<\/h2><\/h2>\t\t\t\t<\/div>\n\t\t\t\t<\/div>\n\t\t\t\t<div class=\"elementor-element elementor-element-92307db elementor-widget elementor-widget-image\" data-id=\"92307db\" data-element_type=\"widget\" data-widget_type=\"image.default\">\n\t\t\t\t<div class=\"elementor-widget-container\">\n\t\t\t\t\t\t\t\t\t\t\t\t\t\t\t<img decoding=\"async\" data-src=\"https:\/\/uttijuana.edu.mx\/wp-content\/uploads\/2022\/06\/WhatsApp-Image-2022-06-27-at-3.29.02-PM.jpeg\" title=\"\" alt=\"\" src=\"data:image\/gif;base64,R0lGODlhAQABAAAAACH5BAEKAAEALAAAAAABAAEAAAICTAEAOw==\" class=\"lazyload\" \/>\t\t\t\t\t\t\t\t\t\t\t\t\t\t\t<\/div>\n\t\t\t\t<\/div>\n\t\t\t\t<div class=\"elementor-element elementor-element-a71e8c8 elementor-widget elementor-widget-heading\" data-id=\"a71e8c8\" data-element_type=\"widget\" data-widget_type=\"heading.default\">\n\t\t\t\t<div class=\"elementor-widget-container\">\n\t\t\t\t\t<h5 class=\"elementor-heading-title elementor-size-medium\"> <BLOCKQUOTE> Los equipos de la UTT participan en ligas locales<p> <\/p> \n \nPara incentivar y reconocer el esfuerzo de los alumnos que participan en ligas locales en las disciplinas de f\u00fatbol siete y b\u00e9isbol, el rector de la Universidad Tecnol\u00f3gica de Tijuana (UTT), Javier Santill\u00e1n P\u00e9rez, les hizo entrega de uniformes correspondientes a la presente temporada.<p>  <\/p> \n \nEl equipo de f\u00fatbol siete, que est\u00e1 a cargo del entrenador Margarito Hern\u00e1ndez Torres, lidera actualmente su grupo en la segunda categor\u00eda que se juega en Planeta Gol, mientras que el equipo de b\u00e9isbol, dirigido por \u00d3scar Javier Del Cid Aguilar, compite en la liga de b\u00e9isbol amateur de La Mesa por invitaci\u00f3n.<p>  <\/p> \n \nEl rector felicit\u00f3 a los representantes de ambos equipos por dedicar parte de su valioso tiempo a la pr\u00e1ctica de un deporte, pero sobre todo por representar a la UTT con disciplina, valores y respeto hacia los rivales.<p>  <\/p> \n \n\u201cQuiero decirles que portar esta playera de la UTT implica un compromiso muy grande porque representan a una instituci\u00f3n que se ha ganado un espacio en la sociedad como una universidad de calidad y de valores\u201d, expres\u00f3.<p>  <\/p> \n \nSantill\u00e1n P\u00e9rez les pidi\u00f3 que porten con orgullo la playera de la Universidad Tecnol\u00f3gica de Tijuana y que recuerden que hay una comunidad educativa que les ofrece su respaldo, a fin de que logren cumplir los objetivos.<p>  <\/p> \n \nEn la entrega simb\u00f3lica participaron los alumnos Ilet Samantha Garc\u00eda Soto, Lesly Cangas D\u00edaz y Pablo Andr\u00e9s Cerda Gonz\u00e1lez, que forman parte del selectivo de b\u00e9isbol. Del equipo de f\u00fatbol siete recibieron sus uniformes Williams Valenzuela Rodr\u00edguez, Jes\u00fas Manuel Contreras y Mois\u00e9s Gonz\u00e1lez Rosales.<p>  <\/p> \n \nAl igual que los uniformes entregados a los equipos de b\u00e1squetbol y flag, el dise\u00f1o cuenta con algunos elementos distintivos de la UTT, como las alas, garras y los colores de los cuervos, la mascota de la instituci\u00f3n.<p>  <\/p> \n \nEl rector de esta casa de estudios tambi\u00e9n recibi\u00f3 las playeras, ambas marcadas con el n\u00famero uno, junto con el compromiso de los estudiantes de luchar por obtener los primeros lugares en sus respectivas disciplinas.<\/h5>\t\t\t\t<\/div>\n\t\t\t\t<\/div>\n\t\t\t\t<div class=\"elementor-element elementor-element-26b63ea elementor-widget elementor-widget-image\" data-id=\"26b63ea\" data-element_type=\"widget\" data-widget_type=\"image.default\">\n\t\t\t\t<div class=\"elementor-widget-container\">\n\t\t\t\t\t\t\t\t\t\t\t\t\t\t\t<img decoding=\"async\" data-src=\"https:\/\/uttijuana.edu.mx\/wp-content\/uploads\/2022\/06\/WhatsApp-Image-2022-06-27-at-3.29.12-PM.jpeg\" title=\"\" alt=\"\" src=\"data:image\/gif;base64,R0lGODlhAQABAAAAACH5BAEKAAEALAAAAAABAAEAAAICTAEAOw==\" class=\"lazyload\" \/>\t\t\t\t\t\t\t\t\t\t\t\t\t\t\t<\/div>\n\t\t\t\t<\/div>\n\t\t\t\t\t<\/div>\n\t\t<\/div>\n\t\t\t\t\t<\/div>\n\t\t<\/section>\n\t\t\t\t<\/div>\n\t\t","protected":false},"excerpt":{"rendered":"<p>ENTREGA RECTOR DE UTT UNIFORMES A SELECTIVOS DE F\u00daTBOL SIETE Y B\u00c9ISBOL Los equipos de la UTT participan en ligas locales Para incentivar y reconocer el esfuerzo de los alumnos que participan en ligas locales en las disciplinas de f\u00fatbol siete y b\u00e9isbol, el rector de la Universidad Tecnol\u00f3gica de Tijuana (UTT), Javier Santill\u00e1n P\u00e9rez, les hizo entrega de uniformes correspondientes a la presente temporada. El equipo de f\u00fatbol siete, que est\u00e1 a cargo del entrenador Margarito Hern\u00e1ndez Torres, lidera actualmente su grupo en la segunda categor\u00eda que se juega en Planeta Gol, mientras que el equipo de b\u00e9isbol, dirigido por \u00d3scar Javier Del Cid Aguilar, compite en la liga de b\u00e9isbol amateur de La Mesa por invitaci\u00f3n. El rector felicit\u00f3 a los representantes de ambos equipos por dedicar parte de su valioso tiempo a la pr\u00e1ctica de un deporte, pero sobre todo por representar a la UTT con disciplina, valores y respeto hacia los rivales. \u201cQuiero decirles que portar esta playera de la UTT implica un compromiso muy grande porque representan a una instituci\u00f3n que se ha ganado un espacio en la sociedad como una universidad de calidad y de valores\u201d, expres\u00f3. Santill\u00e1n P\u00e9rez les pidi\u00f3 que porten con orgullo la playera de la Universidad Tecnol\u00f3gica de Tijuana y que recuerden que hay una comunidad educativa que les ofrece su respaldo, a fin de que logren cumplir los objetivos. En la entrega simb\u00f3lica participaron los alumnos Ilet Samantha Garc\u00eda Soto, Lesly Cangas D\u00edaz y Pablo Andr\u00e9s Cerda Gonz\u00e1lez, que forman parte del selectivo de b\u00e9isbol. Del equipo de f\u00fatbol siete recibieron sus uniformes Williams Valenzuela Rodr\u00edguez, Jes\u00fas Manuel Contreras y Mois\u00e9s Gonz\u00e1lez Rosales. Al igual que los uniformes entregados a los equipos de b\u00e1squetbol y flag, el dise\u00f1o cuenta con algunos elementos distintivos de la UTT, como las alas, garras y los colores de los cuervos, la mascota de la instituci\u00f3n. El rector de esta casa de estudios tambi\u00e9n recibi\u00f3 las playeras, ambas marcadas con el n\u00famero uno, junto con el compromiso de los estudiantes de luchar por obtener los primeros lugares en sus respectivas disciplinas.<\/p>\n","protected":false},"author":2,"featured_media":0,"parent":0,"menu_order":0,"comment_status":"closed","ping_status":"closed","template":"","meta":{"_monsterinsights_skip_tracking":false,"_monsterinsights_sitenote_active":false,"_monsterinsights_sitenote_note":"","_monsterinsights_sitenote_category":0,"_uf_show_specific_survey":0,"_uf_disable_surveys":false,"site-sidebar-layout":"no-sidebar","site-content-layout":"page-builder","ast-site-content-layout":"default","site-content-style":"default","site-sidebar-style":"default","ast-global-header-display":"","ast-banner-title-visibility":"","ast-main-header-display":"","ast-hfb-above-header-display":"","ast-hfb-below-header-display":"","ast-hfb-mobile-header-display":"","site-post-title":"disabled","ast-breadcrumbs-content":"","ast-featured-img":"disabled","footer-sml-layout":"","ast-disable-related-posts":"","theme-transparent-header-meta":"","adv-header-id-meta":"","stick-header-meta":"","header-above-stick-meta":"","header-main-stick-meta":"","header-below-stick-meta":"","astra-migrate-meta-layouts":"default","ast-page-background-enabled":"default","ast-page-background-meta":{"desktop":{"background-color":"","background-image":"","background-repeat":"repeat","background-position":"center center","background-size":"auto","background-attachment":"scroll","background-type":"","background-media":"","overlay-type":"","overlay-color":"","overlay-opacity":"","overlay-gradient":""},"tablet":{"background-color":"","background-image":"","background-repeat":"repeat","background-position":"center center","background-size":"auto","background-attachment":"scroll","background-type":"","background-media":"","overlay-type":"","overlay-color":"","overlay-opacity":"","overlay-gradient":""},"mobile":{"background-color":"","background-image":"","background-repeat":"repeat","background-position":"center center","background-size":"auto","background-attachment":"scroll","background-type":"","background-media":"","overlay-type":"","overlay-color":"","overlay-opacity":"","overlay-gradient":""}},"ast-content-background-meta":{"desktop":{"background-color":"var(--ast-global-color-5)","background-image":"","background-repeat":"repeat","background-position":"center center","background-size":"auto","background-attachment":"scroll","background-type":"","background-media":"","overlay-type":"","overlay-color":"","overlay-opacity":"","overlay-gradient":""},"tablet":{"background-color":"var(--ast-global-color-5)","background-image":"","background-repeat":"repeat","background-position":"center center","background-size":"auto","background-attachment":"scroll","background-type":"","background-media":"","overlay-type":"","overlay-color":"","overlay-opacity":"","overlay-gradient":""},"mobile":{"background-color":"var(--ast-global-color-5)","background-image":"","background-repeat":"repeat","background-position":"center center","background-size":"auto","background-attachment":"scroll","background-type":"","background-media":"","overlay-type":"","overlay-color":"","overlay-opacity":"","overlay-gradient":""}},"footnotes":""},"class_list":["post-9430","page","type-page","status-publish","hentry"],"_links":{"self":[{"href":"https:\/\/uttijuana.edu.mx\/index.php\/wp-json\/wp\/v2\/pages\/9430","targetHints":{"allow":["GET"]}}],"collection":[{"href":"https:\/\/uttijuana.edu.mx\/index.php\/wp-json\/wp\/v2\/pages"}],"about":[{"href":"https:\/\/uttijuana.edu.mx\/index.php\/wp-json\/wp\/v2\/types\/page"}],"author":[{"embeddable":true,"href":"https:\/\/uttijuana.edu.mx\/index.php\/wp-json\/wp\/v2\/users\/2"}],"replies":[{"embeddable":true,"href":"https:\/\/uttijuana.edu.mx\/index.php\/wp-json\/wp\/v2\/comments?post=9430"}],"version-history":[{"count":8,"href":"https:\/\/uttijuana.edu.mx\/index.php\/wp-json\/wp\/v2\/pages\/9430\/revisions"}],"predecessor-version":[{"id":9439,"href":"https:\/\/uttijuana.edu.mx\/index.php\/wp-json\/wp\/v2\/pages\/9430\/revisions\/9439"}],"wp:attachment":[{"href":"https:\/\/uttijuana.edu.mx\/index.php\/wp-json\/wp\/v2\/media?parent=9430"}],"curies":[{"name":"wp","href":"https:\/\/api.w.org\/{rel}","templated":true}]}}