{"id":9474,"date":"2022-07-04T17:29:36","date_gmt":"2022-07-04T17:29:36","guid":{"rendered":"https:\/\/uttijuana.edu.mx\/?page_id=9474"},"modified":"2022-07-04T17:52:55","modified_gmt":"2022-07-04T17:52:55","slug":"egresan-de-la-utt-400-nuevos-profesionistas","status":"publish","type":"page","link":"https:\/\/uttijuana.edu.mx\/index.php\/egresan-de-la-utt-400-nuevos-profesionistas\/","title":{"rendered":"EGRESAN DE LA UTT 400 NUEVOS PROFESIONISTAS"},"content":{"rendered":"\t\t<div data-elementor-type=\"wp-page\" data-elementor-id=\"9474\" class=\"elementor elementor-9474\" data-elementor-post-type=\"page\">\n\t\t\t\t\t\t<section class=\"elementor-section elementor-top-section elementor-element elementor-element-10e72ee elementor-section-boxed elementor-section-height-default elementor-section-height-default wpr-particle-no wpr-jarallax-no wpr-parallax-no wpr-sticky-section-no\" data-id=\"10e72ee\" data-element_type=\"section\">\n\t\t\t\t\t\t<div class=\"elementor-container elementor-column-gap-default\">\n\t\t\t\t\t<div class=\"elementor-column elementor-col-100 elementor-top-column elementor-element elementor-element-9b33327\" data-id=\"9b33327\" data-element_type=\"column\">\n\t\t\t<div class=\"elementor-widget-wrap elementor-element-populated\">\n\t\t\t\t\t\t<div class=\"elementor-element elementor-element-6d4bfbc elementor-widget elementor-widget-heading\" data-id=\"6d4bfbc\" data-element_type=\"widget\" data-widget_type=\"heading.default\">\n\t\t\t\t<div class=\"elementor-widget-container\">\n\t\t\t\t\t<h2 class=\"elementor-heading-title elementor-size-default\">EGRESAN DE LA UTT 400 NUEVOS PROFESIONISTAS<\/h2>\t\t\t\t<\/div>\n\t\t\t\t<\/div>\n\t\t\t\t\t<\/div>\n\t\t<\/div>\n\t\t\t\t\t<\/div>\n\t\t<\/section>\n\t\t\t\t<section class=\"elementor-section elementor-top-section elementor-element elementor-element-7575c4b elementor-section-boxed elementor-section-height-default elementor-section-height-default wpr-particle-no wpr-jarallax-no wpr-parallax-no wpr-sticky-section-no\" data-id=\"7575c4b\" data-element_type=\"section\">\n\t\t\t\t\t\t<div class=\"elementor-container elementor-column-gap-default\">\n\t\t\t\t\t<div class=\"elementor-column elementor-col-100 elementor-top-column elementor-element elementor-element-07cf6e2\" data-id=\"07cf6e2\" data-element_type=\"column\">\n\t\t\t<div class=\"elementor-widget-wrap elementor-element-populated\">\n\t\t\t\t\t\t<div class=\"elementor-element elementor-element-39b48e3 elementor-widget elementor-widget-image\" data-id=\"39b48e3\" data-element_type=\"widget\" data-widget_type=\"image.default\">\n\t\t\t\t<div class=\"elementor-widget-container\">\n\t\t\t\t\t\t\t\t\t\t\t\t\t\t\t<img decoding=\"async\" data-src=\"https:\/\/uttijuana.edu.mx\/wp-content\/uploads\/2022\/07\/IMG_9124-scaled.jpg\" title=\"\" alt=\"\" src=\"data:image\/gif;base64,R0lGODlhAQABAAAAACH5BAEKAAEALAAAAAABAAEAAAICTAEAOw==\" class=\"lazyload\" \/>\t\t\t\t\t\t\t\t\t\t\t\t\t\t\t<\/div>\n\t\t\t\t<\/div>\n\t\t\t\t<div class=\"elementor-element elementor-element-d64d826 elementor-widget elementor-widget-heading\" data-id=\"d64d826\" data-element_type=\"widget\" data-widget_type=\"heading.default\">\n\t\t\t\t<div class=\"elementor-widget-container\">\n\t\t\t\t\t<h5 class=\"elementor-heading-title elementor-size-medium\"> <BLOCKQUOTE>\nAutoridades educativas destacaron el esfuerzo de los ahora\negresados para concluir su formaci\u00f3n profesional <p> <\/p>\n\n\nTijuana, B.C., a 1 de julio de 2022.- Un total de 400 alumnos de la\nUniversidad Tecnol\u00f3gica de Tijuana (UTT), que pertenecen a la\ngeneraci\u00f3n 2018-2022, obtuvieron su constancia simb\u00f3lica de\nterminaci\u00f3n de estudios por parte de autoridades educativas. <p> <\/p>\nFueron cinco actos acad\u00e9micos los que se celebraron para despedir a\nlos alumnos de las carreras Electromec\u00e1nica Industrial, Desarrollo de\nNegocios, Dise\u00f1o y Gesti\u00f3n de Redes Log\u00edsticas, Contadur\u00eda,\nMecatr\u00f3nica, Energ\u00edas Renovables, Qu\u00edmica y Tecnolog\u00edas de la\nInformaci\u00f3n. <p> <\/p>\n\nA nombre de la rector\u00eda, el Secretario Acad\u00e9mico, Mtro. Francisco\nCastro Ben\u00edtez, destac\u00f3 el esfuerzo de esta generaci\u00f3n de ingenieros\ny licenciados ante la situaci\u00f3n at\u00edpica que se vivi\u00f3, porque afrontaron\nlos retos que les impuso la pandemia y no se dieron por vencidos\nhasta cumplir su objetivo. <p> <\/p>\n\nReconoci\u00f3 que para los maestros represent\u00f3 un desaf\u00edo impartir las\nclases en l\u00ednea, sin embargo hicieron su mayor esfuerzo para que\ncada uno de los alumnos recibiera la formaci\u00f3n acad\u00e9mica necesaria\npara el adecuado ejercicio de su profesi\u00f3n. <p> <\/p>\n\nDurante los distintos actos acad\u00e9micos los alumnos rindieron un\nhomenaje a sus familiares por el apoyo recibido durante su estancia\nen la UTT, mientras que a los maestros les brindaron un aplauso por\nsu dedicaci\u00f3n y acompa\u00f1amiento. <p> <\/p>\n\nAdem\u00e1s de hacer entrega de las constancias y del mensaje de la\nrector\u00eda a cada uno de los egresados, directores de carrera\nreconocieron a los mejores promedios, quienes se destacaron por su\ndedicaci\u00f3n y disciplina, pese a que algunos tuvieron que combinar sus\nestudios con el trabajo. <p> <\/p> \n\nEl Secretario Acad\u00e9mico, Francisco Castro Ben\u00edtez, dese\u00f3 el mayor de\nlos \u00e9xitos a cada uno de los egresados y los exhort\u00f3 a que dejen muy\nen alto el nombre de la Universidad Tecnol\u00f3gica de Tijuana (UTT) en\ndonde vayan a desempe\u00f1ar su profesi\u00f3n y les record\u00f3 que tienen\nabiertas las puertas de su casa de estudios.<\/h5>\t\t\t\t<\/div>\n\t\t\t\t<\/div>\n\t\t\t\t<div class=\"elementor-element elementor-element-8de3e55 elementor-widget elementor-widget-gallery\" data-id=\"8de3e55\" data-element_type=\"widget\" data-settings=\"{&quot;gallery_layout&quot;:&quot;masonry&quot;,&quot;columns&quot;:3,&quot;gap&quot;:{&quot;unit&quot;:&quot;px&quot;,&quot;size&quot;:6,&quot;sizes&quot;:[]},&quot;lazyload&quot;:&quot;yes&quot;,&quot;columns_tablet&quot;:2,&quot;columns_mobile&quot;:1,&quot;gap_tablet&quot;:{&quot;unit&quot;:&quot;px&quot;,&quot;size&quot;:10,&quot;sizes&quot;:[]},&quot;gap_mobile&quot;:{&quot;unit&quot;:&quot;px&quot;,&quot;size&quot;:10,&quot;sizes&quot;:[]},&quot;link_to&quot;:&quot;file&quot;,&quot;overlay_background&quot;:&quot;yes&quot;,&quot;content_hover_animation&quot;:&quot;fade-in&quot;}\" data-widget_type=\"gallery.default\">\n\t\t\t\t<div class=\"elementor-widget-container\">\n\t\t\t\t\t\t\t<div class=\"elementor-gallery__container\">\n\t\t\t\t\t<\/div>\n\t\t\t\t\t<\/div>\n\t\t\t\t<\/div>\n\t\t\t\t\t<\/div>\n\t\t<\/div>\n\t\t\t\t\t<\/div>\n\t\t<\/section>\n\t\t\t\t<section class=\"elementor-section elementor-top-section elementor-element elementor-element-457c892 elementor-section-boxed elementor-section-height-default elementor-section-height-default wpr-particle-no wpr-jarallax-no wpr-parallax-no wpr-sticky-section-no\" data-id=\"457c892\" data-element_type=\"section\">\n\t\t\t\t\t\t<div class=\"elementor-container elementor-column-gap-default\">\n\t\t\t\t\t<div class=\"elementor-column elementor-col-100 elementor-top-column elementor-element elementor-element-860a11e\" data-id=\"860a11e\" data-element_type=\"column\">\n\t\t\t<div class=\"elementor-widget-wrap elementor-element-populated\">\n\t\t\t\t\t\t<div class=\"elementor-element elementor-element-e387c24 elementor-widget elementor-widget-spacer\" data-id=\"e387c24\" data-element_type=\"widget\" data-widget_type=\"spacer.default\">\n\t\t\t\t<div class=\"elementor-widget-container\">\n\t\t\t\t\t\t\t<div class=\"elementor-spacer\">\n\t\t\t<div class=\"elementor-spacer-inner\"><\/div>\n\t\t<\/div>\n\t\t\t\t\t\t<\/div>\n\t\t\t\t<\/div>\n\t\t\t\t\t<\/div>\n\t\t<\/div>\n\t\t\t\t\t<\/div>\n\t\t<\/section>\n\t\t\t\t<\/div>\n\t\t","protected":false},"excerpt":{"rendered":"<p>EGRESAN DE LA UTT 400 NUEVOS PROFESIONISTAS Autoridades educativas destacaron el esfuerzo de los ahora egresados para concluir su formaci\u00f3n profesional Tijuana, B.C., a 1 de julio de 2022.- Un total de 400 alumnos de la Universidad Tecnol\u00f3gica de Tijuana (UTT), que pertenecen a la generaci\u00f3n 2018-2022, obtuvieron su constancia simb\u00f3lica de terminaci\u00f3n de estudios por parte de autoridades educativas. Fueron cinco actos acad\u00e9micos los que se celebraron para despedir a los alumnos de las carreras Electromec\u00e1nica Industrial, Desarrollo de Negocios, Dise\u00f1o y Gesti\u00f3n de Redes Log\u00edsticas, Contadur\u00eda, Mecatr\u00f3nica, Energ\u00edas Renovables, Qu\u00edmica y Tecnolog\u00edas de la Informaci\u00f3n. A nombre de la rector\u00eda, el Secretario Acad\u00e9mico, Mtro. Francisco Castro Ben\u00edtez, destac\u00f3 el esfuerzo de esta generaci\u00f3n de ingenieros y licenciados ante la situaci\u00f3n at\u00edpica que se vivi\u00f3, porque afrontaron los retos que les impuso la pandemia y no se dieron por vencidos hasta cumplir su objetivo. Reconoci\u00f3 que para los maestros represent\u00f3 un desaf\u00edo impartir las clases en l\u00ednea, sin embargo hicieron su mayor esfuerzo para que cada uno de los alumnos recibiera la formaci\u00f3n acad\u00e9mica necesaria para el adecuado ejercicio de su profesi\u00f3n. Durante los distintos actos acad\u00e9micos los alumnos rindieron un homenaje a sus familiares por el apoyo recibido durante su estancia en la UTT, mientras que a los maestros les brindaron un aplauso por su dedicaci\u00f3n y acompa\u00f1amiento. Adem\u00e1s de hacer entrega de las constancias y del mensaje de la rector\u00eda a cada uno de los egresados, directores de carrera reconocieron a los mejores promedios, quienes se destacaron por su dedicaci\u00f3n y disciplina, pese a que algunos tuvieron que combinar sus estudios con el trabajo. El Secretario Acad\u00e9mico, Francisco Castro Ben\u00edtez, dese\u00f3 el mayor de los \u00e9xitos a cada uno de los egresados y los exhort\u00f3 a que dejen muy en alto el nombre de la Universidad Tecnol\u00f3gica de Tijuana (UTT) en donde vayan a desempe\u00f1ar su profesi\u00f3n y les record\u00f3 que tienen abiertas las puertas de su casa de estudios.<\/p>\n","protected":false},"author":2,"featured_media":0,"parent":0,"menu_order":0,"comment_status":"closed","ping_status":"closed","template":"","meta":{"_monsterinsights_skip_tracking":false,"_monsterinsights_sitenote_active":false,"_monsterinsights_sitenote_note":"","_monsterinsights_sitenote_category":0,"_uf_show_specific_survey":0,"_uf_disable_surveys":false,"site-sidebar-layout":"no-sidebar","site-content-layout":"page-builder","ast-site-content-layout":"default","site-content-style":"default","site-sidebar-style":"default","ast-global-header-display":"","ast-banner-title-visibility":"","ast-main-header-display":"","ast-hfb-above-header-display":"","ast-hfb-below-header-display":"","ast-hfb-mobile-header-display":"","site-post-title":"disabled","ast-breadcrumbs-content":"","ast-featured-img":"disabled","footer-sml-layout":"","ast-disable-related-posts":"","theme-transparent-header-meta":"","adv-header-id-meta":"","stick-header-meta":"","header-above-stick-meta":"","header-main-stick-meta":"","header-below-stick-meta":"","astra-migrate-meta-layouts":"default","ast-page-background-enabled":"default","ast-page-background-meta":{"desktop":{"background-color":"","background-image":"","background-repeat":"repeat","background-position":"center center","background-size":"auto","background-attachment":"scroll","background-type":"","background-media":"","overlay-type":"","overlay-color":"","overlay-opacity":"","overlay-gradient":""},"tablet":{"background-color":"","background-image":"","background-repeat":"repeat","background-position":"center center","background-size":"auto","background-attachment":"scroll","background-type":"","background-media":"","overlay-type":"","overlay-color":"","overlay-opacity":"","overlay-gradient":""},"mobile":{"background-color":"","background-image":"","background-repeat":"repeat","background-position":"center center","background-size":"auto","background-attachment":"scroll","background-type":"","background-media":"","overlay-type":"","overlay-color":"","overlay-opacity":"","overlay-gradient":""}},"ast-content-background-meta":{"desktop":{"background-color":"var(--ast-global-color-5)","background-image":"","background-repeat":"repeat","background-position":"center center","background-size":"auto","background-attachment":"scroll","background-type":"","background-media":"","overlay-type":"","overlay-color":"","overlay-opacity":"","overlay-gradient":""},"tablet":{"background-color":"var(--ast-global-color-5)","background-image":"","background-repeat":"repeat","background-position":"center center","background-size":"auto","background-attachment":"scroll","background-type":"","background-media":"","overlay-type":"","overlay-color":"","overlay-opacity":"","overlay-gradient":""},"mobile":{"background-color":"var(--ast-global-color-5)","background-image":"","background-repeat":"repeat","background-position":"center center","background-size":"auto","background-attachment":"scroll","background-type":"","background-media":"","overlay-type":"","overlay-color":"","overlay-opacity":"","overlay-gradient":""}},"footnotes":""},"class_list":["post-9474","page","type-page","status-publish","hentry"],"_links":{"self":[{"href":"https:\/\/uttijuana.edu.mx\/index.php\/wp-json\/wp\/v2\/pages\/9474","targetHints":{"allow":["GET"]}}],"collection":[{"href":"https:\/\/uttijuana.edu.mx\/index.php\/wp-json\/wp\/v2\/pages"}],"about":[{"href":"https:\/\/uttijuana.edu.mx\/index.php\/wp-json\/wp\/v2\/types\/page"}],"author":[{"embeddable":true,"href":"https:\/\/uttijuana.edu.mx\/index.php\/wp-json\/wp\/v2\/users\/2"}],"replies":[{"embeddable":true,"href":"https:\/\/uttijuana.edu.mx\/index.php\/wp-json\/wp\/v2\/comments?post=9474"}],"version-history":[{"count":7,"href":"https:\/\/uttijuana.edu.mx\/index.php\/wp-json\/wp\/v2\/pages\/9474\/revisions"}],"predecessor-version":[{"id":9499,"href":"https:\/\/uttijuana.edu.mx\/index.php\/wp-json\/wp\/v2\/pages\/9474\/revisions\/9499"}],"wp:attachment":[{"href":"https:\/\/uttijuana.edu.mx\/index.php\/wp-json\/wp\/v2\/media?parent=9474"}],"curies":[{"name":"wp","href":"https:\/\/api.w.org\/{rel}","templated":true}]}}