{"id":9537,"date":"2022-07-08T18:25:21","date_gmt":"2022-07-08T18:25:21","guid":{"rendered":"https:\/\/uttijuana.edu.mx\/?page_id=9537"},"modified":"2022-07-08T18:38:30","modified_gmt":"2022-07-08T18:38:30","slug":"informa-utt-requisitos-para-alumnos-de-nuevo-ingreso","status":"publish","type":"page","link":"https:\/\/uttijuana.edu.mx\/index.php\/informa-utt-requisitos-para-alumnos-de-nuevo-ingreso\/","title":{"rendered":"INFORMA UTT REQUISITOS PARA ALUMNOS DE NUEVO INGRESO"},"content":{"rendered":"\t\t<div data-elementor-type=\"wp-page\" data-elementor-id=\"9537\" class=\"elementor elementor-9537\" data-elementor-post-type=\"page\">\n\t\t\t\t\t\t<section class=\"elementor-section elementor-top-section elementor-element elementor-element-ab97f25 elementor-section-boxed elementor-section-height-default elementor-section-height-default wpr-particle-no wpr-jarallax-no wpr-parallax-no wpr-sticky-section-no\" data-id=\"ab97f25\" data-element_type=\"section\">\n\t\t\t\t\t\t<div class=\"elementor-container elementor-column-gap-default\">\n\t\t\t\t\t<div class=\"elementor-column elementor-col-100 elementor-top-column elementor-element elementor-element-c4a2aec\" data-id=\"c4a2aec\" data-element_type=\"column\">\n\t\t\t<div class=\"elementor-widget-wrap elementor-element-populated\">\n\t\t\t\t\t\t<div class=\"elementor-element elementor-element-4c98755 elementor-widget elementor-widget-heading\" data-id=\"4c98755\" data-element_type=\"widget\" data-widget_type=\"heading.default\">\n\t\t\t\t<div class=\"elementor-widget-container\">\n\t\t\t\t\t<h2 class=\"elementor-heading-title elementor-size-default\"><h2 class=\"elementor-heading-title elementor-size-default elementor-inline-editing pen\" data-elementor-setting-key=\"title\" data-pen-placeholder=\"Teclea aqu\u00ed...\" style=\"font-style: normal;font-weight: var( --e-global-typography-primary-font-weight );font-family: Montserrat, sans-serif;text-align: center\">INFORMA UTT REQUISITOS PARA ALUMNOS DE NUEVO\n<\/h2><span style=\"font-size: 2rem;font-weight: var( --e-global-typography-primary-font-weight );text-align: center;background-color: var(--ast-global-color-4)\">INGRESO<\/span><\/h2>\t\t\t\t<\/div>\n\t\t\t\t<\/div>\n\t\t\t\t<div class=\"elementor-element elementor-element-c02c1b5 elementor-widget elementor-widget-image\" data-id=\"c02c1b5\" data-element_type=\"widget\" data-widget_type=\"image.default\">\n\t\t\t\t<div class=\"elementor-widget-container\">\n\t\t\t\t\t\t\t\t\t\t\t\t\t\t\t<img decoding=\"async\" data-src=\"https:\/\/uttijuana.edu.mx\/wp-content\/uploads\/2022\/07\/IMG_0065-scaled.jpg\" title=\"\" alt=\"\" src=\"data:image\/gif;base64,R0lGODlhAQABAAAAACH5BAEKAAEALAAAAAABAAEAAAICTAEAOw==\" class=\"lazyload\" \/>\t\t\t\t\t\t\t\t\t\t\t\t\t\t\t<\/div>\n\t\t\t\t<\/div>\n\t\t\t\t\t<\/div>\n\t\t<\/div>\n\t\t\t\t\t<\/div>\n\t\t<\/section>\n\t\t\t\t<section class=\"elementor-section elementor-top-section elementor-element elementor-element-2a3a3f4 elementor-section-boxed elementor-section-height-default elementor-section-height-default wpr-particle-no wpr-jarallax-no wpr-parallax-no wpr-sticky-section-no\" data-id=\"2a3a3f4\" data-element_type=\"section\">\n\t\t\t\t\t\t<div class=\"elementor-container elementor-column-gap-default\">\n\t\t\t\t\t<div class=\"elementor-column elementor-col-100 elementor-top-column elementor-element elementor-element-7c05363\" data-id=\"7c05363\" data-element_type=\"column\">\n\t\t\t<div class=\"elementor-widget-wrap elementor-element-populated\">\n\t\t\t\t\t\t<div class=\"elementor-element elementor-element-9c7cf68 elementor-widget elementor-widget-heading\" data-id=\"9c7cf68\" data-element_type=\"widget\" data-widget_type=\"heading.default\">\n\t\t\t\t<div class=\"elementor-widget-container\">\n\t\t\t\t\t<h5 class=\"elementor-heading-title elementor-size-medium\"> <BLOCKQUOTE>\n El pr\u00f3ximo cuatrimestre inicia el 29 de agosto<p> <\/p>\n\n\n\nDespu\u00e9s de dar a conocer los\nresultados del proceso de admisi\u00f3n 2022, la Universidad Tecnol\u00f3gica\nde Tijuana (UTT) exhorta a los seleccionados a mantenerse al\npendiente de las fechas para cumplir con los tr\u00e1mites de nuevo\ningreso.<p> <\/p>\n\nEl rector, Mtro. Salvador Morales Riub\u00ed, inform\u00f3 que la evaluaci\u00f3n y\nselecci\u00f3n de los estudiantes que ingresar\u00e1n el pr\u00f3ximo 29 de agosto\nse realiz\u00f3 en apego a la convocatoria 2022, en la que se ofertaron 13\ncarreras en Tijuana y cuatro en la Unidad Acad\u00e9mica de Ensenada,\nentre ingenier\u00edas y licenciaturas.<p> <\/p>\n\nLos alumnos que fueron admitidos deber\u00e1n presentarse del 18 al 22\nde julio en las instalaciones de la Universidad Tecnol\u00f3gica de Tijuana\npara hacer el pago del curso proped\u00e9utico y del primer cuatrimestre. El\ncurso proped\u00e9utico inicia el primero de agosto.<p> <\/p>\n\nEl periodo de entrega de documentos ser\u00e1 del ocho al 22 de agosto.\nEs necesario que los aspirantes seleccionados presenten acta de\nnacimiento, certificado de bachillerato o constancia de terminaci\u00f3n de\nestudios, Clave \u00danica de Registro de Poblaci\u00f3n (CURP), as\u00ed como el\nn\u00famero de seguro social.<p> <\/p>\n\nLos documentos deben estar actualizados, en buen estado y ser\npresentados con dos copias. Tambi\u00e9n se solicitar\u00e1 que muestren la\nficha pagada, tanto la referencia impresa como el recibo de pago.<p> <\/p>\n\nTrat\u00e1ndose de los egresados de otras entidades es requisito presentar\nel certificado de bachillerato legalizado, mientras que a los egresados\nextranjeros se les solicitar\u00e1 que cuenten con la resoluci\u00f3n de\nrevalidaci\u00f3n emitida por la Secretar\u00eda de Educaci\u00f3n P\u00fablica (SEP).<p> <\/p>\n\nMorales Riub\u00ed destac\u00f3 que la Universidad Tecnol\u00f3gica de Tijuana\n(UTT) cuenta con la infraestructura y los laboratorios equipados para\ndar cumplimiento al modelo educativo, que es 70 por ciento pr\u00e1ctico,\n30 por ciento te\u00f3rico, a fin de que los estudiantes reciban la\npreparaci\u00f3n conforme a lo que demanda el sector productivo.<p> <\/p>\n\nAdem\u00e1s, los alumnos de nuevo ingreso tendr\u00e1n la posibilidad de\nparticipar en actividades deportivas y culturales, como parte de su\nformaci\u00f3n integral.<p> <\/p>\n\nLos resultados del proceso de admisi\u00f3n pueden conocerse a trav\u00e9s\ndel portal www.uttijuana.edu.mx.<\/h5>\t\t\t\t<\/div>\n\t\t\t\t<\/div>\n\t\t\t\t\t<\/div>\n\t\t<\/div>\n\t\t\t\t\t<\/div>\n\t\t<\/section>\n\t\t\t\t<section class=\"elementor-section elementor-top-section elementor-element elementor-element-c1d9412 elementor-section-boxed elementor-section-height-default elementor-section-height-default wpr-particle-no wpr-jarallax-no wpr-parallax-no wpr-sticky-section-no\" data-id=\"c1d9412\" data-element_type=\"section\">\n\t\t\t\t\t\t<div class=\"elementor-container elementor-column-gap-default\">\n\t\t\t\t\t<div class=\"elementor-column elementor-col-100 elementor-top-column elementor-element elementor-element-3414c34\" data-id=\"3414c34\" data-element_type=\"column\">\n\t\t\t<div class=\"elementor-widget-wrap elementor-element-populated\">\n\t\t\t\t\t\t<div class=\"elementor-element elementor-element-9da6a6d elementor-widget elementor-widget-image\" data-id=\"9da6a6d\" data-element_type=\"widget\" data-widget_type=\"image.default\">\n\t\t\t\t<div class=\"elementor-widget-container\">\n\t\t\t\t\t\t\t\t\t\t\t\t\t\t\t<img decoding=\"async\" data-src=\"https:\/\/uttijuana.edu.mx\/wp-content\/uploads\/2022\/07\/IMG_0101-1-scaled.jpg\" title=\"\" alt=\"\" src=\"data:image\/gif;base64,R0lGODlhAQABAAAAACH5BAEKAAEALAAAAAABAAEAAAICTAEAOw==\" class=\"lazyload\" \/>\t\t\t\t\t\t\t\t\t\t\t\t\t\t\t<\/div>\n\t\t\t\t<\/div>\n\t\t\t\t\t<\/div>\n\t\t<\/div>\n\t\t\t\t\t<\/div>\n\t\t<\/section>\n\t\t\t\t<\/div>\n\t\t","protected":false},"excerpt":{"rendered":"<p>INFORMA UTT REQUISITOS PARA ALUMNOS DE NUEVO INGRESO El pr\u00f3ximo cuatrimestre inicia el 29 de agosto Despu\u00e9s de dar a conocer los resultados del proceso de admisi\u00f3n 2022, la Universidad Tecnol\u00f3gica de Tijuana (UTT) exhorta a los seleccionados a mantenerse al pendiente de las fechas para cumplir con los tr\u00e1mites de nuevo ingreso. El rector, Mtro. Salvador Morales Riub\u00ed, inform\u00f3 que la evaluaci\u00f3n y selecci\u00f3n de los estudiantes que ingresar\u00e1n el pr\u00f3ximo 29 de agosto se realiz\u00f3 en apego a la convocatoria 2022, en la que se ofertaron 13 carreras en Tijuana y cuatro en la Unidad Acad\u00e9mica de Ensenada, entre ingenier\u00edas y licenciaturas. Los alumnos que fueron admitidos deber\u00e1n presentarse del 18 al 22 de julio en las instalaciones de la Universidad Tecnol\u00f3gica de Tijuana para hacer el pago del curso proped\u00e9utico y del primer cuatrimestre. El curso proped\u00e9utico inicia el primero de agosto. El periodo de entrega de documentos ser\u00e1 del ocho al 22 de agosto. Es necesario que los aspirantes seleccionados presenten acta de nacimiento, certificado de bachillerato o constancia de terminaci\u00f3n de estudios, Clave \u00danica de Registro de Poblaci\u00f3n (CURP), as\u00ed como el n\u00famero de seguro social. Los documentos deben estar actualizados, en buen estado y ser presentados con dos copias. Tambi\u00e9n se solicitar\u00e1 que muestren la ficha pagada, tanto la referencia impresa como el recibo de pago. Trat\u00e1ndose de los egresados de otras entidades es requisito presentar el certificado de bachillerato legalizado, mientras que a los egresados extranjeros se les solicitar\u00e1 que cuenten con la resoluci\u00f3n de revalidaci\u00f3n emitida por la Secretar\u00eda de Educaci\u00f3n P\u00fablica (SEP). Morales Riub\u00ed destac\u00f3 que la Universidad Tecnol\u00f3gica de Tijuana (UTT) cuenta con la infraestructura y los laboratorios equipados para dar cumplimiento al modelo educativo, que es 70 por ciento pr\u00e1ctico, 30 por ciento te\u00f3rico, a fin de que los estudiantes reciban la preparaci\u00f3n conforme a lo que demanda el sector productivo. Adem\u00e1s, los alumnos de nuevo ingreso tendr\u00e1n la posibilidad de participar en actividades deportivas y culturales, como parte de su formaci\u00f3n integral. Los resultados del proceso de admisi\u00f3n pueden conocerse a trav\u00e9s del portal www.uttijuana.edu.mx.<\/p>\n","protected":false},"author":2,"featured_media":0,"parent":0,"menu_order":0,"comment_status":"closed","ping_status":"closed","template":"","meta":{"_monsterinsights_skip_tracking":false,"_monsterinsights_sitenote_active":false,"_monsterinsights_sitenote_note":"","_monsterinsights_sitenote_category":0,"_uf_show_specific_survey":0,"_uf_disable_surveys":false,"site-sidebar-layout":"no-sidebar","site-content-layout":"page-builder","ast-site-content-layout":"default","site-content-style":"default","site-sidebar-style":"default","ast-global-header-display":"","ast-banner-title-visibility":"","ast-main-header-display":"","ast-hfb-above-header-display":"","ast-hfb-below-header-display":"","ast-hfb-mobile-header-display":"","site-post-title":"disabled","ast-breadcrumbs-content":"","ast-featured-img":"disabled","footer-sml-layout":"","ast-disable-related-posts":"","theme-transparent-header-meta":"","adv-header-id-meta":"","stick-header-meta":"","header-above-stick-meta":"","header-main-stick-meta":"","header-below-stick-meta":"","astra-migrate-meta-layouts":"default","ast-page-background-enabled":"default","ast-page-background-meta":{"desktop":{"background-color":"","background-image":"","background-repeat":"repeat","background-position":"center center","background-size":"auto","background-attachment":"scroll","background-type":"","background-media":"","overlay-type":"","overlay-color":"","overlay-opacity":"","overlay-gradient":""},"tablet":{"background-color":"","background-image":"","background-repeat":"repeat","background-position":"center center","background-size":"auto","background-attachment":"scroll","background-type":"","background-media":"","overlay-type":"","overlay-color":"","overlay-opacity":"","overlay-gradient":""},"mobile":{"background-color":"","background-image":"","background-repeat":"repeat","background-position":"center center","background-size":"auto","background-attachment":"scroll","background-type":"","background-media":"","overlay-type":"","overlay-color":"","overlay-opacity":"","overlay-gradient":""}},"ast-content-background-meta":{"desktop":{"background-color":"var(--ast-global-color-5)","background-image":"","background-repeat":"repeat","background-position":"center center","background-size":"auto","background-attachment":"scroll","background-type":"","background-media":"","overlay-type":"","overlay-color":"","overlay-opacity":"","overlay-gradient":""},"tablet":{"background-color":"var(--ast-global-color-5)","background-image":"","background-repeat":"repeat","background-position":"center center","background-size":"auto","background-attachment":"scroll","background-type":"","background-media":"","overlay-type":"","overlay-color":"","overlay-opacity":"","overlay-gradient":""},"mobile":{"background-color":"var(--ast-global-color-5)","background-image":"","background-repeat":"repeat","background-position":"center center","background-size":"auto","background-attachment":"scroll","background-type":"","background-media":"","overlay-type":"","overlay-color":"","overlay-opacity":"","overlay-gradient":""}},"footnotes":""},"class_list":["post-9537","page","type-page","status-publish","hentry"],"_links":{"self":[{"href":"https:\/\/uttijuana.edu.mx\/index.php\/wp-json\/wp\/v2\/pages\/9537","targetHints":{"allow":["GET"]}}],"collection":[{"href":"https:\/\/uttijuana.edu.mx\/index.php\/wp-json\/wp\/v2\/pages"}],"about":[{"href":"https:\/\/uttijuana.edu.mx\/index.php\/wp-json\/wp\/v2\/types\/page"}],"author":[{"embeddable":true,"href":"https:\/\/uttijuana.edu.mx\/index.php\/wp-json\/wp\/v2\/users\/2"}],"replies":[{"embeddable":true,"href":"https:\/\/uttijuana.edu.mx\/index.php\/wp-json\/wp\/v2\/comments?post=9537"}],"version-history":[{"count":8,"href":"https:\/\/uttijuana.edu.mx\/index.php\/wp-json\/wp\/v2\/pages\/9537\/revisions"}],"predecessor-version":[{"id":9546,"href":"https:\/\/uttijuana.edu.mx\/index.php\/wp-json\/wp\/v2\/pages\/9537\/revisions\/9546"}],"wp:attachment":[{"href":"https:\/\/uttijuana.edu.mx\/index.php\/wp-json\/wp\/v2\/media?parent=9537"}],"curies":[{"name":"wp","href":"https:\/\/api.w.org\/{rel}","templated":true}]}}